{"id":3,"date":"2024-02-24T07:46:55","date_gmt":"2024-02-24T07:46:55","guid":{"rendered":"https:\/\/lynnhan.com\/?page_id=3"},"modified":"2024-12-18T10:36:41","modified_gmt":"2024-12-18T10:36:41","slug":"einkaskypnisstefna","status":"publish","type":"page","link":"https:\/\/lynnhan.com\/is\/einkaskypnisstefna\/","title":{"rendered":"Privacy Policy"},"content":{"rendered":"<div data-elementor-type=\"wp-page\" data-elementor-id=\"3\" class=\"elementor elementor-3\" data-elementor-post-type=\"page\">\n\t\t\t\t<div class=\"elementor-element elementor-element-e9b38ac e-flex e-con-boxed e-con e-parent\" data-id=\"e9b38ac\" data-element_type=\"container\">\n\t\t\t\t\t<div class=\"e-con-inner\">\n\t\t\t\t<div class=\"elementor-element elementor-element-83498b3 elementor-widget elementor-widget-image\" data-id=\"83498b3\" data-element_type=\"widget\" data-widget_type=\"image.default\">\n\t\t\t\t<div class=\"elementor-widget-container\">\n\t\t\t\t\t\t\t\t\t\t\t\t\t\t\t<img fetchpriority=\"high\" decoding=\"async\" width=\"1456\" height=\"816\" src=\"https:\/\/pub-78925c7bf9ca4c6d820df8293a5c116c.r2.dev\/2024\/12\/Privacy-Policy.webp\" class=\"attachment-full size-full wp-image-3315\" alt=\"All in One LED for\u00f0ast\u00fdrrandi skj\u00e1lftastofnun\" srcset=\"https:\/\/pub-78925c7bf9ca4c6d820df8293a5c116c.r2.dev\/2024\/12\/Privacy-Policy.webp 1456w, https:\/\/pub-78925c7bf9ca4c6d820df8293a5c116c.r2.dev\/2024\/12\/Privacy-Policy-700x392.webp 700w, https:\/\/pub-78925c7bf9ca4c6d820df8293a5c116c.r2.dev\/2024\/12\/Privacy-Policy-1024x574.webp 1024w, https:\/\/pub-78925c7bf9ca4c6d820df8293a5c116c.r2.dev\/2024\/12\/Privacy-Policy-768x430.webp 768w, https:\/\/pub-78925c7bf9ca4c6d820df8293a5c116c.r2.dev\/2024\/12\/Privacy-Policy-18x10.webp 18w, https:\/\/pub-78925c7bf9ca4c6d820df8293a5c116c.r2.dev\/2024\/12\/Privacy-Policy-1140x639.webp 1140w, https:\/\/pub-78925c7bf9ca4c6d820df8293a5c116c.r2.dev\/2024\/12\/Privacy-Policy-920x516.webp 920w, https:\/\/pub-78925c7bf9ca4c6d820df8293a5c116c.r2.dev\/2024\/12\/Privacy-Policy-575x322.webp 575w, https:\/\/pub-78925c7bf9ca4c6d820df8293a5c116c.r2.dev\/2024\/12\/Privacy-Policy-380x213.webp 380w, https:\/\/pub-78925c7bf9ca4c6d820df8293a5c116c.r2.dev\/2024\/12\/Privacy-Policy-1320x740.webp 1320w, https:\/\/pub-78925c7bf9ca4c6d820df8293a5c116c.r2.dev\/2024\/12\/Privacy-Policy-800x448.webp 800w\" sizes=\"(max-width: 1456px) 100vw, 1456px\" \/>\t\t\t\t\t\t\t\t\t\t\t\t\t\t\t<\/div>\n\t\t\t\t<\/div>\n\t\t\t\t\t<\/div>\n\t\t\t\t<\/div>\n\t\t<div class=\"elementor-element elementor-element-f7a3023 e-flex e-con-boxed e-con e-parent\" data-id=\"f7a3023\" data-element_type=\"container\">\n\t\t\t\t\t<div class=\"e-con-inner\">\n\t\t\t\t<div class=\"elementor-element elementor-element-77782203 elementor-widget elementor-widget-text-editor\" data-id=\"77782203\" data-element_type=\"widget\" data-widget_type=\"text-editor.default\">\n\t\t\t\t<div class=\"elementor-widget-container\">\n\t\t\t\t\t\t\t\t\t<h3>1. G\u00e6sluneyti reglun fyrir Lynnhan<\/h3>\n<p><strong>2. Virkandi dagsetning: 02\/28\/2024<br \/><\/strong><\/p>\n<p>3. Hos Lynnhan er vi fastir a\u00f0 vernda g\u00e6sluneyti \u00fe\u00ednu. \u00deessi g\u00e6sluneyti l\u00fdsir tegundum pers\u00f3nulegrar uppl\u00fdsinga sem vi\u00f0 safna, hvernig vi\u00f0 notast vi\u00f0 \u00fe\u00e6r, og a\u00f0gangi\u00f0 sem vi\u00f0 tekur til a\u00f0 tryggja a\u00f0 \u00fe\u00ednar uppl\u00fdsingar s\u00e9u vernda. Me\u00f0 a\u00f0 nota \u00fej\u00f3nusturnar og v\u00f6rurnar \u00fe\u00ednar, sam\u00feykkir \u00fe\u00fa a\u00f0 safna og nota uppl\u00fdsingar eftir \u00feessum reglunum.<\/p>\n<p><strong>4. Safn og Notkun Uppl\u00fdsinga<\/strong><\/p>\n<ul>\n<li><strong>5. Pers\u00f3nulegar Uppl\u00fdsingar<\/strong>6. : Vi\u00f0 safna pers\u00f3nulegar uppl\u00fdsingar eins og nafni\u00f0 \u00feitt, p\u00f3stfangi\u00f0 \u00feitt, s\u00edmarn\u00fameri\u00f0 \u00feitt og afhendingisfangi\u00f0 \u00feitt \u00feegar \u00fe\u00fa skr\u00e1ist \u00e1 s\u00ed\u00f0una okkar, setur \u00e1 p\u00f6ntun, skr\u00e1ist til oura dagbla\u00f0s e\u00f0a hengist okkur fyrir stu\u00f0ningi. \u00deessar uppl\u00fdsingar notast til a\u00f0 fullgjafa handt\u00f6ku, afhenda v\u00f6rur og \u00fej\u00f3nustur, og til a\u00f0 tala vi\u00f0 \u00fe\u00e9r.<\/li>\n<li><strong>7. Notkun D\u00e1ta<\/strong>8. : Vi\u00f0 getur einnig safna\u00f0 uppl\u00fdsingum um hvernig \u00fej\u00f3nusta er a\u00f0gengin og notu\u00f0 (\u201cNotkun D\u00e1ta\u201d). \u00deessar Notkun D\u00e1ta geta innih\u00e6ttir uppl\u00fdsingar eins og t\u00e6knilegu p\u00f3stfangi\u00f0 \u00e1 internetinu (t.d. IP-fangi\u00f0), tegundin \u00e1 vafri, \u00fatg\u00e1fu vafra, s\u00ed\u00f0urnar \u00e1 \u00fej\u00f3nustunni \u00fe\u00ednar sem \u00fe\u00fa hefur heims\u00f3tt, t\u00edma og dagsetningu \u00e1 heims\u00f3kninni, t\u00edma sem \u00fe\u00fa hefur veri\u00f0 \u00e1 \u00feessum s\u00ed\u00f0um, og a\u00f0rar sko\u00f0unaruppl\u00fdsingar.<\/li>\n<\/ul>\n<p><strong>9. K\u00f3k\u00ed og Sporingard\u00e1ta<\/strong><\/p>\n<p>10. Vi\u00f0 notast k\u00f3k\u00edum og heimildastrekkingart\u00e6kni til a\u00f0 fylgjast vi\u00f0 notkun \u00fej\u00f3nustunnar okkar og til a\u00f0 geyma nokkur uppl\u00fdsingar. K\u00f3k\u00ed eru skr\u00e1r me\u00f0 l\u00edtil miki\u00f0 af uppl\u00fdsingum sem geta innih\u00e6ttir \u00f3heimildara \u00f3n\u00fdttanlykja. \u00de\u00fa getur beitni\u00f0 vafri\u00f0 til a\u00f0 neita alla k\u00f3k\u00edum e\u00f0a til a\u00f0 gefa til kynna \u00feegar k\u00f3k\u00ed er sendur. En ef \u00fe\u00fa g\u00e6tir ekki sam\u00feykkja k\u00f3k\u00eda, g\u00e6tir \u00fe\u00fa ekki nota\u00f0ur sumar hlutverk \u00fej\u00f3nustunnar okkar.<\/p>\n<p><strong>11. Notkun D\u00e1ta<\/strong><\/p>\n<p>12. Lynnhan notast safna\u00f0um d\u00e1tum til mismunandi \u00e1\u00e6tlunar:<\/p>\n<ul>\n<li>13. Til a\u00f0 bera fram og haldi\u00f0 \u00e1 \u00fej\u00f3nustunni okkar<\/li>\n<li>14. Til a\u00f0 tilkynna \u00fe\u00e9r um breytingar \u00e1 \u00fej\u00f3nustunni okkar<\/li>\n<li>15. Til a\u00f0 leyfa \u00fe\u00e9r a\u00f0 taka \u00fe\u00e1tt \u00ed virkni\u00f0 vi\u00f0 \u00fej\u00f3nustuna okkar \u00feegar \u00fe\u00fa velur a\u00f0 gera \u00fea\u00f0<\/li>\n<li>16. Til a\u00f0 bera fram kunnf\u00e6ringastu\u00f0ning<\/li>\n<li>17. Til a\u00f0 n\u00e1lgast analyt\u00edskar e\u00f0a gagnlegar uppl\u00fdsingar til a\u00f0 b\u00e6ta vi\u00f0 \u00fej\u00f3nustunni okkar<\/li>\n<li>18. Til a\u00f0 fylgjast vi\u00f0 notkun \u00fej\u00f3nustunnar okkar<\/li>\n<li>19. Til a\u00f0 uppg\u00f6tna, for\u00f0ast og laga t\u00e6knilega vandam\u00e1l<\/li>\n<\/ul>\n<p><strong>20. Deiling og Afritun D\u00e1ta<\/strong><\/p>\n<p>21. Lynnhan mun ekki deila e\u00f0a afrita \u00fe\u00ednum uppl\u00fdsingum me\u00f0 ne\u00f0anum enn undirb\u00f3tum sem l\u00fdst er \u00ed \u00feessu g\u00e6sluneyti<\/p>\n<p><strong>Data Security<\/strong><\/p>\n<p>The security of your data is important to us, but remember that no method of transmission over the Internet or method of electronic storage is 100% secure. While we strive to use commercially acceptable means to protect your Personal Information, we cannot guarantee its absolute security.<\/p>\n<p><strong>Your Rights<\/strong><\/p>\n<p>You have the right to access, update, or delete the information we have on you. Whenever made possible, you can access, update or request deletion of your Personal Information directly within your account settings section. If you are unable to perform these actions yourself, please contact us to assist you.<\/p>\n<p><strong>Changes to This Privacy Policy<\/strong><\/p>\n<p>We may update our Privacy Policy from time to time. We will notify you of any changes by posting the new Privacy Policy on this page. You are advised to review this Privacy Policy periodically for any changes.<\/p>\n<p><strong>Contact Us<\/strong><\/p>\n<p>If you have any questions about this Privacy Policy, please contact us:<\/p>\n<ul>\n<li>By email: contact@xinxiangt.sg-host.com<\/li>\n<\/ul>\n<p>Your privacy is of paramount importance to Lynnhan, and we are committed to safeguarding the personal information you entrust to us.<\/p>\n\t\t\t\t\t\t\t\t<\/div>\n\t\t\t\t<\/div>\n\t\t\t\t\t<\/div>\n\t\t\t\t<\/div>\n\t\t\t\t<\/div>","protected":false},"excerpt":{"rendered":"<p>Privacy Policy for Lynnhan Effective Date: 02\/28\/2024 At Lynnhan, we are committed to protecting your privacy. This Privacy Policy outlines the types of personal information we collect, how we use [\u2026]<\/p>","protected":false},"author":1,"featured_media":0,"parent":0,"menu_order":0,"comment_status":"closed","ping_status":"open","template":"","meta":{"footnotes":""},"class_list":["post-3","page","type-page","status-publish","hentry"],"yoast_head":"<!-- This site is optimized with the Yoast SEO plugin v26.6 - https:\/\/yoast.com\/wordpress\/plugins\/seo\/ -->\n<title>Safeguard your privacy | Lynnhan Smart Display Manufacturer<\/title>\n<meta name=\"description\" content=\"Safeguard your privacy with LynnHan smart display manufacturer&#039;s policy. We&#039;re committed to protecting your information with care.\" \/>\n<meta name=\"robots\" content=\"index, follow, max-snippet:-1, max-image-preview:large, max-video-preview:-1\" \/>\n<link rel=\"canonical\" href=\"https:\/\/lynnhan.com\/is\/einkaskypnisstefna\/\" \/>\n<meta property=\"og:locale\" content=\"is_IS\" \/>\n<meta property=\"og:type\" content=\"article\" \/>\n<meta property=\"og:title\" content=\"Safeguard your privacy | Lynnhan Smart Display Manufacturer\" \/>\n<meta property=\"og:description\" content=\"Safeguard your privacy with LynnHan smart display manufacturer&#039;s policy. We&#039;re committed to protecting your information with care.\" \/>\n<meta property=\"og:url\" content=\"https:\/\/lynnhan.com\/is\/einkaskypnisstefna\/\" \/>\n<meta property=\"og:site_name\" content=\"Lynnhan - Trusted Supplier | LED\/OLED\/LCD\/E-paper digital signages\" \/>\n<meta property=\"article:modified_time\" content=\"2024-12-18T10:36:41+00:00\" \/>\n<meta property=\"og:image\" content=\"https:\/\/pub-78925c7bf9ca4c6d820df8293a5c116c.r2.dev\/2024\/12\/Privacy-Policy.webp\" \/>\n<meta name=\"twitter:card\" content=\"summary_large_image\" \/>\n<meta name=\"twitter:label1\" content=\"Est. reading time\" \/>\n\t<meta name=\"twitter:data1\" content=\"3 minutes\" \/>\n<script type=\"application\/ld+json\" class=\"yoast-schema-graph\">{\"@context\":\"https:\/\/schema.org\",\"@graph\":[{\"@type\":\"WebPage\",\"@id\":\"https:\/\/lynnhan.com\/en\/privacy-policy\/\",\"url\":\"https:\/\/lynnhan.com\/en\/privacy-policy\/\",\"name\":\"Safeguard your privacy | Lynnhan Smart Display Manufacturer\",\"isPartOf\":{\"@id\":\"https:\/\/lynnhan.com\/km\/#website\"},\"primaryImageOfPage\":{\"@id\":\"https:\/\/lynnhan.com\/en\/privacy-policy\/#primaryimage\"},\"image\":{\"@id\":\"https:\/\/lynnhan.com\/en\/privacy-policy\/#primaryimage\"},\"thumbnailUrl\":\"https:\/\/pub-78925c7bf9ca4c6d820df8293a5c116c.r2.dev\/2024\/12\/Privacy-Policy.webp\",\"datePublished\":\"2024-02-24T07:46:55+00:00\",\"dateModified\":\"2024-12-18T10:36:41+00:00\",\"description\":\"Safeguard your privacy with LynnHan smart display manufacturer's policy. We're committed to protecting your information with care.\",\"breadcrumb\":{\"@id\":\"https:\/\/lynnhan.com\/en\/privacy-policy\/#breadcrumb\"},\"inLanguage\":\"is\",\"potentialAction\":[{\"@type\":\"ReadAction\",\"target\":[\"https:\/\/lynnhan.com\/en\/privacy-policy\/\"]}]},{\"@type\":\"ImageObject\",\"inLanguage\":\"is\",\"@id\":\"https:\/\/lynnhan.com\/en\/privacy-policy\/#primaryimage\",\"url\":\"https:\/\/pub-78925c7bf9ca4c6d820df8293a5c116c.r2.dev\/2024\/12\/Privacy-Policy.webp\",\"contentUrl\":\"https:\/\/pub-78925c7bf9ca4c6d820df8293a5c116c.r2.dev\/2024\/12\/Privacy-Policy.webp\"},{\"@type\":\"BreadcrumbList\",\"@id\":\"https:\/\/lynnhan.com\/en\/privacy-policy\/#breadcrumb\",\"itemListElement\":[{\"@type\":\"ListItem\",\"position\":1,\"name\":\"Home\",\"item\":\"https:\/\/lynnhan.com\/\"},{\"@type\":\"ListItem\",\"position\":2,\"name\":\"Privacy Policy\"}]},{\"@type\":\"WebSite\",\"@id\":\"https:\/\/lynnhan.com\/km\/#website\",\"url\":\"https:\/\/lynnhan.com\/km\/\",\"name\":\"Lynnhan - Trusted Supplier | LED\/OLED\/LCD\/E-paper digital signages\",\"description\":\"Lynnhan - Trusted Supplier |  LED\/OLED\/LCD\/E-paper digital signages\",\"publisher\":{\"@id\":\"https:\/\/lynnhan.com\/km\/#organization\"},\"potentialAction\":[{\"@type\":\"SearchAction\",\"target\":{\"@type\":\"EntryPoint\",\"urlTemplate\":\"https:\/\/lynnhan.com\/km\/?s={search_term_string}\"},\"query-input\":{\"@type\":\"PropertyValueSpecification\",\"valueRequired\":true,\"valueName\":\"search_term_string\"}}],\"inLanguage\":\"is\"},{\"@type\":\"Organization\",\"@id\":\"https:\/\/lynnhan.com\/km\/#organization\",\"name\":\"Lynnhan - Trusted Supplier | LED\/OLED\/LCD\/E-paper digital signages\",\"url\":\"https:\/\/lynnhan.com\/km\/\",\"logo\":{\"@type\":\"ImageObject\",\"inLanguage\":\"is\",\"@id\":\"https:\/\/lynnhan.com\/km\/#\/schema\/logo\/image\/\",\"url\":\"https:\/\/pub-78925c7bf9ca4c6d820df8293a5c116c.r2.dev\/2024\/07\/LynnHan-logo3.png\",\"contentUrl\":\"https:\/\/pub-78925c7bf9ca4c6d820df8293a5c116c.r2.dev\/2024\/07\/LynnHan-logo3.png\",\"width\":390,\"height\":130,\"caption\":\"Lynnhan - Trusted Supplier | LED\/OLED\/LCD\/E-paper digital signages\"},\"image\":{\"@id\":\"https:\/\/lynnhan.com\/km\/#\/schema\/logo\/image\/\"}}]}<\/script>\n<!-- \/ Yoast SEO plugin. -->","yoast_head_json":{"title":"Ver\u00f0u varinn um einkaskypni\u00f0 | Lynnhan Smart Display Ger\u00f0andi","description":"Safeguard your privacy with LynnHan smart display manufacturer's policy.","robots":{"index":"index","follow":"follow","max-snippet":"max-snippet:-1","max-image-preview":"max-image-preview:large","max-video-preview":"max-video-preview:-1"},"canonical":"https:\/\/lynnhan.com\/is\/einkaskypnisstefna\/","og_locale":"is_IS","og_type":"article","og_title":"Safeguard your privacy | Lynnhan Smart Display Manufacturer","og_description":"Safeguard your privacy with LynnHan smart display manufacturer's policy. We're committed to protecting your information with care.","og_url":"https:\/\/lynnhan.com\/is\/einkaskypnisstefna\/","og_site_name":"Lynnhan - Trusted Supplier | LED\/OLED\/LCD\/E-paper digital signages","article_modified_time":"2024-12-18T10:36:41+00:00","og_image":[{"url":"https:\/\/pub-78925c7bf9ca4c6d820df8293a5c116c.r2.dev\/2024\/12\/Privacy-Policy.webp","type":"","width":"","height":""}],"twitter_card":"summary_large_image","twitter_misc":{"Est. reading time":"3 minutes"},"schema":{"@context":"https:\/\/schema.org","@graph":[{"@type":"WebPage","@id":"https:\/\/lynnhan.com\/en\/privacy-policy\/","url":"https:\/\/lynnhan.com\/en\/privacy-policy\/","name":"Ver\u00f0u varinn um einkaskypni\u00f0 | Lynnhan Smart Display Ger\u00f0andi","isPartOf":{"@id":"https:\/\/lynnhan.com\/km\/#website"},"primaryImageOfPage":{"@id":"https:\/\/lynnhan.com\/en\/privacy-policy\/#primaryimage"},"image":{"@id":"https:\/\/lynnhan.com\/en\/privacy-policy\/#primaryimage"},"thumbnailUrl":"https:\/\/pub-78925c7bf9ca4c6d820df8293a5c116c.r2.dev\/2024\/12\/Privacy-Policy.webp","datePublished":"2024-02-24T07:46:55+00:00","dateModified":"2024-12-18T10:36:41+00:00","description":"Safeguard your privacy with LynnHan smart display manufacturer's policy.","breadcrumb":{"@id":"https:\/\/lynnhan.com\/en\/privacy-policy\/#breadcrumb"},"inLanguage":"is","potentialAction":[{"@type":"ReadAction","target":["https:\/\/lynnhan.com\/en\/privacy-policy\/"]}]},{"@type":"ImageObject","inLanguage":"is","@id":"https:\/\/lynnhan.com\/en\/privacy-policy\/#primaryimage","url":"https:\/\/pub-78925c7bf9ca4c6d820df8293a5c116c.r2.dev\/2024\/12\/Privacy-Policy.webp","contentUrl":"https:\/\/pub-78925c7bf9ca4c6d820df8293a5c116c.r2.dev\/2024\/12\/Privacy-Policy.webp"},{"@type":"BreadcrumbList","@id":"https:\/\/lynnhan.com\/en\/privacy-policy\/#breadcrumb","itemListElement":[{"@type":"ListItem","position":1,"name":"Home","item":"https:\/\/lynnhan.com\/"},{"@type":"ListItem","position":2,"name":"Privacy Policy"}]},{"@type":"WebSite","@id":"https:\/\/lynnhan.com\/km\/#website","url":"https:\/\/lynnhan.com\/km\/","name":"Lynnhan - Tilverkari\u00f0 vi\u00f0 treystir | LED\/OLED\/LCD\/E-paper digitalsignar","description":"Lynnhan - Tilf\u00f6rlitleg for\u00f0a |  LED\/OLED\/LCD\/e-pap\u00edr digit\u00e1ln\u00ed sk\u00fdrslur","publisher":{"@id":"https:\/\/lynnhan.com\/km\/#organization"},"potentialAction":[{"@type":"SearchAction","target":{"@type":"EntryPoint","urlTemplate":"https:\/\/lynnhan.com\/km\/?s={search_term_string}"},"query-input":{"@type":"PropertyValueSpecification","valueRequired":true,"valueName":"search_term_string"}}],"inLanguage":"is"},{"@type":"Organization","@id":"https:\/\/lynnhan.com\/km\/#organization","name":"Lynnhan - Tilverkari\u00f0 vi\u00f0 treystir | LED\/OLED\/LCD\/E-paper digitalsignar","url":"https:\/\/lynnhan.com\/km\/","logo":{"@type":"ImageObject","inLanguage":"is","@id":"https:\/\/lynnhan.com\/km\/#\/schema\/logo\/image\/","url":"https:\/\/pub-78925c7bf9ca4c6d820df8293a5c116c.r2.dev\/2024\/07\/LynnHan-logo3.png","contentUrl":"https:\/\/pub-78925c7bf9ca4c6d820df8293a5c116c.r2.dev\/2024\/07\/LynnHan-logo3.png","width":390,"height":130,"caption":"Lynnhan - Trusted Supplier | LED\/OLED\/LCD\/E-paper digital signages"},"image":{"@id":"https:\/\/lynnhan.com\/km\/#\/schema\/logo\/image\/"}}]}},"jetpack_sharing_enabled":true,"_links":{"self":[{"href":"https:\/\/lynnhan.com\/is\/wp-json\/wp\/v2\/pages\/3","targetHints":{"allow":["GET"]}}],"collection":[{"href":"https:\/\/lynnhan.com\/is\/wp-json\/wp\/v2\/pages"}],"about":[{"href":"https:\/\/lynnhan.com\/is\/wp-json\/wp\/v2\/types\/page"}],"author":[{"embeddable":true,"href":"https:\/\/lynnhan.com\/is\/wp-json\/wp\/v2\/users\/1"}],"replies":[{"embeddable":true,"href":"https:\/\/lynnhan.com\/is\/wp-json\/wp\/v2\/comments?post=3"}],"version-history":[{"count":0,"href":"https:\/\/lynnhan.com\/is\/wp-json\/wp\/v2\/pages\/3\/revisions"}],"wp:attachment":[{"href":"https:\/\/lynnhan.com\/is\/wp-json\/wp\/v2\/media?parent=3"}],"curies":[{"name":"wp","href":"https:\/\/api.w.org\/{rel}","templated":true}]}}