{"id":601,"date":"2024-02-28T03:19:26","date_gmt":"2024-02-28T03:19:26","guid":{"rendered":"https:\/\/lynnhan.com\/?page_id=601"},"modified":"2024-12-18T10:32:06","modified_gmt":"2024-12-18T10:32:06","slug":"%d5%a1%d5%b7%d5%ad%d5%a1%d5%bf%d5%a1%d5%af%d5%a1%d6%80%d5%a3%d5%a1%d5%be%d5%b8%d6%80%d5%b8%d6%82%d5%a9%d5%b5%d5%b8%d6%82%d5%b6","status":"publish","type":"page","link":"https:\/\/lynnhan.com\/hy\/%d5%a1%d5%b7%d5%ad%d5%a1%d5%bf%d5%a1%d5%af%d5%a1%d6%80%d5%a3%d5%a1%d5%be%d5%b8%d6%80%d5%b8%d6%82%d5%a9%d5%b5%d5%b8%d6%82%d5%b6\/","title":{"rendered":"\u0533\u0578\u0580\u056e\u0576\u0561\u056f\u0561\u0576 \u056f\u0578\u0564"},"content":{"rendered":"<div data-elementor-type=\"wp-page\" data-elementor-id=\"601\" class=\"elementor elementor-601\" data-elementor-post-type=\"page\">\n\t\t\t\t<div class=\"elementor-element elementor-element-1f21eb2 e-flex e-con-boxed e-con e-parent\" data-id=\"1f21eb2\" data-element_type=\"container\">\n\t\t\t\t\t<div class=\"e-con-inner\">\n\t\t\t\t<div class=\"elementor-element elementor-element-bfcddf0 elementor-widget elementor-widget-image\" data-id=\"bfcddf0\" data-element_type=\"widget\" data-widget_type=\"image.default\">\n\t\t\t\t<div class=\"elementor-widget-container\">\n\t\t\t\t\t\t\t\t\t\t\t\t\t\t\t<img fetchpriority=\"high\" decoding=\"async\" width=\"1536\" height=\"768\" src=\"https:\/\/pub-78925c7bf9ca4c6d820df8293a5c116c.r2.dev\/2024\/12\/Code-Of-Conduct.webp\" class=\"attachment-full size-full wp-image-3311\" alt=\"All in One LED supplier Code of Conduct\" srcset=\"https:\/\/pub-78925c7bf9ca4c6d820df8293a5c116c.r2.dev\/2024\/12\/Code-Of-Conduct.webp 1536w, https:\/\/pub-78925c7bf9ca4c6d820df8293a5c116c.r2.dev\/2024\/12\/Code-Of-Conduct-700x350.webp 700w, https:\/\/pub-78925c7bf9ca4c6d820df8293a5c116c.r2.dev\/2024\/12\/Code-Of-Conduct-1024x512.webp 1024w, https:\/\/pub-78925c7bf9ca4c6d820df8293a5c116c.r2.dev\/2024\/12\/Code-Of-Conduct-768x384.webp 768w, https:\/\/pub-78925c7bf9ca4c6d820df8293a5c116c.r2.dev\/2024\/12\/Code-Of-Conduct-18x9.webp 18w, https:\/\/pub-78925c7bf9ca4c6d820df8293a5c116c.r2.dev\/2024\/12\/Code-Of-Conduct-1140x570.webp 1140w, https:\/\/pub-78925c7bf9ca4c6d820df8293a5c116c.r2.dev\/2024\/12\/Code-Of-Conduct-920x460.webp 920w, https:\/\/pub-78925c7bf9ca4c6d820df8293a5c116c.r2.dev\/2024\/12\/Code-Of-Conduct-575x288.webp 575w, https:\/\/pub-78925c7bf9ca4c6d820df8293a5c116c.r2.dev\/2024\/12\/Code-Of-Conduct-380x190.webp 380w, https:\/\/pub-78925c7bf9ca4c6d820df8293a5c116c.r2.dev\/2024\/12\/Code-Of-Conduct-1320x660.webp 1320w, https:\/\/pub-78925c7bf9ca4c6d820df8293a5c116c.r2.dev\/2024\/12\/Code-Of-Conduct-800x400.webp 800w\" sizes=\"(max-width: 1536px) 100vw, 1536px\" \/>\t\t\t\t\t\t\t\t\t\t\t\t\t\t\t<\/div>\n\t\t\t\t<\/div>\n\t\t\t\t\t<\/div>\n\t\t\t\t<\/div>\n\t\t<div class=\"elementor-element elementor-element-7b6aef8e e-flex e-con-boxed e-con e-parent\" data-id=\"7b6aef8e\" data-element_type=\"container\">\n\t\t\t\t\t<div class=\"e-con-inner\">\n\t\t\t\t<div class=\"elementor-element elementor-element-620072c1 elementor-widget elementor-widget-text-editor\" data-id=\"620072c1\" data-element_type=\"widget\" data-widget_type=\"text-editor.default\">\n\t\t\t\t<div class=\"elementor-widget-container\">\n\t\t\t\t\t\t\t\t\t\n<p><strong>1. \u053b\u0576\u057f\u0580\u0578\u0564\u0575\u0578\u0582\u056f\u0581\u056b\u0561<\/strong><\/p>\n\n\n\n<p>1. Lynnhan-\u0259d\u0259, ham biznesi aparan\u0131 \u0259n y\u00fcks\u0259k m\u0259suliyy\u0259t v\u0259 professionalistlik standartlar\u0131na \u0259sas\u0259n aparma\u011fa ba\u011flan\u0131q. Bu davran\u0131\u015f qaydas\u0131 i\u015f\u00e7il\u0259rimiz, partnerl\u0259rimiz v\u0259 yolda\u015flar\u0131m\u0131z \u00fc\u00e7\u00fcn bir qaydaya xidm\u0259t edir, biznes s\u0259yrimizin v\u0259 q\u0259rarverm\u0259 prosesl\u0259rimizin t\u0259rifi ed\u0259n prinsipl\u0259r v\u0259 standartlar\u0131 qeyd edir.<\/p>\n\n\n\n<p><strong>2. M\u0259suliyy\u0259timiz\u0259 Etibarl\u0131q<\/strong><\/p>\n\n\n\n<ul class=\"wp-block-list\">\n<li><strong>3. Etik Ticar\u0259t T\u0259cr\u00fcb\u0259l\u0259ri<\/strong>4. : Ham\u0131m\u0131z ticar\u0259ti etik v\u0259 etibarl\u0131 bir \u015f\u0259kild\u0259 aparma\u011fa, \u0259lav\u0259 olaraq, ham\u0131 t\u0259tbiq olunan qanun, qaydalar v\u0259 standartlara riay\u0259t etm\u0259y\u0259 ba\u011flan\u0131q.<\/li>\n\n\n\n<li><strong>Transparency<\/strong>5. : Ham\u0131m\u0131z ticar\u0259t \u0259laq\u0259l\u0259rind\u0259 a\u00e7\u0131ql\u0131q v\u0259 \u015f\u0259ff\u0259fiyy\u0259t t\u0259\u015fkil ed\u0259r\u0259k, m\u00fc\u015ft\u0259ril\u0259rimiz v\u0259 dig\u0259r m\u00fc\u0259yy\u0259nl\u0259r biznes prosesl\u0259rimizd\u0259 m\u0259lumatl\u0131 v\u0259 qat\u0131l\u0131ql\u0131 olmalar\u0131n\u0131 t\u0259min edir.<\/li>\n<\/ul>\n\n\n\n<p><strong>6. R\u0259hm v\u0259 Fairness<\/strong><\/p>\n\n\n\n<ul class=\"wp-block-list\">\n<li><strong>7. \u00c7e\u015fidlik v\u0259 T\u0259msilatl\u0131q<\/strong>8. : \u00c7e\u015fidliyi qiym\u0259tl\u0259ndiririk v\u0259 ham\u0131ya r\u0259hm v\u0259 m\u0259rhumiy\u0259 il\u0259 yax\u0131n bir m\u00fchit yaratma\u011fa ba\u011flan\u0131q.<\/li>\n\n\n\n<li><strong>9. Ha\u00e7\u0131r\u0131c\u0131 \u0130stismar Edilm\u0259z \u0130\u015f Yeri<\/strong>10. : Lynnhan ha\u00e7\u0131r\u0131c\u0131 istismar, ayr\u0131-se\u00e7ki v\u0259 ya h\u0259r hans\u0131 bir z\u0259r\u0259r formas\u0131 olmayan bir i\u015f yeri saxlama\u011fa h\u0259sr olunub. Ham\u0131 i\u015f\u00e7il\u0259r bu m\u00fcsb\u0259t v\u0259 r\u0259hm\u0259n i\u015f m\u00fchiti yaratma\u011fa qat\u0131lmal\u0131d\u0131rlar.<\/li>\n<\/ul>\n\n\n\n<p><strong>11. M\u0259suliyy\u0259t v\u0259 Sorumluluk<\/strong><\/p>\n\n\n\n<ul class=\"wp-block-list\">\n<li><strong>12. T\u0259nziml\u0259nm\u0259<\/strong>13. : Ham\u0131 i\u015f\u00e7il\u0259r v\u0259 partnerl\u0259r bu davran\u0131\u015f qaydas\u0131na, \u015firk\u0259t qaydalar\u0131na v\u0259 ham\u0131 t\u0259tbiq olunan qanun v\u0259 qaydalara riay\u0259t etm\u0259lidirl\u0259r.<\/li>\n\n\n\n<li><strong>14. Q\u0259z\u0259bl\u0259rin Bildirilm\u0259si<\/strong>15. : Ham\u0131m\u0131z etik olmayan davran\u0131\u015f v\u0259 bu davran\u0131\u015f qaydas\u0131n\u0131n q\u0259z\u0259bl\u0259rin\u0259 dair x\u0259b\u0259rdarl\u0131\u011f\u0131n\u0131 t\u0259\u015fvik edirik. Lynnhan h\u0259qiq\u0259t\u0259n m\u0259n\u0259vi q\u0259z\u0259bl\u0259ri bildir\u0259n \u015f\u0259xsl\u0259r\u0259 qar\u015f\u0131 qisas verilm\u0259y\u0259c\u0259yini t\u0259min edir.<\/li>\n<\/ul>\n\n\n\n<p><strong>16. M\u0259xfillik v\u0259 Gizlilik<\/strong><\/p>\n\n\n\n<ul class=\"wp-block-list\">\n<li><strong>17. M\u0259lumat\u0131n Qorunmas\u0131<\/strong>18. : Ham\u0131m\u0131z m\u00fc\u015ft\u0259ril\u0259rimiz, i\u015f\u00e7il\u0259rimiz v\u0259 partnerl\u0259rimizin m\u0259xfillik v\u0259 gizliliyini qoruma\u011fa ba\u011flan\u0131q. M\u0259lumat \u0259n \u00e7ox qorunma v\u0259 t\u0259hl\u00fck\u0259sizlikl\u0259 i\u015fl\u0259nilm\u0259lidir.<\/li>\n\n\n\n<li><strong>17. \u0645\u0627\u0644\u06a9\u06cc\u062a \u0641\u06a9\u0631\u06cc<\/strong>19. : Ham\u0131m\u0131z intellektual m\u00fclkiyy\u0259t h\u00fcquqlar\u0131n\u0131 t\u0259r\u0259qqi edirik v\u0259 i\u015f\u00e7il\u0259rimiz v\u0259 partnerl\u0259rimizd\u0259n d\u0259 eyni \u015f\u0259kild\u0259 t\u0259r\u0259qqi etm\u0259l\u0259rini g\u00f6zl\u0259yirik.<\/li>\n<\/ul>\n\n\n\n<p><strong>20. Qar\u015f\u0131l\u0131ql\u0131 Qay\u011f\u0131<\/strong><\/p>\n\n\n\n<ul class=\"wp-block-list\">\n<li><strong>21. Qar\u015f\u0131l\u0131ql\u0131 Qay\u011f\u0131dan Uzaqla\u015fmaq<\/strong>22. : \u0130\u015f\u00e7il\u0259r v\u0259 partnerl\u0259r \u00f6z \u015f\u0259xsi, maliyy\u0259 v\u0259 ya dig\u0259r maraqlar\u0131n\u0131 i\u015fl\u0259rini m\u00fc\u0259yy\u0259nliyy\u0259tli bir \u015f\u0259kild\u0259 yerin\u0259 yetirm\u0259y\u0259 mane olan h\u0259r hans\u0131 bir mara\u011f\u0131 saxlamaqla q<\/li>\n\n\n\n<li><strong>Disclosure<\/strong>: Any potential conflicts of interest should be disclosed to management for evaluation and guidance.<\/li>\n<\/ul>\n\n\n\n<p><strong>Environmental Responsibility<\/strong><\/p>\n\n\n\n<ul class=\"wp-block-list\">\n<li><strong>\u054d\u057f\u0561\u0562\u056b\u056c\u0578\u0582\u0569\u0575\u0578\u0582\u0576<\/strong>: Lynnhan is dedicated to sustainability and environmental stewardship. We strive to minimize our environmental impact and promote responsible practices across all areas of our business.<\/li>\n<\/ul>\n\n\n\n<p><strong>Community Engagement<\/strong><\/p>\n\n\n\n<ul class=\"wp-block-list\">\n<li><strong>Giving Back<\/strong>: We believe in giving back to the communities where we operate, fostering a spirit of service and volunteerism among our employees and partners.<\/li>\n<\/ul>\n\n\n\n<p><strong>Implementation and Enforcement<\/strong><\/p>\n\n\n\n<ul class=\"wp-block-list\">\n<li><strong>1. \u0534\u0561\u057d\u0561\u057e\u0561\u0576\u0564\u0578\u0582\u0574<\/strong>2. : \u0546\u0578\u0580 \u0561\u0577\u056d\u0561\u057f\u0561\u056f\u056b\u0581\u0576\u0565\u0580\u0568 \u057d\u057f\u0561\u0576\u0561\u0576 \u0561\u0575\u057d \u053f\u0578\u0564\u0565\u0584\u057d \u057e\u0561\u0580\u0584\u056b \u057e\u0580\u0561 \u0564\u0561\u057d\u0561\u057e\u0561\u0576\u0564\u0578\u0582\u0574, \u0578\u0580\u057a\u0565\u057d\u0566\u056b \u0576\u0584\u0576 \u056b \u057e\u056b\u0573\u0561\u056f\u056b \u056c\u056b\u0576\u0565\u0576 \u0570\u0561\u057d\u056f\u0561\u0576\u0561\u056c \u0587 \u0561\u0580\u0564\u0575\u0578\u0582\u0576\u0561\u057e\u0565\u057f\u0578\u0580\u0565\u0576 \u057a\u0561\u0570\u057a\u0561\u0576\u0565\u0576 \u0561\u0575\u057d \u057d\u056f\u0566\u0562\u0578\u0582\u0576\u0584\u0576\u0565\u0580\u0568.<\/li>\n\n\n\n<li><strong>3. \u0531\u0580\u0563\u0565\u056c\u0578\u0582\u0574<\/strong>4. : \u053f\u0578\u0564\u0565\u0584\u057d \u057e\u0561\u0580\u0584\u056b \u056d\u0561\u056d\u057f\u0578\u0582\u0574\u0576\u0565\u0580 \u057e\u0565\u0580\u0561\u0562\u0565\u0580\u057e\u0565\u056c\u0578\u0582 \u0565\u0576 \u0578\u0580\u057a\u0565\u057d \u057d\u0565\u0580\u056b\u0578\u0566 \u056f\u0561\u0580\u0563\u0561\u057e\u056b\u0580\u0578\u0582\u0569\u0575\u0578\u0582\u0576 \u0587 \u056f\u0561\u0580\u0578\u0572 \u0565\u0576 \u0570\u0561\u0576\u0563\u0565\u0581\u0576\u0565\u056c \u056f\u0561\u0580\u0563\u0561\u057e\u056b\u0580\u0578\u0582\u0569\u0575\u0561\u0576 \u0574\u056b\u057b\u0578\u0581\u0561\u057c\u0578\u0582\u0574\u0576\u0565\u0580\u056b, \u0576\u0565\u0580\u0561\u057c\u0575\u0561\u056c \u0561\u0577\u056d\u0561\u057f\u0561\u0576\u0584\u056b \u0568\u0576\u0564\u0570\u0561\u057f\u0578\u0582\u0574 \u056f\u0561\u0574 \u0563\u0578\u0580\u056e\u0568\u0576\u056f\u0565\u0580\u0578\u0582\u0569\u0575\u0561\u0576 \u0570\u0561\u0580\u0561\u0562\u0565\u0580\u0578\u0582\u0569\u0575\u0578\u0582\u0576\u0576\u0565\u0580\u056b \u0561\u057e\u0561\u0580\u057f\u056b\u0576.<\/li>\n<\/ul>\n\n\n\n<p><strong>At<\/strong><\/p>\n\n\n\n<p>5. \u053f\u0578\u0564\u0565\u0584\u057d \u057e\u0561\u0580\u0584 \u053c\u0575\u0578\u0582\u0576\u0570\u0561\u0576 \u0568\u0576\u056f\u0565\u0580\u0578\u0582\u0569\u0575\u0561\u0576 \u0561\u057c\u0561\u0584\u0565\u056c\u0578\u0582\u0569\u0575\u0561\u0576 \u056f\u0565\u0576\u057f\u0580\u0578\u0576 \u0567\u0589 \u0531\u0575\u057d \u057d\u056f\u0566\u0562\u0578\u0582\u0576\u0584\u0576\u0565\u0580\u056b \u0570\u0565\u057f \u0570\u0561\u0574\u0561\u057a\u0561\u057f\u0561\u057d\u056d\u0561\u0576\u0565\u056c\u0578\u057e, \u0574\u0565\u0576\u0584 \u057a\u0561\u0570\u057a\u0561\u0576\u0578\u0582\u0574 \u0565\u0576\u0584 \u056b\u0580\u0561\u0581\u056b\u0578\u0582\u0569\u0575\u0561\u0576 \u0570\u0561\u0574\u0562\u0561\u057e\u0568, \u0576\u0565\u0580\u0564\u0580\u0578\u0582\u0574 \u0565\u0576\u0584 \u0564\u0565\u057a\u056b \u0564\u0580\u0561\u056f\u0561\u0576 \u0561\u0577\u056d\u0561\u057f\u0561\u057e\u0561\u0580\u0571 \u0574\u0577\u0561\u056f\u0578\u0582\u0575<\/p>\n\t\t\t\t\t\t\t\t<\/div>\n\t\t\t\t<\/div>\n\t\t\t\t\t<\/div>\n\t\t\t\t<\/div>\n\t\t\t\t<\/div>","protected":false},"excerpt":{"rendered":"<p>Introduction At Lynnhan, we are committed to conducting our business according to the highest standards of integrity and professionalism. This Code of Conduct serves as a guide for our employees, [\u2026]<\/p>","protected":false},"author":1,"featured_media":0,"parent":0,"menu_order":0,"comment_status":"closed","ping_status":"closed","template":"","meta":{"footnotes":""},"class_list":["post-601","page","type-page","status-publish","hentry"],"yoast_head":"<!-- This site is optimized with the Yoast SEO plugin v26.6 - https:\/\/yoast.com\/wordpress\/plugins\/seo\/ -->\n<title>Code of Conduct-Lynnhan smart display factory<\/title>\n<meta name=\"description\" content=\"Lynnhan smart display factory&#039;s commits to ethics and integrity. Our code of conduct ensures a respectful and inclusive culture for all.\" \/>\n<meta name=\"robots\" content=\"index, follow, max-snippet:-1, max-image-preview:large, max-video-preview:-1\" \/>\n<link rel=\"canonical\" href=\"https:\/\/lynnhan.com\/hy\/\u0561\u0577\u056d\u0561\u057f\u0561\u056f\u0561\u0580\u0563\u0561\u057e\u0578\u0580\u0578\u0582\u0569\u0575\u0578\u0582\u0576\/\" \/>\n<meta property=\"og:locale\" content=\"en_US\" \/>\n<meta property=\"og:type\" content=\"article\" \/>\n<meta property=\"og:title\" content=\"Code of Conduct-Lynnhan smart display factory\" \/>\n<meta property=\"og:description\" content=\"Lynnhan smart display factory&#039;s commits to ethics and integrity. Our code of conduct ensures a respectful and inclusive culture for all.\" \/>\n<meta property=\"og:url\" content=\"https:\/\/lynnhan.com\/hy\/\u0561\u0577\u056d\u0561\u057f\u0561\u056f\u0561\u0580\u0563\u0561\u057e\u0578\u0580\u0578\u0582\u0569\u0575\u0578\u0582\u0576\/\" \/>\n<meta property=\"og:site_name\" content=\"Lynnhan - Trusted Supplier | LED\/OLED\/LCD\/E-paper digital signages\" \/>\n<meta property=\"article:modified_time\" content=\"2024-12-18T10:32:06+00:00\" \/>\n<meta property=\"og:image\" content=\"https:\/\/pub-78925c7bf9ca4c6d820df8293a5c116c.r2.dev\/2024\/12\/Code-Of-Conduct.webp\" \/>\n<meta name=\"twitter:card\" content=\"summary_large_image\" \/>\n<meta name=\"twitter:label1\" content=\"Est. reading time\" \/>\n\t<meta name=\"twitter:data1\" content=\"3 minutes\" \/>\n<script type=\"application\/ld+json\" class=\"yoast-schema-graph\">{\"@context\":\"https:\/\/schema.org\",\"@graph\":[{\"@type\":\"WebPage\",\"@id\":\"https:\/\/lynnhan.com\/ja\/%e8%a1%8c%e5%8b%95%e8%a6%8f%e7%af%84\/\",\"url\":\"https:\/\/lynnhan.com\/ja\/%e8%a1%8c%e5%8b%95%e8%a6%8f%e7%af%84\/\",\"name\":\"Code of Conduct-Lynnhan smart display factory\",\"isPartOf\":{\"@id\":\"https:\/\/lynnhan.com\/km\/#website\"},\"primaryImageOfPage\":{\"@id\":\"https:\/\/lynnhan.com\/ja\/%e8%a1%8c%e5%8b%95%e8%a6%8f%e7%af%84\/#primaryimage\"},\"image\":{\"@id\":\"https:\/\/lynnhan.com\/ja\/%e8%a1%8c%e5%8b%95%e8%a6%8f%e7%af%84\/#primaryimage\"},\"thumbnailUrl\":\"https:\/\/pub-78925c7bf9ca4c6d820df8293a5c116c.r2.dev\/2024\/12\/Code-Of-Conduct.webp\",\"datePublished\":\"2024-02-28T03:19:26+00:00\",\"dateModified\":\"2024-12-18T10:32:06+00:00\",\"description\":\"Lynnhan smart display factory's commits to ethics and integrity. Our code of conduct ensures a respectful and inclusive culture for all.\",\"breadcrumb\":{\"@id\":\"https:\/\/lynnhan.com\/ja\/%e8%a1%8c%e5%8b%95%e8%a6%8f%e7%af%84\/#breadcrumb\"},\"inLanguage\":\"hy-AM\",\"potentialAction\":[{\"@type\":\"ReadAction\",\"target\":[\"https:\/\/lynnhan.com\/ja\/%e8%a1%8c%e5%8b%95%e8%a6%8f%e7%af%84\/\"]}]},{\"@type\":\"ImageObject\",\"inLanguage\":\"hy-AM\",\"@id\":\"https:\/\/lynnhan.com\/ja\/%e8%a1%8c%e5%8b%95%e8%a6%8f%e7%af%84\/#primaryimage\",\"url\":\"https:\/\/pub-78925c7bf9ca4c6d820df8293a5c116c.r2.dev\/2024\/12\/Code-Of-Conduct.webp\",\"contentUrl\":\"https:\/\/pub-78925c7bf9ca4c6d820df8293a5c116c.r2.dev\/2024\/12\/Code-Of-Conduct.webp\"},{\"@type\":\"BreadcrumbList\",\"@id\":\"https:\/\/lynnhan.com\/ja\/%e8%a1%8c%e5%8b%95%e8%a6%8f%e7%af%84\/#breadcrumb\",\"itemListElement\":[{\"@type\":\"ListItem\",\"position\":1,\"name\":\"Home\",\"item\":\"https:\/\/lynnhan.com\/\"},{\"@type\":\"ListItem\",\"position\":2,\"name\":\"Code Of Conduct\"}]},{\"@type\":\"WebSite\",\"@id\":\"https:\/\/lynnhan.com\/km\/#website\",\"url\":\"https:\/\/lynnhan.com\/km\/\",\"name\":\"Lynnhan - Trusted Supplier | LED\/OLED\/LCD\/E-paper digital signages\",\"description\":\"Lynnhan - Trusted Supplier |  LED\/OLED\/LCD\/E-paper digital signages\",\"publisher\":{\"@id\":\"https:\/\/lynnhan.com\/km\/#organization\"},\"potentialAction\":[{\"@type\":\"SearchAction\",\"target\":{\"@type\":\"EntryPoint\",\"urlTemplate\":\"https:\/\/lynnhan.com\/km\/?s={search_term_string}\"},\"query-input\":{\"@type\":\"PropertyValueSpecification\",\"valueRequired\":true,\"valueName\":\"search_term_string\"}}],\"inLanguage\":\"hy-AM\"},{\"@type\":\"Organization\",\"@id\":\"https:\/\/lynnhan.com\/km\/#organization\",\"name\":\"Lynnhan - Trusted Supplier | LED\/OLED\/LCD\/E-paper digital signages\",\"url\":\"https:\/\/lynnhan.com\/km\/\",\"logo\":{\"@type\":\"ImageObject\",\"inLanguage\":\"hy-AM\",\"@id\":\"https:\/\/lynnhan.com\/km\/#\/schema\/logo\/image\/\",\"url\":\"https:\/\/pub-78925c7bf9ca4c6d820df8293a5c116c.r2.dev\/2024\/07\/LynnHan-logo3.png\",\"contentUrl\":\"https:\/\/pub-78925c7bf9ca4c6d820df8293a5c116c.r2.dev\/2024\/07\/LynnHan-logo3.png\",\"width\":390,\"height\":130,\"caption\":\"Lynnhan - Trusted Supplier | LED\/OLED\/LCD\/E-paper digital signages\"},\"image\":{\"@id\":\"https:\/\/lynnhan.com\/km\/#\/schema\/logo\/image\/\"}}]}<\/script>\n<!-- \/ Yoast SEO plugin. -->","yoast_head_json":{"title":"\u0531\u0577\u056d\u0561\u057f\u0561\u056f\u0561\u0580\u0563\u0561\u057e\u0578\u0580\u0578\u0582\u0569\u0575\u0578\u0582\u0576-\u053c\u0575\u0578\u0582\u0576\u0570\u0561\u0576 \u057d\u0574\u0561\u0580\u057f \u0564\u056b\u057d\u057a\u056c\u0565\u0575 \u0563\u0578\u0580\u056e\u0561\u0580\u0561\u0576","description":"Lynnhan \u0570\u0561\u0574\u0561\u0580\u0571\u0561\u056f \u0581\u0578\u0582\u0581\u0561\u0564\u0580\u0561\u056f\u0561\u0576 \u0563\u0578\u0580\u056e\u0561\u0580\u0561\u0576\u056b \u057a\u0561\u0580\u057f\u0584\u0576 \u0567 \u0567\u0569\u056b\u056f\u0561\u0575\u056b \u0587 \u0570\u0561\u0574\u0562\u0578\u0572\u0561\u056f\u0561\u0576\u0578\u0582\u0569\u0575\u0561\u0576 \u0576\u056f\u0561\u057f\u0574\u0561\u0574\u0562. \u0544\u0565\u0580 \u057e\u0561\u0580\u0584\u0561\u0563\u056b\u0580 \u0561\u057a\u0561\u0570\u0578\u057e\u0578\u0582\u0574 \u0567 \u0562\u0578\u056c\u0578\u0580\u056b \u0570\u0561\u0574\u0561\u0580 \u0576\u056f\u0561\u057f\u0574\u0561\u0574\u0562 \u0576\u0565\u0580\u0564\u0561\u0577\u0576\u0561\u056f \u0587 \u0568\u0576\u0564\u0578\u0582\u0576\u0578\u0572 \u0574\u0577\u0561\u056f\u0578\u0582\u0575\u0569\u0589","robots":{"index":"index","follow":"follow","max-snippet":"max-snippet:-1","max-image-preview":"max-image-preview:large","max-video-preview":"max-video-preview:-1"},"canonical":"https:\/\/lynnhan.com\/hy\/\u0561\u0577\u056d\u0561\u057f\u0561\u056f\u0561\u0580\u0563\u0561\u057e\u0578\u0580\u0578\u0582\u0569\u0575\u0578\u0582\u0576\/","og_locale":"en_US","og_type":"article","og_title":"Code of Conduct-Lynnhan smart display factory","og_description":"Lynnhan smart display factory's commits to ethics and integrity. Our code of conduct ensures a respectful and inclusive culture for all.","og_url":"https:\/\/lynnhan.com\/hy\/\u0561\u0577\u056d\u0561\u057f\u0561\u056f\u0561\u0580\u0563\u0561\u057e\u0578\u0580\u0578\u0582\u0569\u0575\u0578\u0582\u0576\/","og_site_name":"Lynnhan - Trusted Supplier | LED\/OLED\/LCD\/E-paper digital signages","article_modified_time":"2024-12-18T10:32:06+00:00","og_image":[{"url":"https:\/\/pub-78925c7bf9ca4c6d820df8293a5c116c.r2.dev\/2024\/12\/Code-Of-Conduct.webp","type":"","width":"","height":""}],"twitter_card":"summary_large_image","twitter_misc":{"Est. reading time":"3 minutes"},"schema":{"@context":"https:\/\/schema.org","@graph":[{"@type":"WebPage","@id":"https:\/\/lynnhan.com\/ja\/%e8%a1%8c%e5%8b%95%e8%a6%8f%e7%af%84\/","url":"https:\/\/lynnhan.com\/ja\/%e8%a1%8c%e5%8b%95%e8%a6%8f%e7%af%84\/","name":"\u0531\u0577\u056d\u0561\u057f\u0561\u056f\u0561\u0580\u0563\u0561\u057e\u0578\u0580\u0578\u0582\u0569\u0575\u0578\u0582\u0576-\u053c\u0575\u0578\u0582\u0576\u0570\u0561\u0576 \u057d\u0574\u0561\u0580\u057f \u0564\u056b\u057d\u057a\u056c\u0565\u0575 \u0563\u0578\u0580\u056e\u0561\u0580\u0561\u0576","isPartOf":{"@id":"https:\/\/lynnhan.com\/km\/#website"},"primaryImageOfPage":{"@id":"https:\/\/lynnhan.com\/ja\/%e8%a1%8c%e5%8b%95%e8%a6%8f%e7%af%84\/#primaryimage"},"image":{"@id":"https:\/\/lynnhan.com\/ja\/%e8%a1%8c%e5%8b%95%e8%a6%8f%e7%af%84\/#primaryimage"},"thumbnailUrl":"https:\/\/pub-78925c7bf9ca4c6d820df8293a5c116c.r2.dev\/2024\/12\/Code-Of-Conduct.webp","datePublished":"2024-02-28T03:19:26+00:00","dateModified":"2024-12-18T10:32:06+00:00","description":"Lynnhan \u0570\u0561\u0574\u0561\u0580\u0571\u0561\u056f \u0581\u0578\u0582\u0581\u0561\u0564\u0580\u0561\u056f\u0561\u0576 \u0563\u0578\u0580\u056e\u0561\u0580\u0561\u0576\u056b \u057a\u0561\u0580\u057f\u0584\u0576 \u0567 \u0567\u0569\u056b\u056f\u0561\u0575\u056b \u0587 \u0570\u0561\u0574\u0562\u0578\u0572\u0561\u056f\u0561\u0576\u0578\u0582\u0569\u0575\u0561\u0576 \u0576\u056f\u0561\u057f\u0574\u0561\u0574\u0562. \u0544\u0565\u0580 \u057e\u0561\u0580\u0584\u0561\u0563\u056b\u0580 \u0561\u057a\u0561\u0570\u0578\u057e\u0578\u0582\u0574 \u0567 \u0562\u0578\u056c\u0578\u0580\u056b \u0570\u0561\u0574\u0561\u0580 \u0576\u056f\u0561\u057f\u0574\u0561\u0574\u0562 \u0576\u0565\u0580\u0564\u0561\u0577\u0576\u0561\u056f \u0587 \u0568\u0576\u0564\u0578\u0582\u0576\u0578\u0572 \u0574\u0577\u0561\u056f\u0578\u0582\u0575\u0569\u0589","breadcrumb":{"@id":"https:\/\/lynnhan.com\/ja\/%e8%a1%8c%e5%8b%95%e8%a6%8f%e7%af%84\/#breadcrumb"},"inLanguage":"hy-AM","potentialAction":[{"@type":"ReadAction","target":["https:\/\/lynnhan.com\/ja\/%e8%a1%8c%e5%8b%95%e8%a6%8f%e7%af%84\/"]}]},{"@type":"ImageObject","inLanguage":"hy-AM","@id":"https:\/\/lynnhan.com\/ja\/%e8%a1%8c%e5%8b%95%e8%a6%8f%e7%af%84\/#primaryimage","url":"https:\/\/pub-78925c7bf9ca4c6d820df8293a5c116c.r2.dev\/2024\/12\/Code-Of-Conduct.webp","contentUrl":"https:\/\/pub-78925c7bf9ca4c6d820df8293a5c116c.r2.dev\/2024\/12\/Code-Of-Conduct.webp"},{"@type":"BreadcrumbList","@id":"https:\/\/lynnhan.com\/ja\/%e8%a1%8c%e5%8b%95%e8%a6%8f%e7%af%84\/#breadcrumb","itemListElement":[{"@type":"ListItem","position":1,"name":"Home","item":"https:\/\/lynnhan.com\/"},{"@type":"ListItem","position":2,"name":"Code Of Conduct"}]},{"@type":"WebSite","@id":"https:\/\/lynnhan.com\/km\/#website","url":"https:\/\/lynnhan.com\/km\/","name":"Lynnhan - \u0259v\u0259tquv Yerli T\u0259chizat\u00e7i | LED\/OLED\/LCD\/E-paper digital \u015f\u0259rhl\u0259r","description":"Lynnhan - \u0561\u057e\u0561\u057f\u0561\u0580\u056b \u0574\u0561\u057f\u0561\u056f\u0561\u0580\u0561\u0580 | LED\/OLED\/LCD\/E-paper \u0564\u056b\u057b\u056b\u057f\u0561\u056c \u0581\u0578\u0582\u0581\u0561\u0564\u0580\u056b\u0579\u0576\u0565\u0580","publisher":{"@id":"https:\/\/lynnhan.com\/km\/#organization"},"potentialAction":[{"@type":"SearchAction","target":{"@type":"EntryPoint","urlTemplate":"https:\/\/lynnhan.com\/km\/?s={search_term_string}"},"query-input":{"@type":"PropertyValueSpecification","valueRequired":true,"valueName":"search_term_string"}}],"inLanguage":"hy-AM"},{"@type":"Organization","@id":"https:\/\/lynnhan.com\/km\/#organization","name":"Lynnhan - \u0259v\u0259tquv Yerli T\u0259chizat\u00e7i | LED\/OLED\/LCD\/E-paper digital \u015f\u0259rhl\u0259r","url":"https:\/\/lynnhan.com\/km\/","logo":{"@type":"ImageObject","inLanguage":"hy-AM","@id":"https:\/\/lynnhan.com\/km\/#\/schema\/logo\/image\/","url":"https:\/\/pub-78925c7bf9ca4c6d820df8293a5c116c.r2.dev\/2024\/07\/LynnHan-logo3.png","contentUrl":"https:\/\/pub-78925c7bf9ca4c6d820df8293a5c116c.r2.dev\/2024\/07\/LynnHan-logo3.png","width":390,"height":130,"caption":"Lynnhan - Trusted Supplier | LED\/OLED\/LCD\/E-paper digital signages"},"image":{"@id":"https:\/\/lynnhan.com\/km\/#\/schema\/logo\/image\/"}}]}},"jetpack_sharing_enabled":true,"_links":{"self":[{"href":"https:\/\/lynnhan.com\/hy\/wp-json\/wp\/v2\/pages\/601","targetHints":{"allow":["GET"]}}],"collection":[{"href":"https:\/\/lynnhan.com\/hy\/wp-json\/wp\/v2\/pages"}],"about":[{"href":"https:\/\/lynnhan.com\/hy\/wp-json\/wp\/v2\/types\/page"}],"author":[{"embeddable":true,"href":"https:\/\/lynnhan.com\/hy\/wp-json\/wp\/v2\/users\/1"}],"replies":[{"embeddable":true,"href":"https:\/\/lynnhan.com\/hy\/wp-json\/wp\/v2\/comments?post=601"}],"version-history":[{"count":0,"href":"https:\/\/lynnhan.com\/hy\/wp-json\/wp\/v2\/pages\/601\/revisions"}],"wp:attachment":[{"href":"https:\/\/lynnhan.com\/hy\/wp-json\/wp\/v2\/media?parent=601"}],"curies":[{"name":"wp","href":"https:\/\/api.w.org\/{rel}","templated":true}]}}