{"id":603,"date":"2024-02-28T03:02:21","date_gmt":"2024-02-28T03:02:21","guid":{"rendered":"https:\/\/lynnhan.com\/?page_id=603"},"modified":"2024-12-18T10:29:55","modified_gmt":"2024-12-18T10:29:55","slug":"szolgaltatasi-feltetelek","status":"publish","type":"page","link":"https:\/\/lynnhan.com\/hu\/szolgaltatasi-feltetelek\/","title":{"rendered":"Szolg\u00e1ltat\u00e1si felt\u00e9telek"},"content":{"rendered":"<div data-elementor-type=\"wp-page\" data-elementor-id=\"603\" class=\"elementor elementor-603\" data-elementor-post-type=\"page\">\n\t\t\t\t<div class=\"elementor-element elementor-element-15d4236 e-flex e-con-boxed e-con e-parent\" data-id=\"15d4236\" data-element_type=\"container\">\n\t\t\t\t\t<div class=\"e-con-inner\">\n\t\t\t\t<div class=\"elementor-element elementor-element-86e3659 elementor-widget elementor-widget-image\" data-id=\"86e3659\" data-element_type=\"widget\" data-widget_type=\"image.default\">\n\t\t\t\t<div class=\"elementor-widget-container\">\n\t\t\t\t\t\t\t\t\t\t\t\t\t\t\t<img fetchpriority=\"high\" decoding=\"async\" width=\"1456\" height=\"816\" src=\"https:\/\/pub-78925c7bf9ca4c6d820df8293a5c116c.r2.dev\/2024\/12\/Terms-Of-Service.webp\" class=\"attachment-full size-full wp-image-3307\" alt=\"Mindennapi LED Szolg\u00e1ltat\u00e1si Felt\u00e9telek\" srcset=\"https:\/\/pub-78925c7bf9ca4c6d820df8293a5c116c.r2.dev\/2024\/12\/Terms-Of-Service.webp 1456w, https:\/\/pub-78925c7bf9ca4c6d820df8293a5c116c.r2.dev\/2024\/12\/Terms-Of-Service-700x392.webp 700w, https:\/\/pub-78925c7bf9ca4c6d820df8293a5c116c.r2.dev\/2024\/12\/Terms-Of-Service-1024x574.webp 1024w, https:\/\/pub-78925c7bf9ca4c6d820df8293a5c116c.r2.dev\/2024\/12\/Terms-Of-Service-768x430.webp 768w, https:\/\/pub-78925c7bf9ca4c6d820df8293a5c116c.r2.dev\/2024\/12\/Terms-Of-Service-18x10.webp 18w, https:\/\/pub-78925c7bf9ca4c6d820df8293a5c116c.r2.dev\/2024\/12\/Terms-Of-Service-1140x639.webp 1140w, https:\/\/pub-78925c7bf9ca4c6d820df8293a5c116c.r2.dev\/2024\/12\/Terms-Of-Service-920x516.webp 920w, https:\/\/pub-78925c7bf9ca4c6d820df8293a5c116c.r2.dev\/2024\/12\/Terms-Of-Service-575x322.webp 575w, https:\/\/pub-78925c7bf9ca4c6d820df8293a5c116c.r2.dev\/2024\/12\/Terms-Of-Service-380x213.webp 380w, https:\/\/pub-78925c7bf9ca4c6d820df8293a5c116c.r2.dev\/2024\/12\/Terms-Of-Service-1320x740.webp 1320w, https:\/\/pub-78925c7bf9ca4c6d820df8293a5c116c.r2.dev\/2024\/12\/Terms-Of-Service-800x448.webp 800w\" sizes=\"(max-width: 1456px) 100vw, 1456px\" \/>\t\t\t\t\t\t\t\t\t\t\t\t\t\t\t<\/div>\n\t\t\t\t<\/div>\n\t\t\t\t\t<\/div>\n\t\t\t\t<\/div>\n\t\t<div class=\"elementor-element elementor-element-c870f31 e-flex e-con-boxed e-con e-parent\" data-id=\"c870f31\" data-element_type=\"container\">\n\t\t\t\t\t<div class=\"e-con-inner\">\n\t\t\t\t<div class=\"elementor-element elementor-element-1d30a00 elementor-widget elementor-widget-text-editor\" data-id=\"1d30a00\" data-element_type=\"widget\" data-widget_type=\"text-editor.default\">\n\t\t\t\t<div class=\"elementor-widget-container\">\n\t\t\t\t\t\t\t\t\t<h3>1. Szolg\u00e1ltat\u00e1si felt\u00e9telek a Lynnhan sz\u00e1m\u00e1ra<\/h3><p><strong>2. \u00dcdv\u00f6z\u00f6lj\u00fck a Lynnhan oldalon<\/strong><\/p><p>3. K\u00f6sz\u00f6nj\u00fck, hogy a Lynnhan-t v\u00e1lasztottad okos technol\u00f3giai ig\u00e9nyeid kiel\u00e9g\u00edt\u00e9s\u00e9re. Weboldalunk, term\u00e9keink \u00e9s szolg\u00e1ltat\u00e1saink el\u00e9r\u00e9s\u00e9vel \u00e9s haszn\u00e1lat\u00e1val elfogadod, hogy megfelelsz \u00e9s k\u00f6t\u0151d\u00f6ssz a k\u00f6vetkez\u0151 szolg\u00e1ltat\u00e1si felt\u00e9telekhez. Ezek a felt\u00e9telek minden felhaszn\u00e1l\u00f3ra, l\u00e1togat\u00f3ra \u00e9s m\u00e1sokra vonatkoznak, akik hozz\u00e1f\u00e9rnek vagy haszn\u00e1lj\u00e1k a Szolg\u00e1ltat\u00e1st. K\u00e9rj\u00fck, olvassa el alaposan ezeket a felt\u00e9teleket, miel\u0151tt szolg\u00e1ltat\u00e1sainkat haszn\u00e1lja.<\/p><p><strong>4. Szolg\u00e1ltat\u00e1saink haszn\u00e1lata<\/strong><\/p><ul><li><strong>5. Sz\u00fcks\u00e9ges felt\u00e9telek<\/strong>6. : Legal\u00e1bb 18 \u00e9vesnek kell lenned, hogy haszn\u00e1lhassa szolg\u00e1ltat\u00e1sainkat, vagy ha a hat\u00f3s\u00e1godban gyermekk\u00e9nt vagy, jogilag megfelel\u0151 sz\u00fcl\u0151i vagy gondvisel\u0151i hozz\u00e1j\u00e1rul\u00e1ssal.<\/li><li><strong>7. Haszn\u00e1lati enged\u00e9ly<\/strong>8. : A Lynnhan egy korl\u00e1tozott, nem kiz\u00e1r\u00f3lagos, nem \u00e1truh\u00e1zhat\u00f3 enged\u00e9lyt ad \u00d6nnek, hogy hozz\u00e1f\u00e9rjen \u00e9s haszn\u00e1lja szolg\u00e1ltat\u00e1sainkat mag\u00e1n- vagy bels\u0151 \u00fczleti c\u00e9lra, ezek a Szolg\u00e1ltat\u00e1si Felt\u00e9telek hat\u00e1lya alatt.<\/li><li><strong>9. Felhaszn\u00e1l\u00f3i fi\u00f3k regisztr\u00e1ci\u00f3ja<\/strong>10. : Szolg\u00e1ltat\u00e1saink egyes r\u00e9szei felhaszn\u00e1l\u00f3i fi\u00f3k l\u00e9trehoz\u00e1s\u00e1t ig\u00e9nylik. Felel\u0151s vagy fi\u00f3k adataid titokban tart\u00e1s\u00e1\u00e9rt, valamint minden olyan tev\u00e9kenys\u00e9g\u00e9rt, amely a fi\u00f3kod alatt t\u00f6rt\u00e9nik.<\/li><\/ul><p><strong>11. Tilos tev\u00e9kenys\u00e9gek<\/strong><\/p><p>12. Meg\u00e1llapod\u00e1s a tilos tev\u00e9kenys\u00e9gekben:<\/p><ul><li>13. A szolg\u00e1ltat\u00e1s b\u00e1rmilyen jogellenes c\u00e9lra vagy b\u00e1rmely helyi, \u00e1llami, nemzeti vagy nemzetk\u00f6zi t\u00f6rv\u00e9ny megs\u00e9rt\u00e9s\u00e9vel val\u00f3 haszn\u00e1lata.<\/li><li>14. A szolg\u00e1ltat\u00e1s biztons\u00e1g\u00e1nak megs\u00e9rt\u00e9se vagy megpr\u00f3b\u00e1l\u00e1sa annak megs\u00e9rt\u00e9se.<\/li><li>15. A szolg\u00e1ltat\u00e1s haszn\u00e1lata malware vagy rosszindulat\u00fa tartalom terjeszt\u00e9s\u00e9re.<\/li><li>16. A Lynnhan vagy harmadik f\u00e9l szellemi tulajdonjog\u00e1nak vagy saj\u00e1t jog\u00e1nak megs\u00e9rt\u00e9se.<\/li><\/ul><p><strong>20. Szellemi Tulajdonjog<\/strong><\/p><p>17. Szolg\u00e1ltat\u00e1saink minden tartalma, bele\u00e9rtve de nem kiz\u00e1r\u00f3lag a sz\u00f6veget, grafik\u00e1kat, log\u00f3kat, k\u00e9peket \u00e9s szoftvereket, a Lynnhan vagy tartalomszolg\u00e1ltat\u00f3inak tulajdon\u00e1t k\u00e9pezi \u00e9s nemzetk\u00f6zi szerz\u0151i- \u00e9s szellemi tulajdonjogok v\u00e9delme alatt \u00e1ll.<\/p><p><strong>18. Felhaszn\u00e1l\u00f3i tartalom<\/strong><\/p><p>19. Ha b\u00e1rmilyen tartalmat k\u00f6z\u00f6l, felt\u00f6lts vagy m\u00e1s m\u00f3don tesz el\u00e9rhet\u0151v\u00e9 szolg\u00e1ltat\u00e1sainkon, jogot ad a Lynnhan-nak, hogy nem kiz\u00e1r\u00f3lagos, vil\u00e1gszerte \u00e9rv\u00e9nyes, d\u00edjmentes enged\u00e9lyt kapjon a tartalom haszn\u00e1lat\u00e1ra, m\u00e1sol\u00e1s\u00e1ra, m\u00f3dos\u00edt\u00e1s\u00e1ra \u00e9s megjelen\u00edt\u00e9s\u00e9re a szolg\u00e1ltat\u00e1s ny\u00fajt\u00e1sa sor\u00e1n.<\/p><p><strong>20. Bont\u00e1s<\/strong><\/p><p>21. A Lynnhan jog\u00e1t fenntartja, hogy el\u0151zetes \u00e9rtes\u00edt\u00e9s n\u00e9lk\u00fcl \u00e9s felel\u0151ss\u00e9g n\u00e9lk\u00fcl b\u00e1rmikor megsz\u00fcntesse vagy felf\u00fcggessze hozz\u00e1f\u00e9r\u00e9sedet szolg\u00e1ltat\u00e1sainkhoz, b\u00e1rmely okb\u00f3l, bele\u00e9rtve de nem kiz\u00e1r\u00f3lag a Szolg\u00e1ltat\u00e1si Felt\u00e9telek megs\u00e9rt\u00e9s\u00e9t.<\/p><p><strong>22. Garancia elismer\u00e9se<\/strong><\/p><p>23. Szolg\u00e1ltat\u00e1saink \"ahogy van\" \u00e9s \"ahogy el\u00e9rhet\u0151\" alapon ker\u00fclnek ny\u00fajt\u00e1sra. A Lynnhan nem ad kifejezett vagy v\u00e9lelmezett garanci\u00e1kat, \u00e9s itt kifejezetten elismeri \u00e9s elutas\u00edt minden m\u00e1s garanci\u00e1t, bele\u00e9rtve de nem kiz\u00e1r\u00f3lag a kereskedelmi \u00e9<\/p><p><strong>Limitation of Liability<\/strong><\/p><p>In no event shall Lynnhan or its suppliers be liable for any indirect, incidental, special, consequential, or punitive damages arising out of or in connection with your use of our services.<\/p><p><strong>Changes to Terms of Service<\/strong><\/p><p>Lynnhan reserves the right, at our sole discretion, to modify or replace these Terms of Service at any time. We will provide notice of any significant changes. By continuing to access or use our services after those revisions become effective, you agree to be bound by the revised terms.<\/p><p><strong>Contact Us<\/strong><\/p><p>If you have any questions about these Terms of Service, please contact us at contact@xinxiangt.sg-host.com.<\/p><p><strong>Effective Date: 02.28.2024<br \/><\/strong><\/p><p>By accessing or using our services, you acknowledge that you have read, understood, and agree to be bound by these Terms of Service.<\/p>\t\t\t\t\t\t\t\t<\/div>\n\t\t\t\t<\/div>\n\t\t\t\t\t<\/div>\n\t\t\t\t<\/div>\n\t\t\t\t<\/div>","protected":false},"excerpt":{"rendered":"<p>Terms of Service for Lynnhan Welcome to Lynnhan Thank you for choosing Lynnhan for your smart technology needs. By accessing and using our website, products, and services, you agree to [\u2026]<\/p>","protected":false},"author":1,"featured_media":0,"parent":0,"menu_order":0,"comment_status":"closed","ping_status":"closed","template":"","meta":{"footnotes":""},"class_list":["post-603","page","type-page","status-publish","hentry"],"yoast_head":"<!-- This site is optimized with the Yoast SEO plugin v26.6 - https:\/\/yoast.com\/wordpress\/plugins\/seo\/ -->\n<title>LynnHan Terms of Service: Your Guide to Safe Shopping<\/title>\n<meta name=\"description\" content=\"Fairness and transparency are at the heart of LynnHan&#039;s Terms of Service. Discover how we&#039;re dedicated to your satisfaction.\" \/>\n<meta name=\"robots\" content=\"index, follow, max-snippet:-1, max-image-preview:large, max-video-preview:-1\" \/>\n<link rel=\"canonical\" href=\"https:\/\/lynnhan.com\/hu\/szolgaltatasi-feltetelek\/\" \/>\n<meta property=\"og:locale\" content=\"hu_HU\" \/>\n<meta property=\"og:type\" content=\"article\" \/>\n<meta property=\"og:title\" content=\"LynnHan Terms of Service: Your Guide to Safe Shopping\" \/>\n<meta property=\"og:description\" content=\"Fairness and transparency are at the heart of LynnHan&#039;s Terms of Service. Discover how we&#039;re dedicated to your satisfaction.\" \/>\n<meta property=\"og:url\" content=\"https:\/\/lynnhan.com\/hu\/szolgaltatasi-feltetelek\/\" \/>\n<meta property=\"og:site_name\" content=\"Lynnhan - Trusted Supplier | LED\/OLED\/LCD\/E-paper digital signages\" \/>\n<meta property=\"article:modified_time\" content=\"2024-12-18T10:29:55+00:00\" \/>\n<meta property=\"og:image\" content=\"https:\/\/pub-78925c7bf9ca4c6d820df8293a5c116c.r2.dev\/2024\/12\/Terms-Of-Service.webp\" \/>\n<meta name=\"twitter:card\" content=\"summary_large_image\" \/>\n<meta name=\"twitter:label1\" content=\"Becs\u00fclt olvas\u00e1si id\u0151\" \/>\n\t<meta name=\"twitter:data1\" content=\"3 perc\" \/>\n<script type=\"application\/ld+json\" class=\"yoast-schema-graph\">{\"@context\":\"https:\/\/schema.org\",\"@graph\":[{\"@type\":\"WebPage\",\"@id\":\"https:\/\/lynnhan.com\/bo\/terms-of-service\/\",\"url\":\"https:\/\/lynnhan.com\/bo\/terms-of-service\/\",\"name\":\"LynnHan Terms of Service: Your Guide to Safe Shopping\",\"isPartOf\":{\"@id\":\"https:\/\/lynnhan.com\/km\/#website\"},\"primaryImageOfPage\":{\"@id\":\"https:\/\/lynnhan.com\/bo\/terms-of-service\/#primaryimage\"},\"image\":{\"@id\":\"https:\/\/lynnhan.com\/bo\/terms-of-service\/#primaryimage\"},\"thumbnailUrl\":\"https:\/\/pub-78925c7bf9ca4c6d820df8293a5c116c.r2.dev\/2024\/12\/Terms-Of-Service.webp\",\"datePublished\":\"2024-02-28T03:02:21+00:00\",\"dateModified\":\"2024-12-18T10:29:55+00:00\",\"description\":\"Fairness and transparency are at the heart of LynnHan's Terms of Service. Discover how we're dedicated to your satisfaction.\",\"breadcrumb\":{\"@id\":\"https:\/\/lynnhan.com\/bo\/terms-of-service\/#breadcrumb\"},\"inLanguage\":\"hu\",\"potentialAction\":[{\"@type\":\"ReadAction\",\"target\":[\"https:\/\/lynnhan.com\/bo\/terms-of-service\/\"]}]},{\"@type\":\"ImageObject\",\"inLanguage\":\"hu\",\"@id\":\"https:\/\/lynnhan.com\/bo\/terms-of-service\/#primaryimage\",\"url\":\"https:\/\/pub-78925c7bf9ca4c6d820df8293a5c116c.r2.dev\/2024\/12\/Terms-Of-Service.webp\",\"contentUrl\":\"https:\/\/pub-78925c7bf9ca4c6d820df8293a5c116c.r2.dev\/2024\/12\/Terms-Of-Service.webp\"},{\"@type\":\"BreadcrumbList\",\"@id\":\"https:\/\/lynnhan.com\/bo\/terms-of-service\/#breadcrumb\",\"itemListElement\":[{\"@type\":\"ListItem\",\"position\":1,\"name\":\"Home\",\"item\":\"https:\/\/lynnhan.com\/\"},{\"@type\":\"ListItem\",\"position\":2,\"name\":\"Terms Of Service\"}]},{\"@type\":\"WebSite\",\"@id\":\"https:\/\/lynnhan.com\/km\/#website\",\"url\":\"https:\/\/lynnhan.com\/km\/\",\"name\":\"Lynnhan - Trusted Supplier | LED\/OLED\/LCD\/E-paper digital signages\",\"description\":\"Lynnhan - Trusted Supplier |  LED\/OLED\/LCD\/E-paper digital signages\",\"publisher\":{\"@id\":\"https:\/\/lynnhan.com\/km\/#organization\"},\"potentialAction\":[{\"@type\":\"SearchAction\",\"target\":{\"@type\":\"EntryPoint\",\"urlTemplate\":\"https:\/\/lynnhan.com\/km\/?s={search_term_string}\"},\"query-input\":{\"@type\":\"PropertyValueSpecification\",\"valueRequired\":true,\"valueName\":\"search_term_string\"}}],\"inLanguage\":\"hu\"},{\"@type\":\"Organization\",\"@id\":\"https:\/\/lynnhan.com\/km\/#organization\",\"name\":\"Lynnhan - Trusted Supplier | LED\/OLED\/LCD\/E-paper digital signages\",\"url\":\"https:\/\/lynnhan.com\/km\/\",\"logo\":{\"@type\":\"ImageObject\",\"inLanguage\":\"hu\",\"@id\":\"https:\/\/lynnhan.com\/km\/#\/schema\/logo\/image\/\",\"url\":\"https:\/\/pub-78925c7bf9ca4c6d820df8293a5c116c.r2.dev\/2024\/07\/LynnHan-logo3.png\",\"contentUrl\":\"https:\/\/pub-78925c7bf9ca4c6d820df8293a5c116c.r2.dev\/2024\/07\/LynnHan-logo3.png\",\"width\":390,\"height\":130,\"caption\":\"Lynnhan - Trusted Supplier | LED\/OLED\/LCD\/E-paper digital signages\"},\"image\":{\"@id\":\"https:\/\/lynnhan.com\/km\/#\/schema\/logo\/image\/\"}}]}<\/script>\n<!-- \/ Yoast SEO plugin. -->","yoast_head_json":{"title":"LynnHan Szolg\u00e1ltat\u00e1si Felt\u00e9telek: \u00datmutat\u00f3 biztons\u00e1gos v\u00e1s\u00e1rl\u00e1shoz","description":"Egyenl\u0151s\u00e9g \u00e9s \u00e1tl\u00e1that\u00f3s\u00e1g a LynnHan Szolg\u00e1ltat\u00e1si Felt\u00e9teleinek k\u00f6zpontj\u00e1ban \u00e1ll. Fedezze fel, hogyan vagyunk elk\u00f6telezettek a el\u00e9gedetts\u00e9ge ir\u00e1nt.","robots":{"index":"index","follow":"follow","max-snippet":"max-snippet:-1","max-image-preview":"max-image-preview:large","max-video-preview":"max-video-preview:-1"},"canonical":"https:\/\/lynnhan.com\/hu\/szolgaltatasi-feltetelek\/","og_locale":"hu_HU","og_type":"article","og_title":"LynnHan Terms of Service: Your Guide to Safe Shopping","og_description":"Fairness and transparency are at the heart of LynnHan's Terms of Service. Discover how we're dedicated to your satisfaction.","og_url":"https:\/\/lynnhan.com\/hu\/szolgaltatasi-feltetelek\/","og_site_name":"Lynnhan - Trusted Supplier | LED\/OLED\/LCD\/E-paper digital signages","article_modified_time":"2024-12-18T10:29:55+00:00","og_image":[{"url":"https:\/\/pub-78925c7bf9ca4c6d820df8293a5c116c.r2.dev\/2024\/12\/Terms-Of-Service.webp","type":"","width":"","height":""}],"twitter_card":"summary_large_image","twitter_misc":{"Becs\u00fclt olvas\u00e1si id\u0151":"3 perc"},"schema":{"@context":"https:\/\/schema.org","@graph":[{"@type":"WebPage","@id":"https:\/\/lynnhan.com\/bo\/terms-of-service\/","url":"https:\/\/lynnhan.com\/bo\/terms-of-service\/","name":"LynnHan Szolg\u00e1ltat\u00e1si Felt\u00e9telek: \u00datmutat\u00f3 biztons\u00e1gos v\u00e1s\u00e1rl\u00e1shoz","isPartOf":{"@id":"https:\/\/lynnhan.com\/km\/#website"},"primaryImageOfPage":{"@id":"https:\/\/lynnhan.com\/bo\/terms-of-service\/#primaryimage"},"image":{"@id":"https:\/\/lynnhan.com\/bo\/terms-of-service\/#primaryimage"},"thumbnailUrl":"https:\/\/pub-78925c7bf9ca4c6d820df8293a5c116c.r2.dev\/2024\/12\/Terms-Of-Service.webp","datePublished":"2024-02-28T03:02:21+00:00","dateModified":"2024-12-18T10:29:55+00:00","description":"Egyenl\u0151s\u00e9g \u00e9s \u00e1tl\u00e1that\u00f3s\u00e1g a LynnHan Szolg\u00e1ltat\u00e1si Felt\u00e9teleinek k\u00f6zpontj\u00e1ban \u00e1ll. Fedezze fel, hogyan vagyunk elk\u00f6telezettek a el\u00e9gedetts\u00e9ge ir\u00e1nt.","breadcrumb":{"@id":"https:\/\/lynnhan.com\/bo\/terms-of-service\/#breadcrumb"},"inLanguage":"hu","potentialAction":[{"@type":"ReadAction","target":["https:\/\/lynnhan.com\/bo\/terms-of-service\/"]}]},{"@type":"ImageObject","inLanguage":"hu","@id":"https:\/\/lynnhan.com\/bo\/terms-of-service\/#primaryimage","url":"https:\/\/pub-78925c7bf9ca4c6d820df8293a5c116c.r2.dev\/2024\/12\/Terms-Of-Service.webp","contentUrl":"https:\/\/pub-78925c7bf9ca4c6d820df8293a5c116c.r2.dev\/2024\/12\/Terms-Of-Service.webp"},{"@type":"BreadcrumbList","@id":"https:\/\/lynnhan.com\/bo\/terms-of-service\/#breadcrumb","itemListElement":[{"@type":"ListItem","position":1,"name":"Home","item":"https:\/\/lynnhan.com\/"},{"@type":"ListItem","position":2,"name":"Terms Of Service"}]},{"@type":"WebSite","@id":"https:\/\/lynnhan.com\/km\/#website","url":"https:\/\/lynnhan.com\/km\/","name":"Lynnhan - Megb\u00edzhat\u00f3 sz\u00e1ll\u00edt\u00f3 | LED\/OLED\/LCD\/E-paper digit\u00e1lis t\u00e1bl\u00e1k","description":"Lynnhan - Megb\u00edzhat\u00f3 sz\u00e1ll\u00edt\u00f3 | LED\/OLED\/LCD\/E-paper digit\u00e1lis t\u00e1bl\u00e1k","publisher":{"@id":"https:\/\/lynnhan.com\/km\/#organization"},"potentialAction":[{"@type":"SearchAction","target":{"@type":"EntryPoint","urlTemplate":"https:\/\/lynnhan.com\/km\/?s={search_term_string}"},"query-input":{"@type":"PropertyValueSpecification","valueRequired":true,"valueName":"search_term_string"}}],"inLanguage":"hu"},{"@type":"Organization","@id":"https:\/\/lynnhan.com\/km\/#organization","name":"Lynnhan - Megb\u00edzhat\u00f3 sz\u00e1ll\u00edt\u00f3 | LED\/OLED\/LCD\/E-paper digit\u00e1lis t\u00e1bl\u00e1k","url":"https:\/\/lynnhan.com\/km\/","logo":{"@type":"ImageObject","inLanguage":"hu","@id":"https:\/\/lynnhan.com\/km\/#\/schema\/logo\/image\/","url":"https:\/\/pub-78925c7bf9ca4c6d820df8293a5c116c.r2.dev\/2024\/07\/LynnHan-logo3.png","contentUrl":"https:\/\/pub-78925c7bf9ca4c6d820df8293a5c116c.r2.dev\/2024\/07\/LynnHan-logo3.png","width":390,"height":130,"caption":"Lynnhan - Trusted Supplier | LED\/OLED\/LCD\/E-paper digital signages"},"image":{"@id":"https:\/\/lynnhan.com\/km\/#\/schema\/logo\/image\/"}}]}},"jetpack_sharing_enabled":true,"_links":{"self":[{"href":"https:\/\/lynnhan.com\/hu\/wp-json\/wp\/v2\/pages\/603","targetHints":{"allow":["GET"]}}],"collection":[{"href":"https:\/\/lynnhan.com\/hu\/wp-json\/wp\/v2\/pages"}],"about":[{"href":"https:\/\/lynnhan.com\/hu\/wp-json\/wp\/v2\/types\/page"}],"author":[{"embeddable":true,"href":"https:\/\/lynnhan.com\/hu\/wp-json\/wp\/v2\/users\/1"}],"replies":[{"embeddable":true,"href":"https:\/\/lynnhan.com\/hu\/wp-json\/wp\/v2\/comments?post=603"}],"version-history":[{"count":0,"href":"https:\/\/lynnhan.com\/hu\/wp-json\/wp\/v2\/pages\/603\/revisions"}],"wp:attachment":[{"href":"https:\/\/lynnhan.com\/hu\/wp-json\/wp\/v2\/media?parent=603"}],"curies":[{"name":"wp","href":"https:\/\/api.w.org\/{rel}","templated":true}]}}