{"id":601,"date":"2024-02-28T03:19:26","date_gmt":"2024-02-28T03:19:26","guid":{"rendered":"https:\/\/lynnhan.com\/?page_id=601"},"modified":"2024-12-18T10:32:06","modified_gmt":"2024-12-18T10:32:06","slug":"magatartalyi-kod","status":"publish","type":"page","link":"https:\/\/lynnhan.com\/hu\/magatartalyi-kod\/","title":{"rendered":"Magatart\u00e1si k\u00f3dex"},"content":{"rendered":"<div data-elementor-type=\"wp-page\" data-elementor-id=\"601\" class=\"elementor elementor-601\" data-elementor-post-type=\"page\">\n\t\t\t\t<div class=\"elementor-element elementor-element-1f21eb2 e-flex e-con-boxed e-con e-parent\" data-id=\"1f21eb2\" data-element_type=\"container\">\n\t\t\t\t\t<div class=\"e-con-inner\">\n\t\t\t\t<div class=\"elementor-element elementor-element-bfcddf0 elementor-widget elementor-widget-image\" data-id=\"bfcddf0\" data-element_type=\"widget\" data-widget_type=\"image.default\">\n\t\t\t\t<div class=\"elementor-widget-container\">\n\t\t\t\t\t\t\t\t\t\t\t\t\t\t\t<img fetchpriority=\"high\" decoding=\"async\" width=\"1536\" height=\"768\" src=\"https:\/\/pub-78925c7bf9ca4c6d820df8293a5c116c.r2.dev\/2024\/12\/Code-Of-Conduct.webp\" class=\"attachment-full size-full wp-image-3311\" alt=\"Minden egyben LED besz\u00e1ll\u00edt\u00f3 Magatart\u00e1si K\u00f3dex\" srcset=\"https:\/\/pub-78925c7bf9ca4c6d820df8293a5c116c.r2.dev\/2024\/12\/Code-Of-Conduct.webp 1536w, https:\/\/pub-78925c7bf9ca4c6d820df8293a5c116c.r2.dev\/2024\/12\/Code-Of-Conduct-700x350.webp 700w, https:\/\/pub-78925c7bf9ca4c6d820df8293a5c116c.r2.dev\/2024\/12\/Code-Of-Conduct-1024x512.webp 1024w, https:\/\/pub-78925c7bf9ca4c6d820df8293a5c116c.r2.dev\/2024\/12\/Code-Of-Conduct-768x384.webp 768w, https:\/\/pub-78925c7bf9ca4c6d820df8293a5c116c.r2.dev\/2024\/12\/Code-Of-Conduct-18x9.webp 18w, https:\/\/pub-78925c7bf9ca4c6d820df8293a5c116c.r2.dev\/2024\/12\/Code-Of-Conduct-1140x570.webp 1140w, https:\/\/pub-78925c7bf9ca4c6d820df8293a5c116c.r2.dev\/2024\/12\/Code-Of-Conduct-920x460.webp 920w, https:\/\/pub-78925c7bf9ca4c6d820df8293a5c116c.r2.dev\/2024\/12\/Code-Of-Conduct-575x288.webp 575w, https:\/\/pub-78925c7bf9ca4c6d820df8293a5c116c.r2.dev\/2024\/12\/Code-Of-Conduct-380x190.webp 380w, https:\/\/pub-78925c7bf9ca4c6d820df8293a5c116c.r2.dev\/2024\/12\/Code-Of-Conduct-1320x660.webp 1320w, https:\/\/pub-78925c7bf9ca4c6d820df8293a5c116c.r2.dev\/2024\/12\/Code-Of-Conduct-800x400.webp 800w\" sizes=\"(max-width: 1536px) 100vw, 1536px\" \/>\t\t\t\t\t\t\t\t\t\t\t\t\t\t\t<\/div>\n\t\t\t\t<\/div>\n\t\t\t\t\t<\/div>\n\t\t\t\t<\/div>\n\t\t<div class=\"elementor-element elementor-element-7b6aef8e e-flex e-con-boxed e-con e-parent\" data-id=\"7b6aef8e\" data-element_type=\"container\">\n\t\t\t\t\t<div class=\"e-con-inner\">\n\t\t\t\t<div class=\"elementor-element elementor-element-620072c1 elementor-widget elementor-widget-text-editor\" data-id=\"620072c1\" data-element_type=\"widget\" data-widget_type=\"text-editor.default\">\n\t\t\t\t<div class=\"elementor-widget-container\">\n\t\t\t\t\t\t\t\t\t\n<p><strong>Bevezet\u00e9s<\/strong><\/p>\n\n\n\n<p>1. A Lynnhan-ban elk\u00f6telezettek vagyunk a \u00fczlet\u00fcnk levezet\u00e9s\u00e9ben a legmagasabb integrit\u00e1si \u00e9s szakmai sztenderdek szerint. Ez az Etikai K\u00f3dex ir\u00e1nymutat\u00e1st ny\u00fajt alkalmazottainknak, partnereinknek \u00e9s affiliateinknek, \u00e9s kifejti azokat az elveket \u00e9s sztenderdokat, amelyek meghat\u00e1rozz\u00e1k v\u00e1llalati magatart\u00e1sunkat \u00e9s d\u00f6nt\u00e9shozatali folyamatainkat.<\/p>\n\n\n\n<p><strong>2. Az Integrit\u00e1s Elk\u00f6telezetts\u00e9ge<\/strong><\/p>\n\n\n\n<ul class=\"wp-block-list\">\n<li><strong>3. Etikus \u00dczleti Praktik\u00e1k<\/strong>4. : Elk\u00f6telezettek vagyunk \u00fczlet\u00fcnk etikus \u00e9s integrit\u00e1ssal val\u00f3 levezet\u00e9s\u00e9hez, minden alkalmazhat\u00f3 t\u00f6rv\u00e9ny, szab\u00e1ly \u00e9s sztenderd tiszteletben tart\u00e1s\u00e1val.<\/li>\n\n\n\n<li><strong>5. \u00c1tl\u00e1that\u00f3s\u00e1g<\/strong>6. : Minden \u00fczleti meg\u00e1llapod\u00e1sunkban t\u00e1mogatjuk az \u00e1tl\u00e1that\u00f3s\u00e1g \u00e9s nyitotts\u00e1g k\u00f6rnyezet\u00e9t, biztos\u00edtva, hogy a befogad\u00f3k inform\u00e1ltak \u00e9s bevonva legyenek folyamatainkban.<\/li>\n<\/ul>\n\n\n\n<p><strong>7. Tisztelet \u00e9s Egyenl\u0151s\u00e9g<\/strong><\/p>\n\n\n\n<ul class=\"wp-block-list\">\n<li><strong>8. Szakmai soksz\u00edn\u0171s\u00e9g \u00e9s Inkl\u00fazi\u00f3<\/strong>9. : \u00c9rt\u00e9kelj\u00fck a szakmai soksz\u00edn\u0171s\u00e9get \u00e9s elk\u00f6telezettek vagyunk egy befogad\u00f3 k\u00f6rnyezet l\u00e9trehoz\u00e1s\u00e1hoz, ahol mindenki tiszteletben \u00e9s m\u00e9lt\u00f3s\u00e1ggal kezelend\u0151.<\/li>\n\n\n\n<li><strong>10. B\u00e1ntalmaz\u00e1smentes Munkahely<\/strong>11. : A Lynnhan elk\u00f6telezett egy b\u00e1ntalmaz\u00e1smentes, diszkrimin\u00e1ci\u00f3mentes vagy b\u00e1rmilyen form\u00e1j\u00fa er\u0151szakmentes munkahely fenntart\u00e1sa ir\u00e1nt. Minden alkalmazottat elv\u00e1rjuk, hogy hozz\u00e1j\u00e1ruljon egy pozit\u00edv \u00e9s tiszteletteljes munkak\u00f6rnyezet kialak\u00edt\u00e1s\u00e1hoz.<\/li>\n<\/ul>\n\n\n\n<p><strong>12. Felel\u0151ss\u00e9g \u00e9s Meger\u0151s\u00edt\u00e9s<\/strong><\/p>\n\n\n\n<ul class=\"wp-block-list\">\n<li><strong>13. T\u00e1rsadalmi Megfelel\u00e9s<\/strong>14. : Minden alkalmazott \u00e9s partnernek meg kell felelnie ennek az Etikai K\u00f3dexnek, a v\u00e1llalati politik\u00e1knak \u00e9s minden alkalmazhat\u00f3 t\u00f6rv\u00e9nynek \u00e9s szab\u00e1lyoz\u00e1snak.<\/li>\n\n\n\n<li><strong>15. Jelent\u00e9sek B\u0171ncselekm\u00e9nyekr\u0151l<\/strong>16. : B\u00e1rmely etikai viselked\u00e9s vagy ennek az Etikai K\u00f3dexnek megs\u00e9rt\u00e9s\u00e9r\u0151l val\u00f3 jelent\u00e9st \u00f6szt\u00f6nz\u00fcnk. A Lynnhan biztos\u00edtja, hogy a j\u00f3t\u00e1ll\u00f3 jelent\u00e9sttev\u0151k ellen ne forduljon visszaelj\u00e1r\u00e1s.<\/li>\n<\/ul>\n\n\n\n<p><strong>17.Biztons\u00e1g \u00e9s Mag\u00e1n\u00e9let<\/strong><\/p>\n\n\n\n<ul class=\"wp-block-list\">\n<li><strong>18. Inform\u00e1ci\u00f3 V\u00e9delme<\/strong>19. : Elk\u00f6telezettek vagyunk \u00fcgyfeleink, alkalmazottaink \u00e9s partnereink biztons\u00e1g\u00e1nak \u00e9s mag\u00e1n\u00e9let\u00e9nek v\u00e9delm\u00e9ben. Az inform\u00e1ci\u00f3kat a legnagyobb gondoss\u00e1ggal \u00e9s biztons\u00e1ggal kell kezelni.<\/li>\n\n\n\n<li><strong>20. Szellemi Tulajdonjog<\/strong>21. : Tiszteletben tartjuk a szellemi tulajdonjogokat \u00e9s elv\u00e1rjuk, hogy alkalmazottaink \u00e9s partnereink is tarts\u00e1k meg ezt.<\/li>\n<\/ul>\n\n\n\n<p><strong>22. \u00c9rdekcser\u00e9l\u0151d\u00e9s<\/strong><\/p>\n\n\n\n<ul class=\"wp-block-list\">\n<li><strong>23. : Az alkalmazottak \u00e9s partnerek ker\u00fclj\u00e9k el minden szem\u00e9lyes, p\u00e9nz\u00fcgyi vagy m\u00e1s \u00e9rdeket, amely megnehez\u00edtheti a munkak\u00f6ri k\u00f6teless\u00e9gek objekt\u00edv v\u00e9grehajt\u00e1s\u00e1t.<\/strong>24. Nyilv\u00e1noss\u00e1g<\/li>\n\n\n\n<li><strong>25. : B\u00e1rmely potenci\u00e1lis \u00e9rdekcser\u00e9l\u0151d\u00e9st be kell jelenteni a menedzsmentnek \u00e9rt\u00e9kel\u00e9s \u00e9s ir\u00e1nymutat\u00e1s c\u00e9lj\u00e1b\u00f3l.<\/strong>26. K\u00f6rnyezetv\u00e9delmi Felel\u0151ss\u00e9g<\/li>\n<\/ul>\n\n\n\n<p><strong>27. : A Lynnhan elk\u00f6telezett a fenntarthat\u00f3s\u00e1g \u00e9s k\u00f6rnyezetv\u00e9delmi gondoskod\u00e1s ir\u00e1nt. Megpr\u00f3b\u00e1ljuk minimaliz\u00e1lni k\u00f6rnyezeti hat\u00e1sainkat \u00e9s t\u00e1mogatni a felel\u0151ss\u00e9gteljes gyakorlatokat minden \u00fczleti ter\u00fclet\u00fcnk\u00f6n.<\/strong><\/p>\n\n\n\n<ul class=\"wp-block-list\">\n<li><strong>Fenntarthat\u00f3s\u00e1g<\/strong>28. K\u00f6z\u00f6ss\u00e9gi Megfelel\u00e9s<\/li>\n<\/ul>\n\n\n\n<p><strong>29. Visszat\u00e9r\u00edt\u00e9s<\/strong><\/p>\n\n\n\n<ul class=\"wp-block-list\">\n<li><strong>Giving Back<\/strong>: Hisz\u00fcnk abban, hogy visszat\u00e9r\u00edtj\u00fck a k\u00f6z\u00f6ss\u00e9gekbe, ahol m\u0171k\u00f6d\u00fcnk, \u00e9s szolg\u00e1lati lelket, valamint \u00f6nk\u00e9ntesked\u00e9st er\u0151s\u00edt\u00fcnk munkav\u00e1llal\u00f3ink \u00e9s partnereink k\u00f6z\u00f6tt.<\/li>\n<\/ul>\n\n\n\n<p><strong>Implement\u00e1ci\u00f3 \u00e9s v\u00e9grehajt\u00e1s<\/strong><\/p>\n\n\n\n<ul class=\"wp-block-list\">\n<li><strong>K\u00e9pz\u00e9s<\/strong>: Minden munkav\u00e1llal\u00f3nak k\u00e9pz\u00e9st kap ezen Magatart\u00e1si K\u00f3dexr\u0151l, hogy biztosan meg\u00e9rtse \u00e9s hat\u00e9konyan tartsa fenn ezek az elveket.<\/li>\n\n\n\n<li><strong>V\u00e9grehajt\u00e1s<\/strong>: Ez a Magatart\u00e1si K\u00f3dex megs\u00e9rt\u00e9se komolyan kezelend\u0151, \u00e9s b\u00fcntet\u0151int\u00e9zked\u00e9shez, bele\u00e9rtve a munkaviszony megsz\u00fcntet\u00e9s\u00e9t vagy \u00fczleti kapcsolatok bont\u00e1s\u00e1t, vezethet.<\/li>\n<\/ul>\n\n\n\n<p><strong>15. t\u00f6bb, mint egy kijelz\u0151\u2014it egy<\/strong><\/p>\n\n\n\n<p>Ez a Magatart\u00e1si K\u00f3dex a Lynnhan k\u00fcldet\u00e9s\u00e9nek k\u00f6zpontj\u00e1ban \u00e1ll. Az ezek az elvek betart\u00e1s\u00e1val meg\u0151rizz\u00fck integrit\u00e1sunk h\u00edrnev\u00e9t, hozz\u00e1j\u00e1rulunk egy pozit\u00edv munkahelyi kult\u00fara kialak\u00edt\u00e1s\u00e1hoz, \u00e9s \u00e9p\u00edtj\u00fck a v\u00e1s\u00e1rl\u00f3k, partnerek \u00e9s a k\u00f6z\u00f6ss\u00e9g bizalm\u00e1t. Egy\u00fctt biztos\u00edthatjuk, hogy a Lynnhan tov\u00e1bbra is egy olyan hely maradjon, ahol a kiv\u00e1l\u00f3s\u00e1g, a tisztelet \u00e9s az integrit\u00e1s vir\u00e1gzik.<\/p>\n\t\t\t\t\t\t\t\t<\/div>\n\t\t\t\t<\/div>\n\t\t\t\t\t<\/div>\n\t\t\t\t<\/div>\n\t\t\t\t<\/div>","protected":false},"excerpt":{"rendered":"<p>Introduction At Lynnhan, we are committed to conducting our business according to the highest standards of integrity and professionalism. This Code of Conduct serves as a guide for our employees, [\u2026]<\/p>","protected":false},"author":1,"featured_media":0,"parent":0,"menu_order":0,"comment_status":"closed","ping_status":"closed","template":"","meta":{"footnotes":""},"class_list":["post-601","page","type-page","status-publish","hentry"],"yoast_head":"<!-- This site is optimized with the Yoast SEO plugin v26.6 - https:\/\/yoast.com\/wordpress\/plugins\/seo\/ -->\n<title>Code of Conduct-Lynnhan smart display factory<\/title>\n<meta name=\"description\" content=\"Lynnhan smart display factory&#039;s commits to ethics and integrity. Our code of conduct ensures a respectful and inclusive culture for all.\" \/>\n<meta name=\"robots\" content=\"index, follow, max-snippet:-1, max-image-preview:large, max-video-preview:-1\" \/>\n<link rel=\"canonical\" href=\"https:\/\/lynnhan.com\/hu\/magatartalyi-kod\/\" \/>\n<meta property=\"og:locale\" content=\"hu_HU\" \/>\n<meta property=\"og:type\" content=\"article\" \/>\n<meta property=\"og:title\" content=\"Code of Conduct-Lynnhan smart display factory\" \/>\n<meta property=\"og:description\" content=\"Lynnhan smart display factory&#039;s commits to ethics and integrity. Our code of conduct ensures a respectful and inclusive culture for all.\" \/>\n<meta property=\"og:url\" content=\"https:\/\/lynnhan.com\/hu\/magatartalyi-kod\/\" \/>\n<meta property=\"og:site_name\" content=\"Lynnhan - Trusted Supplier | LED\/OLED\/LCD\/E-paper digital signages\" \/>\n<meta property=\"article:modified_time\" content=\"2024-12-18T10:32:06+00:00\" \/>\n<meta property=\"og:image\" content=\"https:\/\/pub-78925c7bf9ca4c6d820df8293a5c116c.r2.dev\/2024\/12\/Code-Of-Conduct.webp\" \/>\n<meta name=\"twitter:card\" content=\"summary_large_image\" \/>\n<meta name=\"twitter:label1\" content=\"Becs\u00fclt olvas\u00e1si id\u0151\" \/>\n\t<meta name=\"twitter:data1\" content=\"3 perc\" \/>\n<script type=\"application\/ld+json\" class=\"yoast-schema-graph\">{\"@context\":\"https:\/\/schema.org\",\"@graph\":[{\"@type\":\"WebPage\",\"@id\":\"https:\/\/lynnhan.com\/ja\/%e8%a1%8c%e5%8b%95%e8%a6%8f%e7%af%84\/\",\"url\":\"https:\/\/lynnhan.com\/ja\/%e8%a1%8c%e5%8b%95%e8%a6%8f%e7%af%84\/\",\"name\":\"Code of Conduct-Lynnhan smart display factory\",\"isPartOf\":{\"@id\":\"https:\/\/lynnhan.com\/km\/#website\"},\"primaryImageOfPage\":{\"@id\":\"https:\/\/lynnhan.com\/ja\/%e8%a1%8c%e5%8b%95%e8%a6%8f%e7%af%84\/#primaryimage\"},\"image\":{\"@id\":\"https:\/\/lynnhan.com\/ja\/%e8%a1%8c%e5%8b%95%e8%a6%8f%e7%af%84\/#primaryimage\"},\"thumbnailUrl\":\"https:\/\/pub-78925c7bf9ca4c6d820df8293a5c116c.r2.dev\/2024\/12\/Code-Of-Conduct.webp\",\"datePublished\":\"2024-02-28T03:19:26+00:00\",\"dateModified\":\"2024-12-18T10:32:06+00:00\",\"description\":\"Lynnhan smart display factory's commits to ethics and integrity. Our code of conduct ensures a respectful and inclusive culture for all.\",\"breadcrumb\":{\"@id\":\"https:\/\/lynnhan.com\/ja\/%e8%a1%8c%e5%8b%95%e8%a6%8f%e7%af%84\/#breadcrumb\"},\"inLanguage\":\"hu\",\"potentialAction\":[{\"@type\":\"ReadAction\",\"target\":[\"https:\/\/lynnhan.com\/ja\/%e8%a1%8c%e5%8b%95%e8%a6%8f%e7%af%84\/\"]}]},{\"@type\":\"ImageObject\",\"inLanguage\":\"hu\",\"@id\":\"https:\/\/lynnhan.com\/ja\/%e8%a1%8c%e5%8b%95%e8%a6%8f%e7%af%84\/#primaryimage\",\"url\":\"https:\/\/pub-78925c7bf9ca4c6d820df8293a5c116c.r2.dev\/2024\/12\/Code-Of-Conduct.webp\",\"contentUrl\":\"https:\/\/pub-78925c7bf9ca4c6d820df8293a5c116c.r2.dev\/2024\/12\/Code-Of-Conduct.webp\"},{\"@type\":\"BreadcrumbList\",\"@id\":\"https:\/\/lynnhan.com\/ja\/%e8%a1%8c%e5%8b%95%e8%a6%8f%e7%af%84\/#breadcrumb\",\"itemListElement\":[{\"@type\":\"ListItem\",\"position\":1,\"name\":\"Home\",\"item\":\"https:\/\/lynnhan.com\/\"},{\"@type\":\"ListItem\",\"position\":2,\"name\":\"Code Of Conduct\"}]},{\"@type\":\"WebSite\",\"@id\":\"https:\/\/lynnhan.com\/km\/#website\",\"url\":\"https:\/\/lynnhan.com\/km\/\",\"name\":\"Lynnhan - Trusted Supplier | LED\/OLED\/LCD\/E-paper digital signages\",\"description\":\"Lynnhan - Trusted Supplier |  LED\/OLED\/LCD\/E-paper digital signages\",\"publisher\":{\"@id\":\"https:\/\/lynnhan.com\/km\/#organization\"},\"potentialAction\":[{\"@type\":\"SearchAction\",\"target\":{\"@type\":\"EntryPoint\",\"urlTemplate\":\"https:\/\/lynnhan.com\/km\/?s={search_term_string}\"},\"query-input\":{\"@type\":\"PropertyValueSpecification\",\"valueRequired\":true,\"valueName\":\"search_term_string\"}}],\"inLanguage\":\"hu\"},{\"@type\":\"Organization\",\"@id\":\"https:\/\/lynnhan.com\/km\/#organization\",\"name\":\"Lynnhan - Trusted Supplier | LED\/OLED\/LCD\/E-paper digital signages\",\"url\":\"https:\/\/lynnhan.com\/km\/\",\"logo\":{\"@type\":\"ImageObject\",\"inLanguage\":\"hu\",\"@id\":\"https:\/\/lynnhan.com\/km\/#\/schema\/logo\/image\/\",\"url\":\"https:\/\/pub-78925c7bf9ca4c6d820df8293a5c116c.r2.dev\/2024\/07\/LynnHan-logo3.png\",\"contentUrl\":\"https:\/\/pub-78925c7bf9ca4c6d820df8293a5c116c.r2.dev\/2024\/07\/LynnHan-logo3.png\",\"width\":390,\"height\":130,\"caption\":\"Lynnhan - Trusted Supplier | LED\/OLED\/LCD\/E-paper digital signages\"},\"image\":{\"@id\":\"https:\/\/lynnhan.com\/km\/#\/schema\/logo\/image\/\"}}]}<\/script>\n<!-- \/ Yoast SEO plugin. -->","yoast_head_json":{"title":"Magatart\u00e1ly - Lynnhan okos kijelz\u0151gy\u00e1r","description":"A Lynnhan okos kijelz\u0151 gy\u00e1r etik\u00e1ja \u00e9s integrit\u00e1sa ir\u00e1nti elk\u00f6telez\u00e9se. Magatart\u00e1si k\u00f3dxunk biztos\u00edt egy tiszteletteljes \u00e9s befogad\u00f3 kult\u00far\u00e1t mindenki sz\u00e1m\u00e1ra.","robots":{"index":"index","follow":"follow","max-snippet":"max-snippet:-1","max-image-preview":"max-image-preview:large","max-video-preview":"max-video-preview:-1"},"canonical":"https:\/\/lynnhan.com\/hu\/magatartalyi-kod\/","og_locale":"hu_HU","og_type":"article","og_title":"Code of Conduct-Lynnhan smart display factory","og_description":"Lynnhan smart display factory's commits to ethics and integrity. Our code of conduct ensures a respectful and inclusive culture for all.","og_url":"https:\/\/lynnhan.com\/hu\/magatartalyi-kod\/","og_site_name":"Lynnhan - Trusted Supplier | LED\/OLED\/LCD\/E-paper digital signages","article_modified_time":"2024-12-18T10:32:06+00:00","og_image":[{"url":"https:\/\/pub-78925c7bf9ca4c6d820df8293a5c116c.r2.dev\/2024\/12\/Code-Of-Conduct.webp","type":"","width":"","height":""}],"twitter_card":"summary_large_image","twitter_misc":{"Becs\u00fclt olvas\u00e1si id\u0151":"3 perc"},"schema":{"@context":"https:\/\/schema.org","@graph":[{"@type":"WebPage","@id":"https:\/\/lynnhan.com\/ja\/%e8%a1%8c%e5%8b%95%e8%a6%8f%e7%af%84\/","url":"https:\/\/lynnhan.com\/ja\/%e8%a1%8c%e5%8b%95%e8%a6%8f%e7%af%84\/","name":"Magatart\u00e1ly - Lynnhan okos kijelz\u0151gy\u00e1r","isPartOf":{"@id":"https:\/\/lynnhan.com\/km\/#website"},"primaryImageOfPage":{"@id":"https:\/\/lynnhan.com\/ja\/%e8%a1%8c%e5%8b%95%e8%a6%8f%e7%af%84\/#primaryimage"},"image":{"@id":"https:\/\/lynnhan.com\/ja\/%e8%a1%8c%e5%8b%95%e8%a6%8f%e7%af%84\/#primaryimage"},"thumbnailUrl":"https:\/\/pub-78925c7bf9ca4c6d820df8293a5c116c.r2.dev\/2024\/12\/Code-Of-Conduct.webp","datePublished":"2024-02-28T03:19:26+00:00","dateModified":"2024-12-18T10:32:06+00:00","description":"A Lynnhan okos kijelz\u0151 gy\u00e1r etik\u00e1ja \u00e9s integrit\u00e1sa ir\u00e1nti elk\u00f6telez\u00e9se. Magatart\u00e1si k\u00f3dxunk biztos\u00edt egy tiszteletteljes \u00e9s befogad\u00f3 kult\u00far\u00e1t mindenki sz\u00e1m\u00e1ra.","breadcrumb":{"@id":"https:\/\/lynnhan.com\/ja\/%e8%a1%8c%e5%8b%95%e8%a6%8f%e7%af%84\/#breadcrumb"},"inLanguage":"hu","potentialAction":[{"@type":"ReadAction","target":["https:\/\/lynnhan.com\/ja\/%e8%a1%8c%e5%8b%95%e8%a6%8f%e7%af%84\/"]}]},{"@type":"ImageObject","inLanguage":"hu","@id":"https:\/\/lynnhan.com\/ja\/%e8%a1%8c%e5%8b%95%e8%a6%8f%e7%af%84\/#primaryimage","url":"https:\/\/pub-78925c7bf9ca4c6d820df8293a5c116c.r2.dev\/2024\/12\/Code-Of-Conduct.webp","contentUrl":"https:\/\/pub-78925c7bf9ca4c6d820df8293a5c116c.r2.dev\/2024\/12\/Code-Of-Conduct.webp"},{"@type":"BreadcrumbList","@id":"https:\/\/lynnhan.com\/ja\/%e8%a1%8c%e5%8b%95%e8%a6%8f%e7%af%84\/#breadcrumb","itemListElement":[{"@type":"ListItem","position":1,"name":"Home","item":"https:\/\/lynnhan.com\/"},{"@type":"ListItem","position":2,"name":"Code Of Conduct"}]},{"@type":"WebSite","@id":"https:\/\/lynnhan.com\/km\/#website","url":"https:\/\/lynnhan.com\/km\/","name":"Lynnhan - Megb\u00edzhat\u00f3 sz\u00e1ll\u00edt\u00f3 | LED\/OLED\/LCD\/E-paper digit\u00e1lis t\u00e1bl\u00e1k","description":"Lynnhan - Megb\u00edzhat\u00f3 sz\u00e1ll\u00edt\u00f3 | LED\/OLED\/LCD\/E-paper digit\u00e1lis t\u00e1bl\u00e1k","publisher":{"@id":"https:\/\/lynnhan.com\/km\/#organization"},"potentialAction":[{"@type":"SearchAction","target":{"@type":"EntryPoint","urlTemplate":"https:\/\/lynnhan.com\/km\/?s={search_term_string}"},"query-input":{"@type":"PropertyValueSpecification","valueRequired":true,"valueName":"search_term_string"}}],"inLanguage":"hu"},{"@type":"Organization","@id":"https:\/\/lynnhan.com\/km\/#organization","name":"Lynnhan - Megb\u00edzhat\u00f3 sz\u00e1ll\u00edt\u00f3 | LED\/OLED\/LCD\/E-paper digit\u00e1lis t\u00e1bl\u00e1k","url":"https:\/\/lynnhan.com\/km\/","logo":{"@type":"ImageObject","inLanguage":"hu","@id":"https:\/\/lynnhan.com\/km\/#\/schema\/logo\/image\/","url":"https:\/\/pub-78925c7bf9ca4c6d820df8293a5c116c.r2.dev\/2024\/07\/LynnHan-logo3.png","contentUrl":"https:\/\/pub-78925c7bf9ca4c6d820df8293a5c116c.r2.dev\/2024\/07\/LynnHan-logo3.png","width":390,"height":130,"caption":"Lynnhan - Trusted Supplier | LED\/OLED\/LCD\/E-paper digital signages"},"image":{"@id":"https:\/\/lynnhan.com\/km\/#\/schema\/logo\/image\/"}}]}},"jetpack_sharing_enabled":true,"_links":{"self":[{"href":"https:\/\/lynnhan.com\/hu\/wp-json\/wp\/v2\/pages\/601","targetHints":{"allow":["GET"]}}],"collection":[{"href":"https:\/\/lynnhan.com\/hu\/wp-json\/wp\/v2\/pages"}],"about":[{"href":"https:\/\/lynnhan.com\/hu\/wp-json\/wp\/v2\/types\/page"}],"author":[{"embeddable":true,"href":"https:\/\/lynnhan.com\/hu\/wp-json\/wp\/v2\/users\/1"}],"replies":[{"embeddable":true,"href":"https:\/\/lynnhan.com\/hu\/wp-json\/wp\/v2\/comments?post=601"}],"version-history":[{"count":0,"href":"https:\/\/lynnhan.com\/hu\/wp-json\/wp\/v2\/pages\/601\/revisions"}],"wp:attachment":[{"href":"https:\/\/lynnhan.com\/hu\/wp-json\/wp\/v2\/media?parent=601"}],"curies":[{"name":"wp","href":"https:\/\/api.w.org\/{rel}","templated":true}]}}