{"id":540,"date":"2024-02-27T08:44:39","date_gmt":"2024-02-27T08:44:39","guid":{"rendered":"https:\/\/lynnhan.com\/?page_id=540"},"modified":"2024-12-18T09:42:17","modified_gmt":"2024-12-18T09:42:17","slug":"shipping","status":"publish","type":"page","link":"https:\/\/lynnhan.com\/hu\/shipping\/","title":{"rendered":"Sz\u00e1ll\u00edt\u00e1s"},"content":{"rendered":"<div data-elementor-type=\"wp-page\" data-elementor-id=\"540\" class=\"elementor elementor-540\" data-elementor-post-type=\"page\">\n\t\t\t\t<div class=\"elementor-element elementor-element-26335f7 e-flex e-con-boxed e-con e-parent\" data-id=\"26335f7\" data-element_type=\"container\">\n\t\t\t\t\t<div class=\"e-con-inner\">\n\t\t\t\t<div class=\"elementor-element elementor-element-68c9c7e elementor-widget elementor-widget-image\" data-id=\"68c9c7e\" data-element_type=\"widget\" data-widget_type=\"image.default\">\n\t\t\t\t<div class=\"elementor-widget-container\">\n\t\t\t\t\t\t\t\t\t\t\t\t\t\t\t<img fetchpriority=\"high\" decoding=\"async\" width=\"1165\" height=\"653\" src=\"https:\/\/pub-78925c7bf9ca4c6d820df8293a5c116c.r2.dev\/2024\/12\/shipment.webp\" class=\"attachment-full size-full wp-image-3297\" alt=\"All in one LED shipment\" srcset=\"https:\/\/pub-78925c7bf9ca4c6d820df8293a5c116c.r2.dev\/2024\/12\/shipment.webp 1165w, https:\/\/pub-78925c7bf9ca4c6d820df8293a5c116c.r2.dev\/2024\/12\/shipment-700x392.webp 700w, https:\/\/pub-78925c7bf9ca4c6d820df8293a5c116c.r2.dev\/2024\/12\/shipment-1024x574.webp 1024w, https:\/\/pub-78925c7bf9ca4c6d820df8293a5c116c.r2.dev\/2024\/12\/shipment-768x430.webp 768w, https:\/\/pub-78925c7bf9ca4c6d820df8293a5c116c.r2.dev\/2024\/12\/shipment-18x10.webp 18w, https:\/\/pub-78925c7bf9ca4c6d820df8293a5c116c.r2.dev\/2024\/12\/shipment-1140x639.webp 1140w, https:\/\/pub-78925c7bf9ca4c6d820df8293a5c116c.r2.dev\/2024\/12\/shipment-920x516.webp 920w, https:\/\/pub-78925c7bf9ca4c6d820df8293a5c116c.r2.dev\/2024\/12\/shipment-575x322.webp 575w, https:\/\/pub-78925c7bf9ca4c6d820df8293a5c116c.r2.dev\/2024\/12\/shipment-380x213.webp 380w, https:\/\/pub-78925c7bf9ca4c6d820df8293a5c116c.r2.dev\/2024\/12\/shipment-800x448.webp 800w\" sizes=\"(max-width: 1165px) 100vw, 1165px\" \/>\t\t\t\t\t\t\t\t\t\t\t\t\t\t\t<\/div>\n\t\t\t\t<\/div>\n\t\t\t\t\t<\/div>\n\t\t\t\t<\/div>\n\t\t<div class=\"elementor-element elementor-element-8f6152b e-flex e-con-boxed e-con e-parent\" data-id=\"8f6152b\" data-element_type=\"container\">\n\t\t\t\t\t<div class=\"e-con-inner\">\n\t\t\t\t<div class=\"elementor-element elementor-element-2a13164 elementor-widget elementor-widget-text-editor\" data-id=\"2a13164\" data-element_type=\"widget\" data-widget_type=\"text-editor.default\">\n\t\t\t\t<div class=\"elementor-widget-container\">\n\t\t\t\t\t\t\t\t\t<h3>1. Sz\u00e1ll\u00edt\u00e1si megold\u00e1sok a Lynnhan-n\u00e1l: Hat\u00e9kony \u00e9s megb\u00edzhat\u00f3 sz\u00e1ll\u00edt\u00e1s<\/h3><p><strong>2. Testreszabott sz\u00e1ll\u00edt\u00e1s a v\u00e1llalkoz\u00e1sod sz\u00e1m\u00e1ra<\/strong><\/p><p>3. A Lynnhan-n\u00e1l meg\u00e9rtj\u00fck, hogy a megb\u00edzhat\u00f3 \u00e9s hat\u00e9kony sz\u00e1ll\u00edt\u00e1s kritikus a v\u00e1llalkoz\u00e1sod m\u0171k\u00f6d\u00e9s\u00e9hez. Kiv\u00e1laszt\u00f3 sz\u00e1ll\u00edt\u00e1si megold\u00e1saink kialak\u00edtva vannak a B2B \u00fcgyfeleink sz\u00e9lesk\u00f6r\u0171 ig\u00e9nyeinek kiel\u00e9g\u00edt\u00e9s\u00e9re, biztos\u00edtva, hogy term\u00e9keid id\u0151ben \u00e9s t\u00f6k\u00e9letes \u00e1llapotban \u00e9rkezzenek meg.<\/p><p><strong>4. Vil\u00e1gszint\u0171 el\u00e9rhet\u0151s\u00e9g, helyi pontoss\u00e1g<\/strong><\/p><p>5. Sz\u00e9lesk\u00f6r\u0171 sz\u00e1ll\u00edt\u00e1si partnereink h\u00e1l\u00f3zata lehet\u0151v\u00e9 teszi, hogy term\u00e9keidet b\u00e1rhol a vil\u00e1gon eljuttassuk. Legyen sz\u00f3 helyi v\u00e1llalkoz\u00e1sr\u00f3l vagy glob\u00e1lis v\u00e1llalatr\u00f3l, a Lynnhan testreszabott sz\u00e1ll\u00edt\u00e1si lehet\u0151s\u00e9geket k\u00edn\u00e1l, hogy biztos\u00edtsuk az rendel\u00e9sed hat\u00e9kony eljuttat\u00e1s\u00e1t. Csoportunk szorosan egy\u00fcttm\u0171k\u00f6dik megb\u00edzhat\u00f3 fuvaroz\u00f3kkal, hogy z\u00f6kken\u0151mentes sz\u00e1ll\u00edt\u00e1si \u00e9lm\u00e9nyt ny\u00fajtson, az ajt\u00f3t\u00f3l az ajt\u00f3ig.<\/p><p><strong>6. rugalmas sz\u00e1ll\u00edt\u00e1si lehet\u0151s\u00e9gek<\/strong><\/p><ul><li><strong>7. Szabv\u00e1nyos sz\u00e1ll\u00edt\u00e1s:<\/strong> 8. Ide\u00e1lis nem s\u00fcrg\u0151s rendel\u00e9sekhez, a szabv\u00e1nyos sz\u00e1ll\u00edt\u00e1s gazdas\u00e1gos megold\u00e1st k\u00edn\u00e1l megb\u00edzhat\u00f3 sz\u00e1ll\u00edt\u00e1si id\u0151vel.<\/li><li><strong>9. Gyors sz\u00e1ll\u00edt\u00e1s:<\/strong> 10. Ha az id\u0151 fontos, v\u00e1lassz gyors sz\u00e1ll\u00edt\u00e1st gyorsabb k\u00e9zbes\u00edt\u00e9shez. Prioritiz\u00e1ljuk a sz\u00e1ll\u00edtm\u00e1nyodat, hogy gyorsan \u00e9rkezzen meg.<\/li><li><strong>11. Fuvaroz\u00e1si sz\u00e1ll\u00edt\u00e1s:<\/strong> 12. Nagyobb rendel\u00e9sekhez vagy speci\u00e1lis ig\u00e9nyekhez a fuvaroz\u00e1si sz\u00e1ll\u00edt\u00e1si szolg\u00e1ltat\u00e1saink testreszabott megold\u00e1sokat k\u00edn\u00e1lnak, bele\u00e9rtve a tengeri, l\u00e9gi \u00e9s f\u00f6ldi lehet\u0151s\u00e9geket.<\/li><\/ul><p><strong>13. Val\u00f3s idej\u0171 nyomon k\u00f6vet\u00e9s \u00e9s t\u00e1mogat\u00e1s<\/strong><\/p><p>14. Maradj t\u00e1j\u00e9kozott a ki\u00e1ll\u00edt\u00e1st\u00f3l a k\u00e9zbes\u00edt\u00e9sig a val\u00f3s idej\u0171 nyomon k\u00f6vet\u00e9si szolg\u00e1ltat\u00e1sunkkal. A ki\u00e1ll\u00edt\u00e1s ut\u00e1n megkapod a nyomon k\u00f6vet\u00e9si sz\u00e1mot, hogy nyomon k\u00f6vesd rendel\u00e9sed el\u0151rehalad\u00e1s\u00e1t. Szak\u00e9rt\u0151 t\u00e1mogat\u00e1si csapatunk mindig el\u00e9rhet\u0151, hogy friss\u00edt\u00e9seket ny\u00fajtson \u00e9s b\u00e1rmilyen sz\u00e1ll\u00edt\u00e1si k\u00e9rd\u00e9ssel seg\u00edtsen.<\/p><p><strong>15. Sz\u00e1rmaz\u00e1si v\u00e1m \u00e9s megfelel\u00e9s<\/strong><\/p><p>16. A Lynnhan nemzetk\u00f6zi sz\u00e1ll\u00edt\u00e1sban szerzett szak\u00e9rtelem biztos\u00edtja a z\u00f6kken\u0151mentes v\u00e1mkezel\u00e9si folyamatot. Minden sz\u00fcks\u00e9ges dokument\u00e1ci\u00f3t \u00e9s megfelel\u00e9si k\u00f6vetelm\u00e9nyt kezel\u00fcnk, minimaliz\u00e1lva a k\u00e9sedelmeket \u00e9s biztos\u00edtva, hogy a sz\u00e1ll\u00edtm\u00e1nyod megfeleljen a helyi szab\u00e1lyoz\u00e1soknak.<\/p><p><strong>17. K\u00f6rnyezetbar\u00e1t csomagol\u00e1s \u00e9s sz\u00e1ll\u00edt\u00e1s<\/strong><\/p><p>18. Elk\u00f6telezettek vagyunk a fenntarthat\u00f3s\u00e1g ir\u00e1nt. A Lynnhan k\u00f6rnyezetbar\u00e1t csomagol\u00e1si anyagokat haszn\u00e1l \u00e9s optimaliz\u00e1lja a sz\u00e1ll\u00edt\u00e1si \u00fatvonalakat, hogy cs\u00f6kkentse az k\u00f6rnyezeti hat\u00e1sunkat. A z\u00f6ld sz\u00e1ll\u00edt\u00e1si lehet\u0151s\u00e9geink r\u00e9szei elk\u00f6telezetts\u00e9g\u00fcnknek a bolyg\u00f3 v\u00e9delme ir\u00e1nt, mik\u00f6zben kiszolg\u00e1ljuk v\u00e1llalkoz\u00e1sod ig\u00e9nyeit.<\/p><p><strong>19. Sz\u00e1ll\u00edt\u00e1si d\u00edjak \u00e9s ir\u00e1nyelvek<\/strong><\/p><p>20. Versenyk\u00e9pes sz\u00e1ll\u00edt\u00e1si d\u00edjainkat az rendel\u00e9s m\u00e9rete, s\u00falya \u00e9s c\u00e9l\u00e1llom\u00e1sa alapj\u00e1n sz\u00e1moljuk ki. R\u00e9szletes inform\u00e1ci\u00f3k a sz\u00e1ll\u00edt\u00e1si k\u00f6lts\u00e9gekr\u0151l \u00e9s ir\u00e1nyelvekr\u0151l honlapunkon vagy \u00fcgyf\u00e9lszolg\u00e1latunkn\u00e1l kaphatod meg. C\u00e9lunk \u00e1tl\u00e1that\u00f3 \u00e1raz\u00e1st k\u00edn\u00e1lni rejtett d\u00edjak n\u00e9lk\u00fcl.<\/p><p><strong>21. Hogyan szervezz sz\u00e1ll\u00edt\u00e1st<\/strong><\/p><p>22. Rendel\u00e9s lead<\/p><p>At Lynnhan, we\u2019re dedicated to providing you with efficient, reliable, and tailored shipping solutions. Our goal is to support your business by ensuring your products are delivered on time and in perfect condition, no matter where in the world you\u2019re located.<\/p>\t\t\t\t\t\t\t\t<\/div>\n\t\t\t\t<\/div>\n\t\t\t\t\t<\/div>\n\t\t\t\t<\/div>\n\t\t\t\t<\/div>","protected":false},"excerpt":{"rendered":"<p>Shipping Solutions at Lynnhan: Efficient and Reliable Delivery Tailored Shipping for Your Business At Lynnhan, we understand that reliable and efficient shipping is crucial for your business operations. Our comprehensive [\u2026]<\/p>","protected":false},"author":1,"featured_media":0,"parent":0,"menu_order":0,"comment_status":"closed","ping_status":"closed","template":"","meta":{"footnotes":""},"class_list":["post-540","page","type-page","status-publish","hentry"],"yoast_head":"<!-- This site is optimized with the Yoast SEO plugin v26.6 - https:\/\/yoast.com\/wordpress\/plugins\/seo\/ -->\n<title>LynnHan Standbyme TV supplier Shipping<\/title>\n<meta name=\"description\" content=\"Hassle-free shipping starts at LynnHan Standbyme TV supplier. Our comprehensive guide ensures your packages arrive safely and on time.\" \/>\n<meta name=\"robots\" content=\"index, follow, max-snippet:-1, max-image-preview:large, max-video-preview:-1\" \/>\n<link rel=\"canonical\" href=\"https:\/\/lynnhan.com\/hu\/shipping\/\" \/>\n<meta property=\"og:locale\" content=\"hu_HU\" \/>\n<meta property=\"og:type\" content=\"article\" \/>\n<meta property=\"og:title\" content=\"LynnHan Standbyme TV supplier Shipping\" \/>\n<meta property=\"og:description\" content=\"Hassle-free shipping starts at LynnHan Standbyme TV supplier. Our comprehensive guide ensures your packages arrive safely and on time.\" \/>\n<meta property=\"og:url\" content=\"https:\/\/lynnhan.com\/hu\/shipping\/\" \/>\n<meta property=\"og:site_name\" content=\"Lynnhan - Trusted Supplier | LED\/OLED\/LCD\/E-paper digital signages\" \/>\n<meta property=\"article:modified_time\" content=\"2024-12-18T09:42:17+00:00\" \/>\n<meta property=\"og:image\" content=\"https:\/\/pub-78925c7bf9ca4c6d820df8293a5c116c.r2.dev\/2024\/12\/shipment.webp\" \/>\n<meta name=\"twitter:card\" content=\"summary_large_image\" \/>\n<meta name=\"twitter:label1\" content=\"Becs\u00fclt olvas\u00e1si id\u0151\" \/>\n\t<meta name=\"twitter:data1\" content=\"3 perc\" \/>\n<script type=\"application\/ld+json\" class=\"yoast-schema-graph\">{\"@context\":\"https:\/\/schema.org\",\"@graph\":[{\"@type\":\"WebPage\",\"@id\":\"https:\/\/lynnhan.com\/be\/shipping\/\",\"url\":\"https:\/\/lynnhan.com\/be\/shipping\/\",\"name\":\"LynnHan Standbyme TV supplier Shipping\",\"isPartOf\":{\"@id\":\"https:\/\/lynnhan.com\/km\/#website\"},\"primaryImageOfPage\":{\"@id\":\"https:\/\/lynnhan.com\/be\/shipping\/#primaryimage\"},\"image\":{\"@id\":\"https:\/\/lynnhan.com\/be\/shipping\/#primaryimage\"},\"thumbnailUrl\":\"https:\/\/pub-78925c7bf9ca4c6d820df8293a5c116c.r2.dev\/2024\/12\/shipment.webp\",\"datePublished\":\"2024-02-27T08:44:39+00:00\",\"dateModified\":\"2024-12-18T09:42:17+00:00\",\"description\":\"Hassle-free shipping starts at LynnHan Standbyme TV supplier. Our comprehensive guide ensures your packages arrive safely and on time.\",\"breadcrumb\":{\"@id\":\"https:\/\/lynnhan.com\/be\/shipping\/#breadcrumb\"},\"inLanguage\":\"hu\",\"potentialAction\":[{\"@type\":\"ReadAction\",\"target\":[\"https:\/\/lynnhan.com\/be\/shipping\/\"]}]},{\"@type\":\"ImageObject\",\"inLanguage\":\"hu\",\"@id\":\"https:\/\/lynnhan.com\/be\/shipping\/#primaryimage\",\"url\":\"https:\/\/pub-78925c7bf9ca4c6d820df8293a5c116c.r2.dev\/2024\/12\/shipment.webp\",\"contentUrl\":\"https:\/\/pub-78925c7bf9ca4c6d820df8293a5c116c.r2.dev\/2024\/12\/shipment.webp\"},{\"@type\":\"BreadcrumbList\",\"@id\":\"https:\/\/lynnhan.com\/be\/shipping\/#breadcrumb\",\"itemListElement\":[{\"@type\":\"ListItem\",\"position\":1,\"name\":\"Home\",\"item\":\"https:\/\/lynnhan.com\/\"},{\"@type\":\"ListItem\",\"position\":2,\"name\":\"Shipping\"}]},{\"@type\":\"WebSite\",\"@id\":\"https:\/\/lynnhan.com\/km\/#website\",\"url\":\"https:\/\/lynnhan.com\/km\/\",\"name\":\"Lynnhan - Trusted Supplier | LED\/OLED\/LCD\/E-paper digital signages\",\"description\":\"Lynnhan - Trusted Supplier |  LED\/OLED\/LCD\/E-paper digital signages\",\"publisher\":{\"@id\":\"https:\/\/lynnhan.com\/km\/#organization\"},\"potentialAction\":[{\"@type\":\"SearchAction\",\"target\":{\"@type\":\"EntryPoint\",\"urlTemplate\":\"https:\/\/lynnhan.com\/km\/?s={search_term_string}\"},\"query-input\":{\"@type\":\"PropertyValueSpecification\",\"valueRequired\":true,\"valueName\":\"search_term_string\"}}],\"inLanguage\":\"hu\"},{\"@type\":\"Organization\",\"@id\":\"https:\/\/lynnhan.com\/km\/#organization\",\"name\":\"Lynnhan - Trusted Supplier | LED\/OLED\/LCD\/E-paper digital signages\",\"url\":\"https:\/\/lynnhan.com\/km\/\",\"logo\":{\"@type\":\"ImageObject\",\"inLanguage\":\"hu\",\"@id\":\"https:\/\/lynnhan.com\/km\/#\/schema\/logo\/image\/\",\"url\":\"https:\/\/pub-78925c7bf9ca4c6d820df8293a5c116c.r2.dev\/2024\/07\/LynnHan-logo3.png\",\"contentUrl\":\"https:\/\/pub-78925c7bf9ca4c6d820df8293a5c116c.r2.dev\/2024\/07\/LynnHan-logo3.png\",\"width\":390,\"height\":130,\"caption\":\"Lynnhan - Trusted Supplier | LED\/OLED\/LCD\/E-paper digital signages\"},\"image\":{\"@id\":\"https:\/\/lynnhan.com\/km\/#\/schema\/logo\/image\/\"}}]}<\/script>\n<!-- \/ Yoast SEO plugin. -->","yoast_head_json":{"title":"LynnHan Standbyme TV supplier Shipping","description":"Hassle-free shipping starts at LynnHan Standbyme TV supplier. Our comprehensive guide ensures your packages arrive safely and on time.","robots":{"index":"index","follow":"follow","max-snippet":"max-snippet:-1","max-image-preview":"max-image-preview:large","max-video-preview":"max-video-preview:-1"},"canonical":"https:\/\/lynnhan.com\/hu\/shipping\/","og_locale":"hu_HU","og_type":"article","og_title":"LynnHan Standbyme TV supplier Shipping","og_description":"Hassle-free shipping starts at LynnHan Standbyme TV supplier. Our comprehensive guide ensures your packages arrive safely and on time.","og_url":"https:\/\/lynnhan.com\/hu\/shipping\/","og_site_name":"Lynnhan - Trusted Supplier | LED\/OLED\/LCD\/E-paper digital signages","article_modified_time":"2024-12-18T09:42:17+00:00","og_image":[{"url":"https:\/\/pub-78925c7bf9ca4c6d820df8293a5c116c.r2.dev\/2024\/12\/shipment.webp","type":"","width":"","height":""}],"twitter_card":"summary_large_image","twitter_misc":{"Becs\u00fclt olvas\u00e1si id\u0151":"3 perc"},"schema":{"@context":"https:\/\/schema.org","@graph":[{"@type":"WebPage","@id":"https:\/\/lynnhan.com\/be\/shipping\/","url":"https:\/\/lynnhan.com\/be\/shipping\/","name":"LynnHan Standbyme TV supplier Shipping","isPartOf":{"@id":"https:\/\/lynnhan.com\/km\/#website"},"primaryImageOfPage":{"@id":"https:\/\/lynnhan.com\/be\/shipping\/#primaryimage"},"image":{"@id":"https:\/\/lynnhan.com\/be\/shipping\/#primaryimage"},"thumbnailUrl":"https:\/\/pub-78925c7bf9ca4c6d820df8293a5c116c.r2.dev\/2024\/12\/shipment.webp","datePublished":"2024-02-27T08:44:39+00:00","dateModified":"2024-12-18T09:42:17+00:00","description":"Hassle-free shipping starts at LynnHan Standbyme TV supplier. Our comprehensive guide ensures your packages arrive safely and on time.","breadcrumb":{"@id":"https:\/\/lynnhan.com\/be\/shipping\/#breadcrumb"},"inLanguage":"hu","potentialAction":[{"@type":"ReadAction","target":["https:\/\/lynnhan.com\/be\/shipping\/"]}]},{"@type":"ImageObject","inLanguage":"hu","@id":"https:\/\/lynnhan.com\/be\/shipping\/#primaryimage","url":"https:\/\/pub-78925c7bf9ca4c6d820df8293a5c116c.r2.dev\/2024\/12\/shipment.webp","contentUrl":"https:\/\/pub-78925c7bf9ca4c6d820df8293a5c116c.r2.dev\/2024\/12\/shipment.webp"},{"@type":"BreadcrumbList","@id":"https:\/\/lynnhan.com\/be\/shipping\/#breadcrumb","itemListElement":[{"@type":"ListItem","position":1,"name":"Home","item":"https:\/\/lynnhan.com\/"},{"@type":"ListItem","position":2,"name":"Shipping"}]},{"@type":"WebSite","@id":"https:\/\/lynnhan.com\/km\/#website","url":"https:\/\/lynnhan.com\/km\/","name":"Lynnhan - Megb\u00edzhat\u00f3 sz\u00e1ll\u00edt\u00f3 | LED\/OLED\/LCD\/E-paper digit\u00e1lis t\u00e1bl\u00e1k","description":"Lynnhan - Megb\u00edzhat\u00f3 sz\u00e1ll\u00edt\u00f3 | LED\/OLED\/LCD\/E-paper digit\u00e1lis t\u00e1bl\u00e1k","publisher":{"@id":"https:\/\/lynnhan.com\/km\/#organization"},"potentialAction":[{"@type":"SearchAction","target":{"@type":"EntryPoint","urlTemplate":"https:\/\/lynnhan.com\/km\/?s={search_term_string}"},"query-input":{"@type":"PropertyValueSpecification","valueRequired":true,"valueName":"search_term_string"}}],"inLanguage":"hu"},{"@type":"Organization","@id":"https:\/\/lynnhan.com\/km\/#organization","name":"Lynnhan - Megb\u00edzhat\u00f3 sz\u00e1ll\u00edt\u00f3 | LED\/OLED\/LCD\/E-paper digit\u00e1lis t\u00e1bl\u00e1k","url":"https:\/\/lynnhan.com\/km\/","logo":{"@type":"ImageObject","inLanguage":"hu","@id":"https:\/\/lynnhan.com\/km\/#\/schema\/logo\/image\/","url":"https:\/\/pub-78925c7bf9ca4c6d820df8293a5c116c.r2.dev\/2024\/07\/LynnHan-logo3.png","contentUrl":"https:\/\/pub-78925c7bf9ca4c6d820df8293a5c116c.r2.dev\/2024\/07\/LynnHan-logo3.png","width":390,"height":130,"caption":"Lynnhan - Trusted Supplier | LED\/OLED\/LCD\/E-paper digital signages"},"image":{"@id":"https:\/\/lynnhan.com\/km\/#\/schema\/logo\/image\/"}}]}},"jetpack_sharing_enabled":true,"_links":{"self":[{"href":"https:\/\/lynnhan.com\/hu\/wp-json\/wp\/v2\/pages\/540","targetHints":{"allow":["GET"]}}],"collection":[{"href":"https:\/\/lynnhan.com\/hu\/wp-json\/wp\/v2\/pages"}],"about":[{"href":"https:\/\/lynnhan.com\/hu\/wp-json\/wp\/v2\/types\/page"}],"author":[{"embeddable":true,"href":"https:\/\/lynnhan.com\/hu\/wp-json\/wp\/v2\/users\/1"}],"replies":[{"embeddable":true,"href":"https:\/\/lynnhan.com\/hu\/wp-json\/wp\/v2\/comments?post=540"}],"version-history":[{"count":0,"href":"https:\/\/lynnhan.com\/hu\/wp-json\/wp\/v2\/pages\/540\/revisions"}],"wp:attachment":[{"href":"https:\/\/lynnhan.com\/hu\/wp-json\/wp\/v2\/media?parent=540"}],"curies":[{"name":"wp","href":"https:\/\/api.w.org\/{rel}","templated":true}]}}