{"id":535,"date":"2024-02-27T08:28:56","date_gmt":"2024-02-27T08:28:56","guid":{"rendered":"https:\/\/lynnhan.com\/?page_id=535"},"modified":"2024-12-18T10:25:48","modified_gmt":"2024-12-18T10:25:48","slug":"payments","status":"publish","type":"page","link":"https:\/\/lynnhan.com\/hu\/payments\/","title":{"rendered":"Fizet\u00e9sek"},"content":{"rendered":"<div data-elementor-type=\"wp-page\" data-elementor-id=\"535\" class=\"elementor elementor-535\" data-elementor-post-type=\"page\">\n\t\t\t\t<div class=\"elementor-element elementor-element-142d8d4 e-flex e-con-boxed e-con e-parent\" data-id=\"142d8d4\" data-element_type=\"container\">\n\t\t\t\t\t<div class=\"e-con-inner\">\n\t\t\t\t<div class=\"elementor-element elementor-element-6619f7f elementor-widget elementor-widget-image\" data-id=\"6619f7f\" data-element_type=\"widget\" data-widget_type=\"image.default\">\n\t\t\t\t<div class=\"elementor-widget-container\">\n\t\t\t\t\t\t\t\t\t\t\t\t\t\t\t<img fetchpriority=\"high\" decoding=\"async\" width=\"1920\" height=\"1076\" src=\"https:\/\/pub-78925c7bf9ca4c6d820df8293a5c116c.r2.dev\/2024\/12\/payments-2.webp\" class=\"attachment-full size-full wp-image-3303\" alt=\"All in One LED manufacturer Payments\" srcset=\"https:\/\/pub-78925c7bf9ca4c6d820df8293a5c116c.r2.dev\/2024\/12\/payments-2.webp 1920w, https:\/\/pub-78925c7bf9ca4c6d820df8293a5c116c.r2.dev\/2024\/12\/payments-2-700x392.webp 700w, https:\/\/pub-78925c7bf9ca4c6d820df8293a5c116c.r2.dev\/2024\/12\/payments-2-1024x574.webp 1024w, https:\/\/pub-78925c7bf9ca4c6d820df8293a5c116c.r2.dev\/2024\/12\/payments-2-768x430.webp 768w, https:\/\/pub-78925c7bf9ca4c6d820df8293a5c116c.r2.dev\/2024\/12\/payments-2-1536x861.webp 1536w, https:\/\/pub-78925c7bf9ca4c6d820df8293a5c116c.r2.dev\/2024\/12\/payments-2-18x10.webp 18w, https:\/\/pub-78925c7bf9ca4c6d820df8293a5c116c.r2.dev\/2024\/12\/payments-2-1140x639.webp 1140w, https:\/\/pub-78925c7bf9ca4c6d820df8293a5c116c.r2.dev\/2024\/12\/payments-2-920x516.webp 920w, https:\/\/pub-78925c7bf9ca4c6d820df8293a5c116c.r2.dev\/2024\/12\/payments-2-575x322.webp 575w, https:\/\/pub-78925c7bf9ca4c6d820df8293a5c116c.r2.dev\/2024\/12\/payments-2-380x213.webp 380w, https:\/\/pub-78925c7bf9ca4c6d820df8293a5c116c.r2.dev\/2024\/12\/payments-2-1320x740.webp 1320w, https:\/\/pub-78925c7bf9ca4c6d820df8293a5c116c.r2.dev\/2024\/12\/payments-2-800x448.webp 800w\" sizes=\"(max-width: 1920px) 100vw, 1920px\" \/>\t\t\t\t\t\t\t\t\t\t\t\t\t\t\t<\/div>\n\t\t\t\t<\/div>\n\t\t\t\t\t<\/div>\n\t\t\t\t<\/div>\n\t\t<div class=\"elementor-element elementor-element-d66f236 e-flex e-con-boxed e-con e-parent\" data-id=\"d66f236\" data-element_type=\"container\">\n\t\t\t\t\t<div class=\"e-con-inner\">\n\t\t\t\t<div class=\"elementor-element elementor-element-c3f9628 elementor-widget elementor-widget-text-editor\" data-id=\"c3f9628\" data-element_type=\"widget\" data-widget_type=\"text-editor.default\">\n\t\t\t\t<div class=\"elementor-widget-container\">\n\t\t\t\t\t\t\t\t\t<h3>1. Fizet\u00e9si megold\u00e1sok a Lynnhan-n\u00e1l: Egyszer\u0171s\u00edtett \u00e9s biztons\u00e1gos tranzakci\u00f3k<\/h3><p><strong>2. rugalmas fizet\u00e9si lehet\u0151s\u00e9gek a v\u00e1llalkoz\u00e1s ig\u00e9nyeihez<\/strong><\/p><p>3. A Lynnhan-n\u00e1l meg\u00e9rtj\u00fck a rugalmas \u00e9s biztons\u00e1gos fizet\u00e9si megold\u00e1sok fontoss\u00e1g\u00e1t a v\u00e1llalkoz\u00e1sok sz\u00e1m\u00e1ra. C\u00e9lunk, hogy a v\u00e1s\u00e1rl\u00e1si folyamatot lehet\u0151leg egyszer\u0171s\u00edtett \u00e9s z\u00f6kken\u0151mentes legyen. Ez\u00e9rt k\u00edn\u00e1lunk k\u00fcl\u00f6nb\u00f6z\u0151 fizet\u00e9si lehet\u0151s\u00e9geket, amelyek a B2B \u00fcgyfeleink v\u00e1ltozatos ig\u00e9nyeit el\u00e9g\u00edtik ki.<\/p><p><strong>4. Biztons\u00e1gos online fizet\u00e9sek<\/strong><\/p><p>5. K\u00e9nyelem \u00e9s hat\u00e9konys\u00e1g \u00e9rdek\u00e9ben a Lynnhan t\u00e1mogatja a biztons\u00e1gos online fizet\u00e9seket. Platformunk elfogadja a f\u0151bb hitelk\u00e1rty\u00e1kat, bele\u00e9rtve a Visa, MasterCard \u00e9s American Express k\u00e1rty\u00e1kat, valamint a PayPal-t gyors \u00e9s egyszer\u0171 tranzakci\u00f3khoz. A biztons\u00e1gos fizet\u00e9si kapu biztos\u00edtja, hogy a p\u00e9nz\u00fcgyi adatai mindig is v\u00e9delem alatt \u00e1llnak, el\u0151rehaladott titkos\u00edt\u00e1si \u00e9s biztons\u00e1gi protokollt haszn\u00e1lva.<\/p><p><strong>6. Banki \u00e1tutal\u00e1sok (T\/T \u00e9s Western Union)<br \/><\/strong><\/p><p>7. Nagyobb rendel\u00e9sek vagy egyedi megold\u00e1sok eset\u00e9n k\u00f6zvetlen banki \u00e1tutal\u00e1st is k\u00edn\u00e1lunk. Ez a lehet\u0151s\u00e9g nagyobb rugalmass\u00e1got biztos\u00edt a p\u00e9nz\u00fcgyek kezel\u00e9s\u00e9ben, \u00e9s ide\u00e1lis a hagyom\u00e1nyos fizet\u00e9si m\u00f3dokat prefer\u00e1l\u00f3 v\u00e1llalkoz\u00e1sok sz\u00e1m\u00e1ra. V\u00e1s\u00e1rl\u00f3i szolg\u00e1ltat\u00e1s csapatunk megadja \u00d6nnek az \u00f6sszes sz\u00fcks\u00e9ges r\u00e9szletet a z\u00f6kken\u0151mentes banki \u00e1tutal\u00e1s el\u0151seg\u00edt\u00e9s\u00e9re.<\/p><p><strong>8. Egyedi fizet\u00e9si tervek<\/strong><\/p><p>9. Meg\u00e9rtve, hogy minden v\u00e1llalkoz\u00e1s egyedi ig\u00e9nyekkel rendelkezik, a Lynnhan nyitott az egyedi fizet\u00e9si tervek megbesz\u00e9l\u00e9s\u00e9re. Legyen az egy r\u00e9szletes fizet\u00e9si \u00fctemterv vagy egy testreszabott finansz\u00edroz\u00e1si megold\u00e1s, csapata elk\u00f6telezett amellett, hogy egy\u00fcttm\u0171k\u00f6dik \u00d6nnel egy fizet\u00e9si szerkezet megtal\u00e1l\u00e1s\u00e1ban, amely megfelel v\u00e1llalkoz\u00e1s\u00e1nak ig\u00e9nyeinek.<\/p><p><strong>10. Biztons\u00e1gos tranzakci\u00f3s folyamat<\/strong><\/p><p>11. A biztons\u00e1g a fizet\u00e9sek szempontj\u00e1b\u00f3l els\u0151 helyen \u00e1ll n\u00e1lunk. A Lynnhan a legmodernebb biztons\u00e1gi int\u00e9zked\u00e9seket alkalmazza tranzakci\u00f3i \u00e9s szem\u00e9lyes adatainak v\u00e9delm\u00e9re. A PCI DSS szabv\u00e1nyoknak val\u00f3 megfelel\u00e9s biztos\u00edtja, hogy a fizet\u00e9se a legbiztons\u00e1gosabb k\u00f6rnyezetben ker\u00fcl feldolgoz\u00e1sra.<\/p><p><strong>12. K\u00f6zvetlen t\u00e1mogat\u00e1s<\/strong><\/p><p>13. K\u00f6zvetlen v\u00e1s\u00e1rl\u00f3i t\u00e1mogat\u00e1s csapatunk itt \u00e1ll az \u00d6n rendelkez\u00e9s\u00e9re b\u00e1rmely fizet\u00e9si k\u00e9rd\u00e9ssel vagy probl\u00e9m\u00e1val kapcsolatban. B\u00e1rmilyen seg\u00edts\u00e9gre van sz\u00fcks\u00e9ge a megfelel\u0151 fizet\u00e9si lehet\u0151s\u00e9g kiv\u00e1laszt\u00e1s\u00e1hoz, a sz\u00e1mla meg\u00e9rt\u00e9s\u00e9hez vagy a fizet\u00e9si tervek megbesz\u00e9l\u00e9s\u00e9hez, itt vagyunk, hogy biztos\u00edtsuk a z\u00f6kken\u0151mentes tranzakci\u00f3s \u00e9lm\u00e9nyt.<\/p><p><strong>14. Hogyan fizethet a Lynnhan-n\u00e1l<\/strong><\/p><p>15. A fizet\u00e9s a Lynnhan-n\u00e1l egyszer\u0171. Miut\u00e1n leadta rendel\u00e9s\u00e9t, r\u00e9szletes fizet\u00e9si utas\u00edt\u00e1sokat tartalmaz\u00f3 sz\u00e1ml\u00e1t fog kapni. V\u00e1lassza ki prefer\u00e1lt fizet\u00e9si m\u00f3dszer\u00e9t, \u00e9s k\u00f6vesse az utas\u00edt\u00e1sokat a tranzakci\u00f3 befejez\u00e9s\u00e9hez. V\u00e1s\u00e1rl\u00f3i t\u00e1mogat\u00e1s csapatunk mindig rendelkez\u00e9sre \u00e1ll, hogy seg\u00edtsen az elj\u00e1r\u00e1s sor\u00e1n, ha sz\u00fcks\u00e9ges.<\/p><p>16. A Lynnhan elk\u00f6telezett a B2B \u00fcgyfelek sz\u00e1m\u00e1ra ny\u00fajtott biztons\u00e1gos, rugalmas \u00e9s k\u00e9nyelmes fizet\u00e9si megold\u00e1sok biztos\u00edt\u00e1sa mellett. A fizet\u00e9si lehet\u0151s\u00e9geink sk\u00e1l\u00e1z\u00e1sa a v\u00e1llalkoz\u00e1s specifikus ig\u00e9nyeinek megfelel\u0151en<\/p>\t\t\t\t\t\t\t\t<\/div>\n\t\t\t\t<\/div>\n\t\t\t\t\t<\/div>\n\t\t\t\t<\/div>\n\t\t\t\t<\/div>","protected":false},"excerpt":{"rendered":"<p>Payment Solutions at Lynnhan: Streamlined and Secure Transactions Flexible Payment Options for Your Business Needs At Lynnhan, we understand the importance of flexible and secure payment solutions for businesses. Our [\u2026]<\/p>","protected":false},"author":1,"featured_media":0,"parent":0,"menu_order":0,"comment_status":"closed","ping_status":"closed","template":"","meta":{"footnotes":""},"class_list":["post-535","page","type-page","status-publish","hentry"],"yoast_head":"<!-- This site is optimized with the Yoast SEO plugin v26.6 - https:\/\/yoast.com\/wordpress\/plugins\/seo\/ -->\n<title>Payments: Lynnhan portable TV supplier<\/title>\n<meta name=\"description\" content=\"Discover how Lynnhan portable TV supplier Payments transforms your online purchases into smooth, effortless experiences.\" \/>\n<meta name=\"robots\" content=\"index, follow, max-snippet:-1, max-image-preview:large, max-video-preview:-1\" \/>\n<link rel=\"canonical\" href=\"https:\/\/lynnhan.com\/hu\/payments\/\" \/>\n<meta property=\"og:locale\" content=\"hu_HU\" \/>\n<meta property=\"og:type\" content=\"article\" \/>\n<meta property=\"og:title\" content=\"Payments: Lynnhan portable TV supplier\" \/>\n<meta property=\"og:description\" content=\"Discover how Lynnhan portable TV supplier Payments transforms your online purchases into smooth, effortless experiences.\" \/>\n<meta property=\"og:url\" content=\"https:\/\/lynnhan.com\/hu\/payments\/\" \/>\n<meta property=\"og:site_name\" content=\"Lynnhan - Trusted Supplier | LED\/OLED\/LCD\/E-paper digital signages\" \/>\n<meta property=\"article:modified_time\" content=\"2024-12-18T10:25:48+00:00\" \/>\n<meta property=\"og:image\" content=\"https:\/\/pub-78925c7bf9ca4c6d820df8293a5c116c.r2.dev\/2024\/12\/payments-2.webp\" \/>\n<meta name=\"twitter:card\" content=\"summary_large_image\" \/>\n<meta name=\"twitter:label1\" content=\"Becs\u00fclt olvas\u00e1si id\u0151\" \/>\n\t<meta name=\"twitter:data1\" content=\"2 perc\" \/>\n<script type=\"application\/ld+json\" class=\"yoast-schema-graph\">{\"@context\":\"https:\/\/schema.org\",\"@graph\":[{\"@type\":\"WebPage\",\"@id\":\"https:\/\/lynnhan.com\/payments\/\",\"url\":\"https:\/\/lynnhan.com\/payments\/\",\"name\":\"Payments: Lynnhan portable TV supplier\",\"isPartOf\":{\"@id\":\"https:\/\/lynnhan.com\/km\/#website\"},\"primaryImageOfPage\":{\"@id\":\"https:\/\/lynnhan.com\/payments\/#primaryimage\"},\"image\":{\"@id\":\"https:\/\/lynnhan.com\/payments\/#primaryimage\"},\"thumbnailUrl\":\"https:\/\/pub-78925c7bf9ca4c6d820df8293a5c116c.r2.dev\/2024\/12\/payments-2.webp\",\"datePublished\":\"2024-02-27T08:28:56+00:00\",\"dateModified\":\"2024-12-18T10:25:48+00:00\",\"description\":\"Discover how Lynnhan portable TV supplier Payments transforms your online purchases into smooth, effortless experiences.\",\"breadcrumb\":{\"@id\":\"https:\/\/lynnhan.com\/payments\/#breadcrumb\"},\"inLanguage\":\"hu\",\"potentialAction\":[{\"@type\":\"ReadAction\",\"target\":[\"https:\/\/lynnhan.com\/payments\/\"]}]},{\"@type\":\"ImageObject\",\"inLanguage\":\"hu\",\"@id\":\"https:\/\/lynnhan.com\/payments\/#primaryimage\",\"url\":\"https:\/\/pub-78925c7bf9ca4c6d820df8293a5c116c.r2.dev\/2024\/12\/payments-2.webp\",\"contentUrl\":\"https:\/\/pub-78925c7bf9ca4c6d820df8293a5c116c.r2.dev\/2024\/12\/payments-2.webp\"},{\"@type\":\"BreadcrumbList\",\"@id\":\"https:\/\/lynnhan.com\/payments\/#breadcrumb\",\"itemListElement\":[{\"@type\":\"ListItem\",\"position\":1,\"name\":\"Home\",\"item\":\"https:\/\/lynnhan.com\/\"},{\"@type\":\"ListItem\",\"position\":2,\"name\":\"Payments\"}]},{\"@type\":\"WebSite\",\"@id\":\"https:\/\/lynnhan.com\/km\/#website\",\"url\":\"https:\/\/lynnhan.com\/km\/\",\"name\":\"Lynnhan - Trusted Supplier | LED\/OLED\/LCD\/E-paper digital signages\",\"description\":\"Lynnhan - Trusted Supplier |  LED\/OLED\/LCD\/E-paper digital signages\",\"publisher\":{\"@id\":\"https:\/\/lynnhan.com\/km\/#organization\"},\"potentialAction\":[{\"@type\":\"SearchAction\",\"target\":{\"@type\":\"EntryPoint\",\"urlTemplate\":\"https:\/\/lynnhan.com\/km\/?s={search_term_string}\"},\"query-input\":{\"@type\":\"PropertyValueSpecification\",\"valueRequired\":true,\"valueName\":\"search_term_string\"}}],\"inLanguage\":\"hu\"},{\"@type\":\"Organization\",\"@id\":\"https:\/\/lynnhan.com\/km\/#organization\",\"name\":\"Lynnhan - Trusted Supplier | LED\/OLED\/LCD\/E-paper digital signages\",\"url\":\"https:\/\/lynnhan.com\/km\/\",\"logo\":{\"@type\":\"ImageObject\",\"inLanguage\":\"hu\",\"@id\":\"https:\/\/lynnhan.com\/km\/#\/schema\/logo\/image\/\",\"url\":\"https:\/\/pub-78925c7bf9ca4c6d820df8293a5c116c.r2.dev\/2024\/07\/LynnHan-logo3.png\",\"contentUrl\":\"https:\/\/pub-78925c7bf9ca4c6d820df8293a5c116c.r2.dev\/2024\/07\/LynnHan-logo3.png\",\"width\":390,\"height\":130,\"caption\":\"Lynnhan - Trusted Supplier | LED\/OLED\/LCD\/E-paper digital signages\"},\"image\":{\"@id\":\"https:\/\/lynnhan.com\/km\/#\/schema\/logo\/image\/\"}}]}<\/script>\n<!-- \/ Yoast SEO plugin. -->","yoast_head_json":{"title":"Payments: Lynnhan portable TV supplier","description":"Discover how Lynnhan portable TV supplier Payments transforms your online purchases into smooth, effortless experiences.","robots":{"index":"index","follow":"follow","max-snippet":"max-snippet:-1","max-image-preview":"max-image-preview:large","max-video-preview":"max-video-preview:-1"},"canonical":"https:\/\/lynnhan.com\/hu\/payments\/","og_locale":"hu_HU","og_type":"article","og_title":"Payments: Lynnhan portable TV supplier","og_description":"Discover how Lynnhan portable TV supplier Payments transforms your online purchases into smooth, effortless experiences.","og_url":"https:\/\/lynnhan.com\/hu\/payments\/","og_site_name":"Lynnhan - Trusted Supplier | LED\/OLED\/LCD\/E-paper digital signages","article_modified_time":"2024-12-18T10:25:48+00:00","og_image":[{"url":"https:\/\/pub-78925c7bf9ca4c6d820df8293a5c116c.r2.dev\/2024\/12\/payments-2.webp","type":"","width":"","height":""}],"twitter_card":"summary_large_image","twitter_misc":{"Becs\u00fclt olvas\u00e1si id\u0151":"2 perc"},"schema":{"@context":"https:\/\/schema.org","@graph":[{"@type":"WebPage","@id":"https:\/\/lynnhan.com\/payments\/","url":"https:\/\/lynnhan.com\/payments\/","name":"Payments: Lynnhan portable TV supplier","isPartOf":{"@id":"https:\/\/lynnhan.com\/km\/#website"},"primaryImageOfPage":{"@id":"https:\/\/lynnhan.com\/payments\/#primaryimage"},"image":{"@id":"https:\/\/lynnhan.com\/payments\/#primaryimage"},"thumbnailUrl":"https:\/\/pub-78925c7bf9ca4c6d820df8293a5c116c.r2.dev\/2024\/12\/payments-2.webp","datePublished":"2024-02-27T08:28:56+00:00","dateModified":"2024-12-18T10:25:48+00:00","description":"Discover how Lynnhan portable TV supplier Payments transforms your online purchases into smooth, effortless experiences.","breadcrumb":{"@id":"https:\/\/lynnhan.com\/payments\/#breadcrumb"},"inLanguage":"hu","potentialAction":[{"@type":"ReadAction","target":["https:\/\/lynnhan.com\/payments\/"]}]},{"@type":"ImageObject","inLanguage":"hu","@id":"https:\/\/lynnhan.com\/payments\/#primaryimage","url":"https:\/\/pub-78925c7bf9ca4c6d820df8293a5c116c.r2.dev\/2024\/12\/payments-2.webp","contentUrl":"https:\/\/pub-78925c7bf9ca4c6d820df8293a5c116c.r2.dev\/2024\/12\/payments-2.webp"},{"@type":"BreadcrumbList","@id":"https:\/\/lynnhan.com\/payments\/#breadcrumb","itemListElement":[{"@type":"ListItem","position":1,"name":"Home","item":"https:\/\/lynnhan.com\/"},{"@type":"ListItem","position":2,"name":"Payments"}]},{"@type":"WebSite","@id":"https:\/\/lynnhan.com\/km\/#website","url":"https:\/\/lynnhan.com\/km\/","name":"Lynnhan - Megb\u00edzhat\u00f3 sz\u00e1ll\u00edt\u00f3 | LED\/OLED\/LCD\/E-paper digit\u00e1lis t\u00e1bl\u00e1k","description":"Lynnhan - Megb\u00edzhat\u00f3 sz\u00e1ll\u00edt\u00f3 | LED\/OLED\/LCD\/E-paper digit\u00e1lis t\u00e1bl\u00e1k","publisher":{"@id":"https:\/\/lynnhan.com\/km\/#organization"},"potentialAction":[{"@type":"SearchAction","target":{"@type":"EntryPoint","urlTemplate":"https:\/\/lynnhan.com\/km\/?s={search_term_string}"},"query-input":{"@type":"PropertyValueSpecification","valueRequired":true,"valueName":"search_term_string"}}],"inLanguage":"hu"},{"@type":"Organization","@id":"https:\/\/lynnhan.com\/km\/#organization","name":"Lynnhan - Megb\u00edzhat\u00f3 sz\u00e1ll\u00edt\u00f3 | LED\/OLED\/LCD\/E-paper digit\u00e1lis t\u00e1bl\u00e1k","url":"https:\/\/lynnhan.com\/km\/","logo":{"@type":"ImageObject","inLanguage":"hu","@id":"https:\/\/lynnhan.com\/km\/#\/schema\/logo\/image\/","url":"https:\/\/pub-78925c7bf9ca4c6d820df8293a5c116c.r2.dev\/2024\/07\/LynnHan-logo3.png","contentUrl":"https:\/\/pub-78925c7bf9ca4c6d820df8293a5c116c.r2.dev\/2024\/07\/LynnHan-logo3.png","width":390,"height":130,"caption":"Lynnhan - Trusted Supplier | LED\/OLED\/LCD\/E-paper digital signages"},"image":{"@id":"https:\/\/lynnhan.com\/km\/#\/schema\/logo\/image\/"}}]}},"jetpack_sharing_enabled":true,"_links":{"self":[{"href":"https:\/\/lynnhan.com\/hu\/wp-json\/wp\/v2\/pages\/535","targetHints":{"allow":["GET"]}}],"collection":[{"href":"https:\/\/lynnhan.com\/hu\/wp-json\/wp\/v2\/pages"}],"about":[{"href":"https:\/\/lynnhan.com\/hu\/wp-json\/wp\/v2\/types\/page"}],"author":[{"embeddable":true,"href":"https:\/\/lynnhan.com\/hu\/wp-json\/wp\/v2\/users\/1"}],"replies":[{"embeddable":true,"href":"https:\/\/lynnhan.com\/hu\/wp-json\/wp\/v2\/comments?post=535"}],"version-history":[{"count":0,"href":"https:\/\/lynnhan.com\/hu\/wp-json\/wp\/v2\/pages\/535\/revisions"}],"wp:attachment":[{"href":"https:\/\/lynnhan.com\/hu\/wp-json\/wp\/v2\/media?parent=535"}],"curies":[{"name":"wp","href":"https:\/\/api.w.org\/{rel}","templated":true}]}}