{"id":517,"date":"2024-02-27T08:02:52","date_gmt":"2024-02-27T08:02:52","guid":{"rendered":"https:\/\/lynnhan.com\/?page_id=517"},"modified":"2024-12-24T08:39:31","modified_gmt":"2024-12-24T08:39:31","slug":"miert-lynnhan","status":"publish","type":"page","link":"https:\/\/lynnhan.com\/hu\/miert-lynnhan\/","title":{"rendered":"18. m\u00b2 Term\u00e9kcsal\u00e1d"},"content":{"rendered":"<div data-elementor-type=\"wp-page\" data-elementor-id=\"517\" class=\"elementor elementor-517\" data-elementor-post-type=\"page\">\n\t\t\t\t<div class=\"elementor-element elementor-element-ac24e16 e-flex e-con-boxed e-con e-parent\" data-id=\"ac24e16\" data-element_type=\"container\">\n\t\t\t\t\t<div class=\"e-con-inner\">\n\t\t\t\t<div class=\"elementor-element elementor-element-a8ffeb6 elementor-widget elementor-widget-image\" data-id=\"a8ffeb6\" data-element_type=\"widget\" data-widget_type=\"image.default\">\n\t\t\t\t<div class=\"elementor-widget-container\">\n\t\t\t\t\t\t\t\t\t\t\t\t\t\t\t<img fetchpriority=\"high\" decoding=\"async\" width=\"1920\" height=\"1076\" src=\"https:\/\/pub-78925c7bf9ca4c6d820df8293a5c116c.r2.dev\/2024\/12\/Why-Lynnhan.webp\" class=\"attachment-full size-full wp-image-3274\" alt=\"Wlhy All in One LED manufacturer Lynnhan\" srcset=\"https:\/\/pub-78925c7bf9ca4c6d820df8293a5c116c.r2.dev\/2024\/12\/Why-Lynnhan.webp 1920w, https:\/\/pub-78925c7bf9ca4c6d820df8293a5c116c.r2.dev\/2024\/12\/Why-Lynnhan-700x392.webp 700w, https:\/\/pub-78925c7bf9ca4c6d820df8293a5c116c.r2.dev\/2024\/12\/Why-Lynnhan-1024x574.webp 1024w, https:\/\/pub-78925c7bf9ca4c6d820df8293a5c116c.r2.dev\/2024\/12\/Why-Lynnhan-768x430.webp 768w, https:\/\/pub-78925c7bf9ca4c6d820df8293a5c116c.r2.dev\/2024\/12\/Why-Lynnhan-1536x861.webp 1536w, https:\/\/pub-78925c7bf9ca4c6d820df8293a5c116c.r2.dev\/2024\/12\/Why-Lynnhan-18x10.webp 18w, https:\/\/pub-78925c7bf9ca4c6d820df8293a5c116c.r2.dev\/2024\/12\/Why-Lynnhan-1140x639.webp 1140w, https:\/\/pub-78925c7bf9ca4c6d820df8293a5c116c.r2.dev\/2024\/12\/Why-Lynnhan-920x516.webp 920w, https:\/\/pub-78925c7bf9ca4c6d820df8293a5c116c.r2.dev\/2024\/12\/Why-Lynnhan-575x322.webp 575w, https:\/\/pub-78925c7bf9ca4c6d820df8293a5c116c.r2.dev\/2024\/12\/Why-Lynnhan-380x213.webp 380w, https:\/\/pub-78925c7bf9ca4c6d820df8293a5c116c.r2.dev\/2024\/12\/Why-Lynnhan-1320x740.webp 1320w, https:\/\/pub-78925c7bf9ca4c6d820df8293a5c116c.r2.dev\/2024\/12\/Why-Lynnhan-800x448.webp 800w\" sizes=\"(max-width: 1920px) 100vw, 1920px\" \/>\t\t\t\t\t\t\t\t\t\t\t\t\t\t\t<\/div>\n\t\t\t\t<\/div>\n\t\t\t\t\t<\/div>\n\t\t\t\t<\/div>\n\t\t<div class=\"elementor-element elementor-element-1c5267a e-flex e-con-boxed e-con e-parent\" data-id=\"1c5267a\" data-element_type=\"container\">\n\t\t\t\t\t<div class=\"e-con-inner\">\n\t\t\t\t<div class=\"elementor-element elementor-element-fadb91b elementor-widget elementor-widget-text-editor\" data-id=\"fadb91b\" data-element_type=\"widget\" data-widget_type=\"text-editor.default\">\n\t\t\t\t<div class=\"elementor-widget-container\">\n\t\t\t\t\t\t\t\t\t<h3>1. Mi\u00e9rt Lynnhan: a Smart Technol\u00f3giai Megold\u00e1sok Partnered<\/h3><p><strong>2. Innovat\u00edv megold\u00e1sok a modern kih\u00edv\u00e1sokhoz<\/strong><\/p><p>3. Egy vil\u00e1gban, ahol a technol\u00f3gia gyorsabban fejl\u0151dik, mint a vill\u00e1m, a Lynnhan egy innov\u00e1ci\u00f3 \u00e9s megb\u00edzhat\u00f3s\u00e1g jelk\u00e9pe. Meg\u00e9rtj\u00fck a modern \u00fczleti \u00e9s oktat\u00e1si k\u00f6rnyezet bonyolults\u00e1gait, \u00e9s elk\u00f6telezettek vagyunk a bonyolult mesters\u00e9ges intelligencia AI \u00e9s a leg\u00fajabb technol\u00f3gi\u00e1k alkalmaz\u00e1s\u00e1ban, amelyek okos technol\u00f3giai megold\u00e1sokat k\u00edn\u00e1lnak ezek kih\u00edv\u00e1soknak val\u00f3 szemben\u00e9z\u00e9s\u00e9re. \u00cdme n\u00e9h\u00e1ny ok, mi\u00e9rt v\u00e1lassza a Lynnhan-t az \u00d6n szervezet\u00e9nek okos d\u00f6nt\u00e9se.<\/p><p><strong>4. P\u00e9ldaad\u00f3 szak\u00e9rtelem<\/strong><\/p><p>5. T\u00edz \u00e9vnyi tapasztalattal a smart technol\u00f3giai szektorban a Lynnhan jelent\u0151s tud\u00e1st \u00e9s tapasztalatot hoz a t\u00e1bl\u00e1hoz. Csoportunk szak\u00e9rt\u0151i m\u00e9lyen elk\u00f6telezettek a kutat\u00e1s \u00e9s fejleszt\u00e9s ir\u00e1nt, biztos\u00edtva, hogy minden k\u00edn\u00e1lt term\u00e9k a technol\u00f3gia cs\u00facs\u00e1n \u00e1lljon. Amikor v\u00e1lasztja a Lynnhan-t, nem csak egy besz\u00e1ll\u00edt\u00f3t kap, hanem egy partnerrel is, amelynek kiv\u00e1l\u00f3 teljes\u00edtm\u00e9nye bizony\u00edtott.<\/p><p><strong>6. Testreszabott megold\u00e1sok<\/strong><\/p><p>7. \u00d6r\u00f6mmel emelj\u00fck ki k\u00e9pess\u00e9g\u00fcnket, hogy term\u00e9keinket \u00e9s szolg\u00e1ltat\u00e1sainkat az \u00fcgyfeleink egyedi ig\u00e9nyeinek megfelel\u0151en alak\u00edtsuk. Az oktat\u00e1s \u00e9s az eg\u00e9szs\u00e9g\u00fcgyt\u0151l kezdve a kereskedelem \u00e9s a v\u00e1llalati k\u00f6rnyezetig, a Lynnhan sz\u00e9les k\u00f6r\u0171 okos t\u00e1bl\u00e1i, hordozhat\u00f3 telev\u00edzi\u00f3i, \u00e9rint\u0151k\u00e9perny\u0151i, tablett\u00e1i, laptopjai, mini PC-jei \u00e9s viselhet\u0151 eszk\u00f6zei testreszabhat\u00f3k a specifikus k\u00f6vetelm\u00e9nyeikhez. Rugalmas OEM\/ODM szolg\u00e1ltat\u00e1saink azt jelentik, hogy a l\u00e1tom\u00e1sa val\u00f3s\u00e1gg\u00e1 v\u00e1lhat, technol\u00f3giai megold\u00e1sokkal, amelyek kifejezetten \u00d6nnek lettek tervezve.<\/p><p><strong>Min\u0151s\u00e9gellen\u0151rz\u00e9s<\/strong><\/p><p>8. A min\u0151s\u00e9g nem csak egy c\u00e9l, hanem egy \u00edg\u00e9ret. A Lynnhan-n\u00e1l minden term\u00e9k szigor\u00fa tesztel\u00e9sen \u00e9s min\u0151s\u00e9gellen\u0151rz\u00e9si folyamatokon megy kereszt\u00fcl, hogy biztos\u00edtsuk a magas sz\u00ednvonalunknak megfelel\u0151 min\u0151s\u00e9get. Csak a legjobb anyagokat \u00e9s a leg\u00fajabb gy\u00e1rt\u00e1si technik\u00e1kat haszn\u00e1ljuk a megb\u00edzhat\u00f3s\u00e1g \u00e9s a tart\u00f3ss\u00e1g biztos\u00edt\u00e1sa \u00e9rdek\u00e9ben. Amikor a Lynnhan technol\u00f3gi\u00e1ba fektet, min\u0151s\u00e9get fektet be, amely tart\u00f3s.<\/p><p><strong>9. Fenntarthat\u00f3s\u00e1g \u00e9s felel\u0151ss\u00e9gv\u00e1llal\u00e1s<\/strong><\/p><p>10. Ahogy a j\u00f6v\u0151be haladunk, a Lynnhan fenntarthat\u00f3s\u00e1g \u00e9s etikus gyakorlatokra val\u00f3 elk\u00f6telezetts\u00e9ge tov\u00e1bbra is fenn\u00e1ll. Mindig keresg\u00e9lj\u00fck m\u00f3djait annak, hogy cs\u00f6kkents\u00fck az k\u00f6rnyezeti hat\u00e1sainkat, \u00e9s olyan term\u00e9keket fejlessz\u00fcnk, amelyek nem csak innovat\u00edvak, hanem k\u00f6rnyezetbar\u00e1tak is. A Lynnhan-val val\u00f3 egy\u00fcttm\u0171k\u00f6d\u00e9s az a lehet\u0151s\u00e9g, hogy egy olyan c\u00e9get t\u00e1mogat, amely ugyanolyan m\u00e9rt\u00e9kben agg\u00f3dik a bolyg\u00f3\u00e9rt, mint \u00d6n.<\/p><p><strong>11. Kiv\u00e1l\u00f3 \u00fcgyf\u00e9lszolg\u00e1lat<\/strong><\/p><p>12. Az \u00fcgyfeleinkkel val\u00f3 kapcsolatunk nem \u00e9r v\u00e9get az elad\u00e1s ut\u00e1n. A Lynnhan \u00e1tfog\u00f3 \u00fcgyf\u00e9lszolg\u00e1latot k\u00edn\u00e1l, a kezdeti konzult\u00e1ci\u00f3t\u00f3l kezdve az \u00fczembe helyez\u00e9sig, valamint a folyamatos technikai seg\u00edts\u00e9gny\u00fajt\u00e1sig \u00e9s k\u00e9pz\u00e9sig. Szak\u00e9rt\u0151 csapatunk mindig k\u00e9szen \u00e1ll arra, hogy seg\u00edtsen a Lynnhan megold\u00e1sokb\u00f3l a lehet\u0151 legjobbat hozni, biztos\u00edtva, hogy az \u00e9lm\u00e9nye z\u00f6kken\u0151mentes \u00e9s el\u00e9gedettet\u0151 legyen.<\/p><p><strong>13. Glob\u00e1lis el\u00e9rhet\u0151s\u00e9g, helyi hangv<\/strong><\/p><p>Lynnhan\u2019s global presence doesn\u2019t come at the expense of personalized service. We value our local customers and strive to understand and meet their needs with the same dedication and care as our international clients. Wherever you are, Lynnhan is there to support you.<\/p><p><strong>Investing in Your Success<\/strong><\/p><p>At Lynnhan, your success is our success. We\u2019re not just selling products; we\u2019re offering solutions that drive growth, enhance productivity, and improve lives. Our commitment to innovation, quality, and customer satisfaction is unwavering because we believe in building long-term partnerships with our clients.<\/p><p><strong>Choose Lynnhan: Where Innovation Meets Reliability<\/strong><\/p><p>When you choose Lynnhan, you\u2019re choosing a partner that is dedicated to your success. With our innovative solutions, customized approach, commitment to quality, and exceptional support, we\u2019re ready to help you tackle the challenges of today and tomorrow.<\/p><p>Discover the Lynnhan difference. Let\u2019s innovate together.<\/p>\t\t\t\t\t\t\t\t<\/div>\n\t\t\t\t<\/div>\n\t\t\t\t\t<\/div>\n\t\t\t\t<\/div>\n\t\t\t\t<\/div>","protected":false},"excerpt":{"rendered":"<p>Why Lynnhan: Your Partner in Smart Technology Solutions Innovative Solutions for Modern Challenges In a world where technology evolves at lightning speed, Lynnhan stands out as a beacon of innovation [\u2026]<\/p>","protected":false},"author":1,"featured_media":0,"parent":0,"menu_order":0,"comment_status":"closed","ping_status":"closed","template":"","meta":{"footnotes":""},"class_list":["post-517","page","type-page","status-publish","hentry"],"yoast_head":"<!-- This site is optimized with the Yoast SEO plugin v26.6 - https:\/\/yoast.com\/wordpress\/plugins\/seo\/ -->\n<title>Why Lynnhan ? Smart Tech, Smart Touch<\/title>\n<meta name=\"description\" content=\"Experience the LynnHan difference. From innovative products to dedicated support, see why we exceed expectations.\" \/>\n<meta name=\"robots\" content=\"index, follow, max-snippet:-1, max-image-preview:large, max-video-preview:-1\" \/>\n<link rel=\"canonical\" href=\"https:\/\/lynnhan.com\/hu\/miert-lynnhan\/\" \/>\n<meta property=\"og:locale\" content=\"hu_HU\" \/>\n<meta property=\"og:type\" content=\"article\" \/>\n<meta property=\"og:title\" content=\"Why Lynnhan ? Smart Tech, Smart Touch\" \/>\n<meta property=\"og:description\" content=\"Experience the LynnHan difference. From innovative products to dedicated support, see why we exceed expectations.\" \/>\n<meta property=\"og:url\" content=\"https:\/\/lynnhan.com\/hu\/miert-lynnhan\/\" \/>\n<meta property=\"og:site_name\" content=\"Lynnhan - Trusted Supplier | LED\/OLED\/LCD\/E-paper digital signages\" \/>\n<meta property=\"article:modified_time\" content=\"2024-12-24T08:39:31+00:00\" \/>\n<meta property=\"og:image\" content=\"https:\/\/pub-78925c7bf9ca4c6d820df8293a5c116c.r2.dev\/2024\/12\/Why-Lynnhan.webp\" \/>\n<meta name=\"twitter:card\" content=\"summary_large_image\" \/>\n<meta name=\"twitter:label1\" content=\"Becs\u00fclt olvas\u00e1si id\u0151\" \/>\n\t<meta name=\"twitter:data1\" content=\"3 perc\" \/>\n<script type=\"application\/ld+json\" class=\"yoast-schema-graph\">{\"@context\":\"https:\/\/schema.org\",\"@graph\":[{\"@type\":\"WebPage\",\"@id\":\"https:\/\/lynnhan.com\/why-lynnhan\/\",\"url\":\"https:\/\/lynnhan.com\/why-lynnhan\/\",\"name\":\"Why Lynnhan ? Smart Tech, Smart Touch\",\"isPartOf\":{\"@id\":\"https:\/\/lynnhan.com\/km\/#website\"},\"primaryImageOfPage\":{\"@id\":\"https:\/\/lynnhan.com\/why-lynnhan\/#primaryimage\"},\"image\":{\"@id\":\"https:\/\/lynnhan.com\/why-lynnhan\/#primaryimage\"},\"thumbnailUrl\":\"https:\/\/pub-78925c7bf9ca4c6d820df8293a5c116c.r2.dev\/2024\/12\/Why-Lynnhan.webp\",\"datePublished\":\"2024-02-27T08:02:52+00:00\",\"dateModified\":\"2024-12-24T08:39:31+00:00\",\"description\":\"Experience the LynnHan difference. From innovative products to dedicated support, see why we exceed expectations.\",\"breadcrumb\":{\"@id\":\"https:\/\/lynnhan.com\/why-lynnhan\/#breadcrumb\"},\"inLanguage\":\"hu\",\"potentialAction\":[{\"@type\":\"ReadAction\",\"target\":[\"https:\/\/lynnhan.com\/why-lynnhan\/\"]}]},{\"@type\":\"ImageObject\",\"inLanguage\":\"hu\",\"@id\":\"https:\/\/lynnhan.com\/why-lynnhan\/#primaryimage\",\"url\":\"https:\/\/pub-78925c7bf9ca4c6d820df8293a5c116c.r2.dev\/2024\/12\/Why-Lynnhan.webp\",\"contentUrl\":\"https:\/\/pub-78925c7bf9ca4c6d820df8293a5c116c.r2.dev\/2024\/12\/Why-Lynnhan.webp\"},{\"@type\":\"BreadcrumbList\",\"@id\":\"https:\/\/lynnhan.com\/why-lynnhan\/#breadcrumb\",\"itemListElement\":[{\"@type\":\"ListItem\",\"position\":1,\"name\":\"Home\",\"item\":\"https:\/\/lynnhan.com\/\"},{\"@type\":\"ListItem\",\"position\":2,\"name\":\"Why Lynnhan\"}]},{\"@type\":\"WebSite\",\"@id\":\"https:\/\/lynnhan.com\/km\/#website\",\"url\":\"https:\/\/lynnhan.com\/km\/\",\"name\":\"Lynnhan - Trusted Supplier | LED\/OLED\/LCD\/E-paper digital signages\",\"description\":\"Lynnhan - Trusted Supplier |  LED\/OLED\/LCD\/E-paper digital signages\",\"publisher\":{\"@id\":\"https:\/\/lynnhan.com\/km\/#organization\"},\"potentialAction\":[{\"@type\":\"SearchAction\",\"target\":{\"@type\":\"EntryPoint\",\"urlTemplate\":\"https:\/\/lynnhan.com\/km\/?s={search_term_string}\"},\"query-input\":{\"@type\":\"PropertyValueSpecification\",\"valueRequired\":true,\"valueName\":\"search_term_string\"}}],\"inLanguage\":\"hu\"},{\"@type\":\"Organization\",\"@id\":\"https:\/\/lynnhan.com\/km\/#organization\",\"name\":\"Lynnhan - Trusted Supplier | LED\/OLED\/LCD\/E-paper digital signages\",\"url\":\"https:\/\/lynnhan.com\/km\/\",\"logo\":{\"@type\":\"ImageObject\",\"inLanguage\":\"hu\",\"@id\":\"https:\/\/lynnhan.com\/km\/#\/schema\/logo\/image\/\",\"url\":\"https:\/\/pub-78925c7bf9ca4c6d820df8293a5c116c.r2.dev\/2024\/07\/LynnHan-logo3.png\",\"contentUrl\":\"https:\/\/pub-78925c7bf9ca4c6d820df8293a5c116c.r2.dev\/2024\/07\/LynnHan-logo3.png\",\"width\":390,\"height\":130,\"caption\":\"Lynnhan - Trusted Supplier | LED\/OLED\/LCD\/E-paper digital signages\"},\"image\":{\"@id\":\"https:\/\/lynnhan.com\/km\/#\/schema\/logo\/image\/\"}}]}<\/script>\n<!-- \/ Yoast SEO plugin. -->","yoast_head_json":{"title":"Mi\u00e9rt Lynnhan? Okos Tech, Okos \u00c9rint\u00e9s","description":"Tapasztald meg a LynnHan k\u00fcl\u00f6nbs\u00e9g\u00e9t. Innovat\u00edv term\u00e9kekt\u0151l kezdve a hozz\u00e1\u00e9rt\u0151 t\u00e1mogat\u00e1sig, l\u00e1sd, mi\u00e9rt haladunk meg az elv\u00e1r\u00e1sok felett.","robots":{"index":"index","follow":"follow","max-snippet":"max-snippet:-1","max-image-preview":"max-image-preview:large","max-video-preview":"max-video-preview:-1"},"canonical":"https:\/\/lynnhan.com\/hu\/miert-lynnhan\/","og_locale":"hu_HU","og_type":"article","og_title":"Why Lynnhan ? Smart Tech, Smart Touch","og_description":"Experience the LynnHan difference. From innovative products to dedicated support, see why we exceed expectations.","og_url":"https:\/\/lynnhan.com\/hu\/miert-lynnhan\/","og_site_name":"Lynnhan - Trusted Supplier | LED\/OLED\/LCD\/E-paper digital signages","article_modified_time":"2024-12-24T08:39:31+00:00","og_image":[{"url":"https:\/\/pub-78925c7bf9ca4c6d820df8293a5c116c.r2.dev\/2024\/12\/Why-Lynnhan.webp","type":"","width":"","height":""}],"twitter_card":"summary_large_image","twitter_misc":{"Becs\u00fclt olvas\u00e1si id\u0151":"3 perc"},"schema":{"@context":"https:\/\/schema.org","@graph":[{"@type":"WebPage","@id":"https:\/\/lynnhan.com\/why-lynnhan\/","url":"https:\/\/lynnhan.com\/why-lynnhan\/","name":"Mi\u00e9rt Lynnhan? Okos Tech, Okos \u00c9rint\u00e9s","isPartOf":{"@id":"https:\/\/lynnhan.com\/km\/#website"},"primaryImageOfPage":{"@id":"https:\/\/lynnhan.com\/why-lynnhan\/#primaryimage"},"image":{"@id":"https:\/\/lynnhan.com\/why-lynnhan\/#primaryimage"},"thumbnailUrl":"https:\/\/pub-78925c7bf9ca4c6d820df8293a5c116c.r2.dev\/2024\/12\/Why-Lynnhan.webp","datePublished":"2024-02-27T08:02:52+00:00","dateModified":"2024-12-24T08:39:31+00:00","description":"Tapasztald meg a LynnHan k\u00fcl\u00f6nbs\u00e9g\u00e9t. Innovat\u00edv term\u00e9kekt\u0151l kezdve a hozz\u00e1\u00e9rt\u0151 t\u00e1mogat\u00e1sig, l\u00e1sd, mi\u00e9rt haladunk meg az elv\u00e1r\u00e1sok felett.","breadcrumb":{"@id":"https:\/\/lynnhan.com\/why-lynnhan\/#breadcrumb"},"inLanguage":"hu","potentialAction":[{"@type":"ReadAction","target":["https:\/\/lynnhan.com\/why-lynnhan\/"]}]},{"@type":"ImageObject","inLanguage":"hu","@id":"https:\/\/lynnhan.com\/why-lynnhan\/#primaryimage","url":"https:\/\/pub-78925c7bf9ca4c6d820df8293a5c116c.r2.dev\/2024\/12\/Why-Lynnhan.webp","contentUrl":"https:\/\/pub-78925c7bf9ca4c6d820df8293a5c116c.r2.dev\/2024\/12\/Why-Lynnhan.webp"},{"@type":"BreadcrumbList","@id":"https:\/\/lynnhan.com\/why-lynnhan\/#breadcrumb","itemListElement":[{"@type":"ListItem","position":1,"name":"Home","item":"https:\/\/lynnhan.com\/"},{"@type":"ListItem","position":2,"name":"Why Lynnhan"}]},{"@type":"WebSite","@id":"https:\/\/lynnhan.com\/km\/#website","url":"https:\/\/lynnhan.com\/km\/","name":"Lynnhan - Megb\u00edzhat\u00f3 sz\u00e1ll\u00edt\u00f3 | LED\/OLED\/LCD\/E-paper digit\u00e1lis t\u00e1bl\u00e1k","description":"Lynnhan - Megb\u00edzhat\u00f3 sz\u00e1ll\u00edt\u00f3 | LED\/OLED\/LCD\/E-paper digit\u00e1lis t\u00e1bl\u00e1k","publisher":{"@id":"https:\/\/lynnhan.com\/km\/#organization"},"potentialAction":[{"@type":"SearchAction","target":{"@type":"EntryPoint","urlTemplate":"https:\/\/lynnhan.com\/km\/?s={search_term_string}"},"query-input":{"@type":"PropertyValueSpecification","valueRequired":true,"valueName":"search_term_string"}}],"inLanguage":"hu"},{"@type":"Organization","@id":"https:\/\/lynnhan.com\/km\/#organization","name":"Lynnhan - Megb\u00edzhat\u00f3 sz\u00e1ll\u00edt\u00f3 | LED\/OLED\/LCD\/E-paper digit\u00e1lis t\u00e1bl\u00e1k","url":"https:\/\/lynnhan.com\/km\/","logo":{"@type":"ImageObject","inLanguage":"hu","@id":"https:\/\/lynnhan.com\/km\/#\/schema\/logo\/image\/","url":"https:\/\/pub-78925c7bf9ca4c6d820df8293a5c116c.r2.dev\/2024\/07\/LynnHan-logo3.png","contentUrl":"https:\/\/pub-78925c7bf9ca4c6d820df8293a5c116c.r2.dev\/2024\/07\/LynnHan-logo3.png","width":390,"height":130,"caption":"Lynnhan - Trusted Supplier | LED\/OLED\/LCD\/E-paper digital signages"},"image":{"@id":"https:\/\/lynnhan.com\/km\/#\/schema\/logo\/image\/"}}]}},"jetpack_sharing_enabled":true,"_links":{"self":[{"href":"https:\/\/lynnhan.com\/hu\/wp-json\/wp\/v2\/pages\/517","targetHints":{"allow":["GET"]}}],"collection":[{"href":"https:\/\/lynnhan.com\/hu\/wp-json\/wp\/v2\/pages"}],"about":[{"href":"https:\/\/lynnhan.com\/hu\/wp-json\/wp\/v2\/types\/page"}],"author":[{"embeddable":true,"href":"https:\/\/lynnhan.com\/hu\/wp-json\/wp\/v2\/users\/1"}],"replies":[{"embeddable":true,"href":"https:\/\/lynnhan.com\/hu\/wp-json\/wp\/v2\/comments?post=517"}],"version-history":[{"count":0,"href":"https:\/\/lynnhan.com\/hu\/wp-json\/wp\/v2\/pages\/517\/revisions"}],"wp:attachment":[{"href":"https:\/\/lynnhan.com\/hu\/wp-json\/wp\/v2\/media?parent=517"}],"curies":[{"name":"wp","href":"https:\/\/api.w.org\/{rel}","templated":true}]}}