{"id":3,"date":"2024-02-24T07:46:55","date_gmt":"2024-02-24T07:46:55","guid":{"rendered":"https:\/\/lynnhan.com\/?page_id=3"},"modified":"2024-12-18T10:36:41","modified_gmt":"2024-12-18T10:36:41","slug":"adatvedelmi-iranyelv","status":"publish","type":"page","link":"https:\/\/lynnhan.com\/hu\/adatvedelmi-iranyelv\/","title":{"rendered":"Adatv\u00e9delmi ir\u00e1nyelv"},"content":{"rendered":"<div data-elementor-type=\"wp-page\" data-elementor-id=\"3\" class=\"elementor elementor-3\" data-elementor-post-type=\"page\">\n\t\t\t\t<div class=\"elementor-element elementor-element-e9b38ac e-flex e-con-boxed e-con e-parent\" data-id=\"e9b38ac\" data-element_type=\"container\">\n\t\t\t\t\t<div class=\"e-con-inner\">\n\t\t\t\t<div class=\"elementor-element elementor-element-83498b3 elementor-widget elementor-widget-image\" data-id=\"83498b3\" data-element_type=\"widget\" data-widget_type=\"image.default\">\n\t\t\t\t<div class=\"elementor-widget-container\">\n\t\t\t\t\t\t\t\t\t\t\t\t\t\t\t<img fetchpriority=\"high\" decoding=\"async\" width=\"1456\" height=\"816\" src=\"https:\/\/pub-78925c7bf9ca4c6d820df8293a5c116c.r2.dev\/2024\/12\/Privacy-Policy.webp\" class=\"attachment-full size-full wp-image-3315\" alt=\"Minden egyben LED sz\u00e1ll\u00edt\u00f3 Adatv\u00e9delmi ir\u00e1nyelv\" srcset=\"https:\/\/pub-78925c7bf9ca4c6d820df8293a5c116c.r2.dev\/2024\/12\/Privacy-Policy.webp 1456w, https:\/\/pub-78925c7bf9ca4c6d820df8293a5c116c.r2.dev\/2024\/12\/Privacy-Policy-700x392.webp 700w, https:\/\/pub-78925c7bf9ca4c6d820df8293a5c116c.r2.dev\/2024\/12\/Privacy-Policy-1024x574.webp 1024w, https:\/\/pub-78925c7bf9ca4c6d820df8293a5c116c.r2.dev\/2024\/12\/Privacy-Policy-768x430.webp 768w, https:\/\/pub-78925c7bf9ca4c6d820df8293a5c116c.r2.dev\/2024\/12\/Privacy-Policy-18x10.webp 18w, https:\/\/pub-78925c7bf9ca4c6d820df8293a5c116c.r2.dev\/2024\/12\/Privacy-Policy-1140x639.webp 1140w, https:\/\/pub-78925c7bf9ca4c6d820df8293a5c116c.r2.dev\/2024\/12\/Privacy-Policy-920x516.webp 920w, https:\/\/pub-78925c7bf9ca4c6d820df8293a5c116c.r2.dev\/2024\/12\/Privacy-Policy-575x322.webp 575w, https:\/\/pub-78925c7bf9ca4c6d820df8293a5c116c.r2.dev\/2024\/12\/Privacy-Policy-380x213.webp 380w, https:\/\/pub-78925c7bf9ca4c6d820df8293a5c116c.r2.dev\/2024\/12\/Privacy-Policy-1320x740.webp 1320w, https:\/\/pub-78925c7bf9ca4c6d820df8293a5c116c.r2.dev\/2024\/12\/Privacy-Policy-800x448.webp 800w\" sizes=\"(max-width: 1456px) 100vw, 1456px\" \/>\t\t\t\t\t\t\t\t\t\t\t\t\t\t\t<\/div>\n\t\t\t\t<\/div>\n\t\t\t\t\t<\/div>\n\t\t\t\t<\/div>\n\t\t<div class=\"elementor-element elementor-element-f7a3023 e-flex e-con-boxed e-con e-parent\" data-id=\"f7a3023\" data-element_type=\"container\">\n\t\t\t\t\t<div class=\"e-con-inner\">\n\t\t\t\t<div class=\"elementor-element elementor-element-77782203 elementor-widget elementor-widget-text-editor\" data-id=\"77782203\" data-element_type=\"widget\" data-widget_type=\"text-editor.default\">\n\t\t\t\t<div class=\"elementor-widget-container\">\n\t\t\t\t\t\t\t\t\t<h3>1. Adatv\u00e9delmi ir\u00e1nyelv a Lynnhan sz\u00e1m\u00e1ra<\/h3>\n<p><strong>2. Hat\u00e1lyos d\u00e1tum: 02\/28\/2024<br \/><\/strong><\/p>\n<p>3. A Lynnhan-n\u00e1l elk\u00f6telezettek a mag\u00e1n\u00e9let v\u00e9delme ir\u00e1nt. Ez az Adatv\u00e9delmi ir\u00e1nyelv ismerteti a szem\u00e9lyes adatok t\u00edpusait, amelyeket gy\u0171jt\u00fcnk, hogyan haszn\u00e1ljuk \u0151ket, \u00e9s a m\u00f3dszereket, amelyeket alkalmazunk az adatok v\u00e9delme \u00e9rdek\u00e9ben. Szolg\u00e1ltat\u00e1saink \u00e9s term\u00e9keink haszn\u00e1latakor elfogadja az inform\u00e1ci\u00f3k gy\u0171jt\u00e9s\u00e9nek \u00e9s haszn\u00e1lat\u00e1nak ezen ir\u00e1nyelvnek megfelel\u0151en.<\/p>\n<p><strong>4. Inform\u00e1ci\u00f3gy\u0171jt\u00e9s \u00e9s felhaszn\u00e1l\u00e1s<\/strong><\/p>\n<ul>\n<li><strong>5. Szem\u00e9lyes adatok<\/strong>6. : Szem\u00e9lyes adatokat gy\u0171jt\u00fcnk, mint p\u00e9ld\u00e1ul a neved, e-mail c\u00edmed, telefonsz\u00e1mod \u00e9s sz\u00e1ll\u00edt\u00e1si c\u00edm, amikor regisztr\u00e1lsz weboldalunkon, leadol egy rendel\u00e9st, feliratkozol a h\u00edrlevel\u00fcnkre vagy kapcsolatba l\u00e9p\u00fcnk t\u00e1mogat\u00e1s\u00e9rt. Ez az inform\u00e1ci\u00f3 a tranzakci\u00f3k teljes\u00edt\u00e9se, term\u00e9kek \u00e9s szolg\u00e1ltat\u00e1sok sz\u00e1ll\u00edt\u00e1sa, valamint veled val\u00f3 kommunik\u00e1ci\u00f3hoz haszn\u00e1lhat\u00f3.<\/li>\n<li><strong>7. Haszn\u00e1lati adatok<\/strong>8. : Lehet, hogy inform\u00e1ci\u00f3kat gy\u0171jt\u00fcnk a szolg\u00e1ltat\u00e1s el\u00e9r\u00e9s\u00e9r\u0151l \u00e9s felhaszn\u00e1l\u00e1s\u00e1r\u00f3l (\"Haszn\u00e1lati adatok\"). Ez a Haszn\u00e1lati adat tartalmazhat olyan r\u00e9szleteket, mint a sz\u00e1m\u00edt\u00f3g\u00e9ped Internet Protokoll c\u00edme (pl. IP-c\u00edm), a b\u00f6ng\u00e9sz\u0151 t\u00edpusa, a b\u00f6ng\u00e9sz\u0151 verzi\u00f3ja, a szolg\u00e1ltat\u00e1sunk oldalai, amelyeket megl\u00e1togatsz, a l\u00e1togat\u00e1s id\u0151pontja \u00e9s d\u00e1tuma, azokon a oldalakon t\u00f6lt\u00f6tt id\u0151, valamint m\u00e1s diagnosztikai adatok.<\/li>\n<\/ul>\n<p><strong>9. S\u00fctik \u00e9s nyomonk\u00f6vet\u00e9si adatok<\/strong><\/p>\n<p>10. S\u00fctik \u00e9s hasonl\u00f3 nyomonk\u00f6vet\u00e9si technol\u00f3gi\u00e1kat haszn\u00e1lunk a szolg\u00e1ltat\u00e1sunk aktivit\u00e1s\u00e1nak nyomon k\u00f6vet\u00e9s\u00e9re \u00e9s bizonyos inform\u00e1ci\u00f3k t\u00e1rol\u00e1s\u00e1ra. A s\u00fctik kis adatf\u00e1jlok, amelyek tartalmazhatnak n\u00e9vtelen egyedi azonos\u00edt\u00f3t. Megutas\u00edthatod a b\u00f6ng\u00e9sz\u0151det, hogy elutas\u00edtsa az \u00f6sszes s\u00fctit vagy jelezze, amikor s\u00fctik k\u00fcld\u00e9sre ker\u00fclnek. Ha nem fogadod el a s\u00fctiket, lehets\u00e9ges, hogy nem haszn\u00e1lhatod szolg\u00e1ltat\u00e1sunk egyes r\u00e9szeit.<\/p>\n<p><strong>11. Adatok felhaszn\u00e1l\u00e1sa<\/strong><\/p>\n<p>12. A Lynnhan az \u00f6sszegy\u0171jt\u00f6tt adatokat k\u00fcl\u00f6nb\u00f6z\u0151 c\u00e9lokra haszn\u00e1lja:<\/p>\n<ul>\n<li>13. A szolg\u00e1ltat\u00e1sunk biztos\u00edt\u00e1sa \u00e9s fenntart\u00e1sa<\/li>\n<li>14. A szolg\u00e1ltat\u00e1sunk v\u00e1ltoz\u00e1sair\u00f3l val\u00f3 \u00e9rtes\u00edt\u00e9s<\/li>\n<li>15. Annak lehet\u0151v\u00e9 t\u00e9tele, hogy r\u00e9szt vegy\u00e9l szolg\u00e1ltat\u00e1sunk interakt\u00edv funkci\u00f3iban, ha \u00fagy d\u00f6ntesz<\/li>\n<li>16. V\u00e1s\u00e1rl\u00f3i t\u00e1mogat\u00e1s biztos\u00edt\u00e1sa<\/li>\n<li>17. \u00c9rt\u00e9kes elemz\u00e9sek vagy inform\u00e1ci\u00f3k gy\u0171jt\u00e9se, hogy jav\u00edthassuk szolg\u00e1ltat\u00e1sunkat<\/li>\n<li>18. A szolg\u00e1ltat\u00e1sunk haszn\u00e1lat\u00e1nak monitoroz\u00e1sa<\/li>\n<li>19. A technikai probl\u00e9m\u00e1k felismer\u00e9se, megel\u0151z\u00e9se \u00e9s elh\u00e1r\u00edt\u00e1sa<\/li>\n<\/ul>\n<p><strong>20. Adatmegoszt\u00e1s \u00e9s -lefedetts\u00e9g<\/strong><\/p>\n<p>21. A Lynnhan nem ossza meg vagy hozz\u00e1f\u00e9r hozz\u00e1 az inform\u00e1ci\u00f3kat senki m\u00e1snak, kiv\u00e9ve az al\u00e1bbiakban le\u00edrtak szerint. Az inform\u00e1ci\u00f3kat harmadik f\u00e9l szolg\u00e1ltat\u00f3ival oszthatjuk meg szolg\u00e1ltat\u00e1sunkkal kapcsolatos szolg\u00e1ltat\u00e1sok v\u00e9grehajt\u00e1s\u00e1ra vagy annak seg\u00edts\u00e9g\u00e9hez, hogy elemezz\u00fck, hogyan haszn\u00e1lj\u00e1k szolg\u00e1ltat\u00e1sunkat. Ezek a harmadik felek csak a feladatunk ell\u00e1t\u00e1s\u00e1ra f\u00e9rhetnek hozz\u00e1 a szem\u00e9lyes adataidhoz, \u00e9s k\u00f6telesek megtagadni vagy nem haszn\u00e1lni azokat m\u00e1s c\u00e9lra.<\/p>\n<p><strong>22. Adatbiztons\u00e1g<\/strong><\/p>\n<p>23. Az adatok biztons\u00e1ga<\/p>\n<p><strong>Your Rights<\/strong><\/p>\n<p>You have the right to access, update, or delete the information we have on you. Whenever made possible, you can access, update or request deletion of your Personal Information directly within your account settings section. If you are unable to perform these actions yourself, please contact us to assist you.<\/p>\n<p><strong>Changes to This Privacy Policy<\/strong><\/p>\n<p>We may update our Privacy Policy from time to time. We will notify you of any changes by posting the new Privacy Policy on this page. You are advised to review this Privacy Policy periodically for any changes.<\/p>\n<p><strong>Contact Us<\/strong><\/p>\n<p>If you have any questions about this Privacy Policy, please contact us:<\/p>\n<ul>\n<li>By email: contact@xinxiangt.sg-host.com<\/li>\n<\/ul>\n<p>A mag\u00e1n\u00e9lete a Lynnhan sz\u00e1m\u00e1ra kiemelten fontos, \u00e9s elk\u00f6telezettek vagyunk az \u00e1ltalatok b\u00edzott szem\u00e9lyes adatok v\u00e9delm\u00e9ben.<\/p>\n\t\t\t\t\t\t\t\t<\/div>\n\t\t\t\t<\/div>\n\t\t\t\t\t<\/div>\n\t\t\t\t<\/div>\n\t\t\t\t<\/div>","protected":false},"excerpt":{"rendered":"<p>Privacy Policy for Lynnhan Effective Date: 02\/28\/2024 At Lynnhan, we are committed to protecting your privacy. This Privacy Policy outlines the types of personal information we collect, how we use [\u2026]<\/p>","protected":false},"author":1,"featured_media":0,"parent":0,"menu_order":0,"comment_status":"closed","ping_status":"open","template":"","meta":{"footnotes":""},"class_list":["post-3","page","type-page","status-publish","hentry"],"yoast_head":"<!-- This site is optimized with the Yoast SEO plugin v26.6 - https:\/\/yoast.com\/wordpress\/plugins\/seo\/ -->\n<title>Safeguard your privacy | Lynnhan Smart Display Manufacturer<\/title>\n<meta name=\"description\" content=\"Safeguard your privacy with LynnHan smart display manufacturer&#039;s policy. We&#039;re committed to protecting your information with care.\" \/>\n<meta name=\"robots\" content=\"index, follow, max-snippet:-1, max-image-preview:large, max-video-preview:-1\" \/>\n<link rel=\"canonical\" href=\"https:\/\/lynnhan.com\/hu\/adatvedelmi-iranyelv\/\" \/>\n<meta property=\"og:locale\" content=\"hu_HU\" \/>\n<meta property=\"og:type\" content=\"article\" \/>\n<meta property=\"og:title\" content=\"Safeguard your privacy | Lynnhan Smart Display Manufacturer\" \/>\n<meta property=\"og:description\" content=\"Safeguard your privacy with LynnHan smart display manufacturer&#039;s policy. We&#039;re committed to protecting your information with care.\" \/>\n<meta property=\"og:url\" content=\"https:\/\/lynnhan.com\/hu\/adatvedelmi-iranyelv\/\" \/>\n<meta property=\"og:site_name\" content=\"Lynnhan - Trusted Supplier | LED\/OLED\/LCD\/E-paper digital signages\" \/>\n<meta property=\"article:modified_time\" content=\"2024-12-18T10:36:41+00:00\" \/>\n<meta property=\"og:image\" content=\"https:\/\/pub-78925c7bf9ca4c6d820df8293a5c116c.r2.dev\/2024\/12\/Privacy-Policy.webp\" \/>\n<meta name=\"twitter:card\" content=\"summary_large_image\" \/>\n<meta name=\"twitter:label1\" content=\"Becs\u00fclt olvas\u00e1si id\u0151\" \/>\n\t<meta name=\"twitter:data1\" content=\"3 perc\" \/>\n<script type=\"application\/ld+json\" class=\"yoast-schema-graph\">{\"@context\":\"https:\/\/schema.org\",\"@graph\":[{\"@type\":\"WebPage\",\"@id\":\"https:\/\/lynnhan.com\/en\/privacy-policy\/\",\"url\":\"https:\/\/lynnhan.com\/en\/privacy-policy\/\",\"name\":\"Safeguard your privacy | Lynnhan Smart Display Manufacturer\",\"isPartOf\":{\"@id\":\"https:\/\/lynnhan.com\/km\/#website\"},\"primaryImageOfPage\":{\"@id\":\"https:\/\/lynnhan.com\/en\/privacy-policy\/#primaryimage\"},\"image\":{\"@id\":\"https:\/\/lynnhan.com\/en\/privacy-policy\/#primaryimage\"},\"thumbnailUrl\":\"https:\/\/pub-78925c7bf9ca4c6d820df8293a5c116c.r2.dev\/2024\/12\/Privacy-Policy.webp\",\"datePublished\":\"2024-02-24T07:46:55+00:00\",\"dateModified\":\"2024-12-18T10:36:41+00:00\",\"description\":\"Safeguard your privacy with LynnHan smart display manufacturer's policy. We're committed to protecting your information with care.\",\"breadcrumb\":{\"@id\":\"https:\/\/lynnhan.com\/en\/privacy-policy\/#breadcrumb\"},\"inLanguage\":\"hu\",\"potentialAction\":[{\"@type\":\"ReadAction\",\"target\":[\"https:\/\/lynnhan.com\/en\/privacy-policy\/\"]}]},{\"@type\":\"ImageObject\",\"inLanguage\":\"hu\",\"@id\":\"https:\/\/lynnhan.com\/en\/privacy-policy\/#primaryimage\",\"url\":\"https:\/\/pub-78925c7bf9ca4c6d820df8293a5c116c.r2.dev\/2024\/12\/Privacy-Policy.webp\",\"contentUrl\":\"https:\/\/pub-78925c7bf9ca4c6d820df8293a5c116c.r2.dev\/2024\/12\/Privacy-Policy.webp\"},{\"@type\":\"BreadcrumbList\",\"@id\":\"https:\/\/lynnhan.com\/en\/privacy-policy\/#breadcrumb\",\"itemListElement\":[{\"@type\":\"ListItem\",\"position\":1,\"name\":\"Home\",\"item\":\"https:\/\/lynnhan.com\/\"},{\"@type\":\"ListItem\",\"position\":2,\"name\":\"Privacy Policy\"}]},{\"@type\":\"WebSite\",\"@id\":\"https:\/\/lynnhan.com\/km\/#website\",\"url\":\"https:\/\/lynnhan.com\/km\/\",\"name\":\"Lynnhan - Trusted Supplier | LED\/OLED\/LCD\/E-paper digital signages\",\"description\":\"Lynnhan - Trusted Supplier |  LED\/OLED\/LCD\/E-paper digital signages\",\"publisher\":{\"@id\":\"https:\/\/lynnhan.com\/km\/#organization\"},\"potentialAction\":[{\"@type\":\"SearchAction\",\"target\":{\"@type\":\"EntryPoint\",\"urlTemplate\":\"https:\/\/lynnhan.com\/km\/?s={search_term_string}\"},\"query-input\":{\"@type\":\"PropertyValueSpecification\",\"valueRequired\":true,\"valueName\":\"search_term_string\"}}],\"inLanguage\":\"hu\"},{\"@type\":\"Organization\",\"@id\":\"https:\/\/lynnhan.com\/km\/#organization\",\"name\":\"Lynnhan - Trusted Supplier | LED\/OLED\/LCD\/E-paper digital signages\",\"url\":\"https:\/\/lynnhan.com\/km\/\",\"logo\":{\"@type\":\"ImageObject\",\"inLanguage\":\"hu\",\"@id\":\"https:\/\/lynnhan.com\/km\/#\/schema\/logo\/image\/\",\"url\":\"https:\/\/pub-78925c7bf9ca4c6d820df8293a5c116c.r2.dev\/2024\/07\/LynnHan-logo3.png\",\"contentUrl\":\"https:\/\/pub-78925c7bf9ca4c6d820df8293a5c116c.r2.dev\/2024\/07\/LynnHan-logo3.png\",\"width\":390,\"height\":130,\"caption\":\"Lynnhan - Trusted Supplier | LED\/OLED\/LCD\/E-paper digital signages\"},\"image\":{\"@id\":\"https:\/\/lynnhan.com\/km\/#\/schema\/logo\/image\/\"}}]}<\/script>\n<!-- \/ Yoast SEO plugin. -->","yoast_head_json":{"title":"V\u00e9dje meg a mag\u00e1n\u00e9let\u00e9t | Lynnhan Smart Display Gy\u00e1rt\u00f3","description":"V\u00e9delmezze a mag\u00e1n\u00e9let\u00e9t a LynnHan okos kijelz\u0151 gy\u00e1rt\u00f3 adatv\u00e9delmi ir\u00e1nyelveivel. Elk\u00f6telezettek vagyunk az inform\u00e1ci\u00f3i gondos v\u00e9delm\u00e9ben.","robots":{"index":"index","follow":"follow","max-snippet":"max-snippet:-1","max-image-preview":"max-image-preview:large","max-video-preview":"max-video-preview:-1"},"canonical":"https:\/\/lynnhan.com\/hu\/adatvedelmi-iranyelv\/","og_locale":"hu_HU","og_type":"article","og_title":"Safeguard your privacy | Lynnhan Smart Display Manufacturer","og_description":"Safeguard your privacy with LynnHan smart display manufacturer's policy. We're committed to protecting your information with care.","og_url":"https:\/\/lynnhan.com\/hu\/adatvedelmi-iranyelv\/","og_site_name":"Lynnhan - Trusted Supplier | LED\/OLED\/LCD\/E-paper digital signages","article_modified_time":"2024-12-18T10:36:41+00:00","og_image":[{"url":"https:\/\/pub-78925c7bf9ca4c6d820df8293a5c116c.r2.dev\/2024\/12\/Privacy-Policy.webp","type":"","width":"","height":""}],"twitter_card":"summary_large_image","twitter_misc":{"Becs\u00fclt olvas\u00e1si id\u0151":"3 perc"},"schema":{"@context":"https:\/\/schema.org","@graph":[{"@type":"WebPage","@id":"https:\/\/lynnhan.com\/en\/privacy-policy\/","url":"https:\/\/lynnhan.com\/en\/privacy-policy\/","name":"V\u00e9dje meg a mag\u00e1n\u00e9let\u00e9t | Lynnhan Smart Display Gy\u00e1rt\u00f3","isPartOf":{"@id":"https:\/\/lynnhan.com\/km\/#website"},"primaryImageOfPage":{"@id":"https:\/\/lynnhan.com\/en\/privacy-policy\/#primaryimage"},"image":{"@id":"https:\/\/lynnhan.com\/en\/privacy-policy\/#primaryimage"},"thumbnailUrl":"https:\/\/pub-78925c7bf9ca4c6d820df8293a5c116c.r2.dev\/2024\/12\/Privacy-Policy.webp","datePublished":"2024-02-24T07:46:55+00:00","dateModified":"2024-12-18T10:36:41+00:00","description":"V\u00e9delmezze a mag\u00e1n\u00e9let\u00e9t a LynnHan okos kijelz\u0151 gy\u00e1rt\u00f3 adatv\u00e9delmi ir\u00e1nyelveivel. Elk\u00f6telezettek vagyunk az inform\u00e1ci\u00f3i gondos v\u00e9delm\u00e9ben.","breadcrumb":{"@id":"https:\/\/lynnhan.com\/en\/privacy-policy\/#breadcrumb"},"inLanguage":"hu","potentialAction":[{"@type":"ReadAction","target":["https:\/\/lynnhan.com\/en\/privacy-policy\/"]}]},{"@type":"ImageObject","inLanguage":"hu","@id":"https:\/\/lynnhan.com\/en\/privacy-policy\/#primaryimage","url":"https:\/\/pub-78925c7bf9ca4c6d820df8293a5c116c.r2.dev\/2024\/12\/Privacy-Policy.webp","contentUrl":"https:\/\/pub-78925c7bf9ca4c6d820df8293a5c116c.r2.dev\/2024\/12\/Privacy-Policy.webp"},{"@type":"BreadcrumbList","@id":"https:\/\/lynnhan.com\/en\/privacy-policy\/#breadcrumb","itemListElement":[{"@type":"ListItem","position":1,"name":"Home","item":"https:\/\/lynnhan.com\/"},{"@type":"ListItem","position":2,"name":"Privacy Policy"}]},{"@type":"WebSite","@id":"https:\/\/lynnhan.com\/km\/#website","url":"https:\/\/lynnhan.com\/km\/","name":"Lynnhan - Megb\u00edzhat\u00f3 sz\u00e1ll\u00edt\u00f3 | LED\/OLED\/LCD\/E-paper digit\u00e1lis t\u00e1bl\u00e1k","description":"Lynnhan - Megb\u00edzhat\u00f3 sz\u00e1ll\u00edt\u00f3 | LED\/OLED\/LCD\/E-paper digit\u00e1lis t\u00e1bl\u00e1k","publisher":{"@id":"https:\/\/lynnhan.com\/km\/#organization"},"potentialAction":[{"@type":"SearchAction","target":{"@type":"EntryPoint","urlTemplate":"https:\/\/lynnhan.com\/km\/?s={search_term_string}"},"query-input":{"@type":"PropertyValueSpecification","valueRequired":true,"valueName":"search_term_string"}}],"inLanguage":"hu"},{"@type":"Organization","@id":"https:\/\/lynnhan.com\/km\/#organization","name":"Lynnhan - Megb\u00edzhat\u00f3 sz\u00e1ll\u00edt\u00f3 | LED\/OLED\/LCD\/E-paper digit\u00e1lis t\u00e1bl\u00e1k","url":"https:\/\/lynnhan.com\/km\/","logo":{"@type":"ImageObject","inLanguage":"hu","@id":"https:\/\/lynnhan.com\/km\/#\/schema\/logo\/image\/","url":"https:\/\/pub-78925c7bf9ca4c6d820df8293a5c116c.r2.dev\/2024\/07\/LynnHan-logo3.png","contentUrl":"https:\/\/pub-78925c7bf9ca4c6d820df8293a5c116c.r2.dev\/2024\/07\/LynnHan-logo3.png","width":390,"height":130,"caption":"Lynnhan - Trusted Supplier | LED\/OLED\/LCD\/E-paper digital signages"},"image":{"@id":"https:\/\/lynnhan.com\/km\/#\/schema\/logo\/image\/"}}]}},"jetpack_sharing_enabled":true,"_links":{"self":[{"href":"https:\/\/lynnhan.com\/hu\/wp-json\/wp\/v2\/pages\/3","targetHints":{"allow":["GET"]}}],"collection":[{"href":"https:\/\/lynnhan.com\/hu\/wp-json\/wp\/v2\/pages"}],"about":[{"href":"https:\/\/lynnhan.com\/hu\/wp-json\/wp\/v2\/types\/page"}],"author":[{"embeddable":true,"href":"https:\/\/lynnhan.com\/hu\/wp-json\/wp\/v2\/users\/1"}],"replies":[{"embeddable":true,"href":"https:\/\/lynnhan.com\/hu\/wp-json\/wp\/v2\/comments?post=3"}],"version-history":[{"count":0,"href":"https:\/\/lynnhan.com\/hu\/wp-json\/wp\/v2\/pages\/3\/revisions"}],"wp:attachment":[{"href":"https:\/\/lynnhan.com\/hu\/wp-json\/wp\/v2\/media?parent=3"}],"curies":[{"name":"wp","href":"https:\/\/api.w.org\/{rel}","templated":true}]}}