{"id":603,"date":"2024-02-28T03:02:21","date_gmt":"2024-02-28T03:02:21","guid":{"rendered":"https:\/\/lynnhan.com\/?page_id=603"},"modified":"2024-12-18T10:29:55","modified_gmt":"2024-12-18T10:29:55","slug":"uvjeti-usluge","status":"publish","type":"page","link":"https:\/\/lynnhan.com\/hr\/uvjeti-usluge\/","title":{"rendered":"Uvjeti usluge"},"content":{"rendered":"<div data-elementor-type=\"wp-page\" data-elementor-id=\"603\" class=\"elementor elementor-603\" data-elementor-post-type=\"page\">\n\t\t\t\t<div class=\"elementor-element elementor-element-15d4236 e-flex e-con-boxed e-con e-parent\" data-id=\"15d4236\" data-element_type=\"container\">\n\t\t\t\t\t<div class=\"e-con-inner\">\n\t\t\t\t<div class=\"elementor-element elementor-element-86e3659 elementor-widget elementor-widget-image\" data-id=\"86e3659\" data-element_type=\"widget\" data-widget_type=\"image.default\">\n\t\t\t\t<div class=\"elementor-widget-container\">\n\t\t\t\t\t\t\t\t\t\t\t\t\t\t\t<img fetchpriority=\"high\" decoding=\"async\" width=\"1456\" height=\"816\" src=\"https:\/\/pub-78925c7bf9ca4c6d820df8293a5c116c.r2.dev\/2024\/12\/Terms-Of-Service.webp\" class=\"attachment-full size-full wp-image-3307\" alt=\"Svih u jednom LED Uslovi usluge\" srcset=\"https:\/\/pub-78925c7bf9ca4c6d820df8293a5c116c.r2.dev\/2024\/12\/Terms-Of-Service.webp 1456w, https:\/\/pub-78925c7bf9ca4c6d820df8293a5c116c.r2.dev\/2024\/12\/Terms-Of-Service-700x392.webp 700w, https:\/\/pub-78925c7bf9ca4c6d820df8293a5c116c.r2.dev\/2024\/12\/Terms-Of-Service-1024x574.webp 1024w, https:\/\/pub-78925c7bf9ca4c6d820df8293a5c116c.r2.dev\/2024\/12\/Terms-Of-Service-768x430.webp 768w, https:\/\/pub-78925c7bf9ca4c6d820df8293a5c116c.r2.dev\/2024\/12\/Terms-Of-Service-18x10.webp 18w, https:\/\/pub-78925c7bf9ca4c6d820df8293a5c116c.r2.dev\/2024\/12\/Terms-Of-Service-1140x639.webp 1140w, https:\/\/pub-78925c7bf9ca4c6d820df8293a5c116c.r2.dev\/2024\/12\/Terms-Of-Service-920x516.webp 920w, https:\/\/pub-78925c7bf9ca4c6d820df8293a5c116c.r2.dev\/2024\/12\/Terms-Of-Service-575x322.webp 575w, https:\/\/pub-78925c7bf9ca4c6d820df8293a5c116c.r2.dev\/2024\/12\/Terms-Of-Service-380x213.webp 380w, https:\/\/pub-78925c7bf9ca4c6d820df8293a5c116c.r2.dev\/2024\/12\/Terms-Of-Service-1320x740.webp 1320w, https:\/\/pub-78925c7bf9ca4c6d820df8293a5c116c.r2.dev\/2024\/12\/Terms-Of-Service-800x448.webp 800w\" sizes=\"(max-width: 1456px) 100vw, 1456px\" \/>\t\t\t\t\t\t\t\t\t\t\t\t\t\t\t<\/div>\n\t\t\t\t<\/div>\n\t\t\t\t\t<\/div>\n\t\t\t\t<\/div>\n\t\t<div class=\"elementor-element elementor-element-c870f31 e-flex e-con-boxed e-con e-parent\" data-id=\"c870f31\" data-element_type=\"container\">\n\t\t\t\t\t<div class=\"e-con-inner\">\n\t\t\t\t<div class=\"elementor-element elementor-element-1d30a00 elementor-widget elementor-widget-text-editor\" data-id=\"1d30a00\" data-element_type=\"widget\" data-widget_type=\"text-editor.default\">\n\t\t\t\t<div class=\"elementor-widget-container\">\n\t\t\t\t\t\t\t\t\t<h3>1. Uvjeti usluge za Lynnhan<\/h3><p><strong>2. Dobrodo\u0161li na Lynnhan<\/strong><\/p><p>3. Hvala \u0161to ste izabrali Lynnhan za va\u0161e potrebe smart tehnologije. Putem pristupa i kori\u0161tenja na\u0161eg web mjesta, proizvoda i usluga, pristajete da se pridru\u017eite i budete vezani za sljede\u0107e uvjete i uslove usluge. Ti uvjeti se odnose na sve korisnike, posjetioce i druge koje pristupaju ili koriste uslugu. Molimo Vas, pro\u010ditajte ove uvjete pa\u017eljivo prije kori\u0161tenja na\u0161ih usluga.<\/p><p><strong>4. Kori\u0161tenje na\u0161ih usluga<\/strong><\/p><ul><li><strong>5. Povla\u0161tenost<\/strong>6. : Morate imati barem 18 godina da biste koristili na\u0161e usluge ili imati pravni roditeljski ili suradni\u010dki pristanak ako ste mal\u043e\u043b\u0435\u0442nik u va\u0161em podru\u010dju.<\/li><li><strong>7. Licencija za kori\u0161tenje<\/strong>8. : Lynnhan Vam daje ograni\u010denu, neisklu\u010divu, nerazmjenu licenciju za pristup i kori\u0161tenje na\u0161ih usluga za osobne ili unutarnje poslovne svrhe, pod uvjetima ove usluge.<\/li><li><strong>9. Registracija ra\u010duna<\/strong>10. : Neki aspekti na\u0161eg servisa mogu zahtijevati da stvorite ra\u010dun. Vi ste odgovoran za o\u010duvanje tajnosti informacija o svom ra\u010dunu i za sve aktivnosti koje se doga\u0111aju pod Va\u0161im ra\u010dunom.<\/li><\/ul><p><strong>11. Zabranjeno pona\u0161anje<\/strong><\/p><p>12. Pristajete da se ne biste bili uklju\u010divani u sljede\u0107e zabranjene aktivnosti:<\/p><ul><li>13. Kori\u0161tenje usluge za bilo kakvu ilegalnu svrhu ili u kr\u0161enju bilo kojeg lokalnog, dr\u017eavnog, nacionalnog ili me\u0111unarodnog zakona.<\/li><li>14. Kr\u0161enje ili poku\u0161aj kr\u0161enja sigurnosti na\u0161ih usluga.<\/li><li>15. Kori\u0161tenje usluge za distribuciju malware-a ili zlonamjernog sadr\u017eaja.<\/li><li>16. Kr\u0161enje autorskih prava ili vlasni\u010dkih prava Lynnhan-a ili tre\u0107eg strana.<\/li><\/ul><p><strong>17. Intelektualna vlasni\u0161tvo<\/strong><\/p><p>18. Svi sadr\u017eaji ponu\u0111eni na na\u0161im uslugama, uklju\u010duju\u0107i ali ne ograni\u010davaju\u0107i se na tekst, grafike, logotipe, slike i softver, su vlasni\u0161tvo Lynnhan-a ili njegovih dobavlja\u010da sadr\u017eaja i za\u0161ti\u0107eni me\u0111unarodnim zakonima o autorskim pravima i intelektualnoj vlasni\u0161tvu.<\/p><p><strong>19. Korisni\u010dki sadr\u017eaj<\/strong><\/p><p>20. Ako objavite, u\u010dinite dostupnim ili na drugi na\u010din objavite bilo kakav sadr\u017eaj na na\u0161im uslugama, dajete Lynnhan-u neisklu\u010divu, globalnu, besplatnu licenciju za kori\u0161tenje, reproduciranje, izmjenu i prikaz takvog sadr\u017eaja u vezi s pru\u017eanjem usluge.<\/p><p><strong>21. Prekidanje<\/strong><\/p><p>22. Lynnhan ima pravo, na vlastitu volju, prekidati ili suspendirati pristup na\u0161im uslugama bez predhodne obavijeste ili odgovornosti, zbog bilo kojeg razloga, uklju\u010duju\u0107i bez ograni\u010denja, ako kr\u0161ite Uvjetima usluge.<\/p><p><strong>23. Ispovijest garancija<\/strong><\/p><p>24. Na\u0161e usluge se pru\u017eaju na osnovi \"kako je\" i \"kako je dostupno\". Lynnhan ne daje nikakve izri\u010dite ili sugeri\u0161ne garancije i ovdje isklju\u010duje sve ostale garancije, uklju\u010duju\u0107i bez ograni\u010denja sugeri\u0161te o trgova\u010dkoj vrijednosti, primjeni za odre\u0111eni svrhu ili nekr\u0161enje intelektualnih prava.<\/p><p><strong>Limitation of Liability<\/strong><\/p><p>In no event shall Lynnhan or its suppliers be liable for any indirect, incidental, special, consequential, or punitive damages arising out of or in connection with your use of our services.<\/p><p><strong>Changes to Terms of Service<\/strong><\/p><p>Lynnhan reserves the right, at our sole discretion, to modify or replace these Terms of Service at any time. We will provide notice of any significant changes. By continuing to access or use our services after those revisions become effective, you agree to be bound by the revised terms.<\/p><p><strong>Contact Us<\/strong><\/p><p>If you have any questions about these Terms of Service, please contact us at contact@xinxiangt.sg-host.com.<\/p><p><strong>Datum\u5f3a\u529b izvr\u0161avanja: 02.28.2024<br \/><\/strong><\/p><p>Pristupuju\u0107i ili koriste\u0107i na\u0161e usluge, priznjavate da ste pro\u010ditali, razumijeli i sla\u017eete se biti obvezani ovim Uslovima usluge.<\/p>\t\t\t\t\t\t\t\t<\/div>\n\t\t\t\t<\/div>\n\t\t\t\t\t<\/div>\n\t\t\t\t<\/div>\n\t\t\t\t<\/div>","protected":false},"excerpt":{"rendered":"<p>Terms of Service for Lynnhan Welcome to Lynnhan Thank you for choosing Lynnhan for your smart technology needs. By accessing and using our website, products, and services, you agree to [\u2026]<\/p>","protected":false},"author":1,"featured_media":0,"parent":0,"menu_order":0,"comment_status":"closed","ping_status":"closed","template":"","meta":{"footnotes":""},"class_list":["post-603","page","type-page","status-publish","hentry"],"yoast_head":"<!-- This site is optimized with the Yoast SEO plugin v26.6 - https:\/\/yoast.com\/wordpress\/plugins\/seo\/ -->\n<title>LynnHan Terms of Service: Your Guide to Safe Shopping<\/title>\n<meta name=\"description\" content=\"Fairness and transparency are at the heart of LynnHan&#039;s Terms of Service. Discover how we&#039;re dedicated to your satisfaction.\" \/>\n<meta name=\"robots\" content=\"index, follow, max-snippet:-1, max-image-preview:large, max-video-preview:-1\" \/>\n<link rel=\"canonical\" href=\"https:\/\/lynnhan.com\/hr\/uvjeti-usluge\/\" \/>\n<meta property=\"og:locale\" content=\"hr_HR\" \/>\n<meta property=\"og:type\" content=\"article\" \/>\n<meta property=\"og:title\" content=\"LynnHan Terms of Service: Your Guide to Safe Shopping\" \/>\n<meta property=\"og:description\" content=\"Fairness and transparency are at the heart of LynnHan&#039;s Terms of Service. Discover how we&#039;re dedicated to your satisfaction.\" \/>\n<meta property=\"og:url\" content=\"https:\/\/lynnhan.com\/hr\/uvjeti-usluge\/\" \/>\n<meta property=\"og:site_name\" content=\"Lynnhan - Trusted Supplier | LED\/OLED\/LCD\/E-paper digital signages\" \/>\n<meta property=\"article:modified_time\" content=\"2024-12-18T10:29:55+00:00\" \/>\n<meta property=\"og:image\" content=\"https:\/\/pub-78925c7bf9ca4c6d820df8293a5c116c.r2.dev\/2024\/12\/Terms-Of-Service.webp\" \/>\n<meta name=\"twitter:card\" content=\"summary_large_image\" \/>\n<meta name=\"twitter:label1\" content=\"Procijenjeno vrijeme \u010ditanja\" \/>\n\t<meta name=\"twitter:data1\" content=\"3 minute\" \/>\n<script type=\"application\/ld+json\" class=\"yoast-schema-graph\">{\"@context\":\"https:\/\/schema.org\",\"@graph\":[{\"@type\":\"WebPage\",\"@id\":\"https:\/\/lynnhan.com\/bo\/terms-of-service\/\",\"url\":\"https:\/\/lynnhan.com\/bo\/terms-of-service\/\",\"name\":\"LynnHan Terms of Service: Your Guide to Safe Shopping\",\"isPartOf\":{\"@id\":\"https:\/\/lynnhan.com\/km\/#website\"},\"primaryImageOfPage\":{\"@id\":\"https:\/\/lynnhan.com\/bo\/terms-of-service\/#primaryimage\"},\"image\":{\"@id\":\"https:\/\/lynnhan.com\/bo\/terms-of-service\/#primaryimage\"},\"thumbnailUrl\":\"https:\/\/pub-78925c7bf9ca4c6d820df8293a5c116c.r2.dev\/2024\/12\/Terms-Of-Service.webp\",\"datePublished\":\"2024-02-28T03:02:21+00:00\",\"dateModified\":\"2024-12-18T10:29:55+00:00\",\"description\":\"Fairness and transparency are at the heart of LynnHan's Terms of Service. Discover how we're dedicated to your satisfaction.\",\"breadcrumb\":{\"@id\":\"https:\/\/lynnhan.com\/bo\/terms-of-service\/#breadcrumb\"},\"inLanguage\":\"hr\",\"potentialAction\":[{\"@type\":\"ReadAction\",\"target\":[\"https:\/\/lynnhan.com\/bo\/terms-of-service\/\"]}]},{\"@type\":\"ImageObject\",\"inLanguage\":\"hr\",\"@id\":\"https:\/\/lynnhan.com\/bo\/terms-of-service\/#primaryimage\",\"url\":\"https:\/\/pub-78925c7bf9ca4c6d820df8293a5c116c.r2.dev\/2024\/12\/Terms-Of-Service.webp\",\"contentUrl\":\"https:\/\/pub-78925c7bf9ca4c6d820df8293a5c116c.r2.dev\/2024\/12\/Terms-Of-Service.webp\"},{\"@type\":\"BreadcrumbList\",\"@id\":\"https:\/\/lynnhan.com\/bo\/terms-of-service\/#breadcrumb\",\"itemListElement\":[{\"@type\":\"ListItem\",\"position\":1,\"name\":\"Home\",\"item\":\"https:\/\/lynnhan.com\/\"},{\"@type\":\"ListItem\",\"position\":2,\"name\":\"Terms Of Service\"}]},{\"@type\":\"WebSite\",\"@id\":\"https:\/\/lynnhan.com\/km\/#website\",\"url\":\"https:\/\/lynnhan.com\/km\/\",\"name\":\"Lynnhan - Trusted Supplier | LED\/OLED\/LCD\/E-paper digital signages\",\"description\":\"Lynnhan - Trusted Supplier |  LED\/OLED\/LCD\/E-paper digital signages\",\"publisher\":{\"@id\":\"https:\/\/lynnhan.com\/km\/#organization\"},\"potentialAction\":[{\"@type\":\"SearchAction\",\"target\":{\"@type\":\"EntryPoint\",\"urlTemplate\":\"https:\/\/lynnhan.com\/km\/?s={search_term_string}\"},\"query-input\":{\"@type\":\"PropertyValueSpecification\",\"valueRequired\":true,\"valueName\":\"search_term_string\"}}],\"inLanguage\":\"hr\"},{\"@type\":\"Organization\",\"@id\":\"https:\/\/lynnhan.com\/km\/#organization\",\"name\":\"Lynnhan - Trusted Supplier | LED\/OLED\/LCD\/E-paper digital signages\",\"url\":\"https:\/\/lynnhan.com\/km\/\",\"logo\":{\"@type\":\"ImageObject\",\"inLanguage\":\"hr\",\"@id\":\"https:\/\/lynnhan.com\/km\/#\/schema\/logo\/image\/\",\"url\":\"https:\/\/pub-78925c7bf9ca4c6d820df8293a5c116c.r2.dev\/2024\/07\/LynnHan-logo3.png\",\"contentUrl\":\"https:\/\/pub-78925c7bf9ca4c6d820df8293a5c116c.r2.dev\/2024\/07\/LynnHan-logo3.png\",\"width\":390,\"height\":130,\"caption\":\"Lynnhan - Trusted Supplier | LED\/OLED\/LCD\/E-paper digital signages\"},\"image\":{\"@id\":\"https:\/\/lynnhan.com\/km\/#\/schema\/logo\/image\/\"}}]}<\/script>\n<!-- \/ Yoast SEO plugin. -->","yoast_head_json":{"title":"Uvjeti usluge LynnHan: Va\u0161 vodi\u010d za sigurnu kupovinu","description":"Ravnost i transparentnost su u sr\u017ei Uvjeta usluge LynnHan. Otkrijte kako smo posve\u0107eni va\u0161em zadovoljstvu.","robots":{"index":"index","follow":"follow","max-snippet":"max-snippet:-1","max-image-preview":"max-image-preview:large","max-video-preview":"max-video-preview:-1"},"canonical":"https:\/\/lynnhan.com\/hr\/uvjeti-usluge\/","og_locale":"hr_HR","og_type":"article","og_title":"LynnHan Terms of Service: Your Guide to Safe Shopping","og_description":"Fairness and transparency are at the heart of LynnHan's Terms of Service. Discover how we're dedicated to your satisfaction.","og_url":"https:\/\/lynnhan.com\/hr\/uvjeti-usluge\/","og_site_name":"Lynnhan - Trusted Supplier | LED\/OLED\/LCD\/E-paper digital signages","article_modified_time":"2024-12-18T10:29:55+00:00","og_image":[{"url":"https:\/\/pub-78925c7bf9ca4c6d820df8293a5c116c.r2.dev\/2024\/12\/Terms-Of-Service.webp","type":"","width":"","height":""}],"twitter_card":"summary_large_image","twitter_misc":{"Procijenjeno vrijeme \u010ditanja":"3 minute"},"schema":{"@context":"https:\/\/schema.org","@graph":[{"@type":"WebPage","@id":"https:\/\/lynnhan.com\/bo\/terms-of-service\/","url":"https:\/\/lynnhan.com\/bo\/terms-of-service\/","name":"Uvjeti usluge LynnHan: Va\u0161 vodi\u010d za sigurnu kupovinu","isPartOf":{"@id":"https:\/\/lynnhan.com\/km\/#website"},"primaryImageOfPage":{"@id":"https:\/\/lynnhan.com\/bo\/terms-of-service\/#primaryimage"},"image":{"@id":"https:\/\/lynnhan.com\/bo\/terms-of-service\/#primaryimage"},"thumbnailUrl":"https:\/\/pub-78925c7bf9ca4c6d820df8293a5c116c.r2.dev\/2024\/12\/Terms-Of-Service.webp","datePublished":"2024-02-28T03:02:21+00:00","dateModified":"2024-12-18T10:29:55+00:00","description":"Ravnost i transparentnost su u sr\u017ei Uvjeta usluge LynnHan. Otkrijte kako smo posve\u0107eni va\u0161em zadovoljstvu.","breadcrumb":{"@id":"https:\/\/lynnhan.com\/bo\/terms-of-service\/#breadcrumb"},"inLanguage":"hr","potentialAction":[{"@type":"ReadAction","target":["https:\/\/lynnhan.com\/bo\/terms-of-service\/"]}]},{"@type":"ImageObject","inLanguage":"hr","@id":"https:\/\/lynnhan.com\/bo\/terms-of-service\/#primaryimage","url":"https:\/\/pub-78925c7bf9ca4c6d820df8293a5c116c.r2.dev\/2024\/12\/Terms-Of-Service.webp","contentUrl":"https:\/\/pub-78925c7bf9ca4c6d820df8293a5c116c.r2.dev\/2024\/12\/Terms-Of-Service.webp"},{"@type":"BreadcrumbList","@id":"https:\/\/lynnhan.com\/bo\/terms-of-service\/#breadcrumb","itemListElement":[{"@type":"ListItem","position":1,"name":"Home","item":"https:\/\/lynnhan.com\/"},{"@type":"ListItem","position":2,"name":"Terms Of Service"}]},{"@type":"WebSite","@id":"https:\/\/lynnhan.com\/km\/#website","url":"https:\/\/lynnhan.com\/km\/","name":"Lynnhan - Vjerovani dobavlja\u010d | LED\/OLED\/LCD\/E-paper digitalna oznaka","description":"Lynnhan - Vjerovati dobavlja\u010d | LED\/OLED\/LCD\/E-paper digitalna oznaka","publisher":{"@id":"https:\/\/lynnhan.com\/km\/#organization"},"potentialAction":[{"@type":"SearchAction","target":{"@type":"EntryPoint","urlTemplate":"https:\/\/lynnhan.com\/km\/?s={search_term_string}"},"query-input":{"@type":"PropertyValueSpecification","valueRequired":true,"valueName":"search_term_string"}}],"inLanguage":"hr"},{"@type":"Organization","@id":"https:\/\/lynnhan.com\/km\/#organization","name":"Lynnhan - Vjerovani dobavlja\u010d | LED\/OLED\/LCD\/E-paper digitalna oznaka","url":"https:\/\/lynnhan.com\/km\/","logo":{"@type":"ImageObject","inLanguage":"hr","@id":"https:\/\/lynnhan.com\/km\/#\/schema\/logo\/image\/","url":"https:\/\/pub-78925c7bf9ca4c6d820df8293a5c116c.r2.dev\/2024\/07\/LynnHan-logo3.png","contentUrl":"https:\/\/pub-78925c7bf9ca4c6d820df8293a5c116c.r2.dev\/2024\/07\/LynnHan-logo3.png","width":390,"height":130,"caption":"Lynnhan - Trusted Supplier | LED\/OLED\/LCD\/E-paper digital signages"},"image":{"@id":"https:\/\/lynnhan.com\/km\/#\/schema\/logo\/image\/"}}]}},"jetpack_sharing_enabled":true,"_links":{"self":[{"href":"https:\/\/lynnhan.com\/hr\/wp-json\/wp\/v2\/pages\/603","targetHints":{"allow":["GET"]}}],"collection":[{"href":"https:\/\/lynnhan.com\/hr\/wp-json\/wp\/v2\/pages"}],"about":[{"href":"https:\/\/lynnhan.com\/hr\/wp-json\/wp\/v2\/types\/page"}],"author":[{"embeddable":true,"href":"https:\/\/lynnhan.com\/hr\/wp-json\/wp\/v2\/users\/1"}],"replies":[{"embeddable":true,"href":"https:\/\/lynnhan.com\/hr\/wp-json\/wp\/v2\/comments?post=603"}],"version-history":[{"count":0,"href":"https:\/\/lynnhan.com\/hr\/wp-json\/wp\/v2\/pages\/603\/revisions"}],"wp:attachment":[{"href":"https:\/\/lynnhan.com\/hr\/wp-json\/wp\/v2\/media?parent=603"}],"curies":[{"name":"wp","href":"https:\/\/api.w.org\/{rel}","templated":true}]}}