{"id":601,"date":"2024-02-28T03:19:26","date_gmt":"2024-02-28T03:19:26","guid":{"rendered":"https:\/\/lynnhan.com\/?page_id=601"},"modified":"2024-12-18T10:32:06","modified_gmt":"2024-12-18T10:32:06","slug":"pravilnik-o-ponasanju","status":"publish","type":"page","link":"https:\/\/lynnhan.com\/hr\/pravilnik-o-ponasanju\/","title":{"rendered":"Kodeks pona\u0161anja"},"content":{"rendered":"<div data-elementor-type=\"wp-page\" data-elementor-id=\"601\" class=\"elementor elementor-601\" data-elementor-post-type=\"page\">\n\t\t\t\t<div class=\"elementor-element elementor-element-1f21eb2 e-flex e-con-boxed e-con e-parent\" data-id=\"1f21eb2\" data-element_type=\"container\">\n\t\t\t\t\t<div class=\"e-con-inner\">\n\t\t\t\t<div class=\"elementor-element elementor-element-bfcddf0 elementor-widget elementor-widget-image\" data-id=\"bfcddf0\" data-element_type=\"widget\" data-widget_type=\"image.default\">\n\t\t\t\t<div class=\"elementor-widget-container\">\n\t\t\t\t\t\t\t\t\t\t\t\t\t\t\t<img fetchpriority=\"high\" decoding=\"async\" width=\"1536\" height=\"768\" src=\"https:\/\/pub-78925c7bf9ca4c6d820df8293a5c116c.r2.dev\/2024\/12\/Code-Of-Conduct.webp\" class=\"attachment-full size-full wp-image-3311\" alt=\"Kod pona\u0161anja za dobavlja\u010da LED proizvoda All in One\" srcset=\"https:\/\/pub-78925c7bf9ca4c6d820df8293a5c116c.r2.dev\/2024\/12\/Code-Of-Conduct.webp 1536w, https:\/\/pub-78925c7bf9ca4c6d820df8293a5c116c.r2.dev\/2024\/12\/Code-Of-Conduct-700x350.webp 700w, https:\/\/pub-78925c7bf9ca4c6d820df8293a5c116c.r2.dev\/2024\/12\/Code-Of-Conduct-1024x512.webp 1024w, https:\/\/pub-78925c7bf9ca4c6d820df8293a5c116c.r2.dev\/2024\/12\/Code-Of-Conduct-768x384.webp 768w, https:\/\/pub-78925c7bf9ca4c6d820df8293a5c116c.r2.dev\/2024\/12\/Code-Of-Conduct-18x9.webp 18w, https:\/\/pub-78925c7bf9ca4c6d820df8293a5c116c.r2.dev\/2024\/12\/Code-Of-Conduct-1140x570.webp 1140w, https:\/\/pub-78925c7bf9ca4c6d820df8293a5c116c.r2.dev\/2024\/12\/Code-Of-Conduct-920x460.webp 920w, https:\/\/pub-78925c7bf9ca4c6d820df8293a5c116c.r2.dev\/2024\/12\/Code-Of-Conduct-575x288.webp 575w, https:\/\/pub-78925c7bf9ca4c6d820df8293a5c116c.r2.dev\/2024\/12\/Code-Of-Conduct-380x190.webp 380w, https:\/\/pub-78925c7bf9ca4c6d820df8293a5c116c.r2.dev\/2024\/12\/Code-Of-Conduct-1320x660.webp 1320w, https:\/\/pub-78925c7bf9ca4c6d820df8293a5c116c.r2.dev\/2024\/12\/Code-Of-Conduct-800x400.webp 800w\" sizes=\"(max-width: 1536px) 100vw, 1536px\" \/>\t\t\t\t\t\t\t\t\t\t\t\t\t\t\t<\/div>\n\t\t\t\t<\/div>\n\t\t\t\t\t<\/div>\n\t\t\t\t<\/div>\n\t\t<div class=\"elementor-element elementor-element-7b6aef8e e-flex e-con-boxed e-con e-parent\" data-id=\"7b6aef8e\" data-element_type=\"container\">\n\t\t\t\t\t<div class=\"e-con-inner\">\n\t\t\t\t<div class=\"elementor-element elementor-element-620072c1 elementor-widget elementor-widget-text-editor\" data-id=\"620072c1\" data-element_type=\"widget\" data-widget_type=\"text-editor.default\">\n\t\t\t\t<div class=\"elementor-widget-container\">\n\t\t\t\t\t\t\t\t\t\n<p><strong>Uvod<\/strong><\/p>\n\n\n\n<p>Na Lynnhanu, zavjedoani smo provoditi na\u0161 posao prema najvi\u0161im standardima integriteta i profesionalizma. Ovaj Pravilnik pona\u0161anja slu\u017ei kao vodi\u0107 na\u0161im zaposlenicima, partnerima i suradnicima, izla\u017eu\u0107i na\u010dele i standarde koji definiraju na\u0161u korporativnu djelatnost i procese dono\u0161enja odluka.<\/p>\n\n\n\n<p><strong>Na\u0161 anga\u017eman za integritet<\/strong><\/p>\n\n\n\n<ul class=\"wp-block-list\">\n<li><strong>Eti\u010dki poslovni na\u010din rada<\/strong>: Zavjedoani smo provoditi na\u0161 posao eti\u010dki i s integritetom, po\u0161tujemo sve odgovaraju\u0107e zakone, propise i standarde.<\/li>\n\n\n\n<li><strong>Prozirnost<\/strong>: Stvaramo okru\u017eenje otvorenosti i transparentnosti u svim na\u0161im poslovnim vezbama, osiguravaju\u0107i da su na\u0161i stakeholderi obavje\u0161teni i uklju\u010deni u na\u0161i procesi.<\/li>\n<\/ul>\n\n\n\n<p><strong>Po\u0161tovanje i pravednost<\/strong><\/p>\n\n\n\n<ul class=\"wp-block-list\">\n<li><strong>Raznovrsnost i uklju\u010divanje<\/strong>: Cijenimo raznovrsnost i zavjedoani smo stvarati uklju\u010duju\u0107e okru\u017eenje gdje svatko bude tretiran s po\u0161tovanjem i dostojanstvom.<\/li>\n\n\n\n<li><strong>Radno mjesto bez maltretiranja<\/strong>: Lynnhan je posve\u0107en odr\u017eavanju radnog mjesta bez maltretiranja, diskriminacije ili bilo kakvog oblika nasilja. Svi zaposlenici se o\u010dekuje da doprinosu pozitivnom i po\u0161tovanjem okru\u017eenju.<\/li>\n<\/ul>\n\n\n\n<p><strong>Odgovornost i odgovornost<\/strong><\/p>\n\n\n\n<ul class=\"wp-block-list\">\n<li><strong>Prilagodljivost<\/strong>: Svi zaposlenici i partneri moraju po\u0161tovati ovaj Pravilnik pona\u0161anja, kompanijske politike i sve odgovaraju\u0107e zakone i propise.<\/li>\n\n\n\n<li><strong>Izdavanje prijavki o kr\u0161enju<\/strong>: Poti\u010demo izdavanje prijavki o bilo kakvom nesavr\u0161enom pona\u0161anju ili kr\u0161enju ovog Pravilnika pona\u0161anja. Lynnhan osigurava da ne\u0107e biti odmazde protiv osoba koje u dobrotvornom smislu prijavljuju kr\u0161enja.<\/li>\n<\/ul>\n\n\n\n<p><strong>Tajnost i privatnost<\/strong><\/p>\n\n\n\n<ul class=\"wp-block-list\">\n<li><strong>O\u010duvanje informacija<\/strong>: Zavjedoani smo o\u010duvati tajnost i privatnost na\u0161ih kupaca, zaposlenika i partnera. Informacije treba obradivati s najve\u0107om pa\u017enjom i sigurno\u0161\u0107u.<\/li>\n\n\n\n<li><strong>17. Intelektualna vlasni\u0161tvo<\/strong>: Po\u0161tujemo prava intelektualne vlasti i o\u010dekujemo da na\u0161i zaposlenici i partneri u\u010dine isto.<\/li>\n<\/ul>\n\n\n\n<p><strong>Konflikt interes\u00e2<\/strong><\/p>\n\n\n\n<ul class=\"wp-block-list\">\n<li><strong>Izbjegavanje konflikata<\/strong>: Zaposlenici i partneri bi trebali izbjegavati bilo kakve osobne, financijske ili druge interese koje bi mogli onemogu\u0107iti njihovu sposobnost ili volju da izvr\u0161avaju svoje poslovne du\u017enosti nesuvjetno.<\/li>\n\n\n\n<li><strong>Otkrivanje<\/strong>: Svaki potencijalni konflikt interes\u00e2 bi trebao biti otkriven upravi za procjenu i savjetovanje.<\/li>\n<\/ul>\n\n\n\n<p><strong>Odgovornost za okoli\u0161<\/strong><\/p>\n\n\n\n<ul class=\"wp-block-list\">\n<li><strong>Odr\u017eivost<\/strong>: Lynnhan je posve\u0107en odr\u017eivosti i vladanju okoli\u0161em. Strujemo minimizirati na\u0161 utjecaj na okoli\u0161 i promovirati odgovorne praksi kroz sve oblasti na\u0161eg poslovanja.<\/li>\n<\/ul>\n\n\n\n<p><strong>Uklju\u010divanje zajednice<\/strong><\/p>\n\n\n\n<ul class=\"wp-block-list\">\n<li><strong>Vra\u0107anje zajednici<\/strong>: Vjerujemo u vra\u0107anje zajednicama gdje djelujemo, stvaraju\u0107i duh slu\u017ebe i dobrovoljnosti me\u0111u na\u0161im zaposlenicima i partnerima.<\/li>\n<\/ul>\n\n\n\n<p><strong>Provod i izvr\u0161avanje<\/strong><\/p>\n\n\n\n<ul class=\"wp-block-list\">\n<li><strong>Trening<\/strong>: Svi zaposlenici \u0107e biti obu\u010deni o ovom Kodu pona\u0161anja kako bi bili svjesni i mogli efikasno odr\u017eavati te na\u010dele.<\/li>\n\n\n\n<li><strong>Izvr\u0161avanje<\/strong>: Prekr\u0161aji ovog Koda pona\u0161anja \u0107e biti shva\u0107eni ozbiljno i mogu rezultirati kaznenim akcijama, uklju\u010duju\u0107i prekid zaposlenja ili poslovnih odnosa.<\/li>\n<\/ul>\n\n\n\n<p><strong>Zavr\u0161enje<\/strong><\/p>\n\n\n\n<p>Ovaj Kod pona\u0161anja je klju\u010dan za na\u0161u misiju u Lynnhan. Kroz po\u0161tovanje tih na\u010dela, odr\u017eavamo na\u0161u reputaciju integriteta, pridodajemo pozitivnu kulturu radnog mjesta i gradimo povjerju sa na\u0161im kupcima, partnerima i zajednicom. zajedno, mo\u017eemo osigurati da Lynnhan nastavlja biti mjesto gdje vrlina, po\u0161tovanje i integritet cvjetaju.<\/p>\n\t\t\t\t\t\t\t\t<\/div>\n\t\t\t\t<\/div>\n\t\t\t\t\t<\/div>\n\t\t\t\t<\/div>\n\t\t\t\t<\/div>","protected":false},"excerpt":{"rendered":"<p>Introduction At Lynnhan, we are committed to conducting our business according to the highest standards of integrity and professionalism. This Code of Conduct serves as a guide for our employees, [\u2026]<\/p>","protected":false},"author":1,"featured_media":0,"parent":0,"menu_order":0,"comment_status":"closed","ping_status":"closed","template":"","meta":{"footnotes":""},"class_list":["post-601","page","type-page","status-publish","hentry"],"yoast_head":"<!-- This site is optimized with the Yoast SEO plugin v26.6 - https:\/\/yoast.com\/wordpress\/plugins\/seo\/ -->\n<title>Code of Conduct-Lynnhan smart display factory<\/title>\n<meta name=\"description\" content=\"Lynnhan smart display factory&#039;s commits to ethics and integrity. Our code of conduct ensures a respectful and inclusive culture for all.\" \/>\n<meta name=\"robots\" content=\"index, follow, max-snippet:-1, max-image-preview:large, max-video-preview:-1\" \/>\n<link rel=\"canonical\" href=\"https:\/\/lynnhan.com\/hr\/pravilnik-o-ponasanju\/\" \/>\n<meta property=\"og:locale\" content=\"hr_HR\" \/>\n<meta property=\"og:type\" content=\"article\" \/>\n<meta property=\"og:title\" content=\"Code of Conduct-Lynnhan smart display factory\" \/>\n<meta property=\"og:description\" content=\"Lynnhan smart display factory&#039;s commits to ethics and integrity. Our code of conduct ensures a respectful and inclusive culture for all.\" \/>\n<meta property=\"og:url\" content=\"https:\/\/lynnhan.com\/hr\/pravilnik-o-ponasanju\/\" \/>\n<meta property=\"og:site_name\" content=\"Lynnhan - Trusted Supplier | LED\/OLED\/LCD\/E-paper digital signages\" \/>\n<meta property=\"article:modified_time\" content=\"2024-12-18T10:32:06+00:00\" \/>\n<meta property=\"og:image\" content=\"https:\/\/pub-78925c7bf9ca4c6d820df8293a5c116c.r2.dev\/2024\/12\/Code-Of-Conduct.webp\" \/>\n<meta name=\"twitter:card\" content=\"summary_large_image\" \/>\n<meta name=\"twitter:label1\" content=\"Procijenjeno vrijeme \u010ditanja\" \/>\n\t<meta name=\"twitter:data1\" content=\"3 minute\" \/>\n<script type=\"application\/ld+json\" class=\"yoast-schema-graph\">{\"@context\":\"https:\/\/schema.org\",\"@graph\":[{\"@type\":\"WebPage\",\"@id\":\"https:\/\/lynnhan.com\/ja\/%e8%a1%8c%e5%8b%95%e8%a6%8f%e7%af%84\/\",\"url\":\"https:\/\/lynnhan.com\/ja\/%e8%a1%8c%e5%8b%95%e8%a6%8f%e7%af%84\/\",\"name\":\"Code of Conduct-Lynnhan smart display factory\",\"isPartOf\":{\"@id\":\"https:\/\/lynnhan.com\/km\/#website\"},\"primaryImageOfPage\":{\"@id\":\"https:\/\/lynnhan.com\/ja\/%e8%a1%8c%e5%8b%95%e8%a6%8f%e7%af%84\/#primaryimage\"},\"image\":{\"@id\":\"https:\/\/lynnhan.com\/ja\/%e8%a1%8c%e5%8b%95%e8%a6%8f%e7%af%84\/#primaryimage\"},\"thumbnailUrl\":\"https:\/\/pub-78925c7bf9ca4c6d820df8293a5c116c.r2.dev\/2024\/12\/Code-Of-Conduct.webp\",\"datePublished\":\"2024-02-28T03:19:26+00:00\",\"dateModified\":\"2024-12-18T10:32:06+00:00\",\"description\":\"Lynnhan smart display factory's commits to ethics and integrity. Our code of conduct ensures a respectful and inclusive culture for all.\",\"breadcrumb\":{\"@id\":\"https:\/\/lynnhan.com\/ja\/%e8%a1%8c%e5%8b%95%e8%a6%8f%e7%af%84\/#breadcrumb\"},\"inLanguage\":\"hr\",\"potentialAction\":[{\"@type\":\"ReadAction\",\"target\":[\"https:\/\/lynnhan.com\/ja\/%e8%a1%8c%e5%8b%95%e8%a6%8f%e7%af%84\/\"]}]},{\"@type\":\"ImageObject\",\"inLanguage\":\"hr\",\"@id\":\"https:\/\/lynnhan.com\/ja\/%e8%a1%8c%e5%8b%95%e8%a6%8f%e7%af%84\/#primaryimage\",\"url\":\"https:\/\/pub-78925c7bf9ca4c6d820df8293a5c116c.r2.dev\/2024\/12\/Code-Of-Conduct.webp\",\"contentUrl\":\"https:\/\/pub-78925c7bf9ca4c6d820df8293a5c116c.r2.dev\/2024\/12\/Code-Of-Conduct.webp\"},{\"@type\":\"BreadcrumbList\",\"@id\":\"https:\/\/lynnhan.com\/ja\/%e8%a1%8c%e5%8b%95%e8%a6%8f%e7%af%84\/#breadcrumb\",\"itemListElement\":[{\"@type\":\"ListItem\",\"position\":1,\"name\":\"Home\",\"item\":\"https:\/\/lynnhan.com\/\"},{\"@type\":\"ListItem\",\"position\":2,\"name\":\"Code Of Conduct\"}]},{\"@type\":\"WebSite\",\"@id\":\"https:\/\/lynnhan.com\/km\/#website\",\"url\":\"https:\/\/lynnhan.com\/km\/\",\"name\":\"Lynnhan - Trusted Supplier | LED\/OLED\/LCD\/E-paper digital signages\",\"description\":\"Lynnhan - Trusted Supplier |  LED\/OLED\/LCD\/E-paper digital signages\",\"publisher\":{\"@id\":\"https:\/\/lynnhan.com\/km\/#organization\"},\"potentialAction\":[{\"@type\":\"SearchAction\",\"target\":{\"@type\":\"EntryPoint\",\"urlTemplate\":\"https:\/\/lynnhan.com\/km\/?s={search_term_string}\"},\"query-input\":{\"@type\":\"PropertyValueSpecification\",\"valueRequired\":true,\"valueName\":\"search_term_string\"}}],\"inLanguage\":\"hr\"},{\"@type\":\"Organization\",\"@id\":\"https:\/\/lynnhan.com\/km\/#organization\",\"name\":\"Lynnhan - Trusted Supplier | LED\/OLED\/LCD\/E-paper digital signages\",\"url\":\"https:\/\/lynnhan.com\/km\/\",\"logo\":{\"@type\":\"ImageObject\",\"inLanguage\":\"hr\",\"@id\":\"https:\/\/lynnhan.com\/km\/#\/schema\/logo\/image\/\",\"url\":\"https:\/\/pub-78925c7bf9ca4c6d820df8293a5c116c.r2.dev\/2024\/07\/LynnHan-logo3.png\",\"contentUrl\":\"https:\/\/pub-78925c7bf9ca4c6d820df8293a5c116c.r2.dev\/2024\/07\/LynnHan-logo3.png\",\"width\":390,\"height\":130,\"caption\":\"Lynnhan - Trusted Supplier | LED\/OLED\/LCD\/E-paper digital signages\"},\"image\":{\"@id\":\"https:\/\/lynnhan.com\/km\/#\/schema\/logo\/image\/\"}}]}<\/script>\n<!-- \/ Yoast SEO plugin. -->","yoast_head_json":{"title":"Pravilnik o pona\u0161anju - Lynnhan tvornica pametnih prikaziva\u010da","description":"Lynnhan smart display factory's posve\u0107uje se etici i integritetu. Nasa eti\u010dka smjera osigurava po\u0161tuju\u0107u i uklju\u010duju\u0107u kulturu za sve.","robots":{"index":"index","follow":"follow","max-snippet":"max-snippet:-1","max-image-preview":"max-image-preview:large","max-video-preview":"max-video-preview:-1"},"canonical":"https:\/\/lynnhan.com\/hr\/pravilnik-o-ponasanju\/","og_locale":"hr_HR","og_type":"article","og_title":"Code of Conduct-Lynnhan smart display factory","og_description":"Lynnhan smart display factory's commits to ethics and integrity. Our code of conduct ensures a respectful and inclusive culture for all.","og_url":"https:\/\/lynnhan.com\/hr\/pravilnik-o-ponasanju\/","og_site_name":"Lynnhan - Trusted Supplier | LED\/OLED\/LCD\/E-paper digital signages","article_modified_time":"2024-12-18T10:32:06+00:00","og_image":[{"url":"https:\/\/pub-78925c7bf9ca4c6d820df8293a5c116c.r2.dev\/2024\/12\/Code-Of-Conduct.webp","type":"","width":"","height":""}],"twitter_card":"summary_large_image","twitter_misc":{"Procijenjeno vrijeme \u010ditanja":"3 minute"},"schema":{"@context":"https:\/\/schema.org","@graph":[{"@type":"WebPage","@id":"https:\/\/lynnhan.com\/ja\/%e8%a1%8c%e5%8b%95%e8%a6%8f%e7%af%84\/","url":"https:\/\/lynnhan.com\/ja\/%e8%a1%8c%e5%8b%95%e8%a6%8f%e7%af%84\/","name":"Pravilnik o pona\u0161anju - Lynnhan tvornica pametnih prikaziva\u010da","isPartOf":{"@id":"https:\/\/lynnhan.com\/km\/#website"},"primaryImageOfPage":{"@id":"https:\/\/lynnhan.com\/ja\/%e8%a1%8c%e5%8b%95%e8%a6%8f%e7%af%84\/#primaryimage"},"image":{"@id":"https:\/\/lynnhan.com\/ja\/%e8%a1%8c%e5%8b%95%e8%a6%8f%e7%af%84\/#primaryimage"},"thumbnailUrl":"https:\/\/pub-78925c7bf9ca4c6d820df8293a5c116c.r2.dev\/2024\/12\/Code-Of-Conduct.webp","datePublished":"2024-02-28T03:19:26+00:00","dateModified":"2024-12-18T10:32:06+00:00","description":"Lynnhan smart display factory's posve\u0107uje se etici i integritetu. Nasa eti\u010dka smjera osigurava po\u0161tuju\u0107u i uklju\u010duju\u0107u kulturu za sve.","breadcrumb":{"@id":"https:\/\/lynnhan.com\/ja\/%e8%a1%8c%e5%8b%95%e8%a6%8f%e7%af%84\/#breadcrumb"},"inLanguage":"hr","potentialAction":[{"@type":"ReadAction","target":["https:\/\/lynnhan.com\/ja\/%e8%a1%8c%e5%8b%95%e8%a6%8f%e7%af%84\/"]}]},{"@type":"ImageObject","inLanguage":"hr","@id":"https:\/\/lynnhan.com\/ja\/%e8%a1%8c%e5%8b%95%e8%a6%8f%e7%af%84\/#primaryimage","url":"https:\/\/pub-78925c7bf9ca4c6d820df8293a5c116c.r2.dev\/2024\/12\/Code-Of-Conduct.webp","contentUrl":"https:\/\/pub-78925c7bf9ca4c6d820df8293a5c116c.r2.dev\/2024\/12\/Code-Of-Conduct.webp"},{"@type":"BreadcrumbList","@id":"https:\/\/lynnhan.com\/ja\/%e8%a1%8c%e5%8b%95%e8%a6%8f%e7%af%84\/#breadcrumb","itemListElement":[{"@type":"ListItem","position":1,"name":"Home","item":"https:\/\/lynnhan.com\/"},{"@type":"ListItem","position":2,"name":"Code Of Conduct"}]},{"@type":"WebSite","@id":"https:\/\/lynnhan.com\/km\/#website","url":"https:\/\/lynnhan.com\/km\/","name":"Lynnhan - Vjerovani dobavlja\u010d | LED\/OLED\/LCD\/E-paper digitalna oznaka","description":"Lynnhan - Vjerovati dobavlja\u010d | LED\/OLED\/LCD\/E-paper digitalna oznaka","publisher":{"@id":"https:\/\/lynnhan.com\/km\/#organization"},"potentialAction":[{"@type":"SearchAction","target":{"@type":"EntryPoint","urlTemplate":"https:\/\/lynnhan.com\/km\/?s={search_term_string}"},"query-input":{"@type":"PropertyValueSpecification","valueRequired":true,"valueName":"search_term_string"}}],"inLanguage":"hr"},{"@type":"Organization","@id":"https:\/\/lynnhan.com\/km\/#organization","name":"Lynnhan - Vjerovani dobavlja\u010d | LED\/OLED\/LCD\/E-paper digitalna oznaka","url":"https:\/\/lynnhan.com\/km\/","logo":{"@type":"ImageObject","inLanguage":"hr","@id":"https:\/\/lynnhan.com\/km\/#\/schema\/logo\/image\/","url":"https:\/\/pub-78925c7bf9ca4c6d820df8293a5c116c.r2.dev\/2024\/07\/LynnHan-logo3.png","contentUrl":"https:\/\/pub-78925c7bf9ca4c6d820df8293a5c116c.r2.dev\/2024\/07\/LynnHan-logo3.png","width":390,"height":130,"caption":"Lynnhan - Trusted Supplier | LED\/OLED\/LCD\/E-paper digital signages"},"image":{"@id":"https:\/\/lynnhan.com\/km\/#\/schema\/logo\/image\/"}}]}},"jetpack_sharing_enabled":true,"_links":{"self":[{"href":"https:\/\/lynnhan.com\/hr\/wp-json\/wp\/v2\/pages\/601","targetHints":{"allow":["GET"]}}],"collection":[{"href":"https:\/\/lynnhan.com\/hr\/wp-json\/wp\/v2\/pages"}],"about":[{"href":"https:\/\/lynnhan.com\/hr\/wp-json\/wp\/v2\/types\/page"}],"author":[{"embeddable":true,"href":"https:\/\/lynnhan.com\/hr\/wp-json\/wp\/v2\/users\/1"}],"replies":[{"embeddable":true,"href":"https:\/\/lynnhan.com\/hr\/wp-json\/wp\/v2\/comments?post=601"}],"version-history":[{"count":0,"href":"https:\/\/lynnhan.com\/hr\/wp-json\/wp\/v2\/pages\/601\/revisions"}],"wp:attachment":[{"href":"https:\/\/lynnhan.com\/hr\/wp-json\/wp\/v2\/media?parent=601"}],"curies":[{"name":"wp","href":"https:\/\/api.w.org\/{rel}","templated":true}]}}