{"id":601,"date":"2024-02-28T03:19:26","date_gmt":"2024-02-28T03:19:26","guid":{"rendered":"https:\/\/lynnhan.com\/?page_id=601"},"modified":"2024-12-18T10:32:06","modified_gmt":"2024-12-18T10:32:06","slug":"code-of-conduct","status":"publish","type":"page","link":"https:\/\/lynnhan.com\/fr\/code-of-conduct\/","title":{"rendered":"Code de conduite"},"content":{"rendered":"<div data-elementor-type=\"wp-page\" data-elementor-id=\"601\" class=\"elementor elementor-601\" data-elementor-post-type=\"page\">\n\t\t\t\t<div class=\"elementor-element elementor-element-1f21eb2 e-flex e-con-boxed e-con e-parent\" data-id=\"1f21eb2\" data-element_type=\"container\">\n\t\t\t\t\t<div class=\"e-con-inner\">\n\t\t\t\t<div class=\"elementor-element elementor-element-bfcddf0 elementor-widget elementor-widget-image\" data-id=\"bfcddf0\" data-element_type=\"widget\" data-widget_type=\"image.default\">\n\t\t\t\t<div class=\"elementor-widget-container\">\n\t\t\t\t\t\t\t\t\t\t\t\t\t\t\t<img fetchpriority=\"high\" decoding=\"async\" width=\"1536\" height=\"768\" src=\"https:\/\/pub-78925c7bf9ca4c6d820df8293a5c116c.r2.dev\/2024\/12\/Code-Of-Conduct.webp\" class=\"attachment-full size-full wp-image-3311\" alt=\"Fournisseur de LED tout en un Code de conduite\" srcset=\"https:\/\/pub-78925c7bf9ca4c6d820df8293a5c116c.r2.dev\/2024\/12\/Code-Of-Conduct.webp 1536w, https:\/\/pub-78925c7bf9ca4c6d820df8293a5c116c.r2.dev\/2024\/12\/Code-Of-Conduct-700x350.webp 700w, https:\/\/pub-78925c7bf9ca4c6d820df8293a5c116c.r2.dev\/2024\/12\/Code-Of-Conduct-1024x512.webp 1024w, https:\/\/pub-78925c7bf9ca4c6d820df8293a5c116c.r2.dev\/2024\/12\/Code-Of-Conduct-768x384.webp 768w, https:\/\/pub-78925c7bf9ca4c6d820df8293a5c116c.r2.dev\/2024\/12\/Code-Of-Conduct-18x9.webp 18w, https:\/\/pub-78925c7bf9ca4c6d820df8293a5c116c.r2.dev\/2024\/12\/Code-Of-Conduct-1140x570.webp 1140w, https:\/\/pub-78925c7bf9ca4c6d820df8293a5c116c.r2.dev\/2024\/12\/Code-Of-Conduct-920x460.webp 920w, https:\/\/pub-78925c7bf9ca4c6d820df8293a5c116c.r2.dev\/2024\/12\/Code-Of-Conduct-575x288.webp 575w, https:\/\/pub-78925c7bf9ca4c6d820df8293a5c116c.r2.dev\/2024\/12\/Code-Of-Conduct-380x190.webp 380w, https:\/\/pub-78925c7bf9ca4c6d820df8293a5c116c.r2.dev\/2024\/12\/Code-Of-Conduct-1320x660.webp 1320w, https:\/\/pub-78925c7bf9ca4c6d820df8293a5c116c.r2.dev\/2024\/12\/Code-Of-Conduct-800x400.webp 800w\" sizes=\"(max-width: 1536px) 100vw, 1536px\" \/>\t\t\t\t\t\t\t\t\t\t\t\t\t\t\t<\/div>\n\t\t\t\t<\/div>\n\t\t\t\t\t<\/div>\n\t\t\t\t<\/div>\n\t\t<div class=\"elementor-element elementor-element-7b6aef8e e-flex e-con-boxed e-con e-parent\" data-id=\"7b6aef8e\" data-element_type=\"container\">\n\t\t\t\t\t<div class=\"e-con-inner\">\n\t\t\t\t<div class=\"elementor-element elementor-element-620072c1 elementor-widget elementor-widget-text-editor\" data-id=\"620072c1\" data-element_type=\"widget\" data-widget_type=\"text-editor.default\">\n\t\t\t\t<div class=\"elementor-widget-container\">\n\t\t\t\t\t\t\t\t\t\n<p><strong>Training<\/strong><\/p>\n\n\n\n<p>: All employees will receive training on this Code of Conduct to ensure they understand and can effectively uphold these principles.<\/p>\n\n\n\n<p><strong>Enforcement<\/strong><\/p>\n\n\n\n<ul class=\"wp-block-list\">\n<li><strong>: Violations of this Code of Conduct will be taken seriously and may result in disciplinary action, including termination of employment or business relationships.<\/strong>This Code of Conduct is central to our mission at Lynnhan. By adhering to these principles, we uphold our reputation for integrity, contribute to a positive workplace culture, and build trust with our customers, partners, and the community. Together, we can ensure that Lynnhan continues to be a place where excellence, respect, and integrity flourish.<\/li>\n\n\n\n<li><strong>All in One LED supplier Code of Conduct<\/strong>Lynnhan smart display factory's commits to ethics and integrity. Our code of conduct ensures a respectful and inclusive culture for all.<\/li>\n<\/ul>\n\n\n\n<p><strong>Respect et \u00c9quit\u00e9<\/strong><\/p>\n\n\n\n<ul class=\"wp-block-list\">\n<li><strong>Diversit\u00e9 et Inclusion<\/strong>: Nous valorisons la diversit\u00e9 et nous nous engageons \u00e0 cr\u00e9er un environnement inclusif o\u00f9 chacun est trait\u00e9 avec respect et dignit\u00e9.<\/li>\n\n\n\n<li><strong>Lieu de travail sans harc\u00e8lement<\/strong>: Lynnhan est d\u00e9di\u00e9 \u00e0 maintenir un lieu de travail exempt de harc\u00e8lement, de discrimination ou de toute forme de violence. Tous les employ\u00e9s sont attendus pour contribuer \u00e0 un environnement de travail positif et respectueux.<\/li>\n<\/ul>\n\n\n\n<p><strong>Responsabilit\u00e9 et D\u00e9ontologie<\/strong><\/p>\n\n\n\n<ul class=\"wp-block-list\">\n<li><strong>Conformit\u00e9<\/strong>: Tous les employ\u00e9s et partenaires doivent respecter ce Code de conduite, les politiques de l'entreprise et toutes les lois et r\u00e9glementations applicables.<\/li>\n\n\n\n<li><strong>Signalement des Violations<\/strong>: Nous encourageons le signalement de toute conduite non \u00e9thique ou violation de ce Code de conduite. Lynnhan garantit qu'il n'y aura pas de repr\u00e9sailles contre les individus qui signalent des violations de bonne foi.<\/li>\n<\/ul>\n\n\n\n<p><strong>Confidentialit\u00e9 et Vie Priv\u00e9e<\/strong><\/p>\n\n\n\n<ul class=\"wp-block-list\">\n<li><strong>Protection des Informations<\/strong>: Nous nous engageons \u00e0 prot\u00e9ger la confidentialit\u00e9 et la vie priv\u00e9e de nos clients, employ\u00e9s et partenaires. Les informations doivent \u00eatre trait\u00e9es avec le plus grand soin et s\u00e9curit\u00e9.<\/li>\n\n\n\n<li><strong>Propri\u00e9t\u00e9 Intellectuelle<\/strong>: Nous respectons les droits de propri\u00e9t\u00e9 intellectuelle et attendons de nos employ\u00e9s et partenaires qu'ils en fassent de m\u00eame.<\/li>\n<\/ul>\n\n\n\n<p><strong>Conflit d'Int\u00e9r\u00eat<\/strong><\/p>\n\n\n\n<ul class=\"wp-block-list\">\n<li><strong>\u00c9viter les Conflits<\/strong>: Les employ\u00e9s et partenaires doivent \u00e9viter tout int\u00e9r\u00eat personnel, financier ou autre qui pourrait compromettre leur capacit\u00e9 ou leur disposition \u00e0 accomplir leurs fonctions de mani\u00e8re impartiale.<\/li>\n\n\n\n<li><strong>Divulgation<\/strong>: Tout potentiel conflit d'int\u00e9r\u00eat doit \u00eatre r\u00e9v\u00e9l\u00e9 \u00e0 la direction pour \u00e9valuation et orientation.<\/li>\n<\/ul>\n\n\n\n<p><strong>Responsabilit\u00e9 Environnementale<\/strong><\/p>\n\n\n\n<ul class=\"wp-block-list\">\n<li><strong>Durabilit\u00e9<\/strong>: Lynnhan est d\u00e9di\u00e9 \u00e0 la durabilit\u00e9 et \u00e0 la gestion environnementale. Nous nous effor\u00e7ons de minimiser notre impact environnemental et de promouvoir des pratiques responsables dans tous les domaines de notre entreprise.<\/li>\n<\/ul>\n\n\n\n<p><strong>Engagement Communautaire<\/strong><\/p>\n\n\n\n<ul class=\"wp-block-list\">\n<li><strong>Faire un Don<\/strong>: Nous croyons en rendant service aux communaut\u00e9s o\u00f9 nous op\u00e9rons, favorisant un esprit de service et de b\u00e9n\u00e9volat chez nos employ\u00e9s et partenaires.<\/li>\n<\/ul>\n\n\n\n<p><strong>Mise en \u0152uvre et Application<\/strong><\/p>\n\n\n\n<ul class=\"wp-block-list\">\n<li><strong>Formation<\/strong>: Tous les employ\u00e9s recevront une formation sur ce Code de conduite pour s'assurer qu'ils comprennent et peuvent appliquer efficacement ces principes.<\/li>\n\n\n\n<li><strong>Application<\/strong>: Les violations de ce Code de conduite seront trait\u00e9es avec s\u00e9rieux et peuvent entra\u00eener des mesures disciplinaires, y compris la r\u00e9siliation de l'emploi ou des relations commerciales.<\/li>\n<\/ul>\n\n\n\n<p><strong>12. Conclusion<\/strong><\/p>\n\n\n\n<p>Ce Code de conduite est central \u00e0 notre mission chez Lynnhan. En adh\u00e9rant \u00e0 ces principes, nous maintenons notre r\u00e9putation d'int\u00e9grit\u00e9, contribuons \u00e0 un environnement de travail positif et construisons la confiance avec nos clients, partenaires et la communaut\u00e9. Ensemble, nous pouvons nous assurer que Lynnhan continue d'\u00eatre un endroit o\u00f9 l'excellence, le respect et l'int\u00e9grit\u00e9 fleurissent.<\/p>\n\t\t\t\t\t\t\t\t<\/div>\n\t\t\t\t<\/div>\n\t\t\t\t\t<\/div>\n\t\t\t\t<\/div>\n\t\t\t\t<\/div>","protected":false},"excerpt":{"rendered":"<p>Introduction At Lynnhan, we are committed to conducting our business according to the highest standards of integrity and professionalism. This Code of Conduct serves as a guide for our employees, [\u2026]<\/p>","protected":false},"author":1,"featured_media":0,"parent":0,"menu_order":0,"comment_status":"closed","ping_status":"closed","template":"","meta":{"footnotes":""},"class_list":["post-601","page","type-page","status-publish","hentry"],"yoast_head":"<!-- This site is optimized with the Yoast SEO plugin v26.6 - https:\/\/yoast.com\/wordpress\/plugins\/seo\/ -->\n<title>Code of Conduct-Lynnhan smart display factory<\/title>\n<meta name=\"description\" content=\"Lynnhan smart display factory&#039;s commits to ethics and integrity. Our code of conduct ensures a respectful and inclusive culture for all.\" \/>\n<meta name=\"robots\" content=\"index, follow, max-snippet:-1, max-image-preview:large, max-video-preview:-1\" \/>\n<link rel=\"canonical\" href=\"https:\/\/lynnhan.com\/fr\/code-of-conduct\/\" \/>\n<meta property=\"og:locale\" content=\"fr_FR\" \/>\n<meta property=\"og:type\" content=\"article\" \/>\n<meta property=\"og:title\" content=\"Code of Conduct-Lynnhan smart display factory\" \/>\n<meta property=\"og:description\" content=\"Lynnhan smart display factory&#039;s commits to ethics and integrity. Our code of conduct ensures a respectful and inclusive culture for all.\" \/>\n<meta property=\"og:url\" content=\"https:\/\/lynnhan.com\/fr\/code-of-conduct\/\" \/>\n<meta property=\"og:site_name\" content=\"Lynnhan - Trusted Supplier | LED\/OLED\/LCD\/E-paper digital signages\" \/>\n<meta property=\"article:modified_time\" content=\"2024-12-18T10:32:06+00:00\" \/>\n<meta property=\"og:image\" content=\"https:\/\/pub-78925c7bf9ca4c6d820df8293a5c116c.r2.dev\/2024\/12\/Code-Of-Conduct.webp\" \/>\n<meta name=\"twitter:card\" content=\"summary_large_image\" \/>\n<meta name=\"twitter:label1\" content=\"Dur\u00e9e de lecture estim\u00e9e\" \/>\n\t<meta name=\"twitter:data1\" content=\"3 minutes\" \/>\n<script type=\"application\/ld+json\" class=\"yoast-schema-graph\">{\"@context\":\"https:\/\/schema.org\",\"@graph\":[{\"@type\":\"WebPage\",\"@id\":\"https:\/\/lynnhan.com\/ja\/%e8%a1%8c%e5%8b%95%e8%a6%8f%e7%af%84\/\",\"url\":\"https:\/\/lynnhan.com\/ja\/%e8%a1%8c%e5%8b%95%e8%a6%8f%e7%af%84\/\",\"name\":\"Code of Conduct-Lynnhan smart display factory\",\"isPartOf\":{\"@id\":\"https:\/\/lynnhan.com\/km\/#website\"},\"primaryImageOfPage\":{\"@id\":\"https:\/\/lynnhan.com\/ja\/%e8%a1%8c%e5%8b%95%e8%a6%8f%e7%af%84\/#primaryimage\"},\"image\":{\"@id\":\"https:\/\/lynnhan.com\/ja\/%e8%a1%8c%e5%8b%95%e8%a6%8f%e7%af%84\/#primaryimage\"},\"thumbnailUrl\":\"https:\/\/pub-78925c7bf9ca4c6d820df8293a5c116c.r2.dev\/2024\/12\/Code-Of-Conduct.webp\",\"datePublished\":\"2024-02-28T03:19:26+00:00\",\"dateModified\":\"2024-12-18T10:32:06+00:00\",\"description\":\"Lynnhan smart display factory's commits to ethics and integrity. Our code of conduct ensures a respectful and inclusive culture for all.\",\"breadcrumb\":{\"@id\":\"https:\/\/lynnhan.com\/ja\/%e8%a1%8c%e5%8b%95%e8%a6%8f%e7%af%84\/#breadcrumb\"},\"inLanguage\":\"fr-FR\",\"potentialAction\":[{\"@type\":\"ReadAction\",\"target\":[\"https:\/\/lynnhan.com\/ja\/%e8%a1%8c%e5%8b%95%e8%a6%8f%e7%af%84\/\"]}]},{\"@type\":\"ImageObject\",\"inLanguage\":\"fr-FR\",\"@id\":\"https:\/\/lynnhan.com\/ja\/%e8%a1%8c%e5%8b%95%e8%a6%8f%e7%af%84\/#primaryimage\",\"url\":\"https:\/\/pub-78925c7bf9ca4c6d820df8293a5c116c.r2.dev\/2024\/12\/Code-Of-Conduct.webp\",\"contentUrl\":\"https:\/\/pub-78925c7bf9ca4c6d820df8293a5c116c.r2.dev\/2024\/12\/Code-Of-Conduct.webp\"},{\"@type\":\"BreadcrumbList\",\"@id\":\"https:\/\/lynnhan.com\/ja\/%e8%a1%8c%e5%8b%95%e8%a6%8f%e7%af%84\/#breadcrumb\",\"itemListElement\":[{\"@type\":\"ListItem\",\"position\":1,\"name\":\"Home\",\"item\":\"https:\/\/lynnhan.com\/\"},{\"@type\":\"ListItem\",\"position\":2,\"name\":\"Code Of Conduct\"}]},{\"@type\":\"WebSite\",\"@id\":\"https:\/\/lynnhan.com\/km\/#website\",\"url\":\"https:\/\/lynnhan.com\/km\/\",\"name\":\"Lynnhan - Trusted Supplier | LED\/OLED\/LCD\/E-paper digital signages\",\"description\":\"Lynnhan - Trusted Supplier |  LED\/OLED\/LCD\/E-paper digital signages\",\"publisher\":{\"@id\":\"https:\/\/lynnhan.com\/km\/#organization\"},\"potentialAction\":[{\"@type\":\"SearchAction\",\"target\":{\"@type\":\"EntryPoint\",\"urlTemplate\":\"https:\/\/lynnhan.com\/km\/?s={search_term_string}\"},\"query-input\":{\"@type\":\"PropertyValueSpecification\",\"valueRequired\":true,\"valueName\":\"search_term_string\"}}],\"inLanguage\":\"fr-FR\"},{\"@type\":\"Organization\",\"@id\":\"https:\/\/lynnhan.com\/km\/#organization\",\"name\":\"Lynnhan - Trusted Supplier | LED\/OLED\/LCD\/E-paper digital signages\",\"url\":\"https:\/\/lynnhan.com\/km\/\",\"logo\":{\"@type\":\"ImageObject\",\"inLanguage\":\"fr-FR\",\"@id\":\"https:\/\/lynnhan.com\/km\/#\/schema\/logo\/image\/\",\"url\":\"https:\/\/pub-78925c7bf9ca4c6d820df8293a5c116c.r2.dev\/2024\/07\/LynnHan-logo3.png\",\"contentUrl\":\"https:\/\/pub-78925c7bf9ca4c6d820df8293a5c116c.r2.dev\/2024\/07\/LynnHan-logo3.png\",\"width\":390,\"height\":130,\"caption\":\"Lynnhan - Trusted Supplier | LED\/OLED\/LCD\/E-paper digital signages\"},\"image\":{\"@id\":\"https:\/\/lynnhan.com\/km\/#\/schema\/logo\/image\/\"}}]}<\/script>\n<!-- \/ Yoast SEO plugin. -->","yoast_head_json":{"title":"Code of Conduct-Lynnhan smart display factory","description":"Lynnhan smart display factory's commits to ethics and integrity.","robots":{"index":"index","follow":"follow","max-snippet":"max-snippet:-1","max-image-preview":"max-image-preview:large","max-video-preview":"max-video-preview:-1"},"canonical":"https:\/\/lynnhan.com\/fr\/code-of-conduct\/","og_locale":"fr_FR","og_type":"article","og_title":"Code of Conduct-Lynnhan smart display factory","og_description":"Lynnhan smart display factory's commits to ethics and integrity. Our code of conduct ensures a respectful and inclusive culture for all.","og_url":"https:\/\/lynnhan.com\/fr\/code-of-conduct\/","og_site_name":"Lynnhan - Trusted Supplier | LED\/OLED\/LCD\/E-paper digital signages","article_modified_time":"2024-12-18T10:32:06+00:00","og_image":[{"url":"https:\/\/pub-78925c7bf9ca4c6d820df8293a5c116c.r2.dev\/2024\/12\/Code-Of-Conduct.webp","type":"","width":"","height":""}],"twitter_card":"summary_large_image","twitter_misc":{"Dur\u00e9e de lecture estim\u00e9e":"3 minutes"},"schema":{"@context":"https:\/\/schema.org","@graph":[{"@type":"WebPage","@id":"https:\/\/lynnhan.com\/ja\/%e8%a1%8c%e5%8b%95%e8%a6%8f%e7%af%84\/","url":"https:\/\/lynnhan.com\/ja\/%e8%a1%8c%e5%8b%95%e8%a6%8f%e7%af%84\/","name":"Code of Conduct-Lynnhan smart display factory","isPartOf":{"@id":"https:\/\/lynnhan.com\/km\/#website"},"primaryImageOfPage":{"@id":"https:\/\/lynnhan.com\/ja\/%e8%a1%8c%e5%8b%95%e8%a6%8f%e7%af%84\/#primaryimage"},"image":{"@id":"https:\/\/lynnhan.com\/ja\/%e8%a1%8c%e5%8b%95%e8%a6%8f%e7%af%84\/#primaryimage"},"thumbnailUrl":"https:\/\/pub-78925c7bf9ca4c6d820df8293a5c116c.r2.dev\/2024\/12\/Code-Of-Conduct.webp","datePublished":"2024-02-28T03:19:26+00:00","dateModified":"2024-12-18T10:32:06+00:00","description":"Lynnhan smart display factory's commits to ethics and integrity.","breadcrumb":{"@id":"https:\/\/lynnhan.com\/ja\/%e8%a1%8c%e5%8b%95%e8%a6%8f%e7%af%84\/#breadcrumb"},"inLanguage":"fr-FR","potentialAction":[{"@type":"ReadAction","target":["https:\/\/lynnhan.com\/ja\/%e8%a1%8c%e5%8b%95%e8%a6%8f%e7%af%84\/"]}]},{"@type":"ImageObject","inLanguage":"fr-FR","@id":"https:\/\/lynnhan.com\/ja\/%e8%a1%8c%e5%8b%95%e8%a6%8f%e7%af%84\/#primaryimage","url":"https:\/\/pub-78925c7bf9ca4c6d820df8293a5c116c.r2.dev\/2024\/12\/Code-Of-Conduct.webp","contentUrl":"https:\/\/pub-78925c7bf9ca4c6d820df8293a5c116c.r2.dev\/2024\/12\/Code-Of-Conduct.webp"},{"@type":"BreadcrumbList","@id":"https:\/\/lynnhan.com\/ja\/%e8%a1%8c%e5%8b%95%e8%a6%8f%e7%af%84\/#breadcrumb","itemListElement":[{"@type":"ListItem","position":1,"name":"Home","item":"https:\/\/lynnhan.com\/"},{"@type":"ListItem","position":2,"name":"Code Of Conduct"}]},{"@type":"WebSite","@id":"https:\/\/lynnhan.com\/km\/#website","url":"https:\/\/lynnhan.com\/km\/","name":"Lynnhan - Fournisseur de confiance | Signalisation num\u00e9rique LED\/OLED\/LCD\/E-paper","description":"Lynnhan - Fournisseur de confiance | Affichages num\u00e9riques LED\/OLED\/LCD\/E-paper","publisher":{"@id":"https:\/\/lynnhan.com\/km\/#organization"},"potentialAction":[{"@type":"SearchAction","target":{"@type":"EntryPoint","urlTemplate":"https:\/\/lynnhan.com\/km\/?s={search_term_string}"},"query-input":{"@type":"PropertyValueSpecification","valueRequired":true,"valueName":"search_term_string"}}],"inLanguage":"fr-FR"},{"@type":"Organization","@id":"https:\/\/lynnhan.com\/km\/#organization","name":"Lynnhan - Fournisseur de confiance | Signalisation num\u00e9rique LED\/OLED\/LCD\/E-paper","url":"https:\/\/lynnhan.com\/km\/","logo":{"@type":"ImageObject","inLanguage":"fr-FR","@id":"https:\/\/lynnhan.com\/km\/#\/schema\/logo\/image\/","url":"https:\/\/pub-78925c7bf9ca4c6d820df8293a5c116c.r2.dev\/2024\/07\/LynnHan-logo3.png","contentUrl":"https:\/\/pub-78925c7bf9ca4c6d820df8293a5c116c.r2.dev\/2024\/07\/LynnHan-logo3.png","width":390,"height":130,"caption":"Lynnhan - Trusted Supplier | LED\/OLED\/LCD\/E-paper digital signages"},"image":{"@id":"https:\/\/lynnhan.com\/km\/#\/schema\/logo\/image\/"}}]}},"jetpack_sharing_enabled":true,"_links":{"self":[{"href":"https:\/\/lynnhan.com\/fr\/wp-json\/wp\/v2\/pages\/601","targetHints":{"allow":["GET"]}}],"collection":[{"href":"https:\/\/lynnhan.com\/fr\/wp-json\/wp\/v2\/pages"}],"about":[{"href":"https:\/\/lynnhan.com\/fr\/wp-json\/wp\/v2\/types\/page"}],"author":[{"embeddable":true,"href":"https:\/\/lynnhan.com\/fr\/wp-json\/wp\/v2\/users\/1"}],"replies":[{"embeddable":true,"href":"https:\/\/lynnhan.com\/fr\/wp-json\/wp\/v2\/comments?post=601"}],"version-history":[{"count":0,"href":"https:\/\/lynnhan.com\/fr\/wp-json\/wp\/v2\/pages\/601\/revisions"}],"wp:attachment":[{"href":"https:\/\/lynnhan.com\/fr\/wp-json\/wp\/v2\/media?parent=601"}],"curies":[{"name":"wp","href":"https:\/\/api.w.org\/{rel}","templated":true}]}}