{"id":517,"date":"2024-02-27T08:02:52","date_gmt":"2024-02-27T08:02:52","guid":{"rendered":"https:\/\/lynnhan.com\/?page_id=517"},"modified":"2024-12-24T08:39:31","modified_gmt":"2024-12-24T08:39:31","slug":"why-lynnhan","status":"publish","type":"page","link":"https:\/\/lynnhan.com\/fr\/why-lynnhan\/","title":{"rendered":"Pourquoi Lynnhan"},"content":{"rendered":"<div data-elementor-type=\"wp-page\" data-elementor-id=\"517\" class=\"elementor elementor-517\" data-elementor-post-type=\"page\">\n\t\t\t\t<div class=\"elementor-element elementor-element-ac24e16 e-flex e-con-boxed e-con e-parent\" data-id=\"ac24e16\" data-element_type=\"container\">\n\t\t\t\t\t<div class=\"e-con-inner\">\n\t\t\t\t<div class=\"elementor-element elementor-element-a8ffeb6 elementor-widget elementor-widget-image\" data-id=\"a8ffeb6\" data-element_type=\"widget\" data-widget_type=\"image.default\">\n\t\t\t\t<div class=\"elementor-widget-container\">\n\t\t\t\t\t\t\t\t\t\t\t\t\t\t\t<img fetchpriority=\"high\" decoding=\"async\" width=\"1920\" height=\"1076\" src=\"https:\/\/pub-78925c7bf9ca4c6d820df8293a5c116c.r2.dev\/2024\/12\/Why-Lynnhan.webp\" class=\"attachment-full size-full wp-image-3274\" alt=\"Wlhy Fabricant d&#039;int\u00e9gration LED Lynnhan\" srcset=\"https:\/\/pub-78925c7bf9ca4c6d820df8293a5c116c.r2.dev\/2024\/12\/Why-Lynnhan.webp 1920w, https:\/\/pub-78925c7bf9ca4c6d820df8293a5c116c.r2.dev\/2024\/12\/Why-Lynnhan-700x392.webp 700w, https:\/\/pub-78925c7bf9ca4c6d820df8293a5c116c.r2.dev\/2024\/12\/Why-Lynnhan-1024x574.webp 1024w, https:\/\/pub-78925c7bf9ca4c6d820df8293a5c116c.r2.dev\/2024\/12\/Why-Lynnhan-768x430.webp 768w, https:\/\/pub-78925c7bf9ca4c6d820df8293a5c116c.r2.dev\/2024\/12\/Why-Lynnhan-1536x861.webp 1536w, https:\/\/pub-78925c7bf9ca4c6d820df8293a5c116c.r2.dev\/2024\/12\/Why-Lynnhan-18x10.webp 18w, https:\/\/pub-78925c7bf9ca4c6d820df8293a5c116c.r2.dev\/2024\/12\/Why-Lynnhan-1140x639.webp 1140w, https:\/\/pub-78925c7bf9ca4c6d820df8293a5c116c.r2.dev\/2024\/12\/Why-Lynnhan-920x516.webp 920w, https:\/\/pub-78925c7bf9ca4c6d820df8293a5c116c.r2.dev\/2024\/12\/Why-Lynnhan-575x322.webp 575w, https:\/\/pub-78925c7bf9ca4c6d820df8293a5c116c.r2.dev\/2024\/12\/Why-Lynnhan-380x213.webp 380w, https:\/\/pub-78925c7bf9ca4c6d820df8293a5c116c.r2.dev\/2024\/12\/Why-Lynnhan-1320x740.webp 1320w, https:\/\/pub-78925c7bf9ca4c6d820df8293a5c116c.r2.dev\/2024\/12\/Why-Lynnhan-800x448.webp 800w\" sizes=\"(max-width: 1920px) 100vw, 1920px\" \/>\t\t\t\t\t\t\t\t\t\t\t\t\t\t\t<\/div>\n\t\t\t\t<\/div>\n\t\t\t\t\t<\/div>\n\t\t\t\t<\/div>\n\t\t<div class=\"elementor-element elementor-element-1c5267a e-flex e-con-boxed e-con e-parent\" data-id=\"1c5267a\" data-element_type=\"container\">\n\t\t\t\t\t<div class=\"e-con-inner\">\n\t\t\t\t<div class=\"elementor-element elementor-element-fadb91b elementor-widget elementor-widget-text-editor\" data-id=\"fadb91b\" data-element_type=\"widget\" data-widget_type=\"text-editor.default\">\n\t\t\t\t<div class=\"elementor-widget-container\">\n\t\t\t\t\t\t\t\t\t<h3>Pourquoi Lynnhan : Votre partenaire dans les solutions technologiques intelligentes<\/h3><p><strong>Solutions innovantes pour les d\u00e9fis modernes<\/strong><\/p><p>Dans un monde o\u00f9 la technologie \u00e9volue \u00e0 une vitesse fulgurante, Lynnhan se distingue comme un phare d'innovation et de fiabilit\u00e9. Nous comprenons les complexit\u00e9s des environnements commerciaux et \u00e9ducatifs modernes et nous nous engageons \u00e0 employer des technologies artificielles intelligentes AI aliment\u00e9es et \u00e0 la pointe de la technologie, fournissant des solutions technologiques intelligentes qui affrontent ces d\u00e9fis de front. Voici quelques raisons pour lesquelles choisir Lynnhan est le choix intelligent pour votre organisation.<\/p><p><strong>Expertise in\u00e9gal\u00e9e<\/strong><\/p><p>Avec une d\u00e9cennie dans le secteur des technologies intelligentes, Lynnhan apporte une riche connaissance et une exp\u00e9rience \u00e0 la table. Notre \u00e9quipe d'experts est profond\u00e9ment investie dans la recherche et le d\u00e9veloppement, assurant que chaque produit que nous offrons est \u00e0 la pointe de la technologie. Lorsque vous choisissez Lynnhan, vous ne faites pas seulement appel \u00e0 un fournisseur ; vous gagnez un partenaire avec un historique prouv\u00e9 d'excellence.<\/p><p><strong>Solutions personnalis\u00e9es<\/strong><\/p><p>Nous nous targuons de notre capacit\u00e9 \u00e0 adapter nos produits et services pour r\u00e9pondre aux besoins uniques de nos clients. Du secteur de l'\u00e9ducation et de la sant\u00e9 \u00e0 l'environnement commercial, Lynnhan propose une large gamme de tableaux interactifs intelligents, t\u00e9l\u00e9viseurs portatifs, \u00e9crans tactiles, tablettes, laptops, mini PC et appareils portables qui peuvent \u00eatre personnalis\u00e9s pour r\u00e9pondre \u00e0 vos besoins sp\u00e9cifiques. Nos services flexibles OEM\/ODM signifient que votre vision peut devenir une r\u00e9alit\u00e9, avec des solutions technologiques con\u00e7ues sp\u00e9cifiquement pour vous.<\/p><p><strong>Garantie de la qualit\u00e9<\/strong><\/p><p>La qualit\u00e9 n'est pas seulement un objectif ; c'est une promesse. Chez Lynnhan, chaque produit souscrit \u00e0 des processus de test rigoureux et de contr\u00f4le de la qualit\u00e9 pour garantir qu'il r\u00e9pond \u00e0 nos normes \u00e9lev\u00e9es. Nous utilisons uniquement les meilleurs mat\u00e9riaux et les techniques de fabrication les plus r\u00e9centes pour garantir la fiabilit\u00e9 et la durabilit\u00e9. Lorsque vous investissez dans la technologie Lynnhan, vous investissez dans une qualit\u00e9 qui dure.<\/p><p><strong>Durabilit\u00e9 et responsabilit\u00e9<\/strong><\/p><p>Alors que nous avan\u00e7ons vers l'avenir, Lynnhan reste engag\u00e9 dans la durabilit\u00e9 et les pratiques \u00e9thiques. Nous explorons constamment des moyens de r\u00e9duire notre impact environnemental et de d\u00e9velopper des produits qui sont non seulement innovants mais aussi \u00e9cologiques. En partenariat avec Lynnhan, vous soutenez une entreprise qui s'int\u00e9resse \u00e0 la plan\u00e8te aussi fort que vous.<\/p><p><strong>Exceptionnel soutien client<\/strong><\/p><p>Notre relation avec nos clients ne s'arr\u00eate pas \u00e0 la vente. Lynnhan offre un soutien client complet, de la consultation initiale et de l'installation \u00e0 l'assistance technique et \u00e0 la formation continue. Notre \u00e9quipe d\u00e9di\u00e9e est toujours pr\u00eate \u00e0 vous aider \u00e0 tirer le meilleur parti de vos solutions Lynnhan, assurant que votre exp\u00e9rience est sans faille et satisfaisante.<\/p><p><strong>Port\u00e9e mondiale, touche locale<\/strong><\/p><p>La pr\u00e9sence mondiale de Lynnhan ne se fait pas au d\u00e9triment d'un service personnalis\u00e9. Nous valorisons nos clients locaux et nous engageons \u00e0 comprendre et \u00e0 r\u00e9pondre \u00e0 leurs besoins avec la m\u00eame d\u00e9votion et le m\u00eame soin que nos clients internationaux. O\u00f9 que vous soyez, Lynnhan est l\u00e0 pour vous soutenir.<\/p><p><strong>Investir dans votre succ\u00e8s<\/strong><\/p><p>Chez Lynnhan, votre succ\u00e8s est notre succ\u00e8s. Nous ne vendons pas seulement des produits ; nous offrons des solutions qui favorisent la croissance, am\u00e9liorent la productivit\u00e9 et am\u00e9liorent les vies. Notre engagement envers l'innovation, la qualit\u00e9 et la satisfaction client est in\u00e9branlable car nous croyons en la construction de partenariats \u00e0 long terme avec nos clients.<\/p><p><strong>Choisissez Lynnhan : o\u00f9 l'innovation rencontre la fiabilit\u00e9<\/strong><\/p><p>Lorsque vous choisissez Lynnhan, vous choisissez un partenaire d\u00e9di\u00e9 \u00e0 votre succ\u00e8s. Avec nos solutions innovantes, notre approche personnalis\u00e9e, notre engagement envers la qualit\u00e9 et notre soutien exceptionnel, nous sommes pr\u00eats \u00e0 vous aider \u00e0 affronter les d\u00e9fis d'aujourd'hui et de demain.<\/p><p>D\u00e9couvrez la diff\u00e9rence Lynnhan. Innovons ensemble.<\/p>\t\t\t\t\t\t\t\t<\/div>\n\t\t\t\t<\/div>\n\t\t\t\t\t<\/div>\n\t\t\t\t<\/div>\n\t\t\t\t<\/div>","protected":false},"excerpt":{"rendered":"<p>Why Lynnhan: Your Partner in Smart Technology Solutions Innovative Solutions for Modern Challenges In a world where technology evolves at lightning speed, Lynnhan stands out as a beacon of innovation [\u2026]<\/p>","protected":false},"author":1,"featured_media":0,"parent":0,"menu_order":0,"comment_status":"closed","ping_status":"closed","template":"","meta":{"footnotes":""},"class_list":["post-517","page","type-page","status-publish","hentry"],"yoast_head":"<!-- This site is optimized with the Yoast SEO plugin v26.6 - https:\/\/yoast.com\/wordpress\/plugins\/seo\/ -->\n<title>Why Lynnhan ? Smart Tech, Smart Touch<\/title>\n<meta name=\"description\" content=\"Experience the LynnHan difference. From innovative products to dedicated support, see why we exceed expectations.\" \/>\n<meta name=\"robots\" content=\"index, follow, max-snippet:-1, max-image-preview:large, max-video-preview:-1\" \/>\n<link rel=\"canonical\" href=\"https:\/\/lynnhan.com\/fr\/why-lynnhan\/\" \/>\n<meta property=\"og:locale\" content=\"fr_FR\" \/>\n<meta property=\"og:type\" content=\"article\" \/>\n<meta property=\"og:title\" content=\"Why Lynnhan ? Smart Tech, Smart Touch\" \/>\n<meta property=\"og:description\" content=\"Experience the LynnHan difference. From innovative products to dedicated support, see why we exceed expectations.\" \/>\n<meta property=\"og:url\" content=\"https:\/\/lynnhan.com\/fr\/why-lynnhan\/\" \/>\n<meta property=\"og:site_name\" content=\"Lynnhan - Trusted Supplier | LED\/OLED\/LCD\/E-paper digital signages\" \/>\n<meta property=\"article:modified_time\" content=\"2024-12-24T08:39:31+00:00\" \/>\n<meta property=\"og:image\" content=\"https:\/\/pub-78925c7bf9ca4c6d820df8293a5c116c.r2.dev\/2024\/12\/Why-Lynnhan.webp\" \/>\n<meta name=\"twitter:card\" content=\"summary_large_image\" \/>\n<meta name=\"twitter:label1\" content=\"Dur\u00e9e de lecture estim\u00e9e\" \/>\n\t<meta name=\"twitter:data1\" content=\"3 minutes\" \/>\n<script type=\"application\/ld+json\" class=\"yoast-schema-graph\">{\"@context\":\"https:\/\/schema.org\",\"@graph\":[{\"@type\":\"WebPage\",\"@id\":\"https:\/\/lynnhan.com\/why-lynnhan\/\",\"url\":\"https:\/\/lynnhan.com\/why-lynnhan\/\",\"name\":\"Why Lynnhan ? Smart Tech, Smart Touch\",\"isPartOf\":{\"@id\":\"https:\/\/lynnhan.com\/km\/#website\"},\"primaryImageOfPage\":{\"@id\":\"https:\/\/lynnhan.com\/why-lynnhan\/#primaryimage\"},\"image\":{\"@id\":\"https:\/\/lynnhan.com\/why-lynnhan\/#primaryimage\"},\"thumbnailUrl\":\"https:\/\/pub-78925c7bf9ca4c6d820df8293a5c116c.r2.dev\/2024\/12\/Why-Lynnhan.webp\",\"datePublished\":\"2024-02-27T08:02:52+00:00\",\"dateModified\":\"2024-12-24T08:39:31+00:00\",\"description\":\"Experience the LynnHan difference. From innovative products to dedicated support, see why we exceed expectations.\",\"breadcrumb\":{\"@id\":\"https:\/\/lynnhan.com\/why-lynnhan\/#breadcrumb\"},\"inLanguage\":\"fr-FR\",\"potentialAction\":[{\"@type\":\"ReadAction\",\"target\":[\"https:\/\/lynnhan.com\/why-lynnhan\/\"]}]},{\"@type\":\"ImageObject\",\"inLanguage\":\"fr-FR\",\"@id\":\"https:\/\/lynnhan.com\/why-lynnhan\/#primaryimage\",\"url\":\"https:\/\/pub-78925c7bf9ca4c6d820df8293a5c116c.r2.dev\/2024\/12\/Why-Lynnhan.webp\",\"contentUrl\":\"https:\/\/pub-78925c7bf9ca4c6d820df8293a5c116c.r2.dev\/2024\/12\/Why-Lynnhan.webp\"},{\"@type\":\"BreadcrumbList\",\"@id\":\"https:\/\/lynnhan.com\/why-lynnhan\/#breadcrumb\",\"itemListElement\":[{\"@type\":\"ListItem\",\"position\":1,\"name\":\"Home\",\"item\":\"https:\/\/lynnhan.com\/\"},{\"@type\":\"ListItem\",\"position\":2,\"name\":\"Why Lynnhan\"}]},{\"@type\":\"WebSite\",\"@id\":\"https:\/\/lynnhan.com\/km\/#website\",\"url\":\"https:\/\/lynnhan.com\/km\/\",\"name\":\"Lynnhan - Trusted Supplier | LED\/OLED\/LCD\/E-paper digital signages\",\"description\":\"Lynnhan - Trusted Supplier |  LED\/OLED\/LCD\/E-paper digital signages\",\"publisher\":{\"@id\":\"https:\/\/lynnhan.com\/km\/#organization\"},\"potentialAction\":[{\"@type\":\"SearchAction\",\"target\":{\"@type\":\"EntryPoint\",\"urlTemplate\":\"https:\/\/lynnhan.com\/km\/?s={search_term_string}\"},\"query-input\":{\"@type\":\"PropertyValueSpecification\",\"valueRequired\":true,\"valueName\":\"search_term_string\"}}],\"inLanguage\":\"fr-FR\"},{\"@type\":\"Organization\",\"@id\":\"https:\/\/lynnhan.com\/km\/#organization\",\"name\":\"Lynnhan - Trusted Supplier | LED\/OLED\/LCD\/E-paper digital signages\",\"url\":\"https:\/\/lynnhan.com\/km\/\",\"logo\":{\"@type\":\"ImageObject\",\"inLanguage\":\"fr-FR\",\"@id\":\"https:\/\/lynnhan.com\/km\/#\/schema\/logo\/image\/\",\"url\":\"https:\/\/pub-78925c7bf9ca4c6d820df8293a5c116c.r2.dev\/2024\/07\/LynnHan-logo3.png\",\"contentUrl\":\"https:\/\/pub-78925c7bf9ca4c6d820df8293a5c116c.r2.dev\/2024\/07\/LynnHan-logo3.png\",\"width\":390,\"height\":130,\"caption\":\"Lynnhan - Trusted Supplier | LED\/OLED\/LCD\/E-paper digital signages\"},\"image\":{\"@id\":\"https:\/\/lynnhan.com\/km\/#\/schema\/logo\/image\/\"}}]}<\/script>\n<!-- \/ Yoast SEO plugin. -->","yoast_head_json":{"title":"Why Lynnhan ? Smart Tech, Smart Touch","description":"Experience the LynnHan difference. From innovative products to dedicated support, see why we exceed expectations.","robots":{"index":"index","follow":"follow","max-snippet":"max-snippet:-1","max-image-preview":"max-image-preview:large","max-video-preview":"max-video-preview:-1"},"canonical":"https:\/\/lynnhan.com\/fr\/why-lynnhan\/","og_locale":"fr_FR","og_type":"article","og_title":"Why Lynnhan ? Smart Tech, Smart Touch","og_description":"Experience the LynnHan difference. From innovative products to dedicated support, see why we exceed expectations.","og_url":"https:\/\/lynnhan.com\/fr\/why-lynnhan\/","og_site_name":"Lynnhan - Trusted Supplier | LED\/OLED\/LCD\/E-paper digital signages","article_modified_time":"2024-12-24T08:39:31+00:00","og_image":[{"url":"https:\/\/pub-78925c7bf9ca4c6d820df8293a5c116c.r2.dev\/2024\/12\/Why-Lynnhan.webp","type":"","width":"","height":""}],"twitter_card":"summary_large_image","twitter_misc":{"Dur\u00e9e de lecture estim\u00e9e":"3 minutes"},"schema":{"@context":"https:\/\/schema.org","@graph":[{"@type":"WebPage","@id":"https:\/\/lynnhan.com\/why-lynnhan\/","url":"https:\/\/lynnhan.com\/why-lynnhan\/","name":"Why Lynnhan ? Smart Tech, Smart Touch","isPartOf":{"@id":"https:\/\/lynnhan.com\/km\/#website"},"primaryImageOfPage":{"@id":"https:\/\/lynnhan.com\/why-lynnhan\/#primaryimage"},"image":{"@id":"https:\/\/lynnhan.com\/why-lynnhan\/#primaryimage"},"thumbnailUrl":"https:\/\/pub-78925c7bf9ca4c6d820df8293a5c116c.r2.dev\/2024\/12\/Why-Lynnhan.webp","datePublished":"2024-02-27T08:02:52+00:00","dateModified":"2024-12-24T08:39:31+00:00","description":"Experience the LynnHan difference. From innovative products to dedicated support, see why we exceed expectations.","breadcrumb":{"@id":"https:\/\/lynnhan.com\/why-lynnhan\/#breadcrumb"},"inLanguage":"fr-FR","potentialAction":[{"@type":"ReadAction","target":["https:\/\/lynnhan.com\/why-lynnhan\/"]}]},{"@type":"ImageObject","inLanguage":"fr-FR","@id":"https:\/\/lynnhan.com\/why-lynnhan\/#primaryimage","url":"https:\/\/pub-78925c7bf9ca4c6d820df8293a5c116c.r2.dev\/2024\/12\/Why-Lynnhan.webp","contentUrl":"https:\/\/pub-78925c7bf9ca4c6d820df8293a5c116c.r2.dev\/2024\/12\/Why-Lynnhan.webp"},{"@type":"BreadcrumbList","@id":"https:\/\/lynnhan.com\/why-lynnhan\/#breadcrumb","itemListElement":[{"@type":"ListItem","position":1,"name":"Home","item":"https:\/\/lynnhan.com\/"},{"@type":"ListItem","position":2,"name":"Why Lynnhan"}]},{"@type":"WebSite","@id":"https:\/\/lynnhan.com\/km\/#website","url":"https:\/\/lynnhan.com\/km\/","name":"Lynnhan - Fournisseur de confiance | Signalisation num\u00e9rique LED\/OLED\/LCD\/E-paper","description":"Lynnhan - Fournisseur de confiance | Affichages num\u00e9riques LED\/OLED\/LCD\/E-paper","publisher":{"@id":"https:\/\/lynnhan.com\/km\/#organization"},"potentialAction":[{"@type":"SearchAction","target":{"@type":"EntryPoint","urlTemplate":"https:\/\/lynnhan.com\/km\/?s={search_term_string}"},"query-input":{"@type":"PropertyValueSpecification","valueRequired":true,"valueName":"search_term_string"}}],"inLanguage":"fr-FR"},{"@type":"Organization","@id":"https:\/\/lynnhan.com\/km\/#organization","name":"Lynnhan - Fournisseur de confiance | Signalisation num\u00e9rique LED\/OLED\/LCD\/E-paper","url":"https:\/\/lynnhan.com\/km\/","logo":{"@type":"ImageObject","inLanguage":"fr-FR","@id":"https:\/\/lynnhan.com\/km\/#\/schema\/logo\/image\/","url":"https:\/\/pub-78925c7bf9ca4c6d820df8293a5c116c.r2.dev\/2024\/07\/LynnHan-logo3.png","contentUrl":"https:\/\/pub-78925c7bf9ca4c6d820df8293a5c116c.r2.dev\/2024\/07\/LynnHan-logo3.png","width":390,"height":130,"caption":"Lynnhan - Trusted Supplier | LED\/OLED\/LCD\/E-paper digital signages"},"image":{"@id":"https:\/\/lynnhan.com\/km\/#\/schema\/logo\/image\/"}}]}},"jetpack_sharing_enabled":true,"_links":{"self":[{"href":"https:\/\/lynnhan.com\/fr\/wp-json\/wp\/v2\/pages\/517","targetHints":{"allow":["GET"]}}],"collection":[{"href":"https:\/\/lynnhan.com\/fr\/wp-json\/wp\/v2\/pages"}],"about":[{"href":"https:\/\/lynnhan.com\/fr\/wp-json\/wp\/v2\/types\/page"}],"author":[{"embeddable":true,"href":"https:\/\/lynnhan.com\/fr\/wp-json\/wp\/v2\/users\/1"}],"replies":[{"embeddable":true,"href":"https:\/\/lynnhan.com\/fr\/wp-json\/wp\/v2\/comments?post=517"}],"version-history":[{"count":0,"href":"https:\/\/lynnhan.com\/fr\/wp-json\/wp\/v2\/pages\/517\/revisions"}],"wp:attachment":[{"href":"https:\/\/lynnhan.com\/fr\/wp-json\/wp\/v2\/media?parent=517"}],"curies":[{"name":"wp","href":"https:\/\/api.w.org\/{rel}","templated":true}]}}