{"id":483,"date":"2024-02-26T13:29:25","date_gmt":"2024-02-26T13:29:25","guid":{"rendered":"https:\/\/lynnhan.com\/?page_id=483"},"modified":"2024-12-18T14:05:52","modified_gmt":"2024-12-18T14:05:52","slug":"informations-pour-nous-contacter","status":"publish","type":"page","link":"https:\/\/lynnhan.com\/fr\/informations-pour-nous-contacter\/","title":{"rendered":"Informations de contact"},"content":{"rendered":"<div data-elementor-type=\"wp-page\" data-elementor-id=\"483\" class=\"elementor elementor-483\" data-elementor-post-type=\"page\">\n\t\t\t\t<div class=\"elementor-element elementor-element-c951381 e-flex e-con-boxed e-con e-parent\" data-id=\"c951381\" data-element_type=\"container\">\n\t\t\t\t\t<div class=\"e-con-inner\">\n\t\t\t\t<div class=\"elementor-element elementor-element-ed8b053 elementor-widget elementor-widget-image\" data-id=\"ed8b053\" data-element_type=\"widget\" data-widget_type=\"image.default\">\n\t\t\t\t<div class=\"elementor-widget-container\">\n\t\t\t\t\t\t\t\t\t\t\t\t\t\t\t<img fetchpriority=\"high\" decoding=\"async\" width=\"1456\" height=\"816\" src=\"https:\/\/pub-78925c7bf9ca4c6d820df8293a5c116c.r2.dev\/2024\/12\/contact-us-info.webp\" class=\"attachment-full size-full wp-image-3319\" alt=\"Fournisseur d&#039;LED tout en un, m\u00e9thode de contact de Lynnhan\" srcset=\"https:\/\/pub-78925c7bf9ca4c6d820df8293a5c116c.r2.dev\/2024\/12\/contact-us-info.webp 1456w, https:\/\/pub-78925c7bf9ca4c6d820df8293a5c116c.r2.dev\/2024\/12\/contact-us-info-700x392.webp 700w, https:\/\/pub-78925c7bf9ca4c6d820df8293a5c116c.r2.dev\/2024\/12\/contact-us-info-1024x574.webp 1024w, https:\/\/pub-78925c7bf9ca4c6d820df8293a5c116c.r2.dev\/2024\/12\/contact-us-info-768x430.webp 768w, https:\/\/pub-78925c7bf9ca4c6d820df8293a5c116c.r2.dev\/2024\/12\/contact-us-info-18x10.webp 18w, https:\/\/pub-78925c7bf9ca4c6d820df8293a5c116c.r2.dev\/2024\/12\/contact-us-info-1140x639.webp 1140w, https:\/\/pub-78925c7bf9ca4c6d820df8293a5c116c.r2.dev\/2024\/12\/contact-us-info-920x516.webp 920w, https:\/\/pub-78925c7bf9ca4c6d820df8293a5c116c.r2.dev\/2024\/12\/contact-us-info-575x322.webp 575w, https:\/\/pub-78925c7bf9ca4c6d820df8293a5c116c.r2.dev\/2024\/12\/contact-us-info-380x213.webp 380w, https:\/\/pub-78925c7bf9ca4c6d820df8293a5c116c.r2.dev\/2024\/12\/contact-us-info-1320x740.webp 1320w, https:\/\/pub-78925c7bf9ca4c6d820df8293a5c116c.r2.dev\/2024\/12\/contact-us-info-800x448.webp 800w\" sizes=\"(max-width: 1456px) 100vw, 1456px\" \/>\t\t\t\t\t\t\t\t\t\t\t\t\t\t\t<\/div>\n\t\t\t\t<\/div>\n\t\t\t\t\t<\/div>\n\t\t\t\t<\/div>\n\t\t<div class=\"elementor-element elementor-element-6a132c7 e-flex e-con-boxed e-con e-parent\" data-id=\"6a132c7\" data-element_type=\"container\">\n\t\t\t\t\t<div class=\"e-con-inner\">\n\t\t\t\t<div class=\"elementor-element elementor-element-5f66cb3 elementor-widget elementor-widget-text-editor\" data-id=\"5f66cb3\" data-element_type=\"widget\" data-widget_type=\"text-editor.default\">\n\t\t\t\t<div class=\"elementor-widget-container\">\n\t\t\t\t\t\t\t\t\t<p><strong>Connect with Lynnhan: Your Partner in Smart Technology Solutions<\/strong><\/p><p>At Lynnhan, we\u2019re dedicated to providing our clients with innovative smart technology solutions tailored to their unique business needs. Whether you\u2019re looking to enhance your operations with our range of smart boards, portable TVs, touch screens, tablets, laptops, mini PCs, or wearable devices, our team is here to help you find the right solutions. Reach out to us today to learn more about our products, schedule a demo, or discuss custom solutions.<\/p><p><strong>Get in Touch<\/strong><br \/>We value your inquiries and feedback. Here are several ways you can reach us:<\/p><ul><li><p><strong>Sales Inquiries<\/strong>: Interested in purchasing Lynnhan products or need advice on the best solutions for your business? Our sales team is ready to assist you.<\/p><ul><li>Email: <a target=\"_new\">sales@xinxiangt.sg-host.com<\/a><\/li><li>Phone\/what\u2019s app: +86 189 2843 1537<\/li><\/ul><\/li><li><p><strong>Technical Support<\/strong>: Need help with a Lynnhan product? Our technical support team is here to assist you with any issues or questions.<\/p><ul><li>Visit our <a href=\"https:\/\/chat.openai.com\/c\/3bcef6d8-79e0-448b-b325-64390622e650#\" target=\"_new\">Technical Support Page<\/a> for resources or contact us directly.<\/li><li>Email: <a target=\"_new\">support@xinxiangt.sg-host.com<\/a><\/li><\/ul><\/li><li><p><strong>General Inquiries<\/strong>: For all other questions or feedback, please use the following contacts.<\/p><ul><li>Email: contact<a target=\"_new\">@xinxiangt.sg-host.com<\/a><\/li><\/ul><\/li><\/ul><p><strong>Office Hours<\/strong><br \/>Our team is available to assist you during the following hours:<br \/>Monday \u2013 Friday: 9:00 AM \u2013 5:00 PM (UST+8)<\/p><p><strong>Follow Us<\/strong><br \/>Stay connected with Lynnhan and be the first to know about our latest products, updates, and events by following us on our social media channels:<\/p><ul><li>LinkedIn: <a href=\"https:\/\/www.linkedin.com\/in\/chris-tang-standbyme-tv-manufacturer\/\">https:\/\/www.linkedin.com\/in\/chris-tang-standbyme-tv-manufacturer\/<\/a><\/li><li>Twitter: [Insert Twitter URL]<\/li><li>Facebook:<a href=\"https:\/\/www.facebook.com\/profile.php?id=61557528243130\">https:\/\/www.facebook.com\/profile.php?id=61557528243130<\/a><\/li><\/ul><p><strong>Visit Us<\/strong><br \/>Our headquarters are located in Shen Zhen City, GuangDong Province, China.<br \/>Feel free to schedule a visit to discuss your needs in person. Please contact us to arrange an appointment.<\/p><p><strong>Envoyez-nous un message<\/strong><br \/>Pour votre commodit\u00e9, vous pouvez \u00e9galement utiliser le formulaire ci-dessous pour nous envoyer un message directement. Notre \u00e9quipe r\u00e9pondra \u00e0 votre demande le plus rapidement possible.<\/p><p>[<a href=\"https:\/\/xinxiangt.sg-host.com\/contact-us-form\/\"><em><strong>Formulaire de contact<\/strong><\/em><\/a>]<\/p><p>Chez Lynnhan, nous nous engageons \u00e0 fournir un service exceptionnel et des solutions de pointe. Contactez-nous aujourd'hui pour voir comment nous pouvons aider votre entreprise \u00e0 prosp\u00e9rer avec la puissance de la technologie intelligente.<\/p>\t\t\t\t\t\t\t\t<\/div>\n\t\t\t\t<\/div>\n\t\t\t\t\t<\/div>\n\t\t\t\t<\/div>\n\t\t\t\t<\/div>","protected":false},"excerpt":{"rendered":"<p>Connect with Lynnhan: Your Partner in Smart Technology Solutions At Lynnhan, we\u2019re dedicated to providing our clients with innovative smart technology solutions tailored to their unique business needs. Whether you\u2019re [\u2026]<\/p>","protected":false},"author":1,"featured_media":0,"parent":0,"menu_order":0,"comment_status":"closed","ping_status":"closed","template":"","meta":{"footnotes":""},"class_list":["post-483","page","type-page","status-publish","hentry"],"yoast_head":"<!-- This site is optimized with the Yoast SEO plugin v26.6 - https:\/\/yoast.com\/wordpress\/plugins\/seo\/ -->\n<title>Quick Contact Form Guide-Lynnhan smart boards manufacturer<\/title>\n<meta name=\"description\" content=\"Need immediate Lynnhan smart boards manufacturer support or have a question? Our contact form ensures you&#039;re heard. Reach out today!\" \/>\n<meta name=\"robots\" content=\"index, follow, max-snippet:-1, max-image-preview:large, max-video-preview:-1\" \/>\n<link rel=\"canonical\" href=\"https:\/\/lynnhan.com\/fr\/informations-pour-nous-contacter\/\" \/>\n<meta property=\"og:locale\" content=\"fr_FR\" \/>\n<meta property=\"og:type\" content=\"article\" \/>\n<meta property=\"og:title\" content=\"Quick Contact Form Guide-Lynnhan smart boards manufacturer\" \/>\n<meta property=\"og:description\" content=\"Need immediate Lynnhan smart boards manufacturer support or have a question? Our contact form ensures you&#039;re heard. Reach out today!\" \/>\n<meta property=\"og:url\" content=\"https:\/\/lynnhan.com\/fr\/informations-pour-nous-contacter\/\" \/>\n<meta property=\"og:site_name\" content=\"Lynnhan - Trusted Supplier | LED\/OLED\/LCD\/E-paper digital signages\" \/>\n<meta property=\"article:modified_time\" content=\"2024-12-18T14:05:52+00:00\" \/>\n<meta property=\"og:image\" content=\"https:\/\/pub-78925c7bf9ca4c6d820df8293a5c116c.r2.dev\/2024\/12\/contact-us-info.webp\" \/>\n<meta name=\"twitter:card\" content=\"summary_large_image\" \/>\n<meta name=\"twitter:label1\" content=\"Dur\u00e9e de lecture estim\u00e9e\" \/>\n\t<meta name=\"twitter:data1\" content=\"2 minutes\" \/>\n<script type=\"application\/ld+json\" class=\"yoast-schema-graph\">{\"@context\":\"https:\/\/schema.org\",\"@graph\":[{\"@type\":\"WebPage\",\"@id\":\"https:\/\/lynnhan.com\/ar\/%d9%85%d8%b9%d9%84%d9%88%d9%85%d8%a7%d8%aa-%d8%a7%d9%84%d8%a7%d8%aa%d8%b5%d8%a7%d9%84-%d8%a8%d9%86%d8%a7\/\",\"url\":\"https:\/\/lynnhan.com\/ar\/%d9%85%d8%b9%d9%84%d9%88%d9%85%d8%a7%d8%aa-%d8%a7%d9%84%d8%a7%d8%aa%d8%b5%d8%a7%d9%84-%d8%a8%d9%86%d8%a7\/\",\"name\":\"Quick Contact Form Guide-Lynnhan smart boards manufacturer\",\"isPartOf\":{\"@id\":\"https:\/\/lynnhan.com\/km\/#website\"},\"primaryImageOfPage\":{\"@id\":\"https:\/\/lynnhan.com\/ar\/%d9%85%d8%b9%d9%84%d9%88%d9%85%d8%a7%d8%aa-%d8%a7%d9%84%d8%a7%d8%aa%d8%b5%d8%a7%d9%84-%d8%a8%d9%86%d8%a7\/#primaryimage\"},\"image\":{\"@id\":\"https:\/\/lynnhan.com\/ar\/%d9%85%d8%b9%d9%84%d9%88%d9%85%d8%a7%d8%aa-%d8%a7%d9%84%d8%a7%d8%aa%d8%b5%d8%a7%d9%84-%d8%a8%d9%86%d8%a7\/#primaryimage\"},\"thumbnailUrl\":\"https:\/\/pub-78925c7bf9ca4c6d820df8293a5c116c.r2.dev\/2024\/12\/contact-us-info.webp\",\"datePublished\":\"2024-02-26T13:29:25+00:00\",\"dateModified\":\"2024-12-18T14:05:52+00:00\",\"description\":\"Need immediate Lynnhan smart boards manufacturer support or have a question? Our contact form ensures you're heard. Reach out today!\",\"breadcrumb\":{\"@id\":\"https:\/\/lynnhan.com\/ar\/%d9%85%d8%b9%d9%84%d9%88%d9%85%d8%a7%d8%aa-%d8%a7%d9%84%d8%a7%d8%aa%d8%b5%d8%a7%d9%84-%d8%a8%d9%86%d8%a7\/#breadcrumb\"},\"inLanguage\":\"fr-FR\",\"potentialAction\":[{\"@type\":\"ReadAction\",\"target\":[\"https:\/\/lynnhan.com\/ar\/%d9%85%d8%b9%d9%84%d9%88%d9%85%d8%a7%d8%aa-%d8%a7%d9%84%d8%a7%d8%aa%d8%b5%d8%a7%d9%84-%d8%a8%d9%86%d8%a7\/\"]}]},{\"@type\":\"ImageObject\",\"inLanguage\":\"fr-FR\",\"@id\":\"https:\/\/lynnhan.com\/ar\/%d9%85%d8%b9%d9%84%d9%88%d9%85%d8%a7%d8%aa-%d8%a7%d9%84%d8%a7%d8%aa%d8%b5%d8%a7%d9%84-%d8%a8%d9%86%d8%a7\/#primaryimage\",\"url\":\"https:\/\/pub-78925c7bf9ca4c6d820df8293a5c116c.r2.dev\/2024\/12\/contact-us-info.webp\",\"contentUrl\":\"https:\/\/pub-78925c7bf9ca4c6d820df8293a5c116c.r2.dev\/2024\/12\/contact-us-info.webp\"},{\"@type\":\"BreadcrumbList\",\"@id\":\"https:\/\/lynnhan.com\/ar\/%d9%85%d8%b9%d9%84%d9%88%d9%85%d8%a7%d8%aa-%d8%a7%d9%84%d8%a7%d8%aa%d8%b5%d8%a7%d9%84-%d8%a8%d9%86%d8%a7\/#breadcrumb\",\"itemListElement\":[{\"@type\":\"ListItem\",\"position\":1,\"name\":\"Home\",\"item\":\"https:\/\/lynnhan.com\/\"},{\"@type\":\"ListItem\",\"position\":2,\"name\":\"Contact Us Info\"}]},{\"@type\":\"WebSite\",\"@id\":\"https:\/\/lynnhan.com\/km\/#website\",\"url\":\"https:\/\/lynnhan.com\/km\/\",\"name\":\"Lynnhan - Trusted Supplier | LED\/OLED\/LCD\/E-paper digital signages\",\"description\":\"Lynnhan - Trusted Supplier |  LED\/OLED\/LCD\/E-paper digital signages\",\"publisher\":{\"@id\":\"https:\/\/lynnhan.com\/km\/#organization\"},\"potentialAction\":[{\"@type\":\"SearchAction\",\"target\":{\"@type\":\"EntryPoint\",\"urlTemplate\":\"https:\/\/lynnhan.com\/km\/?s={search_term_string}\"},\"query-input\":{\"@type\":\"PropertyValueSpecification\",\"valueRequired\":true,\"valueName\":\"search_term_string\"}}],\"inLanguage\":\"fr-FR\"},{\"@type\":\"Organization\",\"@id\":\"https:\/\/lynnhan.com\/km\/#organization\",\"name\":\"Lynnhan - Trusted Supplier | LED\/OLED\/LCD\/E-paper digital signages\",\"url\":\"https:\/\/lynnhan.com\/km\/\",\"logo\":{\"@type\":\"ImageObject\",\"inLanguage\":\"fr-FR\",\"@id\":\"https:\/\/lynnhan.com\/km\/#\/schema\/logo\/image\/\",\"url\":\"https:\/\/pub-78925c7bf9ca4c6d820df8293a5c116c.r2.dev\/2024\/07\/LynnHan-logo3.png\",\"contentUrl\":\"https:\/\/pub-78925c7bf9ca4c6d820df8293a5c116c.r2.dev\/2024\/07\/LynnHan-logo3.png\",\"width\":390,\"height\":130,\"caption\":\"Lynnhan - Trusted Supplier | LED\/OLED\/LCD\/E-paper digital signages\"},\"image\":{\"@id\":\"https:\/\/lynnhan.com\/km\/#\/schema\/logo\/image\/\"}}]}<\/script>\n<!-- \/ Yoast SEO plugin. -->","yoast_head_json":{"title":"Guide de Formulaire de Contact Rapide - Fabricant de tables interactives Lynnhan","description":"Besoin d'un soutien imm\u00e9diat du fabricant de tables num\u00e9riques Lynnhan ou avez-vous une question ? Notre formulaire de contact garantit que vous serez entendu. Contactez-nous aujourd'hui !","robots":{"index":"index","follow":"follow","max-snippet":"max-snippet:-1","max-image-preview":"max-image-preview:large","max-video-preview":"max-video-preview:-1"},"canonical":"https:\/\/lynnhan.com\/fr\/informations-pour-nous-contacter\/","og_locale":"fr_FR","og_type":"article","og_title":"Quick Contact Form Guide-Lynnhan smart boards manufacturer","og_description":"Need immediate Lynnhan smart boards manufacturer support or have a question? Our contact form ensures you're heard. Reach out today!","og_url":"https:\/\/lynnhan.com\/fr\/informations-pour-nous-contacter\/","og_site_name":"Lynnhan - Trusted Supplier | LED\/OLED\/LCD\/E-paper digital signages","article_modified_time":"2024-12-18T14:05:52+00:00","og_image":[{"url":"https:\/\/pub-78925c7bf9ca4c6d820df8293a5c116c.r2.dev\/2024\/12\/contact-us-info.webp","type":"","width":"","height":""}],"twitter_card":"summary_large_image","twitter_misc":{"Dur\u00e9e de lecture estim\u00e9e":"2 minutes"},"schema":{"@context":"https:\/\/schema.org","@graph":[{"@type":"WebPage","@id":"https:\/\/lynnhan.com\/ar\/%d9%85%d8%b9%d9%84%d9%88%d9%85%d8%a7%d8%aa-%d8%a7%d9%84%d8%a7%d8%aa%d8%b5%d8%a7%d9%84-%d8%a8%d9%86%d8%a7\/","url":"https:\/\/lynnhan.com\/ar\/%d9%85%d8%b9%d9%84%d9%88%d9%85%d8%a7%d8%aa-%d8%a7%d9%84%d8%a7%d8%aa%d8%b5%d8%a7%d9%84-%d8%a8%d9%86%d8%a7\/","name":"Guide de Formulaire de Contact Rapide - Fabricant de tables interactives Lynnhan","isPartOf":{"@id":"https:\/\/lynnhan.com\/km\/#website"},"primaryImageOfPage":{"@id":"https:\/\/lynnhan.com\/ar\/%d9%85%d8%b9%d9%84%d9%88%d9%85%d8%a7%d8%aa-%d8%a7%d9%84%d8%a7%d8%aa%d8%b5%d8%a7%d9%84-%d8%a8%d9%86%d8%a7\/#primaryimage"},"image":{"@id":"https:\/\/lynnhan.com\/ar\/%d9%85%d8%b9%d9%84%d9%88%d9%85%d8%a7%d8%aa-%d8%a7%d9%84%d8%a7%d8%aa%d8%b5%d8%a7%d9%84-%d8%a8%d9%86%d8%a7\/#primaryimage"},"thumbnailUrl":"https:\/\/pub-78925c7bf9ca4c6d820df8293a5c116c.r2.dev\/2024\/12\/contact-us-info.webp","datePublished":"2024-02-26T13:29:25+00:00","dateModified":"2024-12-18T14:05:52+00:00","description":"Besoin d'un soutien imm\u00e9diat du fabricant de tables num\u00e9riques Lynnhan ou avez-vous une question ? Notre formulaire de contact garantit que vous serez entendu. Contactez-nous aujourd'hui !","breadcrumb":{"@id":"https:\/\/lynnhan.com\/ar\/%d9%85%d8%b9%d9%84%d9%88%d9%85%d8%a7%d8%aa-%d8%a7%d9%84%d8%a7%d8%aa%d8%b5%d8%a7%d9%84-%d8%a8%d9%86%d8%a7\/#breadcrumb"},"inLanguage":"fr-FR","potentialAction":[{"@type":"ReadAction","target":["https:\/\/lynnhan.com\/ar\/%d9%85%d8%b9%d9%84%d9%88%d9%85%d8%a7%d8%aa-%d8%a7%d9%84%d8%a7%d8%aa%d8%b5%d8%a7%d9%84-%d8%a8%d9%86%d8%a7\/"]}]},{"@type":"ImageObject","inLanguage":"fr-FR","@id":"https:\/\/lynnhan.com\/ar\/%d9%85%d8%b9%d9%84%d9%88%d9%85%d8%a7%d8%aa-%d8%a7%d9%84%d8%a7%d8%aa%d8%b5%d8%a7%d9%84-%d8%a8%d9%86%d8%a7\/#primaryimage","url":"https:\/\/pub-78925c7bf9ca4c6d820df8293a5c116c.r2.dev\/2024\/12\/contact-us-info.webp","contentUrl":"https:\/\/pub-78925c7bf9ca4c6d820df8293a5c116c.r2.dev\/2024\/12\/contact-us-info.webp"},{"@type":"BreadcrumbList","@id":"https:\/\/lynnhan.com\/ar\/%d9%85%d8%b9%d9%84%d9%88%d9%85%d8%a7%d8%aa-%d8%a7%d9%84%d8%a7%d8%aa%d8%b5%d8%a7%d9%84-%d8%a8%d9%86%d8%a7\/#breadcrumb","itemListElement":[{"@type":"ListItem","position":1,"name":"Home","item":"https:\/\/lynnhan.com\/"},{"@type":"ListItem","position":2,"name":"Contact Us Info"}]},{"@type":"WebSite","@id":"https:\/\/lynnhan.com\/km\/#website","url":"https:\/\/lynnhan.com\/km\/","name":"Lynnhan - Fournisseur de confiance | Signalisation num\u00e9rique LED\/OLED\/LCD\/E-paper","description":"Lynnhan - Fournisseur de confiance | Affichages num\u00e9riques LED\/OLED\/LCD\/E-paper","publisher":{"@id":"https:\/\/lynnhan.com\/km\/#organization"},"potentialAction":[{"@type":"SearchAction","target":{"@type":"EntryPoint","urlTemplate":"https:\/\/lynnhan.com\/km\/?s={search_term_string}"},"query-input":{"@type":"PropertyValueSpecification","valueRequired":true,"valueName":"search_term_string"}}],"inLanguage":"fr-FR"},{"@type":"Organization","@id":"https:\/\/lynnhan.com\/km\/#organization","name":"Lynnhan - Fournisseur de confiance | Signalisation num\u00e9rique LED\/OLED\/LCD\/E-paper","url":"https:\/\/lynnhan.com\/km\/","logo":{"@type":"ImageObject","inLanguage":"fr-FR","@id":"https:\/\/lynnhan.com\/km\/#\/schema\/logo\/image\/","url":"https:\/\/pub-78925c7bf9ca4c6d820df8293a5c116c.r2.dev\/2024\/07\/LynnHan-logo3.png","contentUrl":"https:\/\/pub-78925c7bf9ca4c6d820df8293a5c116c.r2.dev\/2024\/07\/LynnHan-logo3.png","width":390,"height":130,"caption":"Lynnhan - Trusted Supplier | LED\/OLED\/LCD\/E-paper digital signages"},"image":{"@id":"https:\/\/lynnhan.com\/km\/#\/schema\/logo\/image\/"}}]}},"jetpack_sharing_enabled":true,"_links":{"self":[{"href":"https:\/\/lynnhan.com\/fr\/wp-json\/wp\/v2\/pages\/483","targetHints":{"allow":["GET"]}}],"collection":[{"href":"https:\/\/lynnhan.com\/fr\/wp-json\/wp\/v2\/pages"}],"about":[{"href":"https:\/\/lynnhan.com\/fr\/wp-json\/wp\/v2\/types\/page"}],"author":[{"embeddable":true,"href":"https:\/\/lynnhan.com\/fr\/wp-json\/wp\/v2\/users\/1"}],"replies":[{"embeddable":true,"href":"https:\/\/lynnhan.com\/fr\/wp-json\/wp\/v2\/comments?post=483"}],"version-history":[{"count":0,"href":"https:\/\/lynnhan.com\/fr\/wp-json\/wp\/v2\/pages\/483\/revisions"}],"wp:attachment":[{"href":"https:\/\/lynnhan.com\/fr\/wp-json\/wp\/v2\/media?parent=483"}],"curies":[{"name":"wp","href":"https:\/\/api.w.org\/{rel}","templated":true}]}}