{"id":601,"date":"2024-02-28T03:19:26","date_gmt":"2024-02-28T03:19:26","guid":{"rendered":"https:\/\/lynnhan.com\/?page_id=601"},"modified":"2024-12-18T10:32:06","modified_gmt":"2024-12-18T10:32:06","slug":"code-of-conduct","status":"publish","type":"page","link":"https:\/\/lynnhan.com\/fi\/code-of-conduct\/","title":{"rendered":"K\u00e4yt\u00e4nnes\u00e4\u00e4nn\u00f6t"},"content":{"rendered":"<div data-elementor-type=\"wp-page\" data-elementor-id=\"601\" class=\"elementor elementor-601\" data-elementor-post-type=\"page\">\n\t\t\t\t<div class=\"elementor-element elementor-element-1f21eb2 e-flex e-con-boxed e-con e-parent\" data-id=\"1f21eb2\" data-element_type=\"container\">\n\t\t\t\t\t<div class=\"e-con-inner\">\n\t\t\t\t<div class=\"elementor-element elementor-element-bfcddf0 elementor-widget elementor-widget-image\" data-id=\"bfcddf0\" data-element_type=\"widget\" data-widget_type=\"image.default\">\n\t\t\t\t<div class=\"elementor-widget-container\">\n\t\t\t\t\t\t\t\t\t\t\t\t\t\t\t<img fetchpriority=\"high\" decoding=\"async\" width=\"1536\" height=\"768\" src=\"https:\/\/pub-78925c7bf9ca4c6d820df8293a5c116c.r2.dev\/2024\/12\/Code-Of-Conduct.webp\" class=\"attachment-full size-full wp-image-3311\" alt=\"Kaikki yhdess\u00e4 - LED-toimittajan k\u00e4ytt\u00e4ytymiss\u00e4\u00e4nt\u00f6\" srcset=\"https:\/\/pub-78925c7bf9ca4c6d820df8293a5c116c.r2.dev\/2024\/12\/Code-Of-Conduct.webp 1536w, https:\/\/pub-78925c7bf9ca4c6d820df8293a5c116c.r2.dev\/2024\/12\/Code-Of-Conduct-700x350.webp 700w, https:\/\/pub-78925c7bf9ca4c6d820df8293a5c116c.r2.dev\/2024\/12\/Code-Of-Conduct-1024x512.webp 1024w, https:\/\/pub-78925c7bf9ca4c6d820df8293a5c116c.r2.dev\/2024\/12\/Code-Of-Conduct-768x384.webp 768w, https:\/\/pub-78925c7bf9ca4c6d820df8293a5c116c.r2.dev\/2024\/12\/Code-Of-Conduct-18x9.webp 18w, https:\/\/pub-78925c7bf9ca4c6d820df8293a5c116c.r2.dev\/2024\/12\/Code-Of-Conduct-1140x570.webp 1140w, https:\/\/pub-78925c7bf9ca4c6d820df8293a5c116c.r2.dev\/2024\/12\/Code-Of-Conduct-920x460.webp 920w, https:\/\/pub-78925c7bf9ca4c6d820df8293a5c116c.r2.dev\/2024\/12\/Code-Of-Conduct-575x288.webp 575w, https:\/\/pub-78925c7bf9ca4c6d820df8293a5c116c.r2.dev\/2024\/12\/Code-Of-Conduct-380x190.webp 380w, https:\/\/pub-78925c7bf9ca4c6d820df8293a5c116c.r2.dev\/2024\/12\/Code-Of-Conduct-1320x660.webp 1320w, https:\/\/pub-78925c7bf9ca4c6d820df8293a5c116c.r2.dev\/2024\/12\/Code-Of-Conduct-800x400.webp 800w\" sizes=\"(max-width: 1536px) 100vw, 1536px\" \/>\t\t\t\t\t\t\t\t\t\t\t\t\t\t\t<\/div>\n\t\t\t\t<\/div>\n\t\t\t\t\t<\/div>\n\t\t\t\t<\/div>\n\t\t<div class=\"elementor-element elementor-element-7b6aef8e e-flex e-con-boxed e-con e-parent\" data-id=\"7b6aef8e\" data-element_type=\"container\">\n\t\t\t\t\t<div class=\"e-con-inner\">\n\t\t\t\t<div class=\"elementor-element elementor-element-620072c1 elementor-widget elementor-widget-text-editor\" data-id=\"620072c1\" data-element_type=\"widget\" data-widget_type=\"text-editor.default\">\n\t\t\t\t<div class=\"elementor-widget-container\">\n\t\t\t\t\t\t\t\t\t\n<p><strong>Training<\/strong><\/p>\n\n\n\n<p>: All employees will receive training on this Code of Conduct to ensure they understand and can effectively uphold these principles.<\/p>\n\n\n\n<p><strong>Enforcement<\/strong><\/p>\n\n\n\n<ul class=\"wp-block-list\">\n<li><strong>: Violations of this Code of Conduct will be taken seriously and may result in disciplinary action, including termination of employment or business relationships.<\/strong>This Code of Conduct is central to our mission at Lynnhan. By adhering to these principles, we uphold our reputation for integrity, contribute to a positive workplace culture, and build trust with our customers, partners, and the community. Together, we can ensure that Lynnhan continues to be a place where excellence, respect, and integrity flourish.<\/li>\n\n\n\n<li><strong>All in One LED supplier Code of Conduct<\/strong>Lynnhan smart display factory's commits to ethics and integrity. Our code of conduct ensures a respectful and inclusive culture for all.<\/li>\n<\/ul>\n\n\n\n<p><strong>Kunnio ja tasavertaisuus<\/strong><\/p>\n\n\n\n<ul class=\"wp-block-list\">\n<li><strong>Monimuotoisuus ja sis\u00e4llytt\u00e4vyys<\/strong>: Arvostamme monimuotoisuutta ja olemme sitoutuneita luomaan kattavan ymp\u00e4rist\u00f6n, jossa jokainen kohtaan kunnioitusta ja arvokkuutta.<\/li>\n\n\n\n<li><strong>Harjoittamattomuuden ty\u00f6paikka<\/strong>: Lynnhan pyrkii yll\u00e4pit\u00e4m\u00e4\u00e4n h\u00e4iritt\u00f6m\u00e4n ty\u00f6ymp\u00e4rist\u00f6n, jossa ei ole syrjint\u00e4\u00e4 tai mink\u00e4\u00e4nlaista v\u00e4kivaltaa. Kaikkia ty\u00f6ntekij\u00f6it\u00e4 odotetaan edist\u00e4v\u00e4n positiivista ja kunnioittavaa ty\u00f6ymp\u00e4rist\u00f6\u00e4.<\/li>\n<\/ul>\n\n\n\n<p><strong>Vastuu ja vastuuvelvollisuus<\/strong><\/p>\n\n\n\n<ul class=\"wp-block-list\">\n<li><strong>Noudattaminen<\/strong>: Kaikkien ty\u00f6ntekij\u00f6iden ja kumppaneiden on noudatettava t\u00e4t\u00e4 k\u00e4ytt\u00e4ytymiss\u00e4\u00e4nt\u00f6\u00e4, yrityksen politiikkoja ja kaikkia sovellettavia lakeja ja m\u00e4\u00e4r\u00e4yksi\u00e4.<\/li>\n\n\n\n<li><strong>Rikkomusten raportointi<\/strong>: Kannustamme raportoimaan kaikkea ep\u00e4eettist\u00e4 k\u00e4ytt\u00e4ytymist\u00e4 tai t\u00e4m\u00e4n k\u00e4ytt\u00e4ytymiss\u00e4\u00e4nn\u00f6n rikkomuksia. Lynnhan varmistaa, ett\u00e4 raportoimisesta hyv\u00e4ss\u00e4 uskossa ei tapahdu takaisinottoa.<\/li>\n<\/ul>\n\n\n\n<p><strong>Salassapito ja yksityisyys<\/strong><\/p>\n\n\n\n<ul class=\"wp-block-list\">\n<li><strong>Tiedon suojaaminen<\/strong>: Olemme sitoutuneita suojelemaan asiakkaidemme, ty\u00f6ntekij\u00f6idemme ja kumppaneidemme salassapitoa ja yksityisyytt\u00e4. Tiedot on k\u00e4sitelt\u00e4v\u00e4 eritt\u00e4in huolellisesti ja turvallisesti.<\/li>\n\n\n\n<li><strong>Teollisomaisuus<\/strong>: Kunnioitamme teollisuusomaisuuden oikeuksia ja odotamme, ett\u00e4 ty\u00f6ntekij\u00e4mme ja kumppanimme tekev\u00e4t samoin.<\/li>\n<\/ul>\n\n\n\n<p><strong>Kiisteytyminen<\/strong><\/p>\n\n\n\n<ul class=\"wp-block-list\">\n<li><strong>Kiistojen v\u00e4ltt\u00e4minen<\/strong>: Ty\u00f6ntekij\u00f6iden ja kumppaneiden tulisi v\u00e4ltt\u00e4\u00e4 kaikki henkil\u00f6kohtaiset, taloudelliset tai muut edut, jotka saattavat haitata kyky\u00e4\u00e4n tai haluaan suorittaa ty\u00f6teht\u00e4vi\u00e4\u00e4n puolueettomasti.<\/li>\n\n\n\n<li><strong>Ilmoittaminen<\/strong>: Mahdolliset eturistiriidat tulisi ilmoittaa johdolle arvioitavaksi ja ohjaukseksi.<\/li>\n<\/ul>\n\n\n\n<p><strong>Ymp\u00e4rist\u00f6vastuu<\/strong><\/p>\n\n\n\n<ul class=\"wp-block-list\">\n<li><strong>Kest\u00e4v\u00e4 kehitys<\/strong>: Lynnhan on sitoutunut kest\u00e4vyyteen ja ymp\u00e4rist\u00f6valvontaan. Pyrimme v\u00e4hent\u00e4m\u00e4\u00e4n ymp\u00e4rist\u00f6vaikutustamme ja edist\u00e4m\u00e4\u00e4n vastuullisia k\u00e4yt\u00e4nt\u00f6j\u00e4 liiketoimintamme kaikilla aloilla.<\/li>\n<\/ul>\n\n\n\n<p><strong>Yhteis\u00f6n osallistuminen<\/strong><\/p>\n\n\n\n<ul class=\"wp-block-list\">\n<li><strong>Palauttaminen<\/strong>: Uskomme siihen, ett\u00e4 meid\u00e4n toimintaymp\u00e4rist\u00f6ss\u00e4mme toimivien yhteis\u00f6ihin on palautettava, kannustamme ty\u00f6ntekij\u00f6it\u00e4mme ja kumppaneitamme palvellakseen ja vapaaehtoisty\u00f6skennell\u00e4.<\/li>\n<\/ul>\n\n\n\n<p><strong>Toteutus ja valvonta<\/strong><\/p>\n\n\n\n<ul class=\"wp-block-list\">\n<li><strong>Koulutus<\/strong>: Kaikille ty\u00f6ntekij\u00f6ille annetaan koulutusta t\u00e4st\u00e4 k\u00e4ytt\u00e4ytymiss\u00e4\u00e4nn\u00f6st\u00e4 varmistaaksemme, ett\u00e4 he ymm\u00e4rt\u00e4v\u00e4t ja voivat tehokkaasti noudattaa n\u00e4it\u00e4 periaatteita.<\/li>\n\n\n\n<li><strong>Valvonta<\/strong>: T\u00e4m\u00e4n k\u00e4ytt\u00e4ytymiss\u00e4\u00e4nn\u00f6n rikkomukset k\u00e4sitell\u00e4\u00e4n vakavasti ja ne voivat johtaa kurinpidollisiin toimenpiteisiin, mukaan lukien ty\u00f6suhteen tai liiketoimissuhteen p\u00e4\u00e4tt\u00e4minen.<\/li>\n<\/ul>\n\n\n\n<p><strong>Johtop\u00e4\u00e4t\u00f6s<\/strong><\/p>\n\n\n\n<p>T\u00e4m\u00e4 k\u00e4ytt\u00e4ytymiss\u00e4\u00e4nt\u00f6 on keskeinen tavoitteessamme Lynnhanissa. Noudattamalla n\u00e4it\u00e4 periaatteita s\u00e4ilyt\u00e4mme luotettavuutemme, edist\u00e4mme positiivista ty\u00f6skentelykulttuuria ja rakennamme luottamusta asiakkaidemme, kumppaneidemme ja yhteis\u00f6n kanssa. Yhdess\u00e4 voimme varmistaa, ett\u00e4 Lynnhan jatkuu paikkana, jossa erinomaisuus, kunnioitus ja luotettavuus kukoistavat.<\/p>\n\t\t\t\t\t\t\t\t<\/div>\n\t\t\t\t<\/div>\n\t\t\t\t\t<\/div>\n\t\t\t\t<\/div>\n\t\t\t\t<\/div>","protected":false},"excerpt":{"rendered":"<p>Introduction At Lynnhan, we are committed to conducting our business according to the highest standards of integrity and professionalism. This Code of Conduct serves as a guide for our employees, [\u2026]<\/p>","protected":false},"author":1,"featured_media":0,"parent":0,"menu_order":0,"comment_status":"closed","ping_status":"closed","template":"","meta":{"footnotes":""},"class_list":["post-601","page","type-page","status-publish","hentry"],"yoast_head":"<!-- This site is optimized with the Yoast SEO plugin v26.6 - https:\/\/yoast.com\/wordpress\/plugins\/seo\/ -->\n<title>Code of Conduct-Lynnhan smart display factory<\/title>\n<meta name=\"description\" content=\"Lynnhan smart display factory&#039;s commits to ethics and integrity. Our code of conduct ensures a respectful and inclusive culture for all.\" \/>\n<meta name=\"robots\" content=\"index, follow, max-snippet:-1, max-image-preview:large, max-video-preview:-1\" \/>\n<link rel=\"canonical\" href=\"https:\/\/lynnhan.com\/fi\/code-of-conduct\/\" \/>\n<meta property=\"og:locale\" content=\"fi_FI\" \/>\n<meta property=\"og:type\" content=\"article\" \/>\n<meta property=\"og:title\" content=\"Code of Conduct-Lynnhan smart display factory\" \/>\n<meta property=\"og:description\" content=\"Lynnhan smart display factory&#039;s commits to ethics and integrity. Our code of conduct ensures a respectful and inclusive culture for all.\" \/>\n<meta property=\"og:url\" content=\"https:\/\/lynnhan.com\/fi\/code-of-conduct\/\" \/>\n<meta property=\"og:site_name\" content=\"Lynnhan - Trusted Supplier | LED\/OLED\/LCD\/E-paper digital signages\" \/>\n<meta property=\"article:modified_time\" content=\"2024-12-18T10:32:06+00:00\" \/>\n<meta property=\"og:image\" content=\"https:\/\/pub-78925c7bf9ca4c6d820df8293a5c116c.r2.dev\/2024\/12\/Code-Of-Conduct.webp\" \/>\n<meta name=\"twitter:card\" content=\"summary_large_image\" \/>\n<meta name=\"twitter:label1\" content=\"Arvioitu lukuaika\" \/>\n\t<meta name=\"twitter:data1\" content=\"3 minuuttia\" \/>\n<script type=\"application\/ld+json\" class=\"yoast-schema-graph\">{\"@context\":\"https:\/\/schema.org\",\"@graph\":[{\"@type\":\"WebPage\",\"@id\":\"https:\/\/lynnhan.com\/ja\/%e8%a1%8c%e5%8b%95%e8%a6%8f%e7%af%84\/\",\"url\":\"https:\/\/lynnhan.com\/ja\/%e8%a1%8c%e5%8b%95%e8%a6%8f%e7%af%84\/\",\"name\":\"Code of Conduct-Lynnhan smart display factory\",\"isPartOf\":{\"@id\":\"https:\/\/lynnhan.com\/km\/#website\"},\"primaryImageOfPage\":{\"@id\":\"https:\/\/lynnhan.com\/ja\/%e8%a1%8c%e5%8b%95%e8%a6%8f%e7%af%84\/#primaryimage\"},\"image\":{\"@id\":\"https:\/\/lynnhan.com\/ja\/%e8%a1%8c%e5%8b%95%e8%a6%8f%e7%af%84\/#primaryimage\"},\"thumbnailUrl\":\"https:\/\/pub-78925c7bf9ca4c6d820df8293a5c116c.r2.dev\/2024\/12\/Code-Of-Conduct.webp\",\"datePublished\":\"2024-02-28T03:19:26+00:00\",\"dateModified\":\"2024-12-18T10:32:06+00:00\",\"description\":\"Lynnhan smart display factory's commits to ethics and integrity. Our code of conduct ensures a respectful and inclusive culture for all.\",\"breadcrumb\":{\"@id\":\"https:\/\/lynnhan.com\/ja\/%e8%a1%8c%e5%8b%95%e8%a6%8f%e7%af%84\/#breadcrumb\"},\"inLanguage\":\"fi\",\"potentialAction\":[{\"@type\":\"ReadAction\",\"target\":[\"https:\/\/lynnhan.com\/ja\/%e8%a1%8c%e5%8b%95%e8%a6%8f%e7%af%84\/\"]}]},{\"@type\":\"ImageObject\",\"inLanguage\":\"fi\",\"@id\":\"https:\/\/lynnhan.com\/ja\/%e8%a1%8c%e5%8b%95%e8%a6%8f%e7%af%84\/#primaryimage\",\"url\":\"https:\/\/pub-78925c7bf9ca4c6d820df8293a5c116c.r2.dev\/2024\/12\/Code-Of-Conduct.webp\",\"contentUrl\":\"https:\/\/pub-78925c7bf9ca4c6d820df8293a5c116c.r2.dev\/2024\/12\/Code-Of-Conduct.webp\"},{\"@type\":\"BreadcrumbList\",\"@id\":\"https:\/\/lynnhan.com\/ja\/%e8%a1%8c%e5%8b%95%e8%a6%8f%e7%af%84\/#breadcrumb\",\"itemListElement\":[{\"@type\":\"ListItem\",\"position\":1,\"name\":\"Home\",\"item\":\"https:\/\/lynnhan.com\/\"},{\"@type\":\"ListItem\",\"position\":2,\"name\":\"Code Of Conduct\"}]},{\"@type\":\"WebSite\",\"@id\":\"https:\/\/lynnhan.com\/km\/#website\",\"url\":\"https:\/\/lynnhan.com\/km\/\",\"name\":\"Lynnhan - Trusted Supplier | LED\/OLED\/LCD\/E-paper digital signages\",\"description\":\"Lynnhan - Trusted Supplier |  LED\/OLED\/LCD\/E-paper digital signages\",\"publisher\":{\"@id\":\"https:\/\/lynnhan.com\/km\/#organization\"},\"potentialAction\":[{\"@type\":\"SearchAction\",\"target\":{\"@type\":\"EntryPoint\",\"urlTemplate\":\"https:\/\/lynnhan.com\/km\/?s={search_term_string}\"},\"query-input\":{\"@type\":\"PropertyValueSpecification\",\"valueRequired\":true,\"valueName\":\"search_term_string\"}}],\"inLanguage\":\"fi\"},{\"@type\":\"Organization\",\"@id\":\"https:\/\/lynnhan.com\/km\/#organization\",\"name\":\"Lynnhan - Trusted Supplier | LED\/OLED\/LCD\/E-paper digital signages\",\"url\":\"https:\/\/lynnhan.com\/km\/\",\"logo\":{\"@type\":\"ImageObject\",\"inLanguage\":\"fi\",\"@id\":\"https:\/\/lynnhan.com\/km\/#\/schema\/logo\/image\/\",\"url\":\"https:\/\/pub-78925c7bf9ca4c6d820df8293a5c116c.r2.dev\/2024\/07\/LynnHan-logo3.png\",\"contentUrl\":\"https:\/\/pub-78925c7bf9ca4c6d820df8293a5c116c.r2.dev\/2024\/07\/LynnHan-logo3.png\",\"width\":390,\"height\":130,\"caption\":\"Lynnhan - Trusted Supplier | LED\/OLED\/LCD\/E-paper digital signages\"},\"image\":{\"@id\":\"https:\/\/lynnhan.com\/km\/#\/schema\/logo\/image\/\"}}]}<\/script>\n<!-- \/ Yoast SEO plugin. -->","yoast_head_json":{"title":"Code of Conduct-Lynnhan smart display factory","description":"Lynnhan \u00e4lykk\u00e4\u00e4n n\u00e4ytt\u00f6tuotantolaitoksen sitoutuminen eettisyyteen ja eheys. K\u00e4yt\u00e4nnes\u00e4\u00e4nn\u00f6mme takaa kunnioittavan ja kaikkia sis\u00e4lt\u00e4v\u00e4n kulttuurin.","robots":{"index":"index","follow":"follow","max-snippet":"max-snippet:-1","max-image-preview":"max-image-preview:large","max-video-preview":"max-video-preview:-1"},"canonical":"https:\/\/lynnhan.com\/fi\/code-of-conduct\/","og_locale":"fi_FI","og_type":"article","og_title":"Code of Conduct-Lynnhan smart display factory","og_description":"Lynnhan smart display factory's commits to ethics and integrity. Our code of conduct ensures a respectful and inclusive culture for all.","og_url":"https:\/\/lynnhan.com\/fi\/code-of-conduct\/","og_site_name":"Lynnhan - Trusted Supplier | LED\/OLED\/LCD\/E-paper digital signages","article_modified_time":"2024-12-18T10:32:06+00:00","og_image":[{"url":"https:\/\/pub-78925c7bf9ca4c6d820df8293a5c116c.r2.dev\/2024\/12\/Code-Of-Conduct.webp","type":"","width":"","height":""}],"twitter_card":"summary_large_image","twitter_misc":{"Arvioitu lukuaika":"3 minuuttia"},"schema":{"@context":"https:\/\/schema.org","@graph":[{"@type":"WebPage","@id":"https:\/\/lynnhan.com\/ja\/%e8%a1%8c%e5%8b%95%e8%a6%8f%e7%af%84\/","url":"https:\/\/lynnhan.com\/ja\/%e8%a1%8c%e5%8b%95%e8%a6%8f%e7%af%84\/","name":"Code of Conduct-Lynnhan smart display factory","isPartOf":{"@id":"https:\/\/lynnhan.com\/km\/#website"},"primaryImageOfPage":{"@id":"https:\/\/lynnhan.com\/ja\/%e8%a1%8c%e5%8b%95%e8%a6%8f%e7%af%84\/#primaryimage"},"image":{"@id":"https:\/\/lynnhan.com\/ja\/%e8%a1%8c%e5%8b%95%e8%a6%8f%e7%af%84\/#primaryimage"},"thumbnailUrl":"https:\/\/pub-78925c7bf9ca4c6d820df8293a5c116c.r2.dev\/2024\/12\/Code-Of-Conduct.webp","datePublished":"2024-02-28T03:19:26+00:00","dateModified":"2024-12-18T10:32:06+00:00","description":"Lynnhan \u00e4lykk\u00e4\u00e4n n\u00e4ytt\u00f6tuotantolaitoksen sitoutuminen eettisyyteen ja eheys. K\u00e4yt\u00e4nnes\u00e4\u00e4nn\u00f6mme takaa kunnioittavan ja kaikkia sis\u00e4lt\u00e4v\u00e4n kulttuurin.","breadcrumb":{"@id":"https:\/\/lynnhan.com\/ja\/%e8%a1%8c%e5%8b%95%e8%a6%8f%e7%af%84\/#breadcrumb"},"inLanguage":"fi","potentialAction":[{"@type":"ReadAction","target":["https:\/\/lynnhan.com\/ja\/%e8%a1%8c%e5%8b%95%e8%a6%8f%e7%af%84\/"]}]},{"@type":"ImageObject","inLanguage":"fi","@id":"https:\/\/lynnhan.com\/ja\/%e8%a1%8c%e5%8b%95%e8%a6%8f%e7%af%84\/#primaryimage","url":"https:\/\/pub-78925c7bf9ca4c6d820df8293a5c116c.r2.dev\/2024\/12\/Code-Of-Conduct.webp","contentUrl":"https:\/\/pub-78925c7bf9ca4c6d820df8293a5c116c.r2.dev\/2024\/12\/Code-Of-Conduct.webp"},{"@type":"BreadcrumbList","@id":"https:\/\/lynnhan.com\/ja\/%e8%a1%8c%e5%8b%95%e8%a6%8f%e7%af%84\/#breadcrumb","itemListElement":[{"@type":"ListItem","position":1,"name":"Home","item":"https:\/\/lynnhan.com\/"},{"@type":"ListItem","position":2,"name":"Code Of Conduct"}]},{"@type":"WebSite","@id":"https:\/\/lynnhan.com\/km\/#website","url":"https:\/\/lynnhan.com\/km\/","name":"Lynnhan - Luotettu toimittaja | LED\/OLED\/LCD\/E-paper digitaaliset kyltit","description":"Lynnhan - Luotettu toimittaja | LED\/OLED\/LCD\/E-paper digitaaliset ilmoitustaulut","publisher":{"@id":"https:\/\/lynnhan.com\/km\/#organization"},"potentialAction":[{"@type":"SearchAction","target":{"@type":"EntryPoint","urlTemplate":"https:\/\/lynnhan.com\/km\/?s={search_term_string}"},"query-input":{"@type":"PropertyValueSpecification","valueRequired":true,"valueName":"search_term_string"}}],"inLanguage":"fi"},{"@type":"Organization","@id":"https:\/\/lynnhan.com\/km\/#organization","name":"Lynnhan - Luotettu toimittaja | LED\/OLED\/LCD\/E-paper digitaaliset kyltit","url":"https:\/\/lynnhan.com\/km\/","logo":{"@type":"ImageObject","inLanguage":"fi","@id":"https:\/\/lynnhan.com\/km\/#\/schema\/logo\/image\/","url":"https:\/\/pub-78925c7bf9ca4c6d820df8293a5c116c.r2.dev\/2024\/07\/LynnHan-logo3.png","contentUrl":"https:\/\/pub-78925c7bf9ca4c6d820df8293a5c116c.r2.dev\/2024\/07\/LynnHan-logo3.png","width":390,"height":130,"caption":"Lynnhan - Trusted Supplier | LED\/OLED\/LCD\/E-paper digital signages"},"image":{"@id":"https:\/\/lynnhan.com\/km\/#\/schema\/logo\/image\/"}}]}},"jetpack_sharing_enabled":true,"_links":{"self":[{"href":"https:\/\/lynnhan.com\/fi\/wp-json\/wp\/v2\/pages\/601","targetHints":{"allow":["GET"]}}],"collection":[{"href":"https:\/\/lynnhan.com\/fi\/wp-json\/wp\/v2\/pages"}],"about":[{"href":"https:\/\/lynnhan.com\/fi\/wp-json\/wp\/v2\/types\/page"}],"author":[{"embeddable":true,"href":"https:\/\/lynnhan.com\/fi\/wp-json\/wp\/v2\/users\/1"}],"replies":[{"embeddable":true,"href":"https:\/\/lynnhan.com\/fi\/wp-json\/wp\/v2\/comments?post=601"}],"version-history":[{"count":0,"href":"https:\/\/lynnhan.com\/fi\/wp-json\/wp\/v2\/pages\/601\/revisions"}],"wp:attachment":[{"href":"https:\/\/lynnhan.com\/fi\/wp-json\/wp\/v2\/media?parent=601"}],"curies":[{"name":"wp","href":"https:\/\/api.w.org\/{rel}","templated":true}]}}