{"id":540,"date":"2024-02-27T08:44:39","date_gmt":"2024-02-27T08:44:39","guid":{"rendered":"https:\/\/lynnhan.com\/?page_id=540"},"modified":"2024-12-18T09:42:17","modified_gmt":"2024-12-18T09:42:17","slug":"toimitus","status":"publish","type":"page","link":"https:\/\/lynnhan.com\/fi\/toimitus\/","title":{"rendered":"Toimitus"},"content":{"rendered":"<div data-elementor-type=\"wp-page\" data-elementor-id=\"540\" class=\"elementor elementor-540\" data-elementor-post-type=\"page\">\n\t\t\t\t<div class=\"elementor-element elementor-element-26335f7 e-flex e-con-boxed e-con e-parent\" data-id=\"26335f7\" data-element_type=\"container\">\n\t\t\t\t\t<div class=\"e-con-inner\">\n\t\t\t\t<div class=\"elementor-element elementor-element-68c9c7e elementor-widget elementor-widget-image\" data-id=\"68c9c7e\" data-element_type=\"widget\" data-widget_type=\"image.default\">\n\t\t\t\t<div class=\"elementor-widget-container\">\n\t\t\t\t\t\t\t\t\t\t\t\t\t\t\t<img fetchpriority=\"high\" decoding=\"async\" width=\"1165\" height=\"653\" src=\"https:\/\/pub-78925c7bf9ca4c6d820df8293a5c116c.r2.dev\/2024\/12\/shipment.webp\" class=\"attachment-full size-full wp-image-3297\" alt=\"All in one LED shipment\" srcset=\"https:\/\/pub-78925c7bf9ca4c6d820df8293a5c116c.r2.dev\/2024\/12\/shipment.webp 1165w, https:\/\/pub-78925c7bf9ca4c6d820df8293a5c116c.r2.dev\/2024\/12\/shipment-700x392.webp 700w, https:\/\/pub-78925c7bf9ca4c6d820df8293a5c116c.r2.dev\/2024\/12\/shipment-1024x574.webp 1024w, https:\/\/pub-78925c7bf9ca4c6d820df8293a5c116c.r2.dev\/2024\/12\/shipment-768x430.webp 768w, https:\/\/pub-78925c7bf9ca4c6d820df8293a5c116c.r2.dev\/2024\/12\/shipment-18x10.webp 18w, https:\/\/pub-78925c7bf9ca4c6d820df8293a5c116c.r2.dev\/2024\/12\/shipment-1140x639.webp 1140w, https:\/\/pub-78925c7bf9ca4c6d820df8293a5c116c.r2.dev\/2024\/12\/shipment-920x516.webp 920w, https:\/\/pub-78925c7bf9ca4c6d820df8293a5c116c.r2.dev\/2024\/12\/shipment-575x322.webp 575w, https:\/\/pub-78925c7bf9ca4c6d820df8293a5c116c.r2.dev\/2024\/12\/shipment-380x213.webp 380w, https:\/\/pub-78925c7bf9ca4c6d820df8293a5c116c.r2.dev\/2024\/12\/shipment-800x448.webp 800w\" sizes=\"(max-width: 1165px) 100vw, 1165px\" \/>\t\t\t\t\t\t\t\t\t\t\t\t\t\t\t<\/div>\n\t\t\t\t<\/div>\n\t\t\t\t\t<\/div>\n\t\t\t\t<\/div>\n\t\t<div class=\"elementor-element elementor-element-8f6152b e-flex e-con-boxed e-con e-parent\" data-id=\"8f6152b\" data-element_type=\"container\">\n\t\t\t\t\t<div class=\"e-con-inner\">\n\t\t\t\t<div class=\"elementor-element elementor-element-2a13164 elementor-widget elementor-widget-text-editor\" data-id=\"2a13164\" data-element_type=\"widget\" data-widget_type=\"text-editor.default\">\n\t\t\t\t<div class=\"elementor-widget-container\">\n\t\t\t\t\t\t\t\t\t<h3>1. Toimitusratkaisut Lynnhanilla: Tehokas ja luotettava toimitus<\/h3><p><strong>2. R\u00e4\u00e4t\u00e4l\u00f6ity toimitus yrityksellesi<\/strong><\/p><p>3. Lynnhan ymm\u00e4rt\u00e4\u00e4, ett\u00e4 luotettava ja tehokas toimitus on kriittist\u00e4 liiketoimintasi toiminnalle. Kattavat toimitusratkaisumme on suunniteltu vastaamaan B2B-asiakkaidemme monipuolisiin tarpeisiin, varmistaaksemme, ett\u00e4 tuotteesi saapuvat ajallaan ja t\u00e4ydellisess\u00e4 kunnossa.<\/p><p><strong>4. Kansainv\u00e4linen ulottuvuus, paikallinen tarkkuus<\/strong><\/p><p>5. Laajamittainen toimitusyhteisty\u00f6kumppaneidemme verkosto mahdollistaa tuotteidesi toimituksen mihin tahansa paikkaan maailmassa. Olitpa paikallinen yritys tai globaali yritys, Lynnhan tarjoaa r\u00e4\u00e4t\u00e4l\u00f6ityj\u00e4 toimitusvaihtoehtoja varmistaaksemme, ett\u00e4 tilauksesi saapuu kohdepaikkaan tehokkaasti. Tiimimme ty\u00f6skentelee l\u00e4heisesti luotettavien kuljetusyritysten kanssa tarjotakseen sujuvan toimituskokemuksen, aina ovesta oveen.<\/p><p><strong>6. Joustavat toimitusvaihtoehdot<\/strong><\/p><ul><li><strong>7. Standarditoimitus:<\/strong> 8. Ideaalinen kiireett\u00f6mille tilauksille, standarditoimitus tarjoaa taloudellisen ratkaisun luotettavilla toimitusajoilla.<\/li><li><strong>9. Express-toimitus:<\/strong> 10. Kun ajankohta on kriittinen, valitse nopeampi toimitus. Priorisoimme tilauksesi varmistaaksemme sen saapuvan nopeasti.<\/li><li><strong>11. Rahdin toimitus:<\/strong> 12. Suurille tilauksille tai erityisvaatimuksille suunnitellut rahdin toimituspalvelumme tarjoavat r\u00e4\u00e4t\u00e4l\u00f6ityj\u00e4 ratkaisuja, mukaan lukien merikuljetus, lentokuljetus ja maakuljetusvaihtoehdot.<\/li><\/ul><p><strong>13. Reaaliaikainen seuranta ja tuki<\/strong><\/p><p>14. Pysy ajan tasalla l\u00e4hetysst\u00e4 toimitukseen reaaliaikaisen seurantapalvelumme avulla. L\u00e4hetysheti saat seurantatunnuksen tilauksesi edistymisen seuraamista varten. Kehitystiimimme on aina k\u00e4ytett\u00e4viss\u00e4 tarjotakseen p\u00e4ivityksi\u00e4 ja auttamaan mink\u00e4 tahansa toimitusasioissa.<\/p><p><strong>15. Tulli- ja noudattamisperusteet<\/strong><\/p><p>16. Lynnhanin asiantuntemus kansainv\u00e4lisess\u00e4 toimituksessa takaa sujuvan tullimenettelyn. K\u00e4sittelemme kaikki tarvittavat asiakirjat ja noudattamisperusteet v\u00e4hent\u00e4\u00e4ksemme viiveit\u00e4 ja varmistaaksemme, ett\u00e4 toimituksesi noudattaa paikallisia s\u00e4\u00e4nt\u00f6j\u00e4.<\/p><p><strong>17. Ymp\u00e4rist\u00f6yst\u00e4v\u00e4llinen pakkaus ja toimitus<\/strong><\/p><p>18. Olemme sitoutuneita kest\u00e4vyyteen. Lynnhan k\u00e4ytt\u00e4\u00e4 ymp\u00e4rist\u00f6yst\u00e4v\u00e4llisi\u00e4 pakkausmateriaaleja ja optimoi toimitusreittej\u00e4 v\u00e4hent\u00e4\u00e4ksemme ymp\u00e4rist\u00f6vaikutustamme. Vihre\u00e4t toimitusvaihtomme ovat osa sitoumustamme suojella planeettaa samalla kun palvellaan liiketoimintasi tarpeita.<\/p><p><strong>19. Toimitusmaksut ja -politiikat<\/strong><\/p><p>20. Kilpailukykyiset toimitusmaksut lasketaan tilausrinnan, painon ja kohdepaikan perusteella. Tarkempia tietoja toimituskustannuksista ja -politiikoista l\u00f6yd\u00e4t verkkosivuiltamme tai ottaessasi yhteytt\u00e4 asiakaspalvelutiimiimme. Pyrimme tarjoamaan avoimen hinnaston ilman piilokuluja.<\/p><p><strong>21. Kuinka j\u00e4rjest\u00e4\u00e4 toimitus<\/strong><\/p><p>22. Tilauksen tekeminen Lynnhanilla on helppoa. Tarkistusvaiheessa sinulta pyydet\u00e4\u00e4n valitsemaan suosikkitoimitus<\/p><p>At Lynnhan, we\u2019re dedicated to providing you with efficient, reliable, and tailored shipping solutions. Our goal is to support your business by ensuring your products are delivered on time and in perfect condition, no matter where in the world you\u2019re located.<\/p>\t\t\t\t\t\t\t\t<\/div>\n\t\t\t\t<\/div>\n\t\t\t\t\t<\/div>\n\t\t\t\t<\/div>\n\t\t\t\t<\/div>","protected":false},"excerpt":{"rendered":"<p>Shipping Solutions at Lynnhan: Efficient and Reliable Delivery Tailored Shipping for Your Business At Lynnhan, we understand that reliable and efficient shipping is crucial for your business operations. Our comprehensive [\u2026]<\/p>","protected":false},"author":1,"featured_media":0,"parent":0,"menu_order":0,"comment_status":"closed","ping_status":"closed","template":"","meta":{"footnotes":""},"class_list":["post-540","page","type-page","status-publish","hentry"],"yoast_head":"<!-- This site is optimized with the Yoast SEO plugin v26.6 - https:\/\/yoast.com\/wordpress\/plugins\/seo\/ -->\n<title>LynnHan Standbyme TV supplier Shipping<\/title>\n<meta name=\"description\" content=\"Hassle-free shipping starts at LynnHan Standbyme TV supplier. Our comprehensive guide ensures your packages arrive safely and on time.\" \/>\n<meta name=\"robots\" content=\"index, follow, max-snippet:-1, max-image-preview:large, max-video-preview:-1\" \/>\n<link rel=\"canonical\" href=\"https:\/\/lynnhan.com\/fi\/toimitus\/\" \/>\n<meta property=\"og:locale\" content=\"fi_FI\" \/>\n<meta property=\"og:type\" content=\"article\" \/>\n<meta property=\"og:title\" content=\"LynnHan Standbyme TV supplier Shipping\" \/>\n<meta property=\"og:description\" content=\"Hassle-free shipping starts at LynnHan Standbyme TV supplier. Our comprehensive guide ensures your packages arrive safely and on time.\" \/>\n<meta property=\"og:url\" content=\"https:\/\/lynnhan.com\/fi\/toimitus\/\" \/>\n<meta property=\"og:site_name\" content=\"Lynnhan - Trusted Supplier | LED\/OLED\/LCD\/E-paper digital signages\" \/>\n<meta property=\"article:modified_time\" content=\"2024-12-18T09:42:17+00:00\" \/>\n<meta property=\"og:image\" content=\"https:\/\/pub-78925c7bf9ca4c6d820df8293a5c116c.r2.dev\/2024\/12\/shipment.webp\" \/>\n<meta name=\"twitter:card\" content=\"summary_large_image\" \/>\n<meta name=\"twitter:label1\" content=\"Arvioitu lukuaika\" \/>\n\t<meta name=\"twitter:data1\" content=\"3 minuuttia\" \/>\n<script type=\"application\/ld+json\" class=\"yoast-schema-graph\">{\"@context\":\"https:\/\/schema.org\",\"@graph\":[{\"@type\":\"WebPage\",\"@id\":\"https:\/\/lynnhan.com\/be\/shipping\/\",\"url\":\"https:\/\/lynnhan.com\/be\/shipping\/\",\"name\":\"LynnHan Standbyme TV supplier Shipping\",\"isPartOf\":{\"@id\":\"https:\/\/lynnhan.com\/km\/#website\"},\"primaryImageOfPage\":{\"@id\":\"https:\/\/lynnhan.com\/be\/shipping\/#primaryimage\"},\"image\":{\"@id\":\"https:\/\/lynnhan.com\/be\/shipping\/#primaryimage\"},\"thumbnailUrl\":\"https:\/\/pub-78925c7bf9ca4c6d820df8293a5c116c.r2.dev\/2024\/12\/shipment.webp\",\"datePublished\":\"2024-02-27T08:44:39+00:00\",\"dateModified\":\"2024-12-18T09:42:17+00:00\",\"description\":\"Hassle-free shipping starts at LynnHan Standbyme TV supplier. Our comprehensive guide ensures your packages arrive safely and on time.\",\"breadcrumb\":{\"@id\":\"https:\/\/lynnhan.com\/be\/shipping\/#breadcrumb\"},\"inLanguage\":\"fi\",\"potentialAction\":[{\"@type\":\"ReadAction\",\"target\":[\"https:\/\/lynnhan.com\/be\/shipping\/\"]}]},{\"@type\":\"ImageObject\",\"inLanguage\":\"fi\",\"@id\":\"https:\/\/lynnhan.com\/be\/shipping\/#primaryimage\",\"url\":\"https:\/\/pub-78925c7bf9ca4c6d820df8293a5c116c.r2.dev\/2024\/12\/shipment.webp\",\"contentUrl\":\"https:\/\/pub-78925c7bf9ca4c6d820df8293a5c116c.r2.dev\/2024\/12\/shipment.webp\"},{\"@type\":\"BreadcrumbList\",\"@id\":\"https:\/\/lynnhan.com\/be\/shipping\/#breadcrumb\",\"itemListElement\":[{\"@type\":\"ListItem\",\"position\":1,\"name\":\"Home\",\"item\":\"https:\/\/lynnhan.com\/\"},{\"@type\":\"ListItem\",\"position\":2,\"name\":\"Shipping\"}]},{\"@type\":\"WebSite\",\"@id\":\"https:\/\/lynnhan.com\/km\/#website\",\"url\":\"https:\/\/lynnhan.com\/km\/\",\"name\":\"Lynnhan - Trusted Supplier | LED\/OLED\/LCD\/E-paper digital signages\",\"description\":\"Lynnhan - Trusted Supplier |  LED\/OLED\/LCD\/E-paper digital signages\",\"publisher\":{\"@id\":\"https:\/\/lynnhan.com\/km\/#organization\"},\"potentialAction\":[{\"@type\":\"SearchAction\",\"target\":{\"@type\":\"EntryPoint\",\"urlTemplate\":\"https:\/\/lynnhan.com\/km\/?s={search_term_string}\"},\"query-input\":{\"@type\":\"PropertyValueSpecification\",\"valueRequired\":true,\"valueName\":\"search_term_string\"}}],\"inLanguage\":\"fi\"},{\"@type\":\"Organization\",\"@id\":\"https:\/\/lynnhan.com\/km\/#organization\",\"name\":\"Lynnhan - Trusted Supplier | LED\/OLED\/LCD\/E-paper digital signages\",\"url\":\"https:\/\/lynnhan.com\/km\/\",\"logo\":{\"@type\":\"ImageObject\",\"inLanguage\":\"fi\",\"@id\":\"https:\/\/lynnhan.com\/km\/#\/schema\/logo\/image\/\",\"url\":\"https:\/\/pub-78925c7bf9ca4c6d820df8293a5c116c.r2.dev\/2024\/07\/LynnHan-logo3.png\",\"contentUrl\":\"https:\/\/pub-78925c7bf9ca4c6d820df8293a5c116c.r2.dev\/2024\/07\/LynnHan-logo3.png\",\"width\":390,\"height\":130,\"caption\":\"Lynnhan - Trusted Supplier | LED\/OLED\/LCD\/E-paper digital signages\"},\"image\":{\"@id\":\"https:\/\/lynnhan.com\/km\/#\/schema\/logo\/image\/\"}}]}<\/script>\n<!-- \/ Yoast SEO plugin. -->","yoast_head_json":{"title":"LynnHan Standbyme TV-toimitus","description":"Helppo l\u00e4hetys alkaa LynnHan Standbyme TV-toimittajalta. Kattava opas varmistaa, ett\u00e4 pakettisi saapuvat turvallisesti ja ajallaan.","robots":{"index":"index","follow":"follow","max-snippet":"max-snippet:-1","max-image-preview":"max-image-preview:large","max-video-preview":"max-video-preview:-1"},"canonical":"https:\/\/lynnhan.com\/fi\/toimitus\/","og_locale":"fi_FI","og_type":"article","og_title":"LynnHan Standbyme TV supplier Shipping","og_description":"Hassle-free shipping starts at LynnHan Standbyme TV supplier. Our comprehensive guide ensures your packages arrive safely and on time.","og_url":"https:\/\/lynnhan.com\/fi\/toimitus\/","og_site_name":"Lynnhan - Trusted Supplier | LED\/OLED\/LCD\/E-paper digital signages","article_modified_time":"2024-12-18T09:42:17+00:00","og_image":[{"url":"https:\/\/pub-78925c7bf9ca4c6d820df8293a5c116c.r2.dev\/2024\/12\/shipment.webp","type":"","width":"","height":""}],"twitter_card":"summary_large_image","twitter_misc":{"Arvioitu lukuaika":"3 minuuttia"},"schema":{"@context":"https:\/\/schema.org","@graph":[{"@type":"WebPage","@id":"https:\/\/lynnhan.com\/be\/shipping\/","url":"https:\/\/lynnhan.com\/be\/shipping\/","name":"LynnHan Standbyme TV-toimitus","isPartOf":{"@id":"https:\/\/lynnhan.com\/km\/#website"},"primaryImageOfPage":{"@id":"https:\/\/lynnhan.com\/be\/shipping\/#primaryimage"},"image":{"@id":"https:\/\/lynnhan.com\/be\/shipping\/#primaryimage"},"thumbnailUrl":"https:\/\/pub-78925c7bf9ca4c6d820df8293a5c116c.r2.dev\/2024\/12\/shipment.webp","datePublished":"2024-02-27T08:44:39+00:00","dateModified":"2024-12-18T09:42:17+00:00","description":"Helppo l\u00e4hetys alkaa LynnHan Standbyme TV-toimittajalta. Kattava opas varmistaa, ett\u00e4 pakettisi saapuvat turvallisesti ja ajallaan.","breadcrumb":{"@id":"https:\/\/lynnhan.com\/be\/shipping\/#breadcrumb"},"inLanguage":"fi","potentialAction":[{"@type":"ReadAction","target":["https:\/\/lynnhan.com\/be\/shipping\/"]}]},{"@type":"ImageObject","inLanguage":"fi","@id":"https:\/\/lynnhan.com\/be\/shipping\/#primaryimage","url":"https:\/\/pub-78925c7bf9ca4c6d820df8293a5c116c.r2.dev\/2024\/12\/shipment.webp","contentUrl":"https:\/\/pub-78925c7bf9ca4c6d820df8293a5c116c.r2.dev\/2024\/12\/shipment.webp"},{"@type":"BreadcrumbList","@id":"https:\/\/lynnhan.com\/be\/shipping\/#breadcrumb","itemListElement":[{"@type":"ListItem","position":1,"name":"Home","item":"https:\/\/lynnhan.com\/"},{"@type":"ListItem","position":2,"name":"Shipping"}]},{"@type":"WebSite","@id":"https:\/\/lynnhan.com\/km\/#website","url":"https:\/\/lynnhan.com\/km\/","name":"Lynnhan - Luotettu toimittaja | LED\/OLED\/LCD\/E-paper digitaaliset kyltit","description":"Lynnhan - Luotettu toimittaja | LED\/OLED\/LCD\/E-paper digitaaliset ilmoitustaulut","publisher":{"@id":"https:\/\/lynnhan.com\/km\/#organization"},"potentialAction":[{"@type":"SearchAction","target":{"@type":"EntryPoint","urlTemplate":"https:\/\/lynnhan.com\/km\/?s={search_term_string}"},"query-input":{"@type":"PropertyValueSpecification","valueRequired":true,"valueName":"search_term_string"}}],"inLanguage":"fi"},{"@type":"Organization","@id":"https:\/\/lynnhan.com\/km\/#organization","name":"Lynnhan - Luotettu toimittaja | LED\/OLED\/LCD\/E-paper digitaaliset kyltit","url":"https:\/\/lynnhan.com\/km\/","logo":{"@type":"ImageObject","inLanguage":"fi","@id":"https:\/\/lynnhan.com\/km\/#\/schema\/logo\/image\/","url":"https:\/\/pub-78925c7bf9ca4c6d820df8293a5c116c.r2.dev\/2024\/07\/LynnHan-logo3.png","contentUrl":"https:\/\/pub-78925c7bf9ca4c6d820df8293a5c116c.r2.dev\/2024\/07\/LynnHan-logo3.png","width":390,"height":130,"caption":"Lynnhan - Trusted Supplier | LED\/OLED\/LCD\/E-paper digital signages"},"image":{"@id":"https:\/\/lynnhan.com\/km\/#\/schema\/logo\/image\/"}}]}},"jetpack_sharing_enabled":true,"_links":{"self":[{"href":"https:\/\/lynnhan.com\/fi\/wp-json\/wp\/v2\/pages\/540","targetHints":{"allow":["GET"]}}],"collection":[{"href":"https:\/\/lynnhan.com\/fi\/wp-json\/wp\/v2\/pages"}],"about":[{"href":"https:\/\/lynnhan.com\/fi\/wp-json\/wp\/v2\/types\/page"}],"author":[{"embeddable":true,"href":"https:\/\/lynnhan.com\/fi\/wp-json\/wp\/v2\/users\/1"}],"replies":[{"embeddable":true,"href":"https:\/\/lynnhan.com\/fi\/wp-json\/wp\/v2\/comments?post=540"}],"version-history":[{"count":0,"href":"https:\/\/lynnhan.com\/fi\/wp-json\/wp\/v2\/pages\/540\/revisions"}],"wp:attachment":[{"href":"https:\/\/lynnhan.com\/fi\/wp-json\/wp\/v2\/media?parent=540"}],"curies":[{"name":"wp","href":"https:\/\/api.w.org\/{rel}","templated":true}]}}