{"id":527,"date":"2024-02-27T08:12:47","date_gmt":"2024-02-27T08:12:47","guid":{"rendered":"https:\/\/lynnhan.com\/?page_id=527"},"modified":"2024-12-19T02:53:21","modified_gmt":"2024-12-19T02:53:21","slug":"kestavyys","status":"publish","type":"page","link":"https:\/\/lynnhan.com\/fi\/kestavyys\/","title":{"rendered":"Kest\u00e4v\u00e4 kehitys"},"content":{"rendered":"<div data-elementor-type=\"wp-page\" data-elementor-id=\"527\" class=\"elementor elementor-527\" data-elementor-post-type=\"page\">\n\t\t\t\t<div class=\"elementor-element elementor-element-2320704 e-flex e-con-boxed e-con e-parent\" data-id=\"2320704\" data-element_type=\"container\">\n\t\t\t\t\t<div class=\"e-con-inner\">\n\t\t\t\t<div class=\"elementor-element elementor-element-629222c elementor-widget elementor-widget-image\" data-id=\"629222c\" data-element_type=\"widget\" data-widget_type=\"image.default\">\n\t\t\t\t<div class=\"elementor-widget-container\">\n\t\t\t\t\t\t\t\t\t\t\t\t\t\t\t<img fetchpriority=\"high\" decoding=\"async\" width=\"1024\" height=\"574\" src=\"https:\/\/pub-78925c7bf9ca4c6d820df8293a5c116c.r2.dev\/2024\/12\/All-in-one-LED-sustainability-1024x574.webp\" class=\"attachment-large size-large wp-image-3326\" alt=\"All in one LED sustainability\" srcset=\"https:\/\/pub-78925c7bf9ca4c6d820df8293a5c116c.r2.dev\/2024\/12\/All-in-one-LED-sustainability-1024x574.webp 1024w, https:\/\/pub-78925c7bf9ca4c6d820df8293a5c116c.r2.dev\/2024\/12\/All-in-one-LED-sustainability-700x392.webp 700w, https:\/\/pub-78925c7bf9ca4c6d820df8293a5c116c.r2.dev\/2024\/12\/All-in-one-LED-sustainability-768x430.webp 768w, https:\/\/pub-78925c7bf9ca4c6d820df8293a5c116c.r2.dev\/2024\/12\/All-in-one-LED-sustainability-1536x861.webp 1536w, https:\/\/pub-78925c7bf9ca4c6d820df8293a5c116c.r2.dev\/2024\/12\/All-in-one-LED-sustainability-18x10.webp 18w, https:\/\/pub-78925c7bf9ca4c6d820df8293a5c116c.r2.dev\/2024\/12\/All-in-one-LED-sustainability-1140x639.webp 1140w, https:\/\/pub-78925c7bf9ca4c6d820df8293a5c116c.r2.dev\/2024\/12\/All-in-one-LED-sustainability-920x516.webp 920w, https:\/\/pub-78925c7bf9ca4c6d820df8293a5c116c.r2.dev\/2024\/12\/All-in-one-LED-sustainability-575x322.webp 575w, https:\/\/pub-78925c7bf9ca4c6d820df8293a5c116c.r2.dev\/2024\/12\/All-in-one-LED-sustainability-380x213.webp 380w, https:\/\/pub-78925c7bf9ca4c6d820df8293a5c116c.r2.dev\/2024\/12\/All-in-one-LED-sustainability-1320x740.webp 1320w, https:\/\/pub-78925c7bf9ca4c6d820df8293a5c116c.r2.dev\/2024\/12\/All-in-one-LED-sustainability-800x448.webp 800w, https:\/\/pub-78925c7bf9ca4c6d820df8293a5c116c.r2.dev\/2024\/12\/All-in-one-LED-sustainability.webp 1920w\" sizes=\"(max-width: 1024px) 100vw, 1024px\" \/>\t\t\t\t\t\t\t\t\t\t\t\t\t\t\t<\/div>\n\t\t\t\t<\/div>\n\t\t\t\t\t<\/div>\n\t\t\t\t<\/div>\n\t\t<div class=\"elementor-element elementor-element-d4bc583 e-flex e-con-boxed e-con e-parent\" data-id=\"d4bc583\" data-element_type=\"container\">\n\t\t\t\t\t<div class=\"e-con-inner\">\n\t\t\t\t<div class=\"elementor-element elementor-element-1a85b96 elementor-widget elementor-widget-text-editor\" data-id=\"1a85b96\" data-element_type=\"widget\" data-widget_type=\"text-editor.default\">\n\t\t\t\t<div class=\"elementor-widget-container\">\n\t\t\t\t\t\t\t\t\t<h3>1. Kest\u00e4v\u00e4 kehitys Lynnhanilla: Sitoutumisemme vihre\u00e4mpiin tulevaisuuteen<\/h3><h5><strong>2. Kest\u00e4v\u00e4 kehitys kaikessa muodossa<\/strong><\/h5><p>3. Lynnhan ymm\u00e4rt\u00e4\u00e4 kest\u00e4vyyden kriittisen merkityksen nykymaailman ekosysteemiss\u00e4. Ymp\u00e4rist\u00f6nsuojelun sitoutumisemme on integroitu toimintamme, tuotteidemme ja yrityskulttuurimme rakenteeseen. Olemme sitoutuneet kehitt\u00e4m\u00e4\u00e4n teknologisia ratkaisuja, jotka eiv\u00e4t ainoastaan vastaa asiakkaidemme tarpeita, vaan my\u00f6s edist\u00e4v\u00e4t positiivisesti ymp\u00e4rist\u00f6\u00e4.<\/p><h5><strong>4. Ekologinen tuotekehitys<\/strong><\/h5><p>5. Lynnhanin l\u00e4hestymistapa tuotekehityksess\u00e4 keskittyy kest\u00e4vyyteen. Prioritoidemme kierr\u00e4tett\u00e4vien materiaalien, energiatehokkaiden komponenttien ja ymp\u00e4rist\u00f6yst\u00e4v\u00e4llisten valmistusprosessien k\u00e4ytt\u00f6\u00e4. Tuotteemme on suunniteltu kest\u00e4vyyteen, v\u00e4hent\u00e4m\u00e4\u00e4n tarvetta s\u00e4\u00e4nn\u00f6llisiin korvaust\u00f6ihin ja v\u00e4hent\u00e4m\u00e4\u00e4n j\u00e4tett\u00e4.<\/p><h5><strong>6. Hiilijalanj\u00e4ljen v\u00e4hent\u00e4minen<\/strong><\/h5><p>7. Pyrimme jatkuvasti v\u00e4hent\u00e4m\u00e4\u00e4n hiilijalanj\u00e4lke\u00e4mme erilaisten aloitteiden kautta, mukaan lukien toimitusketjun optimointi, valmistuslaitosten energiatehokkuuden parantaminen ja uusiutuvien energial\u00e4hteiden k\u00e4ytt\u00f6 mahdollisuuksien mukaan. Lynnhan on sitoutunut saavuttamaan hiilipuhtauden, asettamaan kunnianhimoisia tavoitteita kasvihuonekaasup\u00e4\u00e4st\u00f6jemme v\u00e4hent\u00e4miseksi.<\/p><h5><strong>8. Vastuullinen valmistus<\/strong><\/h5><p>9. Valmistusprosessimme on suunniteltu v\u00e4hent\u00e4m\u00e4\u00e4n ymp\u00e4rist\u00f6vaikutuksia. K\u00e4yt\u00e4mme j\u00e4tteen v\u00e4hent\u00e4mis-tekniikoita, veden kierr\u00e4tyst\u00e4 ja tiukkaa noudattamista ymp\u00e4rist\u00f6lains\u00e4\u00e4d\u00e4nn\u00f6ist\u00e4. Lynnhanin valmistuskumppanit valitaan huolellisesti sitoutumisen mukaan kest\u00e4vyyteen ja vastuullisiin ymp\u00e4rist\u00f6k\u00e4yt\u00e4nt\u00f6ihin.<\/p><h4><strong>10. Kest\u00e4v\u00e4jen teknologioiden tukeminen<\/strong><\/h4><p>11. Lynnhan investoi tutkimukseen ja kehitykseen luodakseen innovatiivisia tuotteita, jotka tukevat kest\u00e4v\u00e4\u00e4 k\u00e4yt\u00e4nt\u00f6\u00e4. Energians\u00e4\u00e4st\u00e4viist\u00e4 \u00e4lykk\u00e4ist\u00e4 lavoista ja kosketusn\u00e4ytt\u00f6ist\u00e4 ekologisiin vaatteisiin teknologiamme on suunniteltu v\u00e4hent\u00e4m\u00e4\u00e4n energiankulutusta ja edist\u00e4m\u00e4\u00e4n kest\u00e4v\u00e4\u00e4 el\u00e4m\u00e4ntapaa.<\/p><h4><strong>12. Yhteis\u00f6jen ja teollisuuden osallistaminen<\/strong><\/h4><p>13. Uskomme yhteisty\u00f6n voimaan kest\u00e4vyyden tavoitteiden saavuttamisessa. Lynnhan osallistuu aktiivisesti yhteis\u00f6ihin, teollisuuskumppaneihin ja ymp\u00e4rist\u00f6j\u00e4rjest\u00f6ihin edist\u00e4\u00e4kseen kest\u00e4vyyden aloitteita. Koulutuksella, kumppanuuksilla ja yhteis\u00f6ohjelmilla pyrimme levitt\u00e4m\u00e4\u00e4n tietoisuutta ja kannustamaan kollektiivista toimintaa vihre\u00e4mm\u00e4n planeetan puolesta.<\/p><p><strong>14. Kierr\u00e4tys talouden periaatteet<\/strong><\/p><p>15. Lynnhan omaksuu kierr\u00e4tys talouden periaatteet, keskittyen resurssitehokkuuteen, j\u00e4tteen v\u00e4hent\u00e4miseen ja tuotteiden kierr\u00e4tys- ja uudelleenk\u00e4ytt\u00f6\u00f6n elinkaaren lopussa. Tarjoamme tuotteidemme palautusohjelmia, varmistaaksemme, ett\u00e4 ne kierr\u00e4tet\u00e4\u00e4n tai k\u00e4sitell\u00e4\u00e4n vastuullisesti, edist\u00e4m\u00e4ll\u00e4 sitoutumistamme ymp\u00e4rist\u00f6vaikutusten v\u00e4hent\u00e4miseen.<\/p><p><strong>16. Kest\u00e4v\u00e4 kehityksen lupaus<\/strong><\/p><p>17. Kest\u00e4v\u00e4 kehitys Lynnhanilla ei ole vain siit\u00e4, ett\u00e4 t\u00e4yt\u00e4mme t\u00e4m\u00e4nhetkiset tarpeet, vaan siit\u00e4, ett\u00e4 varmistamme terveen, kukoistavan planeetan tule<\/p><p>By choosing Lynnhan, you\u2019re partnering with a brand that places sustainability at the heart of its mission. Together, we can pave the way for a more sustainable future, leveraging technology to make a positive impact on the world.<\/p>\t\t\t\t\t\t\t\t<\/div>\n\t\t\t\t<\/div>\n\t\t\t\t\t<\/div>\n\t\t\t\t<\/div>\n\t\t\t\t<\/div>","protected":false},"excerpt":{"rendered":"<p>Sustainability at Lynnhan: Our Commitment to a Greener Future Embracing Sustainability in Every Aspect At Lynnhan, we recognize the critical importance of sustainability in today\u2019s global ecosystem. Our commitment to [\u2026]<\/p>","protected":false},"author":1,"featured_media":0,"parent":0,"menu_order":0,"comment_status":"closed","ping_status":"closed","template":"","meta":{"footnotes":""},"class_list":["post-527","page","type-page","status-publish","hentry"],"yoast_head":"<!-- This site is optimized with the Yoast SEO plugin v26.6 - https:\/\/yoast.com\/wordpress\/plugins\/seo\/ -->\n<title>Green Future: Explore LynnHan&#039;s Sustainability Efforts&quot;<\/title>\n<meta name=\"description\" content=\"Explore how LynnHan a leading smart tech manufacturer is making a difference with sustainable practices that benefit both the planet and future generations.\" \/>\n<meta name=\"robots\" content=\"index, follow, max-snippet:-1, max-image-preview:large, max-video-preview:-1\" \/>\n<link rel=\"canonical\" href=\"https:\/\/lynnhan.com\/fi\/kestavyys\/\" \/>\n<meta property=\"og:locale\" content=\"fi_FI\" \/>\n<meta property=\"og:type\" content=\"article\" \/>\n<meta property=\"og:title\" content=\"Green Future: Explore LynnHan&#039;s Sustainability Efforts&quot;\" \/>\n<meta property=\"og:description\" content=\"Explore how LynnHan a leading smart tech manufacturer is making a difference with sustainable practices that benefit both the planet and future generations.\" \/>\n<meta property=\"og:url\" content=\"https:\/\/lynnhan.com\/fi\/kestavyys\/\" \/>\n<meta property=\"og:site_name\" content=\"Lynnhan - Trusted Supplier | LED\/OLED\/LCD\/E-paper digital signages\" \/>\n<meta property=\"article:modified_time\" content=\"2024-12-19T02:53:21+00:00\" \/>\n<meta property=\"og:image\" content=\"https:\/\/pub-78925c7bf9ca4c6d820df8293a5c116c.r2.dev\/2024\/12\/All-in-one-LED-sustainability-1024x574.webp\" \/>\n<meta name=\"twitter:card\" content=\"summary_large_image\" \/>\n<meta name=\"twitter:label1\" content=\"Arvioitu lukuaika\" \/>\n\t<meta name=\"twitter:data1\" content=\"3 minuuttia\" \/>\n<script type=\"application\/ld+json\" class=\"yoast-schema-graph\">{\"@context\":\"https:\/\/schema.org\",\"@graph\":[{\"@type\":\"WebPage\",\"@id\":\"https:\/\/lynnhan.com\/sustainability\/\",\"url\":\"https:\/\/lynnhan.com\/sustainability\/\",\"name\":\"Green Future: Explore LynnHan's Sustainability Efforts\\\"\",\"isPartOf\":{\"@id\":\"https:\/\/lynnhan.com\/km\/#website\"},\"primaryImageOfPage\":{\"@id\":\"https:\/\/lynnhan.com\/sustainability\/#primaryimage\"},\"image\":{\"@id\":\"https:\/\/lynnhan.com\/sustainability\/#primaryimage\"},\"thumbnailUrl\":\"https:\/\/pub-78925c7bf9ca4c6d820df8293a5c116c.r2.dev\/2024\/12\/All-in-one-LED-sustainability-1024x574.webp\",\"datePublished\":\"2024-02-27T08:12:47+00:00\",\"dateModified\":\"2024-12-19T02:53:21+00:00\",\"description\":\"Explore how LynnHan a leading smart tech manufacturer is making a difference with sustainable practices that benefit both the planet and future generations.\",\"breadcrumb\":{\"@id\":\"https:\/\/lynnhan.com\/sustainability\/#breadcrumb\"},\"inLanguage\":\"fi\",\"potentialAction\":[{\"@type\":\"ReadAction\",\"target\":[\"https:\/\/lynnhan.com\/sustainability\/\"]}]},{\"@type\":\"ImageObject\",\"inLanguage\":\"fi\",\"@id\":\"https:\/\/lynnhan.com\/sustainability\/#primaryimage\",\"url\":\"https:\/\/pub-78925c7bf9ca4c6d820df8293a5c116c.r2.dev\/2024\/12\/All-in-one-LED-sustainability-1024x574.webp\",\"contentUrl\":\"https:\/\/pub-78925c7bf9ca4c6d820df8293a5c116c.r2.dev\/2024\/12\/All-in-one-LED-sustainability-1024x574.webp\"},{\"@type\":\"BreadcrumbList\",\"@id\":\"https:\/\/lynnhan.com\/sustainability\/#breadcrumb\",\"itemListElement\":[{\"@type\":\"ListItem\",\"position\":1,\"name\":\"Home\",\"item\":\"https:\/\/lynnhan.com\/\"},{\"@type\":\"ListItem\",\"position\":2,\"name\":\"Sustainability\"}]},{\"@type\":\"WebSite\",\"@id\":\"https:\/\/lynnhan.com\/km\/#website\",\"url\":\"https:\/\/lynnhan.com\/km\/\",\"name\":\"Lynnhan - Trusted Supplier | LED\/OLED\/LCD\/E-paper digital signages\",\"description\":\"Lynnhan - Trusted Supplier |  LED\/OLED\/LCD\/E-paper digital signages\",\"publisher\":{\"@id\":\"https:\/\/lynnhan.com\/km\/#organization\"},\"potentialAction\":[{\"@type\":\"SearchAction\",\"target\":{\"@type\":\"EntryPoint\",\"urlTemplate\":\"https:\/\/lynnhan.com\/km\/?s={search_term_string}\"},\"query-input\":{\"@type\":\"PropertyValueSpecification\",\"valueRequired\":true,\"valueName\":\"search_term_string\"}}],\"inLanguage\":\"fi\"},{\"@type\":\"Organization\",\"@id\":\"https:\/\/lynnhan.com\/km\/#organization\",\"name\":\"Lynnhan - Trusted Supplier | LED\/OLED\/LCD\/E-paper digital signages\",\"url\":\"https:\/\/lynnhan.com\/km\/\",\"logo\":{\"@type\":\"ImageObject\",\"inLanguage\":\"fi\",\"@id\":\"https:\/\/lynnhan.com\/km\/#\/schema\/logo\/image\/\",\"url\":\"https:\/\/pub-78925c7bf9ca4c6d820df8293a5c116c.r2.dev\/2024\/07\/LynnHan-logo3.png\",\"contentUrl\":\"https:\/\/pub-78925c7bf9ca4c6d820df8293a5c116c.r2.dev\/2024\/07\/LynnHan-logo3.png\",\"width\":390,\"height\":130,\"caption\":\"Lynnhan - Trusted Supplier | LED\/OLED\/LCD\/E-paper digital signages\"},\"image\":{\"@id\":\"https:\/\/lynnhan.com\/km\/#\/schema\/logo\/image\/\"}}]}<\/script>\n<!-- \/ Yoast SEO plugin. -->","yoast_head_json":{"title":"Vihreampi tulevaisuus: Tutki LynnHanin kest\u00e4vyyden ponnisteluja\"","description":"Tutki, miten LynnHan, johtava \u00e4lykk\u00e4\u00e4n teknologian valmistaja, tekee eroa kest\u00e4vien k\u00e4yt\u00e4nt\u00f6jen avulla, jotka hy\u00f6dytt\u00e4v\u00e4t sek\u00e4 planeettaa ett\u00e4 tulevia sukupolvia.","robots":{"index":"index","follow":"follow","max-snippet":"max-snippet:-1","max-image-preview":"max-image-preview:large","max-video-preview":"max-video-preview:-1"},"canonical":"https:\/\/lynnhan.com\/fi\/kestavyys\/","og_locale":"fi_FI","og_type":"article","og_title":"Green Future: Explore LynnHan's Sustainability Efforts\"","og_description":"Explore how LynnHan a leading smart tech manufacturer is making a difference with sustainable practices that benefit both the planet and future generations.","og_url":"https:\/\/lynnhan.com\/fi\/kestavyys\/","og_site_name":"Lynnhan - Trusted Supplier | LED\/OLED\/LCD\/E-paper digital signages","article_modified_time":"2024-12-19T02:53:21+00:00","og_image":[{"url":"https:\/\/pub-78925c7bf9ca4c6d820df8293a5c116c.r2.dev\/2024\/12\/All-in-one-LED-sustainability-1024x574.webp","type":"","width":"","height":""}],"twitter_card":"summary_large_image","twitter_misc":{"Arvioitu lukuaika":"3 minuuttia"},"schema":{"@context":"https:\/\/schema.org","@graph":[{"@type":"WebPage","@id":"https:\/\/lynnhan.com\/sustainability\/","url":"https:\/\/lynnhan.com\/sustainability\/","name":"Vihreampi tulevaisuus: Tutki LynnHanin kest\u00e4vyyden ponnisteluja\"","isPartOf":{"@id":"https:\/\/lynnhan.com\/km\/#website"},"primaryImageOfPage":{"@id":"https:\/\/lynnhan.com\/sustainability\/#primaryimage"},"image":{"@id":"https:\/\/lynnhan.com\/sustainability\/#primaryimage"},"thumbnailUrl":"https:\/\/pub-78925c7bf9ca4c6d820df8293a5c116c.r2.dev\/2024\/12\/All-in-one-LED-sustainability-1024x574.webp","datePublished":"2024-02-27T08:12:47+00:00","dateModified":"2024-12-19T02:53:21+00:00","description":"Tutki, miten LynnHan, johtava \u00e4lykk\u00e4\u00e4n teknologian valmistaja, tekee eroa kest\u00e4vien k\u00e4yt\u00e4nt\u00f6jen avulla, jotka hy\u00f6dytt\u00e4v\u00e4t sek\u00e4 planeettaa ett\u00e4 tulevia sukupolvia.","breadcrumb":{"@id":"https:\/\/lynnhan.com\/sustainability\/#breadcrumb"},"inLanguage":"fi","potentialAction":[{"@type":"ReadAction","target":["https:\/\/lynnhan.com\/sustainability\/"]}]},{"@type":"ImageObject","inLanguage":"fi","@id":"https:\/\/lynnhan.com\/sustainability\/#primaryimage","url":"https:\/\/pub-78925c7bf9ca4c6d820df8293a5c116c.r2.dev\/2024\/12\/All-in-one-LED-sustainability-1024x574.webp","contentUrl":"https:\/\/pub-78925c7bf9ca4c6d820df8293a5c116c.r2.dev\/2024\/12\/All-in-one-LED-sustainability-1024x574.webp"},{"@type":"BreadcrumbList","@id":"https:\/\/lynnhan.com\/sustainability\/#breadcrumb","itemListElement":[{"@type":"ListItem","position":1,"name":"Home","item":"https:\/\/lynnhan.com\/"},{"@type":"ListItem","position":2,"name":"Sustainability"}]},{"@type":"WebSite","@id":"https:\/\/lynnhan.com\/km\/#website","url":"https:\/\/lynnhan.com\/km\/","name":"Lynnhan - Luotettu toimittaja | LED\/OLED\/LCD\/E-paper digitaaliset kyltit","description":"Lynnhan - Luotettu toimittaja | LED\/OLED\/LCD\/E-paper digitaaliset ilmoitustaulut","publisher":{"@id":"https:\/\/lynnhan.com\/km\/#organization"},"potentialAction":[{"@type":"SearchAction","target":{"@type":"EntryPoint","urlTemplate":"https:\/\/lynnhan.com\/km\/?s={search_term_string}"},"query-input":{"@type":"PropertyValueSpecification","valueRequired":true,"valueName":"search_term_string"}}],"inLanguage":"fi"},{"@type":"Organization","@id":"https:\/\/lynnhan.com\/km\/#organization","name":"Lynnhan - Luotettu toimittaja | LED\/OLED\/LCD\/E-paper digitaaliset kyltit","url":"https:\/\/lynnhan.com\/km\/","logo":{"@type":"ImageObject","inLanguage":"fi","@id":"https:\/\/lynnhan.com\/km\/#\/schema\/logo\/image\/","url":"https:\/\/pub-78925c7bf9ca4c6d820df8293a5c116c.r2.dev\/2024\/07\/LynnHan-logo3.png","contentUrl":"https:\/\/pub-78925c7bf9ca4c6d820df8293a5c116c.r2.dev\/2024\/07\/LynnHan-logo3.png","width":390,"height":130,"caption":"Lynnhan - Trusted Supplier | LED\/OLED\/LCD\/E-paper digital signages"},"image":{"@id":"https:\/\/lynnhan.com\/km\/#\/schema\/logo\/image\/"}}]}},"jetpack_sharing_enabled":true,"_links":{"self":[{"href":"https:\/\/lynnhan.com\/fi\/wp-json\/wp\/v2\/pages\/527","targetHints":{"allow":["GET"]}}],"collection":[{"href":"https:\/\/lynnhan.com\/fi\/wp-json\/wp\/v2\/pages"}],"about":[{"href":"https:\/\/lynnhan.com\/fi\/wp-json\/wp\/v2\/types\/page"}],"author":[{"embeddable":true,"href":"https:\/\/lynnhan.com\/fi\/wp-json\/wp\/v2\/users\/1"}],"replies":[{"embeddable":true,"href":"https:\/\/lynnhan.com\/fi\/wp-json\/wp\/v2\/comments?post=527"}],"version-history":[{"count":0,"href":"https:\/\/lynnhan.com\/fi\/wp-json\/wp\/v2\/pages\/527\/revisions"}],"wp:attachment":[{"href":"https:\/\/lynnhan.com\/fi\/wp-json\/wp\/v2\/media?parent=527"}],"curies":[{"name":"wp","href":"https:\/\/api.w.org\/{rel}","templated":true}]}}