{"id":601,"date":"2024-02-28T03:19:26","date_gmt":"2024-02-28T03:19:26","guid":{"rendered":"https:\/\/lynnhan.com\/?page_id=601"},"modified":"2024-12-18T10:32:06","modified_gmt":"2024-12-18T10:32:06","slug":"kohtumisreeglid","status":"publish","type":"page","link":"https:\/\/lynnhan.com\/et\/kohtumisreeglid\/","title":{"rendered":"K\u00e4sikirjan\u00f5uded"},"content":{"rendered":"<div data-elementor-type=\"wp-page\" data-elementor-id=\"601\" class=\"elementor elementor-601\" data-elementor-post-type=\"page\">\n\t\t\t\t<div class=\"elementor-element elementor-element-1f21eb2 e-flex e-con-boxed e-con e-parent\" data-id=\"1f21eb2\" data-element_type=\"container\">\n\t\t\t\t\t<div class=\"e-con-inner\">\n\t\t\t\t<div class=\"elementor-element elementor-element-bfcddf0 elementor-widget elementor-widget-image\" data-id=\"bfcddf0\" data-element_type=\"widget\" data-widget_type=\"image.default\">\n\t\t\t\t<div class=\"elementor-widget-container\">\n\t\t\t\t\t\t\t\t\t\t\t\t\t\t\t<img fetchpriority=\"high\" decoding=\"async\" width=\"1536\" height=\"768\" src=\"https:\/\/pub-78925c7bf9ca4c6d820df8293a5c116c.r2.dev\/2024\/12\/Code-Of-Conduct.webp\" class=\"attachment-full size-full wp-image-3311\" alt=\"All in One LED supplier Code of Conduct\" srcset=\"https:\/\/pub-78925c7bf9ca4c6d820df8293a5c116c.r2.dev\/2024\/12\/Code-Of-Conduct.webp 1536w, https:\/\/pub-78925c7bf9ca4c6d820df8293a5c116c.r2.dev\/2024\/12\/Code-Of-Conduct-700x350.webp 700w, https:\/\/pub-78925c7bf9ca4c6d820df8293a5c116c.r2.dev\/2024\/12\/Code-Of-Conduct-1024x512.webp 1024w, https:\/\/pub-78925c7bf9ca4c6d820df8293a5c116c.r2.dev\/2024\/12\/Code-Of-Conduct-768x384.webp 768w, https:\/\/pub-78925c7bf9ca4c6d820df8293a5c116c.r2.dev\/2024\/12\/Code-Of-Conduct-18x9.webp 18w, https:\/\/pub-78925c7bf9ca4c6d820df8293a5c116c.r2.dev\/2024\/12\/Code-Of-Conduct-1140x570.webp 1140w, https:\/\/pub-78925c7bf9ca4c6d820df8293a5c116c.r2.dev\/2024\/12\/Code-Of-Conduct-920x460.webp 920w, https:\/\/pub-78925c7bf9ca4c6d820df8293a5c116c.r2.dev\/2024\/12\/Code-Of-Conduct-575x288.webp 575w, https:\/\/pub-78925c7bf9ca4c6d820df8293a5c116c.r2.dev\/2024\/12\/Code-Of-Conduct-380x190.webp 380w, https:\/\/pub-78925c7bf9ca4c6d820df8293a5c116c.r2.dev\/2024\/12\/Code-Of-Conduct-1320x660.webp 1320w, https:\/\/pub-78925c7bf9ca4c6d820df8293a5c116c.r2.dev\/2024\/12\/Code-Of-Conduct-800x400.webp 800w\" sizes=\"(max-width: 1536px) 100vw, 1536px\" \/>\t\t\t\t\t\t\t\t\t\t\t\t\t\t\t<\/div>\n\t\t\t\t<\/div>\n\t\t\t\t\t<\/div>\n\t\t\t\t<\/div>\n\t\t<div class=\"elementor-element elementor-element-7b6aef8e e-flex e-con-boxed e-con e-parent\" data-id=\"7b6aef8e\" data-element_type=\"container\">\n\t\t\t\t\t<div class=\"e-con-inner\">\n\t\t\t\t<div class=\"elementor-element elementor-element-620072c1 elementor-widget elementor-widget-text-editor\" data-id=\"620072c1\" data-element_type=\"widget\" data-widget_type=\"text-editor.default\">\n\t\t\t\t<div class=\"elementor-widget-container\">\n\t\t\t\t\t\t\t\t\t\n<p><strong>Introduction<\/strong><\/p>\n\n\n\n<p>Lynnhanis, meie t\u00f6\u00f6 viibimine on kohustatud k\u00f5rgemate \u00f5igluslikkuse ja professionaalsuse normide j\u00e4rgimisega. See k\u00e4itumisreeglid on juhend, mida meie t\u00f6\u00f6tajad, partnerid ja liigitused j\u00e4lgivad, ning mis kirjeldab printsiipe ja norme, mis defineerivad ettev\u00f5tte k\u00e4itumist ja otsustusprotsesse.<\/p>\n\n\n\n<p><strong>Meie \u00f5igluslikkuse kohustus<\/strong><\/p>\n\n\n\n<ul class=\"wp-block-list\">\n<li><strong>\u00d5igluslikud biznesipraktikad<\/strong>: Meie t\u00f6\u00f6 viibimine on kohustatud olema \u00f5igluslik ja \u00f5igluslikkusega, kuid respekti k\u00f5ikide kehtivate seaduste, reglementide ja normide ees.<\/li>\n\n\n\n<li><strong>L\u00e4bipaistvus<\/strong>: K\u00f5ikides meie biznesi tegudes toob meie avatuse ja l\u00e4bipaistvuse keskus, tagades, et meie osapoolt oleks teadlik ja osalevalt meie protsessides.<\/li>\n<\/ul>\n\n\n\n<p><strong>Respekt ja \u00f5iglane k\u00e4itumine<\/strong><\/p>\n\n\n\n<ul class=\"wp-block-list\">\n<li><strong>Diversiteet ja kaasamine<\/strong>: V\u00e4\u00e4rime me rahvastikku ja meie kohustus on looda kaasav kest, kus k\u00f5ik on kohustatud k\u00e4ituma \u00fcsna respekti ja v\u00e4\u00e4rimuslikkusega.<\/li>\n\n\n\n<li><strong>Harjamata t\u00f6\u00f6paik<\/strong>: Lynnhan on p\u00fchendunud hoidma t\u00f6\u00f6paika, mis on vabastatud harjumata k\u00e4itumisest, diskrimineerimisest v\u00f5i igast vormist v\u00e4givaldast. K\u00f5ik t\u00f6\u00f6tajad ootavad, et nad panustavad terviklikus ja k\u00f5rvalikuks k\u00e4itumise t\u00f6\u00f6keskkonda.<\/li>\n<\/ul>\n\n\n\n<p><strong>Vastutuse ja vastutuse alla<\/strong><\/p>\n\n\n\n<ul class=\"wp-block-list\">\n<li><strong>\u00d5iguslikkus<\/strong>: K\u00f5ik t\u00f6\u00f6tajad ja partnerid peavad olema s\u00f5lmunud selle k\u00e4itumisreegliga, ettev\u00f5tte p\u00f5hiseadetega ja k\u00f5ikide kehtivate seaduste ja reglementidega.<\/li>\n\n\n\n<li><strong>Rikkumiste teavitamine<\/strong>: Me soovitame rikkumiste teavitamist igast ebamoraalsest k\u00e4itumisest v\u00f5i selle k\u00e4itumisreegliga rikkumistest. Lynnhan tagub, et ei ole mitte mingeid taganemisi inimestele, kes rikkumiste \u00fcle \u00f5iguslikult teavitavad.<\/li>\n<\/ul>\n\n\n\n<p><strong>Tunnuse ja isikliku varjupaiga kaitsmine<\/strong><\/p>\n\n\n\n<ul class=\"wp-block-list\">\n<li><strong>Teabe kaitsmine<\/strong>: Me meeldib kaitsma meie klientide, t\u00f6\u00f6tajate ja partnerite tunnuse ja isikliku varjupaiga. Teave tuleb k\u00e4sitleda k\u00f5ige suurema t\u00e4helepanuga ja turvalisusega.<\/li>\n\n\n\n<li><strong>17. Intellektuaalv\u00e4\u00e4rtus<\/strong>: Me kaitseme intellektuaalset omandi \u00f5igusi ja ootame, et meie t\u00f6\u00f6tajad ja partnerid teegi sama.<\/li>\n<\/ul>\n\n\n\n<p><strong>Konflikti interes<\/strong><\/p>\n\n\n\n<ul class=\"wp-block-list\">\n<li><strong>Konfliktide v\u00e4ltimine<\/strong>: T\u00f6\u00f6tajad ja partnerid peavad v\u00e4ltima igast isiklikust, rahalist v\u00f5i muust interesi, mis v\u00f5ib rahustada nende v\u00f5imekust v\u00f5i tahtlust tegutseda objektiivselt.<\/li>\n\n\n\n<li><strong>Teavitamine<\/strong>: K\u00f5ik potentsiaalsed konfliktid on teavitatud juhendusele hindamiseks ja juhendamiseks.<\/li>\n<\/ul>\n\n\n\n<p><strong>Keskkonna vastutus<\/strong><\/p>\n\n\n\n<ul class=\"wp-block-list\">\n<li><strong>Kestvus<\/strong>: Lynnhan on p\u00fchendunud kestvusele ja keskkonna valitsemisele. Me soovime v\u00e4hendada meie keskkonnat\u00f5usmist ja arendada vastutlikke praktikaid meie ettev\u00f5tte k\u00f5ikides valdkondades.<\/li>\n<\/ul>\n\n\n\n<p><strong>Kogukonna osalemine<\/strong><\/p>\n\n\n\n<ul class=\"wp-block-list\">\n<li><strong>Tagasih\u00e4\u00e4le andmine<\/strong>: Me usume tagasih\u00e4\u00e4le andmiseks kogukondades, kus me tegutsemame, toob meie t\u00f6\u00f6tajate ja partnerite seas teeninduse ja volikute vaimu.<\/li>\n<\/ul>\n\n\n\n<p><strong>Tegutsemise<\/strong><\/p>\n\n\n\n<ul class=\"wp-block-list\">\n<li><strong>Training<\/strong>: K\u00f5ik t\u00f6\u00f6tajad saavad koolutust selle Etikavormingu kohta, et tagada, et nad m\u00f5istavad ja suudavad efektiivselt j\u00e4rgida neid printsiipe.<\/li>\n\n\n\n<li><strong>Enforcement<\/strong>: Etikavormingu rikkumised tunduvad t\u00f5sina ja v\u00f5ivad viia karistavate toimingute, sh t\u00f6\u00f6lepingu katkemiseni v\u00f5i \u00e4ri\u00fchiseduse l\u00f5petamiseni.<\/li>\n<\/ul>\n\n\n\n<p><strong>Connect the Smart Board to a Computer:<\/strong><\/p>\n\n\n\n<p>See Etikavorming on keskealne Lynnhan missioonis. Nende printsiipide j\u00e4rgimisega s\u00e4ilitame auhuv\u00e4\u00e4rsuse oma auhvara eest, panustame pozitiivse t\u00f6\u00f6kultuuri loomisele ja luuame usaldust klientide, partnerite ja kogu kogukonnaga. \u00dchineks v\u00f5ime tagada, et Lynnhan j\u00e4tkub endiselt paigana, kus k\u00f5ikv\u00f5imalik osa, kaitse ja auhuv\u00e4\u00e4rsus vallanduvad.<\/p>\n\t\t\t\t\t\t\t\t<\/div>\n\t\t\t\t<\/div>\n\t\t\t\t\t<\/div>\n\t\t\t\t<\/div>\n\t\t\t\t<\/div>","protected":false},"excerpt":{"rendered":"<p>Introduction At Lynnhan, we are committed to conducting our business according to the highest standards of integrity and professionalism. This Code of Conduct serves as a guide for our employees, [\u2026]<\/p>","protected":false},"author":1,"featured_media":0,"parent":0,"menu_order":0,"comment_status":"closed","ping_status":"closed","template":"","meta":{"footnotes":""},"class_list":["post-601","page","type-page","status-publish","hentry"],"yoast_head":"<!-- This site is optimized with the Yoast SEO plugin v26.6 - https:\/\/yoast.com\/wordpress\/plugins\/seo\/ -->\n<title>Code of Conduct-Lynnhan smart display factory<\/title>\n<meta name=\"description\" content=\"Lynnhan smart display factory&#039;s commits to ethics and integrity. Our code of conduct ensures a respectful and inclusive culture for all.\" \/>\n<meta name=\"robots\" content=\"index, follow, max-snippet:-1, max-image-preview:large, max-video-preview:-1\" \/>\n<link rel=\"canonical\" href=\"https:\/\/lynnhan.com\/et\/kohtumisreeglid\/\" \/>\n<meta property=\"og:locale\" content=\"et_EE\" \/>\n<meta property=\"og:type\" content=\"article\" \/>\n<meta property=\"og:title\" content=\"Code of Conduct-Lynnhan smart display factory\" \/>\n<meta property=\"og:description\" content=\"Lynnhan smart display factory&#039;s commits to ethics and integrity. Our code of conduct ensures a respectful and inclusive culture for all.\" \/>\n<meta property=\"og:url\" content=\"https:\/\/lynnhan.com\/et\/kohtumisreeglid\/\" \/>\n<meta property=\"og:site_name\" content=\"Lynnhan - Trusted Supplier | LED\/OLED\/LCD\/E-paper digital signages\" \/>\n<meta property=\"article:modified_time\" content=\"2024-12-18T10:32:06+00:00\" \/>\n<meta property=\"og:image\" content=\"https:\/\/pub-78925c7bf9ca4c6d820df8293a5c116c.r2.dev\/2024\/12\/Code-Of-Conduct.webp\" \/>\n<meta name=\"twitter:card\" content=\"summary_large_image\" \/>\n<meta name=\"twitter:label1\" content=\"Est. reading time\" \/>\n\t<meta name=\"twitter:data1\" content=\"3 minutit\" \/>\n<script type=\"application\/ld+json\" class=\"yoast-schema-graph\">{\"@context\":\"https:\/\/schema.org\",\"@graph\":[{\"@type\":\"WebPage\",\"@id\":\"https:\/\/lynnhan.com\/ja\/%e8%a1%8c%e5%8b%95%e8%a6%8f%e7%af%84\/\",\"url\":\"https:\/\/lynnhan.com\/ja\/%e8%a1%8c%e5%8b%95%e8%a6%8f%e7%af%84\/\",\"name\":\"Code of Conduct-Lynnhan smart display factory\",\"isPartOf\":{\"@id\":\"https:\/\/lynnhan.com\/km\/#website\"},\"primaryImageOfPage\":{\"@id\":\"https:\/\/lynnhan.com\/ja\/%e8%a1%8c%e5%8b%95%e8%a6%8f%e7%af%84\/#primaryimage\"},\"image\":{\"@id\":\"https:\/\/lynnhan.com\/ja\/%e8%a1%8c%e5%8b%95%e8%a6%8f%e7%af%84\/#primaryimage\"},\"thumbnailUrl\":\"https:\/\/pub-78925c7bf9ca4c6d820df8293a5c116c.r2.dev\/2024\/12\/Code-Of-Conduct.webp\",\"datePublished\":\"2024-02-28T03:19:26+00:00\",\"dateModified\":\"2024-12-18T10:32:06+00:00\",\"description\":\"Lynnhan smart display factory's commits to ethics and integrity. Our code of conduct ensures a respectful and inclusive culture for all.\",\"breadcrumb\":{\"@id\":\"https:\/\/lynnhan.com\/ja\/%e8%a1%8c%e5%8b%95%e8%a6%8f%e7%af%84\/#breadcrumb\"},\"inLanguage\":\"et\",\"potentialAction\":[{\"@type\":\"ReadAction\",\"target\":[\"https:\/\/lynnhan.com\/ja\/%e8%a1%8c%e5%8b%95%e8%a6%8f%e7%af%84\/\"]}]},{\"@type\":\"ImageObject\",\"inLanguage\":\"et\",\"@id\":\"https:\/\/lynnhan.com\/ja\/%e8%a1%8c%e5%8b%95%e8%a6%8f%e7%af%84\/#primaryimage\",\"url\":\"https:\/\/pub-78925c7bf9ca4c6d820df8293a5c116c.r2.dev\/2024\/12\/Code-Of-Conduct.webp\",\"contentUrl\":\"https:\/\/pub-78925c7bf9ca4c6d820df8293a5c116c.r2.dev\/2024\/12\/Code-Of-Conduct.webp\"},{\"@type\":\"BreadcrumbList\",\"@id\":\"https:\/\/lynnhan.com\/ja\/%e8%a1%8c%e5%8b%95%e8%a6%8f%e7%af%84\/#breadcrumb\",\"itemListElement\":[{\"@type\":\"ListItem\",\"position\":1,\"name\":\"Home\",\"item\":\"https:\/\/lynnhan.com\/\"},{\"@type\":\"ListItem\",\"position\":2,\"name\":\"Code Of Conduct\"}]},{\"@type\":\"WebSite\",\"@id\":\"https:\/\/lynnhan.com\/km\/#website\",\"url\":\"https:\/\/lynnhan.com\/km\/\",\"name\":\"Lynnhan - Trusted Supplier | LED\/OLED\/LCD\/E-paper digital signages\",\"description\":\"Lynnhan - Trusted Supplier |  LED\/OLED\/LCD\/E-paper digital signages\",\"publisher\":{\"@id\":\"https:\/\/lynnhan.com\/km\/#organization\"},\"potentialAction\":[{\"@type\":\"SearchAction\",\"target\":{\"@type\":\"EntryPoint\",\"urlTemplate\":\"https:\/\/lynnhan.com\/km\/?s={search_term_string}\"},\"query-input\":{\"@type\":\"PropertyValueSpecification\",\"valueRequired\":true,\"valueName\":\"search_term_string\"}}],\"inLanguage\":\"et\"},{\"@type\":\"Organization\",\"@id\":\"https:\/\/lynnhan.com\/km\/#organization\",\"name\":\"Lynnhan - Trusted Supplier | LED\/OLED\/LCD\/E-paper digital signages\",\"url\":\"https:\/\/lynnhan.com\/km\/\",\"logo\":{\"@type\":\"ImageObject\",\"inLanguage\":\"et\",\"@id\":\"https:\/\/lynnhan.com\/km\/#\/schema\/logo\/image\/\",\"url\":\"https:\/\/pub-78925c7bf9ca4c6d820df8293a5c116c.r2.dev\/2024\/07\/LynnHan-logo3.png\",\"contentUrl\":\"https:\/\/pub-78925c7bf9ca4c6d820df8293a5c116c.r2.dev\/2024\/07\/LynnHan-logo3.png\",\"width\":390,\"height\":130,\"caption\":\"Lynnhan - Trusted Supplier | LED\/OLED\/LCD\/E-paper digital signages\"},\"image\":{\"@id\":\"https:\/\/lynnhan.com\/km\/#\/schema\/logo\/image\/\"}}]}<\/script>\n<!-- \/ Yoast SEO plugin. -->","yoast_head_json":{"title":"Kohtumisreeglid-Lynnhan tarkvaraline n\u00e4itavabaud","description":"Lynnhan tarkvarafabriigi pakkub eetika ja terviklikkusele. Meie k\u00e4itumisreeglid tagavad k\u00f5ikidele kunnianu ja kaasav\u00f5tliku kultuuri.","robots":{"index":"index","follow":"follow","max-snippet":"max-snippet:-1","max-image-preview":"max-image-preview:large","max-video-preview":"max-video-preview:-1"},"canonical":"https:\/\/lynnhan.com\/et\/kohtumisreeglid\/","og_locale":"et_EE","og_type":"article","og_title":"Code of Conduct-Lynnhan smart display factory","og_description":"Lynnhan smart display factory's commits to ethics and integrity. Our code of conduct ensures a respectful and inclusive culture for all.","og_url":"https:\/\/lynnhan.com\/et\/kohtumisreeglid\/","og_site_name":"Lynnhan - Trusted Supplier | LED\/OLED\/LCD\/E-paper digital signages","article_modified_time":"2024-12-18T10:32:06+00:00","og_image":[{"url":"https:\/\/pub-78925c7bf9ca4c6d820df8293a5c116c.r2.dev\/2024\/12\/Code-Of-Conduct.webp","type":"","width":"","height":""}],"twitter_card":"summary_large_image","twitter_misc":{"Est. reading time":"3 minutit"},"schema":{"@context":"https:\/\/schema.org","@graph":[{"@type":"WebPage","@id":"https:\/\/lynnhan.com\/ja\/%e8%a1%8c%e5%8b%95%e8%a6%8f%e7%af%84\/","url":"https:\/\/lynnhan.com\/ja\/%e8%a1%8c%e5%8b%95%e8%a6%8f%e7%af%84\/","name":"Kohtumisreeglid-Lynnhan tarkvaraline n\u00e4itavabaud","isPartOf":{"@id":"https:\/\/lynnhan.com\/km\/#website"},"primaryImageOfPage":{"@id":"https:\/\/lynnhan.com\/ja\/%e8%a1%8c%e5%8b%95%e8%a6%8f%e7%af%84\/#primaryimage"},"image":{"@id":"https:\/\/lynnhan.com\/ja\/%e8%a1%8c%e5%8b%95%e8%a6%8f%e7%af%84\/#primaryimage"},"thumbnailUrl":"https:\/\/pub-78925c7bf9ca4c6d820df8293a5c116c.r2.dev\/2024\/12\/Code-Of-Conduct.webp","datePublished":"2024-02-28T03:19:26+00:00","dateModified":"2024-12-18T10:32:06+00:00","description":"Lynnhan tarkvarafabriigi pakkub eetika ja terviklikkusele. Meie k\u00e4itumisreeglid tagavad k\u00f5ikidele kunnianu ja kaasav\u00f5tliku kultuuri.","breadcrumb":{"@id":"https:\/\/lynnhan.com\/ja\/%e8%a1%8c%e5%8b%95%e8%a6%8f%e7%af%84\/#breadcrumb"},"inLanguage":"et","potentialAction":[{"@type":"ReadAction","target":["https:\/\/lynnhan.com\/ja\/%e8%a1%8c%e5%8b%95%e8%a6%8f%e7%af%84\/"]}]},{"@type":"ImageObject","inLanguage":"et","@id":"https:\/\/lynnhan.com\/ja\/%e8%a1%8c%e5%8b%95%e8%a6%8f%e7%af%84\/#primaryimage","url":"https:\/\/pub-78925c7bf9ca4c6d820df8293a5c116c.r2.dev\/2024\/12\/Code-Of-Conduct.webp","contentUrl":"https:\/\/pub-78925c7bf9ca4c6d820df8293a5c116c.r2.dev\/2024\/12\/Code-Of-Conduct.webp"},{"@type":"BreadcrumbList","@id":"https:\/\/lynnhan.com\/ja\/%e8%a1%8c%e5%8b%95%e8%a6%8f%e7%af%84\/#breadcrumb","itemListElement":[{"@type":"ListItem","position":1,"name":"Home","item":"https:\/\/lynnhan.com\/"},{"@type":"ListItem","position":2,"name":"Code Of Conduct"}]},{"@type":"WebSite","@id":"https:\/\/lynnhan.com\/km\/#website","url":"https:\/\/lynnhan.com\/km\/","name":"Lynnhan - Usaldatud tarnijav | LED\/OLED\/LCD\/E-paper digitaalsed mermerdused","description":"Lynnhan - Usaldatud tarnija | LED\/OLED\/LCD\/E-paper digitaalsed n\u00e4itised","publisher":{"@id":"https:\/\/lynnhan.com\/km\/#organization"},"potentialAction":[{"@type":"SearchAction","target":{"@type":"EntryPoint","urlTemplate":"https:\/\/lynnhan.com\/km\/?s={search_term_string}"},"query-input":{"@type":"PropertyValueSpecification","valueRequired":true,"valueName":"search_term_string"}}],"inLanguage":"et"},{"@type":"Organization","@id":"https:\/\/lynnhan.com\/km\/#organization","name":"Lynnhan - Usaldatud tarnijav | LED\/OLED\/LCD\/E-paper digitaalsed mermerdused","url":"https:\/\/lynnhan.com\/km\/","logo":{"@type":"ImageObject","inLanguage":"et","@id":"https:\/\/lynnhan.com\/km\/#\/schema\/logo\/image\/","url":"https:\/\/pub-78925c7bf9ca4c6d820df8293a5c116c.r2.dev\/2024\/07\/LynnHan-logo3.png","contentUrl":"https:\/\/pub-78925c7bf9ca4c6d820df8293a5c116c.r2.dev\/2024\/07\/LynnHan-logo3.png","width":390,"height":130,"caption":"Lynnhan - Trusted Supplier | LED\/OLED\/LCD\/E-paper digital signages"},"image":{"@id":"https:\/\/lynnhan.com\/km\/#\/schema\/logo\/image\/"}}]}},"jetpack_sharing_enabled":true,"_links":{"self":[{"href":"https:\/\/lynnhan.com\/et\/wp-json\/wp\/v2\/pages\/601","targetHints":{"allow":["GET"]}}],"collection":[{"href":"https:\/\/lynnhan.com\/et\/wp-json\/wp\/v2\/pages"}],"about":[{"href":"https:\/\/lynnhan.com\/et\/wp-json\/wp\/v2\/types\/page"}],"author":[{"embeddable":true,"href":"https:\/\/lynnhan.com\/et\/wp-json\/wp\/v2\/users\/1"}],"replies":[{"embeddable":true,"href":"https:\/\/lynnhan.com\/et\/wp-json\/wp\/v2\/comments?post=601"}],"version-history":[{"count":0,"href":"https:\/\/lynnhan.com\/et\/wp-json\/wp\/v2\/pages\/601\/revisions"}],"wp:attachment":[{"href":"https:\/\/lynnhan.com\/et\/wp-json\/wp\/v2\/media?parent=601"}],"curies":[{"name":"wp","href":"https:\/\/api.w.org\/{rel}","templated":true}]}}