{"id":535,"date":"2024-02-27T08:28:56","date_gmt":"2024-02-27T08:28:56","guid":{"rendered":"https:\/\/lynnhan.com\/?page_id=535"},"modified":"2024-12-18T10:25:48","modified_gmt":"2024-12-18T10:25:48","slug":"makseid","status":"publish","type":"page","link":"https:\/\/lynnhan.com\/et\/makseid\/","title":{"rendered":"Maksed"},"content":{"rendered":"<div data-elementor-type=\"wp-page\" data-elementor-id=\"535\" class=\"elementor elementor-535\" data-elementor-post-type=\"page\">\n\t\t\t\t<div class=\"elementor-element elementor-element-142d8d4 e-flex e-con-boxed e-con e-parent\" data-id=\"142d8d4\" data-element_type=\"container\">\n\t\t\t\t\t<div class=\"e-con-inner\">\n\t\t\t\t<div class=\"elementor-element elementor-element-6619f7f elementor-widget elementor-widget-image\" data-id=\"6619f7f\" data-element_type=\"widget\" data-widget_type=\"image.default\">\n\t\t\t\t<div class=\"elementor-widget-container\">\n\t\t\t\t\t\t\t\t\t\t\t\t\t\t\t<img fetchpriority=\"high\" decoding=\"async\" width=\"1920\" height=\"1076\" src=\"https:\/\/pub-78925c7bf9ca4c6d820df8293a5c116c.r2.dev\/2024\/12\/payments-2.webp\" class=\"attachment-full size-full wp-image-3303\" alt=\"All in One LED tootja maksetused\" srcset=\"https:\/\/pub-78925c7bf9ca4c6d820df8293a5c116c.r2.dev\/2024\/12\/payments-2.webp 1920w, https:\/\/pub-78925c7bf9ca4c6d820df8293a5c116c.r2.dev\/2024\/12\/payments-2-700x392.webp 700w, https:\/\/pub-78925c7bf9ca4c6d820df8293a5c116c.r2.dev\/2024\/12\/payments-2-1024x574.webp 1024w, https:\/\/pub-78925c7bf9ca4c6d820df8293a5c116c.r2.dev\/2024\/12\/payments-2-768x430.webp 768w, https:\/\/pub-78925c7bf9ca4c6d820df8293a5c116c.r2.dev\/2024\/12\/payments-2-1536x861.webp 1536w, https:\/\/pub-78925c7bf9ca4c6d820df8293a5c116c.r2.dev\/2024\/12\/payments-2-18x10.webp 18w, https:\/\/pub-78925c7bf9ca4c6d820df8293a5c116c.r2.dev\/2024\/12\/payments-2-1140x639.webp 1140w, https:\/\/pub-78925c7bf9ca4c6d820df8293a5c116c.r2.dev\/2024\/12\/payments-2-920x516.webp 920w, https:\/\/pub-78925c7bf9ca4c6d820df8293a5c116c.r2.dev\/2024\/12\/payments-2-575x322.webp 575w, https:\/\/pub-78925c7bf9ca4c6d820df8293a5c116c.r2.dev\/2024\/12\/payments-2-380x213.webp 380w, https:\/\/pub-78925c7bf9ca4c6d820df8293a5c116c.r2.dev\/2024\/12\/payments-2-1320x740.webp 1320w, https:\/\/pub-78925c7bf9ca4c6d820df8293a5c116c.r2.dev\/2024\/12\/payments-2-800x448.webp 800w\" sizes=\"(max-width: 1920px) 100vw, 1920px\" \/>\t\t\t\t\t\t\t\t\t\t\t\t\t\t\t<\/div>\n\t\t\t\t<\/div>\n\t\t\t\t\t<\/div>\n\t\t\t\t<\/div>\n\t\t<div class=\"elementor-element elementor-element-d66f236 e-flex e-con-boxed e-con e-parent\" data-id=\"d66f236\" data-element_type=\"container\">\n\t\t\t\t\t<div class=\"e-con-inner\">\n\t\t\t\t<div class=\"elementor-element elementor-element-c3f9628 elementor-widget elementor-widget-text-editor\" data-id=\"c3f9628\" data-element_type=\"widget\" data-widget_type=\"text-editor.default\">\n\t\t\t\t<div class=\"elementor-widget-container\">\n\t\t\t\t\t\t\t\t\t<h3>Maksetused Lynnhanis: lihtsad ja turvalised transaktsioonid<\/h3><p><strong>J\u00f5ustavad maksev\u00f5imalused teie ettev\u00f5tte vajadustele<\/strong><\/p><p>Lynnhanis m\u00f5istame vajalikkust flexiiblit ja turvalist maksetarvet ettev\u00f5ttest. Meie eesm\u00e4rk on tegemist teie ostuprotsessist kui lihtsa ja raskusevabandusega kui v\u00f5imalik. Selle t\u00f5ttu pakkume meile mitmekesistatud maksev\u00f5imalusi, mis rahuldavad meie B2B klientide mitmekesed vajadused.<\/p><p><strong>Turvalised online maksed<\/strong><\/p><p>Laiendamise ja efektiivsuse eesm\u00e4rgil toetab Lynhan turvalisi online makseid. Meie platvorm aktsepteerib suuremaid krediidikarte, sealhulgas Visa, MasterCard ja American Express, ning PayPal kiire ja lihtsa transaktsioonide jaoks. Meie turvaline makseteenuse sild tagab, et teie finantsinfot on alati kaitstud, kasutades arengust ja turvalisust tagavaid kr\u00fcptograafias\u00f5tteid ja protokolle.<\/p><p><strong>Panga\u00fclev\u00f5tmised (T\/T ja Western Union)<br \/><\/strong><\/p><p>Suuremate tellimuste v\u00f5i kohandatud lahenduste puhul toetame suora pangatransfervahendust. See v\u00f5imalus lubab suuremat finantsmahtu juhtimisvabadust ja on idealine ettev\u00f5ttele, kes eelistab traditsioonilisi makseviise. Meie klientiteeninduse meeskond tagab teile k\u00f5ik vajalikud andmed, et tagada lihtne pangatransfer.<\/p><p><strong>kohandatud maksetud plaanid<\/strong><\/p><p>Teadates, et iga ettev\u00f5te on unikaalne, on Lynhan valmis arutluste alustama kohandatud makset plaanidega. Vagina kui tasuta maksete ajastused v\u00f5i kohandatud finantslahendus, meie meeskond on omistatud teiega t\u00f6\u00f6tamisele leitaks maksete struktuur, mis sobib teie ettev\u00f5tte n\u00f5udmustele.<\/p><p><strong>Turvaline transaktsiooniprotsess<\/strong><\/p><p>Tagavarahu on meile maksedel esmakohaline. Lynhan rakendab k\u00f5ige arengust ja turvalisust tagavamaid turvameetodeid oma transaktsioonide ja isikliku informatsiooni kaitsemiseks. Meie s\u00f5lmimine PCI DSS standarditega tagab, et teie makse t\u00f6\u00f6deldakse k\u00f5ige turvalisemas keskkonnas.<\/p><p><strong>Keskendatud toetus<\/strong><\/p><p>Meie keskendatud klientiteeninduse meeskond on k\u00e4ttesaadav abistama teile igal maksega seotud k\u00fcsimusel v\u00f5i probleemil. Vagina vajad teid abi valima \u00f5ige maksev\u00f5imalus, m\u00f5istma oma lasku v\u00f5i arutluses makset plaanidega, me oleme siin tagamaks lihtsa transaktsioonikogemuse.<\/p><p><strong>Kuidas maksa tegemist<\/strong><\/p><p>Makse tegemine Lynnhanis on lihtne. P\u00e4rast tellimuse rahuldamist saadate teile arve, mis sisaldab detailsete maksejuhendite. Valige eelistatud makseviis ja j\u00e4rgige annetatud sammu l\u00f5petamaks transaktsioon. Meie klientiteeninduse meeskond on alati k\u00e4ttesaadav juhendama teid protsessis, kui vajad abi.<\/p><p>Lynnhanis oleme omistatud oma B2B klientidele tagama turvaliste, flexiiblit ja kergemate maksetarvete. Meie maksev\u00f5imaluste valik on loodud ettev\u00f5tte spetsiifiliste vajadustega sobimiseks, tagades lihtsa ja efektiivse ostukogemuse.<\/p>\t\t\t\t\t\t\t\t<\/div>\n\t\t\t\t<\/div>\n\t\t\t\t\t<\/div>\n\t\t\t\t<\/div>\n\t\t\t\t<\/div>","protected":false},"excerpt":{"rendered":"<p>Payment Solutions at Lynnhan: Streamlined and Secure Transactions Flexible Payment Options for Your Business Needs At Lynnhan, we understand the importance of flexible and secure payment solutions for businesses. Our [\u2026]<\/p>","protected":false},"author":1,"featured_media":0,"parent":0,"menu_order":0,"comment_status":"closed","ping_status":"closed","template":"","meta":{"footnotes":""},"class_list":["post-535","page","type-page","status-publish","hentry"],"yoast_head":"<!-- This site is optimized with the Yoast SEO plugin v26.6 - https:\/\/yoast.com\/wordpress\/plugins\/seo\/ -->\n<title>Payments: Lynnhan portable TV supplier<\/title>\n<meta name=\"description\" content=\"Discover how Lynnhan portable TV supplier Payments transforms your online purchases into smooth, effortless experiences.\" \/>\n<meta name=\"robots\" content=\"index, follow, max-snippet:-1, max-image-preview:large, max-video-preview:-1\" \/>\n<link rel=\"canonical\" href=\"https:\/\/lynnhan.com\/et\/makseid\/\" \/>\n<meta property=\"og:locale\" content=\"et_EE\" \/>\n<meta property=\"og:type\" content=\"article\" \/>\n<meta property=\"og:title\" content=\"Payments: Lynnhan portable TV supplier\" \/>\n<meta property=\"og:description\" content=\"Discover how Lynnhan portable TV supplier Payments transforms your online purchases into smooth, effortless experiences.\" \/>\n<meta property=\"og:url\" content=\"https:\/\/lynnhan.com\/et\/makseid\/\" \/>\n<meta property=\"og:site_name\" content=\"Lynnhan - Trusted Supplier | LED\/OLED\/LCD\/E-paper digital signages\" \/>\n<meta property=\"article:modified_time\" content=\"2024-12-18T10:25:48+00:00\" \/>\n<meta property=\"og:image\" content=\"https:\/\/pub-78925c7bf9ca4c6d820df8293a5c116c.r2.dev\/2024\/12\/payments-2.webp\" \/>\n<meta name=\"twitter:card\" content=\"summary_large_image\" \/>\n<meta name=\"twitter:label1\" content=\"Est. reading time\" \/>\n\t<meta name=\"twitter:data1\" content=\"2 minutit\" \/>\n<script type=\"application\/ld+json\" class=\"yoast-schema-graph\">{\"@context\":\"https:\/\/schema.org\",\"@graph\":[{\"@type\":\"WebPage\",\"@id\":\"https:\/\/lynnhan.com\/payments\/\",\"url\":\"https:\/\/lynnhan.com\/payments\/\",\"name\":\"Payments: Lynnhan portable TV supplier\",\"isPartOf\":{\"@id\":\"https:\/\/lynnhan.com\/km\/#website\"},\"primaryImageOfPage\":{\"@id\":\"https:\/\/lynnhan.com\/payments\/#primaryimage\"},\"image\":{\"@id\":\"https:\/\/lynnhan.com\/payments\/#primaryimage\"},\"thumbnailUrl\":\"https:\/\/pub-78925c7bf9ca4c6d820df8293a5c116c.r2.dev\/2024\/12\/payments-2.webp\",\"datePublished\":\"2024-02-27T08:28:56+00:00\",\"dateModified\":\"2024-12-18T10:25:48+00:00\",\"description\":\"Discover how Lynnhan portable TV supplier Payments transforms your online purchases into smooth, effortless experiences.\",\"breadcrumb\":{\"@id\":\"https:\/\/lynnhan.com\/payments\/#breadcrumb\"},\"inLanguage\":\"et\",\"potentialAction\":[{\"@type\":\"ReadAction\",\"target\":[\"https:\/\/lynnhan.com\/payments\/\"]}]},{\"@type\":\"ImageObject\",\"inLanguage\":\"et\",\"@id\":\"https:\/\/lynnhan.com\/payments\/#primaryimage\",\"url\":\"https:\/\/pub-78925c7bf9ca4c6d820df8293a5c116c.r2.dev\/2024\/12\/payments-2.webp\",\"contentUrl\":\"https:\/\/pub-78925c7bf9ca4c6d820df8293a5c116c.r2.dev\/2024\/12\/payments-2.webp\"},{\"@type\":\"BreadcrumbList\",\"@id\":\"https:\/\/lynnhan.com\/payments\/#breadcrumb\",\"itemListElement\":[{\"@type\":\"ListItem\",\"position\":1,\"name\":\"Home\",\"item\":\"https:\/\/lynnhan.com\/\"},{\"@type\":\"ListItem\",\"position\":2,\"name\":\"Payments\"}]},{\"@type\":\"WebSite\",\"@id\":\"https:\/\/lynnhan.com\/km\/#website\",\"url\":\"https:\/\/lynnhan.com\/km\/\",\"name\":\"Lynnhan - Trusted Supplier | LED\/OLED\/LCD\/E-paper digital signages\",\"description\":\"Lynnhan - Trusted Supplier |  LED\/OLED\/LCD\/E-paper digital signages\",\"publisher\":{\"@id\":\"https:\/\/lynnhan.com\/km\/#organization\"},\"potentialAction\":[{\"@type\":\"SearchAction\",\"target\":{\"@type\":\"EntryPoint\",\"urlTemplate\":\"https:\/\/lynnhan.com\/km\/?s={search_term_string}\"},\"query-input\":{\"@type\":\"PropertyValueSpecification\",\"valueRequired\":true,\"valueName\":\"search_term_string\"}}],\"inLanguage\":\"et\"},{\"@type\":\"Organization\",\"@id\":\"https:\/\/lynnhan.com\/km\/#organization\",\"name\":\"Lynnhan - Trusted Supplier | LED\/OLED\/LCD\/E-paper digital signages\",\"url\":\"https:\/\/lynnhan.com\/km\/\",\"logo\":{\"@type\":\"ImageObject\",\"inLanguage\":\"et\",\"@id\":\"https:\/\/lynnhan.com\/km\/#\/schema\/logo\/image\/\",\"url\":\"https:\/\/pub-78925c7bf9ca4c6d820df8293a5c116c.r2.dev\/2024\/07\/LynnHan-logo3.png\",\"contentUrl\":\"https:\/\/pub-78925c7bf9ca4c6d820df8293a5c116c.r2.dev\/2024\/07\/LynnHan-logo3.png\",\"width\":390,\"height\":130,\"caption\":\"Lynnhan - Trusted Supplier | LED\/OLED\/LCD\/E-paper digital signages\"},\"image\":{\"@id\":\"https:\/\/lynnhan.com\/km\/#\/schema\/logo\/image\/\"}}]}<\/script>\n<!-- \/ Yoast SEO plugin. -->","yoast_head_json":{"title":"Maksud: Lynnhan \u00fcleskandva TV-tarbitaja","description":"Avastu Linnahani \u00fclekandva TV tarnija Maksed muudavad teie veebis ostud lihtsaks ja raskuseta tegevuseks.","robots":{"index":"index","follow":"follow","max-snippet":"max-snippet:-1","max-image-preview":"max-image-preview:large","max-video-preview":"max-video-preview:-1"},"canonical":"https:\/\/lynnhan.com\/et\/makseid\/","og_locale":"et_EE","og_type":"article","og_title":"Payments: Lynnhan portable TV supplier","og_description":"Discover how Lynnhan portable TV supplier Payments transforms your online purchases into smooth, effortless experiences.","og_url":"https:\/\/lynnhan.com\/et\/makseid\/","og_site_name":"Lynnhan - Trusted Supplier | LED\/OLED\/LCD\/E-paper digital signages","article_modified_time":"2024-12-18T10:25:48+00:00","og_image":[{"url":"https:\/\/pub-78925c7bf9ca4c6d820df8293a5c116c.r2.dev\/2024\/12\/payments-2.webp","type":"","width":"","height":""}],"twitter_card":"summary_large_image","twitter_misc":{"Est. reading time":"2 minutit"},"schema":{"@context":"https:\/\/schema.org","@graph":[{"@type":"WebPage","@id":"https:\/\/lynnhan.com\/payments\/","url":"https:\/\/lynnhan.com\/payments\/","name":"Maksud: Lynnhan \u00fcleskandva TV-tarbitaja","isPartOf":{"@id":"https:\/\/lynnhan.com\/km\/#website"},"primaryImageOfPage":{"@id":"https:\/\/lynnhan.com\/payments\/#primaryimage"},"image":{"@id":"https:\/\/lynnhan.com\/payments\/#primaryimage"},"thumbnailUrl":"https:\/\/pub-78925c7bf9ca4c6d820df8293a5c116c.r2.dev\/2024\/12\/payments-2.webp","datePublished":"2024-02-27T08:28:56+00:00","dateModified":"2024-12-18T10:25:48+00:00","description":"Avastu Linnahani \u00fclekandva TV tarnija Maksed muudavad teie veebis ostud lihtsaks ja raskuseta tegevuseks.","breadcrumb":{"@id":"https:\/\/lynnhan.com\/payments\/#breadcrumb"},"inLanguage":"et","potentialAction":[{"@type":"ReadAction","target":["https:\/\/lynnhan.com\/payments\/"]}]},{"@type":"ImageObject","inLanguage":"et","@id":"https:\/\/lynnhan.com\/payments\/#primaryimage","url":"https:\/\/pub-78925c7bf9ca4c6d820df8293a5c116c.r2.dev\/2024\/12\/payments-2.webp","contentUrl":"https:\/\/pub-78925c7bf9ca4c6d820df8293a5c116c.r2.dev\/2024\/12\/payments-2.webp"},{"@type":"BreadcrumbList","@id":"https:\/\/lynnhan.com\/payments\/#breadcrumb","itemListElement":[{"@type":"ListItem","position":1,"name":"Home","item":"https:\/\/lynnhan.com\/"},{"@type":"ListItem","position":2,"name":"Payments"}]},{"@type":"WebSite","@id":"https:\/\/lynnhan.com\/km\/#website","url":"https:\/\/lynnhan.com\/km\/","name":"Lynnhan - Usaldatud tarnijav | LED\/OLED\/LCD\/E-paper digitaalsed mermerdused","description":"Lynnhan - Usaldatud tarnija | LED\/OLED\/LCD\/E-paper digitaalsed n\u00e4itised","publisher":{"@id":"https:\/\/lynnhan.com\/km\/#organization"},"potentialAction":[{"@type":"SearchAction","target":{"@type":"EntryPoint","urlTemplate":"https:\/\/lynnhan.com\/km\/?s={search_term_string}"},"query-input":{"@type":"PropertyValueSpecification","valueRequired":true,"valueName":"search_term_string"}}],"inLanguage":"et"},{"@type":"Organization","@id":"https:\/\/lynnhan.com\/km\/#organization","name":"Lynnhan - Usaldatud tarnijav | LED\/OLED\/LCD\/E-paper digitaalsed mermerdused","url":"https:\/\/lynnhan.com\/km\/","logo":{"@type":"ImageObject","inLanguage":"et","@id":"https:\/\/lynnhan.com\/km\/#\/schema\/logo\/image\/","url":"https:\/\/pub-78925c7bf9ca4c6d820df8293a5c116c.r2.dev\/2024\/07\/LynnHan-logo3.png","contentUrl":"https:\/\/pub-78925c7bf9ca4c6d820df8293a5c116c.r2.dev\/2024\/07\/LynnHan-logo3.png","width":390,"height":130,"caption":"Lynnhan - Trusted Supplier | LED\/OLED\/LCD\/E-paper digital signages"},"image":{"@id":"https:\/\/lynnhan.com\/km\/#\/schema\/logo\/image\/"}}]}},"jetpack_sharing_enabled":true,"_links":{"self":[{"href":"https:\/\/lynnhan.com\/et\/wp-json\/wp\/v2\/pages\/535","targetHints":{"allow":["GET"]}}],"collection":[{"href":"https:\/\/lynnhan.com\/et\/wp-json\/wp\/v2\/pages"}],"about":[{"href":"https:\/\/lynnhan.com\/et\/wp-json\/wp\/v2\/types\/page"}],"author":[{"embeddable":true,"href":"https:\/\/lynnhan.com\/et\/wp-json\/wp\/v2\/users\/1"}],"replies":[{"embeddable":true,"href":"https:\/\/lynnhan.com\/et\/wp-json\/wp\/v2\/comments?post=535"}],"version-history":[{"count":0,"href":"https:\/\/lynnhan.com\/et\/wp-json\/wp\/v2\/pages\/535\/revisions"}],"wp:attachment":[{"href":"https:\/\/lynnhan.com\/et\/wp-json\/wp\/v2\/media?parent=535"}],"curies":[{"name":"wp","href":"https:\/\/api.w.org\/{rel}","templated":true}]}}