{"id":527,"date":"2024-02-27T08:12:47","date_gmt":"2024-02-27T08:12:47","guid":{"rendered":"https:\/\/lynnhan.com\/?page_id=527"},"modified":"2024-12-19T02:53:21","modified_gmt":"2024-12-19T02:53:21","slug":"kestvuslik-areng","status":"publish","type":"page","link":"https:\/\/lynnhan.com\/et\/kestvuslik-areng\/","title":{"rendered":"Kestvus"},"content":{"rendered":"<div data-elementor-type=\"wp-page\" data-elementor-id=\"527\" class=\"elementor elementor-527\" data-elementor-post-type=\"page\">\n\t\t\t\t<div class=\"elementor-element elementor-element-2320704 e-flex e-con-boxed e-con e-parent\" data-id=\"2320704\" data-element_type=\"container\">\n\t\t\t\t\t<div class=\"e-con-inner\">\n\t\t\t\t<div class=\"elementor-element elementor-element-629222c elementor-widget elementor-widget-image\" data-id=\"629222c\" data-element_type=\"widget\" data-widget_type=\"image.default\">\n\t\t\t\t<div class=\"elementor-widget-container\">\n\t\t\t\t\t\t\t\t\t\t\t\t\t\t\t<img fetchpriority=\"high\" decoding=\"async\" width=\"1024\" height=\"574\" src=\"https:\/\/pub-78925c7bf9ca4c6d820df8293a5c116c.r2.dev\/2024\/12\/All-in-one-LED-sustainability-1024x574.webp\" class=\"attachment-large size-large wp-image-3326\" alt=\"All in one LED sustainability\" srcset=\"https:\/\/pub-78925c7bf9ca4c6d820df8293a5c116c.r2.dev\/2024\/12\/All-in-one-LED-sustainability-1024x574.webp 1024w, https:\/\/pub-78925c7bf9ca4c6d820df8293a5c116c.r2.dev\/2024\/12\/All-in-one-LED-sustainability-700x392.webp 700w, https:\/\/pub-78925c7bf9ca4c6d820df8293a5c116c.r2.dev\/2024\/12\/All-in-one-LED-sustainability-768x430.webp 768w, https:\/\/pub-78925c7bf9ca4c6d820df8293a5c116c.r2.dev\/2024\/12\/All-in-one-LED-sustainability-1536x861.webp 1536w, https:\/\/pub-78925c7bf9ca4c6d820df8293a5c116c.r2.dev\/2024\/12\/All-in-one-LED-sustainability-18x10.webp 18w, https:\/\/pub-78925c7bf9ca4c6d820df8293a5c116c.r2.dev\/2024\/12\/All-in-one-LED-sustainability-1140x639.webp 1140w, https:\/\/pub-78925c7bf9ca4c6d820df8293a5c116c.r2.dev\/2024\/12\/All-in-one-LED-sustainability-920x516.webp 920w, https:\/\/pub-78925c7bf9ca4c6d820df8293a5c116c.r2.dev\/2024\/12\/All-in-one-LED-sustainability-575x322.webp 575w, https:\/\/pub-78925c7bf9ca4c6d820df8293a5c116c.r2.dev\/2024\/12\/All-in-one-LED-sustainability-380x213.webp 380w, https:\/\/pub-78925c7bf9ca4c6d820df8293a5c116c.r2.dev\/2024\/12\/All-in-one-LED-sustainability-1320x740.webp 1320w, https:\/\/pub-78925c7bf9ca4c6d820df8293a5c116c.r2.dev\/2024\/12\/All-in-one-LED-sustainability-800x448.webp 800w, https:\/\/pub-78925c7bf9ca4c6d820df8293a5c116c.r2.dev\/2024\/12\/All-in-one-LED-sustainability.webp 1920w\" sizes=\"(max-width: 1024px) 100vw, 1024px\" \/>\t\t\t\t\t\t\t\t\t\t\t\t\t\t\t<\/div>\n\t\t\t\t<\/div>\n\t\t\t\t\t<\/div>\n\t\t\t\t<\/div>\n\t\t<div class=\"elementor-element elementor-element-d4bc583 e-flex e-con-boxed e-con e-parent\" data-id=\"d4bc583\" data-element_type=\"container\">\n\t\t\t\t\t<div class=\"e-con-inner\">\n\t\t\t\t<div class=\"elementor-element elementor-element-1a85b96 elementor-widget elementor-widget-text-editor\" data-id=\"1a85b96\" data-element_type=\"widget\" data-widget_type=\"text-editor.default\">\n\t\t\t\t<div class=\"elementor-widget-container\">\n\t\t\t\t\t\t\t\t\t<h3>1. Sustainability at Lynnhan: Our Commitment to a Greener Future<\/h3><h5><strong>2. Sustainability kinnitamine k\u00f5igil aspektidel<\/strong><\/h5><p>3. Lynnhanis tunnebime t\u00e4nap\u00e4evase globaalse ekos\u00fcsteemi kestvuse kriitilist t\u00e4htsust. Meie keskkonna valvurite abistamine on s\u00fc\u00fcmendunud meie tegevuste, toodete ja ettev\u00f5tte eetosisse. Meie eesm\u00e4rk on arendada tehnoloogilisi lahendusi, mis ei ainult rahulda klientide vajadusi, vaid ka positiveid panuseid keskkonda.<\/p><h5><strong>4. Keskseadme tootmise ekoloogilisus<\/strong><\/h5><p>5. Lynnhani l\u00e4henemine tootmisele keskendub kestvusele. Eelistame uuesti kasutatavate materjalide, energias\u00e4\u00e4stlike komponentide ja keskkonnas\u00f5bralike tootusprotsesside kasutamist. Meie toodete on disainitud pikaajaliseks kasutamiseks, v\u00e4hendades vajadust pidevalele asendamisele ja minimeerides j\u00e4\u00e4tmete arvu.<\/p><h5><strong>6. Karbonijala j\u00e4\u00e4tmise v\u00e4hendamine<\/strong><\/h5><p>7. J\u00e4tkuvalt p\u00fc\u00fcdamaks v\u00e4hendada karbonijala j\u00e4\u00e4tmist, tegutlemate mitmesuguste initsiatiivide, sealhulgas tarnete h\u00f5lbustamisega, tootusasutuste energias\u00e4\u00e4stliku efektiivsuse t\u00f5stmisega ja uusienergiaallikate kasutamisega v\u00f5imaluse korral. Lynnhan on lubanud saavutada karbonineutraalsuse, seades ambitsioonikraadid greenhouse gaaside emissioonide v\u00e4hendamiseks.<\/p><h5><strong>8. Omandav tootmine<\/strong><\/h5><p>9. Meie tootusprotsessid on disainitud keskkonna m\u00f5ju minimeerimiseks. Me kasutame j\u00e4\u00e4tmete v\u00e4hendustehnikaid, veekitsingut ja struktuurilist vastutust keskkonna regulatsioonide eesm\u00e4rgil. Lynnhani tootmispartnerid on valitud nende kestvuse ja vastutliku keskkonnategevuse poolest.<\/p><h4><strong>10. Kestvuse toetava tehnoloogia toetamine<\/strong><\/h4><p>11. Lynnhan investeerib uuringutes ja arenduses looma innovatiivseid tooteid, mis toetavad kestvust. Energias\u00e4\u00e4stlike tarkade pannakarstialade ja kosketusekraadide, kuni keskkonnas\u00f5bralike kandevahendite poole, meie tehnoloogia suunab v\u00e4hendama energiakasutust ja tugevdama kestvust toimetavat eluviisi.<\/p><h4><strong>12. Kogukonna ja tehis\u00fchenduse osalemine<\/strong><\/h4><p>13. Me usume koost\u00f6\u00f6 j\u00f5uga kestvusm\u00f5istmist saavutamiseks. Lynnhan aktiivselt osaleb kogukondades, tehis\u00fchenduses ja keskkonnas\u00fctev\u00f5tetes kestvusm\u00f5istmist\u00f6\u00f6tluste toomiseks. \u00d5ppe, partnerlite ja kogukondliku programmide kaudu soovime teadaandete levi ja \u00fchise tegevuse soovitamist rohelise maailma eest.<\/p><p><strong>14. Tsirkulaarse turgu printsiidid<\/strong><\/p><p>15. Lynnhan omab tsirkulaarse turgu printsiipe, keskendudes ressursi efektiivsusele, j\u00e4\u00e4tmete v\u00e4hendamisele ja toodete elup\u00f5lvkonna l\u00f5ppedes toodete uuesti kasutamisele ja taastamisele. Me olemadme tarbija toodete tagasi v\u00f5tmisprogrammi pakujad, tagades, et need on uuesti kasutatud v\u00f5i vastutlikult k\u00e4sitletud, kaasa ainetades meie keskkonna m\u00f5ju v\u00e4hendamise eesm\u00e4rgile.<\/p><p><strong>16. Meie kestvuse lubadus<\/strong><\/p><p>17. Lynnhanis kestvus ei ole ainult t\u00e4nase vajaduse rahuldamine, vaid tulevaste p\u00f5lvkondade tervise ja voolavuse tagamine. Me ole<\/p><p>By choosing Lynnhan, you\u2019re partnering with a brand that places sustainability at the heart of its mission. Together, we can pave the way for a more sustainable future, leveraging technology to make a positive impact on the world.<\/p>\t\t\t\t\t\t\t\t<\/div>\n\t\t\t\t<\/div>\n\t\t\t\t\t<\/div>\n\t\t\t\t<\/div>\n\t\t\t\t<\/div>","protected":false},"excerpt":{"rendered":"<p>Sustainability at Lynnhan: Our Commitment to a Greener Future Embracing Sustainability in Every Aspect At Lynnhan, we recognize the critical importance of sustainability in today\u2019s global ecosystem. Our commitment to [\u2026]<\/p>","protected":false},"author":1,"featured_media":0,"parent":0,"menu_order":0,"comment_status":"closed","ping_status":"closed","template":"","meta":{"footnotes":""},"class_list":["post-527","page","type-page","status-publish","hentry"],"yoast_head":"<!-- This site is optimized with the Yoast SEO plugin v26.6 - https:\/\/yoast.com\/wordpress\/plugins\/seo\/ -->\n<title>Green Future: Explore LynnHan&#039;s Sustainability Efforts&quot;<\/title>\n<meta name=\"description\" content=\"Explore how LynnHan a leading smart tech manufacturer is making a difference with sustainable practices that benefit both the planet and future generations.\" \/>\n<meta name=\"robots\" content=\"index, follow, max-snippet:-1, max-image-preview:large, max-video-preview:-1\" \/>\n<link rel=\"canonical\" href=\"https:\/\/lynnhan.com\/et\/kestvuslik-areng\/\" \/>\n<meta property=\"og:locale\" content=\"et_EE\" \/>\n<meta property=\"og:type\" content=\"article\" \/>\n<meta property=\"og:title\" content=\"Green Future: Explore LynnHan&#039;s Sustainability Efforts&quot;\" \/>\n<meta property=\"og:description\" content=\"Explore how LynnHan a leading smart tech manufacturer is making a difference with sustainable practices that benefit both the planet and future generations.\" \/>\n<meta property=\"og:url\" content=\"https:\/\/lynnhan.com\/et\/kestvuslik-areng\/\" \/>\n<meta property=\"og:site_name\" content=\"Lynnhan - Trusted Supplier | LED\/OLED\/LCD\/E-paper digital signages\" \/>\n<meta property=\"article:modified_time\" content=\"2024-12-19T02:53:21+00:00\" \/>\n<meta property=\"og:image\" content=\"https:\/\/pub-78925c7bf9ca4c6d820df8293a5c116c.r2.dev\/2024\/12\/All-in-one-LED-sustainability-1024x574.webp\" \/>\n<meta name=\"twitter:card\" content=\"summary_large_image\" \/>\n<meta name=\"twitter:label1\" content=\"Est. reading time\" \/>\n\t<meta name=\"twitter:data1\" content=\"3 minutit\" \/>\n<script type=\"application\/ld+json\" class=\"yoast-schema-graph\">{\"@context\":\"https:\/\/schema.org\",\"@graph\":[{\"@type\":\"WebPage\",\"@id\":\"https:\/\/lynnhan.com\/sustainability\/\",\"url\":\"https:\/\/lynnhan.com\/sustainability\/\",\"name\":\"Green Future: Explore LynnHan's Sustainability Efforts\\\"\",\"isPartOf\":{\"@id\":\"https:\/\/lynnhan.com\/km\/#website\"},\"primaryImageOfPage\":{\"@id\":\"https:\/\/lynnhan.com\/sustainability\/#primaryimage\"},\"image\":{\"@id\":\"https:\/\/lynnhan.com\/sustainability\/#primaryimage\"},\"thumbnailUrl\":\"https:\/\/pub-78925c7bf9ca4c6d820df8293a5c116c.r2.dev\/2024\/12\/All-in-one-LED-sustainability-1024x574.webp\",\"datePublished\":\"2024-02-27T08:12:47+00:00\",\"dateModified\":\"2024-12-19T02:53:21+00:00\",\"description\":\"Explore how LynnHan a leading smart tech manufacturer is making a difference with sustainable practices that benefit both the planet and future generations.\",\"breadcrumb\":{\"@id\":\"https:\/\/lynnhan.com\/sustainability\/#breadcrumb\"},\"inLanguage\":\"et\",\"potentialAction\":[{\"@type\":\"ReadAction\",\"target\":[\"https:\/\/lynnhan.com\/sustainability\/\"]}]},{\"@type\":\"ImageObject\",\"inLanguage\":\"et\",\"@id\":\"https:\/\/lynnhan.com\/sustainability\/#primaryimage\",\"url\":\"https:\/\/pub-78925c7bf9ca4c6d820df8293a5c116c.r2.dev\/2024\/12\/All-in-one-LED-sustainability-1024x574.webp\",\"contentUrl\":\"https:\/\/pub-78925c7bf9ca4c6d820df8293a5c116c.r2.dev\/2024\/12\/All-in-one-LED-sustainability-1024x574.webp\"},{\"@type\":\"BreadcrumbList\",\"@id\":\"https:\/\/lynnhan.com\/sustainability\/#breadcrumb\",\"itemListElement\":[{\"@type\":\"ListItem\",\"position\":1,\"name\":\"Home\",\"item\":\"https:\/\/lynnhan.com\/\"},{\"@type\":\"ListItem\",\"position\":2,\"name\":\"Sustainability\"}]},{\"@type\":\"WebSite\",\"@id\":\"https:\/\/lynnhan.com\/km\/#website\",\"url\":\"https:\/\/lynnhan.com\/km\/\",\"name\":\"Lynnhan - Trusted Supplier | LED\/OLED\/LCD\/E-paper digital signages\",\"description\":\"Lynnhan - Trusted Supplier |  LED\/OLED\/LCD\/E-paper digital signages\",\"publisher\":{\"@id\":\"https:\/\/lynnhan.com\/km\/#organization\"},\"potentialAction\":[{\"@type\":\"SearchAction\",\"target\":{\"@type\":\"EntryPoint\",\"urlTemplate\":\"https:\/\/lynnhan.com\/km\/?s={search_term_string}\"},\"query-input\":{\"@type\":\"PropertyValueSpecification\",\"valueRequired\":true,\"valueName\":\"search_term_string\"}}],\"inLanguage\":\"et\"},{\"@type\":\"Organization\",\"@id\":\"https:\/\/lynnhan.com\/km\/#organization\",\"name\":\"Lynnhan - Trusted Supplier | LED\/OLED\/LCD\/E-paper digital signages\",\"url\":\"https:\/\/lynnhan.com\/km\/\",\"logo\":{\"@type\":\"ImageObject\",\"inLanguage\":\"et\",\"@id\":\"https:\/\/lynnhan.com\/km\/#\/schema\/logo\/image\/\",\"url\":\"https:\/\/pub-78925c7bf9ca4c6d820df8293a5c116c.r2.dev\/2024\/07\/LynnHan-logo3.png\",\"contentUrl\":\"https:\/\/pub-78925c7bf9ca4c6d820df8293a5c116c.r2.dev\/2024\/07\/LynnHan-logo3.png\",\"width\":390,\"height\":130,\"caption\":\"Lynnhan - Trusted Supplier | LED\/OLED\/LCD\/E-paper digital signages\"},\"image\":{\"@id\":\"https:\/\/lynnhan.com\/km\/#\/schema\/logo\/image\/\"}}]}<\/script>\n<!-- \/ Yoast SEO plugin. -->","yoast_head_json":{"title":"Green Future: Uurita LynnHan'i Ummistusliku T\u00f6\u00f6","description":"Uurkaeda LynnHan, juhtiv tehisintellekti tehnoloogia tootja, kuidas teeb muudatust, mis kasvatab s\u00fcstemaatiliselt maa ja tulemasi p\u00f5lvkondi heaolu.","robots":{"index":"index","follow":"follow","max-snippet":"max-snippet:-1","max-image-preview":"max-image-preview:large","max-video-preview":"max-video-preview:-1"},"canonical":"https:\/\/lynnhan.com\/et\/kestvuslik-areng\/","og_locale":"et_EE","og_type":"article","og_title":"Green Future: Explore LynnHan's Sustainability Efforts\"","og_description":"Explore how LynnHan a leading smart tech manufacturer is making a difference with sustainable practices that benefit both the planet and future generations.","og_url":"https:\/\/lynnhan.com\/et\/kestvuslik-areng\/","og_site_name":"Lynnhan - Trusted Supplier | LED\/OLED\/LCD\/E-paper digital signages","article_modified_time":"2024-12-19T02:53:21+00:00","og_image":[{"url":"https:\/\/pub-78925c7bf9ca4c6d820df8293a5c116c.r2.dev\/2024\/12\/All-in-one-LED-sustainability-1024x574.webp","type":"","width":"","height":""}],"twitter_card":"summary_large_image","twitter_misc":{"Est. reading time":"3 minutit"},"schema":{"@context":"https:\/\/schema.org","@graph":[{"@type":"WebPage","@id":"https:\/\/lynnhan.com\/sustainability\/","url":"https:\/\/lynnhan.com\/sustainability\/","name":"Green Future: Uurita LynnHan'i Ummistusliku T\u00f6\u00f6","isPartOf":{"@id":"https:\/\/lynnhan.com\/km\/#website"},"primaryImageOfPage":{"@id":"https:\/\/lynnhan.com\/sustainability\/#primaryimage"},"image":{"@id":"https:\/\/lynnhan.com\/sustainability\/#primaryimage"},"thumbnailUrl":"https:\/\/pub-78925c7bf9ca4c6d820df8293a5c116c.r2.dev\/2024\/12\/All-in-one-LED-sustainability-1024x574.webp","datePublished":"2024-02-27T08:12:47+00:00","dateModified":"2024-12-19T02:53:21+00:00","description":"Uurkaeda LynnHan, juhtiv tehisintellekti tehnoloogia tootja, kuidas teeb muudatust, mis kasvatab s\u00fcstemaatiliselt maa ja tulemasi p\u00f5lvkondi heaolu.","breadcrumb":{"@id":"https:\/\/lynnhan.com\/sustainability\/#breadcrumb"},"inLanguage":"et","potentialAction":[{"@type":"ReadAction","target":["https:\/\/lynnhan.com\/sustainability\/"]}]},{"@type":"ImageObject","inLanguage":"et","@id":"https:\/\/lynnhan.com\/sustainability\/#primaryimage","url":"https:\/\/pub-78925c7bf9ca4c6d820df8293a5c116c.r2.dev\/2024\/12\/All-in-one-LED-sustainability-1024x574.webp","contentUrl":"https:\/\/pub-78925c7bf9ca4c6d820df8293a5c116c.r2.dev\/2024\/12\/All-in-one-LED-sustainability-1024x574.webp"},{"@type":"BreadcrumbList","@id":"https:\/\/lynnhan.com\/sustainability\/#breadcrumb","itemListElement":[{"@type":"ListItem","position":1,"name":"Home","item":"https:\/\/lynnhan.com\/"},{"@type":"ListItem","position":2,"name":"Sustainability"}]},{"@type":"WebSite","@id":"https:\/\/lynnhan.com\/km\/#website","url":"https:\/\/lynnhan.com\/km\/","name":"Lynnhan - Usaldatud tarnijav | LED\/OLED\/LCD\/E-paper digitaalsed mermerdused","description":"Lynnhan - Usaldatud tarnija | LED\/OLED\/LCD\/E-paper digitaalsed n\u00e4itised","publisher":{"@id":"https:\/\/lynnhan.com\/km\/#organization"},"potentialAction":[{"@type":"SearchAction","target":{"@type":"EntryPoint","urlTemplate":"https:\/\/lynnhan.com\/km\/?s={search_term_string}"},"query-input":{"@type":"PropertyValueSpecification","valueRequired":true,"valueName":"search_term_string"}}],"inLanguage":"et"},{"@type":"Organization","@id":"https:\/\/lynnhan.com\/km\/#organization","name":"Lynnhan - Usaldatud tarnijav | LED\/OLED\/LCD\/E-paper digitaalsed mermerdused","url":"https:\/\/lynnhan.com\/km\/","logo":{"@type":"ImageObject","inLanguage":"et","@id":"https:\/\/lynnhan.com\/km\/#\/schema\/logo\/image\/","url":"https:\/\/pub-78925c7bf9ca4c6d820df8293a5c116c.r2.dev\/2024\/07\/LynnHan-logo3.png","contentUrl":"https:\/\/pub-78925c7bf9ca4c6d820df8293a5c116c.r2.dev\/2024\/07\/LynnHan-logo3.png","width":390,"height":130,"caption":"Lynnhan - Trusted Supplier | LED\/OLED\/LCD\/E-paper digital signages"},"image":{"@id":"https:\/\/lynnhan.com\/km\/#\/schema\/logo\/image\/"}}]}},"jetpack_sharing_enabled":true,"_links":{"self":[{"href":"https:\/\/lynnhan.com\/et\/wp-json\/wp\/v2\/pages\/527","targetHints":{"allow":["GET"]}}],"collection":[{"href":"https:\/\/lynnhan.com\/et\/wp-json\/wp\/v2\/pages"}],"about":[{"href":"https:\/\/lynnhan.com\/et\/wp-json\/wp\/v2\/types\/page"}],"author":[{"embeddable":true,"href":"https:\/\/lynnhan.com\/et\/wp-json\/wp\/v2\/users\/1"}],"replies":[{"embeddable":true,"href":"https:\/\/lynnhan.com\/et\/wp-json\/wp\/v2\/comments?post=527"}],"version-history":[{"count":0,"href":"https:\/\/lynnhan.com\/et\/wp-json\/wp\/v2\/pages\/527\/revisions"}],"wp:attachment":[{"href":"https:\/\/lynnhan.com\/et\/wp-json\/wp\/v2\/media?parent=527"}],"curies":[{"name":"wp","href":"https:\/\/api.w.org\/{rel}","templated":true}]}}