{"id":603,"date":"2024-02-28T03:02:21","date_gmt":"2024-02-28T03:02:21","guid":{"rendered":"https:\/\/lynnhan.com\/?page_id=603"},"modified":"2024-12-18T10:29:55","modified_gmt":"2024-12-18T10:29:55","slug":"terminos-de-servicio","status":"publish","type":"page","link":"https:\/\/lynnhan.com\/es\/terminos-de-servicio\/","title":{"rendered":"T\u00e9rminos de Servicio"},"content":{"rendered":"<div data-elementor-type=\"wp-page\" data-elementor-id=\"603\" class=\"elementor elementor-603\" data-elementor-post-type=\"page\">\n\t\t\t\t<div class=\"elementor-element elementor-element-15d4236 e-flex e-con-boxed e-con e-parent\" data-id=\"15d4236\" data-element_type=\"container\">\n\t\t\t\t\t<div class=\"e-con-inner\">\n\t\t\t\t<div class=\"elementor-element elementor-element-86e3659 elementor-widget elementor-widget-image\" data-id=\"86e3659\" data-element_type=\"widget\" data-widget_type=\"image.default\">\n\t\t\t\t<div class=\"elementor-widget-container\">\n\t\t\t\t\t\t\t\t\t\t\t\t\t\t\t<img fetchpriority=\"high\" decoding=\"async\" width=\"1456\" height=\"816\" src=\"https:\/\/pub-78925c7bf9ca4c6d820df8293a5c116c.r2.dev\/2024\/12\/Terms-Of-Service.webp\" class=\"attachment-full size-full wp-image-3307\" alt=\"T\u00e9rminos de Servicio de All in One LED\" srcset=\"https:\/\/pub-78925c7bf9ca4c6d820df8293a5c116c.r2.dev\/2024\/12\/Terms-Of-Service.webp 1456w, https:\/\/pub-78925c7bf9ca4c6d820df8293a5c116c.r2.dev\/2024\/12\/Terms-Of-Service-700x392.webp 700w, https:\/\/pub-78925c7bf9ca4c6d820df8293a5c116c.r2.dev\/2024\/12\/Terms-Of-Service-1024x574.webp 1024w, https:\/\/pub-78925c7bf9ca4c6d820df8293a5c116c.r2.dev\/2024\/12\/Terms-Of-Service-768x430.webp 768w, https:\/\/pub-78925c7bf9ca4c6d820df8293a5c116c.r2.dev\/2024\/12\/Terms-Of-Service-18x10.webp 18w, https:\/\/pub-78925c7bf9ca4c6d820df8293a5c116c.r2.dev\/2024\/12\/Terms-Of-Service-1140x639.webp 1140w, https:\/\/pub-78925c7bf9ca4c6d820df8293a5c116c.r2.dev\/2024\/12\/Terms-Of-Service-920x516.webp 920w, https:\/\/pub-78925c7bf9ca4c6d820df8293a5c116c.r2.dev\/2024\/12\/Terms-Of-Service-575x322.webp 575w, https:\/\/pub-78925c7bf9ca4c6d820df8293a5c116c.r2.dev\/2024\/12\/Terms-Of-Service-380x213.webp 380w, https:\/\/pub-78925c7bf9ca4c6d820df8293a5c116c.r2.dev\/2024\/12\/Terms-Of-Service-1320x740.webp 1320w, https:\/\/pub-78925c7bf9ca4c6d820df8293a5c116c.r2.dev\/2024\/12\/Terms-Of-Service-800x448.webp 800w\" sizes=\"(max-width: 1456px) 100vw, 1456px\" \/>\t\t\t\t\t\t\t\t\t\t\t\t\t\t\t<\/div>\n\t\t\t\t<\/div>\n\t\t\t\t\t<\/div>\n\t\t\t\t<\/div>\n\t\t<div class=\"elementor-element elementor-element-c870f31 e-flex e-con-boxed e-con e-parent\" data-id=\"c870f31\" data-element_type=\"container\">\n\t\t\t\t\t<div class=\"e-con-inner\">\n\t\t\t\t<div class=\"elementor-element elementor-element-1d30a00 elementor-widget elementor-widget-text-editor\" data-id=\"1d30a00\" data-element_type=\"widget\" data-widget_type=\"text-editor.default\">\n\t\t\t\t<div class=\"elementor-widget-container\">\n\t\t\t\t\t\t\t\t\t<h3>T\u00e9rminos de Servicio para Lynnhan<\/h3><p><strong>Bienvenido a Lynnhan<\/strong><\/p><p>Gracias por elegir Lynnhan para tus necesidades de tecnolog\u00eda inteligente. Al acceder y utilizar nuestro sitio web, productos y servicios, aceptas cumplir y estar sujeto a los siguientes t\u00e9rminos y condiciones de servicio. Estos t\u00e9rminos se aplican a todos los usuarios, visitantes y otros que acceden o utilizan el Servicio. Por favor, lee estos t\u00e9rminos con atenci\u00f3n antes de utilizar nuestros servicios.<\/p><p><strong>Uso de Nuestros Servicios<\/strong><\/p><ul><li><strong>Edad M\u00ednima<\/strong>: Debes tener al menos 18 a\u00f1os para utilizar nuestros servicios o tener el consentimiento legal parental o tutelar si eres menor en tu jurisdicci\u00f3n.<\/li><li><strong>Licencia para Usar<\/strong>: Lynnhan te otorga una licencia limitada, no exclusiva, no transferible para acceder y utilizar nuestros servicios para prop\u00f3sitos personales o internos de negocio, sujeta a estos T\u00e9rminos de Servicio.<\/li><li><strong>Registro de Cuenta<\/strong>: Algunos aspectos de nuestro servicio pueden requerir que crees una cuenta. Eres responsable de mantener la confidencialidad de tu informaci\u00f3n de cuenta y de todas las actividades que se realicen bajo tu cuenta.<\/li><\/ul><p><strong>Conducta Prohibida<\/strong><\/p><p>Aceptas no participar en las siguientes actividades prohibidas:<\/p><ul><li>Usar el servicio para cualquier prop\u00f3sito ilegal o en violaci\u00f3n de cualquier ley local, estatal, nacional o internacional.<\/li><li>Violar o intentar violar la seguridad de nuestros servicios.<\/li><li>Usar el servicio para distribuir malware o contenido malicioso.<\/li><li>Infringir los derechos de propiedad intelectual o derechos propietarios de Lynnhan o de cualquier tercero.<\/li><\/ul><p><strong>Propiedad Intelectual<\/strong><\/p><p>Todo el contenido proporcionado en nuestros servicios, incluyendo, pero no limitado a, texto, gr\u00e1ficos, logotipos, im\u00e1genes y software, es propiedad de Lynnhan o de sus proveedores de contenido y est\u00e1 protegido por leyes internacionales de copyright e propiedad intelectual.<\/p><p><strong>Contenido de Usuario<\/strong><\/p><p>Si publicas, subes o de otra manera haces disponible cualquier contenido en nuestros servicios, otorgas a Lynnhan una licencia no exclusiva, mundial, sin regal\u00edas para usar, reproducir, modificar y mostrar tal contenido en conexi\u00f3n con la prestaci\u00f3n del servicio.<\/p><p><strong>Terminaci\u00f3n<\/strong><\/p><p>Lynnhan se reserva el derecho de terminar o suspender tu acceso a nuestros servicios sin notificaci\u00f3n previa o responsabilidad, por cualquier motivo, incluyendo, sin limitaci\u00f3n, si violas los T\u00e9rminos de Servicio.<\/p><p><strong>Renuncia de Garant\u00edas<\/strong><\/p><p>Nuestros servicios se proporcionan en una base \u201ctal cual\u201d y \u201cseg\u00fan disponibilidad\u201d. Lynnhan no otorga garant\u00edas, expresas o impl\u00edcitas, y renuncia a todas las otras garant\u00edas, incluyendo, sin limitaci\u00f3n, garant\u00edas impl\u00edcitas o condiciones de comerciabilidad, idoneidad para un prop\u00f3sito particular o no violaci\u00f3n de derechos de propiedad intelectual.<\/p><p><strong>Limitaci\u00f3n de Responsabilidad<\/strong><\/p><p>En ning\u00fan caso Lynnhan o sus proveedores ser\u00e1n responsables de cualquier da\u00f1o indirecto, incidental, especial, consecutivo o punitivo derivado de o en conexi\u00f3n con tu uso de nuestros servicios.<\/p><p><strong>Cambios en los T\u00e9rminos de Servicio<\/strong><\/p><p>Lynnhan se reserva el derecho, a su discreci\u00f3n exclusiva, de modificar o reemplazar estos T\u00e9rminos de Servicio en cualquier momento. Proporcionaremos aviso de cualquier cambio significativo. Al continuar accediendo o utilizando nuestros servicios despu\u00e9s de que dichas revisiones entren en vigor, aceptas estar sujeto a los t\u00e9rminos revisados.<\/p><p><strong>Contactarnos<\/strong><\/p><p>Si tienes alguna pregunta sobre estos T\u00e9rminos de Servicio, por favor, contacta con nosotros en contact@xinxiangt.sg-host.com.<\/p><p><strong>Fecha de Entrada en Vigor: 28.02.2024<br \/><\/strong><\/p><p>Al acceder o usar nuestros servicios, reconoce que has le\u00eddo, entendido y aceptas estar sujeto a estos T\u00e9rminos de Servicio.<\/p>\t\t\t\t\t\t\t\t<\/div>\n\t\t\t\t<\/div>\n\t\t\t\t\t<\/div>\n\t\t\t\t<\/div>\n\t\t\t\t<\/div>","protected":false},"excerpt":{"rendered":"<p>Terms of Service for Lynnhan Welcome to Lynnhan Thank you for choosing Lynnhan for your smart technology needs. By accessing and using our website, products, and services, you agree to [\u2026]<\/p>","protected":false},"author":1,"featured_media":0,"parent":0,"menu_order":0,"comment_status":"closed","ping_status":"closed","template":"","meta":{"footnotes":""},"class_list":["post-603","page","type-page","status-publish","hentry"],"yoast_head":"<!-- This site is optimized with the Yoast SEO plugin v26.6 - https:\/\/yoast.com\/wordpress\/plugins\/seo\/ -->\n<title>LynnHan Terms of Service: Your Guide to Safe Shopping<\/title>\n<meta name=\"description\" content=\"Fairness and transparency are at the heart of LynnHan&#039;s Terms of Service. Discover how we&#039;re dedicated to your satisfaction.\" \/>\n<meta name=\"robots\" content=\"index, follow, max-snippet:-1, max-image-preview:large, max-video-preview:-1\" \/>\n<link rel=\"canonical\" href=\"https:\/\/lynnhan.com\/es\/terminos-de-servicio\/\" \/>\n<meta property=\"og:locale\" content=\"es_ES\" \/>\n<meta property=\"og:type\" content=\"article\" \/>\n<meta property=\"og:title\" content=\"LynnHan Terms of Service: Your Guide to Safe Shopping\" \/>\n<meta property=\"og:description\" content=\"Fairness and transparency are at the heart of LynnHan&#039;s Terms of Service. Discover how we&#039;re dedicated to your satisfaction.\" \/>\n<meta property=\"og:url\" content=\"https:\/\/lynnhan.com\/es\/terminos-de-servicio\/\" \/>\n<meta property=\"og:site_name\" content=\"Lynnhan - Trusted Supplier | LED\/OLED\/LCD\/E-paper digital signages\" \/>\n<meta property=\"article:modified_time\" content=\"2024-12-18T10:29:55+00:00\" \/>\n<meta property=\"og:image\" content=\"https:\/\/pub-78925c7bf9ca4c6d820df8293a5c116c.r2.dev\/2024\/12\/Terms-Of-Service.webp\" \/>\n<meta name=\"twitter:card\" content=\"summary_large_image\" \/>\n<meta name=\"twitter:label1\" content=\"Tiempo de lectura\" \/>\n\t<meta name=\"twitter:data1\" content=\"3 minutos\" \/>\n<script type=\"application\/ld+json\" class=\"yoast-schema-graph\">{\"@context\":\"https:\/\/schema.org\",\"@graph\":[{\"@type\":\"WebPage\",\"@id\":\"https:\/\/lynnhan.com\/bo\/terms-of-service\/\",\"url\":\"https:\/\/lynnhan.com\/bo\/terms-of-service\/\",\"name\":\"LynnHan Terms of Service: Your Guide to Safe Shopping\",\"isPartOf\":{\"@id\":\"https:\/\/lynnhan.com\/km\/#website\"},\"primaryImageOfPage\":{\"@id\":\"https:\/\/lynnhan.com\/bo\/terms-of-service\/#primaryimage\"},\"image\":{\"@id\":\"https:\/\/lynnhan.com\/bo\/terms-of-service\/#primaryimage\"},\"thumbnailUrl\":\"https:\/\/pub-78925c7bf9ca4c6d820df8293a5c116c.r2.dev\/2024\/12\/Terms-Of-Service.webp\",\"datePublished\":\"2024-02-28T03:02:21+00:00\",\"dateModified\":\"2024-12-18T10:29:55+00:00\",\"description\":\"Fairness and transparency are at the heart of LynnHan's Terms of Service. Discover how we're dedicated to your satisfaction.\",\"breadcrumb\":{\"@id\":\"https:\/\/lynnhan.com\/bo\/terms-of-service\/#breadcrumb\"},\"inLanguage\":\"es\",\"potentialAction\":[{\"@type\":\"ReadAction\",\"target\":[\"https:\/\/lynnhan.com\/bo\/terms-of-service\/\"]}]},{\"@type\":\"ImageObject\",\"inLanguage\":\"es\",\"@id\":\"https:\/\/lynnhan.com\/bo\/terms-of-service\/#primaryimage\",\"url\":\"https:\/\/pub-78925c7bf9ca4c6d820df8293a5c116c.r2.dev\/2024\/12\/Terms-Of-Service.webp\",\"contentUrl\":\"https:\/\/pub-78925c7bf9ca4c6d820df8293a5c116c.r2.dev\/2024\/12\/Terms-Of-Service.webp\"},{\"@type\":\"BreadcrumbList\",\"@id\":\"https:\/\/lynnhan.com\/bo\/terms-of-service\/#breadcrumb\",\"itemListElement\":[{\"@type\":\"ListItem\",\"position\":1,\"name\":\"Home\",\"item\":\"https:\/\/lynnhan.com\/\"},{\"@type\":\"ListItem\",\"position\":2,\"name\":\"Terms Of Service\"}]},{\"@type\":\"WebSite\",\"@id\":\"https:\/\/lynnhan.com\/km\/#website\",\"url\":\"https:\/\/lynnhan.com\/km\/\",\"name\":\"Lynnhan - Trusted Supplier | LED\/OLED\/LCD\/E-paper digital signages\",\"description\":\"Lynnhan - Trusted Supplier |  LED\/OLED\/LCD\/E-paper digital signages\",\"publisher\":{\"@id\":\"https:\/\/lynnhan.com\/km\/#organization\"},\"potentialAction\":[{\"@type\":\"SearchAction\",\"target\":{\"@type\":\"EntryPoint\",\"urlTemplate\":\"https:\/\/lynnhan.com\/km\/?s={search_term_string}\"},\"query-input\":{\"@type\":\"PropertyValueSpecification\",\"valueRequired\":true,\"valueName\":\"search_term_string\"}}],\"inLanguage\":\"es\"},{\"@type\":\"Organization\",\"@id\":\"https:\/\/lynnhan.com\/km\/#organization\",\"name\":\"Lynnhan - Trusted Supplier | LED\/OLED\/LCD\/E-paper digital signages\",\"url\":\"https:\/\/lynnhan.com\/km\/\",\"logo\":{\"@type\":\"ImageObject\",\"inLanguage\":\"es\",\"@id\":\"https:\/\/lynnhan.com\/km\/#\/schema\/logo\/image\/\",\"url\":\"https:\/\/pub-78925c7bf9ca4c6d820df8293a5c116c.r2.dev\/2024\/07\/LynnHan-logo3.png\",\"contentUrl\":\"https:\/\/pub-78925c7bf9ca4c6d820df8293a5c116c.r2.dev\/2024\/07\/LynnHan-logo3.png\",\"width\":390,\"height\":130,\"caption\":\"Lynnhan - Trusted Supplier | LED\/OLED\/LCD\/E-paper digital signages\"},\"image\":{\"@id\":\"https:\/\/lynnhan.com\/km\/#\/schema\/logo\/image\/\"}}]}<\/script>\n<!-- \/ Yoast SEO plugin. -->","yoast_head_json":{"title":"T\u00e9rminos de Servicio de LynnHan: Su Gu\u00eda para Compras Seguras","description":"La equidad y la transparencia est\u00e1n en el coraz\u00f3n de los T\u00e9rminos de Servicio de LynnHan. Descubre c\u00f3mo nos dedicamos a tu satisfacci\u00f3n.","robots":{"index":"index","follow":"follow","max-snippet":"max-snippet:-1","max-image-preview":"max-image-preview:large","max-video-preview":"max-video-preview:-1"},"canonical":"https:\/\/lynnhan.com\/es\/terminos-de-servicio\/","og_locale":"es_ES","og_type":"article","og_title":"LynnHan Terms of Service: Your Guide to Safe Shopping","og_description":"Fairness and transparency are at the heart of LynnHan's Terms of Service. Discover how we're dedicated to your satisfaction.","og_url":"https:\/\/lynnhan.com\/es\/terminos-de-servicio\/","og_site_name":"Lynnhan - Trusted Supplier | LED\/OLED\/LCD\/E-paper digital signages","article_modified_time":"2024-12-18T10:29:55+00:00","og_image":[{"url":"https:\/\/pub-78925c7bf9ca4c6d820df8293a5c116c.r2.dev\/2024\/12\/Terms-Of-Service.webp","type":"","width":"","height":""}],"twitter_card":"summary_large_image","twitter_misc":{"Tiempo de lectura":"3 minutos"},"schema":{"@context":"https:\/\/schema.org","@graph":[{"@type":"WebPage","@id":"https:\/\/lynnhan.com\/bo\/terms-of-service\/","url":"https:\/\/lynnhan.com\/bo\/terms-of-service\/","name":"T\u00e9rminos de Servicio de LynnHan: Su Gu\u00eda para Compras Seguras","isPartOf":{"@id":"https:\/\/lynnhan.com\/km\/#website"},"primaryImageOfPage":{"@id":"https:\/\/lynnhan.com\/bo\/terms-of-service\/#primaryimage"},"image":{"@id":"https:\/\/lynnhan.com\/bo\/terms-of-service\/#primaryimage"},"thumbnailUrl":"https:\/\/pub-78925c7bf9ca4c6d820df8293a5c116c.r2.dev\/2024\/12\/Terms-Of-Service.webp","datePublished":"2024-02-28T03:02:21+00:00","dateModified":"2024-12-18T10:29:55+00:00","description":"La equidad y la transparencia est\u00e1n en el coraz\u00f3n de los T\u00e9rminos de Servicio de LynnHan. Descubre c\u00f3mo nos dedicamos a tu satisfacci\u00f3n.","breadcrumb":{"@id":"https:\/\/lynnhan.com\/bo\/terms-of-service\/#breadcrumb"},"inLanguage":"es","potentialAction":[{"@type":"ReadAction","target":["https:\/\/lynnhan.com\/bo\/terms-of-service\/"]}]},{"@type":"ImageObject","inLanguage":"es","@id":"https:\/\/lynnhan.com\/bo\/terms-of-service\/#primaryimage","url":"https:\/\/pub-78925c7bf9ca4c6d820df8293a5c116c.r2.dev\/2024\/12\/Terms-Of-Service.webp","contentUrl":"https:\/\/pub-78925c7bf9ca4c6d820df8293a5c116c.r2.dev\/2024\/12\/Terms-Of-Service.webp"},{"@type":"BreadcrumbList","@id":"https:\/\/lynnhan.com\/bo\/terms-of-service\/#breadcrumb","itemListElement":[{"@type":"ListItem","position":1,"name":"Home","item":"https:\/\/lynnhan.com\/"},{"@type":"ListItem","position":2,"name":"Terms Of Service"}]},{"@type":"WebSite","@id":"https:\/\/lynnhan.com\/km\/#website","url":"https:\/\/lynnhan.com\/km\/","name":"Lynnhan - Proveedor de Confianza | Se\u00f1alizaci\u00f3n digital LED\/OLED\/LCD\/E-paper","description":"Lynnhan - Proveedor de Confianza |  Se\u00f1alizaci\u00f3n digital LED\/OLED\/LCD\/E-paper","publisher":{"@id":"https:\/\/lynnhan.com\/km\/#organization"},"potentialAction":[{"@type":"SearchAction","target":{"@type":"EntryPoint","urlTemplate":"https:\/\/lynnhan.com\/km\/?s={search_term_string}"},"query-input":{"@type":"PropertyValueSpecification","valueRequired":true,"valueName":"search_term_string"}}],"inLanguage":"es"},{"@type":"Organization","@id":"https:\/\/lynnhan.com\/km\/#organization","name":"Lynnhan - Proveedor de Confianza | Se\u00f1alizaci\u00f3n digital LED\/OLED\/LCD\/E-paper","url":"https:\/\/lynnhan.com\/km\/","logo":{"@type":"ImageObject","inLanguage":"es","@id":"https:\/\/lynnhan.com\/km\/#\/schema\/logo\/image\/","url":"https:\/\/pub-78925c7bf9ca4c6d820df8293a5c116c.r2.dev\/2024\/07\/LynnHan-logo3.png","contentUrl":"https:\/\/pub-78925c7bf9ca4c6d820df8293a5c116c.r2.dev\/2024\/07\/LynnHan-logo3.png","width":390,"height":130,"caption":"Lynnhan - Trusted Supplier | LED\/OLED\/LCD\/E-paper digital signages"},"image":{"@id":"https:\/\/lynnhan.com\/km\/#\/schema\/logo\/image\/"}}]}},"jetpack_sharing_enabled":true,"_links":{"self":[{"href":"https:\/\/lynnhan.com\/es\/wp-json\/wp\/v2\/pages\/603","targetHints":{"allow":["GET"]}}],"collection":[{"href":"https:\/\/lynnhan.com\/es\/wp-json\/wp\/v2\/pages"}],"about":[{"href":"https:\/\/lynnhan.com\/es\/wp-json\/wp\/v2\/types\/page"}],"author":[{"embeddable":true,"href":"https:\/\/lynnhan.com\/es\/wp-json\/wp\/v2\/users\/1"}],"replies":[{"embeddable":true,"href":"https:\/\/lynnhan.com\/es\/wp-json\/wp\/v2\/comments?post=603"}],"version-history":[{"count":0,"href":"https:\/\/lynnhan.com\/es\/wp-json\/wp\/v2\/pages\/603\/revisions"}],"wp:attachment":[{"href":"https:\/\/lynnhan.com\/es\/wp-json\/wp\/v2\/media?parent=603"}],"curies":[{"name":"wp","href":"https:\/\/api.w.org\/{rel}","templated":true}]}}