{"id":535,"date":"2024-02-27T08:28:56","date_gmt":"2024-02-27T08:28:56","guid":{"rendered":"https:\/\/lynnhan.com\/?page_id=535"},"modified":"2024-12-18T10:25:48","modified_gmt":"2024-12-18T10:25:48","slug":"pagos","status":"publish","type":"page","link":"https:\/\/lynnhan.com\/es\/pagos\/","title":{"rendered":"Pagos"},"content":{"rendered":"<div data-elementor-type=\"wp-page\" data-elementor-id=\"535\" class=\"elementor elementor-535\" data-elementor-post-type=\"page\">\n\t\t\t\t<div class=\"elementor-element elementor-element-142d8d4 e-flex e-con-boxed e-con e-parent\" data-id=\"142d8d4\" data-element_type=\"container\">\n\t\t\t\t\t<div class=\"e-con-inner\">\n\t\t\t\t<div class=\"elementor-element elementor-element-6619f7f elementor-widget elementor-widget-image\" data-id=\"6619f7f\" data-element_type=\"widget\" data-widget_type=\"image.default\">\n\t\t\t\t<div class=\"elementor-widget-container\">\n\t\t\t\t\t\t\t\t\t\t\t\t\t\t\t<img fetchpriority=\"high\" decoding=\"async\" width=\"1920\" height=\"1076\" src=\"https:\/\/pub-78925c7bf9ca4c6d820df8293a5c116c.r2.dev\/2024\/12\/payments-2.webp\" class=\"attachment-full size-full wp-image-3303\" alt=\"Pagos de Fabricantes de LED en Uno\" srcset=\"https:\/\/pub-78925c7bf9ca4c6d820df8293a5c116c.r2.dev\/2024\/12\/payments-2.webp 1920w, https:\/\/pub-78925c7bf9ca4c6d820df8293a5c116c.r2.dev\/2024\/12\/payments-2-700x392.webp 700w, https:\/\/pub-78925c7bf9ca4c6d820df8293a5c116c.r2.dev\/2024\/12\/payments-2-1024x574.webp 1024w, https:\/\/pub-78925c7bf9ca4c6d820df8293a5c116c.r2.dev\/2024\/12\/payments-2-768x430.webp 768w, https:\/\/pub-78925c7bf9ca4c6d820df8293a5c116c.r2.dev\/2024\/12\/payments-2-1536x861.webp 1536w, https:\/\/pub-78925c7bf9ca4c6d820df8293a5c116c.r2.dev\/2024\/12\/payments-2-18x10.webp 18w, https:\/\/pub-78925c7bf9ca4c6d820df8293a5c116c.r2.dev\/2024\/12\/payments-2-1140x639.webp 1140w, https:\/\/pub-78925c7bf9ca4c6d820df8293a5c116c.r2.dev\/2024\/12\/payments-2-920x516.webp 920w, https:\/\/pub-78925c7bf9ca4c6d820df8293a5c116c.r2.dev\/2024\/12\/payments-2-575x322.webp 575w, https:\/\/pub-78925c7bf9ca4c6d820df8293a5c116c.r2.dev\/2024\/12\/payments-2-380x213.webp 380w, https:\/\/pub-78925c7bf9ca4c6d820df8293a5c116c.r2.dev\/2024\/12\/payments-2-1320x740.webp 1320w, https:\/\/pub-78925c7bf9ca4c6d820df8293a5c116c.r2.dev\/2024\/12\/payments-2-800x448.webp 800w\" sizes=\"(max-width: 1920px) 100vw, 1920px\" \/>\t\t\t\t\t\t\t\t\t\t\t\t\t\t\t<\/div>\n\t\t\t\t<\/div>\n\t\t\t\t\t<\/div>\n\t\t\t\t<\/div>\n\t\t<div class=\"elementor-element elementor-element-d66f236 e-flex e-con-boxed e-con e-parent\" data-id=\"d66f236\" data-element_type=\"container\">\n\t\t\t\t\t<div class=\"e-con-inner\">\n\t\t\t\t<div class=\"elementor-element elementor-element-c3f9628 elementor-widget elementor-widget-text-editor\" data-id=\"c3f9628\" data-element_type=\"widget\" data-widget_type=\"text-editor.default\">\n\t\t\t\t<div class=\"elementor-widget-container\">\n\t\t\t\t\t\t\t\t\t<h3>Soluciones de Pago en Lynnhan: Transacciones Simplificadas y Seguras<\/h3><p><strong>Opciones de Pago Flexibles para sus Necesidades de Negocio<\/strong><\/p><p>En Lynnhan, comprendemos la importancia de soluciones de pago flexibles y seguras para las empresas. Nuestro objetivo es hacer que su proceso de compra sea lo m\u00e1s fluido y sin problemas posible. Es por eso que ofrecemos una variedad de opciones de pago adaptadas para satisfacer las diversas necesidades de nuestros clientes B2B.<\/p><p><strong>Pagos en L\u00ednea Seguros<\/strong><\/p><p>Para la conveniencia y eficiencia, Lynnhan admite pagos en l\u00ednea seguros. Nuestra plataforma acepta tarjetas de cr\u00e9dito principales, incluyendo Visa, MasterCard y American Express, as\u00ed como PayPal para transacciones r\u00e1pidas y f\u00e1ciles. Nuestra pasarela de pago segura garantiza que su informaci\u00f3n financiera est\u00e9 siempre protegida, utilizando avanzada encriptaci\u00f3n y protocolos de seguridad.<\/p><p><strong>Transferencias Bancarias (T\/T y Western Union)<br \/><\/strong><\/p><p>Para pedidos m\u00e1s grandes o soluciones personalizadas, nos ajustamos a transferencias bancarias directas. Esta opci\u00f3n permite una mayor flexibilidad en la gesti\u00f3n de sus finanzas y es ideal para empresas que prefieren m\u00e9todos de pago tradicionales. Nuestro equipo de servicio al cliente le proporcionar\u00e1 todos los detalles necesarios para facilitar una transferencia bancaria fluida.<\/p><p><strong>Planes de Pago Personalizados<\/strong><\/p><p>Entendiendo que cada negocio tiene necesidades \u00fanicas, Lynnhan est\u00e1 abierto a discutir planes de pago personalizados. Ya sea un horario de pago escalonado o una soluci\u00f3n de financiamiento personalizada, nuestro equipo se compromete a trabajar con usted para encontrar una estructura de pago que se ajuste a sus requisitos de negocio.<\/p><p><strong>Proceso de Transacci\u00f3n Seguro<\/strong><\/p><p>La seguridad es nuestra prioridad n\u00famero uno cuando se trata de pagos. Lynnhan utiliza medidas de seguridad de vanguardia para proteger sus transacciones y su informaci\u00f3n personal. Nuestra conformidad con los est\u00e1ndares PCI DSS garantiza que su pago se procese en el entorno m\u00e1s seguro.<\/p><p><strong>Soporte Dedidado<\/strong><\/p><p>Nuestro equipo de soporte al cliente dedicado est\u00e1 aqu\u00ed para asistirle con cualquier consulta o problema relacionado con el pago. Ya sea que necesite ayuda para elegir la opci\u00f3n de pago adecuada, entender su factura o discutir planes de pago, estamos aqu\u00ed para garantizar una experiencia de transacci\u00f3n sin problemas.<\/p><p><strong>C\u00f3mo Hacer un Pago<\/strong><\/p><p>Hacer un pago con Lynnhan es simple. Una vez que haya realizado su pedido, recibir\u00e1 una factura con instrucciones detalladas de pago. Elija su m\u00e9todo de pago preferido y siga los pasos proporcionados para completar su transacci\u00f3n. Nuestro equipo de soporte al cliente siempre estar\u00e1 disponible para guiarle a trav\u00e9s del proceso, en caso de necesitar asistencia.<\/p><p>En Lynnhan, estamos comprometidos a proporcionar a nuestros clientes B2B soluciones de pago seguras, flexibles y convenientes. Nuestra gama de opciones de pago est\u00e1 dise\u00f1ada para satisfacer las necesidades espec\u00edficas de su negocio, asegurando una experiencia de compra fluida y eficiente.<\/p>\t\t\t\t\t\t\t\t<\/div>\n\t\t\t\t<\/div>\n\t\t\t\t\t<\/div>\n\t\t\t\t<\/div>\n\t\t\t\t<\/div>","protected":false},"excerpt":{"rendered":"<p>Payment Solutions at Lynnhan: Streamlined and Secure Transactions Flexible Payment Options for Your Business Needs At Lynnhan, we understand the importance of flexible and secure payment solutions for businesses. Our [\u2026]<\/p>","protected":false},"author":1,"featured_media":0,"parent":0,"menu_order":0,"comment_status":"closed","ping_status":"closed","template":"","meta":{"footnotes":""},"class_list":["post-535","page","type-page","status-publish","hentry"],"yoast_head":"<!-- This site is optimized with the Yoast SEO plugin v26.6 - https:\/\/yoast.com\/wordpress\/plugins\/seo\/ -->\n<title>Payments: Lynnhan portable TV supplier<\/title>\n<meta name=\"description\" content=\"Discover how Lynnhan portable TV supplier Payments transforms your online purchases into smooth, effortless experiences.\" \/>\n<meta name=\"robots\" content=\"index, follow, max-snippet:-1, max-image-preview:large, max-video-preview:-1\" \/>\n<link rel=\"canonical\" href=\"https:\/\/lynnhan.com\/es\/pagos\/\" \/>\n<meta property=\"og:locale\" content=\"es_ES\" \/>\n<meta property=\"og:type\" content=\"article\" \/>\n<meta property=\"og:title\" content=\"Payments: Lynnhan portable TV supplier\" \/>\n<meta property=\"og:description\" content=\"Discover how Lynnhan portable TV supplier Payments transforms your online purchases into smooth, effortless experiences.\" \/>\n<meta property=\"og:url\" content=\"https:\/\/lynnhan.com\/es\/pagos\/\" \/>\n<meta property=\"og:site_name\" content=\"Lynnhan - Trusted Supplier | LED\/OLED\/LCD\/E-paper digital signages\" \/>\n<meta property=\"article:modified_time\" content=\"2024-12-18T10:25:48+00:00\" \/>\n<meta property=\"og:image\" content=\"https:\/\/pub-78925c7bf9ca4c6d820df8293a5c116c.r2.dev\/2024\/12\/payments-2.webp\" \/>\n<meta name=\"twitter:card\" content=\"summary_large_image\" \/>\n<meta name=\"twitter:label1\" content=\"Tiempo de lectura\" \/>\n\t<meta name=\"twitter:data1\" content=\"2 minutos\" \/>\n<script type=\"application\/ld+json\" class=\"yoast-schema-graph\">{\"@context\":\"https:\/\/schema.org\",\"@graph\":[{\"@type\":\"WebPage\",\"@id\":\"https:\/\/lynnhan.com\/payments\/\",\"url\":\"https:\/\/lynnhan.com\/payments\/\",\"name\":\"Payments: Lynnhan portable TV supplier\",\"isPartOf\":{\"@id\":\"https:\/\/lynnhan.com\/km\/#website\"},\"primaryImageOfPage\":{\"@id\":\"https:\/\/lynnhan.com\/payments\/#primaryimage\"},\"image\":{\"@id\":\"https:\/\/lynnhan.com\/payments\/#primaryimage\"},\"thumbnailUrl\":\"https:\/\/pub-78925c7bf9ca4c6d820df8293a5c116c.r2.dev\/2024\/12\/payments-2.webp\",\"datePublished\":\"2024-02-27T08:28:56+00:00\",\"dateModified\":\"2024-12-18T10:25:48+00:00\",\"description\":\"Discover how Lynnhan portable TV supplier Payments transforms your online purchases into smooth, effortless experiences.\",\"breadcrumb\":{\"@id\":\"https:\/\/lynnhan.com\/payments\/#breadcrumb\"},\"inLanguage\":\"es\",\"potentialAction\":[{\"@type\":\"ReadAction\",\"target\":[\"https:\/\/lynnhan.com\/payments\/\"]}]},{\"@type\":\"ImageObject\",\"inLanguage\":\"es\",\"@id\":\"https:\/\/lynnhan.com\/payments\/#primaryimage\",\"url\":\"https:\/\/pub-78925c7bf9ca4c6d820df8293a5c116c.r2.dev\/2024\/12\/payments-2.webp\",\"contentUrl\":\"https:\/\/pub-78925c7bf9ca4c6d820df8293a5c116c.r2.dev\/2024\/12\/payments-2.webp\"},{\"@type\":\"BreadcrumbList\",\"@id\":\"https:\/\/lynnhan.com\/payments\/#breadcrumb\",\"itemListElement\":[{\"@type\":\"ListItem\",\"position\":1,\"name\":\"Home\",\"item\":\"https:\/\/lynnhan.com\/\"},{\"@type\":\"ListItem\",\"position\":2,\"name\":\"Payments\"}]},{\"@type\":\"WebSite\",\"@id\":\"https:\/\/lynnhan.com\/km\/#website\",\"url\":\"https:\/\/lynnhan.com\/km\/\",\"name\":\"Lynnhan - Trusted Supplier | LED\/OLED\/LCD\/E-paper digital signages\",\"description\":\"Lynnhan - Trusted Supplier |  LED\/OLED\/LCD\/E-paper digital signages\",\"publisher\":{\"@id\":\"https:\/\/lynnhan.com\/km\/#organization\"},\"potentialAction\":[{\"@type\":\"SearchAction\",\"target\":{\"@type\":\"EntryPoint\",\"urlTemplate\":\"https:\/\/lynnhan.com\/km\/?s={search_term_string}\"},\"query-input\":{\"@type\":\"PropertyValueSpecification\",\"valueRequired\":true,\"valueName\":\"search_term_string\"}}],\"inLanguage\":\"es\"},{\"@type\":\"Organization\",\"@id\":\"https:\/\/lynnhan.com\/km\/#organization\",\"name\":\"Lynnhan - Trusted Supplier | LED\/OLED\/LCD\/E-paper digital signages\",\"url\":\"https:\/\/lynnhan.com\/km\/\",\"logo\":{\"@type\":\"ImageObject\",\"inLanguage\":\"es\",\"@id\":\"https:\/\/lynnhan.com\/km\/#\/schema\/logo\/image\/\",\"url\":\"https:\/\/pub-78925c7bf9ca4c6d820df8293a5c116c.r2.dev\/2024\/07\/LynnHan-logo3.png\",\"contentUrl\":\"https:\/\/pub-78925c7bf9ca4c6d820df8293a5c116c.r2.dev\/2024\/07\/LynnHan-logo3.png\",\"width\":390,\"height\":130,\"caption\":\"Lynnhan - Trusted Supplier | LED\/OLED\/LCD\/E-paper digital signages\"},\"image\":{\"@id\":\"https:\/\/lynnhan.com\/km\/#\/schema\/logo\/image\/\"}}]}<\/script>\n<!-- \/ Yoast SEO plugin. -->","yoast_head_json":{"title":"Pagos: Lynnhan proveedor de TV port\u00e1til","description":"Descubre c\u00f3mo el proveedor de TVs port\u00e1tiles Lynnhan Payments transforma tus compras en l\u00ednea en experiencias suaves e indoloras.","robots":{"index":"index","follow":"follow","max-snippet":"max-snippet:-1","max-image-preview":"max-image-preview:large","max-video-preview":"max-video-preview:-1"},"canonical":"https:\/\/lynnhan.com\/es\/pagos\/","og_locale":"es_ES","og_type":"article","og_title":"Payments: Lynnhan portable TV supplier","og_description":"Discover how Lynnhan portable TV supplier Payments transforms your online purchases into smooth, effortless experiences.","og_url":"https:\/\/lynnhan.com\/es\/pagos\/","og_site_name":"Lynnhan - Trusted Supplier | LED\/OLED\/LCD\/E-paper digital signages","article_modified_time":"2024-12-18T10:25:48+00:00","og_image":[{"url":"https:\/\/pub-78925c7bf9ca4c6d820df8293a5c116c.r2.dev\/2024\/12\/payments-2.webp","type":"","width":"","height":""}],"twitter_card":"summary_large_image","twitter_misc":{"Tiempo de lectura":"2 minutos"},"schema":{"@context":"https:\/\/schema.org","@graph":[{"@type":"WebPage","@id":"https:\/\/lynnhan.com\/payments\/","url":"https:\/\/lynnhan.com\/payments\/","name":"Pagos: Lynnhan proveedor de TV port\u00e1til","isPartOf":{"@id":"https:\/\/lynnhan.com\/km\/#website"},"primaryImageOfPage":{"@id":"https:\/\/lynnhan.com\/payments\/#primaryimage"},"image":{"@id":"https:\/\/lynnhan.com\/payments\/#primaryimage"},"thumbnailUrl":"https:\/\/pub-78925c7bf9ca4c6d820df8293a5c116c.r2.dev\/2024\/12\/payments-2.webp","datePublished":"2024-02-27T08:28:56+00:00","dateModified":"2024-12-18T10:25:48+00:00","description":"Descubre c\u00f3mo el proveedor de TVs port\u00e1tiles Lynnhan Payments transforma tus compras en l\u00ednea en experiencias suaves e indoloras.","breadcrumb":{"@id":"https:\/\/lynnhan.com\/payments\/#breadcrumb"},"inLanguage":"es","potentialAction":[{"@type":"ReadAction","target":["https:\/\/lynnhan.com\/payments\/"]}]},{"@type":"ImageObject","inLanguage":"es","@id":"https:\/\/lynnhan.com\/payments\/#primaryimage","url":"https:\/\/pub-78925c7bf9ca4c6d820df8293a5c116c.r2.dev\/2024\/12\/payments-2.webp","contentUrl":"https:\/\/pub-78925c7bf9ca4c6d820df8293a5c116c.r2.dev\/2024\/12\/payments-2.webp"},{"@type":"BreadcrumbList","@id":"https:\/\/lynnhan.com\/payments\/#breadcrumb","itemListElement":[{"@type":"ListItem","position":1,"name":"Home","item":"https:\/\/lynnhan.com\/"},{"@type":"ListItem","position":2,"name":"Payments"}]},{"@type":"WebSite","@id":"https:\/\/lynnhan.com\/km\/#website","url":"https:\/\/lynnhan.com\/km\/","name":"Lynnhan - Proveedor de Confianza | Se\u00f1alizaci\u00f3n digital LED\/OLED\/LCD\/E-paper","description":"Lynnhan - Proveedor de Confianza |  Se\u00f1alizaci\u00f3n digital LED\/OLED\/LCD\/E-paper","publisher":{"@id":"https:\/\/lynnhan.com\/km\/#organization"},"potentialAction":[{"@type":"SearchAction","target":{"@type":"EntryPoint","urlTemplate":"https:\/\/lynnhan.com\/km\/?s={search_term_string}"},"query-input":{"@type":"PropertyValueSpecification","valueRequired":true,"valueName":"search_term_string"}}],"inLanguage":"es"},{"@type":"Organization","@id":"https:\/\/lynnhan.com\/km\/#organization","name":"Lynnhan - Proveedor de Confianza | Se\u00f1alizaci\u00f3n digital LED\/OLED\/LCD\/E-paper","url":"https:\/\/lynnhan.com\/km\/","logo":{"@type":"ImageObject","inLanguage":"es","@id":"https:\/\/lynnhan.com\/km\/#\/schema\/logo\/image\/","url":"https:\/\/pub-78925c7bf9ca4c6d820df8293a5c116c.r2.dev\/2024\/07\/LynnHan-logo3.png","contentUrl":"https:\/\/pub-78925c7bf9ca4c6d820df8293a5c116c.r2.dev\/2024\/07\/LynnHan-logo3.png","width":390,"height":130,"caption":"Lynnhan - Trusted Supplier | LED\/OLED\/LCD\/E-paper digital signages"},"image":{"@id":"https:\/\/lynnhan.com\/km\/#\/schema\/logo\/image\/"}}]}},"jetpack_sharing_enabled":true,"_links":{"self":[{"href":"https:\/\/lynnhan.com\/es\/wp-json\/wp\/v2\/pages\/535","targetHints":{"allow":["GET"]}}],"collection":[{"href":"https:\/\/lynnhan.com\/es\/wp-json\/wp\/v2\/pages"}],"about":[{"href":"https:\/\/lynnhan.com\/es\/wp-json\/wp\/v2\/types\/page"}],"author":[{"embeddable":true,"href":"https:\/\/lynnhan.com\/es\/wp-json\/wp\/v2\/users\/1"}],"replies":[{"embeddable":true,"href":"https:\/\/lynnhan.com\/es\/wp-json\/wp\/v2\/comments?post=535"}],"version-history":[{"count":0,"href":"https:\/\/lynnhan.com\/es\/wp-json\/wp\/v2\/pages\/535\/revisions"}],"wp:attachment":[{"href":"https:\/\/lynnhan.com\/es\/wp-json\/wp\/v2\/media?parent=535"}],"curies":[{"name":"wp","href":"https:\/\/api.w.org\/{rel}","templated":true}]}}