{"id":483,"date":"2024-02-26T13:29:25","date_gmt":"2024-02-26T13:29:25","guid":{"rendered":"https:\/\/lynnhan.com\/?page_id=483"},"modified":"2024-12-18T14:05:52","modified_gmt":"2024-12-18T14:05:52","slug":"informacion-de-contacto","status":"publish","type":"page","link":"https:\/\/lynnhan.com\/es\/informacion-de-contacto\/","title":{"rendered":"Informaci\u00f3n de Contacto"},"content":{"rendered":"<div data-elementor-type=\"wp-page\" data-elementor-id=\"483\" class=\"elementor elementor-483\" data-elementor-post-type=\"page\">\n\t\t\t\t<div class=\"elementor-element elementor-element-c951381 e-flex e-con-boxed e-con e-parent\" data-id=\"c951381\" data-element_type=\"container\">\n\t\t\t\t\t<div class=\"e-con-inner\">\n\t\t\t\t<div class=\"elementor-element elementor-element-ed8b053 elementor-widget elementor-widget-image\" data-id=\"ed8b053\" data-element_type=\"widget\" data-widget_type=\"image.default\">\n\t\t\t\t<div class=\"elementor-widget-container\">\n\t\t\t\t\t\t\t\t\t\t\t\t\t\t\t<img fetchpriority=\"high\" decoding=\"async\" width=\"1456\" height=\"816\" src=\"https:\/\/pub-78925c7bf9ca4c6d820df8293a5c116c.r2.dev\/2024\/12\/contact-us-info.webp\" class=\"attachment-full size-full wp-image-3319\" alt=\"Proveedor de LED todo en uno Lynnhan M\u00e9todos de contacto\" srcset=\"https:\/\/pub-78925c7bf9ca4c6d820df8293a5c116c.r2.dev\/2024\/12\/contact-us-info.webp 1456w, https:\/\/pub-78925c7bf9ca4c6d820df8293a5c116c.r2.dev\/2024\/12\/contact-us-info-700x392.webp 700w, https:\/\/pub-78925c7bf9ca4c6d820df8293a5c116c.r2.dev\/2024\/12\/contact-us-info-1024x574.webp 1024w, https:\/\/pub-78925c7bf9ca4c6d820df8293a5c116c.r2.dev\/2024\/12\/contact-us-info-768x430.webp 768w, https:\/\/pub-78925c7bf9ca4c6d820df8293a5c116c.r2.dev\/2024\/12\/contact-us-info-18x10.webp 18w, https:\/\/pub-78925c7bf9ca4c6d820df8293a5c116c.r2.dev\/2024\/12\/contact-us-info-1140x639.webp 1140w, https:\/\/pub-78925c7bf9ca4c6d820df8293a5c116c.r2.dev\/2024\/12\/contact-us-info-920x516.webp 920w, https:\/\/pub-78925c7bf9ca4c6d820df8293a5c116c.r2.dev\/2024\/12\/contact-us-info-575x322.webp 575w, https:\/\/pub-78925c7bf9ca4c6d820df8293a5c116c.r2.dev\/2024\/12\/contact-us-info-380x213.webp 380w, https:\/\/pub-78925c7bf9ca4c6d820df8293a5c116c.r2.dev\/2024\/12\/contact-us-info-1320x740.webp 1320w, https:\/\/pub-78925c7bf9ca4c6d820df8293a5c116c.r2.dev\/2024\/12\/contact-us-info-800x448.webp 800w\" sizes=\"(max-width: 1456px) 100vw, 1456px\" \/>\t\t\t\t\t\t\t\t\t\t\t\t\t\t\t<\/div>\n\t\t\t\t<\/div>\n\t\t\t\t\t<\/div>\n\t\t\t\t<\/div>\n\t\t<div class=\"elementor-element elementor-element-6a132c7 e-flex e-con-boxed e-con e-parent\" data-id=\"6a132c7\" data-element_type=\"container\">\n\t\t\t\t\t<div class=\"e-con-inner\">\n\t\t\t\t<div class=\"elementor-element elementor-element-5f66cb3 elementor-widget elementor-widget-text-editor\" data-id=\"5f66cb3\" data-element_type=\"widget\" data-widget_type=\"text-editor.default\">\n\t\t\t\t<div class=\"elementor-widget-container\">\n\t\t\t\t\t\t\t\t\t<p><strong>Con\u00e9ctate con Lynnhan: Tu Socio en Soluciones de Tecnolog\u00eda Inteligente<\/strong><\/p><p>En Lynnhan, estamos dedicados a proporcionar a nuestros clientes soluciones innovadoras de tecnolog\u00eda inteligente adaptadas a sus necesidades de negocio \u00fanicas. Ya sea que busques mejorar tus operaciones con nuestra gama de tableros inteligentes, TVs port\u00e1tiles, pantallas t\u00e1ctiles, tablets, laptops, mini PCs o dispositivos port\u00e1tiles, nuestro equipo est\u00e1 aqu\u00ed para ayudarte a encontrar las soluciones adecuadas. Cont\u00e1ctanos hoy mismo para obtener m\u00e1s informaci\u00f3n sobre nuestros productos, programar una demostraci\u00f3n o discutir soluciones personalizadas.<\/p><p><strong>Contacta con nosotros<\/strong><br \/>Valoramos tus consultas y comentarios. Aqu\u00ed tienes varias formas de contactarnos:<\/p><ul><li><p><strong>Consultas de Venta<\/strong>: \u00bfInteresado en comprar productos de Lynnhan o necesitas asesoramiento sobre las mejores soluciones para tu negocio? Nuestro equipo de ventas est\u00e1 listo para ayudarte.<\/p><ul><li>Email: <a target=\"_new\">sales@xinxiangt.sg-host.com<\/a><\/li><li>Tel\u00e9fono\/whatsapp: +86 189 2843 1537<\/li><\/ul><\/li><li><p><strong>Soporte T\u00e9cnico<\/strong>: \u00bfNecesitas ayuda con un producto de Lynnhan? Nuestro equipo de soporte t\u00e9cnico est\u00e1 aqu\u00ed para ayudarte con cualquier problema o pregunta.<\/p><ul><li>Visita nuestra <a href=\"https:\/\/chat.openai.com\/c\/3bcef6d8-79e0-448b-b325-64390622e650#\" target=\"_new\">P\u00e1gina de Soporte T\u00e9cnico<\/a> para recursos o p\u00f3ngase en contacto directamente con nosotros.<\/li><li>Email: <a target=\"_new\">support@xinxiangt.sg-host.com<\/a><\/li><\/ul><\/li><li><p><strong>Consultas Generales<\/strong>: Para todas las dem\u00e1s preguntas o comentarios, por favor utiliza los siguientes contactos.<\/p><ul><li>Email: contact<a target=\"_new\">@xinxiangt.sg-host.com<\/a><\/li><\/ul><\/li><\/ul><p><strong>Horarios de Oficina<\/strong><br \/>Nuestro equipo est\u00e1 disponible para ayudarte durante los siguientes horarios:<br \/>Lunes \u2013 Viernes: 9:00 AM \u2013 5:00 PM (UST+8)<\/p><p><strong>Sigue con nosotros<\/strong><br \/>: Mantente conectado con Lynnhan y s\u00e9 el primero en saber sobre nuestros \u00faltimos productos, actualizaciones y eventos al seguirnos en nuestras redes sociales:<\/p><ul><li>LinkedIn: <a href=\"https:\/\/www.linkedin.com\/in\/chris-tang-standbyme-tv-manufacturer\/\">https:\/\/www.linkedin.com\/in\/chris-tang-standbyme-tv-manufacturer\/<\/a><\/li><li>Twitter: [Insertar URL de Twitter]<\/li><li>Facebook:<a href=\"https:\/\/www.facebook.com\/profile.php?id=61557528243130\">https:\/\/www.facebook.com\/profile.php?id=61557528243130<\/a><\/li><\/ul><p><strong>Vis\u00edtanos<\/strong><br \/>Nuestra sede se encuentra en la ciudad de Shenzhen, provincia de Guangdong, China.<br \/>No dudes en programar una visita para discutir tus necesidades en persona. Por favor, contacta con nosotros para arreglar una cita.<\/p><p><strong>Env\u00edenos un mensaje<\/strong><br \/>Para su comodidad, tambi\u00e9n puede utilizar el formulario a continuaci\u00f3n para enviarnos un mensaje directamente. Nuestro equipo responder\u00e1 a su consulta lo antes posible.<\/p><p>[<a href=\"https:\/\/xinxiangt.sg-host.com\/contact-us-form\/\"><em><strong>Formulario de contacto<\/strong><\/em><\/a>]<\/p><p>En Lynnhan, estamos comprometidos a proporcionar un servicio excepcional y soluciones de vanguardia. Cont\u00e1ctenos hoy para ver c\u00f3mo podemos ayudar a su negocio a prosperar con el poder de la tecnolog\u00eda inteligente.<\/p>\t\t\t\t\t\t\t\t<\/div>\n\t\t\t\t<\/div>\n\t\t\t\t\t<\/div>\n\t\t\t\t<\/div>\n\t\t\t\t<\/div>","protected":false},"excerpt":{"rendered":"<p>Connect with Lynnhan: Your Partner in Smart Technology Solutions At Lynnhan, we\u2019re dedicated to providing our clients with innovative smart technology solutions tailored to their unique business needs. Whether you\u2019re [\u2026]<\/p>","protected":false},"author":1,"featured_media":0,"parent":0,"menu_order":0,"comment_status":"closed","ping_status":"closed","template":"","meta":{"footnotes":""},"class_list":["post-483","page","type-page","status-publish","hentry"],"yoast_head":"<!-- This site is optimized with the Yoast SEO plugin v26.6 - https:\/\/yoast.com\/wordpress\/plugins\/seo\/ -->\n<title>Quick Contact Form Guide-Lynnhan smart boards manufacturer<\/title>\n<meta name=\"description\" content=\"Need immediate Lynnhan smart boards manufacturer support or have a question? Our contact form ensures you&#039;re heard. Reach out today!\" \/>\n<meta name=\"robots\" content=\"index, follow, max-snippet:-1, max-image-preview:large, max-video-preview:-1\" \/>\n<link rel=\"canonical\" href=\"https:\/\/lynnhan.com\/es\/informacion-de-contacto\/\" \/>\n<meta property=\"og:locale\" content=\"es_ES\" \/>\n<meta property=\"og:type\" content=\"article\" \/>\n<meta property=\"og:title\" content=\"Quick Contact Form Guide-Lynnhan smart boards manufacturer\" \/>\n<meta property=\"og:description\" content=\"Need immediate Lynnhan smart boards manufacturer support or have a question? Our contact form ensures you&#039;re heard. Reach out today!\" \/>\n<meta property=\"og:url\" content=\"https:\/\/lynnhan.com\/es\/informacion-de-contacto\/\" \/>\n<meta property=\"og:site_name\" content=\"Lynnhan - Trusted Supplier | LED\/OLED\/LCD\/E-paper digital signages\" \/>\n<meta property=\"article:modified_time\" content=\"2024-12-18T14:05:52+00:00\" \/>\n<meta property=\"og:image\" content=\"https:\/\/pub-78925c7bf9ca4c6d820df8293a5c116c.r2.dev\/2024\/12\/contact-us-info.webp\" \/>\n<meta name=\"twitter:card\" content=\"summary_large_image\" \/>\n<meta name=\"twitter:label1\" content=\"Tiempo de lectura\" \/>\n\t<meta name=\"twitter:data1\" content=\"2 minutos\" \/>\n<script type=\"application\/ld+json\" class=\"yoast-schema-graph\">{\"@context\":\"https:\/\/schema.org\",\"@graph\":[{\"@type\":\"WebPage\",\"@id\":\"https:\/\/lynnhan.com\/ar\/%d9%85%d8%b9%d9%84%d9%88%d9%85%d8%a7%d8%aa-%d8%a7%d9%84%d8%a7%d8%aa%d8%b5%d8%a7%d9%84-%d8%a8%d9%86%d8%a7\/\",\"url\":\"https:\/\/lynnhan.com\/ar\/%d9%85%d8%b9%d9%84%d9%88%d9%85%d8%a7%d8%aa-%d8%a7%d9%84%d8%a7%d8%aa%d8%b5%d8%a7%d9%84-%d8%a8%d9%86%d8%a7\/\",\"name\":\"Quick Contact Form Guide-Lynnhan smart boards manufacturer\",\"isPartOf\":{\"@id\":\"https:\/\/lynnhan.com\/km\/#website\"},\"primaryImageOfPage\":{\"@id\":\"https:\/\/lynnhan.com\/ar\/%d9%85%d8%b9%d9%84%d9%88%d9%85%d8%a7%d8%aa-%d8%a7%d9%84%d8%a7%d8%aa%d8%b5%d8%a7%d9%84-%d8%a8%d9%86%d8%a7\/#primaryimage\"},\"image\":{\"@id\":\"https:\/\/lynnhan.com\/ar\/%d9%85%d8%b9%d9%84%d9%88%d9%85%d8%a7%d8%aa-%d8%a7%d9%84%d8%a7%d8%aa%d8%b5%d8%a7%d9%84-%d8%a8%d9%86%d8%a7\/#primaryimage\"},\"thumbnailUrl\":\"https:\/\/pub-78925c7bf9ca4c6d820df8293a5c116c.r2.dev\/2024\/12\/contact-us-info.webp\",\"datePublished\":\"2024-02-26T13:29:25+00:00\",\"dateModified\":\"2024-12-18T14:05:52+00:00\",\"description\":\"Need immediate Lynnhan smart boards manufacturer support or have a question? Our contact form ensures you're heard. Reach out today!\",\"breadcrumb\":{\"@id\":\"https:\/\/lynnhan.com\/ar\/%d9%85%d8%b9%d9%84%d9%88%d9%85%d8%a7%d8%aa-%d8%a7%d9%84%d8%a7%d8%aa%d8%b5%d8%a7%d9%84-%d8%a8%d9%86%d8%a7\/#breadcrumb\"},\"inLanguage\":\"es\",\"potentialAction\":[{\"@type\":\"ReadAction\",\"target\":[\"https:\/\/lynnhan.com\/ar\/%d9%85%d8%b9%d9%84%d9%88%d9%85%d8%a7%d8%aa-%d8%a7%d9%84%d8%a7%d8%aa%d8%b5%d8%a7%d9%84-%d8%a8%d9%86%d8%a7\/\"]}]},{\"@type\":\"ImageObject\",\"inLanguage\":\"es\",\"@id\":\"https:\/\/lynnhan.com\/ar\/%d9%85%d8%b9%d9%84%d9%88%d9%85%d8%a7%d8%aa-%d8%a7%d9%84%d8%a7%d8%aa%d8%b5%d8%a7%d9%84-%d8%a8%d9%86%d8%a7\/#primaryimage\",\"url\":\"https:\/\/pub-78925c7bf9ca4c6d820df8293a5c116c.r2.dev\/2024\/12\/contact-us-info.webp\",\"contentUrl\":\"https:\/\/pub-78925c7bf9ca4c6d820df8293a5c116c.r2.dev\/2024\/12\/contact-us-info.webp\"},{\"@type\":\"BreadcrumbList\",\"@id\":\"https:\/\/lynnhan.com\/ar\/%d9%85%d8%b9%d9%84%d9%88%d9%85%d8%a7%d8%aa-%d8%a7%d9%84%d8%a7%d8%aa%d8%b5%d8%a7%d9%84-%d8%a8%d9%86%d8%a7\/#breadcrumb\",\"itemListElement\":[{\"@type\":\"ListItem\",\"position\":1,\"name\":\"Home\",\"item\":\"https:\/\/lynnhan.com\/\"},{\"@type\":\"ListItem\",\"position\":2,\"name\":\"Contact Us Info\"}]},{\"@type\":\"WebSite\",\"@id\":\"https:\/\/lynnhan.com\/km\/#website\",\"url\":\"https:\/\/lynnhan.com\/km\/\",\"name\":\"Lynnhan - Trusted Supplier | LED\/OLED\/LCD\/E-paper digital signages\",\"description\":\"Lynnhan - Trusted Supplier |  LED\/OLED\/LCD\/E-paper digital signages\",\"publisher\":{\"@id\":\"https:\/\/lynnhan.com\/km\/#organization\"},\"potentialAction\":[{\"@type\":\"SearchAction\",\"target\":{\"@type\":\"EntryPoint\",\"urlTemplate\":\"https:\/\/lynnhan.com\/km\/?s={search_term_string}\"},\"query-input\":{\"@type\":\"PropertyValueSpecification\",\"valueRequired\":true,\"valueName\":\"search_term_string\"}}],\"inLanguage\":\"es\"},{\"@type\":\"Organization\",\"@id\":\"https:\/\/lynnhan.com\/km\/#organization\",\"name\":\"Lynnhan - Trusted Supplier | LED\/OLED\/LCD\/E-paper digital signages\",\"url\":\"https:\/\/lynnhan.com\/km\/\",\"logo\":{\"@type\":\"ImageObject\",\"inLanguage\":\"es\",\"@id\":\"https:\/\/lynnhan.com\/km\/#\/schema\/logo\/image\/\",\"url\":\"https:\/\/pub-78925c7bf9ca4c6d820df8293a5c116c.r2.dev\/2024\/07\/LynnHan-logo3.png\",\"contentUrl\":\"https:\/\/pub-78925c7bf9ca4c6d820df8293a5c116c.r2.dev\/2024\/07\/LynnHan-logo3.png\",\"width\":390,\"height\":130,\"caption\":\"Lynnhan - Trusted Supplier | LED\/OLED\/LCD\/E-paper digital signages\"},\"image\":{\"@id\":\"https:\/\/lynnhan.com\/km\/#\/schema\/logo\/image\/\"}}]}<\/script>\n<!-- \/ Yoast SEO plugin. -->","yoast_head_json":{"title":"Gu\u00eda de Formulario de Contacto R\u00e1pido - Fabricante de tableros inteligentes Lynnhan","description":"\u00bfNecesita soporte inmediato del fabricante de tableros inteligentes Lynnhan o tiene alguna pregunta? Nuestro formulario de contacto garantiza que se le escuche. Cont\u00e1ctenos hoy!","robots":{"index":"index","follow":"follow","max-snippet":"max-snippet:-1","max-image-preview":"max-image-preview:large","max-video-preview":"max-video-preview:-1"},"canonical":"https:\/\/lynnhan.com\/es\/informacion-de-contacto\/","og_locale":"es_ES","og_type":"article","og_title":"Quick Contact Form Guide-Lynnhan smart boards manufacturer","og_description":"Need immediate Lynnhan smart boards manufacturer support or have a question? Our contact form ensures you're heard. Reach out today!","og_url":"https:\/\/lynnhan.com\/es\/informacion-de-contacto\/","og_site_name":"Lynnhan - Trusted Supplier | LED\/OLED\/LCD\/E-paper digital signages","article_modified_time":"2024-12-18T14:05:52+00:00","og_image":[{"url":"https:\/\/pub-78925c7bf9ca4c6d820df8293a5c116c.r2.dev\/2024\/12\/contact-us-info.webp","type":"","width":"","height":""}],"twitter_card":"summary_large_image","twitter_misc":{"Tiempo de lectura":"2 minutos"},"schema":{"@context":"https:\/\/schema.org","@graph":[{"@type":"WebPage","@id":"https:\/\/lynnhan.com\/ar\/%d9%85%d8%b9%d9%84%d9%88%d9%85%d8%a7%d8%aa-%d8%a7%d9%84%d8%a7%d8%aa%d8%b5%d8%a7%d9%84-%d8%a8%d9%86%d8%a7\/","url":"https:\/\/lynnhan.com\/ar\/%d9%85%d8%b9%d9%84%d9%88%d9%85%d8%a7%d8%aa-%d8%a7%d9%84%d8%a7%d8%aa%d8%b5%d8%a7%d9%84-%d8%a8%d9%86%d8%a7\/","name":"Gu\u00eda de Formulario de Contacto R\u00e1pido - Fabricante de tableros inteligentes Lynnhan","isPartOf":{"@id":"https:\/\/lynnhan.com\/km\/#website"},"primaryImageOfPage":{"@id":"https:\/\/lynnhan.com\/ar\/%d9%85%d8%b9%d9%84%d9%88%d9%85%d8%a7%d8%aa-%d8%a7%d9%84%d8%a7%d8%aa%d8%b5%d8%a7%d9%84-%d8%a8%d9%86%d8%a7\/#primaryimage"},"image":{"@id":"https:\/\/lynnhan.com\/ar\/%d9%85%d8%b9%d9%84%d9%88%d9%85%d8%a7%d8%aa-%d8%a7%d9%84%d8%a7%d8%aa%d8%b5%d8%a7%d9%84-%d8%a8%d9%86%d8%a7\/#primaryimage"},"thumbnailUrl":"https:\/\/pub-78925c7bf9ca4c6d820df8293a5c116c.r2.dev\/2024\/12\/contact-us-info.webp","datePublished":"2024-02-26T13:29:25+00:00","dateModified":"2024-12-18T14:05:52+00:00","description":"\u00bfNecesita soporte inmediato del fabricante de tableros inteligentes Lynnhan o tiene alguna pregunta? Nuestro formulario de contacto garantiza que se le escuche. Cont\u00e1ctenos hoy!","breadcrumb":{"@id":"https:\/\/lynnhan.com\/ar\/%d9%85%d8%b9%d9%84%d9%88%d9%85%d8%a7%d8%aa-%d8%a7%d9%84%d8%a7%d8%aa%d8%b5%d8%a7%d9%84-%d8%a8%d9%86%d8%a7\/#breadcrumb"},"inLanguage":"es","potentialAction":[{"@type":"ReadAction","target":["https:\/\/lynnhan.com\/ar\/%d9%85%d8%b9%d9%84%d9%88%d9%85%d8%a7%d8%aa-%d8%a7%d9%84%d8%a7%d8%aa%d8%b5%d8%a7%d9%84-%d8%a8%d9%86%d8%a7\/"]}]},{"@type":"ImageObject","inLanguage":"es","@id":"https:\/\/lynnhan.com\/ar\/%d9%85%d8%b9%d9%84%d9%88%d9%85%d8%a7%d8%aa-%d8%a7%d9%84%d8%a7%d8%aa%d8%b5%d8%a7%d9%84-%d8%a8%d9%86%d8%a7\/#primaryimage","url":"https:\/\/pub-78925c7bf9ca4c6d820df8293a5c116c.r2.dev\/2024\/12\/contact-us-info.webp","contentUrl":"https:\/\/pub-78925c7bf9ca4c6d820df8293a5c116c.r2.dev\/2024\/12\/contact-us-info.webp"},{"@type":"BreadcrumbList","@id":"https:\/\/lynnhan.com\/ar\/%d9%85%d8%b9%d9%84%d9%88%d9%85%d8%a7%d8%aa-%d8%a7%d9%84%d8%a7%d8%aa%d8%b5%d8%a7%d9%84-%d8%a8%d9%86%d8%a7\/#breadcrumb","itemListElement":[{"@type":"ListItem","position":1,"name":"Home","item":"https:\/\/lynnhan.com\/"},{"@type":"ListItem","position":2,"name":"Contact Us Info"}]},{"@type":"WebSite","@id":"https:\/\/lynnhan.com\/km\/#website","url":"https:\/\/lynnhan.com\/km\/","name":"Lynnhan - Proveedor de Confianza | Se\u00f1alizaci\u00f3n digital LED\/OLED\/LCD\/E-paper","description":"Lynnhan - Proveedor de Confianza |  Se\u00f1alizaci\u00f3n digital LED\/OLED\/LCD\/E-paper","publisher":{"@id":"https:\/\/lynnhan.com\/km\/#organization"},"potentialAction":[{"@type":"SearchAction","target":{"@type":"EntryPoint","urlTemplate":"https:\/\/lynnhan.com\/km\/?s={search_term_string}"},"query-input":{"@type":"PropertyValueSpecification","valueRequired":true,"valueName":"search_term_string"}}],"inLanguage":"es"},{"@type":"Organization","@id":"https:\/\/lynnhan.com\/km\/#organization","name":"Lynnhan - Proveedor de Confianza | Se\u00f1alizaci\u00f3n digital LED\/OLED\/LCD\/E-paper","url":"https:\/\/lynnhan.com\/km\/","logo":{"@type":"ImageObject","inLanguage":"es","@id":"https:\/\/lynnhan.com\/km\/#\/schema\/logo\/image\/","url":"https:\/\/pub-78925c7bf9ca4c6d820df8293a5c116c.r2.dev\/2024\/07\/LynnHan-logo3.png","contentUrl":"https:\/\/pub-78925c7bf9ca4c6d820df8293a5c116c.r2.dev\/2024\/07\/LynnHan-logo3.png","width":390,"height":130,"caption":"Lynnhan - Trusted Supplier | LED\/OLED\/LCD\/E-paper digital signages"},"image":{"@id":"https:\/\/lynnhan.com\/km\/#\/schema\/logo\/image\/"}}]}},"jetpack_sharing_enabled":true,"_links":{"self":[{"href":"https:\/\/lynnhan.com\/es\/wp-json\/wp\/v2\/pages\/483","targetHints":{"allow":["GET"]}}],"collection":[{"href":"https:\/\/lynnhan.com\/es\/wp-json\/wp\/v2\/pages"}],"about":[{"href":"https:\/\/lynnhan.com\/es\/wp-json\/wp\/v2\/types\/page"}],"author":[{"embeddable":true,"href":"https:\/\/lynnhan.com\/es\/wp-json\/wp\/v2\/users\/1"}],"replies":[{"embeddable":true,"href":"https:\/\/lynnhan.com\/es\/wp-json\/wp\/v2\/comments?post=483"}],"version-history":[{"count":0,"href":"https:\/\/lynnhan.com\/es\/wp-json\/wp\/v2\/pages\/483\/revisions"}],"wp:attachment":[{"href":"https:\/\/lynnhan.com\/es\/wp-json\/wp\/v2\/media?parent=483"}],"curies":[{"name":"wp","href":"https:\/\/api.w.org\/{rel}","templated":true}]}}