{"id":6827,"date":"2025-03-06T01:31:43","date_gmt":"2025-03-06T01:31:43","guid":{"rendered":"https:\/\/lynnhan.com\/?page_id=6827"},"modified":"2025-03-06T02:22:37","modified_gmt":"2025-03-06T02:22:37","slug":"dokumentet","status":"publish","type":"page","link":"https:\/\/lynnhan.com\/dz\/dokumentet\/","title":{"rendered":"Documents"},"content":{"rendered":"<div data-elementor-type=\"wp-page\" data-elementor-id=\"6827\" class=\"elementor elementor-6827\" data-elementor-post-type=\"page\">\n\t\t\t\t<div class=\"elementor-element elementor-element-fd8e1b9 e-flex e-con-boxed e-con e-parent\" data-id=\"fd8e1b9\" data-element_type=\"container\">\n\t\t\t\t\t<div class=\"e-con-inner\">\n\t\t\t\t<div class=\"elementor-element elementor-element-69842f4 elementor-widget elementor-widget-image\" data-id=\"69842f4\" data-element_type=\"widget\" data-widget_type=\"image.default\">\n\t\t\t\t<div class=\"elementor-widget-container\">\n\t\t\t\t\t\t\t\t\t\t\t\t\t\t\t<img fetchpriority=\"high\" decoding=\"async\" width=\"2048\" height=\"1148\" src=\"https:\/\/pub-78925c7bf9ca4c6d820df8293a5c116c.r2.dev\/2025\/03\/documents-1.jpg\" class=\"attachment-full size-full wp-image-6830\" alt=\"Documents\" srcset=\"https:\/\/pub-78925c7bf9ca4c6d820df8293a5c116c.r2.dev\/2025\/03\/documents-1.jpg 2048w, https:\/\/pub-78925c7bf9ca4c6d820df8293a5c116c.r2.dev\/2025\/03\/documents-1-700x392.jpg 700w, https:\/\/pub-78925c7bf9ca4c6d820df8293a5c116c.r2.dev\/2025\/03\/documents-1-1024x574.jpg 1024w, https:\/\/pub-78925c7bf9ca4c6d820df8293a5c116c.r2.dev\/2025\/03\/documents-1-768x431.jpg 768w, https:\/\/pub-78925c7bf9ca4c6d820df8293a5c116c.r2.dev\/2025\/03\/documents-1-1536x861.jpg 1536w, https:\/\/pub-78925c7bf9ca4c6d820df8293a5c116c.r2.dev\/2025\/03\/documents-1-18x10.jpg 18w, https:\/\/pub-78925c7bf9ca4c6d820df8293a5c116c.r2.dev\/2025\/03\/documents-1-1140x639.jpg 1140w, https:\/\/pub-78925c7bf9ca4c6d820df8293a5c116c.r2.dev\/2025\/03\/documents-1-920x516.jpg 920w, https:\/\/pub-78925c7bf9ca4c6d820df8293a5c116c.r2.dev\/2025\/03\/documents-1-575x322.jpg 575w, https:\/\/pub-78925c7bf9ca4c6d820df8293a5c116c.r2.dev\/2025\/03\/documents-1-380x213.jpg 380w, https:\/\/pub-78925c7bf9ca4c6d820df8293a5c116c.r2.dev\/2025\/03\/documents-1-800x448.jpg 800w\" sizes=\"(max-width: 2048px) 100vw, 2048px\" \/>\t\t\t\t\t\t\t\t\t\t\t\t\t\t\t<\/div>\n\t\t\t\t<\/div>\n\t\t\t\t\t<\/div>\n\t\t\t\t<\/div>\n\t\t<div class=\"elementor-element elementor-element-bcb68ff e-flex e-con-boxed e-con e-parent\" data-id=\"bcb68ff\" data-element_type=\"container\">\n\t\t\t\t\t<div class=\"e-con-inner\">\n\t\t\t\t<div class=\"elementor-element elementor-element-aad77a5 elementor-widget elementor-widget-text-editor\" data-id=\"aad77a5\" data-element_type=\"widget\" data-widget_type=\"text-editor.default\">\n\t\t\t\t<div class=\"elementor-widget-container\">\n\t\t\t\t\t\t\t\t\t<p>Lynnhan.com'da \u00e7ox qiym\u0259tli LED, OLED, LCD, E-Paper ekranlar\u0131 v\u0259 digital bax\u0131m n\u00fcmayi\u015fatlar\u0131n\u0131 tap\u0131n. T\u0259sla\u10dd olunmu\u015f t\u0259chizat\u00e7\u0131 kimi, d\u00fcnya \u00fczr\u0259 i\u015fl\u0259r \u00fc\u00e7\u00fcn n\u00fcv\u0259 texnologiyalar\u0131 t\u0259klif edirik. Sizin t\u0259l\u0259batlar\u0131n\u0131za uy\u011fun m\u00fck\u0259mm\u0259l ekran h\u0259llini tapmaq \u00fc\u00e7\u00fcn m\u0259hsul s\u0259n\u0259dl\u0259rimiz, xarakteristikalar v\u0259 resurslar\u0131 ara\u015fd\u0131r\u0131n.<\/p>\t\t\t\t\t\t\t\t<\/div>\n\t\t\t\t<\/div>\n\t\t\t\t\t<\/div>\n\t\t\t\t<\/div>\n\t\t<div class=\"elementor-element elementor-element-aa8e1e8 e-flex e-con-boxed e-con e-parent\" data-id=\"aa8e1e8\" data-element_type=\"container\">\n\t\t\t\t\t<div class=\"e-con-inner\">\n\t\t\t\t<div class=\"elementor-element elementor-element-e3e4fff elementor-widget elementor-widget-spacer\" data-id=\"e3e4fff\" data-element_type=\"widget\" data-widget_type=\"spacer.default\">\n\t\t\t\t<div class=\"elementor-widget-container\">\n\t\t\t\t\t\t\t<div class=\"elementor-spacer\">\n\t\t\t<div class=\"elementor-spacer-inner\"><\/div>\n\t\t<\/div>\n\t\t\t\t\t\t<\/div>\n\t\t\t\t<\/div>\n\t\t\t\t\t<\/div>\n\t\t\t\t<\/div>\n\t\t<div class=\"elementor-element elementor-element-73dffe4 e-flex e-con-boxed e-con e-parent\" data-id=\"73dffe4\" data-element_type=\"container\">\n\t\t\t\t\t<div class=\"e-con-inner\">\n\t\t\t\t<div class=\"elementor-element elementor-element-34bd97c elementor-widget elementor-widget-heading\" data-id=\"34bd97c\" data-element_type=\"widget\" data-widget_type=\"heading.default\">\n\t\t\t\t<div class=\"elementor-widget-container\">\n\t\t\t\t\t<h5 class=\"elementor-heading-title elementor-size-default\"><a href=\"https:\/\/pub-78925c7bf9ca4c6d820df8293a5c116c.r2.dev\/2025\/03\/Lynnhan-Company-Product-Brochure-March-2025.pdf\">Lynnhan \u015eirk\u0259ti M\u0259hsul Kitab\u00e7as\u0131 Mart 2025.pdf<\/a><\/h5>\t\t\t\t<\/div>\n\t\t\t\t<\/div>\n\t\t\t\t\t<\/div>\n\t\t\t\t<\/div>\n\t\t<div class=\"elementor-element elementor-element-2e48f13 e-flex e-con-boxed e-con e-parent\" data-id=\"2e48f13\" data-element_type=\"container\">\n\t\t\t\t\t<div class=\"e-con-inner\">\n\t\t\t\t<div class=\"elementor-element elementor-element-afdf861 elementor-widget elementor-widget-spacer\" data-id=\"afdf861\" data-element_type=\"widget\" data-widget_type=\"spacer.default\">\n\t\t\t\t<div class=\"elementor-widget-container\">\n\t\t\t\t\t\t\t<div class=\"elementor-spacer\">\n\t\t\t<div class=\"elementor-spacer-inner\"><\/div>\n\t\t<\/div>\n\t\t\t\t\t\t<\/div>\n\t\t\t\t<\/div>\n\t\t\t\t\t<\/div>\n\t\t\t\t<\/div>\n\t\t\t\t<\/div>","protected":false},"excerpt":{"rendered":"<p>Discover premium LED, OLED, LCD, E-Paper displays, and digital signage at Lynnhan.com. As a trusted supplier, we provide cutting-edge technology for businesses worldwide. Explore our product documents, specifications, and resources [\u2026]<\/p>","protected":false},"author":1,"featured_media":0,"parent":0,"menu_order":0,"comment_status":"closed","ping_status":"closed","template":"elementor_header_footer","meta":{"footnotes":""},"class_list":["post-6827","page","type-page","status-publish","hentry"],"yoast_head":"<!-- This site is optimized with the Yoast SEO plugin v26.6 - https:\/\/yoast.com\/wordpress\/plugins\/seo\/ -->\n<title>Documents - Lynnhan - Trusted Supplier | LED\/OLED\/LCD\/E-paper digital signages<\/title>\n<meta name=\"robots\" content=\"index, follow, max-snippet:-1, max-image-preview:large, max-video-preview:-1\" \/>\n<link rel=\"canonical\" href=\"https:\/\/lynnhan.com\/dz\/dokumentet\/\" \/>\n<meta property=\"og:locale\" content=\"en_US\" \/>\n<meta property=\"og:type\" content=\"article\" \/>\n<meta property=\"og:title\" content=\"Documents - Lynnhan - Trusted Supplier | LED\/OLED\/LCD\/E-paper digital signages\" \/>\n<meta property=\"og:description\" content=\"Discover premium LED, OLED, LCD, E-Paper displays, and digital signage at Lynnhan.com. As a trusted supplier, we provide cutting-edge technology for businesses worldwide. Explore our product documents, specifications, and resources [&hellip;]\" \/>\n<meta property=\"og:url\" content=\"https:\/\/lynnhan.com\/dz\/dokumentet\/\" \/>\n<meta property=\"og:site_name\" content=\"Lynnhan - Trusted Supplier | LED\/OLED\/LCD\/E-paper digital signages\" \/>\n<meta property=\"article:modified_time\" content=\"2025-03-06T02:22:37+00:00\" \/>\n<meta property=\"og:image\" content=\"https:\/\/pub-78925c7bf9ca4c6d820df8293a5c116c.r2.dev\/2025\/03\/documents-1.jpg\" \/>\n<meta name=\"twitter:card\" content=\"summary_large_image\" \/>\n<script type=\"application\/ld+json\" class=\"yoast-schema-graph\">{\"@context\":\"https:\/\/schema.org\",\"@graph\":[{\"@type\":\"WebPage\",\"@id\":\"https:\/\/lynnhan.com\/documents\/\",\"url\":\"https:\/\/lynnhan.com\/documents\/\",\"name\":\"Documents - Lynnhan - Trusted Supplier | LED\/OLED\/LCD\/E-paper digital signages\",\"isPartOf\":{\"@id\":\"https:\/\/lynnhan.com\/km\/#website\"},\"primaryImageOfPage\":{\"@id\":\"https:\/\/lynnhan.com\/documents\/#primaryimage\"},\"image\":{\"@id\":\"https:\/\/lynnhan.com\/documents\/#primaryimage\"},\"thumbnailUrl\":\"https:\/\/pub-78925c7bf9ca4c6d820df8293a5c116c.r2.dev\/2025\/03\/documents-1.jpg\",\"datePublished\":\"2025-03-06T01:31:43+00:00\",\"dateModified\":\"2025-03-06T02:22:37+00:00\",\"breadcrumb\":{\"@id\":\"https:\/\/lynnhan.com\/documents\/#breadcrumb\"},\"inLanguage\":\"dzo\",\"potentialAction\":[{\"@type\":\"ReadAction\",\"target\":[\"https:\/\/lynnhan.com\/documents\/\"]}]},{\"@type\":\"ImageObject\",\"inLanguage\":\"dzo\",\"@id\":\"https:\/\/lynnhan.com\/documents\/#primaryimage\",\"url\":\"https:\/\/pub-78925c7bf9ca4c6d820df8293a5c116c.r2.dev\/2025\/03\/documents-1.jpg\",\"contentUrl\":\"https:\/\/pub-78925c7bf9ca4c6d820df8293a5c116c.r2.dev\/2025\/03\/documents-1.jpg\"},{\"@type\":\"BreadcrumbList\",\"@id\":\"https:\/\/lynnhan.com\/documents\/#breadcrumb\",\"itemListElement\":[{\"@type\":\"ListItem\",\"position\":1,\"name\":\"Home\",\"item\":\"https:\/\/lynnhan.com\/\"},{\"@type\":\"ListItem\",\"position\":2,\"name\":\"Documents\"}]},{\"@type\":\"WebSite\",\"@id\":\"https:\/\/lynnhan.com\/km\/#website\",\"url\":\"https:\/\/lynnhan.com\/km\/\",\"name\":\"Lynnhan - Trusted Supplier | LED\/OLED\/LCD\/E-paper digital signages\",\"description\":\"Lynnhan - Trusted Supplier |  LED\/OLED\/LCD\/E-paper digital signages\",\"publisher\":{\"@id\":\"https:\/\/lynnhan.com\/km\/#organization\"},\"potentialAction\":[{\"@type\":\"SearchAction\",\"target\":{\"@type\":\"EntryPoint\",\"urlTemplate\":\"https:\/\/lynnhan.com\/km\/?s={search_term_string}\"},\"query-input\":{\"@type\":\"PropertyValueSpecification\",\"valueRequired\":true,\"valueName\":\"search_term_string\"}}],\"inLanguage\":\"dzo\"},{\"@type\":\"Organization\",\"@id\":\"https:\/\/lynnhan.com\/km\/#organization\",\"name\":\"Lynnhan - Trusted Supplier | LED\/OLED\/LCD\/E-paper digital signages\",\"url\":\"https:\/\/lynnhan.com\/km\/\",\"logo\":{\"@type\":\"ImageObject\",\"inLanguage\":\"dzo\",\"@id\":\"https:\/\/lynnhan.com\/km\/#\/schema\/logo\/image\/\",\"url\":\"https:\/\/pub-78925c7bf9ca4c6d820df8293a5c116c.r2.dev\/2024\/07\/LynnHan-logo3.png\",\"contentUrl\":\"https:\/\/pub-78925c7bf9ca4c6d820df8293a5c116c.r2.dev\/2024\/07\/LynnHan-logo3.png\",\"width\":390,\"height\":130,\"caption\":\"Lynnhan - Trusted Supplier | LED\/OLED\/LCD\/E-paper digital signages\"},\"image\":{\"@id\":\"https:\/\/lynnhan.com\/km\/#\/schema\/logo\/image\/\"}}]}<\/script>\n<!-- \/ Yoast SEO plugin. -->","yoast_head_json":{"title":"Dokumenti - Lynnhan - Konfidant\u00ebmbajt\u00ebs | LED\/OLED\/LCD\/E-paper digital signs","robots":{"index":"index","follow":"follow","max-snippet":"max-snippet:-1","max-image-preview":"max-image-preview:large","max-video-preview":"max-video-preview:-1"},"canonical":"https:\/\/lynnhan.com\/dz\/dokumentet\/","og_locale":"en_US","og_type":"article","og_title":"Documents - Lynnhan - Trusted Supplier | LED\/OLED\/LCD\/E-paper digital signages","og_description":"Discover premium LED, OLED, LCD, E-Paper displays, and digital signage at Lynnhan.com. As a trusted supplier, we provide cutting-edge technology for businesses worldwide. Explore our product documents, specifications, and resources [&hellip;]","og_url":"https:\/\/lynnhan.com\/dz\/dokumentet\/","og_site_name":"Lynnhan - Trusted Supplier | LED\/OLED\/LCD\/E-paper digital signages","article_modified_time":"2025-03-06T02:22:37+00:00","og_image":[{"url":"https:\/\/pub-78925c7bf9ca4c6d820df8293a5c116c.r2.dev\/2025\/03\/documents-1.jpg","type":"","width":"","height":""}],"twitter_card":"summary_large_image","schema":{"@context":"https:\/\/schema.org","@graph":[{"@type":"WebPage","@id":"https:\/\/lynnhan.com\/documents\/","url":"https:\/\/lynnhan.com\/documents\/","name":"Dokumenti - Lynnhan - Konfidant\u00ebmbajt\u00ebs | LED\/OLED\/LCD\/E-paper digital signs","isPartOf":{"@id":"https:\/\/lynnhan.com\/km\/#website"},"primaryImageOfPage":{"@id":"https:\/\/lynnhan.com\/documents\/#primaryimage"},"image":{"@id":"https:\/\/lynnhan.com\/documents\/#primaryimage"},"thumbnailUrl":"https:\/\/pub-78925c7bf9ca4c6d820df8293a5c116c.r2.dev\/2025\/03\/documents-1.jpg","datePublished":"2025-03-06T01:31:43+00:00","dateModified":"2025-03-06T02:22:37+00:00","breadcrumb":{"@id":"https:\/\/lynnhan.com\/documents\/#breadcrumb"},"inLanguage":"dzo","potentialAction":[{"@type":"ReadAction","target":["https:\/\/lynnhan.com\/documents\/"]}]},{"@type":"ImageObject","inLanguage":"dzo","@id":"https:\/\/lynnhan.com\/documents\/#primaryimage","url":"https:\/\/pub-78925c7bf9ca4c6d820df8293a5c116c.r2.dev\/2025\/03\/documents-1.jpg","contentUrl":"https:\/\/pub-78925c7bf9ca4c6d820df8293a5c116c.r2.dev\/2025\/03\/documents-1.jpg"},{"@type":"BreadcrumbList","@id":"https:\/\/lynnhan.com\/documents\/#breadcrumb","itemListElement":[{"@type":"ListItem","position":1,"name":"Home","item":"https:\/\/lynnhan.com\/"},{"@type":"ListItem","position":2,"name":"Documents"}]},{"@type":"WebSite","@id":"https:\/\/lynnhan.com\/km\/#website","url":"https:\/\/lynnhan.com\/km\/","name":"Lynnhan - \u0259m\u0259n\u0259t\u0259n Q\u0259bulqarar Vericisi | LED\/OLED\/LCD\/E-paper d\u0259yy\u0259r \u0259\u015fyalar\u0131 r\u0259q\u0259msal l\u00f6vh\u0259l\u0259ri","description":"Lynnhan - \u0422\u0440\u0443\u0441\u043b\u0443\u0432\u0447\u04af \u041f\u0430\u0439\u0434\u0430\u043b\u0430\u043d\u0443\u0447\u0443 |  LED\/OLED\/LCD\/E-paper \u0434\u0438\u0434\u0436\u0438\u0442\u0430\u043b \u0445\u0430\u0442\u0438\u0440\u0430\u043b\u0430\u0440","publisher":{"@id":"https:\/\/lynnhan.com\/km\/#organization"},"potentialAction":[{"@type":"SearchAction","target":{"@type":"EntryPoint","urlTemplate":"https:\/\/lynnhan.com\/km\/?s={search_term_string}"},"query-input":{"@type":"PropertyValueSpecification","valueRequired":true,"valueName":"search_term_string"}}],"inLanguage":"dzo"},{"@type":"Organization","@id":"https:\/\/lynnhan.com\/km\/#organization","name":"Lynnhan - \u0259m\u0259n\u0259t\u0259n Q\u0259bulqarar Vericisi | LED\/OLED\/LCD\/E-paper d\u0259yy\u0259r \u0259\u015fyalar\u0131 r\u0259q\u0259msal l\u00f6vh\u0259l\u0259ri","url":"https:\/\/lynnhan.com\/km\/","logo":{"@type":"ImageObject","inLanguage":"dzo","@id":"https:\/\/lynnhan.com\/km\/#\/schema\/logo\/image\/","url":"https:\/\/pub-78925c7bf9ca4c6d820df8293a5c116c.r2.dev\/2024\/07\/LynnHan-logo3.png","contentUrl":"https:\/\/pub-78925c7bf9ca4c6d820df8293a5c116c.r2.dev\/2024\/07\/LynnHan-logo3.png","width":390,"height":130,"caption":"Lynnhan - Trusted Supplier | LED\/OLED\/LCD\/E-paper digital signages"},"image":{"@id":"https:\/\/lynnhan.com\/km\/#\/schema\/logo\/image\/"}}]}},"jetpack_sharing_enabled":true,"_links":{"self":[{"href":"https:\/\/lynnhan.com\/dz\/wp-json\/wp\/v2\/pages\/6827","targetHints":{"allow":["GET"]}}],"collection":[{"href":"https:\/\/lynnhan.com\/dz\/wp-json\/wp\/v2\/pages"}],"about":[{"href":"https:\/\/lynnhan.com\/dz\/wp-json\/wp\/v2\/types\/page"}],"author":[{"embeddable":true,"href":"https:\/\/lynnhan.com\/dz\/wp-json\/wp\/v2\/users\/1"}],"replies":[{"embeddable":true,"href":"https:\/\/lynnhan.com\/dz\/wp-json\/wp\/v2\/comments?post=6827"}],"version-history":[{"count":0,"href":"https:\/\/lynnhan.com\/dz\/wp-json\/wp\/v2\/pages\/6827\/revisions"}],"wp:attachment":[{"href":"https:\/\/lynnhan.com\/dz\/wp-json\/wp\/v2\/media?parent=6827"}],"curies":[{"name":"wp","href":"https:\/\/api.w.org\/{rel}","templated":true}]}}