{"id":535,"date":"2024-02-27T08:28:56","date_gmt":"2024-02-27T08:28:56","guid":{"rendered":"https:\/\/lynnhan.com\/?page_id=535"},"modified":"2024-12-18T10:25:48","modified_gmt":"2024-12-18T10:25:48","slug":"payments","status":"publish","type":"page","link":"https:\/\/lynnhan.com\/dz\/payments\/","title":{"rendered":"\u4ed8\u6b3e"},"content":{"rendered":"<div data-elementor-type=\"wp-page\" data-elementor-id=\"535\" class=\"elementor elementor-535\" data-elementor-post-type=\"page\">\n\t\t\t\t<div class=\"elementor-element elementor-element-142d8d4 e-flex e-con-boxed e-con e-parent\" data-id=\"142d8d4\" data-element_type=\"container\">\n\t\t\t\t\t<div class=\"e-con-inner\">\n\t\t\t\t<div class=\"elementor-element elementor-element-6619f7f elementor-widget elementor-widget-image\" data-id=\"6619f7f\" data-element_type=\"widget\" data-widget_type=\"image.default\">\n\t\t\t\t<div class=\"elementor-widget-container\">\n\t\t\t\t\t\t\t\t\t\t\t\t\t\t\t<img fetchpriority=\"high\" decoding=\"async\" width=\"1920\" height=\"1076\" src=\"https:\/\/pub-78925c7bf9ca4c6d820df8293a5c116c.r2.dev\/2024\/12\/payments-2.webp\" class=\"attachment-full size-full wp-image-3303\" alt=\"All in One LED manufacturer Payments\" srcset=\"https:\/\/pub-78925c7bf9ca4c6d820df8293a5c116c.r2.dev\/2024\/12\/payments-2.webp 1920w, https:\/\/pub-78925c7bf9ca4c6d820df8293a5c116c.r2.dev\/2024\/12\/payments-2-700x392.webp 700w, https:\/\/pub-78925c7bf9ca4c6d820df8293a5c116c.r2.dev\/2024\/12\/payments-2-1024x574.webp 1024w, https:\/\/pub-78925c7bf9ca4c6d820df8293a5c116c.r2.dev\/2024\/12\/payments-2-768x430.webp 768w, https:\/\/pub-78925c7bf9ca4c6d820df8293a5c116c.r2.dev\/2024\/12\/payments-2-1536x861.webp 1536w, https:\/\/pub-78925c7bf9ca4c6d820df8293a5c116c.r2.dev\/2024\/12\/payments-2-18x10.webp 18w, https:\/\/pub-78925c7bf9ca4c6d820df8293a5c116c.r2.dev\/2024\/12\/payments-2-1140x639.webp 1140w, https:\/\/pub-78925c7bf9ca4c6d820df8293a5c116c.r2.dev\/2024\/12\/payments-2-920x516.webp 920w, https:\/\/pub-78925c7bf9ca4c6d820df8293a5c116c.r2.dev\/2024\/12\/payments-2-575x322.webp 575w, https:\/\/pub-78925c7bf9ca4c6d820df8293a5c116c.r2.dev\/2024\/12\/payments-2-380x213.webp 380w, https:\/\/pub-78925c7bf9ca4c6d820df8293a5c116c.r2.dev\/2024\/12\/payments-2-1320x740.webp 1320w, https:\/\/pub-78925c7bf9ca4c6d820df8293a5c116c.r2.dev\/2024\/12\/payments-2-800x448.webp 800w\" sizes=\"(max-width: 1920px) 100vw, 1920px\" \/>\t\t\t\t\t\t\t\t\t\t\t\t\t\t\t<\/div>\n\t\t\t\t<\/div>\n\t\t\t\t\t<\/div>\n\t\t\t\t<\/div>\n\t\t<div class=\"elementor-element elementor-element-d66f236 e-flex e-con-boxed e-con e-parent\" data-id=\"d66f236\" data-element_type=\"container\">\n\t\t\t\t\t<div class=\"e-con-inner\">\n\t\t\t\t<div class=\"elementor-element elementor-element-c3f9628 elementor-widget elementor-widget-text-editor\" data-id=\"c3f9628\" data-element_type=\"widget\" data-widget_type=\"text-editor.default\">\n\t\t\t\t<div class=\"elementor-widget-container\">\n\t\t\t\t\t\t\t\t\t<h3>1. Lynnhan-d\u0259 t\u0259k\u0259bb\u00fcrat q\u0259na\u0259t: S\u0259rb\u0259st v\u0259 G\u00fcv\u0259nli Tranzaksiyalar<\/h3><p><strong>2. S\u0259rb\u0259st T\u0259k\u0259bb\u00fcrat se\u00e7iml\u0259ri \u0130\u015finiz\u0259 Uy\u011fun<\/strong><\/p><p>3. Lynnhan-da biz biznesl\u0259r\u0259 s\u0259rb\u0259st v\u0259 g\u00fcv\u0259nli t\u0259k\u0259bb\u00fcratlar\u0131n \u0259h\u0259miyy\u0259tini ba\u015fa d\u00fc\u015f\u00fcr\u00fck. M\u0259qs\u0259d\u0131m\u0131z sizi sat\u0131n alma prosesind\u0259 m\u00fcmk\u00fcn q\u0259d\u0259r rahat v\u0259 s\u0259rb\u0259st olmaqd\u0131r. Bu s\u0259b\u0259bl\u0259 d\u0259 \u00e7oxluq t\u0259k\u0259bb\u00fcrat se\u00e7iml\u0259rini t\u0259klif edirik ki, bu da bizim B2B m\u00fc\u015ft\u0259ril\u0259rimizin \u00e7ox qeyri-\u0259n\u0259n\u0259vi t\u0259l\u0259batlar\u0131n\u0131 \u00f6d\u0259y\u0259 bil\u0259r.<\/p><p><strong>4. G\u00fcv\u0259nli Onlayn T\u0259k\u0259bb\u00fcratlar<\/strong><\/p><p>5. T\u0259hl\u00fck\u0259sizliyi v\u0259 effektivliyi \u00fc\u00e7\u00fcn, Lynnhan g\u00fcv\u0259nli onlayn t\u0259k\u0259bb\u00fcratlar\u0131 d\u0259st\u0259kl\u0259yir. Platformumuz Visa, MasterCard v\u0259 American Express kimi \u0259n b\u00f6y\u00fck kredit kartlar\u0131n\u0131 q\u0259bul edir, h\u0259m\u00e7inin PayPal il\u0259 s\u00fcr\u0259tli v\u0259 asan tranzaksiyalar \u00fc\u00e7\u00fcn. G\u00fcv\u0259nli t\u0259k\u0259bb\u00fcrat q\u0259bul\u00e7\u0131s\u0131 sizin maliyy\u0259 m\u0259lumat\u0131n\u0131z\u0131 h\u0259mi\u015f\u0259 qorur, qabaqc\u0131l \u015fifr\u0259l\u0259m\u0259 v\u0259 t\u0259hl\u00fck\u0259sizlik protokollar\u0131ndan istifad\u0259 edir.<\/p><p><strong>6. Bank T\u0259rc\u00fcm\u0259tl\u0259ri (T\/T v\u0259 Western Union)<br \/><\/strong><\/p><p>7. B\u00f6y\u00fck sifari\u015fl\u0259r v\u0259 t\u0259nziml\u0259nmi\u015f h\u0259llatlar \u00fc\u00e7\u00fcn, biz do\u011frudan bank t\u0259rc\u00fcm\u0259tl\u0259rini q\u0259bul edirik. Bu se\u00e7im, sizin maliyy\u0259l\u0259rinizi idar\u0259 etm\u0259k \u00fc\u00e7\u00fcn daha \u00e7ox s\u0259rb\u0259stliyi t\u0259min edir v\u0259 q\u0259dim t\u0259k\u0259bb\u00fcrat metodlar\u0131ndan istifad\u0259 ed\u0259n biznesl\u0259r \u00fc\u00e7\u00fcn uydur\u011fudur. M\u0259i\u015f\u0259t xidm\u0259t qrupumuz siz\u0259 s\u0259rb\u0259st bir bank t\u0259rc\u00fcm\u0259ti t\u0259min etm\u0259k \u00fc\u00e7\u00fcn laz\u0131m olan b\u0259lli m\u0259lumatlar\u0131 t\u0259qdim ed\u0259c\u0259kdir.<\/p><p><strong>8. T\u0259nziml\u0259nmi\u015f T\u0259k\u0259bb\u00fcrat Planlar\u0131<\/strong><\/p><p>9. H\u0259r bir biznesin unikal t\u0259l\u0259batlar\u0131 oldu\u011funu ba\u015fa d\u00fc\u015f\u0259n Lynnhan, t\u0259nziml\u0259nmi\u015f t\u0259k\u0259bb\u00fcrat planlar\u0131 haqq\u0131nda dan\u0131\u015fma\u011fa a\u00e7\u0131qd\u0131r. Bu, qeyri-\u0259n\u0259n\u0259vi t\u0259k\u0259bb\u00fcrat rejimi olacaq v\u0259 ya t\u0259nziml\u0259nmi\u015f kredit h\u0259llat\u0131 olacaq, bizim qrupumuz sizi i\u015fbirliyi il\u0259 sizi t\u0259l\u0259batlar\u0131n\u0131za uy\u011fun \u00f6d\u0259ni\u015f qurulu\u015funu tapma\u011fa azad edir.<\/p><p><strong>10. G\u00fcv\u0259nli Tranzaksiya Prosesi<\/strong><\/p><p>11. T\u0259k\u0259bb\u00fcrat zaman\u0131 t\u0259hl\u00fck\u0259sizlik bizim \u0259n y\u00fcks\u0259k prioritetimizdir. Lynnhan qabaqc\u0131l t\u0259hl\u00fck\u0259sizlik t\u0259dbirl\u0259ri il\u0259 tranzaksiyalar\u0131n\u0131z\u0131 v\u0259 \u015f\u0259xsi m\u0259lumatlar\u0131n\u0131z\u0131 qorur. PCI DSS standartlar\u0131na riay\u0259t etm\u0259miz \u00f6d\u0259ni\u015finizin \u0259n t\u0259hl\u00fck\u0259siz \u015f\u0259raitd\u0259 i\u015fl\u0259ndiyini t\u0259min edir.<\/p><p><strong>12. Xidm\u0259t Qrupu<\/strong><\/p><p>13. Xidm\u0259t qrupumuz t\u0259k\u0259bb\u00fcrat il\u0259 ba\u011fl\u0131 olan h\u0259r hans\u0131 soru v\u0259 ya m\u0259s\u0259l\u0259 il\u0259 size k\u00f6m\u0259k etm\u0259k \u00fc\u00e7\u00fcn buradad\u0131r. Sizin d\u00fczg\u00fcn t\u0259k\u0259bb\u00fcrat se\u00e7imi il\u0259 ba\u011fl\u0131 yard\u0131m laz\u0131m olsa, fatura il\u0259 ba\u011fl\u0131 m\u0259lumatlar\u0131 ba\u015fa d\u00fc\u015fm\u0259k ol<\/p><p><strong>How to Make a Payment<\/strong><\/p><p>Making a payment with Lynnhan is simple. Once you\u2019ve placed your order, you\u2019ll receive an invoice with detailed payment instructions. Choose your preferred payment method and follow the steps provided to complete your transaction. Our customer support team is always available to guide you through the process, should you need assistance.<\/p><p>At Lynnhan, we\u2019re committed to providing our B2B clients with secure, flexible, and convenient payment solutions. Our range of payment options is designed to accommodate your business\u2019s specific needs, ensuring a smooth and efficient purchasing experience.<\/p>\t\t\t\t\t\t\t\t<\/div>\n\t\t\t\t<\/div>\n\t\t\t\t\t<\/div>\n\t\t\t\t<\/div>\n\t\t\t\t<\/div>","protected":false},"excerpt":{"rendered":"<p>Payment Solutions at Lynnhan: Streamlined and Secure Transactions Flexible Payment Options for Your Business Needs At Lynnhan, we understand the importance of flexible and secure payment solutions for businesses. Our [\u2026]<\/p>","protected":false},"author":1,"featured_media":0,"parent":0,"menu_order":0,"comment_status":"closed","ping_status":"closed","template":"","meta":{"footnotes":""},"class_list":["post-535","page","type-page","status-publish","hentry"],"yoast_head":"<!-- This site is optimized with the Yoast SEO plugin v26.6 - https:\/\/yoast.com\/wordpress\/plugins\/seo\/ -->\n<title>Payments: Lynnhan portable TV supplier<\/title>\n<meta name=\"description\" content=\"Discover how Lynnhan portable TV supplier Payments transforms your online purchases into smooth, effortless experiences.\" \/>\n<meta name=\"robots\" content=\"index, follow, max-snippet:-1, max-image-preview:large, max-video-preview:-1\" \/>\n<link rel=\"canonical\" href=\"https:\/\/lynnhan.com\/dz\/payments\/\" \/>\n<meta property=\"og:locale\" content=\"en_US\" \/>\n<meta property=\"og:type\" content=\"article\" \/>\n<meta property=\"og:title\" content=\"Payments: Lynnhan portable TV supplier\" \/>\n<meta property=\"og:description\" content=\"Discover how Lynnhan portable TV supplier Payments transforms your online purchases into smooth, effortless experiences.\" \/>\n<meta property=\"og:url\" content=\"https:\/\/lynnhan.com\/dz\/payments\/\" \/>\n<meta property=\"og:site_name\" content=\"Lynnhan - Trusted Supplier | LED\/OLED\/LCD\/E-paper digital signages\" \/>\n<meta property=\"article:modified_time\" content=\"2024-12-18T10:25:48+00:00\" \/>\n<meta property=\"og:image\" content=\"https:\/\/pub-78925c7bf9ca4c6d820df8293a5c116c.r2.dev\/2024\/12\/payments-2.webp\" \/>\n<meta name=\"twitter:card\" content=\"summary_large_image\" \/>\n<meta name=\"twitter:label1\" content=\"Est. reading time\" \/>\n\t<meta name=\"twitter:data1\" content=\"2 minutes\" \/>\n<script type=\"application\/ld+json\" class=\"yoast-schema-graph\">{\"@context\":\"https:\/\/schema.org\",\"@graph\":[{\"@type\":\"WebPage\",\"@id\":\"https:\/\/lynnhan.com\/payments\/\",\"url\":\"https:\/\/lynnhan.com\/payments\/\",\"name\":\"Payments: Lynnhan portable TV supplier\",\"isPartOf\":{\"@id\":\"https:\/\/lynnhan.com\/km\/#website\"},\"primaryImageOfPage\":{\"@id\":\"https:\/\/lynnhan.com\/payments\/#primaryimage\"},\"image\":{\"@id\":\"https:\/\/lynnhan.com\/payments\/#primaryimage\"},\"thumbnailUrl\":\"https:\/\/pub-78925c7bf9ca4c6d820df8293a5c116c.r2.dev\/2024\/12\/payments-2.webp\",\"datePublished\":\"2024-02-27T08:28:56+00:00\",\"dateModified\":\"2024-12-18T10:25:48+00:00\",\"description\":\"Discover how Lynnhan portable TV supplier Payments transforms your online purchases into smooth, effortless experiences.\",\"breadcrumb\":{\"@id\":\"https:\/\/lynnhan.com\/payments\/#breadcrumb\"},\"inLanguage\":\"dzo\",\"potentialAction\":[{\"@type\":\"ReadAction\",\"target\":[\"https:\/\/lynnhan.com\/payments\/\"]}]},{\"@type\":\"ImageObject\",\"inLanguage\":\"dzo\",\"@id\":\"https:\/\/lynnhan.com\/payments\/#primaryimage\",\"url\":\"https:\/\/pub-78925c7bf9ca4c6d820df8293a5c116c.r2.dev\/2024\/12\/payments-2.webp\",\"contentUrl\":\"https:\/\/pub-78925c7bf9ca4c6d820df8293a5c116c.r2.dev\/2024\/12\/payments-2.webp\"},{\"@type\":\"BreadcrumbList\",\"@id\":\"https:\/\/lynnhan.com\/payments\/#breadcrumb\",\"itemListElement\":[{\"@type\":\"ListItem\",\"position\":1,\"name\":\"Home\",\"item\":\"https:\/\/lynnhan.com\/\"},{\"@type\":\"ListItem\",\"position\":2,\"name\":\"Payments\"}]},{\"@type\":\"WebSite\",\"@id\":\"https:\/\/lynnhan.com\/km\/#website\",\"url\":\"https:\/\/lynnhan.com\/km\/\",\"name\":\"Lynnhan - Trusted Supplier | LED\/OLED\/LCD\/E-paper digital signages\",\"description\":\"Lynnhan - Trusted Supplier |  LED\/OLED\/LCD\/E-paper digital signages\",\"publisher\":{\"@id\":\"https:\/\/lynnhan.com\/km\/#organization\"},\"potentialAction\":[{\"@type\":\"SearchAction\",\"target\":{\"@type\":\"EntryPoint\",\"urlTemplate\":\"https:\/\/lynnhan.com\/km\/?s={search_term_string}\"},\"query-input\":{\"@type\":\"PropertyValueSpecification\",\"valueRequired\":true,\"valueName\":\"search_term_string\"}}],\"inLanguage\":\"dzo\"},{\"@type\":\"Organization\",\"@id\":\"https:\/\/lynnhan.com\/km\/#organization\",\"name\":\"Lynnhan - Trusted Supplier | LED\/OLED\/LCD\/E-paper digital signages\",\"url\":\"https:\/\/lynnhan.com\/km\/\",\"logo\":{\"@type\":\"ImageObject\",\"inLanguage\":\"dzo\",\"@id\":\"https:\/\/lynnhan.com\/km\/#\/schema\/logo\/image\/\",\"url\":\"https:\/\/pub-78925c7bf9ca4c6d820df8293a5c116c.r2.dev\/2024\/07\/LynnHan-logo3.png\",\"contentUrl\":\"https:\/\/pub-78925c7bf9ca4c6d820df8293a5c116c.r2.dev\/2024\/07\/LynnHan-logo3.png\",\"width\":390,\"height\":130,\"caption\":\"Lynnhan - Trusted Supplier | LED\/OLED\/LCD\/E-paper digital signages\"},\"image\":{\"@id\":\"https:\/\/lynnhan.com\/km\/#\/schema\/logo\/image\/\"}}]}<\/script>\n<!-- \/ Yoast SEO plugin. -->","yoast_head_json":{"title":"Payments: Lynnhan portable TV supplier","description":"D\u00ebshmoni si \u00e7ift\u00ebsia TV portab\u00ebl Lynhan e pagimeve ndryshon b\u00ebjn\u00eb \u00e7\u00ebshtjet tuaj e blerieve online n\u00eb jet\u00eb t\u00eb q\u00ebll\u00ebshme, e leht\u00eb.","robots":{"index":"index","follow":"follow","max-snippet":"max-snippet:-1","max-image-preview":"max-image-preview:large","max-video-preview":"max-video-preview:-1"},"canonical":"https:\/\/lynnhan.com\/dz\/payments\/","og_locale":"en_US","og_type":"article","og_title":"Payments: Lynnhan portable TV supplier","og_description":"Discover how Lynnhan portable TV supplier Payments transforms your online purchases into smooth, effortless experiences.","og_url":"https:\/\/lynnhan.com\/dz\/payments\/","og_site_name":"Lynnhan - Trusted Supplier | LED\/OLED\/LCD\/E-paper digital signages","article_modified_time":"2024-12-18T10:25:48+00:00","og_image":[{"url":"https:\/\/pub-78925c7bf9ca4c6d820df8293a5c116c.r2.dev\/2024\/12\/payments-2.webp","type":"","width":"","height":""}],"twitter_card":"summary_large_image","twitter_misc":{"Est. reading time":"2 minutes"},"schema":{"@context":"https:\/\/schema.org","@graph":[{"@type":"WebPage","@id":"https:\/\/lynnhan.com\/payments\/","url":"https:\/\/lynnhan.com\/payments\/","name":"Payments: Lynnhan portable TV supplier","isPartOf":{"@id":"https:\/\/lynnhan.com\/km\/#website"},"primaryImageOfPage":{"@id":"https:\/\/lynnhan.com\/payments\/#primaryimage"},"image":{"@id":"https:\/\/lynnhan.com\/payments\/#primaryimage"},"thumbnailUrl":"https:\/\/pub-78925c7bf9ca4c6d820df8293a5c116c.r2.dev\/2024\/12\/payments-2.webp","datePublished":"2024-02-27T08:28:56+00:00","dateModified":"2024-12-18T10:25:48+00:00","description":"D\u00ebshmoni si \u00e7ift\u00ebsia TV portab\u00ebl Lynhan e pagimeve ndryshon b\u00ebjn\u00eb \u00e7\u00ebshtjet tuaj e blerieve online n\u00eb jet\u00eb t\u00eb q\u00ebll\u00ebshme, e leht\u00eb.","breadcrumb":{"@id":"https:\/\/lynnhan.com\/payments\/#breadcrumb"},"inLanguage":"dzo","potentialAction":[{"@type":"ReadAction","target":["https:\/\/lynnhan.com\/payments\/"]}]},{"@type":"ImageObject","inLanguage":"dzo","@id":"https:\/\/lynnhan.com\/payments\/#primaryimage","url":"https:\/\/pub-78925c7bf9ca4c6d820df8293a5c116c.r2.dev\/2024\/12\/payments-2.webp","contentUrl":"https:\/\/pub-78925c7bf9ca4c6d820df8293a5c116c.r2.dev\/2024\/12\/payments-2.webp"},{"@type":"BreadcrumbList","@id":"https:\/\/lynnhan.com\/payments\/#breadcrumb","itemListElement":[{"@type":"ListItem","position":1,"name":"Home","item":"https:\/\/lynnhan.com\/"},{"@type":"ListItem","position":2,"name":"Payments"}]},{"@type":"WebSite","@id":"https:\/\/lynnhan.com\/km\/#website","url":"https:\/\/lynnhan.com\/km\/","name":"Lynnhan - \u0259m\u0259n\u0259t\u0259n Q\u0259bulqarar Vericisi | LED\/OLED\/LCD\/E-paper d\u0259yy\u0259r \u0259\u015fyalar\u0131 r\u0259q\u0259msal l\u00f6vh\u0259l\u0259ri","description":"Lynnhan - \u0422\u0440\u0443\u0441\u043b\u0443\u0432\u0447\u04af \u041f\u0430\u0439\u0434\u0430\u043b\u0430\u043d\u0443\u0447\u0443 |  LED\/OLED\/LCD\/E-paper \u0434\u0438\u0434\u0436\u0438\u0442\u0430\u043b \u0445\u0430\u0442\u0438\u0440\u0430\u043b\u0430\u0440","publisher":{"@id":"https:\/\/lynnhan.com\/km\/#organization"},"potentialAction":[{"@type":"SearchAction","target":{"@type":"EntryPoint","urlTemplate":"https:\/\/lynnhan.com\/km\/?s={search_term_string}"},"query-input":{"@type":"PropertyValueSpecification","valueRequired":true,"valueName":"search_term_string"}}],"inLanguage":"dzo"},{"@type":"Organization","@id":"https:\/\/lynnhan.com\/km\/#organization","name":"Lynnhan - \u0259m\u0259n\u0259t\u0259n Q\u0259bulqarar Vericisi | LED\/OLED\/LCD\/E-paper d\u0259yy\u0259r \u0259\u015fyalar\u0131 r\u0259q\u0259msal l\u00f6vh\u0259l\u0259ri","url":"https:\/\/lynnhan.com\/km\/","logo":{"@type":"ImageObject","inLanguage":"dzo","@id":"https:\/\/lynnhan.com\/km\/#\/schema\/logo\/image\/","url":"https:\/\/pub-78925c7bf9ca4c6d820df8293a5c116c.r2.dev\/2024\/07\/LynnHan-logo3.png","contentUrl":"https:\/\/pub-78925c7bf9ca4c6d820df8293a5c116c.r2.dev\/2024\/07\/LynnHan-logo3.png","width":390,"height":130,"caption":"Lynnhan - Trusted Supplier | LED\/OLED\/LCD\/E-paper digital signages"},"image":{"@id":"https:\/\/lynnhan.com\/km\/#\/schema\/logo\/image\/"}}]}},"jetpack_sharing_enabled":true,"_links":{"self":[{"href":"https:\/\/lynnhan.com\/dz\/wp-json\/wp\/v2\/pages\/535","targetHints":{"allow":["GET"]}}],"collection":[{"href":"https:\/\/lynnhan.com\/dz\/wp-json\/wp\/v2\/pages"}],"about":[{"href":"https:\/\/lynnhan.com\/dz\/wp-json\/wp\/v2\/types\/page"}],"author":[{"embeddable":true,"href":"https:\/\/lynnhan.com\/dz\/wp-json\/wp\/v2\/users\/1"}],"replies":[{"embeddable":true,"href":"https:\/\/lynnhan.com\/dz\/wp-json\/wp\/v2\/comments?post=535"}],"version-history":[{"count":0,"href":"https:\/\/lynnhan.com\/dz\/wp-json\/wp\/v2\/pages\/535\/revisions"}],"wp:attachment":[{"href":"https:\/\/lynnhan.com\/dz\/wp-json\/wp\/v2\/media?parent=535"}],"curies":[{"name":"wp","href":"https:\/\/api.w.org\/{rel}","templated":true}]}}