{"id":603,"date":"2024-02-28T03:02:21","date_gmt":"2024-02-28T03:02:21","guid":{"rendered":"https:\/\/lynnhan.com\/?page_id=603"},"modified":"2024-12-18T10:29:55","modified_gmt":"2024-12-18T10:29:55","slug":"vilkar-for-service","status":"publish","type":"page","link":"https:\/\/lynnhan.com\/da\/vilkar-for-service\/","title":{"rendered":"Vilk\u00e5r for Service"},"content":{"rendered":"<div data-elementor-type=\"wp-page\" data-elementor-id=\"603\" class=\"elementor elementor-603\" data-elementor-post-type=\"page\">\n\t\t\t\t<div class=\"elementor-element elementor-element-15d4236 e-flex e-con-boxed e-con e-parent\" data-id=\"15d4236\" data-element_type=\"container\">\n\t\t\t\t\t<div class=\"e-con-inner\">\n\t\t\t\t<div class=\"elementor-element elementor-element-86e3659 elementor-widget elementor-widget-image\" data-id=\"86e3659\" data-element_type=\"widget\" data-widget_type=\"image.default\">\n\t\t\t\t<div class=\"elementor-widget-container\">\n\t\t\t\t\t\t\t\t\t\t\t\t\t\t\t<img fetchpriority=\"high\" decoding=\"async\" width=\"1456\" height=\"816\" src=\"https:\/\/pub-78925c7bf9ca4c6d820df8293a5c116c.r2.dev\/2024\/12\/Terms-Of-Service.webp\" class=\"attachment-full size-full wp-image-3307\" alt=\"Samlet i \u00e9n LED Vilk\u00e5r for Brug\" srcset=\"https:\/\/pub-78925c7bf9ca4c6d820df8293a5c116c.r2.dev\/2024\/12\/Terms-Of-Service.webp 1456w, https:\/\/pub-78925c7bf9ca4c6d820df8293a5c116c.r2.dev\/2024\/12\/Terms-Of-Service-700x392.webp 700w, https:\/\/pub-78925c7bf9ca4c6d820df8293a5c116c.r2.dev\/2024\/12\/Terms-Of-Service-1024x574.webp 1024w, https:\/\/pub-78925c7bf9ca4c6d820df8293a5c116c.r2.dev\/2024\/12\/Terms-Of-Service-768x430.webp 768w, https:\/\/pub-78925c7bf9ca4c6d820df8293a5c116c.r2.dev\/2024\/12\/Terms-Of-Service-18x10.webp 18w, https:\/\/pub-78925c7bf9ca4c6d820df8293a5c116c.r2.dev\/2024\/12\/Terms-Of-Service-1140x639.webp 1140w, https:\/\/pub-78925c7bf9ca4c6d820df8293a5c116c.r2.dev\/2024\/12\/Terms-Of-Service-920x516.webp 920w, https:\/\/pub-78925c7bf9ca4c6d820df8293a5c116c.r2.dev\/2024\/12\/Terms-Of-Service-575x322.webp 575w, https:\/\/pub-78925c7bf9ca4c6d820df8293a5c116c.r2.dev\/2024\/12\/Terms-Of-Service-380x213.webp 380w, https:\/\/pub-78925c7bf9ca4c6d820df8293a5c116c.r2.dev\/2024\/12\/Terms-Of-Service-1320x740.webp 1320w, https:\/\/pub-78925c7bf9ca4c6d820df8293a5c116c.r2.dev\/2024\/12\/Terms-Of-Service-800x448.webp 800w\" sizes=\"(max-width: 1456px) 100vw, 1456px\" \/>\t\t\t\t\t\t\t\t\t\t\t\t\t\t\t<\/div>\n\t\t\t\t<\/div>\n\t\t\t\t\t<\/div>\n\t\t\t\t<\/div>\n\t\t<div class=\"elementor-element elementor-element-c870f31 e-flex e-con-boxed e-con e-parent\" data-id=\"c870f31\" data-element_type=\"container\">\n\t\t\t\t\t<div class=\"e-con-inner\">\n\t\t\t\t<div class=\"elementor-element elementor-element-1d30a00 elementor-widget elementor-widget-text-editor\" data-id=\"1d30a00\" data-element_type=\"widget\" data-widget_type=\"text-editor.default\">\n\t\t\t\t<div class=\"elementor-widget-container\">\n\t\t\t\t\t\t\t\t\t<h3>1. Vilk\u00e5r for Tjenester for Lynnhan<\/h3><p><strong>2. Velkommen til Lynnhan<\/strong><\/p><p>3. Tak fordi du har valgt Lynnhan til dine behov for smart teknologi. Ved at f\u00e5 adgang til og bruge vores hjemmeside, produkter og tjenester, accepterer du at overholde og v\u00e6re bundet af f\u00f8lgende vilk\u00e5r og betingelser for tjeneste. Disse vilk\u00e5r g\u00e6lder for alle brugere, bes\u00f8gende og andre, der f\u00e5r adgang til eller bruger tjenesten. L\u00e6s venligst disse vilk\u00e5r omhyggeligt, f\u00f8r du bruger vores tjenester.<\/p><p><strong>4. Brug af Vores Tjenester<\/strong><\/p><ul><li><strong>5. Kvalifikation<\/strong>6. : Du skal v\u00e6re mindst 18 \u00e5r gammel for at bruge vores tjenester eller have lovlig for\u00e6ldrem\u00e6ssig eller v\u00e6rgeconsent, hvis du er en mindre\u00e5rig i din jurisdiktion.<\/li><li><strong>7. Licens til Brug<\/strong>8. : Lynnhan giver dig en begr\u00e6nset, ikke-eksklusiv, ikke-overf\u00f8rbare licens til at f\u00e5 adgang til og bruge vores tjenester til personlige eller interne forretningsm\u00e6ssige form\u00e5l, underlagt disse Vilk\u00e5r for Tjeneste.<\/li><li><strong>9. Konto Registration<\/strong>10. : Nogle aspekter af vores tjeneste kr\u00e6ver, at du opretter en konto. Du er ansvarlig for at vedligeholde konfidentialiteten af din kontooplysninger og for alle aktiviteter, der forekommer under din konto.<\/li><\/ul><p><strong>11. Forbudt Opf\u00f8rsel<\/strong><\/p><p>12. Du accepterer ikke at engagement i f\u00f8lgende forbudte aktiviteter:<\/p><ul><li>13. Brug af tjenesten til ethvert ulovligt form\u00e5l eller i strid med ethvert lokal, statlig, national eller international lov.<\/li><li>14. Overtr\u00e6delse eller fors\u00f8g p\u00e5 overtr\u00e6delse af sikkerheden for vores tjenester.<\/li><li>15. Brug af tjenesten til at distribuere malware eller ondsindet indhold.<\/li><li>16. Overtr\u00e6delse af de intellektuelle ejendomsretter eller ejendomsretter hos Lynnhan eller nogen tredjepart.<\/li><\/ul><p><strong>Intellektuel Ejendom<\/strong><\/p><p>17. Alt indhold leveret p\u00e5 vores tjenester, herunder men ikke begr\u00e6nset til tekst, grafik, logoer, billeder og software, er ejendom af Lynnhan eller dens indholdsl\u00f8bere og beskyttet af internationale ophavsret og immaterielle ejendomslove.<\/p><p><strong>18. Brugerindhold<\/strong><\/p><p>19. Hvis du poster, uploader eller p\u00e5 anden m\u00e5de g\u00f8r tilg\u00e6ngeligt noget indhold p\u00e5 vores tjenester, giver du Lynnhan en ikke-eksklusiv, verdensomsp\u00e6ndende, royaltyfri licens til at bruge, reproducere, \u00e6ndre og vise s\u00e5dant indhold i forbindelse med levering af tjenesten.<\/p><p><strong>20. Oph\u00f8r<\/strong><\/p><p>21. Lynnhan forbeholder sig retten til at oph\u00f8re eller suspendere din adgang til vores tjenester uden forudg\u00e5ende varsel eller erstatningsansvar, af enhver grund, herunder men ikke begr\u00e6nset til, hvis du overtr\u00e6der Vilk\u00e5rene for Tjeneste.<\/p><p><strong>22. Fraskrivelse af Garantier<\/strong><\/p><p>23. Vores tjenester leveres p\u00e5 et \u201csom det er\u201d og \u201csom det er tilg\u00e6ngeligt\u201d grundlag. Lynnhan giver ingen garantier, udtrykte eller implikationer, og hermed fraskriver sig alle andre garantier, herunder men ikke begr\u00e6nset til, implikationer eller betingelser om handelsm\u00e6ssighed, egnethed til et bestemt form\u00e5l eller ikke-overtr\u00e6delse af intellektuel ejendom.<\/p><p><strong>24. Begr\u00e6nsning af Ansvar<\/strong><\/p><p>25. Under ingen omst\u00e6ndigheder skal Lynnhan eller dens leverand\u00f8rer v\u00e6re ansvarlige for ethvert indirekte, uforudsete, s\u00e6rligt, konsekvent eller straffende skade opst\u00e5et ud af eller i forbindelse med din brug af vores tjenester.<\/p><p><strong>26. \u00c6ndringer i Vilk\u00e5r for Tjenester<\/strong><\/p><p>27. Lynnhan forbeholder sig retten, efter egen sk\u00f8n, til enhver tid at \u00e6ndre eller erstatte disse Vilk\u00e5r for Tjeneste. Vi vil give besked om eventuelle betydelige \u00e6ndringer. Ved at forts\u00e6tte med at f\u00e5 adgang til eller bruge vores tjenester efter, at<\/p><p><strong>Contact Us<\/strong><\/p><p>If you have any questions about these Terms of Service, please contact us at contact@xinxiangt.sg-host.com.<\/p><p><strong>Effective Date: 02.28.2024<br \/><\/strong><\/p><p>By accessing or using our services, you acknowledge that you have read, understood, and agree to be bound by these Terms of Service.<\/p>\t\t\t\t\t\t\t\t<\/div>\n\t\t\t\t<\/div>\n\t\t\t\t\t<\/div>\n\t\t\t\t<\/div>\n\t\t\t\t<\/div>","protected":false},"excerpt":{"rendered":"<p>Terms of Service for Lynnhan Welcome to Lynnhan Thank you for choosing Lynnhan for your smart technology needs. By accessing and using our website, products, and services, you agree to [\u2026]<\/p>","protected":false},"author":1,"featured_media":0,"parent":0,"menu_order":0,"comment_status":"closed","ping_status":"closed","template":"","meta":{"footnotes":""},"class_list":["post-603","page","type-page","status-publish","hentry"],"yoast_head":"<!-- This site is optimized with the Yoast SEO plugin v26.6 - https:\/\/yoast.com\/wordpress\/plugins\/seo\/ -->\n<title>LynnHan Terms of Service: Your Guide to Safe Shopping<\/title>\n<meta name=\"description\" content=\"Fairness and transparency are at the heart of LynnHan&#039;s Terms of Service. Discover how we&#039;re dedicated to your satisfaction.\" \/>\n<meta name=\"robots\" content=\"index, follow, max-snippet:-1, max-image-preview:large, max-video-preview:-1\" \/>\n<link rel=\"canonical\" href=\"https:\/\/lynnhan.com\/da\/vilkar-for-service\/\" \/>\n<meta property=\"og:locale\" content=\"da_DK\" \/>\n<meta property=\"og:type\" content=\"article\" \/>\n<meta property=\"og:title\" content=\"LynnHan Terms of Service: Your Guide to Safe Shopping\" \/>\n<meta property=\"og:description\" content=\"Fairness and transparency are at the heart of LynnHan&#039;s Terms of Service. Discover how we&#039;re dedicated to your satisfaction.\" \/>\n<meta property=\"og:url\" content=\"https:\/\/lynnhan.com\/da\/vilkar-for-service\/\" \/>\n<meta property=\"og:site_name\" content=\"Lynnhan - Trusted Supplier | LED\/OLED\/LCD\/E-paper digital signages\" \/>\n<meta property=\"article:modified_time\" content=\"2024-12-18T10:29:55+00:00\" \/>\n<meta property=\"og:image\" content=\"https:\/\/pub-78925c7bf9ca4c6d820df8293a5c116c.r2.dev\/2024\/12\/Terms-Of-Service.webp\" \/>\n<meta name=\"twitter:card\" content=\"summary_large_image\" \/>\n<meta name=\"twitter:label1\" content=\"Estimeret l\u00e6setid\" \/>\n\t<meta name=\"twitter:data1\" content=\"3 minutter\" \/>\n<script type=\"application\/ld+json\" class=\"yoast-schema-graph\">{\"@context\":\"https:\/\/schema.org\",\"@graph\":[{\"@type\":\"WebPage\",\"@id\":\"https:\/\/lynnhan.com\/bo\/terms-of-service\/\",\"url\":\"https:\/\/lynnhan.com\/bo\/terms-of-service\/\",\"name\":\"LynnHan Terms of Service: Your Guide to Safe Shopping\",\"isPartOf\":{\"@id\":\"https:\/\/lynnhan.com\/km\/#website\"},\"primaryImageOfPage\":{\"@id\":\"https:\/\/lynnhan.com\/bo\/terms-of-service\/#primaryimage\"},\"image\":{\"@id\":\"https:\/\/lynnhan.com\/bo\/terms-of-service\/#primaryimage\"},\"thumbnailUrl\":\"https:\/\/pub-78925c7bf9ca4c6d820df8293a5c116c.r2.dev\/2024\/12\/Terms-Of-Service.webp\",\"datePublished\":\"2024-02-28T03:02:21+00:00\",\"dateModified\":\"2024-12-18T10:29:55+00:00\",\"description\":\"Fairness and transparency are at the heart of LynnHan's Terms of Service. Discover how we're dedicated to your satisfaction.\",\"breadcrumb\":{\"@id\":\"https:\/\/lynnhan.com\/bo\/terms-of-service\/#breadcrumb\"},\"inLanguage\":\"da-DK\",\"potentialAction\":[{\"@type\":\"ReadAction\",\"target\":[\"https:\/\/lynnhan.com\/bo\/terms-of-service\/\"]}]},{\"@type\":\"ImageObject\",\"inLanguage\":\"da-DK\",\"@id\":\"https:\/\/lynnhan.com\/bo\/terms-of-service\/#primaryimage\",\"url\":\"https:\/\/pub-78925c7bf9ca4c6d820df8293a5c116c.r2.dev\/2024\/12\/Terms-Of-Service.webp\",\"contentUrl\":\"https:\/\/pub-78925c7bf9ca4c6d820df8293a5c116c.r2.dev\/2024\/12\/Terms-Of-Service.webp\"},{\"@type\":\"BreadcrumbList\",\"@id\":\"https:\/\/lynnhan.com\/bo\/terms-of-service\/#breadcrumb\",\"itemListElement\":[{\"@type\":\"ListItem\",\"position\":1,\"name\":\"Home\",\"item\":\"https:\/\/lynnhan.com\/\"},{\"@type\":\"ListItem\",\"position\":2,\"name\":\"Terms Of Service\"}]},{\"@type\":\"WebSite\",\"@id\":\"https:\/\/lynnhan.com\/km\/#website\",\"url\":\"https:\/\/lynnhan.com\/km\/\",\"name\":\"Lynnhan - Trusted Supplier | LED\/OLED\/LCD\/E-paper digital signages\",\"description\":\"Lynnhan - Trusted Supplier |  LED\/OLED\/LCD\/E-paper digital signages\",\"publisher\":{\"@id\":\"https:\/\/lynnhan.com\/km\/#organization\"},\"potentialAction\":[{\"@type\":\"SearchAction\",\"target\":{\"@type\":\"EntryPoint\",\"urlTemplate\":\"https:\/\/lynnhan.com\/km\/?s={search_term_string}\"},\"query-input\":{\"@type\":\"PropertyValueSpecification\",\"valueRequired\":true,\"valueName\":\"search_term_string\"}}],\"inLanguage\":\"da-DK\"},{\"@type\":\"Organization\",\"@id\":\"https:\/\/lynnhan.com\/km\/#organization\",\"name\":\"Lynnhan - Trusted Supplier | LED\/OLED\/LCD\/E-paper digital signages\",\"url\":\"https:\/\/lynnhan.com\/km\/\",\"logo\":{\"@type\":\"ImageObject\",\"inLanguage\":\"da-DK\",\"@id\":\"https:\/\/lynnhan.com\/km\/#\/schema\/logo\/image\/\",\"url\":\"https:\/\/pub-78925c7bf9ca4c6d820df8293a5c116c.r2.dev\/2024\/07\/LynnHan-logo3.png\",\"contentUrl\":\"https:\/\/pub-78925c7bf9ca4c6d820df8293a5c116c.r2.dev\/2024\/07\/LynnHan-logo3.png\",\"width\":390,\"height\":130,\"caption\":\"Lynnhan - Trusted Supplier | LED\/OLED\/LCD\/E-paper digital signages\"},\"image\":{\"@id\":\"https:\/\/lynnhan.com\/km\/#\/schema\/logo\/image\/\"}}]}<\/script>\n<!-- \/ Yoast SEO plugin. -->","yoast_head_json":{"title":"LynnHan Vilk\u00e5r for Service: Din Guide til Sikker Shopping","description":"Fairness and transparency are at the heart of LynnHan's Terms of Service.","robots":{"index":"index","follow":"follow","max-snippet":"max-snippet:-1","max-image-preview":"max-image-preview:large","max-video-preview":"max-video-preview:-1"},"canonical":"https:\/\/lynnhan.com\/da\/vilkar-for-service\/","og_locale":"da_DK","og_type":"article","og_title":"LynnHan Terms of Service: Your Guide to Safe Shopping","og_description":"Fairness and transparency are at the heart of LynnHan's Terms of Service. Discover how we're dedicated to your satisfaction.","og_url":"https:\/\/lynnhan.com\/da\/vilkar-for-service\/","og_site_name":"Lynnhan - Trusted Supplier | LED\/OLED\/LCD\/E-paper digital signages","article_modified_time":"2024-12-18T10:29:55+00:00","og_image":[{"url":"https:\/\/pub-78925c7bf9ca4c6d820df8293a5c116c.r2.dev\/2024\/12\/Terms-Of-Service.webp","type":"","width":"","height":""}],"twitter_card":"summary_large_image","twitter_misc":{"Estimeret l\u00e6setid":"3 minutter"},"schema":{"@context":"https:\/\/schema.org","@graph":[{"@type":"WebPage","@id":"https:\/\/lynnhan.com\/bo\/terms-of-service\/","url":"https:\/\/lynnhan.com\/bo\/terms-of-service\/","name":"LynnHan Vilk\u00e5r for Service: Din Guide til Sikker Shopping","isPartOf":{"@id":"https:\/\/lynnhan.com\/km\/#website"},"primaryImageOfPage":{"@id":"https:\/\/lynnhan.com\/bo\/terms-of-service\/#primaryimage"},"image":{"@id":"https:\/\/lynnhan.com\/bo\/terms-of-service\/#primaryimage"},"thumbnailUrl":"https:\/\/pub-78925c7bf9ca4c6d820df8293a5c116c.r2.dev\/2024\/12\/Terms-Of-Service.webp","datePublished":"2024-02-28T03:02:21+00:00","dateModified":"2024-12-18T10:29:55+00:00","description":"Fairness and transparency are at the heart of LynnHan's Terms of Service.","breadcrumb":{"@id":"https:\/\/lynnhan.com\/bo\/terms-of-service\/#breadcrumb"},"inLanguage":"da-DK","potentialAction":[{"@type":"ReadAction","target":["https:\/\/lynnhan.com\/bo\/terms-of-service\/"]}]},{"@type":"ImageObject","inLanguage":"da-DK","@id":"https:\/\/lynnhan.com\/bo\/terms-of-service\/#primaryimage","url":"https:\/\/pub-78925c7bf9ca4c6d820df8293a5c116c.r2.dev\/2024\/12\/Terms-Of-Service.webp","contentUrl":"https:\/\/pub-78925c7bf9ca4c6d820df8293a5c116c.r2.dev\/2024\/12\/Terms-Of-Service.webp"},{"@type":"BreadcrumbList","@id":"https:\/\/lynnhan.com\/bo\/terms-of-service\/#breadcrumb","itemListElement":[{"@type":"ListItem","position":1,"name":"Home","item":"https:\/\/lynnhan.com\/"},{"@type":"ListItem","position":2,"name":"Terms Of Service"}]},{"@type":"WebSite","@id":"https:\/\/lynnhan.com\/km\/#website","url":"https:\/\/lynnhan.com\/km\/","name":"Lynnhan - Tillidsw\u00e6rdig Leverand\u00f8r | LED\/OLED\/LCD\/E-paper digitale skilte","description":"Lynnhan - Tillidv\u00e6rdig Leverand\u00f8r | LED\/OLED\/LCD\/E-paper digitale skilte","publisher":{"@id":"https:\/\/lynnhan.com\/km\/#organization"},"potentialAction":[{"@type":"SearchAction","target":{"@type":"EntryPoint","urlTemplate":"https:\/\/lynnhan.com\/km\/?s={search_term_string}"},"query-input":{"@type":"PropertyValueSpecification","valueRequired":true,"valueName":"search_term_string"}}],"inLanguage":"da-DK"},{"@type":"Organization","@id":"https:\/\/lynnhan.com\/km\/#organization","name":"Lynnhan - Tillidsw\u00e6rdig Leverand\u00f8r | LED\/OLED\/LCD\/E-paper digitale skilte","url":"https:\/\/lynnhan.com\/km\/","logo":{"@type":"ImageObject","inLanguage":"da-DK","@id":"https:\/\/lynnhan.com\/km\/#\/schema\/logo\/image\/","url":"https:\/\/pub-78925c7bf9ca4c6d820df8293a5c116c.r2.dev\/2024\/07\/LynnHan-logo3.png","contentUrl":"https:\/\/pub-78925c7bf9ca4c6d820df8293a5c116c.r2.dev\/2024\/07\/LynnHan-logo3.png","width":390,"height":130,"caption":"Lynnhan - Trusted Supplier | LED\/OLED\/LCD\/E-paper digital signages"},"image":{"@id":"https:\/\/lynnhan.com\/km\/#\/schema\/logo\/image\/"}}]}},"jetpack_sharing_enabled":true,"_links":{"self":[{"href":"https:\/\/lynnhan.com\/da\/wp-json\/wp\/v2\/pages\/603","targetHints":{"allow":["GET"]}}],"collection":[{"href":"https:\/\/lynnhan.com\/da\/wp-json\/wp\/v2\/pages"}],"about":[{"href":"https:\/\/lynnhan.com\/da\/wp-json\/wp\/v2\/types\/page"}],"author":[{"embeddable":true,"href":"https:\/\/lynnhan.com\/da\/wp-json\/wp\/v2\/users\/1"}],"replies":[{"embeddable":true,"href":"https:\/\/lynnhan.com\/da\/wp-json\/wp\/v2\/comments?post=603"}],"version-history":[{"count":0,"href":"https:\/\/lynnhan.com\/da\/wp-json\/wp\/v2\/pages\/603\/revisions"}],"wp:attachment":[{"href":"https:\/\/lynnhan.com\/da\/wp-json\/wp\/v2\/media?parent=603"}],"curies":[{"name":"wp","href":"https:\/\/api.w.org\/{rel}","templated":true}]}}