{"id":562,"date":"2024-02-28T01:46:45","date_gmt":"2024-02-28T01:46:45","guid":{"rendered":"https:\/\/lynnhan.com\/?page_id=562"},"modified":"2026-01-06T03:52:39","modified_gmt":"2026-01-06T03:52:39","slug":"om-lynnhan-interactive-display-factory","status":"publish","type":"page","link":"https:\/\/lynnhan.com\/da\/om-lynnhan-interactive-display-factory\/","title":{"rendered":"Om"},"content":{"rendered":"<p>Hos Lynnhan Interative Display Factory er vi drevet af en enkelt mission: at revolutionere m\u00e5den, du lever og arbejder p\u00e5, gennem innovativ teknologi. Med over en \u00e5rr\u00e6kke erfaring inden for smart teknologiindustrien har vi v\u00e6ret i front af at designe og levere avancerede produkter, der styrker virksomheder og beriger liv.<\/p>\n\n\n<p><\/p>","protected":false},"excerpt":{"rendered":"<p>At Lynnhan Interative Display Factory, we are driven by a single mission: to revolutionize the way you live and work through innovative technology. With over a decade of expertise in [\u2026]<\/p>","protected":false},"author":1,"featured_media":0,"parent":0,"menu_order":0,"comment_status":"closed","ping_status":"closed","template":"","meta":{"footnotes":""},"class_list":["post-562","page","type-page","status-publish","hentry"],"yoast_head":"<!-- This site is optimized with the Yoast SEO plugin v26.6 - https:\/\/yoast.com\/wordpress\/plugins\/seo\/ -->\n<title>About - Lynnhan Interactive Display Factory<\/title>\n<meta name=\"description\" content=\"About Lynnhan-We are a reliable Interactive Display factory Of smart boards, portable TVs, smart touch screens, smart portable projectors,etc\" \/>\n<meta name=\"robots\" content=\"index, follow, max-snippet:-1, max-image-preview:large, max-video-preview:-1\" \/>\n<link rel=\"canonical\" href=\"https:\/\/lynnhan.com\/da\/om-lynnhan-interactive-display-factory\/\" \/>\n<meta property=\"og:locale\" content=\"da_DK\" \/>\n<meta property=\"og:type\" content=\"article\" \/>\n<meta property=\"og:title\" content=\"About - Lynnhan Interactive Display Factory\" \/>\n<meta property=\"og:description\" content=\"About Lynnhan-We are a reliable Interactive Display factory Of smart boards, portable TVs, smart touch screens, smart portable projectors,etc\" \/>\n<meta property=\"og:url\" content=\"https:\/\/lynnhan.com\/da\/om-lynnhan-interactive-display-factory\/\" \/>\n<meta property=\"og:site_name\" content=\"Lynnhan - Trusted Supplier | LED\/OLED\/LCD\/E-paper digital signages\" \/>\n<meta property=\"article:modified_time\" content=\"2026-01-06T03:52:39+00:00\" \/>\n<meta name=\"twitter:card\" content=\"summary_large_image\" \/>\n<meta name=\"twitter:label1\" content=\"Estimeret l\u00e6setid\" \/>\n\t<meta name=\"twitter:data1\" content=\"1 minut\" \/>\n<script type=\"application\/ld+json\" class=\"yoast-schema-graph\">{\"@context\":\"https:\/\/schema.org\",\"@graph\":[{\"@type\":\"WebPage\",\"@id\":\"https:\/\/lynnhan.com\/about-lynnhan-interactive-display-factory\/\",\"url\":\"https:\/\/lynnhan.com\/about-lynnhan-interactive-display-factory\/\",\"name\":\"About - Lynnhan Interactive Display Factory\",\"isPartOf\":{\"@id\":\"https:\/\/lynnhan.com\/km\/#website\"},\"datePublished\":\"2024-02-28T01:46:45+00:00\",\"dateModified\":\"2026-01-06T03:52:39+00:00\",\"description\":\"About Lynnhan-We are a reliable Interactive Display factory Of smart boards, portable TVs, smart touch screens, smart portable projectors,etc\",\"breadcrumb\":{\"@id\":\"https:\/\/lynnhan.com\/about-lynnhan-interactive-display-factory\/#breadcrumb\"},\"inLanguage\":\"da-DK\",\"potentialAction\":[{\"@type\":\"ReadAction\",\"target\":[\"https:\/\/lynnhan.com\/about-lynnhan-interactive-display-factory\/\"]}]},{\"@type\":\"BreadcrumbList\",\"@id\":\"https:\/\/lynnhan.com\/about-lynnhan-interactive-display-factory\/#breadcrumb\",\"itemListElement\":[{\"@type\":\"ListItem\",\"position\":1,\"name\":\"Home\",\"item\":\"https:\/\/lynnhan.com\/\"},{\"@type\":\"ListItem\",\"position\":2,\"name\":\"About\"}]},{\"@type\":\"WebSite\",\"@id\":\"https:\/\/lynnhan.com\/km\/#website\",\"url\":\"https:\/\/lynnhan.com\/km\/\",\"name\":\"Lynnhan - Trusted Supplier | LED\/OLED\/LCD\/E-paper digital signages\",\"description\":\"Lynnhan - Trusted Supplier |  LED\/OLED\/LCD\/E-paper digital signages\",\"publisher\":{\"@id\":\"https:\/\/lynnhan.com\/km\/#organization\"},\"potentialAction\":[{\"@type\":\"SearchAction\",\"target\":{\"@type\":\"EntryPoint\",\"urlTemplate\":\"https:\/\/lynnhan.com\/km\/?s={search_term_string}\"},\"query-input\":{\"@type\":\"PropertyValueSpecification\",\"valueRequired\":true,\"valueName\":\"search_term_string\"}}],\"inLanguage\":\"da-DK\"},{\"@type\":\"Organization\",\"@id\":\"https:\/\/lynnhan.com\/km\/#organization\",\"name\":\"Lynnhan - Trusted Supplier | LED\/OLED\/LCD\/E-paper digital signages\",\"url\":\"https:\/\/lynnhan.com\/km\/\",\"logo\":{\"@type\":\"ImageObject\",\"inLanguage\":\"da-DK\",\"@id\":\"https:\/\/lynnhan.com\/km\/#\/schema\/logo\/image\/\",\"url\":\"https:\/\/pub-78925c7bf9ca4c6d820df8293a5c116c.r2.dev\/2024\/07\/LynnHan-logo3.png\",\"contentUrl\":\"https:\/\/pub-78925c7bf9ca4c6d820df8293a5c116c.r2.dev\/2024\/07\/LynnHan-logo3.png\",\"width\":390,\"height\":130,\"caption\":\"Lynnhan - Trusted Supplier | LED\/OLED\/LCD\/E-paper digital signages\"},\"image\":{\"@id\":\"https:\/\/lynnhan.com\/km\/#\/schema\/logo\/image\/\"}}]}<\/script>\n<!-- \/ Yoast SEO plugin. -->","yoast_head_json":{"title":"Om - Lynnhan Interactive Display Factory","description":"Om Lynnhan-Vi er en p\u00e5lidelig producent af interaktive sk\u00e6rme, smarte tavler, b\u00e6rbare TV'er, smarte ber\u00f8ringssk\u00e6rme, smarte b\u00e6rbare projektorer, osv.","robots":{"index":"index","follow":"follow","max-snippet":"max-snippet:-1","max-image-preview":"max-image-preview:large","max-video-preview":"max-video-preview:-1"},"canonical":"https:\/\/lynnhan.com\/da\/om-lynnhan-interactive-display-factory\/","og_locale":"da_DK","og_type":"article","og_title":"About - Lynnhan Interactive Display Factory","og_description":"About Lynnhan-We are a reliable Interactive Display factory Of smart boards, portable TVs, smart touch screens, smart portable projectors,etc","og_url":"https:\/\/lynnhan.com\/da\/om-lynnhan-interactive-display-factory\/","og_site_name":"Lynnhan - Trusted Supplier | LED\/OLED\/LCD\/E-paper digital signages","article_modified_time":"2026-01-06T03:52:39+00:00","twitter_card":"summary_large_image","twitter_misc":{"Estimeret l\u00e6setid":"1 minut"},"schema":{"@context":"https:\/\/schema.org","@graph":[{"@type":"WebPage","@id":"https:\/\/lynnhan.com\/about-lynnhan-interactive-display-factory\/","url":"https:\/\/lynnhan.com\/about-lynnhan-interactive-display-factory\/","name":"Om - Lynnhan Interactive Display Factory","isPartOf":{"@id":"https:\/\/lynnhan.com\/km\/#website"},"datePublished":"2024-02-28T01:46:45+00:00","dateModified":"2026-01-06T03:52:39+00:00","description":"Om Lynnhan-Vi er en p\u00e5lidelig producent af interaktive sk\u00e6rme, smarte tavler, b\u00e6rbare TV'er, smarte ber\u00f8ringssk\u00e6rme, smarte b\u00e6rbare projektorer, osv.","breadcrumb":{"@id":"https:\/\/lynnhan.com\/about-lynnhan-interactive-display-factory\/#breadcrumb"},"inLanguage":"da-DK","potentialAction":[{"@type":"ReadAction","target":["https:\/\/lynnhan.com\/about-lynnhan-interactive-display-factory\/"]}]},{"@type":"BreadcrumbList","@id":"https:\/\/lynnhan.com\/about-lynnhan-interactive-display-factory\/#breadcrumb","itemListElement":[{"@type":"ListItem","position":1,"name":"Home","item":"https:\/\/lynnhan.com\/"},{"@type":"ListItem","position":2,"name":"About"}]},{"@type":"WebSite","@id":"https:\/\/lynnhan.com\/km\/#website","url":"https:\/\/lynnhan.com\/km\/","name":"Lynnhan - Tillidsw\u00e6rdig Leverand\u00f8r | LED\/OLED\/LCD\/E-paper digitale skilte","description":"Lynnhan - Tillidv\u00e6rdig Leverand\u00f8r | LED\/OLED\/LCD\/E-paper digitale skilte","publisher":{"@id":"https:\/\/lynnhan.com\/km\/#organization"},"potentialAction":[{"@type":"SearchAction","target":{"@type":"EntryPoint","urlTemplate":"https:\/\/lynnhan.com\/km\/?s={search_term_string}"},"query-input":{"@type":"PropertyValueSpecification","valueRequired":true,"valueName":"search_term_string"}}],"inLanguage":"da-DK"},{"@type":"Organization","@id":"https:\/\/lynnhan.com\/km\/#organization","name":"Lynnhan - Tillidsw\u00e6rdig Leverand\u00f8r | LED\/OLED\/LCD\/E-paper digitale skilte","url":"https:\/\/lynnhan.com\/km\/","logo":{"@type":"ImageObject","inLanguage":"da-DK","@id":"https:\/\/lynnhan.com\/km\/#\/schema\/logo\/image\/","url":"https:\/\/pub-78925c7bf9ca4c6d820df8293a5c116c.r2.dev\/2024\/07\/LynnHan-logo3.png","contentUrl":"https:\/\/pub-78925c7bf9ca4c6d820df8293a5c116c.r2.dev\/2024\/07\/LynnHan-logo3.png","width":390,"height":130,"caption":"Lynnhan - Trusted Supplier | LED\/OLED\/LCD\/E-paper digital signages"},"image":{"@id":"https:\/\/lynnhan.com\/km\/#\/schema\/logo\/image\/"}}]}},"jetpack_sharing_enabled":true,"_links":{"self":[{"href":"https:\/\/lynnhan.com\/da\/wp-json\/wp\/v2\/pages\/562","targetHints":{"allow":["GET"]}}],"collection":[{"href":"https:\/\/lynnhan.com\/da\/wp-json\/wp\/v2\/pages"}],"about":[{"href":"https:\/\/lynnhan.com\/da\/wp-json\/wp\/v2\/types\/page"}],"author":[{"embeddable":true,"href":"https:\/\/lynnhan.com\/da\/wp-json\/wp\/v2\/users\/1"}],"replies":[{"embeddable":true,"href":"https:\/\/lynnhan.com\/da\/wp-json\/wp\/v2\/comments?post=562"}],"version-history":[{"count":1,"href":"https:\/\/lynnhan.com\/da\/wp-json\/wp\/v2\/pages\/562\/revisions"}],"predecessor-version":[{"id":8401,"href":"https:\/\/lynnhan.com\/da\/wp-json\/wp\/v2\/pages\/562\/revisions\/8401"}],"wp:attachment":[{"href":"https:\/\/lynnhan.com\/da\/wp-json\/wp\/v2\/media?parent=562"}],"curies":[{"name":"wp","href":"https:\/\/api.w.org\/{rel}","templated":true}]}}