{"id":603,"date":"2024-02-28T03:02:21","date_gmt":"2024-02-28T03:02:21","guid":{"rendered":"https:\/\/lynnhan.com\/?page_id=603"},"modified":"2024-12-18T10:29:55","modified_gmt":"2024-12-18T10:29:55","slug":"uzivatelske-podminky","status":"publish","type":"page","link":"https:\/\/lynnhan.com\/cs\/uzivatelske-podminky\/","title":{"rendered":"Podm\u00ednky poskytov\u00e1n\u00ed slu\u017eeb"},"content":{"rendered":"<div data-elementor-type=\"wp-page\" data-elementor-id=\"603\" class=\"elementor elementor-603\" data-elementor-post-type=\"page\">\n\t\t\t\t<div class=\"elementor-element elementor-element-15d4236 e-flex e-con-boxed e-con e-parent\" data-id=\"15d4236\" data-element_type=\"container\">\n\t\t\t\t\t<div class=\"e-con-inner\">\n\t\t\t\t<div class=\"elementor-element elementor-element-86e3659 elementor-widget elementor-widget-image\" data-id=\"86e3659\" data-element_type=\"widget\" data-widget_type=\"image.default\">\n\t\t\t\t<div class=\"elementor-widget-container\">\n\t\t\t\t\t\t\t\t\t\t\t\t\t\t\t<img fetchpriority=\"high\" decoding=\"async\" width=\"1456\" height=\"816\" src=\"https:\/\/pub-78925c7bf9ca4c6d820df8293a5c116c.r2.dev\/2024\/12\/Terms-Of-Service.webp\" class=\"attachment-full size-full wp-image-3307\" alt=\"V\u0161e v jednom Podm\u00ednky slu\u017eby LED\" srcset=\"https:\/\/pub-78925c7bf9ca4c6d820df8293a5c116c.r2.dev\/2024\/12\/Terms-Of-Service.webp 1456w, https:\/\/pub-78925c7bf9ca4c6d820df8293a5c116c.r2.dev\/2024\/12\/Terms-Of-Service-700x392.webp 700w, https:\/\/pub-78925c7bf9ca4c6d820df8293a5c116c.r2.dev\/2024\/12\/Terms-Of-Service-1024x574.webp 1024w, https:\/\/pub-78925c7bf9ca4c6d820df8293a5c116c.r2.dev\/2024\/12\/Terms-Of-Service-768x430.webp 768w, https:\/\/pub-78925c7bf9ca4c6d820df8293a5c116c.r2.dev\/2024\/12\/Terms-Of-Service-18x10.webp 18w, https:\/\/pub-78925c7bf9ca4c6d820df8293a5c116c.r2.dev\/2024\/12\/Terms-Of-Service-1140x639.webp 1140w, https:\/\/pub-78925c7bf9ca4c6d820df8293a5c116c.r2.dev\/2024\/12\/Terms-Of-Service-920x516.webp 920w, https:\/\/pub-78925c7bf9ca4c6d820df8293a5c116c.r2.dev\/2024\/12\/Terms-Of-Service-575x322.webp 575w, https:\/\/pub-78925c7bf9ca4c6d820df8293a5c116c.r2.dev\/2024\/12\/Terms-Of-Service-380x213.webp 380w, https:\/\/pub-78925c7bf9ca4c6d820df8293a5c116c.r2.dev\/2024\/12\/Terms-Of-Service-1320x740.webp 1320w, https:\/\/pub-78925c7bf9ca4c6d820df8293a5c116c.r2.dev\/2024\/12\/Terms-Of-Service-800x448.webp 800w\" sizes=\"(max-width: 1456px) 100vw, 1456px\" \/>\t\t\t\t\t\t\t\t\t\t\t\t\t\t\t<\/div>\n\t\t\t\t<\/div>\n\t\t\t\t\t<\/div>\n\t\t\t\t<\/div>\n\t\t<div class=\"elementor-element elementor-element-c870f31 e-flex e-con-boxed e-con e-parent\" data-id=\"c870f31\" data-element_type=\"container\">\n\t\t\t\t\t<div class=\"e-con-inner\">\n\t\t\t\t<div class=\"elementor-element elementor-element-1d30a00 elementor-widget elementor-widget-text-editor\" data-id=\"1d30a00\" data-element_type=\"widget\" data-widget_type=\"text-editor.default\">\n\t\t\t\t<div class=\"elementor-widget-container\">\n\t\t\t\t\t\t\t\t\t<h3>1. Slu\u017eobn\u00e9 podm\u00ednky pro Lynnhan<\/h3><p><strong>2. V\u00edtejte na Lynnhan<\/strong><\/p><p>3. D\u011bkujeme, \u017ee jste si vybrali Lynnhan pro va\u0161e pot\u0159eby chytr\u00e9 technologie. P\u0159\u00edstupem k na\u0161im webov\u00fdm str\u00e1nek\u00e1m, produkt\u016fm a slu\u017eb\u00e1m souhlas\u00edte s dodr\u017eov\u00e1n\u00edm a v\u00e1zanost\u00ed n\u00e1sleduj\u00edc\u00edch podm\u00ednek slu\u017eeb. Tyto podm\u00ednky se vztahuj\u00ed na v\u0161echny u\u017eivatele, n\u00e1v\u0161t\u011bvn\u00edky a jin\u00e9 osoby, kter\u00e9 p\u0159istupuj\u00ed nebo pou\u017e\u00edvaj\u00ed Slu\u017ebu. P\u0159ed pou\u017eit\u00edm na\u0161ich slu\u017eeb si pros\u00edm pe\u010dliv\u011b p\u0159e\u010dt\u011bte tyto podm\u00ednky.<\/p><p><strong>4. Pou\u017eit\u00ed na\u0161ich slu\u017eeb<\/strong><\/p><ul><li><strong>5. P\u0159\u00edpustnost<\/strong>6. : Mus\u00edte b\u00fdt nejm\u00e9n\u011b 18 let star\u00fd, abyste mohli pou\u017e\u00edvat na\u0161e slu\u017eby, nebo pokud jste v r\u00e1mci va\u0161\u00ed jurisdikce mladistv\u00fd, mus\u00edte m\u00edt z\u00e1konn\u00fd rodi\u010dovsk\u00fd nebo opatrovnick\u00fd souhlas.<\/li><li><strong>7. Licen\u010dn\u00ed ujedn\u00e1n\u00ed<\/strong>8. : Lynnhan v\u00e1m ud\u011bluje omezenou, nevyhradn\u00ed, nepr\u016fstupnou licenci k p\u0159\u00edstupu a pou\u017eit\u00ed na\u0161ich slu\u017eeb pro osobn\u00ed nebo vnit\u0159n\u00ed obchodn\u00ed \u00fa\u010dely, za podm\u00ednkou t\u011bchto Slu\u017eebn\u00edch podm\u00ednek.<\/li><li><strong>9. Registrace \u00fa\u010dtu<\/strong>10. : N\u011bkter\u00e9 aspekty na\u0161ich slu\u017eeb mohou vy\u017eadovat, abyste vytvo\u0159ili \u00fa\u010det. Jste odpov\u011bdn\u00ed za udr\u017eov\u00e1n\u00ed d\u016fv\u011brnosti informac\u00ed o va\u0161em \u00fa\u010dtu a za v\u0161echny \u010dinnosti, kter\u00e9 se odehraj\u00ed pod va\u0161\u00edm \u00fa\u010dtem.<\/li><\/ul><p><strong>11. Z\u00e1kazovan\u00e9 \u010dinnosti<\/strong><\/p><p>12. Souhlas\u00edte s t\u00edm, \u017ee se nebudete anga\u017eovat v n\u00e1sleduj\u00edc\u00edch z\u00e1kazovan\u00fdch \u010dinnostech:<\/p><ul><li>13. Pou\u017e\u00edv\u00e1n\u00ed slu\u017eby pro jak\u00fdkoli neleg\u00e1ln\u00ed \u00fa\u010del nebo poru\u0161en\u00ed jak\u00fdchkoli m\u00edstn\u00edch, st\u00e1tn\u00edch, n\u00e1rodn\u00edch nebo mezin\u00e1rodn\u00edch z\u00e1kon\u016f.<\/li><li>14. Poru\u0161ov\u00e1n\u00ed nebo pokus o poru\u0161en\u00ed bezpe\u010dnosti na\u0161ich slu\u017eeb.<\/li><li>15. Pou\u017e\u00edv\u00e1n\u00ed slu\u017eby k distribuci malware nebo \u0161kodliv\u00e9ho obsahu.<\/li><li>16. Poru\u0161ov\u00e1n\u00ed pr\u00e1v du\u0161evn\u00edho vlastnictv\u00ed nebo majetkov\u00fdch pr\u00e1v Lynnhan nebo t\u0159et\u00ed strany.<\/li><\/ul><p><strong>Du\u0161evn\u00ed vlastnictv\u00ed<\/strong><\/p><p>17. V\u0161echny obsahy poskytovan\u00e9 na\u0161imi slu\u017ebami, v\u010detn\u011b, ale nejenom textu, grafiky, log, obr\u00e1zk\u016f a softwaru, jsou majetkem Lynnhan nebo jeho dodavatel\u016f obsahu a chr\u00e1n\u011bny mezin\u00e1rodn\u00edmi pr\u00e1vy du\u0161evn\u00edho vlastnictv\u00ed a pr\u00e1vy du\u0161evn\u00edho vlastnictv\u00ed.<\/p><p><strong>18. U\u017eivatelsk\u00fd obsah<\/strong><\/p><p>19. Pokud publikujete, nahr\u00e1v\u00e1te nebo jinak zp\u0159\u00edstupn\u00edte jak\u00fdkoli obsah na na\u0161ich slu\u017eb\u00e1ch, ud\u011bl\u00edte Lynnhan nevyhradnou, celosv\u011btovou, bezplatnou licenci k pou\u017eit\u00ed, rozmno\u017eov\u00e1n\u00ed, \u00faprav\u011b a zobrazen\u00ed takov\u00e9ho obsahu v souvislosti s poskytov\u00e1n\u00edm slu\u017eby.<\/p><p><strong>20. Zru\u0161en\u00ed<\/strong><\/p><p>21. Lynnhan si vyhrazuje pr\u00e1vo bez p\u0159edchoz\u00edho upozorn\u011bn\u00ed nebo odpov\u011bdnosti zru\u0161it nebo pozastavit v\u00e1\u0161 p\u0159\u00edstup k na\u0161im slu\u017eb\u00e1m z jak\u00e9hokoli d\u016fvodu, v\u010detn\u011b, ale nejenom, pokud poru\u0161\u00edte Tyto slu\u017eebn\u00ed podm\u00ednky.<\/p><p><strong>22. Z\u00e1ruka kvality<\/strong><\/p><p>23. Na\u0161e slu\u017eby jsou poskytov\u00e1ny v \u201estavu, jak\u00fd jsou\u201c a \u201ejak jsou dostupn\u00e9\u201c. Lynnhan neposkytuje \u017e\u00e1dn\u00e9 v\u00fdslovn\u00e9 ani implicitn\u00ed z\u00e1ruky a tady z\u0159ek\u00e1 se v\u0161ech ostatn\u00edch z\u00e1ruk, v\u010detn\u011b, ale nejenom, implicitn\u00edch z\u00e1ruk nebo podm\u00ednek vhodnosti pro ur\u010dit\u00fd \u00fa\u010del nebo nezpochybnitelnosti du\u0161evn\u00edho vlastnictv\u00ed.<\/p><p><strong>24. Omezen\u00ed odpov\u011bdnosti<\/strong><\/p><p>25. V \u017e\u00e1dn\u00e9m p\u0159\u00edpad\u011b nebude Lynnhan nebo jeho dodavatel\u00e9 odpov\u011bdn\u00ed za jak\u00e9koli nep\u0159\u00edm\u00e9, n\u00e1hodn\u00e9, zvl\u00e1\u0161tn\u00ed, n\u00e1sledn\u00e9 nebo trest<\/p><p><strong>Changes to Terms of Service<\/strong><\/p><p>Lynnhan reserves the right, at our sole discretion, to modify or replace these Terms of Service at any time. We will provide notice of any significant changes. By continuing to access or use our services after those revisions become effective, you agree to be bound by the revised terms.<\/p><p><strong>Contact Us<\/strong><\/p><p>If you have any questions about these Terms of Service, please contact us at contact@xinxiangt.sg-host.com.<\/p><p><strong>Effective Date: 02.28.2024<br \/><\/strong><\/p><p>By accessing or using our services, you acknowledge that you have read, understood, and agree to be bound by these Terms of Service.<\/p>\t\t\t\t\t\t\t\t<\/div>\n\t\t\t\t<\/div>\n\t\t\t\t\t<\/div>\n\t\t\t\t<\/div>\n\t\t\t\t<\/div>","protected":false},"excerpt":{"rendered":"<p>Terms of Service for Lynnhan Welcome to Lynnhan Thank you for choosing Lynnhan for your smart technology needs. By accessing and using our website, products, and services, you agree to [\u2026]<\/p>","protected":false},"author":1,"featured_media":0,"parent":0,"menu_order":0,"comment_status":"closed","ping_status":"closed","template":"","meta":{"footnotes":""},"class_list":["post-603","page","type-page","status-publish","hentry"],"yoast_head":"<!-- This site is optimized with the Yoast SEO plugin v26.6 - https:\/\/yoast.com\/wordpress\/plugins\/seo\/ -->\n<title>LynnHan Terms of Service: Your Guide to Safe Shopping<\/title>\n<meta name=\"description\" content=\"Fairness and transparency are at the heart of LynnHan&#039;s Terms of Service. Discover how we&#039;re dedicated to your satisfaction.\" \/>\n<meta name=\"robots\" content=\"index, follow, max-snippet:-1, max-image-preview:large, max-video-preview:-1\" \/>\n<link rel=\"canonical\" href=\"https:\/\/lynnhan.com\/cs\/uzivatelske-podminky\/\" \/>\n<meta property=\"og:locale\" content=\"cs_CZ\" \/>\n<meta property=\"og:type\" content=\"article\" \/>\n<meta property=\"og:title\" content=\"LynnHan Terms of Service: Your Guide to Safe Shopping\" \/>\n<meta property=\"og:description\" content=\"Fairness and transparency are at the heart of LynnHan&#039;s Terms of Service. Discover how we&#039;re dedicated to your satisfaction.\" \/>\n<meta property=\"og:url\" content=\"https:\/\/lynnhan.com\/cs\/uzivatelske-podminky\/\" \/>\n<meta property=\"og:site_name\" content=\"Lynnhan - Trusted Supplier | LED\/OLED\/LCD\/E-paper digital signages\" \/>\n<meta property=\"article:modified_time\" content=\"2024-12-18T10:29:55+00:00\" \/>\n<meta property=\"og:image\" content=\"https:\/\/pub-78925c7bf9ca4c6d820df8293a5c116c.r2.dev\/2024\/12\/Terms-Of-Service.webp\" \/>\n<meta name=\"twitter:card\" content=\"summary_large_image\" \/>\n<meta name=\"twitter:label1\" content=\"Odhadovan\u00e1 doba \u010dten\u00ed\" \/>\n\t<meta name=\"twitter:data1\" content=\"3 minuty\" \/>\n<script type=\"application\/ld+json\" class=\"yoast-schema-graph\">{\"@context\":\"https:\/\/schema.org\",\"@graph\":[{\"@type\":\"WebPage\",\"@id\":\"https:\/\/lynnhan.com\/bo\/terms-of-service\/\",\"url\":\"https:\/\/lynnhan.com\/bo\/terms-of-service\/\",\"name\":\"LynnHan Terms of Service: Your Guide to Safe Shopping\",\"isPartOf\":{\"@id\":\"https:\/\/lynnhan.com\/km\/#website\"},\"primaryImageOfPage\":{\"@id\":\"https:\/\/lynnhan.com\/bo\/terms-of-service\/#primaryimage\"},\"image\":{\"@id\":\"https:\/\/lynnhan.com\/bo\/terms-of-service\/#primaryimage\"},\"thumbnailUrl\":\"https:\/\/pub-78925c7bf9ca4c6d820df8293a5c116c.r2.dev\/2024\/12\/Terms-Of-Service.webp\",\"datePublished\":\"2024-02-28T03:02:21+00:00\",\"dateModified\":\"2024-12-18T10:29:55+00:00\",\"description\":\"Fairness and transparency are at the heart of LynnHan's Terms of Service. Discover how we're dedicated to your satisfaction.\",\"breadcrumb\":{\"@id\":\"https:\/\/lynnhan.com\/bo\/terms-of-service\/#breadcrumb\"},\"inLanguage\":\"cs\",\"potentialAction\":[{\"@type\":\"ReadAction\",\"target\":[\"https:\/\/lynnhan.com\/bo\/terms-of-service\/\"]}]},{\"@type\":\"ImageObject\",\"inLanguage\":\"cs\",\"@id\":\"https:\/\/lynnhan.com\/bo\/terms-of-service\/#primaryimage\",\"url\":\"https:\/\/pub-78925c7bf9ca4c6d820df8293a5c116c.r2.dev\/2024\/12\/Terms-Of-Service.webp\",\"contentUrl\":\"https:\/\/pub-78925c7bf9ca4c6d820df8293a5c116c.r2.dev\/2024\/12\/Terms-Of-Service.webp\"},{\"@type\":\"BreadcrumbList\",\"@id\":\"https:\/\/lynnhan.com\/bo\/terms-of-service\/#breadcrumb\",\"itemListElement\":[{\"@type\":\"ListItem\",\"position\":1,\"name\":\"Home\",\"item\":\"https:\/\/lynnhan.com\/\"},{\"@type\":\"ListItem\",\"position\":2,\"name\":\"Terms Of Service\"}]},{\"@type\":\"WebSite\",\"@id\":\"https:\/\/lynnhan.com\/km\/#website\",\"url\":\"https:\/\/lynnhan.com\/km\/\",\"name\":\"Lynnhan - Trusted Supplier | LED\/OLED\/LCD\/E-paper digital signages\",\"description\":\"Lynnhan - Trusted Supplier |  LED\/OLED\/LCD\/E-paper digital signages\",\"publisher\":{\"@id\":\"https:\/\/lynnhan.com\/km\/#organization\"},\"potentialAction\":[{\"@type\":\"SearchAction\",\"target\":{\"@type\":\"EntryPoint\",\"urlTemplate\":\"https:\/\/lynnhan.com\/km\/?s={search_term_string}\"},\"query-input\":{\"@type\":\"PropertyValueSpecification\",\"valueRequired\":true,\"valueName\":\"search_term_string\"}}],\"inLanguage\":\"cs\"},{\"@type\":\"Organization\",\"@id\":\"https:\/\/lynnhan.com\/km\/#organization\",\"name\":\"Lynnhan - Trusted Supplier | LED\/OLED\/LCD\/E-paper digital signages\",\"url\":\"https:\/\/lynnhan.com\/km\/\",\"logo\":{\"@type\":\"ImageObject\",\"inLanguage\":\"cs\",\"@id\":\"https:\/\/lynnhan.com\/km\/#\/schema\/logo\/image\/\",\"url\":\"https:\/\/pub-78925c7bf9ca4c6d820df8293a5c116c.r2.dev\/2024\/07\/LynnHan-logo3.png\",\"contentUrl\":\"https:\/\/pub-78925c7bf9ca4c6d820df8293a5c116c.r2.dev\/2024\/07\/LynnHan-logo3.png\",\"width\":390,\"height\":130,\"caption\":\"Lynnhan - Trusted Supplier | LED\/OLED\/LCD\/E-paper digital signages\"},\"image\":{\"@id\":\"https:\/\/lynnhan.com\/km\/#\/schema\/logo\/image\/\"}}]}<\/script>\n<!-- \/ Yoast SEO plugin. -->","yoast_head_json":{"title":"LynnHan U\u017e\u00edvac\u00ed podm\u00ednky: V\u00e1\u0161 pr\u016fvodce bezpe\u010dn\u00fdm n\u00e1kupem","description":"Spravedlnost a transparentnost jsou v srdci Podm\u00ednek slu\u017eeb LynnHan. Zjist\u011bte, jak jsme odd\u00e1ni va\u0161\u00ed spokojenosti.","robots":{"index":"index","follow":"follow","max-snippet":"max-snippet:-1","max-image-preview":"max-image-preview:large","max-video-preview":"max-video-preview:-1"},"canonical":"https:\/\/lynnhan.com\/cs\/uzivatelske-podminky\/","og_locale":"cs_CZ","og_type":"article","og_title":"LynnHan Terms of Service: Your Guide to Safe Shopping","og_description":"Fairness and transparency are at the heart of LynnHan's Terms of Service. Discover how we're dedicated to your satisfaction.","og_url":"https:\/\/lynnhan.com\/cs\/uzivatelske-podminky\/","og_site_name":"Lynnhan - Trusted Supplier | LED\/OLED\/LCD\/E-paper digital signages","article_modified_time":"2024-12-18T10:29:55+00:00","og_image":[{"url":"https:\/\/pub-78925c7bf9ca4c6d820df8293a5c116c.r2.dev\/2024\/12\/Terms-Of-Service.webp","type":"","width":"","height":""}],"twitter_card":"summary_large_image","twitter_misc":{"Odhadovan\u00e1 doba \u010dten\u00ed":"3 minuty"},"schema":{"@context":"https:\/\/schema.org","@graph":[{"@type":"WebPage","@id":"https:\/\/lynnhan.com\/bo\/terms-of-service\/","url":"https:\/\/lynnhan.com\/bo\/terms-of-service\/","name":"LynnHan U\u017e\u00edvac\u00ed podm\u00ednky: V\u00e1\u0161 pr\u016fvodce bezpe\u010dn\u00fdm n\u00e1kupem","isPartOf":{"@id":"https:\/\/lynnhan.com\/km\/#website"},"primaryImageOfPage":{"@id":"https:\/\/lynnhan.com\/bo\/terms-of-service\/#primaryimage"},"image":{"@id":"https:\/\/lynnhan.com\/bo\/terms-of-service\/#primaryimage"},"thumbnailUrl":"https:\/\/pub-78925c7bf9ca4c6d820df8293a5c116c.r2.dev\/2024\/12\/Terms-Of-Service.webp","datePublished":"2024-02-28T03:02:21+00:00","dateModified":"2024-12-18T10:29:55+00:00","description":"Spravedlnost a transparentnost jsou v srdci Podm\u00ednek slu\u017eeb LynnHan. Zjist\u011bte, jak jsme odd\u00e1ni va\u0161\u00ed spokojenosti.","breadcrumb":{"@id":"https:\/\/lynnhan.com\/bo\/terms-of-service\/#breadcrumb"},"inLanguage":"cs","potentialAction":[{"@type":"ReadAction","target":["https:\/\/lynnhan.com\/bo\/terms-of-service\/"]}]},{"@type":"ImageObject","inLanguage":"cs","@id":"https:\/\/lynnhan.com\/bo\/terms-of-service\/#primaryimage","url":"https:\/\/pub-78925c7bf9ca4c6d820df8293a5c116c.r2.dev\/2024\/12\/Terms-Of-Service.webp","contentUrl":"https:\/\/pub-78925c7bf9ca4c6d820df8293a5c116c.r2.dev\/2024\/12\/Terms-Of-Service.webp"},{"@type":"BreadcrumbList","@id":"https:\/\/lynnhan.com\/bo\/terms-of-service\/#breadcrumb","itemListElement":[{"@type":"ListItem","position":1,"name":"Home","item":"https:\/\/lynnhan.com\/"},{"@type":"ListItem","position":2,"name":"Terms Of Service"}]},{"@type":"WebSite","@id":"https:\/\/lynnhan.com\/km\/#website","url":"https:\/\/lynnhan.com\/km\/","name":"Lynnhan - Trusted Supplier | LED\/OLED\/LCD\/E-paper digital signages","description":"Lynnhan - Trusted Supplier |  LED\/OLED\/LCD\/E-paper digital signages","publisher":{"@id":"https:\/\/lynnhan.com\/km\/#organization"},"potentialAction":[{"@type":"SearchAction","target":{"@type":"EntryPoint","urlTemplate":"https:\/\/lynnhan.com\/km\/?s={search_term_string}"},"query-input":{"@type":"PropertyValueSpecification","valueRequired":true,"valueName":"search_term_string"}}],"inLanguage":"cs"},{"@type":"Organization","@id":"https:\/\/lynnhan.com\/km\/#organization","name":"Lynnhan - Trusted Supplier | LED\/OLED\/LCD\/E-paper digital signages","url":"https:\/\/lynnhan.com\/km\/","logo":{"@type":"ImageObject","inLanguage":"cs","@id":"https:\/\/lynnhan.com\/km\/#\/schema\/logo\/image\/","url":"https:\/\/pub-78925c7bf9ca4c6d820df8293a5c116c.r2.dev\/2024\/07\/LynnHan-logo3.png","contentUrl":"https:\/\/pub-78925c7bf9ca4c6d820df8293a5c116c.r2.dev\/2024\/07\/LynnHan-logo3.png","width":390,"height":130,"caption":"Lynnhan - Trusted Supplier | LED\/OLED\/LCD\/E-paper digital signages"},"image":{"@id":"https:\/\/lynnhan.com\/km\/#\/schema\/logo\/image\/"}}]}},"jetpack_sharing_enabled":true,"_links":{"self":[{"href":"https:\/\/lynnhan.com\/cs\/wp-json\/wp\/v2\/pages\/603","targetHints":{"allow":["GET"]}}],"collection":[{"href":"https:\/\/lynnhan.com\/cs\/wp-json\/wp\/v2\/pages"}],"about":[{"href":"https:\/\/lynnhan.com\/cs\/wp-json\/wp\/v2\/types\/page"}],"author":[{"embeddable":true,"href":"https:\/\/lynnhan.com\/cs\/wp-json\/wp\/v2\/users\/1"}],"replies":[{"embeddable":true,"href":"https:\/\/lynnhan.com\/cs\/wp-json\/wp\/v2\/comments?post=603"}],"version-history":[{"count":0,"href":"https:\/\/lynnhan.com\/cs\/wp-json\/wp\/v2\/pages\/603\/revisions"}],"wp:attachment":[{"href":"https:\/\/lynnhan.com\/cs\/wp-json\/wp\/v2\/media?parent=603"}],"curies":[{"name":"wp","href":"https:\/\/api.w.org\/{rel}","templated":true}]}}