{"id":601,"date":"2024-02-28T03:19:26","date_gmt":"2024-02-28T03:19:26","guid":{"rendered":"https:\/\/lynnhan.com\/?page_id=601"},"modified":"2024-12-18T10:32:06","modified_gmt":"2024-12-18T10:32:06","slug":"chovani-v-praci","status":"publish","type":"page","link":"https:\/\/lynnhan.com\/cs\/chovani-v-praci\/","title":{"rendered":"K\u00f3d chov\u00e1n\u00ed"},"content":{"rendered":"<div data-elementor-type=\"wp-page\" data-elementor-id=\"601\" class=\"elementor elementor-601\" data-elementor-post-type=\"page\">\n\t\t\t\t<div class=\"elementor-element elementor-element-1f21eb2 e-flex e-con-boxed e-con e-parent\" data-id=\"1f21eb2\" data-element_type=\"container\">\n\t\t\t\t\t<div class=\"e-con-inner\">\n\t\t\t\t<div class=\"elementor-element elementor-element-bfcddf0 elementor-widget elementor-widget-image\" data-id=\"bfcddf0\" data-element_type=\"widget\" data-widget_type=\"image.default\">\n\t\t\t\t<div class=\"elementor-widget-container\">\n\t\t\t\t\t\t\t\t\t\t\t\t\t\t\t<img fetchpriority=\"high\" decoding=\"async\" width=\"1536\" height=\"768\" src=\"https:\/\/pub-78925c7bf9ca4c6d820df8293a5c116c.r2.dev\/2024\/12\/Code-Of-Conduct.webp\" class=\"attachment-full size-full wp-image-3311\" alt=\"K\u00f3d chov\u00e1n\u00ed dodavatele LED v\u0161e v jednom\" srcset=\"https:\/\/pub-78925c7bf9ca4c6d820df8293a5c116c.r2.dev\/2024\/12\/Code-Of-Conduct.webp 1536w, https:\/\/pub-78925c7bf9ca4c6d820df8293a5c116c.r2.dev\/2024\/12\/Code-Of-Conduct-700x350.webp 700w, https:\/\/pub-78925c7bf9ca4c6d820df8293a5c116c.r2.dev\/2024\/12\/Code-Of-Conduct-1024x512.webp 1024w, https:\/\/pub-78925c7bf9ca4c6d820df8293a5c116c.r2.dev\/2024\/12\/Code-Of-Conduct-768x384.webp 768w, https:\/\/pub-78925c7bf9ca4c6d820df8293a5c116c.r2.dev\/2024\/12\/Code-Of-Conduct-18x9.webp 18w, https:\/\/pub-78925c7bf9ca4c6d820df8293a5c116c.r2.dev\/2024\/12\/Code-Of-Conduct-1140x570.webp 1140w, https:\/\/pub-78925c7bf9ca4c6d820df8293a5c116c.r2.dev\/2024\/12\/Code-Of-Conduct-920x460.webp 920w, https:\/\/pub-78925c7bf9ca4c6d820df8293a5c116c.r2.dev\/2024\/12\/Code-Of-Conduct-575x288.webp 575w, https:\/\/pub-78925c7bf9ca4c6d820df8293a5c116c.r2.dev\/2024\/12\/Code-Of-Conduct-380x190.webp 380w, https:\/\/pub-78925c7bf9ca4c6d820df8293a5c116c.r2.dev\/2024\/12\/Code-Of-Conduct-1320x660.webp 1320w, https:\/\/pub-78925c7bf9ca4c6d820df8293a5c116c.r2.dev\/2024\/12\/Code-Of-Conduct-800x400.webp 800w\" sizes=\"(max-width: 1536px) 100vw, 1536px\" \/>\t\t\t\t\t\t\t\t\t\t\t\t\t\t\t<\/div>\n\t\t\t\t<\/div>\n\t\t\t\t\t<\/div>\n\t\t\t\t<\/div>\n\t\t<div class=\"elementor-element elementor-element-7b6aef8e e-flex e-con-boxed e-con e-parent\" data-id=\"7b6aef8e\" data-element_type=\"container\">\n\t\t\t\t\t<div class=\"e-con-inner\">\n\t\t\t\t<div class=\"elementor-element elementor-element-620072c1 elementor-widget elementor-widget-text-editor\" data-id=\"620072c1\" data-element_type=\"widget\" data-widget_type=\"text-editor.default\">\n\t\t\t\t<div class=\"elementor-widget-container\">\n\t\t\t\t\t\t\t\t\t\n<p><strong>\u00davod<\/strong><\/p>\n\n\n\n<p>V Lynnhan, jsme odd\u00e1ni prov\u00e1d\u011bn\u00ed na\u0161eho podnik\u00e1n\u00ed podle nejvy\u0161\u0161\u00edch standard\u016f d\u016fv\u011bryhodnosti a profesionalismu. Tento K\u00f3d chov\u00e1n\u00ed slou\u017e\u00ed jako vod\u00edtko pro na\u0161e zam\u011bstnance, partnery a affiliovance, popisuje principy a standardy, kter\u00e9 definuj\u00ed na\u0161e korpor\u00e1tn\u00ed chov\u00e1n\u00ed a procesy rozhodov\u00e1n\u00ed.<\/p>\n\n\n\n<p><strong>Na\u0161e oddanost d\u016fv\u011bryhodnosti<\/strong><\/p>\n\n\n\n<ul class=\"wp-block-list\">\n<li><strong>Etick\u00e9 podnikatelsk\u00e9 praktiky<\/strong>: Oddan\u00ed prov\u00e1d\u011bn\u00ed na\u0161eho podnik\u00e1n\u00ed eticky a s d\u016fv\u011bryhodnost\u00ed, respektov\u00e1n\u00ed v\u0161ech p\u0159\u00edslu\u0161n\u00fdch z\u00e1kon\u016f, p\u0159edpis\u016f a standard\u016f.<\/li>\n\n\n\n<li><strong>Prozrazenost<\/strong>: Podporujeme prost\u0159ed\u00ed otev\u0159enosti a transparentnosti ve v\u0161ech na\u0161ich obchodn\u00edch jedn\u00e1n\u00edch, zajist\u00edme, aby na\u0161i z\u00fa\u010dastn\u011bn\u00e9 strany byly informov\u00e1ny a zapojeny do na\u0161ich proces\u016f.<\/li>\n<\/ul>\n\n\n\n<p><strong>Respekt a spravedlnost<\/strong><\/p>\n\n\n\n<ul class=\"wp-block-list\">\n<li><strong>Rozmanitost a inkluzivita<\/strong>: Oce\u0148ujeme rozmanitost a jsme odd\u00e1ni vytv\u00e1\u0159en\u00ed inkluzivn\u00edho prost\u0159ed\u00ed, kde je ka\u017ed\u00fd respektov\u00e1n a ct\u011bn.<\/li>\n\n\n\n<li><strong>Pracovi\u0161t\u011b bez harace<\/strong>: Lynnhan je odd\u00e1na udr\u017eov\u00e1n\u00ed pracovi\u0161t\u011b voln\u00e9ho od harace, diskriminace nebo jak\u00e9hokoli druhu zneu\u017e\u00edv\u00e1n\u00ed. O\u010dek\u00e1v\u00e1 se, \u017ee v\u0161ichni zam\u011bstnanci p\u0159isp\u011bj\u00ed k pozitivn\u00edmu a respektuj\u00edc\u00edmu pracovn\u00edmu prost\u0159ed\u00ed.<\/li>\n<\/ul>\n\n\n\n<p><strong>Zodpov\u011bdnost a odpov\u011bdnost<\/strong><\/p>\n\n\n\n<ul class=\"wp-block-list\">\n<li><strong>Dodr\u017eov\u00e1n\u00ed p\u0159edpis\u016f<\/strong>: V\u0161ichni zam\u011bstnanci a partne\u0159i mus\u00ed dodr\u017eovat tento K\u00f3d chov\u00e1n\u00ed, spole\u010densk\u00e9 politiky a v\u0161echny p\u0159\u00edslu\u0161n\u00e9 z\u00e1kony a p\u0159edpisy.<\/li>\n\n\n\n<li><strong>Hl\u00e1\u0161en\u00ed poru\u0161en\u00ed<\/strong>: Oce\u0148ujeme hl\u00e1\u0161en\u00ed jak\u00e9hokoli neetick\u00e9ho chov\u00e1n\u00ed nebo poru\u0161en\u00ed tohoto K\u00f3du chov\u00e1n\u00ed. Lynnhan zajist\u00ed, \u017ee nebude m\u00edt \u017e\u00e1dn\u00e9 odvetn\u00e9 opat\u0159en\u00ed v\u016f\u010di jednotlivc\u016fm, kte\u0159\u00ed poru\u0161en\u00ed hl\u00e1s\u00ed v dobr\u00e9 v\u00ed\u0159e.<\/li>\n<\/ul>\n\n\n\n<p><strong>D\u016fv\u011brnost a soukrom\u00ed<\/strong><\/p>\n\n\n\n<ul class=\"wp-block-list\">\n<li><strong>Ochrana informac\u00ed<\/strong>: Oddan\u00ed chr\u00e1nit d\u016fv\u011brnost a soukrom\u00ed na\u0161ich z\u00e1kazn\u00edk\u016f, zam\u011bstnanc\u016f a partner\u016f. Informace maj\u00ed b\u00fdt zpracov\u00e1v\u00e1ny s nejv\u011bt\u0161\u00ed p\u00e9\u010d\u00ed a bezpe\u010dnost\u00ed.<\/li>\n\n\n\n<li><strong>Du\u0161evn\u00ed vlastnictv\u00ed<\/strong>: Respektujeme pr\u00e1va du\u0161evn\u00edho vlastnictv\u00ed a o\u010dek\u00e1v\u00e1me, \u017ee na\u0161i zam\u011bstnanci a partne\u0159i to budou tak\u00e9 respektovat.<\/li>\n<\/ul>\n\n\n\n<p><strong>Konflikt z\u00e1jm\u016f<\/strong><\/p>\n\n\n\n<ul class=\"wp-block-list\">\n<li><strong>Z\u907f\u5eb7\u51b2\u7a81<\/strong>: Zam\u011bstnanci a partne\u0159i by m\u011bli vyh\u00fdbat se jak\u00e9mukoli osobn\u00edmu, finan\u010dn\u00edmu nebo jin\u00e9mu z\u00e1jmu, kter\u00fd by mohl br\u00e1nit jejich schopnosti nebo ochot\u011b vykon\u00e1vat sv\u00e9 pracovn\u00ed povinnosti nestrann\u011b.<\/li>\n\n\n\n<li><strong>Odhalen\u00ed<\/strong>: Jak\u00fdkoli potenci\u00e1ln\u00ed konflikt z\u00e1jm\u016f by m\u011bl b\u00fdt odhalen veden\u00ed pro posouzen\u00ed a veden\u00ed.<\/li>\n<\/ul>\n\n\n\n<p><strong>Odpov\u011bdnost za \u017eivotn\u00ed prost\u0159ed\u00ed<\/strong><\/p>\n\n\n\n<ul class=\"wp-block-list\">\n<li><strong>Udr\u017eitelnost<\/strong>: Lynnhan je odd\u00e1na udr\u017eitelnosti a ochran\u011b \u017eivotn\u00edho prost\u0159ed\u00ed. Sna\u017e\u00edme se minimalizovat sv\u016fj dopad na \u017eivotn\u00ed prost\u0159ed\u00ed a podporovat odpov\u011bdn\u00e9 praktiky ve v\u0161ech oblastech na\u0161eho podnik\u00e1n\u00ed.<\/li>\n<\/ul>\n\n\n\n<p><strong>Anga\u017eovanost ve spole\u010dnosti<\/strong><\/p>\n\n\n\n<ul class=\"wp-block-list\">\n<li><strong>Vr\u00e1tit zp\u011bt<\/strong>: V\u011b\u0159\u00edm, \u017ee bychom m\u011bli vr\u00e1tit zp\u011bt komunit\u00e1m, kde p\u016fsob\u00edme, a podporovat duch slu\u017eby a dobrovolnictv\u00ed mezi na\u0161imi zam\u011bstnanci a partnery.<\/li>\n<\/ul>\n\n\n\n<p><strong>Implementace a vynucov\u00e1n\u00ed<\/strong><\/p>\n\n\n\n<ul class=\"wp-block-list\">\n<li><strong>Tr\u00e9nink<\/strong>: V\u0161ichni zam\u011bstnanci dostanou tr\u00e9nink podle tohoto K\u00f3du chov\u00e1n\u00ed, aby byli schopni jej rozum\u011bt a efektivn\u011b ho dodr\u017eovat.<\/li>\n\n\n\n<li><strong>Vynucov\u00e1n\u00ed<\/strong>: Poru\u0161en\u00ed tohoto K\u00f3du chov\u00e1n\u00ed bude br\u00e1no v\u00e1\u017en\u011b a m\u016f\u017ee v\u00e9st k disciplin\u00e1rn\u00edm opat\u0159en\u00edm, v\u010detn\u011b ukon\u010den\u00ed zam\u011bstn\u00e1n\u00ed nebo obchodn\u00edch vztah\u016f.<\/li>\n<\/ul>\n\n\n\n<p><strong>Z\u00e1v\u011br<\/strong><\/p>\n\n\n\n<p>Tento K\u00f3d chov\u00e1n\u00ed je j\u00e1drem na\u0161\u00ed mise v Lynnhan. Dodr\u017eov\u00e1n\u00edm t\u011bchto z\u00e1sad si chr\u00e1n\u00edme svou pov\u011bst za d\u016fv\u011bryhodnost, p\u0159isp\u00edv\u00e1me k pozitivn\u00ed kultu\u0159e pracovi\u0161t\u011b a budujeme d\u016fv\u011bru se z\u00e1kazn\u00edky, partnery a komunitou. Spole\u010dn\u011b m\u016f\u017eeme zajistit, \u017ee Lynnhan bude i nad\u00e1le m\u00edstem, kde se rozkv\u00e9t\u00e1 vynikaj\u00edc\u00ed kvalita, respekt a d\u016fv\u011bryhodnost.<\/p>\n\t\t\t\t\t\t\t\t<\/div>\n\t\t\t\t<\/div>\n\t\t\t\t\t<\/div>\n\t\t\t\t<\/div>\n\t\t\t\t<\/div>","protected":false},"excerpt":{"rendered":"<p>Introduction At Lynnhan, we are committed to conducting our business according to the highest standards of integrity and professionalism. This Code of Conduct serves as a guide for our employees, [\u2026]<\/p>","protected":false},"author":1,"featured_media":0,"parent":0,"menu_order":0,"comment_status":"closed","ping_status":"closed","template":"","meta":{"footnotes":""},"class_list":["post-601","page","type-page","status-publish","hentry"],"yoast_head":"<!-- This site is optimized with the Yoast SEO plugin v26.6 - https:\/\/yoast.com\/wordpress\/plugins\/seo\/ -->\n<title>Code of Conduct-Lynnhan smart display factory<\/title>\n<meta name=\"description\" content=\"Lynnhan smart display factory&#039;s commits to ethics and integrity. Our code of conduct ensures a respectful and inclusive culture for all.\" \/>\n<meta name=\"robots\" content=\"index, follow, max-snippet:-1, max-image-preview:large, max-video-preview:-1\" \/>\n<link rel=\"canonical\" href=\"https:\/\/lynnhan.com\/cs\/chovani-v-praci\/\" \/>\n<meta property=\"og:locale\" content=\"cs_CZ\" \/>\n<meta property=\"og:type\" content=\"article\" \/>\n<meta property=\"og:title\" content=\"Code of Conduct-Lynnhan smart display factory\" \/>\n<meta property=\"og:description\" content=\"Lynnhan smart display factory&#039;s commits to ethics and integrity. Our code of conduct ensures a respectful and inclusive culture for all.\" \/>\n<meta property=\"og:url\" content=\"https:\/\/lynnhan.com\/cs\/chovani-v-praci\/\" \/>\n<meta property=\"og:site_name\" content=\"Lynnhan - Trusted Supplier | LED\/OLED\/LCD\/E-paper digital signages\" \/>\n<meta property=\"article:modified_time\" content=\"2024-12-18T10:32:06+00:00\" \/>\n<meta property=\"og:image\" content=\"https:\/\/pub-78925c7bf9ca4c6d820df8293a5c116c.r2.dev\/2024\/12\/Code-Of-Conduct.webp\" \/>\n<meta name=\"twitter:card\" content=\"summary_large_image\" \/>\n<meta name=\"twitter:label1\" content=\"Odhadovan\u00e1 doba \u010dten\u00ed\" \/>\n\t<meta name=\"twitter:data1\" content=\"3 minuty\" \/>\n<script type=\"application\/ld+json\" class=\"yoast-schema-graph\">{\"@context\":\"https:\/\/schema.org\",\"@graph\":[{\"@type\":\"WebPage\",\"@id\":\"https:\/\/lynnhan.com\/ja\/%e8%a1%8c%e5%8b%95%e8%a6%8f%e7%af%84\/\",\"url\":\"https:\/\/lynnhan.com\/ja\/%e8%a1%8c%e5%8b%95%e8%a6%8f%e7%af%84\/\",\"name\":\"Code of Conduct-Lynnhan smart display factory\",\"isPartOf\":{\"@id\":\"https:\/\/lynnhan.com\/km\/#website\"},\"primaryImageOfPage\":{\"@id\":\"https:\/\/lynnhan.com\/ja\/%e8%a1%8c%e5%8b%95%e8%a6%8f%e7%af%84\/#primaryimage\"},\"image\":{\"@id\":\"https:\/\/lynnhan.com\/ja\/%e8%a1%8c%e5%8b%95%e8%a6%8f%e7%af%84\/#primaryimage\"},\"thumbnailUrl\":\"https:\/\/pub-78925c7bf9ca4c6d820df8293a5c116c.r2.dev\/2024\/12\/Code-Of-Conduct.webp\",\"datePublished\":\"2024-02-28T03:19:26+00:00\",\"dateModified\":\"2024-12-18T10:32:06+00:00\",\"description\":\"Lynnhan smart display factory's commits to ethics and integrity. Our code of conduct ensures a respectful and inclusive culture for all.\",\"breadcrumb\":{\"@id\":\"https:\/\/lynnhan.com\/ja\/%e8%a1%8c%e5%8b%95%e8%a6%8f%e7%af%84\/#breadcrumb\"},\"inLanguage\":\"cs\",\"potentialAction\":[{\"@type\":\"ReadAction\",\"target\":[\"https:\/\/lynnhan.com\/ja\/%e8%a1%8c%e5%8b%95%e8%a6%8f%e7%af%84\/\"]}]},{\"@type\":\"ImageObject\",\"inLanguage\":\"cs\",\"@id\":\"https:\/\/lynnhan.com\/ja\/%e8%a1%8c%e5%8b%95%e8%a6%8f%e7%af%84\/#primaryimage\",\"url\":\"https:\/\/pub-78925c7bf9ca4c6d820df8293a5c116c.r2.dev\/2024\/12\/Code-Of-Conduct.webp\",\"contentUrl\":\"https:\/\/pub-78925c7bf9ca4c6d820df8293a5c116c.r2.dev\/2024\/12\/Code-Of-Conduct.webp\"},{\"@type\":\"BreadcrumbList\",\"@id\":\"https:\/\/lynnhan.com\/ja\/%e8%a1%8c%e5%8b%95%e8%a6%8f%e7%af%84\/#breadcrumb\",\"itemListElement\":[{\"@type\":\"ListItem\",\"position\":1,\"name\":\"Home\",\"item\":\"https:\/\/lynnhan.com\/\"},{\"@type\":\"ListItem\",\"position\":2,\"name\":\"Code Of Conduct\"}]},{\"@type\":\"WebSite\",\"@id\":\"https:\/\/lynnhan.com\/km\/#website\",\"url\":\"https:\/\/lynnhan.com\/km\/\",\"name\":\"Lynnhan - Trusted Supplier | LED\/OLED\/LCD\/E-paper digital signages\",\"description\":\"Lynnhan - Trusted Supplier |  LED\/OLED\/LCD\/E-paper digital signages\",\"publisher\":{\"@id\":\"https:\/\/lynnhan.com\/km\/#organization\"},\"potentialAction\":[{\"@type\":\"SearchAction\",\"target\":{\"@type\":\"EntryPoint\",\"urlTemplate\":\"https:\/\/lynnhan.com\/km\/?s={search_term_string}\"},\"query-input\":{\"@type\":\"PropertyValueSpecification\",\"valueRequired\":true,\"valueName\":\"search_term_string\"}}],\"inLanguage\":\"cs\"},{\"@type\":\"Organization\",\"@id\":\"https:\/\/lynnhan.com\/km\/#organization\",\"name\":\"Lynnhan - Trusted Supplier | LED\/OLED\/LCD\/E-paper digital signages\",\"url\":\"https:\/\/lynnhan.com\/km\/\",\"logo\":{\"@type\":\"ImageObject\",\"inLanguage\":\"cs\",\"@id\":\"https:\/\/lynnhan.com\/km\/#\/schema\/logo\/image\/\",\"url\":\"https:\/\/pub-78925c7bf9ca4c6d820df8293a5c116c.r2.dev\/2024\/07\/LynnHan-logo3.png\",\"contentUrl\":\"https:\/\/pub-78925c7bf9ca4c6d820df8293a5c116c.r2.dev\/2024\/07\/LynnHan-logo3.png\",\"width\":390,\"height\":130,\"caption\":\"Lynnhan - Trusted Supplier | LED\/OLED\/LCD\/E-paper digital signages\"},\"image\":{\"@id\":\"https:\/\/lynnhan.com\/km\/#\/schema\/logo\/image\/\"}}]}<\/script>\n<!-- \/ Yoast SEO plugin. -->","yoast_head_json":{"title":"Chov\u00e1n\u00ed v pr\u00e1ci-Lynnhan smart display factory","description":"Lynnhan chytr\u00fd displejv\u00fd z\u00e1vod se zavazuje k etice a neschv\u00e1len\u00ed. n\u00e1\u0161 kodex chov\u00e1n\u00ed zaji\u0161\u0165uje respektuj\u00edc\u00ed a inkluzivn\u00ed kulturu pro v\u0161echny.","robots":{"index":"index","follow":"follow","max-snippet":"max-snippet:-1","max-image-preview":"max-image-preview:large","max-video-preview":"max-video-preview:-1"},"canonical":"https:\/\/lynnhan.com\/cs\/chovani-v-praci\/","og_locale":"cs_CZ","og_type":"article","og_title":"Code of Conduct-Lynnhan smart display factory","og_description":"Lynnhan smart display factory's commits to ethics and integrity. Our code of conduct ensures a respectful and inclusive culture for all.","og_url":"https:\/\/lynnhan.com\/cs\/chovani-v-praci\/","og_site_name":"Lynnhan - Trusted Supplier | LED\/OLED\/LCD\/E-paper digital signages","article_modified_time":"2024-12-18T10:32:06+00:00","og_image":[{"url":"https:\/\/pub-78925c7bf9ca4c6d820df8293a5c116c.r2.dev\/2024\/12\/Code-Of-Conduct.webp","type":"","width":"","height":""}],"twitter_card":"summary_large_image","twitter_misc":{"Odhadovan\u00e1 doba \u010dten\u00ed":"3 minuty"},"schema":{"@context":"https:\/\/schema.org","@graph":[{"@type":"WebPage","@id":"https:\/\/lynnhan.com\/ja\/%e8%a1%8c%e5%8b%95%e8%a6%8f%e7%af%84\/","url":"https:\/\/lynnhan.com\/ja\/%e8%a1%8c%e5%8b%95%e8%a6%8f%e7%af%84\/","name":"Chov\u00e1n\u00ed v pr\u00e1ci-Lynnhan smart display factory","isPartOf":{"@id":"https:\/\/lynnhan.com\/km\/#website"},"primaryImageOfPage":{"@id":"https:\/\/lynnhan.com\/ja\/%e8%a1%8c%e5%8b%95%e8%a6%8f%e7%af%84\/#primaryimage"},"image":{"@id":"https:\/\/lynnhan.com\/ja\/%e8%a1%8c%e5%8b%95%e8%a6%8f%e7%af%84\/#primaryimage"},"thumbnailUrl":"https:\/\/pub-78925c7bf9ca4c6d820df8293a5c116c.r2.dev\/2024\/12\/Code-Of-Conduct.webp","datePublished":"2024-02-28T03:19:26+00:00","dateModified":"2024-12-18T10:32:06+00:00","description":"Lynnhan chytr\u00fd displejv\u00fd z\u00e1vod se zavazuje k etice a neschv\u00e1len\u00ed. n\u00e1\u0161 kodex chov\u00e1n\u00ed zaji\u0161\u0165uje respektuj\u00edc\u00ed a inkluzivn\u00ed kulturu pro v\u0161echny.","breadcrumb":{"@id":"https:\/\/lynnhan.com\/ja\/%e8%a1%8c%e5%8b%95%e8%a6%8f%e7%af%84\/#breadcrumb"},"inLanguage":"cs","potentialAction":[{"@type":"ReadAction","target":["https:\/\/lynnhan.com\/ja\/%e8%a1%8c%e5%8b%95%e8%a6%8f%e7%af%84\/"]}]},{"@type":"ImageObject","inLanguage":"cs","@id":"https:\/\/lynnhan.com\/ja\/%e8%a1%8c%e5%8b%95%e8%a6%8f%e7%af%84\/#primaryimage","url":"https:\/\/pub-78925c7bf9ca4c6d820df8293a5c116c.r2.dev\/2024\/12\/Code-Of-Conduct.webp","contentUrl":"https:\/\/pub-78925c7bf9ca4c6d820df8293a5c116c.r2.dev\/2024\/12\/Code-Of-Conduct.webp"},{"@type":"BreadcrumbList","@id":"https:\/\/lynnhan.com\/ja\/%e8%a1%8c%e5%8b%95%e8%a6%8f%e7%af%84\/#breadcrumb","itemListElement":[{"@type":"ListItem","position":1,"name":"Home","item":"https:\/\/lynnhan.com\/"},{"@type":"ListItem","position":2,"name":"Code Of Conduct"}]},{"@type":"WebSite","@id":"https:\/\/lynnhan.com\/km\/#website","url":"https:\/\/lynnhan.com\/km\/","name":"Lynnhan - Trusted Supplier | LED\/OLED\/LCD\/E-paper digital signages","description":"Lynnhan - Trusted Supplier |  LED\/OLED\/LCD\/E-paper digital signages","publisher":{"@id":"https:\/\/lynnhan.com\/km\/#organization"},"potentialAction":[{"@type":"SearchAction","target":{"@type":"EntryPoint","urlTemplate":"https:\/\/lynnhan.com\/km\/?s={search_term_string}"},"query-input":{"@type":"PropertyValueSpecification","valueRequired":true,"valueName":"search_term_string"}}],"inLanguage":"cs"},{"@type":"Organization","@id":"https:\/\/lynnhan.com\/km\/#organization","name":"Lynnhan - Trusted Supplier | LED\/OLED\/LCD\/E-paper digital signages","url":"https:\/\/lynnhan.com\/km\/","logo":{"@type":"ImageObject","inLanguage":"cs","@id":"https:\/\/lynnhan.com\/km\/#\/schema\/logo\/image\/","url":"https:\/\/pub-78925c7bf9ca4c6d820df8293a5c116c.r2.dev\/2024\/07\/LynnHan-logo3.png","contentUrl":"https:\/\/pub-78925c7bf9ca4c6d820df8293a5c116c.r2.dev\/2024\/07\/LynnHan-logo3.png","width":390,"height":130,"caption":"Lynnhan - Trusted Supplier | LED\/OLED\/LCD\/E-paper digital signages"},"image":{"@id":"https:\/\/lynnhan.com\/km\/#\/schema\/logo\/image\/"}}]}},"jetpack_sharing_enabled":true,"_links":{"self":[{"href":"https:\/\/lynnhan.com\/cs\/wp-json\/wp\/v2\/pages\/601","targetHints":{"allow":["GET"]}}],"collection":[{"href":"https:\/\/lynnhan.com\/cs\/wp-json\/wp\/v2\/pages"}],"about":[{"href":"https:\/\/lynnhan.com\/cs\/wp-json\/wp\/v2\/types\/page"}],"author":[{"embeddable":true,"href":"https:\/\/lynnhan.com\/cs\/wp-json\/wp\/v2\/users\/1"}],"replies":[{"embeddable":true,"href":"https:\/\/lynnhan.com\/cs\/wp-json\/wp\/v2\/comments?post=601"}],"version-history":[{"count":0,"href":"https:\/\/lynnhan.com\/cs\/wp-json\/wp\/v2\/pages\/601\/revisions"}],"wp:attachment":[{"href":"https:\/\/lynnhan.com\/cs\/wp-json\/wp\/v2\/media?parent=601"}],"curies":[{"name":"wp","href":"https:\/\/api.w.org\/{rel}","templated":true}]}}