{"id":540,"date":"2024-02-27T08:44:39","date_gmt":"2024-02-27T08:44:39","guid":{"rendered":"https:\/\/lynnhan.com\/?page_id=540"},"modified":"2024-12-18T09:42:17","modified_gmt":"2024-12-18T09:42:17","slug":"dodaci","status":"publish","type":"page","link":"https:\/\/lynnhan.com\/cs\/dodaci\/","title":{"rendered":"Dod\u00e1n\u00ed"},"content":{"rendered":"<div data-elementor-type=\"wp-page\" data-elementor-id=\"540\" class=\"elementor elementor-540\" data-elementor-post-type=\"page\">\n\t\t\t\t<div class=\"elementor-element elementor-element-26335f7 e-flex e-con-boxed e-con e-parent\" data-id=\"26335f7\" data-element_type=\"container\">\n\t\t\t\t\t<div class=\"e-con-inner\">\n\t\t\t\t<div class=\"elementor-element elementor-element-68c9c7e elementor-widget elementor-widget-image\" data-id=\"68c9c7e\" data-element_type=\"widget\" data-widget_type=\"image.default\">\n\t\t\t\t<div class=\"elementor-widget-container\">\n\t\t\t\t\t\t\t\t\t\t\t\t\t\t\t<img fetchpriority=\"high\" decoding=\"async\" width=\"1165\" height=\"653\" src=\"https:\/\/pub-78925c7bf9ca4c6d820df8293a5c116c.r2.dev\/2024\/12\/shipment.webp\" class=\"attachment-full size-full wp-image-3297\" alt=\"All in one LED shipment\" srcset=\"https:\/\/pub-78925c7bf9ca4c6d820df8293a5c116c.r2.dev\/2024\/12\/shipment.webp 1165w, https:\/\/pub-78925c7bf9ca4c6d820df8293a5c116c.r2.dev\/2024\/12\/shipment-700x392.webp 700w, https:\/\/pub-78925c7bf9ca4c6d820df8293a5c116c.r2.dev\/2024\/12\/shipment-1024x574.webp 1024w, https:\/\/pub-78925c7bf9ca4c6d820df8293a5c116c.r2.dev\/2024\/12\/shipment-768x430.webp 768w, https:\/\/pub-78925c7bf9ca4c6d820df8293a5c116c.r2.dev\/2024\/12\/shipment-18x10.webp 18w, https:\/\/pub-78925c7bf9ca4c6d820df8293a5c116c.r2.dev\/2024\/12\/shipment-1140x639.webp 1140w, https:\/\/pub-78925c7bf9ca4c6d820df8293a5c116c.r2.dev\/2024\/12\/shipment-920x516.webp 920w, https:\/\/pub-78925c7bf9ca4c6d820df8293a5c116c.r2.dev\/2024\/12\/shipment-575x322.webp 575w, https:\/\/pub-78925c7bf9ca4c6d820df8293a5c116c.r2.dev\/2024\/12\/shipment-380x213.webp 380w, https:\/\/pub-78925c7bf9ca4c6d820df8293a5c116c.r2.dev\/2024\/12\/shipment-800x448.webp 800w\" sizes=\"(max-width: 1165px) 100vw, 1165px\" \/>\t\t\t\t\t\t\t\t\t\t\t\t\t\t\t<\/div>\n\t\t\t\t<\/div>\n\t\t\t\t\t<\/div>\n\t\t\t\t<\/div>\n\t\t<div class=\"elementor-element elementor-element-8f6152b e-flex e-con-boxed e-con e-parent\" data-id=\"8f6152b\" data-element_type=\"container\">\n\t\t\t\t\t<div class=\"e-con-inner\">\n\t\t\t\t<div class=\"elementor-element elementor-element-2a13164 elementor-widget elementor-widget-text-editor\" data-id=\"2a13164\" data-element_type=\"widget\" data-widget_type=\"text-editor.default\">\n\t\t\t\t<div class=\"elementor-widget-container\">\n\t\t\t\t\t\t\t\t\t<h3>1. Dopravn\u00ed \u0159e\u0161en\u00ed v Lynnhan: Efektivn\u00ed a spolehliv\u00e1 dod\u00e1vka<\/h3><p><strong>2. Vytvo\u0159en\u00e9 dle pot\u0159eby dopravn\u00ed slu\u017eby pro va\u0161e podnik\u00e1n\u00ed<\/strong><\/p><p>3. V Lynnhan rozum\u00edme, \u017ee spolehliv\u00e1 a efektivn\u00ed doprava je kl\u00ed\u010dov\u00e1 pro va\u0161e podnikov\u00e9 operace. Na\u0161e komplexn\u00ed dopravn\u00ed \u0159e\u0161en\u00ed jsou navr\u017eena tak, aby vyhovovala rozmanit\u00fdm pot\u0159eb\u00e1m na\u0161ich B2B klient\u016f, co\u017e zajist\u00ed, \u017ee va\u0161e produkty doraz\u00ed v\u010das a v dokonal\u00e9m stavu.<\/p><p><strong>4. Glob\u00e1ln\u00ed dosah, lok\u00e1ln\u00ed p\u0159esnost<\/strong><\/p><p>5. Na\u0161e rozs\u00e1hl\u00e1 s\u00ed\u0165 dopravn\u00edch partner\u016f n\u00e1m umo\u017e\u0148uje doru\u010dovat va\u0161e produkty kamkoli na sv\u011bt\u011b. A\u0165 u\u017e jste m\u00edstn\u00ed podnik nebo glob\u00e1ln\u00ed spole\u010dnost, Lynnhan nab\u00edz\u00ed p\u0159izp\u016fsoben\u00e9 dopravn\u00ed mo\u017enosti, aby se zajistilo, \u017ee va\u0161e objedn\u00e1vka doraz\u00ed na m\u00edsto ur\u010den\u00ed efektivn\u011b. N\u00e1\u0161 t\u00fdm \u00fazce spolupracuje s renomovan\u00fdmi dopravci, aby poskytoval plynulou dodac\u00ed zku\u0161enost, od dve\u0159\u00ed do dve\u0159\u00ed.<\/p><p><strong>6. Flexibiln\u00ed dopravn\u00ed mo\u017enosti<\/strong><\/p><ul><li><strong>7. Standardn\u00ed doprava:<\/strong> 8. Ide\u00e1ln\u00ed pro neurgentn\u00ed objedn\u00e1vky, na\u0161e standardn\u00ed doprava nab\u00edz\u00ed ekonomick\u00e9 \u0159e\u0161en\u00ed s spolehliv\u00fdmi dodac\u00edmmi \u010dasy.<\/li><li><strong>9. expresn\u00ed doprava:<\/strong> 10. Kdy\u017e je na\u010dase, zvolte na\u0161i expresn\u00ed dopravu pro rychlej\u0161\u00ed doru\u010den\u00ed. Prioritizujeme va\u0161e z\u00e1silky, aby dorazily rychle.<\/li><li><strong>11. Doprava n\u00e1kladn\u00ed:<\/strong> 12. Pro v\u011bt\u0161\u00ed objedn\u00e1vky nebo zvl\u00e1\u0161tn\u00ed po\u017eadavky nab\u00edzej\u00ed na\u0161e slu\u017eby n\u00e1kladn\u00ed dopravy p\u0159izp\u016fsoben\u00e9 \u0159e\u0161en\u00ed, v\u010detn\u011b mo\u0159sk\u00e9, leteck\u00e9 a pozemn\u00ed mo\u017enost\u00ed.<\/li><\/ul><p><strong>13. Sledov\u00e1n\u00ed v re\u00e1ln\u00e9m \u010dase a podpora<\/strong><\/p><p>14. Udr\u017eujte se informov\u00e1ni od expedice a\u017e po doru\u010den\u00ed pomoc\u00ed na\u0161eho slu\u017eby sledov\u00e1n\u00ed v re\u00e1ln\u00e9m \u010dase. Po expedici obdr\u017e\u00edte \u010d\u00edslo sledov\u00e1n\u00ed, abyste mohli sledovat pokrok va\u0161\u00ed objedn\u00e1vky. N\u00e1\u0161 zam\u011b\u0159en\u00fd podp\u016frn\u00fd t\u00fdm je v\u017edy k dispozici k poskytov\u00e1n\u00ed aktualizac\u00ed a asistenci p\u0159i jak\u00fdchkoli dotazech na dopravu.<\/p><p><strong>15. Dovozn\u00ed celn\u00ed \u0159\u00edzen\u00ed a shoda s p\u0159edpisy<\/strong><\/p><p>16. Expertiza Lynnhan v mezin\u00e1rodn\u00ed doprav\u011b zaji\u0161\u0165uje hladk\u00fd proces dov\u00e1zen\u00ed. Zab\u00fdv\u00e1me se v\u0161emi nezbytn\u00fdmi dokumenty a po\u017eadavky na shodu, minimalizujeme zpo\u017ed\u011bn\u00ed a zajist\u00edme, \u017ee va\u0161e z\u00e1silka spl\u0148uje m\u00edstn\u00ed p\u0159edpisy.<\/p><p><strong>17. Ekologick\u00e9 balen\u00ed a doprava<\/strong><\/p><p>18. Z\u00e1vazek k udr\u017eitelnosti n\u00e1s prov\u00e1z\u00ed. Lynnhan pou\u017e\u00edv\u00e1 ekologick\u00e9 materi\u00e1ly pro balen\u00ed a optimalizuje trasy dopravy, aby sn\u00ed\u017eila na\u0161i dopad na \u017eivotn\u00ed prost\u0159ed\u00ed. Na\u0161e ekologick\u00e9 mo\u017enosti dopravy jsou sou\u010d\u00e1st\u00ed na\u0161\u00ed oddanosti ochran\u011b planety p\u0159i slu\u017eb\u011b va\u0161im podnikov\u00fdm pot\u0159eb\u00e1m.<\/p><p><strong>19. Dopravn\u00ed sazby a politiky<\/strong><\/p><p>20. Na\u0161e konkuren\u010dn\u00ed dopravn\u00ed sazby jsou vypo\u010d\u00edt\u00e1ny na z\u00e1klad\u011b velikosti objedn\u00e1vky, hmotnosti a c\u00edlov\u00e9ho m\u00edsta. Pro podrobn\u00e9 informace o n\u00e1kladech na dopravu a politik\u00e1ch nav\u0161tivte pros\u00edm na\u0161i webovou str\u00e1nku nebo kontaktujte n\u00e1\u0161 z\u00e1kaznick\u00fd servisn\u00ed t\u00fdm. Sna\u017e\u00edme se nab\u00eddnout transparentn\u00ed cen\u011bn\u00ed bez skryt\u00fdch poplatk\u016f.<\/p><p><strong>21. Jak si za\u0159\u00eddit dopravu<\/strong><\/p><p>22. Objedn\u00e1v\u00e1n\u00ed u Lynnhan je snadn\u00e9. B\u011bhem procesu placen\u00ed budete vyzv\u00e1ni k v\u00fdb\u011bru va\u0161\u00ed preferovan\u00e9 dopravn\u00ed metody. N\u00e1\u0161 t\u00fdm pot\u00e9 p\u0159iprav\u00ed va\u0161i objedn\u00e1vku k expedici, zajist\u00ed, \u017ee je pe\u010dliv\u011b zabalen<\/p><p>At Lynnhan, we\u2019re dedicated to providing you with efficient, reliable, and tailored shipping solutions. Our goal is to support your business by ensuring your products are delivered on time and in perfect condition, no matter where in the world you\u2019re located.<\/p>\t\t\t\t\t\t\t\t<\/div>\n\t\t\t\t<\/div>\n\t\t\t\t\t<\/div>\n\t\t\t\t<\/div>\n\t\t\t\t<\/div>","protected":false},"excerpt":{"rendered":"<p>Shipping Solutions at Lynnhan: Efficient and Reliable Delivery Tailored Shipping for Your Business At Lynnhan, we understand that reliable and efficient shipping is crucial for your business operations. Our comprehensive [\u2026]<\/p>","protected":false},"author":1,"featured_media":0,"parent":0,"menu_order":0,"comment_status":"closed","ping_status":"closed","template":"","meta":{"footnotes":""},"class_list":["post-540","page","type-page","status-publish","hentry"],"yoast_head":"<!-- This site is optimized with the Yoast SEO plugin v26.6 - https:\/\/yoast.com\/wordpress\/plugins\/seo\/ -->\n<title>LynnHan Standbyme TV supplier Shipping<\/title>\n<meta name=\"description\" content=\"Hassle-free shipping starts at LynnHan Standbyme TV supplier. Our comprehensive guide ensures your packages arrive safely and on time.\" \/>\n<meta name=\"robots\" content=\"index, follow, max-snippet:-1, max-image-preview:large, max-video-preview:-1\" \/>\n<link rel=\"canonical\" href=\"https:\/\/lynnhan.com\/cs\/dodaci\/\" \/>\n<meta property=\"og:locale\" content=\"cs_CZ\" \/>\n<meta property=\"og:type\" content=\"article\" \/>\n<meta property=\"og:title\" content=\"LynnHan Standbyme TV supplier Shipping\" \/>\n<meta property=\"og:description\" content=\"Hassle-free shipping starts at LynnHan Standbyme TV supplier. Our comprehensive guide ensures your packages arrive safely and on time.\" \/>\n<meta property=\"og:url\" content=\"https:\/\/lynnhan.com\/cs\/dodaci\/\" \/>\n<meta property=\"og:site_name\" content=\"Lynnhan - Trusted Supplier | LED\/OLED\/LCD\/E-paper digital signages\" \/>\n<meta property=\"article:modified_time\" content=\"2024-12-18T09:42:17+00:00\" \/>\n<meta property=\"og:image\" content=\"https:\/\/pub-78925c7bf9ca4c6d820df8293a5c116c.r2.dev\/2024\/12\/shipment.webp\" \/>\n<meta name=\"twitter:card\" content=\"summary_large_image\" \/>\n<meta name=\"twitter:label1\" content=\"Odhadovan\u00e1 doba \u010dten\u00ed\" \/>\n\t<meta name=\"twitter:data1\" content=\"3 minuty\" \/>\n<script type=\"application\/ld+json\" class=\"yoast-schema-graph\">{\"@context\":\"https:\/\/schema.org\",\"@graph\":[{\"@type\":\"WebPage\",\"@id\":\"https:\/\/lynnhan.com\/be\/shipping\/\",\"url\":\"https:\/\/lynnhan.com\/be\/shipping\/\",\"name\":\"LynnHan Standbyme TV supplier Shipping\",\"isPartOf\":{\"@id\":\"https:\/\/lynnhan.com\/km\/#website\"},\"primaryImageOfPage\":{\"@id\":\"https:\/\/lynnhan.com\/be\/shipping\/#primaryimage\"},\"image\":{\"@id\":\"https:\/\/lynnhan.com\/be\/shipping\/#primaryimage\"},\"thumbnailUrl\":\"https:\/\/pub-78925c7bf9ca4c6d820df8293a5c116c.r2.dev\/2024\/12\/shipment.webp\",\"datePublished\":\"2024-02-27T08:44:39+00:00\",\"dateModified\":\"2024-12-18T09:42:17+00:00\",\"description\":\"Hassle-free shipping starts at LynnHan Standbyme TV supplier. Our comprehensive guide ensures your packages arrive safely and on time.\",\"breadcrumb\":{\"@id\":\"https:\/\/lynnhan.com\/be\/shipping\/#breadcrumb\"},\"inLanguage\":\"cs\",\"potentialAction\":[{\"@type\":\"ReadAction\",\"target\":[\"https:\/\/lynnhan.com\/be\/shipping\/\"]}]},{\"@type\":\"ImageObject\",\"inLanguage\":\"cs\",\"@id\":\"https:\/\/lynnhan.com\/be\/shipping\/#primaryimage\",\"url\":\"https:\/\/pub-78925c7bf9ca4c6d820df8293a5c116c.r2.dev\/2024\/12\/shipment.webp\",\"contentUrl\":\"https:\/\/pub-78925c7bf9ca4c6d820df8293a5c116c.r2.dev\/2024\/12\/shipment.webp\"},{\"@type\":\"BreadcrumbList\",\"@id\":\"https:\/\/lynnhan.com\/be\/shipping\/#breadcrumb\",\"itemListElement\":[{\"@type\":\"ListItem\",\"position\":1,\"name\":\"Home\",\"item\":\"https:\/\/lynnhan.com\/\"},{\"@type\":\"ListItem\",\"position\":2,\"name\":\"Shipping\"}]},{\"@type\":\"WebSite\",\"@id\":\"https:\/\/lynnhan.com\/km\/#website\",\"url\":\"https:\/\/lynnhan.com\/km\/\",\"name\":\"Lynnhan - Trusted Supplier | LED\/OLED\/LCD\/E-paper digital signages\",\"description\":\"Lynnhan - Trusted Supplier |  LED\/OLED\/LCD\/E-paper digital signages\",\"publisher\":{\"@id\":\"https:\/\/lynnhan.com\/km\/#organization\"},\"potentialAction\":[{\"@type\":\"SearchAction\",\"target\":{\"@type\":\"EntryPoint\",\"urlTemplate\":\"https:\/\/lynnhan.com\/km\/?s={search_term_string}\"},\"query-input\":{\"@type\":\"PropertyValueSpecification\",\"valueRequired\":true,\"valueName\":\"search_term_string\"}}],\"inLanguage\":\"cs\"},{\"@type\":\"Organization\",\"@id\":\"https:\/\/lynnhan.com\/km\/#organization\",\"name\":\"Lynnhan - Trusted Supplier | LED\/OLED\/LCD\/E-paper digital signages\",\"url\":\"https:\/\/lynnhan.com\/km\/\",\"logo\":{\"@type\":\"ImageObject\",\"inLanguage\":\"cs\",\"@id\":\"https:\/\/lynnhan.com\/km\/#\/schema\/logo\/image\/\",\"url\":\"https:\/\/pub-78925c7bf9ca4c6d820df8293a5c116c.r2.dev\/2024\/07\/LynnHan-logo3.png\",\"contentUrl\":\"https:\/\/pub-78925c7bf9ca4c6d820df8293a5c116c.r2.dev\/2024\/07\/LynnHan-logo3.png\",\"width\":390,\"height\":130,\"caption\":\"Lynnhan - Trusted Supplier | LED\/OLED\/LCD\/E-paper digital signages\"},\"image\":{\"@id\":\"https:\/\/lynnhan.com\/km\/#\/schema\/logo\/image\/\"}}]}<\/script>\n<!-- \/ Yoast SEO plugin. -->","yoast_head_json":{"title":"LynnHan Standbyme TV dodavatelsk\u00fd dodac\u00ed","description":"Bezprobl\u00e9mov\u00fd p\u0159evoz za\u010d\u00edn\u00e1 v LynnHan Standbyme TV dodavateli. Na\u0161e komplexn\u00ed p\u0159\u00edru\u010dka zajist\u00ed, \u017ee va\u0161e bal\u00ed\u010dky doraz\u00ed bezpe\u010dn\u011b a v\u010das.","robots":{"index":"index","follow":"follow","max-snippet":"max-snippet:-1","max-image-preview":"max-image-preview:large","max-video-preview":"max-video-preview:-1"},"canonical":"https:\/\/lynnhan.com\/cs\/dodaci\/","og_locale":"cs_CZ","og_type":"article","og_title":"LynnHan Standbyme TV supplier Shipping","og_description":"Hassle-free shipping starts at LynnHan Standbyme TV supplier. Our comprehensive guide ensures your packages arrive safely and on time.","og_url":"https:\/\/lynnhan.com\/cs\/dodaci\/","og_site_name":"Lynnhan - Trusted Supplier | LED\/OLED\/LCD\/E-paper digital signages","article_modified_time":"2024-12-18T09:42:17+00:00","og_image":[{"url":"https:\/\/pub-78925c7bf9ca4c6d820df8293a5c116c.r2.dev\/2024\/12\/shipment.webp","type":"","width":"","height":""}],"twitter_card":"summary_large_image","twitter_misc":{"Odhadovan\u00e1 doba \u010dten\u00ed":"3 minuty"},"schema":{"@context":"https:\/\/schema.org","@graph":[{"@type":"WebPage","@id":"https:\/\/lynnhan.com\/be\/shipping\/","url":"https:\/\/lynnhan.com\/be\/shipping\/","name":"LynnHan Standbyme TV dodavatelsk\u00fd dodac\u00ed","isPartOf":{"@id":"https:\/\/lynnhan.com\/km\/#website"},"primaryImageOfPage":{"@id":"https:\/\/lynnhan.com\/be\/shipping\/#primaryimage"},"image":{"@id":"https:\/\/lynnhan.com\/be\/shipping\/#primaryimage"},"thumbnailUrl":"https:\/\/pub-78925c7bf9ca4c6d820df8293a5c116c.r2.dev\/2024\/12\/shipment.webp","datePublished":"2024-02-27T08:44:39+00:00","dateModified":"2024-12-18T09:42:17+00:00","description":"Bezprobl\u00e9mov\u00fd p\u0159evoz za\u010d\u00edn\u00e1 v LynnHan Standbyme TV dodavateli. Na\u0161e komplexn\u00ed p\u0159\u00edru\u010dka zajist\u00ed, \u017ee va\u0161e bal\u00ed\u010dky doraz\u00ed bezpe\u010dn\u011b a v\u010das.","breadcrumb":{"@id":"https:\/\/lynnhan.com\/be\/shipping\/#breadcrumb"},"inLanguage":"cs","potentialAction":[{"@type":"ReadAction","target":["https:\/\/lynnhan.com\/be\/shipping\/"]}]},{"@type":"ImageObject","inLanguage":"cs","@id":"https:\/\/lynnhan.com\/be\/shipping\/#primaryimage","url":"https:\/\/pub-78925c7bf9ca4c6d820df8293a5c116c.r2.dev\/2024\/12\/shipment.webp","contentUrl":"https:\/\/pub-78925c7bf9ca4c6d820df8293a5c116c.r2.dev\/2024\/12\/shipment.webp"},{"@type":"BreadcrumbList","@id":"https:\/\/lynnhan.com\/be\/shipping\/#breadcrumb","itemListElement":[{"@type":"ListItem","position":1,"name":"Home","item":"https:\/\/lynnhan.com\/"},{"@type":"ListItem","position":2,"name":"Shipping"}]},{"@type":"WebSite","@id":"https:\/\/lynnhan.com\/km\/#website","url":"https:\/\/lynnhan.com\/km\/","name":"Lynnhan - Trusted Supplier | LED\/OLED\/LCD\/E-paper digital signages","description":"Lynnhan - Trusted Supplier |  LED\/OLED\/LCD\/E-paper digital signages","publisher":{"@id":"https:\/\/lynnhan.com\/km\/#organization"},"potentialAction":[{"@type":"SearchAction","target":{"@type":"EntryPoint","urlTemplate":"https:\/\/lynnhan.com\/km\/?s={search_term_string}"},"query-input":{"@type":"PropertyValueSpecification","valueRequired":true,"valueName":"search_term_string"}}],"inLanguage":"cs"},{"@type":"Organization","@id":"https:\/\/lynnhan.com\/km\/#organization","name":"Lynnhan - Trusted Supplier | LED\/OLED\/LCD\/E-paper digital signages","url":"https:\/\/lynnhan.com\/km\/","logo":{"@type":"ImageObject","inLanguage":"cs","@id":"https:\/\/lynnhan.com\/km\/#\/schema\/logo\/image\/","url":"https:\/\/pub-78925c7bf9ca4c6d820df8293a5c116c.r2.dev\/2024\/07\/LynnHan-logo3.png","contentUrl":"https:\/\/pub-78925c7bf9ca4c6d820df8293a5c116c.r2.dev\/2024\/07\/LynnHan-logo3.png","width":390,"height":130,"caption":"Lynnhan - Trusted Supplier | LED\/OLED\/LCD\/E-paper digital signages"},"image":{"@id":"https:\/\/lynnhan.com\/km\/#\/schema\/logo\/image\/"}}]}},"jetpack_sharing_enabled":true,"_links":{"self":[{"href":"https:\/\/lynnhan.com\/cs\/wp-json\/wp\/v2\/pages\/540","targetHints":{"allow":["GET"]}}],"collection":[{"href":"https:\/\/lynnhan.com\/cs\/wp-json\/wp\/v2\/pages"}],"about":[{"href":"https:\/\/lynnhan.com\/cs\/wp-json\/wp\/v2\/types\/page"}],"author":[{"embeddable":true,"href":"https:\/\/lynnhan.com\/cs\/wp-json\/wp\/v2\/users\/1"}],"replies":[{"embeddable":true,"href":"https:\/\/lynnhan.com\/cs\/wp-json\/wp\/v2\/comments?post=540"}],"version-history":[{"count":0,"href":"https:\/\/lynnhan.com\/cs\/wp-json\/wp\/v2\/pages\/540\/revisions"}],"wp:attachment":[{"href":"https:\/\/lynnhan.com\/cs\/wp-json\/wp\/v2\/media?parent=540"}],"curies":[{"name":"wp","href":"https:\/\/api.w.org\/{rel}","templated":true}]}}