{"id":535,"date":"2024-02-27T08:28:56","date_gmt":"2024-02-27T08:28:56","guid":{"rendered":"https:\/\/lynnhan.com\/?page_id=535"},"modified":"2024-12-18T10:25:48","modified_gmt":"2024-12-18T10:25:48","slug":"platebni","status":"publish","type":"page","link":"https:\/\/lynnhan.com\/cs\/platebni\/","title":{"rendered":"Platby"},"content":{"rendered":"<div data-elementor-type=\"wp-page\" data-elementor-id=\"535\" class=\"elementor elementor-535\" data-elementor-post-type=\"page\">\n\t\t\t\t<div class=\"elementor-element elementor-element-142d8d4 e-flex e-con-boxed e-con e-parent\" data-id=\"142d8d4\" data-element_type=\"container\">\n\t\t\t\t\t<div class=\"e-con-inner\">\n\t\t\t\t<div class=\"elementor-element elementor-element-6619f7f elementor-widget elementor-widget-image\" data-id=\"6619f7f\" data-element_type=\"widget\" data-widget_type=\"image.default\">\n\t\t\t\t<div class=\"elementor-widget-container\">\n\t\t\t\t\t\t\t\t\t\t\t\t\t\t\t<img fetchpriority=\"high\" decoding=\"async\" width=\"1920\" height=\"1076\" src=\"https:\/\/pub-78925c7bf9ca4c6d820df8293a5c116c.r2.dev\/2024\/12\/payments-2.webp\" class=\"attachment-full size-full wp-image-3303\" alt=\"Pl\u00e1nov\u00e1n\u00ed plateb pro v\u00fdrobce LED za\u0159\u00edzen\u00ed\" srcset=\"https:\/\/pub-78925c7bf9ca4c6d820df8293a5c116c.r2.dev\/2024\/12\/payments-2.webp 1920w, https:\/\/pub-78925c7bf9ca4c6d820df8293a5c116c.r2.dev\/2024\/12\/payments-2-700x392.webp 700w, https:\/\/pub-78925c7bf9ca4c6d820df8293a5c116c.r2.dev\/2024\/12\/payments-2-1024x574.webp 1024w, https:\/\/pub-78925c7bf9ca4c6d820df8293a5c116c.r2.dev\/2024\/12\/payments-2-768x430.webp 768w, https:\/\/pub-78925c7bf9ca4c6d820df8293a5c116c.r2.dev\/2024\/12\/payments-2-1536x861.webp 1536w, https:\/\/pub-78925c7bf9ca4c6d820df8293a5c116c.r2.dev\/2024\/12\/payments-2-18x10.webp 18w, https:\/\/pub-78925c7bf9ca4c6d820df8293a5c116c.r2.dev\/2024\/12\/payments-2-1140x639.webp 1140w, https:\/\/pub-78925c7bf9ca4c6d820df8293a5c116c.r2.dev\/2024\/12\/payments-2-920x516.webp 920w, https:\/\/pub-78925c7bf9ca4c6d820df8293a5c116c.r2.dev\/2024\/12\/payments-2-575x322.webp 575w, https:\/\/pub-78925c7bf9ca4c6d820df8293a5c116c.r2.dev\/2024\/12\/payments-2-380x213.webp 380w, https:\/\/pub-78925c7bf9ca4c6d820df8293a5c116c.r2.dev\/2024\/12\/payments-2-1320x740.webp 1320w, https:\/\/pub-78925c7bf9ca4c6d820df8293a5c116c.r2.dev\/2024\/12\/payments-2-800x448.webp 800w\" sizes=\"(max-width: 1920px) 100vw, 1920px\" \/>\t\t\t\t\t\t\t\t\t\t\t\t\t\t\t<\/div>\n\t\t\t\t<\/div>\n\t\t\t\t\t<\/div>\n\t\t\t\t<\/div>\n\t\t<div class=\"elementor-element elementor-element-d66f236 e-flex e-con-boxed e-con e-parent\" data-id=\"d66f236\" data-element_type=\"container\">\n\t\t\t\t\t<div class=\"e-con-inner\">\n\t\t\t\t<div class=\"elementor-element elementor-element-c3f9628 elementor-widget elementor-widget-text-editor\" data-id=\"c3f9628\" data-element_type=\"widget\" data-widget_type=\"text-editor.default\">\n\t\t\t\t<div class=\"elementor-widget-container\">\n\t\t\t\t\t\t\t\t\t<h3>Pl\u00e1nov\u00e1n\u00ed plateb v Lynnhan: Jednoduch\u00e9 a bezpe\u010dn\u00e9 transakce<\/h3><p><strong>Flexibiln\u00ed platebn\u00ed mo\u017enosti pro va\u0161e podnikatelsk\u00e9 pot\u0159eby<\/strong><\/p><p>V Lynnhan rozum\u00edme d\u016fle\u017eitosti flexibiln\u00edch a bezpe\u010dn\u00fdch platebn\u00edch \u0159e\u0161en\u00ed pro podniky. C\u00edlem n\u00e1s je u\u010dinit v\u00e1\u0161 n\u00e1kupn\u00ed proces co nejplynn\u011bj\u0161\u00ed a bezprobl\u00e9mov\u00fd. Proto v\u00e1m nab\u00edz\u00edme \u0161irokou \u0161k\u00e1lu platebn\u00edch mo\u017enost\u00ed p\u0159izp\u016fsoben\u00fdch r\u016fzn\u00fdm pot\u0159eb\u00e1m na\u0161ich B2B klient\u016f.<\/p><p><strong>Bezpe\u010dn\u00e9 online platby<\/strong><\/p><p>Pro pohodl\u00ed a efektivitu podporuje Lynnhan bezpe\u010dn\u00e9 online platby. Na\u0161e platforma p\u0159ij\u00edm\u00e1 hlavn\u00ed platebn\u00ed karty, v\u010detn\u011b Visa, MasterCard a American Express, jako\u017e i PayPal pro rychl\u00e9 a snadn\u00e9 transakce. Na\u0161e bezpe\u010dn\u00fd platebn\u00ed br\u00e1na zajist\u00ed, \u017ee va\u0161e finan\u010dn\u00ed informace budou v\u017edy chr\u00e1n\u011bny pomoc\u00ed pokro\u010dil\u00e9ho \u0161ifrov\u00e1n\u00ed a bezpe\u010dnostn\u00edch protokol\u016f.<\/p><p><strong>Bankovn\u00ed p\u0159evody (T\/T a Western Union)<br \/><\/strong><\/p><p>Pro v\u011bt\u0161\u00ed objedn\u00e1vky nebo na m\u00edru p\u0159izp\u016fsoben\u00e1 \u0159e\u0161en\u00ed nab\u00edz\u00edme p\u0159\u00edm\u00e9 bankovn\u00ed p\u0159evody. Tato mo\u017enost umo\u017e\u0148uje v\u011bt\u0161\u00ed flexibilitu p\u0159i spr\u00e1v\u011b va\u0161ich financ\u00ed a je ide\u00e1ln\u00ed pro podniky, kter\u00e9 up\u0159ednost\u0148uj\u00ed tradi\u010dn\u00ed platebn\u00ed metody. Na\u0161e z\u00e1kaznick\u00fd servisn\u00ed t\u00fdm v\u00e1m poskytne v\u0161echny pot\u0159ebn\u00e9 podrobnosti pro hladk\u00fd bankovn\u00ed p\u0159evod.<\/p><p><strong>Na m\u00edru p\u0159izp\u016fsoben\u00e9 platebn\u00ed pl\u00e1ny<\/strong><\/p><p>Rozum\u00edme, \u017ee ka\u017ed\u00fd podnik m\u00e1 jedine\u010dn\u00e9 pot\u0159eby, proto je Lynnhan otev\u0159en diskusi o na m\u00edru p\u0159izp\u016fsoben\u00fdch platebn\u00edch pl\u00e1nech. A\u0165 u\u017e jde o rozvrhovan\u00e9 platebn\u00ed kalend\u00e1\u0159 nebo p\u0159izp\u016fsoben\u00e9 finan\u010dn\u00ed \u0159e\u0161en\u00ed, n\u00e1\u0161 t\u00fdm je odhodlan\u00fd spolupracovat s v\u00e1mi, abychom na\u0161li platebn\u00ed strukturu, kter\u00e1 vyhovuje va\u0161im podnikatelsk\u00fdm pot\u0159eb\u00e1m.<\/p><p><strong>Bezpe\u010dn\u00fd proces transakce<\/strong><\/p><p>Bezpe\u010dnost je pro n\u00e1s p\u0159i plateb\u00e1ch nejvy\u0161\u0161\u00ed prioritou. Lynnhan vyu\u017e\u00edv\u00e1 \u0161pi\u010dkov\u00e9 bezpe\u010dnostn\u00ed opat\u0159en\u00ed k ochran\u011b va\u0161ich transakc\u00ed a osobn\u00edch informac\u00ed. Na\u0161e shoda s normami PCI DSS zajist\u00ed, \u017ee va\u0161e platba je zpracov\u00e1na v nejbezpe\u010dn\u011bj\u0161\u00edm prost\u0159ed\u00ed.<\/p><p><strong>Dedikovan\u00e1 podpora<\/strong><\/p><p>N\u00e1\u0161 dedikovan\u00fd z\u00e1kaznick\u00fd servisn\u00ed t\u00fdm je zde, abychom v\u00e1m pomohli s jak\u00fdmkoli dotazem nebo probl\u00e9mem t\u00fdkaj\u00edc\u00edm se plateb. A\u0165 u\u017e pot\u0159ebujete pomoc p\u0159i v\u00fdb\u011bru spr\u00e1vn\u00e9ho platebn\u00edho mo\u017enosti, porozum\u011bn\u00ed va\u0161emu fakturu nebo diskusi o platebn\u00edch pl\u00e1nech, jsme tu, abychom zajistili hladk\u00fd transak\u010dn\u00ed z\u00e1\u017eitek.<\/p><p><strong>Jak prov\u00e9st platbu<\/strong><\/p><p>Prov\u00e1d\u011bn\u00ed platby s Lynnhan je jednoduch\u00e9. Jakmile um\u00edst\u00edte objedn\u00e1vku, obdr\u017e\u00edte fakturu s podrobn\u00fdmi pokyny pro platbu. Vyberte si up\u0159ednost\u0148ovan\u00fd platebn\u00ed zp\u016fsob a postupujte podle uveden\u00fdch krok\u016f k dokon\u010den\u00ed transakce. N\u00e1\u0161 z\u00e1kaznick\u00fd servisn\u00ed t\u00fdm je v\u017edy k dispozici, abychom v\u00e1s p\u0159i pot\u0159eby provedli p\u0159es cel\u00fd proces.<\/p><p>V Lynnhan jsme odd\u00e1ni poskytov\u00e1n\u00ed na\u0161im B2B klient\u016fm bezpe\u010dn\u00fdch, flexibiln\u00edch a pohodln\u00fdch platebn\u00edch \u0159e\u0161en\u00ed. Na\u0161e \u0161k\u00e1la platebn\u00edch mo\u017enost\u00ed je navr\u017eena tak, aby vyhovovala specifick\u00fdm pot\u0159eb\u00e1m va\u0161eho podniku, co\u017e zajist\u00ed hladk\u00fd a efektivn\u00ed n\u00e1kupn\u00ed z\u00e1\u017eitek.<\/p>\t\t\t\t\t\t\t\t<\/div>\n\t\t\t\t<\/div>\n\t\t\t\t\t<\/div>\n\t\t\t\t<\/div>\n\t\t\t\t<\/div>","protected":false},"excerpt":{"rendered":"<p>Payment Solutions at Lynnhan: Streamlined and Secure Transactions Flexible Payment Options for Your Business Needs At Lynnhan, we understand the importance of flexible and secure payment solutions for businesses. Our [\u2026]<\/p>","protected":false},"author":1,"featured_media":0,"parent":0,"menu_order":0,"comment_status":"closed","ping_status":"closed","template":"","meta":{"footnotes":""},"class_list":["post-535","page","type-page","status-publish","hentry"],"yoast_head":"<!-- This site is optimized with the Yoast SEO plugin v26.6 - https:\/\/yoast.com\/wordpress\/plugins\/seo\/ -->\n<title>Payments: Lynnhan portable TV supplier<\/title>\n<meta name=\"description\" content=\"Discover how Lynnhan portable TV supplier Payments transforms your online purchases into smooth, effortless experiences.\" \/>\n<meta name=\"robots\" content=\"index, follow, max-snippet:-1, max-image-preview:large, max-video-preview:-1\" \/>\n<link rel=\"canonical\" href=\"https:\/\/lynnhan.com\/cs\/platebni\/\" \/>\n<meta property=\"og:locale\" content=\"cs_CZ\" \/>\n<meta property=\"og:type\" content=\"article\" \/>\n<meta property=\"og:title\" content=\"Payments: Lynnhan portable TV supplier\" \/>\n<meta property=\"og:description\" content=\"Discover how Lynnhan portable TV supplier Payments transforms your online purchases into smooth, effortless experiences.\" \/>\n<meta property=\"og:url\" content=\"https:\/\/lynnhan.com\/cs\/platebni\/\" \/>\n<meta property=\"og:site_name\" content=\"Lynnhan - Trusted Supplier | LED\/OLED\/LCD\/E-paper digital signages\" \/>\n<meta property=\"article:modified_time\" content=\"2024-12-18T10:25:48+00:00\" \/>\n<meta property=\"og:image\" content=\"https:\/\/pub-78925c7bf9ca4c6d820df8293a5c116c.r2.dev\/2024\/12\/payments-2.webp\" \/>\n<meta name=\"twitter:card\" content=\"summary_large_image\" \/>\n<meta name=\"twitter:label1\" content=\"Odhadovan\u00e1 doba \u010dten\u00ed\" \/>\n\t<meta name=\"twitter:data1\" content=\"2 minuty\" \/>\n<script type=\"application\/ld+json\" class=\"yoast-schema-graph\">{\"@context\":\"https:\/\/schema.org\",\"@graph\":[{\"@type\":\"WebPage\",\"@id\":\"https:\/\/lynnhan.com\/payments\/\",\"url\":\"https:\/\/lynnhan.com\/payments\/\",\"name\":\"Payments: Lynnhan portable TV supplier\",\"isPartOf\":{\"@id\":\"https:\/\/lynnhan.com\/km\/#website\"},\"primaryImageOfPage\":{\"@id\":\"https:\/\/lynnhan.com\/payments\/#primaryimage\"},\"image\":{\"@id\":\"https:\/\/lynnhan.com\/payments\/#primaryimage\"},\"thumbnailUrl\":\"https:\/\/pub-78925c7bf9ca4c6d820df8293a5c116c.r2.dev\/2024\/12\/payments-2.webp\",\"datePublished\":\"2024-02-27T08:28:56+00:00\",\"dateModified\":\"2024-12-18T10:25:48+00:00\",\"description\":\"Discover how Lynnhan portable TV supplier Payments transforms your online purchases into smooth, effortless experiences.\",\"breadcrumb\":{\"@id\":\"https:\/\/lynnhan.com\/payments\/#breadcrumb\"},\"inLanguage\":\"cs\",\"potentialAction\":[{\"@type\":\"ReadAction\",\"target\":[\"https:\/\/lynnhan.com\/payments\/\"]}]},{\"@type\":\"ImageObject\",\"inLanguage\":\"cs\",\"@id\":\"https:\/\/lynnhan.com\/payments\/#primaryimage\",\"url\":\"https:\/\/pub-78925c7bf9ca4c6d820df8293a5c116c.r2.dev\/2024\/12\/payments-2.webp\",\"contentUrl\":\"https:\/\/pub-78925c7bf9ca4c6d820df8293a5c116c.r2.dev\/2024\/12\/payments-2.webp\"},{\"@type\":\"BreadcrumbList\",\"@id\":\"https:\/\/lynnhan.com\/payments\/#breadcrumb\",\"itemListElement\":[{\"@type\":\"ListItem\",\"position\":1,\"name\":\"Home\",\"item\":\"https:\/\/lynnhan.com\/\"},{\"@type\":\"ListItem\",\"position\":2,\"name\":\"Payments\"}]},{\"@type\":\"WebSite\",\"@id\":\"https:\/\/lynnhan.com\/km\/#website\",\"url\":\"https:\/\/lynnhan.com\/km\/\",\"name\":\"Lynnhan - Trusted Supplier | LED\/OLED\/LCD\/E-paper digital signages\",\"description\":\"Lynnhan - Trusted Supplier |  LED\/OLED\/LCD\/E-paper digital signages\",\"publisher\":{\"@id\":\"https:\/\/lynnhan.com\/km\/#organization\"},\"potentialAction\":[{\"@type\":\"SearchAction\",\"target\":{\"@type\":\"EntryPoint\",\"urlTemplate\":\"https:\/\/lynnhan.com\/km\/?s={search_term_string}\"},\"query-input\":{\"@type\":\"PropertyValueSpecification\",\"valueRequired\":true,\"valueName\":\"search_term_string\"}}],\"inLanguage\":\"cs\"},{\"@type\":\"Organization\",\"@id\":\"https:\/\/lynnhan.com\/km\/#organization\",\"name\":\"Lynnhan - Trusted Supplier | LED\/OLED\/LCD\/E-paper digital signages\",\"url\":\"https:\/\/lynnhan.com\/km\/\",\"logo\":{\"@type\":\"ImageObject\",\"inLanguage\":\"cs\",\"@id\":\"https:\/\/lynnhan.com\/km\/#\/schema\/logo\/image\/\",\"url\":\"https:\/\/pub-78925c7bf9ca4c6d820df8293a5c116c.r2.dev\/2024\/07\/LynnHan-logo3.png\",\"contentUrl\":\"https:\/\/pub-78925c7bf9ca4c6d820df8293a5c116c.r2.dev\/2024\/07\/LynnHan-logo3.png\",\"width\":390,\"height\":130,\"caption\":\"Lynnhan - Trusted Supplier | LED\/OLED\/LCD\/E-paper digital signages\"},\"image\":{\"@id\":\"https:\/\/lynnhan.com\/km\/#\/schema\/logo\/image\/\"}}]}<\/script>\n<!-- \/ Yoast SEO plugin. -->","yoast_head_json":{"title":"Platebn\u00ed: Lynnhan mobiln\u00ed TV dodavatel","description":"Zjist\u011bte, jak spole\u010dnost Lynnhan portable TV supplier Payments prom\u011bn\u00ed va\u0161e online n\u00e1kupy v plynul\u00e9, snadn\u00e9 z\u00e1\u017eitky.","robots":{"index":"index","follow":"follow","max-snippet":"max-snippet:-1","max-image-preview":"max-image-preview:large","max-video-preview":"max-video-preview:-1"},"canonical":"https:\/\/lynnhan.com\/cs\/platebni\/","og_locale":"cs_CZ","og_type":"article","og_title":"Payments: Lynnhan portable TV supplier","og_description":"Discover how Lynnhan portable TV supplier Payments transforms your online purchases into smooth, effortless experiences.","og_url":"https:\/\/lynnhan.com\/cs\/platebni\/","og_site_name":"Lynnhan - Trusted Supplier | LED\/OLED\/LCD\/E-paper digital signages","article_modified_time":"2024-12-18T10:25:48+00:00","og_image":[{"url":"https:\/\/pub-78925c7bf9ca4c6d820df8293a5c116c.r2.dev\/2024\/12\/payments-2.webp","type":"","width":"","height":""}],"twitter_card":"summary_large_image","twitter_misc":{"Odhadovan\u00e1 doba \u010dten\u00ed":"2 minuty"},"schema":{"@context":"https:\/\/schema.org","@graph":[{"@type":"WebPage","@id":"https:\/\/lynnhan.com\/payments\/","url":"https:\/\/lynnhan.com\/payments\/","name":"Platebn\u00ed: Lynnhan mobiln\u00ed TV dodavatel","isPartOf":{"@id":"https:\/\/lynnhan.com\/km\/#website"},"primaryImageOfPage":{"@id":"https:\/\/lynnhan.com\/payments\/#primaryimage"},"image":{"@id":"https:\/\/lynnhan.com\/payments\/#primaryimage"},"thumbnailUrl":"https:\/\/pub-78925c7bf9ca4c6d820df8293a5c116c.r2.dev\/2024\/12\/payments-2.webp","datePublished":"2024-02-27T08:28:56+00:00","dateModified":"2024-12-18T10:25:48+00:00","description":"Zjist\u011bte, jak spole\u010dnost Lynnhan portable TV supplier Payments prom\u011bn\u00ed va\u0161e online n\u00e1kupy v plynul\u00e9, snadn\u00e9 z\u00e1\u017eitky.","breadcrumb":{"@id":"https:\/\/lynnhan.com\/payments\/#breadcrumb"},"inLanguage":"cs","potentialAction":[{"@type":"ReadAction","target":["https:\/\/lynnhan.com\/payments\/"]}]},{"@type":"ImageObject","inLanguage":"cs","@id":"https:\/\/lynnhan.com\/payments\/#primaryimage","url":"https:\/\/pub-78925c7bf9ca4c6d820df8293a5c116c.r2.dev\/2024\/12\/payments-2.webp","contentUrl":"https:\/\/pub-78925c7bf9ca4c6d820df8293a5c116c.r2.dev\/2024\/12\/payments-2.webp"},{"@type":"BreadcrumbList","@id":"https:\/\/lynnhan.com\/payments\/#breadcrumb","itemListElement":[{"@type":"ListItem","position":1,"name":"Home","item":"https:\/\/lynnhan.com\/"},{"@type":"ListItem","position":2,"name":"Payments"}]},{"@type":"WebSite","@id":"https:\/\/lynnhan.com\/km\/#website","url":"https:\/\/lynnhan.com\/km\/","name":"Lynnhan - Trusted Supplier | LED\/OLED\/LCD\/E-paper digital signages","description":"Lynnhan - Trusted Supplier |  LED\/OLED\/LCD\/E-paper digital signages","publisher":{"@id":"https:\/\/lynnhan.com\/km\/#organization"},"potentialAction":[{"@type":"SearchAction","target":{"@type":"EntryPoint","urlTemplate":"https:\/\/lynnhan.com\/km\/?s={search_term_string}"},"query-input":{"@type":"PropertyValueSpecification","valueRequired":true,"valueName":"search_term_string"}}],"inLanguage":"cs"},{"@type":"Organization","@id":"https:\/\/lynnhan.com\/km\/#organization","name":"Lynnhan - Trusted Supplier | LED\/OLED\/LCD\/E-paper digital signages","url":"https:\/\/lynnhan.com\/km\/","logo":{"@type":"ImageObject","inLanguage":"cs","@id":"https:\/\/lynnhan.com\/km\/#\/schema\/logo\/image\/","url":"https:\/\/pub-78925c7bf9ca4c6d820df8293a5c116c.r2.dev\/2024\/07\/LynnHan-logo3.png","contentUrl":"https:\/\/pub-78925c7bf9ca4c6d820df8293a5c116c.r2.dev\/2024\/07\/LynnHan-logo3.png","width":390,"height":130,"caption":"Lynnhan - Trusted Supplier | LED\/OLED\/LCD\/E-paper digital signages"},"image":{"@id":"https:\/\/lynnhan.com\/km\/#\/schema\/logo\/image\/"}}]}},"jetpack_sharing_enabled":true,"_links":{"self":[{"href":"https:\/\/lynnhan.com\/cs\/wp-json\/wp\/v2\/pages\/535","targetHints":{"allow":["GET"]}}],"collection":[{"href":"https:\/\/lynnhan.com\/cs\/wp-json\/wp\/v2\/pages"}],"about":[{"href":"https:\/\/lynnhan.com\/cs\/wp-json\/wp\/v2\/types\/page"}],"author":[{"embeddable":true,"href":"https:\/\/lynnhan.com\/cs\/wp-json\/wp\/v2\/users\/1"}],"replies":[{"embeddable":true,"href":"https:\/\/lynnhan.com\/cs\/wp-json\/wp\/v2\/comments?post=535"}],"version-history":[{"count":0,"href":"https:\/\/lynnhan.com\/cs\/wp-json\/wp\/v2\/pages\/535\/revisions"}],"wp:attachment":[{"href":"https:\/\/lynnhan.com\/cs\/wp-json\/wp\/v2\/media?parent=535"}],"curies":[{"name":"wp","href":"https:\/\/api.w.org\/{rel}","templated":true}]}}