{"id":517,"date":"2024-02-27T08:02:52","date_gmt":"2024-02-27T08:02:52","guid":{"rendered":"https:\/\/lynnhan.com\/?page_id=517"},"modified":"2024-12-24T08:39:31","modified_gmt":"2024-12-24T08:39:31","slug":"why-lynnhan","status":"publish","type":"page","link":"https:\/\/lynnhan.com\/cs\/why-lynnhan\/","title":{"rendered":"Pro\u010d Lynnhan"},"content":{"rendered":"<div data-elementor-type=\"wp-page\" data-elementor-id=\"517\" class=\"elementor elementor-517\" data-elementor-post-type=\"page\">\n\t\t\t\t<div class=\"elementor-element elementor-element-ac24e16 e-flex e-con-boxed e-con e-parent\" data-id=\"ac24e16\" data-element_type=\"container\">\n\t\t\t\t\t<div class=\"e-con-inner\">\n\t\t\t\t<div class=\"elementor-element elementor-element-a8ffeb6 elementor-widget elementor-widget-image\" data-id=\"a8ffeb6\" data-element_type=\"widget\" data-widget_type=\"image.default\">\n\t\t\t\t<div class=\"elementor-widget-container\">\n\t\t\t\t\t\t\t\t\t\t\t\t\t\t\t<img fetchpriority=\"high\" decoding=\"async\" width=\"1920\" height=\"1076\" src=\"https:\/\/pub-78925c7bf9ca4c6d820df8293a5c116c.r2.dev\/2024\/12\/Why-Lynnhan.webp\" class=\"attachment-full size-full wp-image-3274\" alt=\"Wlhy All in One LED manufacturer Lynnhan\" srcset=\"https:\/\/pub-78925c7bf9ca4c6d820df8293a5c116c.r2.dev\/2024\/12\/Why-Lynnhan.webp 1920w, https:\/\/pub-78925c7bf9ca4c6d820df8293a5c116c.r2.dev\/2024\/12\/Why-Lynnhan-700x392.webp 700w, https:\/\/pub-78925c7bf9ca4c6d820df8293a5c116c.r2.dev\/2024\/12\/Why-Lynnhan-1024x574.webp 1024w, https:\/\/pub-78925c7bf9ca4c6d820df8293a5c116c.r2.dev\/2024\/12\/Why-Lynnhan-768x430.webp 768w, https:\/\/pub-78925c7bf9ca4c6d820df8293a5c116c.r2.dev\/2024\/12\/Why-Lynnhan-1536x861.webp 1536w, https:\/\/pub-78925c7bf9ca4c6d820df8293a5c116c.r2.dev\/2024\/12\/Why-Lynnhan-18x10.webp 18w, https:\/\/pub-78925c7bf9ca4c6d820df8293a5c116c.r2.dev\/2024\/12\/Why-Lynnhan-1140x639.webp 1140w, https:\/\/pub-78925c7bf9ca4c6d820df8293a5c116c.r2.dev\/2024\/12\/Why-Lynnhan-920x516.webp 920w, https:\/\/pub-78925c7bf9ca4c6d820df8293a5c116c.r2.dev\/2024\/12\/Why-Lynnhan-575x322.webp 575w, https:\/\/pub-78925c7bf9ca4c6d820df8293a5c116c.r2.dev\/2024\/12\/Why-Lynnhan-380x213.webp 380w, https:\/\/pub-78925c7bf9ca4c6d820df8293a5c116c.r2.dev\/2024\/12\/Why-Lynnhan-1320x740.webp 1320w, https:\/\/pub-78925c7bf9ca4c6d820df8293a5c116c.r2.dev\/2024\/12\/Why-Lynnhan-800x448.webp 800w\" sizes=\"(max-width: 1920px) 100vw, 1920px\" \/>\t\t\t\t\t\t\t\t\t\t\t\t\t\t\t<\/div>\n\t\t\t\t<\/div>\n\t\t\t\t\t<\/div>\n\t\t\t\t<\/div>\n\t\t<div class=\"elementor-element elementor-element-1c5267a e-flex e-con-boxed e-con e-parent\" data-id=\"1c5267a\" data-element_type=\"container\">\n\t\t\t\t\t<div class=\"e-con-inner\">\n\t\t\t\t<div class=\"elementor-element elementor-element-fadb91b elementor-widget elementor-widget-text-editor\" data-id=\"fadb91b\" data-element_type=\"widget\" data-widget_type=\"text-editor.default\">\n\t\t\t\t<div class=\"elementor-widget-container\">\n\t\t\t\t\t\t\t\t\t<h3>1. Pro\u010d Lynnhan: V\u00e1\u0161 partner v \u0159e\u0161en\u00edch chytr\u00e9 technologie<\/h3><p><strong>2. Inovativn\u00ed \u0159e\u0161en\u00ed pro modern\u00ed v\u00fdzvy<\/strong><\/p><p>3. V sv\u011bt\u011b, kde se technologie vyv\u00edj\u00ed rychlost\u00ed blesku, se Lynnhan vyhrajuje jako maj\u00e1k inovace a spolehlivosti. R\u00e1di rozum\u00edme slo\u017eitostem modern\u00edho podnikatelsk\u00e9ho a vzd\u011bl\u00e1vac\u00edho prost\u0159ed\u00ed a jsme odd\u00e1ni vyu\u017e\u00edv\u00e1n\u00ed pokro\u010dil\u00e9 um\u011bl\u00e9 inteligence AI a nejnov\u011bj\u0161\u00edch technologi\u00ed, poskytov\u00e1n\u00ed chytr\u00fdch technologick\u00fdch \u0159e\u0161en\u00ed, kter\u00e1 tyto v\u00fdzvy \u010del\u00ed p\u0159\u00edmo. Zde je jen n\u011bkolik d\u016fvod\u016f, pro\u010d je volba Lynnhan inteligentn\u00ed volbou pro va\u0161i organizaci.<\/p><p><strong>4. Neuv\u011b\u0159iteln\u00e9 odborn\u00e9 znalosti<\/strong><\/p><p>5. S v\u00edce ne\u017e desetiletou zku\u0161enost\u00ed v oblasti chytr\u00e9 technologie p\u0159in\u00e1\u0161\u00ed Lynnhan na st\u016fl bohat\u00e9 znalosti a zku\u0161enosti. n\u00e1\u0161 t\u00fdm odborn\u00edk\u016f je hluboce anga\u017eov\u00e1n v v\u00fdzkumu a v\u00fdvoji, co\u017e zajist\u00ed, \u017ee ka\u017ed\u00fd produkt, kter\u00fd nab\u00edz\u00edme, je na pokraji technologi\u00ed. Kdy\u017e si vyberete Lynnhan, nedost\u00e1v\u00e1te jen dodavatele; z\u00edsk\u00e1v\u00e1te partnera s dok\u00e1zan\u00fdm z\u00e1znamem excelence.<\/p><p><strong>6. P\u0159izp\u016fsoben\u00e9 \u0159e\u0161en\u00ed<\/strong><\/p><p>7. Hrd\u00edme se sv\u00e9 schopnosti p\u0159izp\u016fsobit na\u0161e produkty a slu\u017eby na pot\u0159eby na\u0161ich klient\u016f. Od vzd\u011bl\u00e1v\u00e1n\u00ed a zdravotnictv\u00ed po prodejn\u00ed a korpor\u00e1tn\u00ed prost\u0159ed\u00ed mohou b\u00fdt smart tabule, mobiln\u00ed televizory, dotykov\u00e9 obrazovky, tablety,\u7b14\u8bb0\u672c\u4e66\u5305, mini PC a nositeln\u00e9 za\u0159\u00edzen\u00ed od Lynnhan p\u0159izp\u016fsobeny na va\u0161e specifick\u00e9 po\u017eadavky. Na\u0161e flexibiln\u00ed OEM\/ODM slu\u017eby znamenaj\u00ed, \u017ee v\u00e1\u0161 z\u00e1m\u011br se m\u016f\u017ee st\u00e1t skute\u010dnost\u00ed, s technologick\u00fdmi \u0159e\u0161en\u00edmi navr\u017een\u00fdmi p\u0159\u00edmo pro v\u00e1s.<\/p><p><strong>14. Zaji\u0161t\u011bn\u00ed kvality<\/strong><\/p><p>8. Kvalita nen\u00ed jen c\u00edl; je to slib. V Lynnhan ka\u017ed\u00fd produkt podstoup\u00ed p\u0159\u00edsn\u00e9 testov\u00e1n\u00ed a procesy kontroly kvality, aby spl\u0148oval na\u0161e vysok\u00e9 standardy. Pou\u017e\u00edv\u00e1me pouze nejlep\u0161\u00ed materi\u00e1ly a nejnov\u011bj\u0161\u00ed v\u00fdrobn\u00ed techniky, abychom zajistili spolehlivost a trvanlivost. Kdy\u017e investujete do technologie Lynnhan, investujete do kvality, kter\u00e1 vydr\u017e\u00ed.<\/p><p><strong>9. Udr\u017eitelnost a zodpov\u011bdnost<\/strong><\/p><p>10. Jak se vyd\u00e1v\u00e1me d\u00e1l do budoucnosti, z\u016fst\u00e1v\u00e1 Lynnhan odd\u00e1n udr\u017eitelnosti a etick\u00fdm praxem. Neust\u00e1le hled\u00e1me zp\u016fsoby, jak sn\u00ed\u017eit na\u0161i dopad na \u017eivotn\u00ed prost\u0159ed\u00ed a vyv\u00edjet produkty, kter\u00e9 nejsou jen inovativn\u00ed, ale tak\u00e9 ekologick\u00e9. Spolupr\u00e1ce s Lynnhan znamen\u00e1 podporu spole\u010dnosti, kter\u00e1 se o planetu star\u00e1 stejn\u011b jako vy.<\/p><p><strong>11. Vynikaj\u00edc\u00ed z\u00e1kaznick\u00e1 podpora<\/strong><\/p><p>12. Na\u0161e vztah s na\u0161imi klienty nep\u0159edch\u00e1z\u00ed prodej. Lynnhan nab\u00edz\u00ed komplexn\u00ed z\u00e1kaznickou podporu, od po\u010d\u00e1te\u010dn\u00ed konzultace a instalace po nep\u0159etr\u017eit\u00e9 technick\u00e9 pomoc a \u0161kolen\u00ed. N\u00e1\u0161 odd\u011blen\u00fd t\u00fdm je v\u017edy p\u0159ipraven v\u00e1m pomoci vyu\u017e\u00edt maximum z va\u0161ich \u0159e\u0161en\u00ed Lynnhan, aby va\u0161e zku\u0161enost byla hladk\u00e1 a uspokojiv\u00e1.<\/p><p><strong>13. Glob\u00e1ln\u00ed dosah, m\u00edstn\u00ed dotek<\/strong><\/p><p>14. Glob\u00e1ln\u00ed p\u0159\u00edtomnost Lynnhan nem\u00e1 n\u00e1klady na personalizovanou slu\u017ebu. Hodnot\u00edme na\u0161e m\u00edstn\u00ed z\u00e1kazn\u00edky a s stejnou oddanost\u00ed a p\u00e9\u010d\u00ed, jako na\u0161i mezin\u00e1rodn\u00ed klienti, se sna\u017e\u00edme porozum\u011bt a uspokojit jejich pot\u0159eby. Kdekoliv jste, Lynnhan je tam, aby v\u00e1s podporoval.<\/p><p><strong>15. Investov\u00e1n\u00ed do va\u0161eho \u00fasp\u011bchu<\/strong><\/p><p>16. V Lynnhan je v\u00e1\u0161 \u00fasp\u011bch n\u00e1\u0161 \u00fasp\u011bch. Nejen\u017ee prod\u00e1v\u00e1me produkty; nab\u00edz\u00edme \u0159e\u0161en\u00ed, kter\u00e1 podporuj\u00ed r\u016fst, zvy\u0161uj\u00ed produktiv<\/p><p><strong>Choose Lynnhan: Where Innovation Meets Reliability<\/strong><\/p><p>When you choose Lynnhan, you\u2019re choosing a partner that is dedicated to your success. With our innovative solutions, customized approach, commitment to quality, and exceptional support, we\u2019re ready to help you tackle the challenges of today and tomorrow.<\/p><p>Discover the Lynnhan difference. Let\u2019s innovate together.<\/p>\t\t\t\t\t\t\t\t<\/div>\n\t\t\t\t<\/div>\n\t\t\t\t\t<\/div>\n\t\t\t\t<\/div>\n\t\t\t\t<\/div>","protected":false},"excerpt":{"rendered":"<p>Why Lynnhan: Your Partner in Smart Technology Solutions Innovative Solutions for Modern Challenges In a world where technology evolves at lightning speed, Lynnhan stands out as a beacon of innovation [\u2026]<\/p>","protected":false},"author":1,"featured_media":0,"parent":0,"menu_order":0,"comment_status":"closed","ping_status":"closed","template":"","meta":{"footnotes":""},"class_list":["post-517","page","type-page","status-publish","hentry"],"yoast_head":"<!-- This site is optimized with the Yoast SEO plugin v26.6 - https:\/\/yoast.com\/wordpress\/plugins\/seo\/ -->\n<title>Why Lynnhan ? Smart Tech, Smart Touch<\/title>\n<meta name=\"description\" content=\"Experience the LynnHan difference. From innovative products to dedicated support, see why we exceed expectations.\" \/>\n<meta name=\"robots\" content=\"index, follow, max-snippet:-1, max-image-preview:large, max-video-preview:-1\" \/>\n<link rel=\"canonical\" href=\"https:\/\/lynnhan.com\/cs\/why-lynnhan\/\" \/>\n<meta property=\"og:locale\" content=\"cs_CZ\" \/>\n<meta property=\"og:type\" content=\"article\" \/>\n<meta property=\"og:title\" content=\"Why Lynnhan ? Smart Tech, Smart Touch\" \/>\n<meta property=\"og:description\" content=\"Experience the LynnHan difference. From innovative products to dedicated support, see why we exceed expectations.\" \/>\n<meta property=\"og:url\" content=\"https:\/\/lynnhan.com\/cs\/why-lynnhan\/\" \/>\n<meta property=\"og:site_name\" content=\"Lynnhan - Trusted Supplier | LED\/OLED\/LCD\/E-paper digital signages\" \/>\n<meta property=\"article:modified_time\" content=\"2024-12-24T08:39:31+00:00\" \/>\n<meta property=\"og:image\" content=\"https:\/\/pub-78925c7bf9ca4c6d820df8293a5c116c.r2.dev\/2024\/12\/Why-Lynnhan.webp\" \/>\n<meta name=\"twitter:card\" content=\"summary_large_image\" \/>\n<meta name=\"twitter:label1\" content=\"Odhadovan\u00e1 doba \u010dten\u00ed\" \/>\n\t<meta name=\"twitter:data1\" content=\"3 minuty\" \/>\n<script type=\"application\/ld+json\" class=\"yoast-schema-graph\">{\"@context\":\"https:\/\/schema.org\",\"@graph\":[{\"@type\":\"WebPage\",\"@id\":\"https:\/\/lynnhan.com\/why-lynnhan\/\",\"url\":\"https:\/\/lynnhan.com\/why-lynnhan\/\",\"name\":\"Why Lynnhan ? Smart Tech, Smart Touch\",\"isPartOf\":{\"@id\":\"https:\/\/lynnhan.com\/km\/#website\"},\"primaryImageOfPage\":{\"@id\":\"https:\/\/lynnhan.com\/why-lynnhan\/#primaryimage\"},\"image\":{\"@id\":\"https:\/\/lynnhan.com\/why-lynnhan\/#primaryimage\"},\"thumbnailUrl\":\"https:\/\/pub-78925c7bf9ca4c6d820df8293a5c116c.r2.dev\/2024\/12\/Why-Lynnhan.webp\",\"datePublished\":\"2024-02-27T08:02:52+00:00\",\"dateModified\":\"2024-12-24T08:39:31+00:00\",\"description\":\"Experience the LynnHan difference. From innovative products to dedicated support, see why we exceed expectations.\",\"breadcrumb\":{\"@id\":\"https:\/\/lynnhan.com\/why-lynnhan\/#breadcrumb\"},\"inLanguage\":\"cs\",\"potentialAction\":[{\"@type\":\"ReadAction\",\"target\":[\"https:\/\/lynnhan.com\/why-lynnhan\/\"]}]},{\"@type\":\"ImageObject\",\"inLanguage\":\"cs\",\"@id\":\"https:\/\/lynnhan.com\/why-lynnhan\/#primaryimage\",\"url\":\"https:\/\/pub-78925c7bf9ca4c6d820df8293a5c116c.r2.dev\/2024\/12\/Why-Lynnhan.webp\",\"contentUrl\":\"https:\/\/pub-78925c7bf9ca4c6d820df8293a5c116c.r2.dev\/2024\/12\/Why-Lynnhan.webp\"},{\"@type\":\"BreadcrumbList\",\"@id\":\"https:\/\/lynnhan.com\/why-lynnhan\/#breadcrumb\",\"itemListElement\":[{\"@type\":\"ListItem\",\"position\":1,\"name\":\"Home\",\"item\":\"https:\/\/lynnhan.com\/\"},{\"@type\":\"ListItem\",\"position\":2,\"name\":\"Why Lynnhan\"}]},{\"@type\":\"WebSite\",\"@id\":\"https:\/\/lynnhan.com\/km\/#website\",\"url\":\"https:\/\/lynnhan.com\/km\/\",\"name\":\"Lynnhan - Trusted Supplier | LED\/OLED\/LCD\/E-paper digital signages\",\"description\":\"Lynnhan - Trusted Supplier |  LED\/OLED\/LCD\/E-paper digital signages\",\"publisher\":{\"@id\":\"https:\/\/lynnhan.com\/km\/#organization\"},\"potentialAction\":[{\"@type\":\"SearchAction\",\"target\":{\"@type\":\"EntryPoint\",\"urlTemplate\":\"https:\/\/lynnhan.com\/km\/?s={search_term_string}\"},\"query-input\":{\"@type\":\"PropertyValueSpecification\",\"valueRequired\":true,\"valueName\":\"search_term_string\"}}],\"inLanguage\":\"cs\"},{\"@type\":\"Organization\",\"@id\":\"https:\/\/lynnhan.com\/km\/#organization\",\"name\":\"Lynnhan - Trusted Supplier | LED\/OLED\/LCD\/E-paper digital signages\",\"url\":\"https:\/\/lynnhan.com\/km\/\",\"logo\":{\"@type\":\"ImageObject\",\"inLanguage\":\"cs\",\"@id\":\"https:\/\/lynnhan.com\/km\/#\/schema\/logo\/image\/\",\"url\":\"https:\/\/pub-78925c7bf9ca4c6d820df8293a5c116c.r2.dev\/2024\/07\/LynnHan-logo3.png\",\"contentUrl\":\"https:\/\/pub-78925c7bf9ca4c6d820df8293a5c116c.r2.dev\/2024\/07\/LynnHan-logo3.png\",\"width\":390,\"height\":130,\"caption\":\"Lynnhan - Trusted Supplier | LED\/OLED\/LCD\/E-paper digital signages\"},\"image\":{\"@id\":\"https:\/\/lynnhan.com\/km\/#\/schema\/logo\/image\/\"}}]}<\/script>\n<!-- \/ Yoast SEO plugin. -->","yoast_head_json":{"title":"Why Lynnhan ? Smart Tech, Smart Touch","description":"Experience the LynnHan difference. From innovative products to dedicated support, see why we exceed expectations.","robots":{"index":"index","follow":"follow","max-snippet":"max-snippet:-1","max-image-preview":"max-image-preview:large","max-video-preview":"max-video-preview:-1"},"canonical":"https:\/\/lynnhan.com\/cs\/why-lynnhan\/","og_locale":"cs_CZ","og_type":"article","og_title":"Why Lynnhan ? Smart Tech, Smart Touch","og_description":"Experience the LynnHan difference. From innovative products to dedicated support, see why we exceed expectations.","og_url":"https:\/\/lynnhan.com\/cs\/why-lynnhan\/","og_site_name":"Lynnhan - Trusted Supplier | LED\/OLED\/LCD\/E-paper digital signages","article_modified_time":"2024-12-24T08:39:31+00:00","og_image":[{"url":"https:\/\/pub-78925c7bf9ca4c6d820df8293a5c116c.r2.dev\/2024\/12\/Why-Lynnhan.webp","type":"","width":"","height":""}],"twitter_card":"summary_large_image","twitter_misc":{"Odhadovan\u00e1 doba \u010dten\u00ed":"3 minuty"},"schema":{"@context":"https:\/\/schema.org","@graph":[{"@type":"WebPage","@id":"https:\/\/lynnhan.com\/why-lynnhan\/","url":"https:\/\/lynnhan.com\/why-lynnhan\/","name":"Why Lynnhan ? Smart Tech, Smart Touch","isPartOf":{"@id":"https:\/\/lynnhan.com\/km\/#website"},"primaryImageOfPage":{"@id":"https:\/\/lynnhan.com\/why-lynnhan\/#primaryimage"},"image":{"@id":"https:\/\/lynnhan.com\/why-lynnhan\/#primaryimage"},"thumbnailUrl":"https:\/\/pub-78925c7bf9ca4c6d820df8293a5c116c.r2.dev\/2024\/12\/Why-Lynnhan.webp","datePublished":"2024-02-27T08:02:52+00:00","dateModified":"2024-12-24T08:39:31+00:00","description":"Experience the LynnHan difference. From innovative products to dedicated support, see why we exceed expectations.","breadcrumb":{"@id":"https:\/\/lynnhan.com\/why-lynnhan\/#breadcrumb"},"inLanguage":"cs","potentialAction":[{"@type":"ReadAction","target":["https:\/\/lynnhan.com\/why-lynnhan\/"]}]},{"@type":"ImageObject","inLanguage":"cs","@id":"https:\/\/lynnhan.com\/why-lynnhan\/#primaryimage","url":"https:\/\/pub-78925c7bf9ca4c6d820df8293a5c116c.r2.dev\/2024\/12\/Why-Lynnhan.webp","contentUrl":"https:\/\/pub-78925c7bf9ca4c6d820df8293a5c116c.r2.dev\/2024\/12\/Why-Lynnhan.webp"},{"@type":"BreadcrumbList","@id":"https:\/\/lynnhan.com\/why-lynnhan\/#breadcrumb","itemListElement":[{"@type":"ListItem","position":1,"name":"Home","item":"https:\/\/lynnhan.com\/"},{"@type":"ListItem","position":2,"name":"Why Lynnhan"}]},{"@type":"WebSite","@id":"https:\/\/lynnhan.com\/km\/#website","url":"https:\/\/lynnhan.com\/km\/","name":"Lynnhan - Trusted Supplier | LED\/OLED\/LCD\/E-paper digital signages","description":"Lynnhan - Trusted Supplier |  LED\/OLED\/LCD\/E-paper digital signages","publisher":{"@id":"https:\/\/lynnhan.com\/km\/#organization"},"potentialAction":[{"@type":"SearchAction","target":{"@type":"EntryPoint","urlTemplate":"https:\/\/lynnhan.com\/km\/?s={search_term_string}"},"query-input":{"@type":"PropertyValueSpecification","valueRequired":true,"valueName":"search_term_string"}}],"inLanguage":"cs"},{"@type":"Organization","@id":"https:\/\/lynnhan.com\/km\/#organization","name":"Lynnhan - Trusted Supplier | LED\/OLED\/LCD\/E-paper digital signages","url":"https:\/\/lynnhan.com\/km\/","logo":{"@type":"ImageObject","inLanguage":"cs","@id":"https:\/\/lynnhan.com\/km\/#\/schema\/logo\/image\/","url":"https:\/\/pub-78925c7bf9ca4c6d820df8293a5c116c.r2.dev\/2024\/07\/LynnHan-logo3.png","contentUrl":"https:\/\/pub-78925c7bf9ca4c6d820df8293a5c116c.r2.dev\/2024\/07\/LynnHan-logo3.png","width":390,"height":130,"caption":"Lynnhan - Trusted Supplier | LED\/OLED\/LCD\/E-paper digital signages"},"image":{"@id":"https:\/\/lynnhan.com\/km\/#\/schema\/logo\/image\/"}}]}},"jetpack_sharing_enabled":true,"_links":{"self":[{"href":"https:\/\/lynnhan.com\/cs\/wp-json\/wp\/v2\/pages\/517","targetHints":{"allow":["GET"]}}],"collection":[{"href":"https:\/\/lynnhan.com\/cs\/wp-json\/wp\/v2\/pages"}],"about":[{"href":"https:\/\/lynnhan.com\/cs\/wp-json\/wp\/v2\/types\/page"}],"author":[{"embeddable":true,"href":"https:\/\/lynnhan.com\/cs\/wp-json\/wp\/v2\/users\/1"}],"replies":[{"embeddable":true,"href":"https:\/\/lynnhan.com\/cs\/wp-json\/wp\/v2\/comments?post=517"}],"version-history":[{"count":0,"href":"https:\/\/lynnhan.com\/cs\/wp-json\/wp\/v2\/pages\/517\/revisions"}],"wp:attachment":[{"href":"https:\/\/lynnhan.com\/cs\/wp-json\/wp\/v2\/media?parent=517"}],"curies":[{"name":"wp","href":"https:\/\/api.w.org\/{rel}","templated":true}]}}