{"id":3,"date":"2024-02-24T07:46:55","date_gmt":"2024-02-24T07:46:55","guid":{"rendered":"https:\/\/lynnhan.com\/?page_id=3"},"modified":"2024-12-18T10:36:41","modified_gmt":"2024-12-18T10:36:41","slug":"privacy-policy","status":"publish","type":"page","link":"https:\/\/lynnhan.com\/cs\/privacy-policy\/","title":{"rendered":"Z\u00e1sady ochrany osobn\u00edch \u00fadaj\u016f"},"content":{"rendered":"<div data-elementor-type=\"wp-page\" data-elementor-id=\"3\" class=\"elementor elementor-3\" data-elementor-post-type=\"page\">\n\t\t\t\t<div class=\"elementor-element elementor-element-e9b38ac e-flex e-con-boxed e-con e-parent\" data-id=\"e9b38ac\" data-element_type=\"container\">\n\t\t\t\t\t<div class=\"e-con-inner\">\n\t\t\t\t<div class=\"elementor-element elementor-element-83498b3 elementor-widget elementor-widget-image\" data-id=\"83498b3\" data-element_type=\"widget\" data-widget_type=\"image.default\">\n\t\t\t\t<div class=\"elementor-widget-container\">\n\t\t\t\t\t\t\t\t\t\t\t\t\t\t\t<img fetchpriority=\"high\" decoding=\"async\" width=\"1456\" height=\"816\" src=\"https:\/\/pub-78925c7bf9ca4c6d820df8293a5c116c.r2.dev\/2024\/12\/Privacy-Policy.webp\" class=\"attachment-full size-full wp-image-3315\" alt=\"Politika ochrany soukrom\u00ed dodavatele All in One LED\" srcset=\"https:\/\/pub-78925c7bf9ca4c6d820df8293a5c116c.r2.dev\/2024\/12\/Privacy-Policy.webp 1456w, https:\/\/pub-78925c7bf9ca4c6d820df8293a5c116c.r2.dev\/2024\/12\/Privacy-Policy-700x392.webp 700w, https:\/\/pub-78925c7bf9ca4c6d820df8293a5c116c.r2.dev\/2024\/12\/Privacy-Policy-1024x574.webp 1024w, https:\/\/pub-78925c7bf9ca4c6d820df8293a5c116c.r2.dev\/2024\/12\/Privacy-Policy-768x430.webp 768w, https:\/\/pub-78925c7bf9ca4c6d820df8293a5c116c.r2.dev\/2024\/12\/Privacy-Policy-18x10.webp 18w, https:\/\/pub-78925c7bf9ca4c6d820df8293a5c116c.r2.dev\/2024\/12\/Privacy-Policy-1140x639.webp 1140w, https:\/\/pub-78925c7bf9ca4c6d820df8293a5c116c.r2.dev\/2024\/12\/Privacy-Policy-920x516.webp 920w, https:\/\/pub-78925c7bf9ca4c6d820df8293a5c116c.r2.dev\/2024\/12\/Privacy-Policy-575x322.webp 575w, https:\/\/pub-78925c7bf9ca4c6d820df8293a5c116c.r2.dev\/2024\/12\/Privacy-Policy-380x213.webp 380w, https:\/\/pub-78925c7bf9ca4c6d820df8293a5c116c.r2.dev\/2024\/12\/Privacy-Policy-1320x740.webp 1320w, https:\/\/pub-78925c7bf9ca4c6d820df8293a5c116c.r2.dev\/2024\/12\/Privacy-Policy-800x448.webp 800w\" sizes=\"(max-width: 1456px) 100vw, 1456px\" \/>\t\t\t\t\t\t\t\t\t\t\t\t\t\t\t<\/div>\n\t\t\t\t<\/div>\n\t\t\t\t\t<\/div>\n\t\t\t\t<\/div>\n\t\t<div class=\"elementor-element elementor-element-f7a3023 e-flex e-con-boxed e-con e-parent\" data-id=\"f7a3023\" data-element_type=\"container\">\n\t\t\t\t\t<div class=\"e-con-inner\">\n\t\t\t\t<div class=\"elementor-element elementor-element-77782203 elementor-widget elementor-widget-text-editor\" data-id=\"77782203\" data-element_type=\"widget\" data-widget_type=\"text-editor.default\">\n\t\t\t\t<div class=\"elementor-widget-container\">\n\t\t\t\t\t\t\t\t\t<h3>1. Ochrana osobn\u00edch \u00fadaj\u016f pro Lynnhan<\/h3>\n<p><strong>2. Datum \u00fa\u010dinnosti: 28. \u00fanora 2024<br \/><\/strong><\/p>\n<p>3. V Lynnhan se zavazujeme chr\u00e1nit va\u0161e soukrom\u00ed. Toto Ochrana osobn\u00edch \u00fadaj\u016f vysv\u011btluje typy osobn\u00edch \u00fadaj\u016f, kter\u00e9 shroma\u017e\u010fujeme, jak je pou\u017e\u00edv\u00e1me a jak\u00e9 opat\u0159en\u00ed podnik\u00e1me k zaji\u0161t\u011bn\u00ed ochrany va\u0161ich \u00fadaj\u016f. Pou\u017eit\u00edm na\u0161ich slu\u017eeb a produkt\u016f souhlas\u00edte s shroma\u017e\u010fov\u00e1n\u00edm a pou\u017eit\u00edm informac\u00ed v souladu s touto politikou.<\/p>\n<p><strong>4. Shroma\u017e\u010fov\u00e1n\u00ed a pou\u017eit\u00ed informac\u00ed<\/strong><\/p>\n<ul>\n<li><strong>5. Osobn\u00ed \u00fadaje<\/strong>6. : Shroma\u017e\u010fujeme osobn\u00ed \u00fadaje, jako je va\u0161e jm\u00e9no, e-mailov\u00e1 adresa, telefonn\u00ed \u010d\u00edslo a doru\u010dovac\u00ed adresa, kdy\u017e se zaregistrujete na na\u0161em webu, um\u00edst\u00edte objedn\u00e1vku, p\u0159ihl\u00e1s\u00edte se k odb\u011bru na\u0161eho zpravodaje nebo n\u00e1s kontaktujete pro podporu. Tyto informace se pou\u017e\u00edvaj\u00ed k dokon\u010den\u00ed transakc\u00ed, doru\u010den\u00ed produkt\u016f a slu\u017eeb a komunikaci s v\u00e1mi.<\/li>\n<li><strong>7. U\u017eivatelsk\u00e1 data<\/strong>8. : M\u016f\u017ee se tak\u00e9 shroma\u017e\u010fovat informace o tom, jak je Slu\u017eba p\u0159\u00edstupn\u00e1 a pou\u017e\u00edv\u00e1na (\"U\u017eivatelsk\u00e1 data\"). Tato U\u017eivatelsk\u00e1 data mohou zahrnovat podrobnosti jako je Internetov\u00e1 protok\u043e\u043b\u044cov\u00e1 adresa va\u0161eho po\u010d\u00edta\u010de (nap\u0159. IP adresa), typ prohl\u00ed\u017ee\u010de, verze prohl\u00ed\u017ee\u010de, str\u00e1nky na\u0161\u00ed Slu\u017eby, kter\u00e9 nav\u0161t\u011bvujete, datum a \u010das va\u0161\u00ed n\u00e1v\u0161t\u011bvy, \u010das str\u00e1ven\u00fd na t\u011bchto str\u00e1nk\u00e1ch a dal\u0161\u00ed diagnostick\u00e1 data.<\/li>\n<\/ul>\n<p><strong>9. Cookies a sledovac\u00ed data<\/strong><\/p>\n<p>10. Pou\u017e\u00edv\u00e1me cookies a podobn\u00e9 sledovac\u00ed technologie k sledov\u00e1n\u00ed aktivity na na\u0161\u00ed Slu\u017eb\u011b a uchov\u00e1v\u00e1n\u00ed ur\u010dit\u00fdch informac\u00ed. Cookies jsou soubory s mal\u00fdm mno\u017estv\u00edm dat, kter\u00e9 mohou zahrnovat anonymn\u00ed jedine\u010dn\u00fd identifik\u00e1tor. M\u016f\u017eete pokynout sv\u00e9mu prohl\u00ed\u017ee\u010di odm\u00edtnout v\u0161echny cookies nebo indikovat, kdy\u017e je cookie odes\u00edl\u00e1na. Pokud v\u0161ak nebudete p\u0159ij\u00edmat cookies, mo\u017en\u00e1 nebudete moci pou\u017e\u00edvat n\u011bkter\u00e9 \u010d\u00e1sti na\u0161\u00ed Slu\u017eby.<\/p>\n<p><strong>11. Pou\u017eit\u00ed dat<\/strong><\/p>\n<p>12. Lynnhan pou\u017e\u00edv\u00e1 shrom\u00e1\u017ed\u011bn\u00e1 data pro r\u016fzn\u00e9 \u00fa\u010dely:<\/p>\n<ul>\n<li>13. K poskytov\u00e1n\u00ed a udr\u017eov\u00e1n\u00ed na\u0161\u00ed Slu\u017eby<\/li>\n<li>14. K informov\u00e1n\u00ed o zm\u011bn\u00e1ch v na\u0161\u00ed Slu\u017eb\u011b<\/li>\n<li>15. K umo\u017en\u011bn\u00ed va\u0161\u00ed \u00fa\u010dasti na interaktivn\u00edch funkc\u00edch na\u0161\u00ed Slu\u017eby, pokud si to vyberete<\/li>\n<li>16. K poskytov\u00e1n\u00ed z\u00e1kaznick\u00e9 podpory<\/li>\n<li>17. K shroma\u017e\u010fov\u00e1n\u00ed anal\u00fdzy nebo cenn\u00fdch informac\u00ed, abychom mohli zlep\u0161it na\u0161i Slu\u017ebu<\/li>\n<li>18. K monitorov\u00e1n\u00ed pou\u017eit\u00ed na\u0161\u00ed Slu\u017eby<\/li>\n<li>19. K detekci, prevenci a \u0159e\u0161en\u00ed technick\u00fdch probl\u00e9m\u016f<\/li>\n<\/ul>\n<p><strong>20. Sd\u00edlen\u00ed a zve\u0159ej\u0148ov\u00e1n\u00ed dat<\/strong><\/p>\n<p>21. Lynnhan va\u0161e informace nebude sd\u00edlet nebo zve\u0159ej\u0148ovat s nik\u00fdm, krom\u011b toho, co je popsan\u00e9 v t\u00e9to Politice ochrany osobn\u00edch \u00fadaj\u016f. M\u016f\u017ee se sd\u00edlet va\u0161e informace s t\u0159et\u00edmi stranami poskytuj\u00edc\u00edmi slu\u017eby, aby prov\u00e1d\u011bli slu\u017eby souvisej\u00edc\u00ed se Slu\u017ebou nebo aby n\u00e1m pom\u00e1hali analyzovat, jak je na\u0161e Slu\u017eba pou\u017e\u00edv\u00e1na. Tyto t\u0159et\u00ed strany maj\u00ed p\u0159\u00edstup k va\u0161im osobn\u00edm \u00fadaj\u016fm pouze k tomu, aby vykonaly tyto \u00fakoly na\u0161e jm\u00e9nem a jsou povinni je neodhalovat nebo pou\u017e\u00edvat pro \u017e\u00e1dn\u00fd jin\u00fd \u00fa\u010del.<\/p>\n<p><strong>22. Bezpe\u010dnost dat<\/strong><\/p>\n<p>23. Bezpe\u010dnost va\u0161ich dat je pro n\u00e1s d\u016fle\u017eit\u00e1, ale pamatujte si, \u017ee \u017e\u00e1dn\u00e1 metoda p\u0159enosu p\u0159es Internet nebo metoda elektronick\u00e9ho uchov\u00e1v\u00e1n\u00ed nen\u00ed 100% bezpe\u010dn\u00e1. I kdy\u017e se sna\u017e\u00edme pou\u017e\u00edvat komer\u010dn\u011b p\u0159ij<\/p>\n<p><strong>Your Rights<\/strong><\/p>\n<p>You have the right to access, update, or delete the information we have on you. Whenever made possible, you can access, update or request deletion of your Personal Information directly within your account settings section. If you are unable to perform these actions yourself, please contact us to assist you.<\/p>\n<p><strong>Changes to This Privacy Policy<\/strong><\/p>\n<p>We may update our Privacy Policy from time to time. We will notify you of any changes by posting the new Privacy Policy on this page. You are advised to review this Privacy Policy periodically for any changes.<\/p>\n<p><strong>Contact Us<\/strong><\/p>\n<p>If you have any questions about this Privacy Policy, please contact us:<\/p>\n<ul>\n<li>By email: contact@xinxiangt.sg-host.com<\/li>\n<\/ul>\n<p>Va\u0161e soukrom\u00ed je pro Lynnhan nesm\u00edrn\u011b d\u016fle\u017eit\u00e9 a zavazujeme se chr\u00e1nit osobn\u00ed informace, kter\u00e9 n\u00e1m sv\u011b\u0159\u00edte.<\/p>\n\t\t\t\t\t\t\t\t<\/div>\n\t\t\t\t<\/div>\n\t\t\t\t\t<\/div>\n\t\t\t\t<\/div>\n\t\t\t\t<\/div>","protected":false},"excerpt":{"rendered":"<p>Privacy Policy for Lynnhan Effective Date: 02\/28\/2024 At Lynnhan, we are committed to protecting your privacy. This Privacy Policy outlines the types of personal information we collect, how we use [\u2026]<\/p>","protected":false},"author":1,"featured_media":0,"parent":0,"menu_order":0,"comment_status":"closed","ping_status":"open","template":"","meta":{"footnotes":""},"class_list":["post-3","page","type-page","status-publish","hentry"],"yoast_head":"<!-- This site is optimized with the Yoast SEO plugin v26.6 - https:\/\/yoast.com\/wordpress\/plugins\/seo\/ -->\n<title>Safeguard your privacy | Lynnhan Smart Display Manufacturer<\/title>\n<meta name=\"description\" content=\"Safeguard your privacy with LynnHan smart display manufacturer&#039;s policy. We&#039;re committed to protecting your information with care.\" \/>\n<meta name=\"robots\" content=\"index, follow, max-snippet:-1, max-image-preview:large, max-video-preview:-1\" \/>\n<link rel=\"canonical\" href=\"https:\/\/lynnhan.com\/cs\/privacy-policy\/\" \/>\n<meta property=\"og:locale\" content=\"cs_CZ\" \/>\n<meta property=\"og:type\" content=\"article\" \/>\n<meta property=\"og:title\" content=\"Safeguard your privacy | Lynnhan Smart Display Manufacturer\" \/>\n<meta property=\"og:description\" content=\"Safeguard your privacy with LynnHan smart display manufacturer&#039;s policy. We&#039;re committed to protecting your information with care.\" \/>\n<meta property=\"og:url\" content=\"https:\/\/lynnhan.com\/cs\/privacy-policy\/\" \/>\n<meta property=\"og:site_name\" content=\"Lynnhan - Trusted Supplier | LED\/OLED\/LCD\/E-paper digital signages\" \/>\n<meta property=\"article:modified_time\" content=\"2024-12-18T10:36:41+00:00\" \/>\n<meta property=\"og:image\" content=\"https:\/\/pub-78925c7bf9ca4c6d820df8293a5c116c.r2.dev\/2024\/12\/Privacy-Policy.webp\" \/>\n<meta name=\"twitter:card\" content=\"summary_large_image\" \/>\n<meta name=\"twitter:label1\" content=\"Odhadovan\u00e1 doba \u010dten\u00ed\" \/>\n\t<meta name=\"twitter:data1\" content=\"3 minuty\" \/>\n<script type=\"application\/ld+json\" class=\"yoast-schema-graph\">{\"@context\":\"https:\/\/schema.org\",\"@graph\":[{\"@type\":\"WebPage\",\"@id\":\"https:\/\/lynnhan.com\/en\/privacy-policy\/\",\"url\":\"https:\/\/lynnhan.com\/en\/privacy-policy\/\",\"name\":\"Safeguard your privacy | Lynnhan Smart Display Manufacturer\",\"isPartOf\":{\"@id\":\"https:\/\/lynnhan.com\/km\/#website\"},\"primaryImageOfPage\":{\"@id\":\"https:\/\/lynnhan.com\/en\/privacy-policy\/#primaryimage\"},\"image\":{\"@id\":\"https:\/\/lynnhan.com\/en\/privacy-policy\/#primaryimage\"},\"thumbnailUrl\":\"https:\/\/pub-78925c7bf9ca4c6d820df8293a5c116c.r2.dev\/2024\/12\/Privacy-Policy.webp\",\"datePublished\":\"2024-02-24T07:46:55+00:00\",\"dateModified\":\"2024-12-18T10:36:41+00:00\",\"description\":\"Safeguard your privacy with LynnHan smart display manufacturer's policy. We're committed to protecting your information with care.\",\"breadcrumb\":{\"@id\":\"https:\/\/lynnhan.com\/en\/privacy-policy\/#breadcrumb\"},\"inLanguage\":\"cs\",\"potentialAction\":[{\"@type\":\"ReadAction\",\"target\":[\"https:\/\/lynnhan.com\/en\/privacy-policy\/\"]}]},{\"@type\":\"ImageObject\",\"inLanguage\":\"cs\",\"@id\":\"https:\/\/lynnhan.com\/en\/privacy-policy\/#primaryimage\",\"url\":\"https:\/\/pub-78925c7bf9ca4c6d820df8293a5c116c.r2.dev\/2024\/12\/Privacy-Policy.webp\",\"contentUrl\":\"https:\/\/pub-78925c7bf9ca4c6d820df8293a5c116c.r2.dev\/2024\/12\/Privacy-Policy.webp\"},{\"@type\":\"BreadcrumbList\",\"@id\":\"https:\/\/lynnhan.com\/en\/privacy-policy\/#breadcrumb\",\"itemListElement\":[{\"@type\":\"ListItem\",\"position\":1,\"name\":\"Home\",\"item\":\"https:\/\/lynnhan.com\/\"},{\"@type\":\"ListItem\",\"position\":2,\"name\":\"Privacy Policy\"}]},{\"@type\":\"WebSite\",\"@id\":\"https:\/\/lynnhan.com\/km\/#website\",\"url\":\"https:\/\/lynnhan.com\/km\/\",\"name\":\"Lynnhan - Trusted Supplier | LED\/OLED\/LCD\/E-paper digital signages\",\"description\":\"Lynnhan - Trusted Supplier |  LED\/OLED\/LCD\/E-paper digital signages\",\"publisher\":{\"@id\":\"https:\/\/lynnhan.com\/km\/#organization\"},\"potentialAction\":[{\"@type\":\"SearchAction\",\"target\":{\"@type\":\"EntryPoint\",\"urlTemplate\":\"https:\/\/lynnhan.com\/km\/?s={search_term_string}\"},\"query-input\":{\"@type\":\"PropertyValueSpecification\",\"valueRequired\":true,\"valueName\":\"search_term_string\"}}],\"inLanguage\":\"cs\"},{\"@type\":\"Organization\",\"@id\":\"https:\/\/lynnhan.com\/km\/#organization\",\"name\":\"Lynnhan - Trusted Supplier | LED\/OLED\/LCD\/E-paper digital signages\",\"url\":\"https:\/\/lynnhan.com\/km\/\",\"logo\":{\"@type\":\"ImageObject\",\"inLanguage\":\"cs\",\"@id\":\"https:\/\/lynnhan.com\/km\/#\/schema\/logo\/image\/\",\"url\":\"https:\/\/pub-78925c7bf9ca4c6d820df8293a5c116c.r2.dev\/2024\/07\/LynnHan-logo3.png\",\"contentUrl\":\"https:\/\/pub-78925c7bf9ca4c6d820df8293a5c116c.r2.dev\/2024\/07\/LynnHan-logo3.png\",\"width\":390,\"height\":130,\"caption\":\"Lynnhan - Trusted Supplier | LED\/OLED\/LCD\/E-paper digital signages\"},\"image\":{\"@id\":\"https:\/\/lynnhan.com\/km\/#\/schema\/logo\/image\/\"}}]}<\/script>\n<!-- \/ Yoast SEO plugin. -->","yoast_head_json":{"title":"Safeguard your privacy | Lynnhan Smart Display Manufacturer","description":"Chr\u00e1n\u011bte sv\u00e9 soukrom\u00ed pomoc\u00ed politiky v\u00fdrobce chytr\u00fdch displej\u016f LynnHan. Zavazujeme se chr\u00e1nit va\u0161e informace s p\u00e9\u010d\u00ed.","robots":{"index":"index","follow":"follow","max-snippet":"max-snippet:-1","max-image-preview":"max-image-preview:large","max-video-preview":"max-video-preview:-1"},"canonical":"https:\/\/lynnhan.com\/cs\/privacy-policy\/","og_locale":"cs_CZ","og_type":"article","og_title":"Safeguard your privacy | Lynnhan Smart Display Manufacturer","og_description":"Safeguard your privacy with LynnHan smart display manufacturer's policy. We're committed to protecting your information with care.","og_url":"https:\/\/lynnhan.com\/cs\/privacy-policy\/","og_site_name":"Lynnhan - Trusted Supplier | LED\/OLED\/LCD\/E-paper digital signages","article_modified_time":"2024-12-18T10:36:41+00:00","og_image":[{"url":"https:\/\/pub-78925c7bf9ca4c6d820df8293a5c116c.r2.dev\/2024\/12\/Privacy-Policy.webp","type":"","width":"","height":""}],"twitter_card":"summary_large_image","twitter_misc":{"Odhadovan\u00e1 doba \u010dten\u00ed":"3 minuty"},"schema":{"@context":"https:\/\/schema.org","@graph":[{"@type":"WebPage","@id":"https:\/\/lynnhan.com\/en\/privacy-policy\/","url":"https:\/\/lynnhan.com\/en\/privacy-policy\/","name":"Safeguard your privacy | Lynnhan Smart Display Manufacturer","isPartOf":{"@id":"https:\/\/lynnhan.com\/km\/#website"},"primaryImageOfPage":{"@id":"https:\/\/lynnhan.com\/en\/privacy-policy\/#primaryimage"},"image":{"@id":"https:\/\/lynnhan.com\/en\/privacy-policy\/#primaryimage"},"thumbnailUrl":"https:\/\/pub-78925c7bf9ca4c6d820df8293a5c116c.r2.dev\/2024\/12\/Privacy-Policy.webp","datePublished":"2024-02-24T07:46:55+00:00","dateModified":"2024-12-18T10:36:41+00:00","description":"Chr\u00e1n\u011bte sv\u00e9 soukrom\u00ed pomoc\u00ed politiky v\u00fdrobce chytr\u00fdch displej\u016f LynnHan. Zavazujeme se chr\u00e1nit va\u0161e informace s p\u00e9\u010d\u00ed.","breadcrumb":{"@id":"https:\/\/lynnhan.com\/en\/privacy-policy\/#breadcrumb"},"inLanguage":"cs","potentialAction":[{"@type":"ReadAction","target":["https:\/\/lynnhan.com\/en\/privacy-policy\/"]}]},{"@type":"ImageObject","inLanguage":"cs","@id":"https:\/\/lynnhan.com\/en\/privacy-policy\/#primaryimage","url":"https:\/\/pub-78925c7bf9ca4c6d820df8293a5c116c.r2.dev\/2024\/12\/Privacy-Policy.webp","contentUrl":"https:\/\/pub-78925c7bf9ca4c6d820df8293a5c116c.r2.dev\/2024\/12\/Privacy-Policy.webp"},{"@type":"BreadcrumbList","@id":"https:\/\/lynnhan.com\/en\/privacy-policy\/#breadcrumb","itemListElement":[{"@type":"ListItem","position":1,"name":"Home","item":"https:\/\/lynnhan.com\/"},{"@type":"ListItem","position":2,"name":"Privacy Policy"}]},{"@type":"WebSite","@id":"https:\/\/lynnhan.com\/km\/#website","url":"https:\/\/lynnhan.com\/km\/","name":"Lynnhan - Trusted Supplier | LED\/OLED\/LCD\/E-paper digital signages","description":"Lynnhan - Trusted Supplier |  LED\/OLED\/LCD\/E-paper digital signages","publisher":{"@id":"https:\/\/lynnhan.com\/km\/#organization"},"potentialAction":[{"@type":"SearchAction","target":{"@type":"EntryPoint","urlTemplate":"https:\/\/lynnhan.com\/km\/?s={search_term_string}"},"query-input":{"@type":"PropertyValueSpecification","valueRequired":true,"valueName":"search_term_string"}}],"inLanguage":"cs"},{"@type":"Organization","@id":"https:\/\/lynnhan.com\/km\/#organization","name":"Lynnhan - Trusted Supplier | LED\/OLED\/LCD\/E-paper digital signages","url":"https:\/\/lynnhan.com\/km\/","logo":{"@type":"ImageObject","inLanguage":"cs","@id":"https:\/\/lynnhan.com\/km\/#\/schema\/logo\/image\/","url":"https:\/\/pub-78925c7bf9ca4c6d820df8293a5c116c.r2.dev\/2024\/07\/LynnHan-logo3.png","contentUrl":"https:\/\/pub-78925c7bf9ca4c6d820df8293a5c116c.r2.dev\/2024\/07\/LynnHan-logo3.png","width":390,"height":130,"caption":"Lynnhan - Trusted Supplier | LED\/OLED\/LCD\/E-paper digital signages"},"image":{"@id":"https:\/\/lynnhan.com\/km\/#\/schema\/logo\/image\/"}}]}},"jetpack_sharing_enabled":true,"_links":{"self":[{"href":"https:\/\/lynnhan.com\/cs\/wp-json\/wp\/v2\/pages\/3","targetHints":{"allow":["GET"]}}],"collection":[{"href":"https:\/\/lynnhan.com\/cs\/wp-json\/wp\/v2\/pages"}],"about":[{"href":"https:\/\/lynnhan.com\/cs\/wp-json\/wp\/v2\/types\/page"}],"author":[{"embeddable":true,"href":"https:\/\/lynnhan.com\/cs\/wp-json\/wp\/v2\/users\/1"}],"replies":[{"embeddable":true,"href":"https:\/\/lynnhan.com\/cs\/wp-json\/wp\/v2\/comments?post=3"}],"version-history":[{"count":0,"href":"https:\/\/lynnhan.com\/cs\/wp-json\/wp\/v2\/pages\/3\/revisions"}],"wp:attachment":[{"href":"https:\/\/lynnhan.com\/cs\/wp-json\/wp\/v2\/media?parent=3"}],"curies":[{"name":"wp","href":"https:\/\/api.w.org\/{rel}","templated":true}]}}