{"id":601,"date":"2024-02-28T03:19:26","date_gmt":"2024-02-28T03:19:26","guid":{"rendered":"https:\/\/lynnhan.com\/?page_id=601"},"modified":"2024-12-18T10:32:06","modified_gmt":"2024-12-18T10:32:06","slug":"qaydl%c9%99r-kodeyi","status":"publish","type":"page","link":"https:\/\/lynnhan.com\/azb\/qaydl%c9%99r-kodeyi\/","title":{"rendered":"Davran\u0131\u015f Qaydas\u0131"},"content":{"rendered":"<div data-elementor-type=\"wp-page\" data-elementor-id=\"601\" class=\"elementor elementor-601\" data-elementor-post-type=\"page\">\n\t\t\t\t<div class=\"elementor-element elementor-element-1f21eb2 e-flex e-con-boxed e-con e-parent\" data-id=\"1f21eb2\" data-element_type=\"container\">\n\t\t\t\t\t<div class=\"e-con-inner\">\n\t\t\t\t<div class=\"elementor-element elementor-element-bfcddf0 elementor-widget elementor-widget-image\" data-id=\"bfcddf0\" data-element_type=\"widget\" data-widget_type=\"image.default\">\n\t\t\t\t<div class=\"elementor-widget-container\">\n\t\t\t\t\t\t\t\t\t\t\t\t\t\t\t<img fetchpriority=\"high\" decoding=\"async\" width=\"1536\" height=\"768\" src=\"https:\/\/pub-78925c7bf9ca4c6d820df8293a5c116c.r2.dev\/2024\/12\/Code-Of-Conduct.webp\" class=\"attachment-full size-full wp-image-3311\" alt=\"Ham\u0131s\u0131 Birlikd\u0259 LED t\u0259chizat\u00e7\u0131s\u0131 Qayda Kitab\u0131\" srcset=\"https:\/\/pub-78925c7bf9ca4c6d820df8293a5c116c.r2.dev\/2024\/12\/Code-Of-Conduct.webp 1536w, https:\/\/pub-78925c7bf9ca4c6d820df8293a5c116c.r2.dev\/2024\/12\/Code-Of-Conduct-700x350.webp 700w, https:\/\/pub-78925c7bf9ca4c6d820df8293a5c116c.r2.dev\/2024\/12\/Code-Of-Conduct-1024x512.webp 1024w, https:\/\/pub-78925c7bf9ca4c6d820df8293a5c116c.r2.dev\/2024\/12\/Code-Of-Conduct-768x384.webp 768w, https:\/\/pub-78925c7bf9ca4c6d820df8293a5c116c.r2.dev\/2024\/12\/Code-Of-Conduct-18x9.webp 18w, https:\/\/pub-78925c7bf9ca4c6d820df8293a5c116c.r2.dev\/2024\/12\/Code-Of-Conduct-1140x570.webp 1140w, https:\/\/pub-78925c7bf9ca4c6d820df8293a5c116c.r2.dev\/2024\/12\/Code-Of-Conduct-920x460.webp 920w, https:\/\/pub-78925c7bf9ca4c6d820df8293a5c116c.r2.dev\/2024\/12\/Code-Of-Conduct-575x288.webp 575w, https:\/\/pub-78925c7bf9ca4c6d820df8293a5c116c.r2.dev\/2024\/12\/Code-Of-Conduct-380x190.webp 380w, https:\/\/pub-78925c7bf9ca4c6d820df8293a5c116c.r2.dev\/2024\/12\/Code-Of-Conduct-1320x660.webp 1320w, https:\/\/pub-78925c7bf9ca4c6d820df8293a5c116c.r2.dev\/2024\/12\/Code-Of-Conduct-800x400.webp 800w\" sizes=\"(max-width: 1536px) 100vw, 1536px\" \/>\t\t\t\t\t\t\t\t\t\t\t\t\t\t\t<\/div>\n\t\t\t\t<\/div>\n\t\t\t\t\t<\/div>\n\t\t\t\t<\/div>\n\t\t<div class=\"elementor-element elementor-element-7b6aef8e e-flex e-con-boxed e-con e-parent\" data-id=\"7b6aef8e\" data-element_type=\"container\">\n\t\t\t\t\t<div class=\"e-con-inner\">\n\t\t\t\t<div class=\"elementor-element elementor-element-620072c1 elementor-widget elementor-widget-text-editor\" data-id=\"620072c1\" data-element_type=\"widget\" data-widget_type=\"text-editor.default\">\n\t\t\t\t<div class=\"elementor-widget-container\">\n\t\t\t\t\t\t\t\t\t\n<p><strong>Introduction<\/strong><\/p>\n\n\n\n<p>1. Lynnhan-d\u0259, biz bizim i\u015fimizi \u0259n y\u00fcks\u0259k ad\u0259leti v\u0259 m\u00fct\u0259mm\u0259llik standartlar\u0131na g\u00f6r\u0259 aparma\u011fa ba\u011flay\u0131\u015fl\u0131y\u0131z. Bu Davran\u0131\u015f Qaydas\u0131 i\u015f\u00e7il\u0259rimiz, ortaklar\u0131m\u0131z v\u0259 t\u0259r\u0259fda\u015flar\u0131m\u0131z \u00fc\u00e7\u00fcn bir qayd\u0259v\u0259dir, bizim korporativ davran\u0131\u015f\u0131m\u0131z v\u0259 q\u0259rar veri\u015f prosesl\u0259rimizi t\u0259yin ed\u0259n prinsipl\u0259ri v\u0259 standartlar\u0131 t\u0259svir edir.<\/p>\n\n\n\n<p><strong>2. M\u00fct\u0259mm\u0259llik\u0259 Ba\u011fl\u0131l\u0131q\u0131m\u0131z<\/strong><\/p>\n\n\n\n<ul class=\"wp-block-list\">\n<li><strong>3. Etik Ticar\u0259t T\u0259cr\u00fcb\u0259l\u0259ri<\/strong>4. : Biz bizim i\u015fimizi \u0259tiki v\u0259 m\u00fct\u0259mm\u0259llik il\u0259 aparma\u011fa, b\u00fct\u00fcn t\u0259tbiqi qanunlar, qaydalar v\u0259 standartlara h\u00f6km s\u00fcrm\u0259y\u0259 ba\u011flay\u0131\u015fl\u0131y\u0131z.<\/li>\n\n\n\n<li><strong>\u015e\u0259ff\u0259fliyin<\/strong>5. : Ham\u0131 i\u015f h\u0259y\u0259tind\u0259 a\u00e7\u0131ql\u0131q v\u0259 \u015f\u0259ff\u0259fiyy\u0259t yaratma\u011fa \u00e7al\u0131\u015f\u0131r\u0131q, bu say\u0259d\u0259 m\u00fc\u015ft\u0259kirl\u0259rimiz q\u0259rar veri\u015f prosesl\u0259rimizd\u0259 m\u0259lumatl\u0131 v\u0259 katna\u015fm\u0131\u015f olur.<\/li>\n<\/ul>\n\n\n\n<p><strong>6. T\u0259r\u0259qq\u00fcl v\u0259 Fairlik<\/strong><\/p>\n\n\n\n<ul class=\"wp-block-list\">\n<li><strong>7. \u00c7ox\u015f\u0259killilik v\u0259 Daxil Edilm\u0259<\/strong>8. : \u00c7ox\u015f\u0259killiliyi qiym\u0259tl\u0259ndiririk v\u0259 ham\u0131ya m\u00fc\u0259yy\u0259n h\u00f6km s\u00fcrm\u0259k v\u0259 \u0259r\u0259k v\u0259t\u0259ni il\u0259 yana\u015f\u0131 y\u00fcks\u0259k bir t\u0259r\u0259qq\u00fcl\u0259 malik olma\u011fa ba\u011flay\u0131\u015fl\u0131y\u0131z.<\/li>\n\n\n\n<li><strong>9. tacizd\u0259n Yox Olmu\u015f \u0130\u015f Yeri<\/strong>10. : Lynnhan taciz, ayr\u0131-se\u00e7kiliy\u0259 v\u0259 ya h\u0259r hans\u0131 bir z\u00fcl\u00fcm formas\u0131na malik olmayan bir i\u015f yeri saxlama\u011fa h\u0259sr olunub. Ham\u0131 i\u015f\u00e7il\u0259r m\u00fcsb\u0259t v\u0259 t\u0259r\u0259qq\u00fcl\u0259n i\u015f yeri yaratma\u011fa q\u0259rarl\u0131d\u0131rlar.<\/li>\n<\/ul>\n\n\n\n<p><strong>11. M\u0259suliyy\u0259t v\u0259 Sorumluluk<\/strong><\/p>\n\n\n\n<ul class=\"wp-block-list\">\n<li><strong>12. \u0130\u015ftirak<\/strong>13. : Ham\u0131 i\u015f\u00e7il\u0259r v\u0259 ortaklar bu Davran\u0131\u015f Qaydas\u0131na, \u015firk\u0259t qaydalar\u0131na v\u0259 ham\u0131 t\u0259tbiqi qanun v\u0259 qaydalara \u0259m\u0259l etm\u0259lidirl\u0259r.<\/li>\n\n\n\n<li><strong>14. Qanunsuzluqlar\u0131 R\u0259c\u0259bl\u0259m\u0259<\/strong>15. : Ham\u0131 qanunsuz davran\u0131\u015flar\u0131 v\u0259 bu Davran\u0131\u015f Qaydas\u0131na qar\u015f\u0131 qanunsuzluqlar\u0131 r\u0259c\u0259bl\u0259m\u0259y\u0259 t\u0259\u015fvik edirik. Lynnhan m\u0259lumatl\u0131l\u0131qla qanunsuzluqlar\u0131 r\u0259c\u0259bl\u0259y\u0259n \u015f\u0259xsl\u0259r\u0259 qar\u015f\u0131 he\u00e7 bir t\u0259dbir g\u00f6r\u0259 bilm\u0259y\u0259c\u0259yini t\u0259min edir.<\/li>\n<\/ul>\n\n\n\n<p><strong>16. M\u0259xfilik v\u0259 Gizlilik<\/strong><\/p>\n\n\n\n<ul class=\"wp-block-list\">\n<li><strong>17. M\u0259lumat\u0131n Qorunmas\u0131<\/strong>18. : M\u00fc\u015ft\u0259ril\u0259rimiz, i\u015f\u00e7il\u0259rimiz v\u0259 ortaklar\u0131m\u0131z\u0131n m\u0259xfiliyi v\u0259 gizliliyini qoruma\u011fa ba\u011flay\u0131\u015fl\u0131y\u0131z. M\u0259lumat \u0259n \u00e7ox qorunma v\u0259 t\u0259hl\u00fck\u0259sizlikl\u0259 idar\u0259 olunmal\u0131d\u0131r.<\/li>\n\n\n\n<li><strong>19. \u0130nc\u0259s\u0259n\u0259t M\u0259hsullar\u0131<\/strong>20. : \u0130nc\u0259s\u0259n\u0259t m\u00fclkiyy\u0259t h\u00fcquqlar\u0131n\u0131 t\u0259r\u0259qq\u00fcl\u0259ndiririk v\u0259 i\u015f\u00e7il\u0259rimiz v\u0259 ortaklar\u0131m\u0131z\u0131n da h\u0259min \u015f\u0259kild\u0259 ed\u0259c\u0259yini g\u00f6zl\u0259yirik.<\/li>\n<\/ul>\n\n\n\n<p><strong>21. \u0130nteres m\u00fcvafiqat\u0131<\/strong><\/p>\n\n\n\n<ul class=\"wp-block-list\">\n<li><strong>22. M\u00fcnasib\u0259tl\u0259rin \u00dc\u00e7\u00fcn \u00c7\u0131x\u0131\u015f<\/strong>23. : \u0130\u015f\u00e7il\u0259r v\u0259 ortaklar \u00f6z \u015f\u0259xsi, maliyy\u0259 v\u0259 ya ba\u015fqa maraqlar\u0131n\u0131 \u00f6z i\u015fl\u0259rini q\u0259tiyy\u0259tl\u0259 q\u0259bul ed\u0259 bilm\u0259y\u0259n v\u0259 ya ed\u0259 bilm\u0259y\u0259n h\u0259r hans\u0131 bir m\u0259suliyy\u0259<\/li>\n\n\n\n<li><strong>Disclosure<\/strong>: Any potential conflicts of interest should be disclosed to management for evaluation and guidance.<\/li>\n<\/ul>\n\n\n\n<p><strong>Environmental Responsibility<\/strong><\/p>\n\n\n\n<ul class=\"wp-block-list\">\n<li><strong>Dostuqluq<\/strong>: Lynnhan is dedicated to sustainability and environmental stewardship. We strive to minimize our environmental impact and promote responsible practices across all areas of our business.<\/li>\n<\/ul>\n\n\n\n<p><strong>Community Engagement<\/strong><\/p>\n\n\n\n<ul class=\"wp-block-list\">\n<li><strong>Giving Back<\/strong>: We believe in giving back to the communities where we operate, fostering a spirit of service and volunteerism among our employees and partners.<\/li>\n<\/ul>\n\n\n\n<p><strong>Implementasi v\u0259 icra<\/strong><\/p>\n\n\n\n<ul class=\"wp-block-list\">\n<li><strong>T\u0259lim<\/strong>: Ham\u0131si i\u015f\u00e7il\u0259r bu Qayda Kitab\u0131na aid t\u0259lim ke\u00e7ir\u0259c\u0259kl\u0259r, onlar\u0131n bu prinsipl\u0259ri ba\u015fa d\u00fc\u015f\u00fcb etibarl\u0131 bir \u015f\u0259kild\u0259 qoruyabildiyin\u0259 n\u0259zar\u0259t edilm\u0259si \u00fc\u00e7\u00fcn.<\/li>\n\n\n\n<li><strong>\u0130cra<\/strong>: Bu Qayda Kitab\u0131n\u0131n pozuntular\u0131 ciddiyy\u0259tl\u0259 qiym\u0259tl\u0259ndiril\u0259c\u0259k v\u0259 i\u015fd\u0259n qovulma v\u0259 ya i\u015f m\u00fcnasib\u0259tl\u0259rinin dayand\u0131r\u0131lma daxil olmaqla c\u0259z\u0259vi t\u0259dbirl\u0259r n\u0259tic\u0259sind\u0259 q\u0259bul oluna bil\u0259r.<\/li>\n<\/ul>\n\n\n\n<p><strong>12. Ba\u015f\u0131 basd\u0131rmaq<\/strong><\/p>\n\n\n\n<p>Bu Qayda Kitab\u0131 Lynnhan-n\u0131n missiyas\u0131nda m\u0259rk\u0259zi yer tutur. Bu prinsipl\u0259r\u0259 etibar etm\u0259kl\u0259 biz integritetimiz \u00fc\u00e7\u00fcn \u015f\u00f6hr\u0259t qoruyur, m\u00fcsb\u0259t i\u015f yeri m\u0259d\u0259niyy\u0259tin\u0259 qatq\u0131 veririk, v\u0259 m\u00fc\u015ft\u0259ril\u0259rimiz, hamil\u0259r v\u0259 c\u0259miyy\u0259tl\u0259 bizim aras\u0131nda t\u0259s\u0259vv\u00fcrat qururuz. Birlikd\u0259, Lynnhan-n\u0131n h\u0259r\u0259k\u0259tli, r\u0259ssaml\u0131q, v\u0259 integritetin \u00e7i\u00e7\u0259kl\u0259ndiyi bir yer olmas\u0131n\u0131 t\u0259min ed\u0259 bil\u0259rik.<\/p>\n\t\t\t\t\t\t\t\t<\/div>\n\t\t\t\t<\/div>\n\t\t\t\t\t<\/div>\n\t\t\t\t<\/div>\n\t\t\t\t<\/div>","protected":false},"excerpt":{"rendered":"<p>Introduction At Lynnhan, we are committed to conducting our business according to the highest standards of integrity and professionalism. This Code of Conduct serves as a guide for our employees, [\u2026]<\/p>","protected":false},"author":1,"featured_media":0,"parent":0,"menu_order":0,"comment_status":"closed","ping_status":"closed","template":"","meta":{"footnotes":""},"class_list":["post-601","page","type-page","status-publish","hentry"],"yoast_head":"<!-- This site is optimized with the Yoast SEO plugin v26.6 - https:\/\/yoast.com\/wordpress\/plugins\/seo\/ -->\n<title>Code of Conduct-Lynnhan smart display factory<\/title>\n<meta name=\"description\" content=\"Lynnhan smart display factory&#039;s commits to ethics and integrity. Our code of conduct ensures a respectful and inclusive culture for all.\" \/>\n<meta name=\"robots\" content=\"index, follow, max-snippet:-1, max-image-preview:large, max-video-preview:-1\" \/>\n<link rel=\"canonical\" href=\"https:\/\/lynnhan.com\/azb\/qaydl\u0259r-kodeyi\/\" \/>\n<meta property=\"og:locale\" content=\"az_AZ\" \/>\n<meta property=\"og:type\" content=\"article\" \/>\n<meta property=\"og:title\" content=\"Code of Conduct-Lynnhan smart display factory\" \/>\n<meta property=\"og:description\" content=\"Lynnhan smart display factory&#039;s commits to ethics and integrity. Our code of conduct ensures a respectful and inclusive culture for all.\" \/>\n<meta property=\"og:url\" content=\"https:\/\/lynnhan.com\/azb\/qaydl\u0259r-kodeyi\/\" \/>\n<meta property=\"og:site_name\" content=\"Lynnhan - Trusted Supplier | LED\/OLED\/LCD\/E-paper digital signages\" \/>\n<meta property=\"article:modified_time\" content=\"2024-12-18T10:32:06+00:00\" \/>\n<meta property=\"og:image\" content=\"https:\/\/pub-78925c7bf9ca4c6d820df8293a5c116c.r2.dev\/2024\/12\/Code-Of-Conduct.webp\" \/>\n<meta name=\"twitter:card\" content=\"summary_large_image\" \/>\n<meta name=\"twitter:label1\" content=\"Est. reading time\" \/>\n\t<meta name=\"twitter:data1\" content=\"3 \u062f\u0642\u06cc\u0642\u0647\u200c\u0644\u0631\" \/>\n<script type=\"application\/ld+json\" class=\"yoast-schema-graph\">{\"@context\":\"https:\/\/schema.org\",\"@graph\":[{\"@type\":\"WebPage\",\"@id\":\"https:\/\/lynnhan.com\/ja\/%e8%a1%8c%e5%8b%95%e8%a6%8f%e7%af%84\/\",\"url\":\"https:\/\/lynnhan.com\/ja\/%e8%a1%8c%e5%8b%95%e8%a6%8f%e7%af%84\/\",\"name\":\"Code of Conduct-Lynnhan smart display factory\",\"isPartOf\":{\"@id\":\"https:\/\/lynnhan.com\/km\/#website\"},\"primaryImageOfPage\":{\"@id\":\"https:\/\/lynnhan.com\/ja\/%e8%a1%8c%e5%8b%95%e8%a6%8f%e7%af%84\/#primaryimage\"},\"image\":{\"@id\":\"https:\/\/lynnhan.com\/ja\/%e8%a1%8c%e5%8b%95%e8%a6%8f%e7%af%84\/#primaryimage\"},\"thumbnailUrl\":\"https:\/\/pub-78925c7bf9ca4c6d820df8293a5c116c.r2.dev\/2024\/12\/Code-Of-Conduct.webp\",\"datePublished\":\"2024-02-28T03:19:26+00:00\",\"dateModified\":\"2024-12-18T10:32:06+00:00\",\"description\":\"Lynnhan smart display factory's commits to ethics and integrity. Our code of conduct ensures a respectful and inclusive culture for all.\",\"breadcrumb\":{\"@id\":\"https:\/\/lynnhan.com\/ja\/%e8%a1%8c%e5%8b%95%e8%a6%8f%e7%af%84\/#breadcrumb\"},\"inLanguage\":\"azb\",\"potentialAction\":[{\"@type\":\"ReadAction\",\"target\":[\"https:\/\/lynnhan.com\/ja\/%e8%a1%8c%e5%8b%95%e8%a6%8f%e7%af%84\/\"]}]},{\"@type\":\"ImageObject\",\"inLanguage\":\"azb\",\"@id\":\"https:\/\/lynnhan.com\/ja\/%e8%a1%8c%e5%8b%95%e8%a6%8f%e7%af%84\/#primaryimage\",\"url\":\"https:\/\/pub-78925c7bf9ca4c6d820df8293a5c116c.r2.dev\/2024\/12\/Code-Of-Conduct.webp\",\"contentUrl\":\"https:\/\/pub-78925c7bf9ca4c6d820df8293a5c116c.r2.dev\/2024\/12\/Code-Of-Conduct.webp\"},{\"@type\":\"BreadcrumbList\",\"@id\":\"https:\/\/lynnhan.com\/ja\/%e8%a1%8c%e5%8b%95%e8%a6%8f%e7%af%84\/#breadcrumb\",\"itemListElement\":[{\"@type\":\"ListItem\",\"position\":1,\"name\":\"Home\",\"item\":\"https:\/\/lynnhan.com\/\"},{\"@type\":\"ListItem\",\"position\":2,\"name\":\"Code Of Conduct\"}]},{\"@type\":\"WebSite\",\"@id\":\"https:\/\/lynnhan.com\/km\/#website\",\"url\":\"https:\/\/lynnhan.com\/km\/\",\"name\":\"Lynnhan - Trusted Supplier | LED\/OLED\/LCD\/E-paper digital signages\",\"description\":\"Lynnhan - Trusted Supplier |  LED\/OLED\/LCD\/E-paper digital signages\",\"publisher\":{\"@id\":\"https:\/\/lynnhan.com\/km\/#organization\"},\"potentialAction\":[{\"@type\":\"SearchAction\",\"target\":{\"@type\":\"EntryPoint\",\"urlTemplate\":\"https:\/\/lynnhan.com\/km\/?s={search_term_string}\"},\"query-input\":{\"@type\":\"PropertyValueSpecification\",\"valueRequired\":true,\"valueName\":\"search_term_string\"}}],\"inLanguage\":\"azb\"},{\"@type\":\"Organization\",\"@id\":\"https:\/\/lynnhan.com\/km\/#organization\",\"name\":\"Lynnhan - Trusted Supplier | LED\/OLED\/LCD\/E-paper digital signages\",\"url\":\"https:\/\/lynnhan.com\/km\/\",\"logo\":{\"@type\":\"ImageObject\",\"inLanguage\":\"azb\",\"@id\":\"https:\/\/lynnhan.com\/km\/#\/schema\/logo\/image\/\",\"url\":\"https:\/\/pub-78925c7bf9ca4c6d820df8293a5c116c.r2.dev\/2024\/07\/LynnHan-logo3.png\",\"contentUrl\":\"https:\/\/pub-78925c7bf9ca4c6d820df8293a5c116c.r2.dev\/2024\/07\/LynnHan-logo3.png\",\"width\":390,\"height\":130,\"caption\":\"Lynnhan - Trusted Supplier | LED\/OLED\/LCD\/E-paper digital signages\"},\"image\":{\"@id\":\"https:\/\/lynnhan.com\/km\/#\/schema\/logo\/image\/\"}}]}<\/script>\n<!-- \/ Yoast SEO plugin. -->","yoast_head_json":{"title":"Qaydl\u0259r Kodeyi-Lynnhan inteqrasiya monitor istehsalxanas\u0131","description":"Lynnhan smart display factory-\u0131n \u0259dliyy\u0259t v\u0259 t\u0259kadd\u00fcm\u0259 etiraz\u0131. Bizim davran\u0131\u015f qaydalar\u0131m\u0131z ham\u0131 \u00fc\u00e7\u00fcn r\u0259ssaml\u0131q v\u0259 m\u00fcasir bir m\u0259d\u0259niyy\u0259t t\u0259min edir.","robots":{"index":"index","follow":"follow","max-snippet":"max-snippet:-1","max-image-preview":"max-image-preview:large","max-video-preview":"max-video-preview:-1"},"canonical":"https:\/\/lynnhan.com\/azb\/qaydl\u0259r-kodeyi\/","og_locale":"az_AZ","og_type":"article","og_title":"Code of Conduct-Lynnhan smart display factory","og_description":"Lynnhan smart display factory's commits to ethics and integrity. Our code of conduct ensures a respectful and inclusive culture for all.","og_url":"https:\/\/lynnhan.com\/azb\/qaydl\u0259r-kodeyi\/","og_site_name":"Lynnhan - Trusted Supplier | LED\/OLED\/LCD\/E-paper digital signages","article_modified_time":"2024-12-18T10:32:06+00:00","og_image":[{"url":"https:\/\/pub-78925c7bf9ca4c6d820df8293a5c116c.r2.dev\/2024\/12\/Code-Of-Conduct.webp","type":"","width":"","height":""}],"twitter_card":"summary_large_image","twitter_misc":{"Est. reading time":"3 \u062f\u0642\u06cc\u0642\u0647\u200c\u0644\u0631"},"schema":{"@context":"https:\/\/schema.org","@graph":[{"@type":"WebPage","@id":"https:\/\/lynnhan.com\/ja\/%e8%a1%8c%e5%8b%95%e8%a6%8f%e7%af%84\/","url":"https:\/\/lynnhan.com\/ja\/%e8%a1%8c%e5%8b%95%e8%a6%8f%e7%af%84\/","name":"Qaydl\u0259r Kodeyi-Lynnhan inteqrasiya monitor istehsalxanas\u0131","isPartOf":{"@id":"https:\/\/lynnhan.com\/km\/#website"},"primaryImageOfPage":{"@id":"https:\/\/lynnhan.com\/ja\/%e8%a1%8c%e5%8b%95%e8%a6%8f%e7%af%84\/#primaryimage"},"image":{"@id":"https:\/\/lynnhan.com\/ja\/%e8%a1%8c%e5%8b%95%e8%a6%8f%e7%af%84\/#primaryimage"},"thumbnailUrl":"https:\/\/pub-78925c7bf9ca4c6d820df8293a5c116c.r2.dev\/2024\/12\/Code-Of-Conduct.webp","datePublished":"2024-02-28T03:19:26+00:00","dateModified":"2024-12-18T10:32:06+00:00","description":"Lynnhan smart display factory-\u0131n \u0259dliyy\u0259t v\u0259 t\u0259kadd\u00fcm\u0259 etiraz\u0131. Bizim davran\u0131\u015f qaydalar\u0131m\u0131z ham\u0131 \u00fc\u00e7\u00fcn r\u0259ssaml\u0131q v\u0259 m\u00fcasir bir m\u0259d\u0259niyy\u0259t t\u0259min edir.","breadcrumb":{"@id":"https:\/\/lynnhan.com\/ja\/%e8%a1%8c%e5%8b%95%e8%a6%8f%e7%af%84\/#breadcrumb"},"inLanguage":"azb","potentialAction":[{"@type":"ReadAction","target":["https:\/\/lynnhan.com\/ja\/%e8%a1%8c%e5%8b%95%e8%a6%8f%e7%af%84\/"]}]},{"@type":"ImageObject","inLanguage":"azb","@id":"https:\/\/lynnhan.com\/ja\/%e8%a1%8c%e5%8b%95%e8%a6%8f%e7%af%84\/#primaryimage","url":"https:\/\/pub-78925c7bf9ca4c6d820df8293a5c116c.r2.dev\/2024\/12\/Code-Of-Conduct.webp","contentUrl":"https:\/\/pub-78925c7bf9ca4c6d820df8293a5c116c.r2.dev\/2024\/12\/Code-Of-Conduct.webp"},{"@type":"BreadcrumbList","@id":"https:\/\/lynnhan.com\/ja\/%e8%a1%8c%e5%8b%95%e8%a6%8f%e7%af%84\/#breadcrumb","itemListElement":[{"@type":"ListItem","position":1,"name":"Home","item":"https:\/\/lynnhan.com\/"},{"@type":"ListItem","position":2,"name":"Code Of Conduct"}]},{"@type":"WebSite","@id":"https:\/\/lynnhan.com\/km\/#website","url":"https:\/\/lynnhan.com\/km\/","name":"Lynnhan - T\u0259sdiql\u0259nmi\u015f T\u0259chizat\u00e7\u0131 | LED\/OLED\/LCD\/E-paper digital ni\u015fanlar","description":"Lynnhan - T\u0259hl\u00fck\u0259siz T\u0259chizat\u00e7\u0131 |  LED\/OLED\/LCD\/E-paper digital signages","publisher":{"@id":"https:\/\/lynnhan.com\/km\/#organization"},"potentialAction":[{"@type":"SearchAction","target":{"@type":"EntryPoint","urlTemplate":"https:\/\/lynnhan.com\/km\/?s={search_term_string}"},"query-input":{"@type":"PropertyValueSpecification","valueRequired":true,"valueName":"search_term_string"}}],"inLanguage":"azb"},{"@type":"Organization","@id":"https:\/\/lynnhan.com\/km\/#organization","name":"Lynnhan - T\u0259sdiql\u0259nmi\u015f T\u0259chizat\u00e7\u0131 | LED\/OLED\/LCD\/E-paper digital ni\u015fanlar","url":"https:\/\/lynnhan.com\/km\/","logo":{"@type":"ImageObject","inLanguage":"azb","@id":"https:\/\/lynnhan.com\/km\/#\/schema\/logo\/image\/","url":"https:\/\/pub-78925c7bf9ca4c6d820df8293a5c116c.r2.dev\/2024\/07\/LynnHan-logo3.png","contentUrl":"https:\/\/pub-78925c7bf9ca4c6d820df8293a5c116c.r2.dev\/2024\/07\/LynnHan-logo3.png","width":390,"height":130,"caption":"Lynnhan - Trusted Supplier | LED\/OLED\/LCD\/E-paper digital signages"},"image":{"@id":"https:\/\/lynnhan.com\/km\/#\/schema\/logo\/image\/"}}]}},"jetpack_sharing_enabled":true,"_links":{"self":[{"href":"https:\/\/lynnhan.com\/azb\/wp-json\/wp\/v2\/pages\/601","targetHints":{"allow":["GET"]}}],"collection":[{"href":"https:\/\/lynnhan.com\/azb\/wp-json\/wp\/v2\/pages"}],"about":[{"href":"https:\/\/lynnhan.com\/azb\/wp-json\/wp\/v2\/types\/page"}],"author":[{"embeddable":true,"href":"https:\/\/lynnhan.com\/azb\/wp-json\/wp\/v2\/users\/1"}],"replies":[{"embeddable":true,"href":"https:\/\/lynnhan.com\/azb\/wp-json\/wp\/v2\/comments?post=601"}],"version-history":[{"count":0,"href":"https:\/\/lynnhan.com\/azb\/wp-json\/wp\/v2\/pages\/601\/revisions"}],"wp:attachment":[{"href":"https:\/\/lynnhan.com\/azb\/wp-json\/wp\/v2\/media?parent=601"}],"curies":[{"name":"wp","href":"https:\/\/api.w.org\/{rel}","templated":true}]}}