{"id":540,"date":"2024-02-27T08:44:39","date_gmt":"2024-02-27T08:44:39","guid":{"rendered":"https:\/\/lynnhan.com\/?page_id=540"},"modified":"2024-12-18T09:42:17","modified_gmt":"2024-12-18T09:42:17","slug":"shipping","status":"publish","type":"page","link":"https:\/\/lynnhan.com\/azb\/shipping\/","title":{"rendered":"Y\u00fckl\u0259m\u0259"},"content":{"rendered":"<div data-elementor-type=\"wp-page\" data-elementor-id=\"540\" class=\"elementor elementor-540\" data-elementor-post-type=\"page\">\n\t\t\t\t<div class=\"elementor-element elementor-element-26335f7 e-flex e-con-boxed e-con e-parent\" data-id=\"26335f7\" data-element_type=\"container\">\n\t\t\t\t\t<div class=\"e-con-inner\">\n\t\t\t\t<div class=\"elementor-element elementor-element-68c9c7e elementor-widget elementor-widget-image\" data-id=\"68c9c7e\" data-element_type=\"widget\" data-widget_type=\"image.default\">\n\t\t\t\t<div class=\"elementor-widget-container\">\n\t\t\t\t\t\t\t\t\t\t\t\t\t\t\t<img fetchpriority=\"high\" decoding=\"async\" width=\"1165\" height=\"653\" src=\"https:\/\/pub-78925c7bf9ca4c6d820df8293a5c116c.r2.dev\/2024\/12\/shipment.webp\" class=\"attachment-full size-full wp-image-3297\" alt=\"All in one LED shipment\" srcset=\"https:\/\/pub-78925c7bf9ca4c6d820df8293a5c116c.r2.dev\/2024\/12\/shipment.webp 1165w, https:\/\/pub-78925c7bf9ca4c6d820df8293a5c116c.r2.dev\/2024\/12\/shipment-700x392.webp 700w, https:\/\/pub-78925c7bf9ca4c6d820df8293a5c116c.r2.dev\/2024\/12\/shipment-1024x574.webp 1024w, https:\/\/pub-78925c7bf9ca4c6d820df8293a5c116c.r2.dev\/2024\/12\/shipment-768x430.webp 768w, https:\/\/pub-78925c7bf9ca4c6d820df8293a5c116c.r2.dev\/2024\/12\/shipment-18x10.webp 18w, https:\/\/pub-78925c7bf9ca4c6d820df8293a5c116c.r2.dev\/2024\/12\/shipment-1140x639.webp 1140w, https:\/\/pub-78925c7bf9ca4c6d820df8293a5c116c.r2.dev\/2024\/12\/shipment-920x516.webp 920w, https:\/\/pub-78925c7bf9ca4c6d820df8293a5c116c.r2.dev\/2024\/12\/shipment-575x322.webp 575w, https:\/\/pub-78925c7bf9ca4c6d820df8293a5c116c.r2.dev\/2024\/12\/shipment-380x213.webp 380w, https:\/\/pub-78925c7bf9ca4c6d820df8293a5c116c.r2.dev\/2024\/12\/shipment-800x448.webp 800w\" sizes=\"(max-width: 1165px) 100vw, 1165px\" \/>\t\t\t\t\t\t\t\t\t\t\t\t\t\t\t<\/div>\n\t\t\t\t<\/div>\n\t\t\t\t\t<\/div>\n\t\t\t\t<\/div>\n\t\t<div class=\"elementor-element elementor-element-8f6152b e-flex e-con-boxed e-con e-parent\" data-id=\"8f6152b\" data-element_type=\"container\">\n\t\t\t\t\t<div class=\"e-con-inner\">\n\t\t\t\t<div class=\"elementor-element elementor-element-2a13164 elementor-widget elementor-widget-text-editor\" data-id=\"2a13164\" data-element_type=\"widget\" data-widget_type=\"text-editor.default\">\n\t\t\t\t<div class=\"elementor-widget-container\">\n\t\t\t\t\t\t\t\t\t<h3>1. Y\u00fckl\u0259m\u0259 \u00c7\u00f6zm\u0259l\u0259r: Lynnhan-d\u0259 effektiv v\u0259 g\u00fcv\u0259nli \u00e7atd\u0131rma<\/h3><p><strong>2. Sizin \u0130\u015finiz \u00fc\u00e7\u00fcn T\u0259yin edilmi\u015f Y\u00fckl\u0259m\u0259<\/strong><\/p><p>3. Lynnhan-d\u0259 biz bilirik ki, g\u00fcv\u0259nli v\u0259 effektiv y\u00fckl\u0259m\u0259 i\u015finizi aparmaq \u00fc\u00e7\u00fcn \u0259h\u0259miyy\u0259tlikdir. Tam v\u0259ziyy\u0259tli y\u00fckl\u0259m\u0259 \u00e7\u00f6zm\u0259l\u0259rimiz bizim B2B m\u00fc\u015ft\u0259ril\u0259rimizin m\u00fcxt\u0259lif t\u0259l\u0259batlar\u0131n\u0131 \u00f6d\u0259m\u0259k \u00fc\u00e7\u00fcn haz\u0131rlanm\u0131\u015fd\u0131r, bu da sizin m\u0259hsullar\u0131n\u0131z\u0131n vaxt\u0131nda v\u0259 m\u00fck\u0259mm\u0259l \u015f\u0259kild\u0259 \u00e7atd\u0131r\u0131lmas\u0131n\u0131 t\u0259min edir.<\/p><p><strong>4. Qlobal Uzaql\u0131q, Yerli D\u0259qiq\u0259t<\/strong><\/p><p>5. Bizim geni\u015f \u015f\u0259b\u0259k\u0259si y\u00fckl\u0259m\u0259 ortaklar\u0131m\u0131z bizim sizin m\u0259hsullar\u0131n\u0131z\u0131 d\u00fcnya \u00fcz\u00fc\u00fcnd\u0259 hans\u0131 yerd\u0259 olursa olsun \u00e7atd\u0131rmaq \u00fc\u00e7\u00fcn qabiliyy\u0259tliyimiz var. Sizin yerli bir i\u015f yeriniz olub da, d\u00fcnya miqyas\u0131nda bir q\u0259rb i\u015f yeriniz olub da, Lynnhan t\u0259yin edilmi\u015f y\u00fckl\u0259m\u0259 se\u00e7iml\u0259ri t\u0259klif edir, bu da sizin sifariyinizin t\u0259hl\u00fck\u0259siz v\u0259 m\u0259cburiyy\u0259tsiz \u00e7atd\u0131r\u0131lmas\u0131n\u0131 t\u0259min edir. Bizim qrupumuz m\u0259\u015fhur da\u015f\u0131nma\u00e7\u0131lara yax\u0131n i\u015fl\u0259yir, bu da sifariyinizin qap\u0131dan qap\u0131ya \u00e7atd\u0131r\u0131lmas\u0131n\u0131 t\u0259min edir.<\/p><p><strong>6. F\u0259rdi Y\u00fckl\u0259m\u0259 Se\u00e7iml\u0259ri<\/strong><\/p><ul><li><strong>7. Standart Y\u00fckl\u0259m\u0259:<\/strong> 8. \u00c7ox s\u00fcr\u0259tli olmayan sifariyl\u0259r \u00fc\u00e7\u00fcn idealdir, bizim standart y\u00fckl\u0259m\u0259 ekonomik h\u0259ll v\u0259 g\u00fcv\u0259nli \u00e7atd\u0131rma vaxt\u0131 t\u0259klif edir.<\/li><li><strong>9. S\u00fcr\u0259tli Y\u00fckl\u0259m\u0259:<\/strong> 10. Vaxt \u0259h\u0259miyy\u0259tli oldu\u011funda, s\u00fcr\u0259tli \u00e7atd\u0131rma \u00fc\u00e7\u00fcn bizim s\u00fcr\u0259tli y\u00fckl\u0259m\u0259 se\u00e7imimizi se\u00e7in. Sifariyinizin s\u00fcr\u0259tl\u0259 \u00e7atd\u0131r\u0131lmas\u0131 \u00fc\u00e7\u00fcn prioritet veririk.<\/li><li><strong>11. Y\u00fckl\u0259m\u0259 Y\u00fckl\u0259m\u0259:<\/strong> 12. B\u00f6y\u00fck sifariyl\u0259r v\u0259 x\u00fcsusi t\u0259l\u0259batlar \u00fc\u00e7\u00fcn, bizim y\u00fck da\u015f\u0131nma y\u00fckl\u0259m\u0259 xidm\u0259tl\u0259rimiz t\u0259yin edilmi\u015f h\u0259ll\u0259r t\u0259klif edir, bu da d\u0259niz, hava v\u0259 quru se\u00e7iml\u0259rini \u00f6z\u00fcnd\u0259 birl\u0259\u015fdirir.<\/li><\/ul><p><strong>13. Real-Time Y\u00fckl\u0259m\u0259 \u0130zl\u0259m\u0259 v\u0259 D\u0259st\u0259k<\/strong><\/p><p>14. Sifariyinizin g\u00f6nd\u0259rilm\u0259sind\u0259n \u00e7atd\u0131r\u0131lmas\u0131na q\u0259d\u0259r m\u0259lumatl\u0131 qal\u0131n bizim real-time y\u00fckl\u0259m\u0259 izl\u0259m\u0259 xidm\u0259timiz il\u0259. Y\u00fckl\u0259nm\u0259 zaman\u0131, sifariyinizin inki\u015faf\u0131n\u0131 izl\u0259m\u0259k \u00fc\u00e7\u00fcn bir izl\u0259m\u0259 n\u00f6mr\u0259si alacaqs\u0131n\u0131z. Bizim h\u0259sr\u0259tli d\u0259st\u0259k qrupumuz h\u0259mi\u015f\u0259 m\u00f6vcuddur, sizi izl\u0259m\u0259l\u0259r v\u0259 y\u00fckl\u0259m\u0259 m\u0259s\u0259l\u0259l\u0259ri il\u0259 k\u00f6m\u0259k edir.<\/p><p><strong>15. M\u0259i\u015f\u0259t \u0130zahat\u0131 v\u0259 \u0130nzibat<\/strong><\/p><p>16. Lynnhan-in beyn\u0259lxalq y\u00fckl\u0259m\u0259d\u0259ki m\u0259har\u0259ti s\u0259rb\u0259st m\u0259i\u015f\u0259t izahat\u0131 prosesini asanla\u015fd\u0131r\u0131r. Ham\u0131 laz\u0131m olan s\u0259n\u0259dl\u0259ri v\u0259 t\u0259nzimlik t\u0259l\u0259batlar\u0131n\u0131 h\u0259ll edirik, gecikm\u0259l\u0259ri azalt\u0131r v\u0259 sifariyinizin yerli qanunvericiliy\u0259 uy\u011fun ol<\/p><p><strong>Eco-Friendly Packaging and Shipping<\/strong><\/p><p>We\u2019re committed to sustainability. Lynnhan uses eco-friendly packaging materials and optimizes shipping routes to reduce our environmental impact. Our green shipping options are part of our dedication to protecting the planet while serving your business needs.<\/p><p><strong>Shipping Rates and Policies<\/strong><\/p><p>Our competitive shipping rates are calculated based on order size, weight, and destination. For detailed information on shipping costs and policies, please visit our website or contact our customer service team. We strive to offer transparent pricing with no hidden fees.<\/p><p><strong>How to Arrange Shipping<\/strong><\/p><p>Placing an order with Lynnhan is easy. During the checkout process, you\u2019ll be prompted to select your preferred shipping method. Our team will then prepare your order for shipment, ensuring it\u2019s packed securely and dispatched promptly. For special shipping requests or bulk orders, please contact our sales team directly.<\/p><p>At Lynnhan, we\u2019re dedicated to providing you with efficient, reliable, and tailored shipping solutions. Our goal is to support your business by ensuring your products are delivered on time and in perfect condition, no matter where in the world you\u2019re located.<\/p>\t\t\t\t\t\t\t\t<\/div>\n\t\t\t\t<\/div>\n\t\t\t\t\t<\/div>\n\t\t\t\t<\/div>\n\t\t\t\t<\/div>","protected":false},"excerpt":{"rendered":"<p>Shipping Solutions at Lynnhan: Efficient and Reliable Delivery Tailored Shipping for Your Business At Lynnhan, we understand that reliable and efficient shipping is crucial for your business operations. Our comprehensive [\u2026]<\/p>","protected":false},"author":1,"featured_media":0,"parent":0,"menu_order":0,"comment_status":"closed","ping_status":"closed","template":"","meta":{"footnotes":""},"class_list":["post-540","page","type-page","status-publish","hentry"],"yoast_head":"<!-- This site is optimized with the Yoast SEO plugin v26.6 - https:\/\/yoast.com\/wordpress\/plugins\/seo\/ -->\n<title>LynnHan Standbyme TV supplier Shipping<\/title>\n<meta name=\"description\" content=\"Hassle-free shipping starts at LynnHan Standbyme TV supplier. Our comprehensive guide ensures your packages arrive safely and on time.\" \/>\n<meta name=\"robots\" content=\"index, follow, max-snippet:-1, max-image-preview:large, max-video-preview:-1\" \/>\n<link rel=\"canonical\" href=\"https:\/\/lynnhan.com\/azb\/shipping\/\" \/>\n<meta property=\"og:locale\" content=\"az_AZ\" \/>\n<meta property=\"og:type\" content=\"article\" \/>\n<meta property=\"og:title\" content=\"LynnHan Standbyme TV supplier Shipping\" \/>\n<meta property=\"og:description\" content=\"Hassle-free shipping starts at LynnHan Standbyme TV supplier. Our comprehensive guide ensures your packages arrive safely and on time.\" \/>\n<meta property=\"og:url\" content=\"https:\/\/lynnhan.com\/azb\/shipping\/\" \/>\n<meta property=\"og:site_name\" content=\"Lynnhan - Trusted Supplier | LED\/OLED\/LCD\/E-paper digital signages\" \/>\n<meta property=\"article:modified_time\" content=\"2024-12-18T09:42:17+00:00\" \/>\n<meta property=\"og:image\" content=\"https:\/\/pub-78925c7bf9ca4c6d820df8293a5c116c.r2.dev\/2024\/12\/shipment.webp\" \/>\n<meta name=\"twitter:card\" content=\"summary_large_image\" \/>\n<meta name=\"twitter:label1\" content=\"Est. reading time\" \/>\n\t<meta name=\"twitter:data1\" content=\"3 \u062f\u0642\u06cc\u0642\u0647\u200c\u0644\u0631\" \/>\n<script type=\"application\/ld+json\" class=\"yoast-schema-graph\">{\"@context\":\"https:\/\/schema.org\",\"@graph\":[{\"@type\":\"WebPage\",\"@id\":\"https:\/\/lynnhan.com\/be\/shipping\/\",\"url\":\"https:\/\/lynnhan.com\/be\/shipping\/\",\"name\":\"LynnHan Standbyme TV supplier Shipping\",\"isPartOf\":{\"@id\":\"https:\/\/lynnhan.com\/km\/#website\"},\"primaryImageOfPage\":{\"@id\":\"https:\/\/lynnhan.com\/be\/shipping\/#primaryimage\"},\"image\":{\"@id\":\"https:\/\/lynnhan.com\/be\/shipping\/#primaryimage\"},\"thumbnailUrl\":\"https:\/\/pub-78925c7bf9ca4c6d820df8293a5c116c.r2.dev\/2024\/12\/shipment.webp\",\"datePublished\":\"2024-02-27T08:44:39+00:00\",\"dateModified\":\"2024-12-18T09:42:17+00:00\",\"description\":\"Hassle-free shipping starts at LynnHan Standbyme TV supplier. Our comprehensive guide ensures your packages arrive safely and on time.\",\"breadcrumb\":{\"@id\":\"https:\/\/lynnhan.com\/be\/shipping\/#breadcrumb\"},\"inLanguage\":\"azb\",\"potentialAction\":[{\"@type\":\"ReadAction\",\"target\":[\"https:\/\/lynnhan.com\/be\/shipping\/\"]}]},{\"@type\":\"ImageObject\",\"inLanguage\":\"azb\",\"@id\":\"https:\/\/lynnhan.com\/be\/shipping\/#primaryimage\",\"url\":\"https:\/\/pub-78925c7bf9ca4c6d820df8293a5c116c.r2.dev\/2024\/12\/shipment.webp\",\"contentUrl\":\"https:\/\/pub-78925c7bf9ca4c6d820df8293a5c116c.r2.dev\/2024\/12\/shipment.webp\"},{\"@type\":\"BreadcrumbList\",\"@id\":\"https:\/\/lynnhan.com\/be\/shipping\/#breadcrumb\",\"itemListElement\":[{\"@type\":\"ListItem\",\"position\":1,\"name\":\"Home\",\"item\":\"https:\/\/lynnhan.com\/\"},{\"@type\":\"ListItem\",\"position\":2,\"name\":\"Shipping\"}]},{\"@type\":\"WebSite\",\"@id\":\"https:\/\/lynnhan.com\/km\/#website\",\"url\":\"https:\/\/lynnhan.com\/km\/\",\"name\":\"Lynnhan - Trusted Supplier | LED\/OLED\/LCD\/E-paper digital signages\",\"description\":\"Lynnhan - Trusted Supplier |  LED\/OLED\/LCD\/E-paper digital signages\",\"publisher\":{\"@id\":\"https:\/\/lynnhan.com\/km\/#organization\"},\"potentialAction\":[{\"@type\":\"SearchAction\",\"target\":{\"@type\":\"EntryPoint\",\"urlTemplate\":\"https:\/\/lynnhan.com\/km\/?s={search_term_string}\"},\"query-input\":{\"@type\":\"PropertyValueSpecification\",\"valueRequired\":true,\"valueName\":\"search_term_string\"}}],\"inLanguage\":\"azb\"},{\"@type\":\"Organization\",\"@id\":\"https:\/\/lynnhan.com\/km\/#organization\",\"name\":\"Lynnhan - Trusted Supplier | LED\/OLED\/LCD\/E-paper digital signages\",\"url\":\"https:\/\/lynnhan.com\/km\/\",\"logo\":{\"@type\":\"ImageObject\",\"inLanguage\":\"azb\",\"@id\":\"https:\/\/lynnhan.com\/km\/#\/schema\/logo\/image\/\",\"url\":\"https:\/\/pub-78925c7bf9ca4c6d820df8293a5c116c.r2.dev\/2024\/07\/LynnHan-logo3.png\",\"contentUrl\":\"https:\/\/pub-78925c7bf9ca4c6d820df8293a5c116c.r2.dev\/2024\/07\/LynnHan-logo3.png\",\"width\":390,\"height\":130,\"caption\":\"Lynnhan - Trusted Supplier | LED\/OLED\/LCD\/E-paper digital signages\"},\"image\":{\"@id\":\"https:\/\/lynnhan.com\/km\/#\/schema\/logo\/image\/\"}}]}<\/script>\n<!-- \/ Yoast SEO plugin. -->","yoast_head_json":{"title":"LynnHan Standbyme TV supplier Shipping","description":"Hassle-free shipping starts at LynnHan Standbyme TV supplier. Our comprehensive guide ensures your packages arrive safely and on time.","robots":{"index":"index","follow":"follow","max-snippet":"max-snippet:-1","max-image-preview":"max-image-preview:large","max-video-preview":"max-video-preview:-1"},"canonical":"https:\/\/lynnhan.com\/azb\/shipping\/","og_locale":"az_AZ","og_type":"article","og_title":"LynnHan Standbyme TV supplier Shipping","og_description":"Hassle-free shipping starts at LynnHan Standbyme TV supplier. Our comprehensive guide ensures your packages arrive safely and on time.","og_url":"https:\/\/lynnhan.com\/azb\/shipping\/","og_site_name":"Lynnhan - Trusted Supplier | LED\/OLED\/LCD\/E-paper digital signages","article_modified_time":"2024-12-18T09:42:17+00:00","og_image":[{"url":"https:\/\/pub-78925c7bf9ca4c6d820df8293a5c116c.r2.dev\/2024\/12\/shipment.webp","type":"","width":"","height":""}],"twitter_card":"summary_large_image","twitter_misc":{"Est. reading time":"3 \u062f\u0642\u06cc\u0642\u0647\u200c\u0644\u0631"},"schema":{"@context":"https:\/\/schema.org","@graph":[{"@type":"WebPage","@id":"https:\/\/lynnhan.com\/be\/shipping\/","url":"https:\/\/lynnhan.com\/be\/shipping\/","name":"LynnHan Standbyme TV supplier Shipping","isPartOf":{"@id":"https:\/\/lynnhan.com\/km\/#website"},"primaryImageOfPage":{"@id":"https:\/\/lynnhan.com\/be\/shipping\/#primaryimage"},"image":{"@id":"https:\/\/lynnhan.com\/be\/shipping\/#primaryimage"},"thumbnailUrl":"https:\/\/pub-78925c7bf9ca4c6d820df8293a5c116c.r2.dev\/2024\/12\/shipment.webp","datePublished":"2024-02-27T08:44:39+00:00","dateModified":"2024-12-18T09:42:17+00:00","description":"Hassle-free shipping starts at LynnHan Standbyme TV supplier. Our comprehensive guide ensures your packages arrive safely and on time.","breadcrumb":{"@id":"https:\/\/lynnhan.com\/be\/shipping\/#breadcrumb"},"inLanguage":"azb","potentialAction":[{"@type":"ReadAction","target":["https:\/\/lynnhan.com\/be\/shipping\/"]}]},{"@type":"ImageObject","inLanguage":"azb","@id":"https:\/\/lynnhan.com\/be\/shipping\/#primaryimage","url":"https:\/\/pub-78925c7bf9ca4c6d820df8293a5c116c.r2.dev\/2024\/12\/shipment.webp","contentUrl":"https:\/\/pub-78925c7bf9ca4c6d820df8293a5c116c.r2.dev\/2024\/12\/shipment.webp"},{"@type":"BreadcrumbList","@id":"https:\/\/lynnhan.com\/be\/shipping\/#breadcrumb","itemListElement":[{"@type":"ListItem","position":1,"name":"Home","item":"https:\/\/lynnhan.com\/"},{"@type":"ListItem","position":2,"name":"Shipping"}]},{"@type":"WebSite","@id":"https:\/\/lynnhan.com\/km\/#website","url":"https:\/\/lynnhan.com\/km\/","name":"Lynnhan - T\u0259sdiql\u0259nmi\u015f T\u0259chizat\u00e7\u0131 | LED\/OLED\/LCD\/E-paper digital ni\u015fanlar","description":"Lynnhan - T\u0259hl\u00fck\u0259siz T\u0259chizat\u00e7\u0131 |  LED\/OLED\/LCD\/E-paper digital signages","publisher":{"@id":"https:\/\/lynnhan.com\/km\/#organization"},"potentialAction":[{"@type":"SearchAction","target":{"@type":"EntryPoint","urlTemplate":"https:\/\/lynnhan.com\/km\/?s={search_term_string}"},"query-input":{"@type":"PropertyValueSpecification","valueRequired":true,"valueName":"search_term_string"}}],"inLanguage":"azb"},{"@type":"Organization","@id":"https:\/\/lynnhan.com\/km\/#organization","name":"Lynnhan - T\u0259sdiql\u0259nmi\u015f T\u0259chizat\u00e7\u0131 | LED\/OLED\/LCD\/E-paper digital ni\u015fanlar","url":"https:\/\/lynnhan.com\/km\/","logo":{"@type":"ImageObject","inLanguage":"azb","@id":"https:\/\/lynnhan.com\/km\/#\/schema\/logo\/image\/","url":"https:\/\/pub-78925c7bf9ca4c6d820df8293a5c116c.r2.dev\/2024\/07\/LynnHan-logo3.png","contentUrl":"https:\/\/pub-78925c7bf9ca4c6d820df8293a5c116c.r2.dev\/2024\/07\/LynnHan-logo3.png","width":390,"height":130,"caption":"Lynnhan - Trusted Supplier | LED\/OLED\/LCD\/E-paper digital signages"},"image":{"@id":"https:\/\/lynnhan.com\/km\/#\/schema\/logo\/image\/"}}]}},"jetpack_sharing_enabled":true,"_links":{"self":[{"href":"https:\/\/lynnhan.com\/azb\/wp-json\/wp\/v2\/pages\/540","targetHints":{"allow":["GET"]}}],"collection":[{"href":"https:\/\/lynnhan.com\/azb\/wp-json\/wp\/v2\/pages"}],"about":[{"href":"https:\/\/lynnhan.com\/azb\/wp-json\/wp\/v2\/types\/page"}],"author":[{"embeddable":true,"href":"https:\/\/lynnhan.com\/azb\/wp-json\/wp\/v2\/users\/1"}],"replies":[{"embeddable":true,"href":"https:\/\/lynnhan.com\/azb\/wp-json\/wp\/v2\/comments?post=540"}],"version-history":[{"count":0,"href":"https:\/\/lynnhan.com\/azb\/wp-json\/wp\/v2\/pages\/540\/revisions"}],"wp:attachment":[{"href":"https:\/\/lynnhan.com\/azb\/wp-json\/wp\/v2\/media?parent=540"}],"curies":[{"name":"wp","href":"https:\/\/api.w.org\/{rel}","templated":true}]}}