{"id":535,"date":"2024-02-27T08:28:56","date_gmt":"2024-02-27T08:28:56","guid":{"rendered":"https:\/\/lynnhan.com\/?page_id=535"},"modified":"2024-12-18T10:25:48","modified_gmt":"2024-12-18T10:25:48","slug":"od%c9%99nisl%c9%99r","status":"publish","type":"page","link":"https:\/\/lynnhan.com\/azb\/od%c9%99nisl%c9%99r\/","title":{"rendered":"\u00d6d\u0259kl\u0259r"},"content":{"rendered":"<div data-elementor-type=\"wp-page\" data-elementor-id=\"535\" class=\"elementor elementor-535\" data-elementor-post-type=\"page\">\n\t\t\t\t<div class=\"elementor-element elementor-element-142d8d4 e-flex e-con-boxed e-con e-parent\" data-id=\"142d8d4\" data-element_type=\"container\">\n\t\t\t\t\t<div class=\"e-con-inner\">\n\t\t\t\t<div class=\"elementor-element elementor-element-6619f7f elementor-widget elementor-widget-image\" data-id=\"6619f7f\" data-element_type=\"widget\" data-widget_type=\"image.default\">\n\t\t\t\t<div class=\"elementor-widget-container\">\n\t\t\t\t\t\t\t\t\t\t\t\t\t\t\t<img fetchpriority=\"high\" decoding=\"async\" width=\"1920\" height=\"1076\" src=\"https:\/\/pub-78925c7bf9ca4c6d820df8293a5c116c.r2.dev\/2024\/12\/payments-2.webp\" class=\"attachment-full size-full wp-image-3303\" alt=\"All in One LED manufacturer Payments\" srcset=\"https:\/\/pub-78925c7bf9ca4c6d820df8293a5c116c.r2.dev\/2024\/12\/payments-2.webp 1920w, https:\/\/pub-78925c7bf9ca4c6d820df8293a5c116c.r2.dev\/2024\/12\/payments-2-700x392.webp 700w, https:\/\/pub-78925c7bf9ca4c6d820df8293a5c116c.r2.dev\/2024\/12\/payments-2-1024x574.webp 1024w, https:\/\/pub-78925c7bf9ca4c6d820df8293a5c116c.r2.dev\/2024\/12\/payments-2-768x430.webp 768w, https:\/\/pub-78925c7bf9ca4c6d820df8293a5c116c.r2.dev\/2024\/12\/payments-2-1536x861.webp 1536w, https:\/\/pub-78925c7bf9ca4c6d820df8293a5c116c.r2.dev\/2024\/12\/payments-2-18x10.webp 18w, https:\/\/pub-78925c7bf9ca4c6d820df8293a5c116c.r2.dev\/2024\/12\/payments-2-1140x639.webp 1140w, https:\/\/pub-78925c7bf9ca4c6d820df8293a5c116c.r2.dev\/2024\/12\/payments-2-920x516.webp 920w, https:\/\/pub-78925c7bf9ca4c6d820df8293a5c116c.r2.dev\/2024\/12\/payments-2-575x322.webp 575w, https:\/\/pub-78925c7bf9ca4c6d820df8293a5c116c.r2.dev\/2024\/12\/payments-2-380x213.webp 380w, https:\/\/pub-78925c7bf9ca4c6d820df8293a5c116c.r2.dev\/2024\/12\/payments-2-1320x740.webp 1320w, https:\/\/pub-78925c7bf9ca4c6d820df8293a5c116c.r2.dev\/2024\/12\/payments-2-800x448.webp 800w\" sizes=\"(max-width: 1920px) 100vw, 1920px\" \/>\t\t\t\t\t\t\t\t\t\t\t\t\t\t\t<\/div>\n\t\t\t\t<\/div>\n\t\t\t\t\t<\/div>\n\t\t\t\t<\/div>\n\t\t<div class=\"elementor-element elementor-element-d66f236 e-flex e-con-boxed e-con e-parent\" data-id=\"d66f236\" data-element_type=\"container\">\n\t\t\t\t\t<div class=\"e-con-inner\">\n\t\t\t\t<div class=\"elementor-element elementor-element-c3f9628 elementor-widget elementor-widget-text-editor\" data-id=\"c3f9628\" data-element_type=\"widget\" data-widget_type=\"text-editor.default\">\n\t\t\t\t<div class=\"elementor-widget-container\">\n\t\t\t\t\t\t\t\t\t<h3>1. \u00f6d\u0259t H\u0259llatlar\u0131 at Lynnhan: T\u0259mizl\u0259\u015fdirilmi\u015f v\u0259 G\u00fcv\u0259nli \u0130\u015fl\u0259m\u0259l\u0259r<\/h3><p><strong>2. Qlobal \u00d6d\u0259t Se\u00e7iml\u0259ri, Ticar\u0259tiniz \u0130\u00e7in<\/strong><\/p><p>3. Lynnhan-d\u0259 biz ticar\u0259tl\u0259r \u00fc\u00e7\u00fcn m\u00fc\u0259yy\u0259nli v\u0259 g\u00fcv\u0259nli \u00f6d\u0259t h\u0259llat\u0131n\u0131n \u0259h\u0259miyy\u0259tini ba\u015fa d\u00fc\u015f\u00fcr\u00fck. M\u0259qs\u0259dimiz, sizin al\u0131\u015f-veri\u015f prosesinizi m\u00fcmk\u00fcn olaraq t\u0259miz v\u0259 problem\u0259 yox olaraq h\u0259yata ke\u00e7irm\u0259kdir. Bu s\u0259b\u0259bl\u0259, biz bizim B2B m\u00fc\u015ft\u0259ril\u0259rimizin m\u00fcxt\u0259lif t\u0259l\u0259bat\u0131n\u0131 \u00f6rt\u0259 bil\u0259n \u00e7oxluq paydada \u00f6d\u0259t se\u00e7iml\u0259rini t\u0259klif edirik.<\/p><p><strong>4. G\u00fcv\u0259nli Onlayn \u00d6d\u0259tl\u0259r<\/strong><\/p><p>5. Qulayl\u0131q v\u0259 s\u0259hif\u0259liyy\u0259t \u00fc\u00e7\u00fcn, Lynnhan g\u00fcv\u0259nli onlayn \u00f6d\u0259tl\u0259ri d\u0259st\u0259kl\u0259yir. Bizim platforma, Viza, MasterCard v\u0259 American Express kimi \u0259sas kredit kartlar\u0131n\u0131 q\u0259bul edir, h\u0259m\u00e7inin PayPal, \u00e7ox s\u00fcr\u0259tli v\u0259 asan transaksiyalar \u00fc\u00e7\u00fcn. G\u00fcv\u0259nli \u00f6d\u0259t qap\u0131s\u0131, sizin maliyy\u0259 m\u0259lumatlar\u0131n\u0131z\u0131n daima qorunmas\u0131 \u00fc\u00e7\u00fcn qabaqc\u0131l \u015fifr\u0259l\u0259nm\u0259 v\u0259 t\u0259hl\u00fck\u0259sizlik protokollar\u0131 istifad\u0259 edir.<\/p><p><strong>6. Bank Transferl\u0259r (T\/T v\u0259 Western Union)<br \/><\/strong><\/p><p>7. B\u00f6y\u00fck sifari\u015fl\u0259r v\u0259 ya m\u00fc\u0259yy\u0259n h\u0259llatlar \u00fc\u00e7\u00fcn, biz t\u0259qdimi bank transferl\u0259ri q\u0259bul edirik. Bu se\u00e7im, maliyy\u0259l\u0259rinizi idar\u0259 etm\u0259k \u00fc\u00e7\u00fcn daha \u00e7ox m\u00fc\u0259yy\u0259nlik v\u0259 ticar\u0259t \u00fc\u00e7\u00fcn q\u0259dim \u00f6d\u0259t \u00fcsullar\u0131n\u0131 t\u0259qdim ed\u0259n bir q\u0259bul edir. M\u00fc\u015ft\u0259ri xidm\u0259t ekibi, sizi t\u0259miz bank transferi \u00fc\u00e7\u00fcn laz\u0131mi b\u0259rab\u0259rl\u0259r t\u0259qdim ed\u0259c\u0259kdir.<\/p><p><strong>8. X\u00fcsusi \u00d6d\u0259t Planlar\u0131<\/strong><\/p><p>9. H\u0259r bir ticar\u0259tin f\u0259rqli t\u0259l\u0259batlar\u0131na raz\u0131la\u015fmaq, Lynnhan x\u00fcsusi \u00f6d\u0259t planlar\u0131 haqq\u0131nda dan\u0131\u015fma\u011fa a\u00e7\u0131qd\u0131r. Qar\u015f\u0131l\u0131ql\u0131 \u00f6d\u0259t rejimi v\u0259 ya t\u0259drici maliyy\u0259 h\u0259llat\u0131 olsun, bizim qrupumuz, ticar\u0259tinizin t\u0259l\u0259batlar\u0131na uy\u011fun \u00f6d\u0259t qurulu\u015funu tapmaq \u00fc\u00e7\u00fcn sizi il\u0259 i\u015fl\u0259m\u0259y\u0259 ba\u011f\u0131\u015flanm\u0131\u015fd\u0131r.<\/p><p><strong>10. G\u00fcv\u0259nli \u0130\u015fl\u0259m\u0259 Prosesi<\/strong><\/p><p>11. \u00d6d\u0259tl\u0259r bar\u0259d\u0259, t\u0259hl\u00fck\u0259sizlik bizim \u0259n y\u00fcks\u0259k prioritetimizdir. Lynnhan, transaksiyalar\u0131n\u0131z\u0131 v\u0259 \u015f\u0259xsi m\u0259lumatlar\u0131n\u0131z\u0131 qorumaq \u00fc\u00e7\u00fcn \u0259n son t\u0259hl\u00fck\u0259sizlik t\u0259dbirl\u0259rini t\u0259tbiq edir. PCI DSS standartlar\u0131na riay\u0259t ed\u0259r\u0259k, \u00f6d\u0259tinizin \u0259n g\u00fcv\u0259nli ortamda i\u015fl\u0259nm\u0259sin\u0259 nail olunur.<\/p><p><strong>12. Qeyri-B\u0259raqli D\u0259st\u0259k<\/strong><\/p><p>13. Qeyri-b\u0259raqli m\u00fc\u015ft\u0259ri xidm\u0259t ekibimiz, h\u0259r hans\u0131 bir \u00f6d\u0259t haqq\u0131nda sor\u011fu v\u0259 ya problem\u0259 k\u00f6m\u0259k etm\u0259k \u00fc\u00e7\u00fcn buradad\u0131r. Sizin t\u0259l\u0259binizd\u0259n as\u0131l\u0131 olaraq, do\u011fru \u00f6d\u0259t se\u00e7iminizi se\u00e7m\u0259y\u0259, faturalar\u0131 anlama\u011fa v\u0259 \u00f6d\u0259t planlar\u0131 haqq\u0131nda dan\u0131\u015fma\u011fa k\u00f6m\u0259k ed\u0259r\u0259k, t\u0259miz transaksiya t\u0259cr\u00fcb\u0259si t\u0259min etm\u0259y\u0259 c<\/p><p><strong>How to Make a Payment<\/strong><\/p><p>Making a payment with Lynnhan is simple. Once you\u2019ve placed your order, you\u2019ll receive an invoice with detailed payment instructions. Choose your preferred payment method and follow the steps provided to complete your transaction. Our customer support team is always available to guide you through the process, should you need assistance.<\/p><p>At Lynnhan, we\u2019re committed to providing our B2B clients with secure, flexible, and convenient payment solutions. Our range of payment options is designed to accommodate your business\u2019s specific needs, ensuring a smooth and efficient purchasing experience.<\/p>\t\t\t\t\t\t\t\t<\/div>\n\t\t\t\t<\/div>\n\t\t\t\t\t<\/div>\n\t\t\t\t<\/div>\n\t\t\t\t<\/div>","protected":false},"excerpt":{"rendered":"<p>Payment Solutions at Lynnhan: Streamlined and Secure Transactions Flexible Payment Options for Your Business Needs At Lynnhan, we understand the importance of flexible and secure payment solutions for businesses. Our [\u2026]<\/p>","protected":false},"author":1,"featured_media":0,"parent":0,"menu_order":0,"comment_status":"closed","ping_status":"closed","template":"","meta":{"footnotes":""},"class_list":["post-535","page","type-page","status-publish","hentry"],"yoast_head":"<!-- This site is optimized with the Yoast SEO plugin v26.6 - https:\/\/yoast.com\/wordpress\/plugins\/seo\/ -->\n<title>Payments: Lynnhan portable TV supplier<\/title>\n<meta name=\"description\" content=\"Discover how Lynnhan portable TV supplier Payments transforms your online purchases into smooth, effortless experiences.\" \/>\n<meta name=\"robots\" content=\"index, follow, max-snippet:-1, max-image-preview:large, max-video-preview:-1\" \/>\n<link rel=\"canonical\" href=\"https:\/\/lynnhan.com\/azb\/od\u0259nisl\u0259r\/\" \/>\n<meta property=\"og:locale\" content=\"az_AZ\" \/>\n<meta property=\"og:type\" content=\"article\" \/>\n<meta property=\"og:title\" content=\"Payments: Lynnhan portable TV supplier\" \/>\n<meta property=\"og:description\" content=\"Discover how Lynnhan portable TV supplier Payments transforms your online purchases into smooth, effortless experiences.\" \/>\n<meta property=\"og:url\" content=\"https:\/\/lynnhan.com\/azb\/od\u0259nisl\u0259r\/\" \/>\n<meta property=\"og:site_name\" content=\"Lynnhan - Trusted Supplier | LED\/OLED\/LCD\/E-paper digital signages\" \/>\n<meta property=\"article:modified_time\" content=\"2024-12-18T10:25:48+00:00\" \/>\n<meta property=\"og:image\" content=\"https:\/\/pub-78925c7bf9ca4c6d820df8293a5c116c.r2.dev\/2024\/12\/payments-2.webp\" \/>\n<meta name=\"twitter:card\" content=\"summary_large_image\" \/>\n<meta name=\"twitter:label1\" content=\"Est. reading time\" \/>\n\t<meta name=\"twitter:data1\" content=\"2 \u062f\u0642\u06cc\u0642\u0647\u200c\u0644\u0631\" \/>\n<script type=\"application\/ld+json\" class=\"yoast-schema-graph\">{\"@context\":\"https:\/\/schema.org\",\"@graph\":[{\"@type\":\"WebPage\",\"@id\":\"https:\/\/lynnhan.com\/payments\/\",\"url\":\"https:\/\/lynnhan.com\/payments\/\",\"name\":\"Payments: Lynnhan portable TV supplier\",\"isPartOf\":{\"@id\":\"https:\/\/lynnhan.com\/km\/#website\"},\"primaryImageOfPage\":{\"@id\":\"https:\/\/lynnhan.com\/payments\/#primaryimage\"},\"image\":{\"@id\":\"https:\/\/lynnhan.com\/payments\/#primaryimage\"},\"thumbnailUrl\":\"https:\/\/pub-78925c7bf9ca4c6d820df8293a5c116c.r2.dev\/2024\/12\/payments-2.webp\",\"datePublished\":\"2024-02-27T08:28:56+00:00\",\"dateModified\":\"2024-12-18T10:25:48+00:00\",\"description\":\"Discover how Lynnhan portable TV supplier Payments transforms your online purchases into smooth, effortless experiences.\",\"breadcrumb\":{\"@id\":\"https:\/\/lynnhan.com\/payments\/#breadcrumb\"},\"inLanguage\":\"azb\",\"potentialAction\":[{\"@type\":\"ReadAction\",\"target\":[\"https:\/\/lynnhan.com\/payments\/\"]}]},{\"@type\":\"ImageObject\",\"inLanguage\":\"azb\",\"@id\":\"https:\/\/lynnhan.com\/payments\/#primaryimage\",\"url\":\"https:\/\/pub-78925c7bf9ca4c6d820df8293a5c116c.r2.dev\/2024\/12\/payments-2.webp\",\"contentUrl\":\"https:\/\/pub-78925c7bf9ca4c6d820df8293a5c116c.r2.dev\/2024\/12\/payments-2.webp\"},{\"@type\":\"BreadcrumbList\",\"@id\":\"https:\/\/lynnhan.com\/payments\/#breadcrumb\",\"itemListElement\":[{\"@type\":\"ListItem\",\"position\":1,\"name\":\"Home\",\"item\":\"https:\/\/lynnhan.com\/\"},{\"@type\":\"ListItem\",\"position\":2,\"name\":\"Payments\"}]},{\"@type\":\"WebSite\",\"@id\":\"https:\/\/lynnhan.com\/km\/#website\",\"url\":\"https:\/\/lynnhan.com\/km\/\",\"name\":\"Lynnhan - Trusted Supplier | LED\/OLED\/LCD\/E-paper digital signages\",\"description\":\"Lynnhan - Trusted Supplier |  LED\/OLED\/LCD\/E-paper digital signages\",\"publisher\":{\"@id\":\"https:\/\/lynnhan.com\/km\/#organization\"},\"potentialAction\":[{\"@type\":\"SearchAction\",\"target\":{\"@type\":\"EntryPoint\",\"urlTemplate\":\"https:\/\/lynnhan.com\/km\/?s={search_term_string}\"},\"query-input\":{\"@type\":\"PropertyValueSpecification\",\"valueRequired\":true,\"valueName\":\"search_term_string\"}}],\"inLanguage\":\"azb\"},{\"@type\":\"Organization\",\"@id\":\"https:\/\/lynnhan.com\/km\/#organization\",\"name\":\"Lynnhan - Trusted Supplier | LED\/OLED\/LCD\/E-paper digital signages\",\"url\":\"https:\/\/lynnhan.com\/km\/\",\"logo\":{\"@type\":\"ImageObject\",\"inLanguage\":\"azb\",\"@id\":\"https:\/\/lynnhan.com\/km\/#\/schema\/logo\/image\/\",\"url\":\"https:\/\/pub-78925c7bf9ca4c6d820df8293a5c116c.r2.dev\/2024\/07\/LynnHan-logo3.png\",\"contentUrl\":\"https:\/\/pub-78925c7bf9ca4c6d820df8293a5c116c.r2.dev\/2024\/07\/LynnHan-logo3.png\",\"width\":390,\"height\":130,\"caption\":\"Lynnhan - Trusted Supplier | LED\/OLED\/LCD\/E-paper digital signages\"},\"image\":{\"@id\":\"https:\/\/lynnhan.com\/km\/#\/schema\/logo\/image\/\"}}]}<\/script>\n<!-- \/ Yoast SEO plugin. -->","yoast_head_json":{"title":"\u00d6d\u0259ni\u015fl\u0259r: Lynnhan portativ TV t\u0259chizat\u00e7\u0131s\u0131","description":"Lynnhan mexan TV t\u0259chizat\u00e7\u0131s\u0131 \u00d6d\u0259ni\u015fl\u0259r \u00f6z online al\u0131\u015fveri\u015fl\u0259rinizi s\u0259m\u0259rli, asan t\u0259cr\u00fcb\u0259l\u0259r\u0259 \u00e7evirir.","robots":{"index":"index","follow":"follow","max-snippet":"max-snippet:-1","max-image-preview":"max-image-preview:large","max-video-preview":"max-video-preview:-1"},"canonical":"https:\/\/lynnhan.com\/azb\/od\u0259nisl\u0259r\/","og_locale":"az_AZ","og_type":"article","og_title":"Payments: Lynnhan portable TV supplier","og_description":"Discover how Lynnhan portable TV supplier Payments transforms your online purchases into smooth, effortless experiences.","og_url":"https:\/\/lynnhan.com\/azb\/od\u0259nisl\u0259r\/","og_site_name":"Lynnhan - Trusted Supplier | LED\/OLED\/LCD\/E-paper digital signages","article_modified_time":"2024-12-18T10:25:48+00:00","og_image":[{"url":"https:\/\/pub-78925c7bf9ca4c6d820df8293a5c116c.r2.dev\/2024\/12\/payments-2.webp","type":"","width":"","height":""}],"twitter_card":"summary_large_image","twitter_misc":{"Est. reading time":"2 \u062f\u0642\u06cc\u0642\u0647\u200c\u0644\u0631"},"schema":{"@context":"https:\/\/schema.org","@graph":[{"@type":"WebPage","@id":"https:\/\/lynnhan.com\/payments\/","url":"https:\/\/lynnhan.com\/payments\/","name":"\u00d6d\u0259ni\u015fl\u0259r: Lynnhan portativ TV t\u0259chizat\u00e7\u0131s\u0131","isPartOf":{"@id":"https:\/\/lynnhan.com\/km\/#website"},"primaryImageOfPage":{"@id":"https:\/\/lynnhan.com\/payments\/#primaryimage"},"image":{"@id":"https:\/\/lynnhan.com\/payments\/#primaryimage"},"thumbnailUrl":"https:\/\/pub-78925c7bf9ca4c6d820df8293a5c116c.r2.dev\/2024\/12\/payments-2.webp","datePublished":"2024-02-27T08:28:56+00:00","dateModified":"2024-12-18T10:25:48+00:00","description":"Lynnhan mexan TV t\u0259chizat\u00e7\u0131s\u0131 \u00d6d\u0259ni\u015fl\u0259r \u00f6z online al\u0131\u015fveri\u015fl\u0259rinizi s\u0259m\u0259rli, asan t\u0259cr\u00fcb\u0259l\u0259r\u0259 \u00e7evirir.","breadcrumb":{"@id":"https:\/\/lynnhan.com\/payments\/#breadcrumb"},"inLanguage":"azb","potentialAction":[{"@type":"ReadAction","target":["https:\/\/lynnhan.com\/payments\/"]}]},{"@type":"ImageObject","inLanguage":"azb","@id":"https:\/\/lynnhan.com\/payments\/#primaryimage","url":"https:\/\/pub-78925c7bf9ca4c6d820df8293a5c116c.r2.dev\/2024\/12\/payments-2.webp","contentUrl":"https:\/\/pub-78925c7bf9ca4c6d820df8293a5c116c.r2.dev\/2024\/12\/payments-2.webp"},{"@type":"BreadcrumbList","@id":"https:\/\/lynnhan.com\/payments\/#breadcrumb","itemListElement":[{"@type":"ListItem","position":1,"name":"Home","item":"https:\/\/lynnhan.com\/"},{"@type":"ListItem","position":2,"name":"Payments"}]},{"@type":"WebSite","@id":"https:\/\/lynnhan.com\/km\/#website","url":"https:\/\/lynnhan.com\/km\/","name":"Lynnhan - T\u0259sdiql\u0259nmi\u015f T\u0259chizat\u00e7\u0131 | LED\/OLED\/LCD\/E-paper digital ni\u015fanlar","description":"Lynnhan - T\u0259hl\u00fck\u0259siz T\u0259chizat\u00e7\u0131 |  LED\/OLED\/LCD\/E-paper digital signages","publisher":{"@id":"https:\/\/lynnhan.com\/km\/#organization"},"potentialAction":[{"@type":"SearchAction","target":{"@type":"EntryPoint","urlTemplate":"https:\/\/lynnhan.com\/km\/?s={search_term_string}"},"query-input":{"@type":"PropertyValueSpecification","valueRequired":true,"valueName":"search_term_string"}}],"inLanguage":"azb"},{"@type":"Organization","@id":"https:\/\/lynnhan.com\/km\/#organization","name":"Lynnhan - T\u0259sdiql\u0259nmi\u015f T\u0259chizat\u00e7\u0131 | LED\/OLED\/LCD\/E-paper digital ni\u015fanlar","url":"https:\/\/lynnhan.com\/km\/","logo":{"@type":"ImageObject","inLanguage":"azb","@id":"https:\/\/lynnhan.com\/km\/#\/schema\/logo\/image\/","url":"https:\/\/pub-78925c7bf9ca4c6d820df8293a5c116c.r2.dev\/2024\/07\/LynnHan-logo3.png","contentUrl":"https:\/\/pub-78925c7bf9ca4c6d820df8293a5c116c.r2.dev\/2024\/07\/LynnHan-logo3.png","width":390,"height":130,"caption":"Lynnhan - Trusted Supplier | LED\/OLED\/LCD\/E-paper digital signages"},"image":{"@id":"https:\/\/lynnhan.com\/km\/#\/schema\/logo\/image\/"}}]}},"jetpack_sharing_enabled":true,"_links":{"self":[{"href":"https:\/\/lynnhan.com\/azb\/wp-json\/wp\/v2\/pages\/535","targetHints":{"allow":["GET"]}}],"collection":[{"href":"https:\/\/lynnhan.com\/azb\/wp-json\/wp\/v2\/pages"}],"about":[{"href":"https:\/\/lynnhan.com\/azb\/wp-json\/wp\/v2\/types\/page"}],"author":[{"embeddable":true,"href":"https:\/\/lynnhan.com\/azb\/wp-json\/wp\/v2\/users\/1"}],"replies":[{"embeddable":true,"href":"https:\/\/lynnhan.com\/azb\/wp-json\/wp\/v2\/comments?post=535"}],"version-history":[{"count":0,"href":"https:\/\/lynnhan.com\/azb\/wp-json\/wp\/v2\/pages\/535\/revisions"}],"wp:attachment":[{"href":"https:\/\/lynnhan.com\/azb\/wp-json\/wp\/v2\/media?parent=535"}],"curies":[{"name":"wp","href":"https:\/\/api.w.org\/{rel}","templated":true}]}}