{"id":488,"date":"2024-02-26T13:50:42","date_gmt":"2024-02-26T13:50:42","guid":{"rendered":"https:\/\/lynnhan.com\/?page_id=488"},"modified":"2025-02-12T14:58:52","modified_gmt":"2025-02-12T14:58:52","slug":"oem-odm","status":"publish","type":"page","link":"https:\/\/lynnhan.com\/azb\/oem-odm\/","title":{"rendered":"OEM\/ODM"},"content":{"rendered":"<div data-elementor-type=\"wp-page\" data-elementor-id=\"488\" class=\"elementor elementor-488\" data-elementor-post-type=\"page\">\n\t\t\t\t<div class=\"elementor-element elementor-element-dd1a2fb e-flex e-con-boxed e-con e-parent\" data-id=\"dd1a2fb\" data-element_type=\"container\">\n\t\t\t\t\t<div class=\"e-con-inner\">\n\t\t\t\t<div class=\"elementor-element elementor-element-712df76 elementor-widget elementor-widget-image\" data-id=\"712df76\" data-element_type=\"widget\" data-widget_type=\"image.default\">\n\t\t\t\t<div class=\"elementor-widget-container\">\n\t\t\t\t\t\t\t\t\t\t\t\t\t\t\t<img fetchpriority=\"high\" decoding=\"async\" width=\"1536\" height=\"768\" src=\"https:\/\/pub-78925c7bf9ca4c6d820df8293a5c116c.r2.dev\/2024\/12\/OEM.webp\" class=\"attachment-full size-full wp-image-3273\" alt=\"B\u00fct\u00fcn Bir LED OEM\/ODM\" srcset=\"https:\/\/pub-78925c7bf9ca4c6d820df8293a5c116c.r2.dev\/2024\/12\/OEM.webp 1536w, https:\/\/pub-78925c7bf9ca4c6d820df8293a5c116c.r2.dev\/2024\/12\/OEM-700x350.webp 700w, https:\/\/pub-78925c7bf9ca4c6d820df8293a5c116c.r2.dev\/2024\/12\/OEM-1024x512.webp 1024w, https:\/\/pub-78925c7bf9ca4c6d820df8293a5c116c.r2.dev\/2024\/12\/OEM-768x384.webp 768w, https:\/\/pub-78925c7bf9ca4c6d820df8293a5c116c.r2.dev\/2024\/12\/OEM-18x9.webp 18w, https:\/\/pub-78925c7bf9ca4c6d820df8293a5c116c.r2.dev\/2024\/12\/OEM-1140x570.webp 1140w, https:\/\/pub-78925c7bf9ca4c6d820df8293a5c116c.r2.dev\/2024\/12\/OEM-920x460.webp 920w, https:\/\/pub-78925c7bf9ca4c6d820df8293a5c116c.r2.dev\/2024\/12\/OEM-575x288.webp 575w, https:\/\/pub-78925c7bf9ca4c6d820df8293a5c116c.r2.dev\/2024\/12\/OEM-380x190.webp 380w, https:\/\/pub-78925c7bf9ca4c6d820df8293a5c116c.r2.dev\/2024\/12\/OEM-1320x660.webp 1320w, https:\/\/pub-78925c7bf9ca4c6d820df8293a5c116c.r2.dev\/2024\/12\/OEM-800x400.webp 800w\" sizes=\"(max-width: 1536px) 100vw, 1536px\" \/>\t\t\t\t\t\t\t\t\t\t\t\t\t\t\t<\/div>\n\t\t\t\t<\/div>\n\t\t\t\t\t<\/div>\n\t\t\t\t<\/div>\n\t\t<div class=\"elementor-element elementor-element-d08357e e-flex e-con-boxed e-con e-parent\" data-id=\"d08357e\" data-element_type=\"container\">\n\t\t\t\t\t<div class=\"e-con-inner\">\n\t\t\t\t<div class=\"elementor-element elementor-element-c08653a elementor-widget elementor-widget-text-editor\" data-id=\"c08653a\" data-element_type=\"widget\" data-widget_type=\"text-editor.default\">\n\t\t\t\t<div class=\"elementor-widget-container\">\n\t\t\t\t\t\t\t\t\t<p><strong>Introduction<\/strong><br \/>1. Lynnhan, m\u00fc\u015ft\u0259ril\u0259rinin \u00e7oxf\u0259rqli t\u0259l\u0259batlar\u0131na uy\u011fun innovativ avtomatik texnologiya q\u0259rarg\u0259h haz\u0131rlama\u011fa h\u0259sr olunub. S\u0259nayed\u0259 geni\u015f t\u0259cr\u00fcb\u0259y\u0259 sahib olubuz, tam geni\u015flikd\u0259 Orjinal Qeyri-\u00dcmumiyy\u0259tli \u0130stehsal\u00e7\u0131 (OEM) v\u0259 Orjinal Layih\u0259 \u0130stehsal\u00e7\u0131 (ODM) xidm\u0259tl\u0259rini t\u0259klif edirik.Biznin m\u0259qs\u0259dimiz, sizin i\u015fin\u0259n enerji ver\u0259r\u0259k, marka kimliyiniz\u0259 v\u0259 bazar t\u0259l\u0259batlar\u0131na uy\u011fun t\u0259tbiqi m\u0259hsullar yaratmaqd\u0131r.<\/p><article data-content=\"[{&quot;type&quot;:&quot;block&quot;,&quot;id&quot;:&quot;YAEu-1734512910116&quot;,&quot;name&quot;:&quot;heading&quot;,&quot;data&quot;:{&quot;level&quot;:&quot;h4&quot;,&quot;style&quot;:{},&quot;version&quot;:1},&quot;nodes&quot;:[{&quot;type&quot;:&quot;text&quot;,&quot;id&quot;:&quot;ZRIf-1734512910115&quot;,&quot;leaves&quot;:[{&quot;text&quot;:&quot;Our\u00a0OEM\/ODM\u00a0Services\u00a0Include:&quot;,&quot;marks&quot;:[{&quot;type&quot;:&quot;bold&quot;}]}]}],&quot;state&quot;:{}},{&quot;type&quot;:&quot;block&quot;,&quot;id&quot;:&quot;Ow4S-1734512910454&quot;,&quot;name&quot;:&quot;list-item&quot;,&quot;data&quot;:{&quot;listId&quot;:&quot;m1A3-1734512910477&quot;,&quot;listLevel&quot;:1,&quot;listType&quot;:&quot;unordered&quot;,&quot;style&quot;:{},&quot;version&quot;:1},&quot;nodes&quot;:[{&quot;type&quot;:&quot;text&quot;,&quot;id&quot;:&quot;5NBx-1734512910453&quot;,&quot;leaves&quot;:[{&quot;text&quot;:&quot;Custom\u00a0Product\u00a0Design:&quot;,&quot;marks&quot;:[]}]}],&quot;state&quot;:{&quot;index&quot;:1}},{&quot;type&quot;:&quot;block&quot;,&quot;id&quot;:&quot;sLcA-1734512910458&quot;,&quot;name&quot;:&quot;paragraph&quot;,&quot;data&quot;:{&quot;style&quot;:{},&quot;version&quot;:1},&quot;nodes&quot;:[{&quot;type&quot;:&quot;text&quot;,&quot;id&quot;:&quot;i0uu-1734512910457&quot;,&quot;leaves&quot;:[{&quot;text&quot;:&quot;We\u00a0work\u00a0closely\u00a0with\u00a0you\u00a0to\u00a0design\u00a0LED\u00a0display\u00a0solutions\u00a0that\u00a0reflect\u00a0your\u00a0brand\u2019s\u00a0vision,\u00a0ensuring\u00a0that\u00a0each\u00a0product\u00a0is\u00a0crafted\u00a0to\u00a0your\u00a0specifications.\u00a0Whether\u00a0it's\u00a0the\u00a0&quot;,&quot;marks&quot;:[]},{&quot;text&quot;:&quot;design\u00a0aesthetics&quot;,&quot;marks&quot;:[{&quot;type&quot;:&quot;bold&quot;}]},{&quot;text&quot;:&quot;\u00a0or\u00a0the\u00a0&quot;,&quot;marks&quot;:[]},{&quot;text&quot;:&quot;functional\u00a0features&quot;,&quot;marks&quot;:[{&quot;type&quot;:&quot;bold&quot;}]},{&quot;text&quot;:&quot;,\u00a0we\u00a0offer\u00a0full\u00a0customization\u00a0to\u00a0meet\u00a0your\u00a0requirements.&quot;,&quot;marks&quot;:[]}]}],&quot;state&quot;:{}},{&quot;type&quot;:&quot;block&quot;,&quot;id&quot;:&quot;3bPh-1734512910460&quot;,&quot;name&quot;:&quot;list-item&quot;,&quot;data&quot;:{&quot;listId&quot;:&quot;m1A3-1734512910477&quot;,&quot;listLevel&quot;:1,&quot;listType&quot;:&quot;unordered&quot;,&quot;style&quot;:{},&quot;version&quot;:1},&quot;nodes&quot;:[{&quot;type&quot;:&quot;text&quot;,&quot;id&quot;:&quot;G70j-1734512910459&quot;,&quot;leaves&quot;:[{&quot;text&quot;:&quot;Tailored\u00a0Technology\u00a0Integration:&quot;,&quot;marks&quot;:[]}]}],&quot;state&quot;:{&quot;index&quot;:2}},{&quot;type&quot;:&quot;block&quot;,&quot;id&quot;:&quot;wZOR-1734512910464&quot;,&quot;name&quot;:&quot;paragraph&quot;,&quot;data&quot;:{&quot;style&quot;:{},&quot;version&quot;:1},&quot;nodes&quot;:[{&quot;type&quot;:&quot;text&quot;,&quot;id&quot;:&quot;YnQc-1734512910463&quot;,&quot;leaves&quot;:[{&quot;text&quot;:&quot;We\u00a0integrate\u00a0the\u00a0latest\u00a0advancements\u00a0into\u00a0your\u00a0displays.\u00a0Our\u00a0team\u00a0ensures\u00a0seamless\u00a0compatibility\u00a0with\u00a0your\u00a0brand's\u00a0use\u00a0case,\u00a0whether\u00a0it\u2019s\u00a0for\u00a0&quot;,&quot;marks&quot;:[]},{&quot;text&quot;:&quot;digital\u00a0signage&quot;,&quot;marks&quot;:[{&quot;type&quot;:&quot;bold&quot;}]},{&quot;text&quot;:&quot;,\u00a0&quot;,&quot;marks&quot;:[]},{&quot;text&quot;:&quot;corporate\u00a0environments&quot;,&quot;marks&quot;:[{&quot;type&quot;:&quot;bold&quot;}]},{&quot;text&quot;:&quot;,\u00a0or\u00a0&quot;,&quot;marks&quot;:[]},{&quot;text&quot;:&quot;home\u00a0entertainment&quot;,&quot;marks&quot;:[{&quot;type&quot;:&quot;bold&quot;}]},{&quot;text&quot;:&quot;.&quot;,&quot;marks&quot;:[]}]}],&quot;state&quot;:{}},{&quot;type&quot;:&quot;block&quot;,&quot;id&quot;:&quot;W5JU-1734512910466&quot;,&quot;name&quot;:&quot;list-item&quot;,&quot;data&quot;:{&quot;listId&quot;:&quot;m1A3-1734512910477&quot;,&quot;listLevel&quot;:1,&quot;listType&quot;:&quot;unordered&quot;,&quot;style&quot;:{},&quot;version&quot;:1},&quot;nodes&quot;:[{&quot;type&quot;:&quot;text&quot;,&quot;id&quot;:&quot;aybS-1734512910465&quot;,&quot;leaves&quot;:[{&quot;text&quot;:&quot;End-to-End\u00a0Support:&quot;,&quot;marks&quot;:[]}]}],&quot;state&quot;:{&quot;index&quot;:3}},{&quot;type&quot;:&quot;block&quot;,&quot;id&quot;:&quot;sz53-1734512910470&quot;,&quot;name&quot;:&quot;paragraph&quot;,&quot;data&quot;:{&quot;style&quot;:{},&quot;version&quot;:1},&quot;nodes&quot;:[{&quot;type&quot;:&quot;text&quot;,&quot;id&quot;:&quot;IJEZ-1734512910469&quot;,&quot;leaves&quot;:[{&quot;text&quot;:&quot;We\u00a0handle\u00a0everything\u00a0from\u00a0&quot;,&quot;marks&quot;:[]},{&quot;text&quot;:&quot;product\u00a0development&quot;,&quot;marks&quot;:[{&quot;type&quot;:&quot;bold&quot;}]},{&quot;text&quot;:&quot;,\u00a0&quot;,&quot;marks&quot;:[]},{&quot;text&quot;:&quot;prototyping&quot;,&quot;marks&quot;:[{&quot;type&quot;:&quot;bold&quot;}]},{&quot;text&quot;:&quot;,\u00a0&quot;,&quot;marks&quot;:[]},{&quot;text&quot;:&quot;manufacturing&quot;,&quot;marks&quot;:[{&quot;type&quot;:&quot;bold&quot;}]},{&quot;text&quot;:&quot;,\u00a0to\u00a0&quot;,&quot;marks&quot;:[]},{&quot;text&quot;:&quot;quality\u00a0control&quot;,&quot;marks&quot;:[{&quot;type&quot;:&quot;bold&quot;}]},{&quot;text&quot;:&quot;,\u00a0ensuring\u00a0that\u00a0each\u00a0LED\u00a0display\u00a0meets\u00a0our\u00a0high\u00a0standards.\u00a0Our\u00a0dedicated\u00a0support\u00a0team\u00a0is\u00a0here\u00a0to\u00a0assist\u00a0throughout\u00a0the\u00a0entire\u00a0process,\u00a0ensuring\u00a0smooth\u00a0project\u00a0execution.&quot;,&quot;marks&quot;:[]}]}],&quot;state&quot;:{}},{&quot;type&quot;:&quot;block&quot;,&quot;id&quot;:&quot;dAEV-1734512910472&quot;,&quot;name&quot;:&quot;list-item&quot;,&quot;data&quot;:{&quot;listId&quot;:&quot;m1A3-1734512910477&quot;,&quot;listLevel&quot;:1,&quot;listType&quot;:&quot;unordered&quot;,&quot;style&quot;:{},&quot;version&quot;:1},&quot;nodes&quot;:[{&quot;type&quot;:&quot;text&quot;,&quot;id&quot;:&quot;FTXv-1734512910471&quot;,&quot;leaves&quot;:[{&quot;text&quot;:&quot;Global\u00a0Logistics\u00a0&amp;\u00a0Delivery:&quot;,&quot;marks&quot;:[]}]}],&quot;state&quot;:{&quot;index&quot;:4}},{&quot;type&quot;:&quot;block&quot;,&quot;id&quot;:&quot;wQfl-1734512910476&quot;,&quot;name&quot;:&quot;paragraph&quot;,&quot;data&quot;:{&quot;style&quot;:{},&quot;version&quot;:1},&quot;nodes&quot;:[{&quot;type&quot;:&quot;text&quot;,&quot;id&quot;:&quot;YHzv-1734512910475&quot;,&quot;leaves&quot;:[{&quot;text&quot;:&quot;With\u00a0a\u00a0global\u00a0network\u00a0of\u00a0partners\u00a0and\u00a0efficient\u00a0logistics\u00a0solutions,\u00a0we\u00a0deliver\u00a0your\u00a0custom\u00a0products\u00a0on\u00a0time\u00a0and\u00a0in\u00a0full,\u00a0wherever\u00a0you\u00a0are.&quot;,&quot;marks&quot;:[]}]}],&quot;state&quot;:{}}]\"><div id=\"7qwy-1734512988522\"><strong>2. Our OEM\/ODM Services Include<\/strong>:<\/div><div><ul><li><strong>3. T\u0259k\u00e7i M\u0259hsul Layih\u0259si<\/strong>:<br \/>4. Sizin il\u0259 yax\u0131n i\u015fl\u0259y\u0259r\u0259k, marka vizyiy\u0259 uy\u011fun LED displey h\u0259llatlar\u0131 haz\u0131rlay\u0131r\u0131q, h\u0259r bir m\u0259hsulinizin t\u0259l\u0259batlar\u0131n\u0131 \u00f6d\u0259m\u0259k \u00fc\u00e7\u00fcn haz\u0131rlanmas\u0131n\u0131 t\u0259min edirik. Bu, q\u0259rarg\u0259h estetikas\u0131 v\u0259 funksional x\u00fcsusiyy\u0259tl\u0259r olub, sizin t\u0259l\u0259batlar\u0131n\u0131 \u00f6d\u0259m\u0259k \u00fc\u00e7\u00fcn tam \u00f6l\u00e7\u00fcl\u00fc t\u0259tbiqi t\u0259klif edirik.<\/li><\/ul><\/div><div><ul><li><strong>5. T\u0259kmill\u0259\u015fdirilmi\u015f Texnologiyan\u0131n Inteqrasiyas\u0131<\/strong>:<br \/>6. Displayl\u0259riniz\u0259 son t\u0259kmill\u0259\u015fdirm\u0259l\u0259ri inteqrasiya edirik. Komandam\u0131z, digital reklam, korporativ m\u00fchitl\u0259r v\u0259 ya ev istirah\u0259t texnologiyalar\u0131 kimi sizin istifad\u0259 v\u0259ziyy\u0259tl\u0259rinizl\u0259 uy\u011funla\u015fd\u0131rmaq \u00fc\u00e7\u00fcn t\u0259mizl\u0259\u015fm\u0259ni t\u0259min edir.<\/li><\/ul><\/div><div><ul><li><strong>7. Tam D\u0259st\u0259k<\/strong>:<br \/>8. M\u0259hsul haz\u0131rlanmas\u0131, n\u00fcmun\u0259 haz\u0131rlanmas\u0131, istehsalat v\u0259 q\u0259na\u0259t yoxlamas\u0131ndan ke\u00e7ir\u0259n ham\u0131 il\u0259 m\u0259\u015f\u011ful oluruz, h\u0259r bir LED displeyin y\u00fcks\u0259k standartlar\u0131m\u0131za uy\u011fun olmas\u0131n\u0131 t\u0259min edirik. Qeyri-\u00fcmumiyy\u0259tli d\u0259st\u0259k komandam\u0131z,\u6574\u4e2a\u8fc7\u7a0b boyunca sizi k\u00f6m\u0259k etm\u0259k \u00fc\u00e7\u00fcn buradad\u0131r, layih\u0259nin d\u00fczg\u00fcn h\u0259yata ke\u00e7irilm\u0259sini t\u0259min edir.<\/li><\/ul><\/div><div><ul><li><strong>9. D\u00fcnya \u015e\u0259b\u0259k\u0259si v\u0259 T\u0259chizat<\/strong>:<br \/>10. D\u00fcnya \u015f\u0259b\u0259k\u0259sind\u0259 ortaklar\u0131 v\u0259 effektiv lojistik h\u0259llatlar\u0131 il\u0259, sizin t\u0259tbiqi m\u0259hsullar\u0131n\u0131z\u0131 vaxt\u0131nda v\u0259 tam olaraq, h\u0259r yer\u0259 yetiririk.<\/li><\/ul><\/div><\/article><p><strong>11. Why Choose Lynnhan\u2019s OEM\/ODM Services?<\/strong><\/p><ul><li><strong>12. Expertise and Innovation<\/strong>13. : Smart texnologiya s\u0259nayesinde bir onillikd\u0259n art\u0131q t\u0259cr\u00fcb\u0259 il\u0259, Lynnhan h\u0259r layih\u0259y\u0259 z\u0259ngin bilik v\u0259 inovasiya m\u0259d\u0259niyy\u0259tini g\u0259tirir.<\/li><li><strong>Quality Assurance<\/strong>14. : Haz\u0131rlad\u0131\u011f\u0131m\u0131z h\u0259r bir m\u0259hsulda q\u0259l\u0259b\u0259y\u0259 olan s\u0259rb\u0259stliyimiz g\u00f6st\u0259rilir. H\u0259r bir m\u0259hsulin s\u0259naye standartlar\u0131na uy\u011fun olmas\u0131n\u0131 v\u0259 ya \u00f6td\u00fcy\u00fcn\u00fc t\u0259min ed\u0259n q\u0259dim q\u0259na\u0259t yoxlama prosesl\u0259rin\u0259 riay\u0259t edirik.<\/li><li><strong>15. Flexible Solutions<\/strong>16. : H\u0259r bir m\u00fc\u015ft\u0259rinin unikal t\u0259l\u0259batlar\u0131n\u0131 anlamaq, t\u0259k t\u0259l\u0259bat v\u0259 b\u00fcdc\u0259l\u0259r\u0259 uy\u011fun OEM\/ODM xidm\u0259tl\u0259ri t\u0259klif edirik.<\/li><li><strong>17. Vaxt\u0131nda T\u0259chizat<\/strong>18. : Y\u00fcksek \u0259ffektli istehsalat prosesl\u0259rimiz v\u0259 g\u00fccl\u00fc t\u0259chiz<\/li><\/ul><p><strong>Getting Started with Lynnhan\u2019s OEM\/ODM Services<\/strong><\/p><ol><li><strong>Consultation<\/strong>: Contact us to schedule a consultation. During this meeting, we will discuss your project requirements, target market, and objectives.<\/li><li><strong>Proposal<\/strong>: Based on the initial consultation, our team will provide a detailed proposal outlining the project scope, timeline, and cost.<\/li><li><strong>Design and Prototyping<\/strong>: Once the proposal is approved, we move on to the design and prototyping phase, where your ideas begin to take shape.<\/li><li><strong>Manufacturing<\/strong>: After prototype approval, we proceed with manufacturing, ensuring every product is built to specifications.<\/li><li><strong>Quality Control and Delivery<\/strong>: Our quality control team rigorously tests each product before delivery to ensure it meets your standards and ours.<\/li><\/ol><p><strong>Contact Us<\/strong><br \/>To explore how Lynnhan\u2019s OEM\/ODM services can benefit your business, please contact us. We are excited to partner with you to bring your vision to life.<\/p><ul><li><strong>Email<\/strong>: sales@lynnhan.com<\/li><li><strong>Telefon\/whatsapp<\/strong>: +86 189 2843 1537<\/li><li><strong>\u018flaq\u0259 Formu<\/strong>: S\u0259hif\u0259miz\u0259 bax\u0131n <a href=\"https:\/\/xinxiangt.sg-host.com\/sales-inquiry\/\"><strong><em>Sat\u0131\u015f Sual\u0131<\/em><\/strong><\/a> sor\u011funu do\u011frudan g\u00f6nd\u0259rm\u0259k \u00fc\u00e7\u00fcn.<\/li><\/ul><p>Lynnhan-da, biz m\u00fc\u015ft\u0259ril\u0259rimiz\u0259 t\u0259hl\u00fck\u0259siz, yenilikli v\u0259 y\u00fcks\u0259k keyfiyy\u0259tli OEM\/ODM xidm\u0259tl\u0259r t\u0259klif ed\u0259r\u0259k uzunm\u00fcdd\u0259tli \u0259m\u0259kda\u015fl\u0131qlar yaratma\u011fa h\u0259sr olunsaq. U\u011furu t\u0259qrib ed\u0259n akyl n\u0259qliyyat h\u0259llat\u0131 yaratmaq \u00fc\u00e7\u00fcn birlikd\u0259 i\u015fl\u0259y\u0259k.<\/p>\t\t\t\t\t\t\t\t<\/div>\n\t\t\t\t<\/div>\n\t\t\t\t\t<\/div>\n\t\t\t\t<\/div>\n\t\t\t\t<\/div>","protected":false},"excerpt":{"rendered":"<p>IntroductionLynnhan is dedicated to providing innovative smart technology solutions tailored to meet the diverse needs of our clients. With extensive experience in the industry, we offer comprehensive Original Equipment Manufacturer [\u2026]<\/p>","protected":false},"author":1,"featured_media":0,"parent":0,"menu_order":0,"comment_status":"closed","ping_status":"closed","template":"","meta":{"footnotes":""},"class_list":["post-488","page","type-page","status-publish","hentry"],"yoast_head":"<!-- This site is optimized with the Yoast SEO plugin v26.6 - https:\/\/yoast.com\/wordpress\/plugins\/seo\/ -->\n<title>OEM\/ODM Services - Lynnhan Interactive display supplier<\/title>\n<meta name=\"description\" content=\"Lynnhan Interactive display supplier-Discover how OEM\/ODM services can elevate your product quality and innovation.\" \/>\n<meta name=\"robots\" content=\"index, follow, max-snippet:-1, max-image-preview:large, max-video-preview:-1\" \/>\n<link rel=\"canonical\" href=\"https:\/\/lynnhan.com\/azb\/oem-odm\/\" \/>\n<meta property=\"og:locale\" content=\"az_AZ\" \/>\n<meta property=\"og:type\" content=\"article\" \/>\n<meta property=\"og:title\" content=\"OEM\/ODM Services - Lynnhan Interactive display supplier\" \/>\n<meta property=\"og:description\" content=\"Lynnhan Interactive display supplier-Discover how OEM\/ODM services can elevate your product quality and innovation.\" \/>\n<meta property=\"og:url\" content=\"https:\/\/lynnhan.com\/azb\/oem-odm\/\" \/>\n<meta property=\"og:site_name\" content=\"Lynnhan - Trusted Supplier | LED\/OLED\/LCD\/E-paper digital signages\" \/>\n<meta property=\"article:modified_time\" content=\"2025-02-12T14:58:52+00:00\" \/>\n<meta property=\"og:image\" content=\"https:\/\/pub-78925c7bf9ca4c6d820df8293a5c116c.r2.dev\/2024\/12\/OEM.webp\" \/>\n<meta name=\"twitter:card\" content=\"summary_large_image\" \/>\n<meta name=\"twitter:label1\" content=\"Est. reading time\" \/>\n\t<meta name=\"twitter:data1\" content=\"3 \u062f\u0642\u06cc\u0642\u0647\u200c\u0644\u0631\" \/>\n<script type=\"application\/ld+json\" class=\"yoast-schema-graph\">{\"@context\":\"https:\/\/schema.org\",\"@graph\":[{\"@type\":\"WebPage\",\"@id\":\"https:\/\/lynnhan.com\/fi\/oem-odm\/\",\"url\":\"https:\/\/lynnhan.com\/fi\/oem-odm\/\",\"name\":\"OEM\/ODM Services - Lynnhan Interactive display supplier\",\"isPartOf\":{\"@id\":\"https:\/\/lynnhan.com\/km\/#website\"},\"primaryImageOfPage\":{\"@id\":\"https:\/\/lynnhan.com\/fi\/oem-odm\/#primaryimage\"},\"image\":{\"@id\":\"https:\/\/lynnhan.com\/fi\/oem-odm\/#primaryimage\"},\"thumbnailUrl\":\"https:\/\/pub-78925c7bf9ca4c6d820df8293a5c116c.r2.dev\/2024\/12\/OEM.webp\",\"datePublished\":\"2024-02-26T13:50:42+00:00\",\"dateModified\":\"2025-02-12T14:58:52+00:00\",\"description\":\"Lynnhan Interactive display supplier-Discover how OEM\/ODM services can elevate your product quality and innovation.\",\"breadcrumb\":{\"@id\":\"https:\/\/lynnhan.com\/fi\/oem-odm\/#breadcrumb\"},\"inLanguage\":\"azb\",\"potentialAction\":[{\"@type\":\"ReadAction\",\"target\":[\"https:\/\/lynnhan.com\/fi\/oem-odm\/\"]}]},{\"@type\":\"ImageObject\",\"inLanguage\":\"azb\",\"@id\":\"https:\/\/lynnhan.com\/fi\/oem-odm\/#primaryimage\",\"url\":\"https:\/\/pub-78925c7bf9ca4c6d820df8293a5c116c.r2.dev\/2024\/12\/OEM.webp\",\"contentUrl\":\"https:\/\/pub-78925c7bf9ca4c6d820df8293a5c116c.r2.dev\/2024\/12\/OEM.webp\"},{\"@type\":\"BreadcrumbList\",\"@id\":\"https:\/\/lynnhan.com\/fi\/oem-odm\/#breadcrumb\",\"itemListElement\":[{\"@type\":\"ListItem\",\"position\":1,\"name\":\"Home\",\"item\":\"https:\/\/lynnhan.com\/\"},{\"@type\":\"ListItem\",\"position\":2,\"name\":\"OEM\/ODM\"}]},{\"@type\":\"WebSite\",\"@id\":\"https:\/\/lynnhan.com\/km\/#website\",\"url\":\"https:\/\/lynnhan.com\/km\/\",\"name\":\"Lynnhan - Trusted Supplier | LED\/OLED\/LCD\/E-paper digital signages\",\"description\":\"Lynnhan - Trusted Supplier |  LED\/OLED\/LCD\/E-paper digital signages\",\"publisher\":{\"@id\":\"https:\/\/lynnhan.com\/km\/#organization\"},\"potentialAction\":[{\"@type\":\"SearchAction\",\"target\":{\"@type\":\"EntryPoint\",\"urlTemplate\":\"https:\/\/lynnhan.com\/km\/?s={search_term_string}\"},\"query-input\":{\"@type\":\"PropertyValueSpecification\",\"valueRequired\":true,\"valueName\":\"search_term_string\"}}],\"inLanguage\":\"azb\"},{\"@type\":\"Organization\",\"@id\":\"https:\/\/lynnhan.com\/km\/#organization\",\"name\":\"Lynnhan - Trusted Supplier | LED\/OLED\/LCD\/E-paper digital signages\",\"url\":\"https:\/\/lynnhan.com\/km\/\",\"logo\":{\"@type\":\"ImageObject\",\"inLanguage\":\"azb\",\"@id\":\"https:\/\/lynnhan.com\/km\/#\/schema\/logo\/image\/\",\"url\":\"https:\/\/pub-78925c7bf9ca4c6d820df8293a5c116c.r2.dev\/2024\/07\/LynnHan-logo3.png\",\"contentUrl\":\"https:\/\/pub-78925c7bf9ca4c6d820df8293a5c116c.r2.dev\/2024\/07\/LynnHan-logo3.png\",\"width\":390,\"height\":130,\"caption\":\"Lynnhan - Trusted Supplier | LED\/OLED\/LCD\/E-paper digital signages\"},\"image\":{\"@id\":\"https:\/\/lynnhan.com\/km\/#\/schema\/logo\/image\/\"}}]}<\/script>\n<!-- \/ Yoast SEO plugin. -->","yoast_head_json":{"title":"OEM\/ODM Xidm\u0259tl\u0259r - Lynnhan Interactive ekran t\u0259chizat\u00e7\u0131s\u0131","description":"Lynnhan Interactive ekran t\u0259chizat\u00e7\u0131s\u0131 - OEM\/ODM xidm\u0259tl\u0259ri n\u0259tic\u0259sind\u0259 m\u0259hsul s\u0259viyy\u0259siniz v\u0259 inovasiyan\u0131z\u0131n y\u00fcks\u0259lm\u0259sini \u00f6yr\u0259n\u0259k.","robots":{"index":"index","follow":"follow","max-snippet":"max-snippet:-1","max-image-preview":"max-image-preview:large","max-video-preview":"max-video-preview:-1"},"canonical":"https:\/\/lynnhan.com\/azb\/oem-odm\/","og_locale":"az_AZ","og_type":"article","og_title":"OEM\/ODM Services - Lynnhan Interactive display supplier","og_description":"Lynnhan Interactive display supplier-Discover how OEM\/ODM services can elevate your product quality and innovation.","og_url":"https:\/\/lynnhan.com\/azb\/oem-odm\/","og_site_name":"Lynnhan - Trusted Supplier | LED\/OLED\/LCD\/E-paper digital signages","article_modified_time":"2025-02-12T14:58:52+00:00","og_image":[{"url":"https:\/\/pub-78925c7bf9ca4c6d820df8293a5c116c.r2.dev\/2024\/12\/OEM.webp","type":"","width":"","height":""}],"twitter_card":"summary_large_image","twitter_misc":{"Est. reading time":"3 \u062f\u0642\u06cc\u0642\u0647\u200c\u0644\u0631"},"schema":{"@context":"https:\/\/schema.org","@graph":[{"@type":"WebPage","@id":"https:\/\/lynnhan.com\/fi\/oem-odm\/","url":"https:\/\/lynnhan.com\/fi\/oem-odm\/","name":"OEM\/ODM Xidm\u0259tl\u0259r - Lynnhan Interactive ekran t\u0259chizat\u00e7\u0131s\u0131","isPartOf":{"@id":"https:\/\/lynnhan.com\/km\/#website"},"primaryImageOfPage":{"@id":"https:\/\/lynnhan.com\/fi\/oem-odm\/#primaryimage"},"image":{"@id":"https:\/\/lynnhan.com\/fi\/oem-odm\/#primaryimage"},"thumbnailUrl":"https:\/\/pub-78925c7bf9ca4c6d820df8293a5c116c.r2.dev\/2024\/12\/OEM.webp","datePublished":"2024-02-26T13:50:42+00:00","dateModified":"2025-02-12T14:58:52+00:00","description":"Lynnhan Interactive ekran t\u0259chizat\u00e7\u0131s\u0131 - OEM\/ODM xidm\u0259tl\u0259ri n\u0259tic\u0259sind\u0259 m\u0259hsul s\u0259viyy\u0259siniz v\u0259 inovasiyan\u0131z\u0131n y\u00fcks\u0259lm\u0259sini \u00f6yr\u0259n\u0259k.","breadcrumb":{"@id":"https:\/\/lynnhan.com\/fi\/oem-odm\/#breadcrumb"},"inLanguage":"azb","potentialAction":[{"@type":"ReadAction","target":["https:\/\/lynnhan.com\/fi\/oem-odm\/"]}]},{"@type":"ImageObject","inLanguage":"azb","@id":"https:\/\/lynnhan.com\/fi\/oem-odm\/#primaryimage","url":"https:\/\/pub-78925c7bf9ca4c6d820df8293a5c116c.r2.dev\/2024\/12\/OEM.webp","contentUrl":"https:\/\/pub-78925c7bf9ca4c6d820df8293a5c116c.r2.dev\/2024\/12\/OEM.webp"},{"@type":"BreadcrumbList","@id":"https:\/\/lynnhan.com\/fi\/oem-odm\/#breadcrumb","itemListElement":[{"@type":"ListItem","position":1,"name":"Home","item":"https:\/\/lynnhan.com\/"},{"@type":"ListItem","position":2,"name":"OEM\/ODM"}]},{"@type":"WebSite","@id":"https:\/\/lynnhan.com\/km\/#website","url":"https:\/\/lynnhan.com\/km\/","name":"Lynnhan - T\u0259sdiql\u0259nmi\u015f T\u0259chizat\u00e7\u0131 | LED\/OLED\/LCD\/E-paper digital ni\u015fanlar","description":"Lynnhan - T\u0259hl\u00fck\u0259siz T\u0259chizat\u00e7\u0131 |  LED\/OLED\/LCD\/E-paper digital signages","publisher":{"@id":"https:\/\/lynnhan.com\/km\/#organization"},"potentialAction":[{"@type":"SearchAction","target":{"@type":"EntryPoint","urlTemplate":"https:\/\/lynnhan.com\/km\/?s={search_term_string}"},"query-input":{"@type":"PropertyValueSpecification","valueRequired":true,"valueName":"search_term_string"}}],"inLanguage":"azb"},{"@type":"Organization","@id":"https:\/\/lynnhan.com\/km\/#organization","name":"Lynnhan - T\u0259sdiql\u0259nmi\u015f T\u0259chizat\u00e7\u0131 | LED\/OLED\/LCD\/E-paper digital ni\u015fanlar","url":"https:\/\/lynnhan.com\/km\/","logo":{"@type":"ImageObject","inLanguage":"azb","@id":"https:\/\/lynnhan.com\/km\/#\/schema\/logo\/image\/","url":"https:\/\/pub-78925c7bf9ca4c6d820df8293a5c116c.r2.dev\/2024\/07\/LynnHan-logo3.png","contentUrl":"https:\/\/pub-78925c7bf9ca4c6d820df8293a5c116c.r2.dev\/2024\/07\/LynnHan-logo3.png","width":390,"height":130,"caption":"Lynnhan - Trusted Supplier | LED\/OLED\/LCD\/E-paper digital signages"},"image":{"@id":"https:\/\/lynnhan.com\/km\/#\/schema\/logo\/image\/"}}]}},"jetpack_sharing_enabled":true,"_links":{"self":[{"href":"https:\/\/lynnhan.com\/azb\/wp-json\/wp\/v2\/pages\/488","targetHints":{"allow":["GET"]}}],"collection":[{"href":"https:\/\/lynnhan.com\/azb\/wp-json\/wp\/v2\/pages"}],"about":[{"href":"https:\/\/lynnhan.com\/azb\/wp-json\/wp\/v2\/types\/page"}],"author":[{"embeddable":true,"href":"https:\/\/lynnhan.com\/azb\/wp-json\/wp\/v2\/users\/1"}],"replies":[{"embeddable":true,"href":"https:\/\/lynnhan.com\/azb\/wp-json\/wp\/v2\/comments?post=488"}],"version-history":[{"count":0,"href":"https:\/\/lynnhan.com\/azb\/wp-json\/wp\/v2\/pages\/488\/revisions"}],"wp:attachment":[{"href":"https:\/\/lynnhan.com\/azb\/wp-json\/wp\/v2\/media?parent=488"}],"curies":[{"name":"wp","href":"https:\/\/api.w.org\/{rel}","templated":true}]}}