{"id":603,"date":"2024-02-28T03:02:21","date_gmt":"2024-02-28T03:02:21","guid":{"rendered":"https:\/\/lynnhan.com\/?page_id=603"},"modified":"2024-12-18T10:29:55","modified_gmt":"2024-12-18T10:29:55","slug":"xidm%c9%99t-s%c9%99rtl%c9%99ri","status":"publish","type":"page","link":"https:\/\/lynnhan.com\/az\/xidm%c9%99t-s%c9%99rtl%c9%99ri\/","title":{"rendered":"Xidm\u0259t \u015e\u0259rtl\u0259ri"},"content":{"rendered":"<div data-elementor-type=\"wp-page\" data-elementor-id=\"603\" class=\"elementor elementor-603\" data-elementor-post-type=\"page\">\n\t\t\t\t<div class=\"elementor-element elementor-element-15d4236 e-flex e-con-boxed e-con e-parent\" data-id=\"15d4236\" data-element_type=\"container\">\n\t\t\t\t\t<div class=\"e-con-inner\">\n\t\t\t\t<div class=\"elementor-element elementor-element-86e3659 elementor-widget elementor-widget-image\" data-id=\"86e3659\" data-element_type=\"widget\" data-widget_type=\"image.default\">\n\t\t\t\t<div class=\"elementor-widget-container\">\n\t\t\t\t\t\t\t\t\t\t\t\t\t\t\t<img fetchpriority=\"high\" decoding=\"async\" width=\"1456\" height=\"816\" src=\"https:\/\/pub-78925c7bf9ca4c6d820df8293a5c116c.r2.dev\/2024\/12\/Terms-Of-Service.webp\" class=\"attachment-full size-full wp-image-3307\" alt=\"B\u00fct\u00fcn Birlikd\u0259 LED Xidm\u0259t \u015e\u0259rtl\u0259ri\" srcset=\"https:\/\/pub-78925c7bf9ca4c6d820df8293a5c116c.r2.dev\/2024\/12\/Terms-Of-Service.webp 1456w, https:\/\/pub-78925c7bf9ca4c6d820df8293a5c116c.r2.dev\/2024\/12\/Terms-Of-Service-700x392.webp 700w, https:\/\/pub-78925c7bf9ca4c6d820df8293a5c116c.r2.dev\/2024\/12\/Terms-Of-Service-1024x574.webp 1024w, https:\/\/pub-78925c7bf9ca4c6d820df8293a5c116c.r2.dev\/2024\/12\/Terms-Of-Service-768x430.webp 768w, https:\/\/pub-78925c7bf9ca4c6d820df8293a5c116c.r2.dev\/2024\/12\/Terms-Of-Service-18x10.webp 18w, https:\/\/pub-78925c7bf9ca4c6d820df8293a5c116c.r2.dev\/2024\/12\/Terms-Of-Service-1140x639.webp 1140w, https:\/\/pub-78925c7bf9ca4c6d820df8293a5c116c.r2.dev\/2024\/12\/Terms-Of-Service-920x516.webp 920w, https:\/\/pub-78925c7bf9ca4c6d820df8293a5c116c.r2.dev\/2024\/12\/Terms-Of-Service-575x322.webp 575w, https:\/\/pub-78925c7bf9ca4c6d820df8293a5c116c.r2.dev\/2024\/12\/Terms-Of-Service-380x213.webp 380w, https:\/\/pub-78925c7bf9ca4c6d820df8293a5c116c.r2.dev\/2024\/12\/Terms-Of-Service-1320x740.webp 1320w, https:\/\/pub-78925c7bf9ca4c6d820df8293a5c116c.r2.dev\/2024\/12\/Terms-Of-Service-800x448.webp 800w\" sizes=\"(max-width: 1456px) 100vw, 1456px\" \/>\t\t\t\t\t\t\t\t\t\t\t\t\t\t\t<\/div>\n\t\t\t\t<\/div>\n\t\t\t\t\t<\/div>\n\t\t\t\t<\/div>\n\t\t<div class=\"elementor-element elementor-element-c870f31 e-flex e-con-boxed e-con e-parent\" data-id=\"c870f31\" data-element_type=\"container\">\n\t\t\t\t\t<div class=\"e-con-inner\">\n\t\t\t\t<div class=\"elementor-element elementor-element-1d30a00 elementor-widget elementor-widget-text-editor\" data-id=\"1d30a00\" data-element_type=\"widget\" data-widget_type=\"text-editor.default\">\n\t\t\t\t<div class=\"elementor-widget-container\">\n\t\t\t\t\t\t\t\t\t<h3>1. Xidm\u0259t \u015e\u0259rtil\u0259ri \u00fc\u00e7\u00fcn Lynnhan<\/h3><p><strong>2. Lynnhan-a xo\u015f g\u0259ldiniz<\/strong><\/p><p>3. Lynnhan se\u00e7m\u0259yiniz\u0259 minn\u0259t\u00e7ilik. Sayt\u0131m\u0131z\u0131, m\u0259hsullar\u0131m\u0131z\u0131 v\u0259 xidm\u0259tl\u0259rimizi istifad\u0259 etm\u0259kl\u0259, a\u015fa\u011f\u0131dak\u0131 xidm\u0259t \u015f\u0259rtl\u0259ri il\u0259 \u0259laq\u0259dar qeydl\u0259nm\u0259y\u0259 v\u0259 m\u0259hdudla\u015fd\u0131rma\u011fa q\u0259bul olursunuz. Bu \u015f\u0259rtl\u0259r, xidm\u0259ti istifad\u0259 ed\u0259n ham\u0131 \u00fc\u00e7\u00fcn t\u0259tbiq edilir. Xidm\u0259tl\u0259rimizi istifad\u0259 etm\u0259d\u0259n \u0259vv\u0259l bu \u015f\u0259rtl\u0259ri d\u0259y\u0259rl\u0259ndirm\u0259k \u00fc\u00e7\u00fcn xeyirxahd\u0131r.<\/p><p><strong>4. Xidm\u0259tl\u0259rimizin \u0130stifad\u0259si<\/strong><\/p><ul><li><strong>5. H\u00fcquqi Qabiliyy\u0259t<\/strong>6. : Xidm\u0259tl\u0259rimizi istifad\u0259 etm\u0259k \u00fc\u00e7\u00fcn sizi yax\u0131nl\u0131qda 18 ya\u015fda olman\u0131z yaxud ki\u00e7ik qismiyy\u0259t olaraq legal otaq v\u0259 ya himay\u0259\u00e7i q\u0259bul etm\u0259k laz\u0131md\u0131r.<\/li><li><strong>7. \u0130stifad\u0259 H\u00fcququ<\/strong>8. : Lynnhan, bu Xidm\u0259t \u015e\u0259rtl\u0259rin\u0259 \u0259sas\u0259n, sizi m\u0259hdud, m\u00fcst\u0259qil, k\u00f6\u00e7\u00fcr\u00fcl\u0259 bilm\u0259z \u015f\u0259rtl\u0259rl\u0259 xidm\u0259tl\u0259rimizi istifad\u0259 etm\u0259y\u0259 v\u0259 ya i\u015fl\u0259tm\u0259y\u0259 icaz\u0259 verir, x\u00fcsusiyy\u0259tl\u0259r daxil olmaqla \u015f\u0259xsi v\u0259 ya i\u00e7\u0259riyy\u0259 i\u015f xidm\u0259tl\u0259ri \u00fc\u00e7\u00fcn.<\/li><li><strong>9. Hesab Qeydiyyat\u0131<\/strong>10. : Xidm\u0259tl\u0259rimizin bir qismi hesab qeydiyyat\u0131 t\u0259l\u0259b ed\u0259 bil\u0259r. Siz hesab m\u0259lumat\u0131n\u0131z\u0131n gizliliyini saxlamaq v\u0259 hesab\u0131n\u0131z alt\u0131nda ba\u015f ver\u0259n ham\u0131 f\u0259aliyy\u0259tl\u0259rd\u0259n m\u0259sul olursunuz.<\/li><\/ul><p><strong>11. Qada\u011f\u0259 edilmi\u015f F\u0259aliyy\u0259tl\u0259r<\/strong><\/p><p>12. Sizi a\u015fa\u011f\u0131dak\u0131 qada\u011f\u0259 edilmi\u015f f\u0259aliyy\u0259tl\u0259rd\u0259n qeydl\u0259nm\u0259y\u0259 raz\u0131la\u015fd\u0131r\u0131rsiniz:<\/p><ul><li>13. Xidm\u0259ti h\u0259r hans\u0131 bir qanunsuz m\u0259qs\u0259dl\u0259 istifad\u0259 etm\u0259k v\u0259 ya yerli, \u015ftat, milli v\u0259 ya beyn\u0259lxalq qanunlar\u0131 pozmaq.<\/li><li>14. Xidm\u0259tl\u0259rimizin t\u0259hl\u00fck\u0259sizliyini pozmaq v\u0259 ya pozma\u011fa c\u0259hd g\u00f6st\u0259rm\u0259k.<\/li><li>15. Xidm\u0259ti q\u0259r\u0259zli proqramlar v\u0259 z\u0259r\u0259rli m\u0259tnin yaymaq \u00fc\u00e7\u00fcn istifad\u0259 etm\u0259k.<\/li><li>16. Lynnhan v\u0259 ya \u00fc\u00e7\u00fcnc\u00fc t\u0259r\u0259f\u0131n intellektual m\u00fclkiyy\u0259t h\u00fcquqlar\u0131 v\u0259 m\u00fclkiyy\u0259t h\u00fcquqlar\u0131n\u0131 pozmaq.<\/li><\/ul><p><strong>13. \u0130nc\u0259s\u0259n\u0259t M\u0259ntiqi<\/strong><\/p><p>17. Xidm\u0259tl\u0259rimizd\u0259 t\u0259qdim edil\u0259n ham\u0131 m\u0259tn, qrafikalar, loqolar, \u015f\u0259kill\u0259r v\u0259 proqramlar, Lynnhan v\u0259 ya m\u0259tn t\u0259chizat\u00e7\u0131lar\u0131 m\u00fclkiyy\u0259tind\u0259dir v\u0259 beyn\u0259lxalq m\u00fc\u0259lliflik v\u0259 intellektual m\u00fclkiyy\u0259t qanunlar\u0131 il\u0259 qorunur.<\/p><p><strong>18. \u0130stifad\u0259\u00e7i M\u0259tni<\/strong><\/p><p>19. Xidm\u0259tl\u0259rimizd\u0259 yay\u0131mlamaq, y\u00fckl\u0259m\u0259k v\u0259 ya ba\u015fqa \u015f\u0259kild\u0259 \u0259lav\u0259 etm\u0259kl\u0259 h\u0259r hans\u0131 bir m\u0259tni, Lynnhan-a m\u00fcst\u0259qil, d\u00fcnya miqyas\u0131nda, pulsuz icaz\u0259 verirsiniz ki, bu m\u0259tni xidm\u0259ti t\u0259min etm\u0259kl\u0259 \u0259laq\u0259dar olaraq istifad\u0259, \u00e7o<\/p><p><strong>Termination<\/strong><\/p><p>Lynnhan reserves the right to terminate or suspend your access to our services without prior notice or liability, for any reason whatsoever, including without limitation if you breach the Terms of Service.<\/p><p><strong>Disclaimer of Warranties<\/strong><\/p><p>Our services are provided on an \u201cas is\u201d and \u201cas available\u201d basis. Lynnhan makes no warranties, expressed or implied, and hereby disclaims all other warranties, including without limitation, implied warranties or conditions of merchantability, fitness for a particular purpose, or non-infringement of intellectual property.<\/p><p><strong>Limitation of Liability<\/strong><\/p><p>In no event shall Lynnhan or its suppliers be liable for any indirect, incidental, special, consequential, or punitive damages arising out of or in connection with your use of our services.<\/p><p><strong>Changes to Terms of Service<\/strong><\/p><p>Lynnhan reserves the right, at our sole discretion, to modify or replace these Terms of Service at any time. We will provide notice of any significant changes. By continuing to access or use our services after those revisions become effective, you agree to be bound by the revised terms.<\/p><p><strong>Contact Us<\/strong><\/p><p>If you have any questions about these Terms of Service, please contact us at contact@xinxiangt.sg-host.com.<\/p><p><strong>Effective Date: 02.28.2024<br \/><\/strong><\/p><p>By accessing or using our services, you acknowledge that you have read, understood, and agree to be bound by these Terms of Service.<\/p>\t\t\t\t\t\t\t\t<\/div>\n\t\t\t\t<\/div>\n\t\t\t\t\t<\/div>\n\t\t\t\t<\/div>\n\t\t\t\t<\/div>","protected":false},"excerpt":{"rendered":"<p>Terms of Service for Lynnhan Welcome to Lynnhan Thank you for choosing Lynnhan for your smart technology needs. By accessing and using our website, products, and services, you agree to [\u2026]<\/p>","protected":false},"author":1,"featured_media":0,"parent":0,"menu_order":0,"comment_status":"closed","ping_status":"closed","template":"","meta":{"footnotes":""},"class_list":["post-603","page","type-page","status-publish","hentry"],"yoast_head":"<!-- This site is optimized with the Yoast SEO plugin v26.6 - https:\/\/yoast.com\/wordpress\/plugins\/seo\/ -->\n<title>LynnHan Terms of Service: Your Guide to Safe Shopping<\/title>\n<meta name=\"description\" content=\"Fairness and transparency are at the heart of LynnHan&#039;s Terms of Service. Discover how we&#039;re dedicated to your satisfaction.\" \/>\n<meta name=\"robots\" content=\"index, follow, max-snippet:-1, max-image-preview:large, max-video-preview:-1\" \/>\n<link rel=\"canonical\" href=\"https:\/\/lynnhan.com\/az\/xidm\u0259t-s\u0259rtl\u0259ri\/\" \/>\n<meta property=\"og:locale\" content=\"az_AZ\" \/>\n<meta property=\"og:type\" content=\"article\" \/>\n<meta property=\"og:title\" content=\"LynnHan Terms of Service: Your Guide to Safe Shopping\" \/>\n<meta property=\"og:description\" content=\"Fairness and transparency are at the heart of LynnHan&#039;s Terms of Service. Discover how we&#039;re dedicated to your satisfaction.\" \/>\n<meta property=\"og:url\" content=\"https:\/\/lynnhan.com\/az\/xidm\u0259t-s\u0259rtl\u0259ri\/\" \/>\n<meta property=\"og:site_name\" content=\"Lynnhan - Trusted Supplier | LED\/OLED\/LCD\/E-paper digital signages\" \/>\n<meta property=\"article:modified_time\" content=\"2024-12-18T10:29:55+00:00\" \/>\n<meta property=\"og:image\" content=\"https:\/\/pub-78925c7bf9ca4c6d820df8293a5c116c.r2.dev\/2024\/12\/Terms-Of-Service.webp\" \/>\n<meta name=\"twitter:card\" content=\"summary_large_image\" \/>\n<meta name=\"twitter:label1\" content=\"Est. reading time\" \/>\n\t<meta name=\"twitter:data1\" content=\"3 minutes\" \/>\n<script type=\"application\/ld+json\" class=\"yoast-schema-graph\">{\"@context\":\"https:\/\/schema.org\",\"@graph\":[{\"@type\":\"WebPage\",\"@id\":\"https:\/\/lynnhan.com\/bo\/terms-of-service\/\",\"url\":\"https:\/\/lynnhan.com\/bo\/terms-of-service\/\",\"name\":\"LynnHan Terms of Service: Your Guide to Safe Shopping\",\"isPartOf\":{\"@id\":\"https:\/\/lynnhan.com\/km\/#website\"},\"primaryImageOfPage\":{\"@id\":\"https:\/\/lynnhan.com\/bo\/terms-of-service\/#primaryimage\"},\"image\":{\"@id\":\"https:\/\/lynnhan.com\/bo\/terms-of-service\/#primaryimage\"},\"thumbnailUrl\":\"https:\/\/pub-78925c7bf9ca4c6d820df8293a5c116c.r2.dev\/2024\/12\/Terms-Of-Service.webp\",\"datePublished\":\"2024-02-28T03:02:21+00:00\",\"dateModified\":\"2024-12-18T10:29:55+00:00\",\"description\":\"Fairness and transparency are at the heart of LynnHan's Terms of Service. Discover how we're dedicated to your satisfaction.\",\"breadcrumb\":{\"@id\":\"https:\/\/lynnhan.com\/bo\/terms-of-service\/#breadcrumb\"},\"inLanguage\":\"az\",\"potentialAction\":[{\"@type\":\"ReadAction\",\"target\":[\"https:\/\/lynnhan.com\/bo\/terms-of-service\/\"]}]},{\"@type\":\"ImageObject\",\"inLanguage\":\"az\",\"@id\":\"https:\/\/lynnhan.com\/bo\/terms-of-service\/#primaryimage\",\"url\":\"https:\/\/pub-78925c7bf9ca4c6d820df8293a5c116c.r2.dev\/2024\/12\/Terms-Of-Service.webp\",\"contentUrl\":\"https:\/\/pub-78925c7bf9ca4c6d820df8293a5c116c.r2.dev\/2024\/12\/Terms-Of-Service.webp\"},{\"@type\":\"BreadcrumbList\",\"@id\":\"https:\/\/lynnhan.com\/bo\/terms-of-service\/#breadcrumb\",\"itemListElement\":[{\"@type\":\"ListItem\",\"position\":1,\"name\":\"Home\",\"item\":\"https:\/\/lynnhan.com\/\"},{\"@type\":\"ListItem\",\"position\":2,\"name\":\"Terms Of Service\"}]},{\"@type\":\"WebSite\",\"@id\":\"https:\/\/lynnhan.com\/km\/#website\",\"url\":\"https:\/\/lynnhan.com\/km\/\",\"name\":\"Lynnhan - Trusted Supplier | LED\/OLED\/LCD\/E-paper digital signages\",\"description\":\"Lynnhan - Trusted Supplier |  LED\/OLED\/LCD\/E-paper digital signages\",\"publisher\":{\"@id\":\"https:\/\/lynnhan.com\/km\/#organization\"},\"potentialAction\":[{\"@type\":\"SearchAction\",\"target\":{\"@type\":\"EntryPoint\",\"urlTemplate\":\"https:\/\/lynnhan.com\/km\/?s={search_term_string}\"},\"query-input\":{\"@type\":\"PropertyValueSpecification\",\"valueRequired\":true,\"valueName\":\"search_term_string\"}}],\"inLanguage\":\"az\"},{\"@type\":\"Organization\",\"@id\":\"https:\/\/lynnhan.com\/km\/#organization\",\"name\":\"Lynnhan - Trusted Supplier | LED\/OLED\/LCD\/E-paper digital signages\",\"url\":\"https:\/\/lynnhan.com\/km\/\",\"logo\":{\"@type\":\"ImageObject\",\"inLanguage\":\"az\",\"@id\":\"https:\/\/lynnhan.com\/km\/#\/schema\/logo\/image\/\",\"url\":\"https:\/\/pub-78925c7bf9ca4c6d820df8293a5c116c.r2.dev\/2024\/07\/LynnHan-logo3.png\",\"contentUrl\":\"https:\/\/pub-78925c7bf9ca4c6d820df8293a5c116c.r2.dev\/2024\/07\/LynnHan-logo3.png\",\"width\":390,\"height\":130,\"caption\":\"Lynnhan - Trusted Supplier | LED\/OLED\/LCD\/E-paper digital signages\"},\"image\":{\"@id\":\"https:\/\/lynnhan.com\/km\/#\/schema\/logo\/image\/\"}}]}<\/script>\n<!-- \/ Yoast SEO plugin. -->","yoast_head_json":{"title":"LynnHan Xidm\u0259t \u015e\u0259rtl\u0259ri: T\u0259mkinli Al\u0131\u015fveri\u015f\u0259 Y\u00f6nl\u0259yici","description":"Fairness and transparency are at the heart of LynnHan's Terms of Service.","robots":{"index":"index","follow":"follow","max-snippet":"max-snippet:-1","max-image-preview":"max-image-preview:large","max-video-preview":"max-video-preview:-1"},"canonical":"https:\/\/lynnhan.com\/az\/xidm\u0259t-s\u0259rtl\u0259ri\/","og_locale":"az_AZ","og_type":"article","og_title":"LynnHan Terms of Service: Your Guide to Safe Shopping","og_description":"Fairness and transparency are at the heart of LynnHan's Terms of Service. Discover how we're dedicated to your satisfaction.","og_url":"https:\/\/lynnhan.com\/az\/xidm\u0259t-s\u0259rtl\u0259ri\/","og_site_name":"Lynnhan - Trusted Supplier | LED\/OLED\/LCD\/E-paper digital signages","article_modified_time":"2024-12-18T10:29:55+00:00","og_image":[{"url":"https:\/\/pub-78925c7bf9ca4c6d820df8293a5c116c.r2.dev\/2024\/12\/Terms-Of-Service.webp","type":"","width":"","height":""}],"twitter_card":"summary_large_image","twitter_misc":{"Est. reading time":"3 minutes"},"schema":{"@context":"https:\/\/schema.org","@graph":[{"@type":"WebPage","@id":"https:\/\/lynnhan.com\/bo\/terms-of-service\/","url":"https:\/\/lynnhan.com\/bo\/terms-of-service\/","name":"LynnHan Xidm\u0259t \u015e\u0259rtl\u0259ri: T\u0259mkinli Al\u0131\u015fveri\u015f\u0259 Y\u00f6nl\u0259yici","isPartOf":{"@id":"https:\/\/lynnhan.com\/km\/#website"},"primaryImageOfPage":{"@id":"https:\/\/lynnhan.com\/bo\/terms-of-service\/#primaryimage"},"image":{"@id":"https:\/\/lynnhan.com\/bo\/terms-of-service\/#primaryimage"},"thumbnailUrl":"https:\/\/pub-78925c7bf9ca4c6d820df8293a5c116c.r2.dev\/2024\/12\/Terms-Of-Service.webp","datePublished":"2024-02-28T03:02:21+00:00","dateModified":"2024-12-18T10:29:55+00:00","description":"Fairness and transparency are at the heart of LynnHan's Terms of Service.","breadcrumb":{"@id":"https:\/\/lynnhan.com\/bo\/terms-of-service\/#breadcrumb"},"inLanguage":"az","potentialAction":[{"@type":"ReadAction","target":["https:\/\/lynnhan.com\/bo\/terms-of-service\/"]}]},{"@type":"ImageObject","inLanguage":"az","@id":"https:\/\/lynnhan.com\/bo\/terms-of-service\/#primaryimage","url":"https:\/\/pub-78925c7bf9ca4c6d820df8293a5c116c.r2.dev\/2024\/12\/Terms-Of-Service.webp","contentUrl":"https:\/\/pub-78925c7bf9ca4c6d820df8293a5c116c.r2.dev\/2024\/12\/Terms-Of-Service.webp"},{"@type":"BreadcrumbList","@id":"https:\/\/lynnhan.com\/bo\/terms-of-service\/#breadcrumb","itemListElement":[{"@type":"ListItem","position":1,"name":"Home","item":"https:\/\/lynnhan.com\/"},{"@type":"ListItem","position":2,"name":"Terms Of Service"}]},{"@type":"WebSite","@id":"https:\/\/lynnhan.com\/km\/#website","url":"https:\/\/lynnhan.com\/km\/","name":"Lynnhan - T\u0259hl\u00fck\u0259siz T\u0259chizat\u00e7\u0131 | LED\/OLED\/LCD\/E-paper digital l\u00f6vh\u0259l\u0259r","description":"Lynnhan - T\u0259sdiql\u0259nmi\u015f T\u0259chizat\u00e7\u0131 |  LED\/OLED\/LCD\/E-paper digital l\u00f6vh\u0259l\u0259r","publisher":{"@id":"https:\/\/lynnhan.com\/km\/#organization"},"potentialAction":[{"@type":"SearchAction","target":{"@type":"EntryPoint","urlTemplate":"https:\/\/lynnhan.com\/km\/?s={search_term_string}"},"query-input":{"@type":"PropertyValueSpecification","valueRequired":true,"valueName":"search_term_string"}}],"inLanguage":"az"},{"@type":"Organization","@id":"https:\/\/lynnhan.com\/km\/#organization","name":"Lynnhan - T\u0259hl\u00fck\u0259siz T\u0259chizat\u00e7\u0131 | LED\/OLED\/LCD\/E-paper digital l\u00f6vh\u0259l\u0259r","url":"https:\/\/lynnhan.com\/km\/","logo":{"@type":"ImageObject","inLanguage":"az","@id":"https:\/\/lynnhan.com\/km\/#\/schema\/logo\/image\/","url":"https:\/\/pub-78925c7bf9ca4c6d820df8293a5c116c.r2.dev\/2024\/07\/LynnHan-logo3.png","contentUrl":"https:\/\/pub-78925c7bf9ca4c6d820df8293a5c116c.r2.dev\/2024\/07\/LynnHan-logo3.png","width":390,"height":130,"caption":"Lynnhan - Trusted Supplier | LED\/OLED\/LCD\/E-paper digital signages"},"image":{"@id":"https:\/\/lynnhan.com\/km\/#\/schema\/logo\/image\/"}}]}},"jetpack_sharing_enabled":true,"_links":{"self":[{"href":"https:\/\/lynnhan.com\/az\/wp-json\/wp\/v2\/pages\/603","targetHints":{"allow":["GET"]}}],"collection":[{"href":"https:\/\/lynnhan.com\/az\/wp-json\/wp\/v2\/pages"}],"about":[{"href":"https:\/\/lynnhan.com\/az\/wp-json\/wp\/v2\/types\/page"}],"author":[{"embeddable":true,"href":"https:\/\/lynnhan.com\/az\/wp-json\/wp\/v2\/users\/1"}],"replies":[{"embeddable":true,"href":"https:\/\/lynnhan.com\/az\/wp-json\/wp\/v2\/comments?post=603"}],"version-history":[{"count":0,"href":"https:\/\/lynnhan.com\/az\/wp-json\/wp\/v2\/pages\/603\/revisions"}],"wp:attachment":[{"href":"https:\/\/lynnhan.com\/az\/wp-json\/wp\/v2\/media?parent=603"}],"curies":[{"name":"wp","href":"https:\/\/api.w.org\/{rel}","templated":true}]}}