{"id":601,"date":"2024-02-28T03:19:26","date_gmt":"2024-02-28T03:19:26","guid":{"rendered":"https:\/\/lynnhan.com\/?page_id=601"},"modified":"2024-12-18T10:32:06","modified_gmt":"2024-12-18T10:32:06","slug":"code-of-conduct","status":"publish","type":"page","link":"https:\/\/lynnhan.com\/az\/code-of-conduct\/","title":{"rendered":"Davran\u0131\u015f Qaydas\u0131"},"content":{"rendered":"<div data-elementor-type=\"wp-page\" data-elementor-id=\"601\" class=\"elementor elementor-601\" data-elementor-post-type=\"page\">\n\t\t\t\t<div class=\"elementor-element elementor-element-1f21eb2 e-flex e-con-boxed e-con e-parent\" data-id=\"1f21eb2\" data-element_type=\"container\">\n\t\t\t\t\t<div class=\"e-con-inner\">\n\t\t\t\t<div class=\"elementor-element elementor-element-bfcddf0 elementor-widget elementor-widget-image\" data-id=\"bfcddf0\" data-element_type=\"widget\" data-widget_type=\"image.default\">\n\t\t\t\t<div class=\"elementor-widget-container\">\n\t\t\t\t\t\t\t\t\t\t\t\t\t\t\t<img fetchpriority=\"high\" decoding=\"async\" width=\"1536\" height=\"768\" src=\"https:\/\/pub-78925c7bf9ca4c6d820df8293a5c116c.r2.dev\/2024\/12\/Code-Of-Conduct.webp\" class=\"attachment-full size-full wp-image-3311\" alt=\"B\u00fct\u00fcn Birlikd\u0259 LED t\u0259chizat\u00e7\u0131s\u0131 Qaydalar Kitab\u0131\" srcset=\"https:\/\/pub-78925c7bf9ca4c6d820df8293a5c116c.r2.dev\/2024\/12\/Code-Of-Conduct.webp 1536w, https:\/\/pub-78925c7bf9ca4c6d820df8293a5c116c.r2.dev\/2024\/12\/Code-Of-Conduct-700x350.webp 700w, https:\/\/pub-78925c7bf9ca4c6d820df8293a5c116c.r2.dev\/2024\/12\/Code-Of-Conduct-1024x512.webp 1024w, https:\/\/pub-78925c7bf9ca4c6d820df8293a5c116c.r2.dev\/2024\/12\/Code-Of-Conduct-768x384.webp 768w, https:\/\/pub-78925c7bf9ca4c6d820df8293a5c116c.r2.dev\/2024\/12\/Code-Of-Conduct-18x9.webp 18w, https:\/\/pub-78925c7bf9ca4c6d820df8293a5c116c.r2.dev\/2024\/12\/Code-Of-Conduct-1140x570.webp 1140w, https:\/\/pub-78925c7bf9ca4c6d820df8293a5c116c.r2.dev\/2024\/12\/Code-Of-Conduct-920x460.webp 920w, https:\/\/pub-78925c7bf9ca4c6d820df8293a5c116c.r2.dev\/2024\/12\/Code-Of-Conduct-575x288.webp 575w, https:\/\/pub-78925c7bf9ca4c6d820df8293a5c116c.r2.dev\/2024\/12\/Code-Of-Conduct-380x190.webp 380w, https:\/\/pub-78925c7bf9ca4c6d820df8293a5c116c.r2.dev\/2024\/12\/Code-Of-Conduct-1320x660.webp 1320w, https:\/\/pub-78925c7bf9ca4c6d820df8293a5c116c.r2.dev\/2024\/12\/Code-Of-Conduct-800x400.webp 800w\" sizes=\"(max-width: 1536px) 100vw, 1536px\" \/>\t\t\t\t\t\t\t\t\t\t\t\t\t\t\t<\/div>\n\t\t\t\t<\/div>\n\t\t\t\t\t<\/div>\n\t\t\t\t<\/div>\n\t\t<div class=\"elementor-element elementor-element-7b6aef8e e-flex e-con-boxed e-con e-parent\" data-id=\"7b6aef8e\" data-element_type=\"container\">\n\t\t\t\t\t<div class=\"e-con-inner\">\n\t\t\t\t<div class=\"elementor-element elementor-element-620072c1 elementor-widget elementor-widget-text-editor\" data-id=\"620072c1\" data-element_type=\"widget\" data-widget_type=\"text-editor.default\">\n\t\t\t\t<div class=\"elementor-widget-container\">\n\t\t\t\t\t\t\t\t\t\n<p><strong>Training<\/strong><\/p>\n\n\n\n<p>: All employees will receive training on this Code of Conduct to ensure they understand and can effectively uphold these principles.<\/p>\n\n\n\n<p><strong>Enforcement<\/strong><\/p>\n\n\n\n<ul class=\"wp-block-list\">\n<li><strong>: Violations of this Code of Conduct will be taken seriously and may result in disciplinary action, including termination of employment or business relationships.<\/strong>Conclusion<\/li>\n\n\n\n<li><strong>This Code of Conduct is central to our mission at Lynnhan. By adhering to these principles, we uphold our reputation for integrity, contribute to a positive workplace culture, and build trust with our customers, partners, and the community. Together, we can ensure that Lynnhan continues to be a place where excellence, respect, and integrity flourish.<\/strong>All in One LED supplier Code of Conduct<\/li>\n<\/ul>\n\n\n\n<p><strong>Lynnhan smart display factory's commits to ethics and integrity. Our code of conduct ensures a respectful and inclusive culture for all.<\/strong><\/p>\n\n\n\n<ul class=\"wp-block-list\">\n<li><strong>1. \u00c7e\u015fidlilik v\u0259 Daxiliyy\u0259t<\/strong>2. : \u00c7e\u015fidliliyi qiymay\u0131r\u0131q v\u0259 ham\u0131ya \u00fcmidsizlikl\u0259 bir qeyri-m\u0259hdud i\u00e7m\u0259li bir m\u00fchit yaratma\u011fa ba\u011flay\u0131\u015fl\u0131y\u0131z ki, he\u00e7 kim d\u0259rvi\u015fl\u0259nm\u0259 v\u0259 l\u0259tif\u0259 il\u0259 yax\u015f\u0131la\u015fd\u0131r\u0131l\u0131r.<\/li>\n\n\n\n<li><strong>3. H\u0259r\u0259c\u0259t Edilm\u0259y\u0259n \u0130\u015f Yeri<\/strong>4. : Lynnhan h\u0259r hans\u0131 bir h\u0259r\u0259c\u0259t, ayr\u0131-se\u00e7ki v\u0259 ya dig\u0259r h\u0259r hans\u0131 bir istismar formas\u0131ndan azad i\u015f yeri saxlama\u011fa ba\u011flay\u0131\u015fl\u0131d\u0131r. B\u00fct\u00fcn i\u015f\u00e7il\u0259rd\u0259n m\u00fcsp\u0259t v\u0259 d\u0259rvi\u015fl\u0259nm\u0259li i\u015f m\u00fchiti yaratma\u011fa icaz\u0259 g\u00f6rm\u0259k g\u00f6zl\u0259nilir.<\/li>\n<\/ul>\n\n\n\n<p><strong>5. M\u0259suliyy\u0259t v\u0259 Sorumluluk<\/strong><\/p>\n\n\n\n<ul class=\"wp-block-list\">\n<li><strong>6. T\u0259nziml\u0259nm\u0259<\/strong>7. : Ham\u0131 i\u015f\u00e7il\u0259r v\u0259 ham\u0131 ortaklar bu davran\u0131\u015f Qaydas\u0131na, \u015firk\u0259t siyas\u0259tl\u0259rin\u0259 v\u0259 ham\u0131 m\u00fcvafiq qanun v\u0259 qaydalar\u011fa riay\u0259t etm\u0259lidirl\u0259r.<\/li>\n\n\n\n<li><strong>8. Qar\u015f\u0131durumlar\u0131n H\u0259b\u0259rdar Edilm\u0259si<\/strong>9. : Ham\u0131ya qeyri-a\u011faqoynaq davran\u0131\u015f v\u0259 bu davran\u0131\u015f Qaydas\u0131n\u0131n pozulmas\u0131n\u0131n h\u0259b\u0259rdar edilm\u0259sin\u0259 \u00e7a\u011f\u0131r\u0131r\u0131q. Lynnhan, h\u0259qiq\u0259t\u0259n ittiham edilmi\u015f qar\u015f\u0131durumlar\u0131n h\u0259b\u0259rdar ed\u0259nl\u0259rinin qisas verilm\u0259y\u0259c\u0259yini t\u0259min edir.<\/li>\n<\/ul>\n\n\n\n<p><strong>10. M\u0259xfiliyy\u0259t v\u0259 Gizlilik<\/strong><\/p>\n\n\n\n<ul class=\"wp-block-list\">\n<li><strong>11. M\u0259lumat\u0131n Qorunmas\u0131<\/strong>12. : M\u0259nims\u0259yirik ki, m\u00fc\u015ft\u0259ril\u0259rimiz, i\u015f\u00e7il\u0259rimiz v\u0259 ortaklar\u0131m\u0131z\u0131n m\u0259xfiliyy\u0259tini v\u0259 gizliliyini qorumaq m\u0259qs\u0259di il\u0259 m\u0259lumat \u0259n \u00e7ox diqq\u0259tl\u0259 v\u0259 t\u0259hl\u00fck\u0259sizlikl\u0259 idar\u0259 edilsin.<\/li>\n\n\n\n<li><strong>13. \u0130nc\u0259s\u0259n\u0259t M\u0259ntiqi<\/strong>14. : \u0130nc\u0259s\u0259n\u0259t m\u0259ntiqi haqlar\u0131n\u0131 t\u0259min etm\u0259y\u0259 y\u00fcks\u0259k qiym\u0259t veririk v\u0259 i\u015f\u00e7il\u0259rimiz v\u0259 ortaklar\u0131m\u0131z\u0131n da h\u0259min \u015f\u0259kild\u0259 davranmas\u0131n\u0131 g\u00f6zl\u0259yirik.<\/li>\n<\/ul>\n\n\n\n<p><strong>15. Maraql\u0131 Qar\u015f\u0131durum<\/strong><\/p>\n\n\n\n<ul class=\"wp-block-list\">\n<li><strong>16. Qar\u015f\u0131durumlar\u0131 N\u0259z\u0259rd\u0259n Ke\u00e7irm\u0259k<\/strong>17. : \u0130\u015f\u00e7il\u0259r v\u0259 ortaklar \u00f6z \u015f\u0259xsi, maliyy\u0259vi v\u0259 ya dig\u0259r maraqlar\u0131n\u0131 i\u015fl\u0259rini n\u0259fsan\u0259n m\u00fcst\u0259qil yerin\u0259 yetirm\u0259 qabiliyy\u0259tini v\u0259 ist\u0259yini z\u0259ifl\u0259d\u0259 bil\u0259c\u0259k h\u0259r hans\u0131 bir \u015feyd\u0259n qorunmal\u0131d\u0131rlar.<\/li>\n\n\n\n<li><strong>18. A\u00e7\u0131qlama<\/strong>19. : H\u0259r hans\u0131 bir potensial maraql\u0131 qar\u015f\u0131durumlar idar\u0259etm\u0259y\u0259 a\u00e7\u0131qlanmal\u0131d\u0131r ki, onlar\u0131n qiym\u0259tl\u0259ndirilm\u0259si v\u0259 r\u0259hb\u0259rlikl\u0259 q\u0131l\u0131nmas\u0131 t\u0259min edilsin.<\/li>\n<\/ul>\n\n\n\n<p><strong>20. M\u00fchit M\u0259suliyy\u0259ti<\/strong><\/p>\n\n\n\n<ul class=\"wp-block-list\">\n<li><strong>D\u00fcnya\u015f\u00fcnasl\u0131q<\/strong>21. : Lynnhan q\u0131sm\u0259tliyy\u0259t v\u0259 m\u00fchit idar\u0259\u00e7iliyin\u0259 ba\u011flay\u0131\u015fl\u0131d\u0131r. M\u0259nims\u0259yirik ki, m\u00fchiti t\u0259sirind\u0259n azad olunmaq v\u0259 bizim i\u015fl\u0259rimizin ham\u0131 sah\u0259sind\u0259 m\u0259suliyy\u0259tli t\u0259cr\u00fcb\u0259l\u0259rini t\u0259\u015fviq etm\u0259k m\u0259qs\u0259di il\u0259 \u00e7\u0259ki\u015fmirik.<\/li>\n<\/ul>\n\n\n\n<p><strong>22. C\u0259miyy\u0259t \u0130\u015ftirak\u0131<\/strong><\/p>\n\n\n\n<ul class=\"wp-block-list\">\n<li><strong>23. Qay\u011f\u0131 g\u00f6st\u0259rm\u0259k<\/strong>24. : \u0130\u015fl\u0259diyimiz c\u0259miyy\u0259tl\u0259r\u0259 qay\u011f\u0131<\/li>\n<\/ul>\n\n\n\n<p><strong>Implementation and Enforcement<\/strong><\/p>\n\n\n\n<ul class=\"wp-block-list\">\n<li><strong>Training<\/strong>: All employees will receive training on this Code of Conduct to ensure they understand and can effectively uphold these principles.<\/li>\n\n\n\n<li><strong>Enforcement<\/strong>: Violations of this Code of Conduct will be taken seriously and may result in disciplinary action, including termination of employment or business relationships.<\/li>\n<\/ul>\n\n\n\n<p><strong>Ba\u015flan\u011f\u0131c<\/strong><\/p>\n\n\n\n<p>This Code of Conduct is central to our mission at Lynnhan. By adhering to these principles, we uphold our reputation for integrity, contribute to a positive workplace culture, and build trust with our customers, partners, and the community. Together, we can ensure that Lynnhan continues to be a place where excellence, respect, and integrity flourish.<\/p>\n\t\t\t\t\t\t\t\t<\/div>\n\t\t\t\t<\/div>\n\t\t\t\t\t<\/div>\n\t\t\t\t<\/div>\n\t\t\t\t<\/div>","protected":false},"excerpt":{"rendered":"<p>Introduction At Lynnhan, we are committed to conducting our business according to the highest standards of integrity and professionalism. This Code of Conduct serves as a guide for our employees, [\u2026]<\/p>","protected":false},"author":1,"featured_media":0,"parent":0,"menu_order":0,"comment_status":"closed","ping_status":"closed","template":"","meta":{"footnotes":""},"class_list":["post-601","page","type-page","status-publish","hentry"],"yoast_head":"<!-- This site is optimized with the Yoast SEO plugin v26.6 - https:\/\/yoast.com\/wordpress\/plugins\/seo\/ -->\n<title>Code of Conduct-Lynnhan smart display factory<\/title>\n<meta name=\"description\" content=\"Lynnhan smart display factory&#039;s commits to ethics and integrity. Our code of conduct ensures a respectful and inclusive culture for all.\" \/>\n<meta name=\"robots\" content=\"index, follow, max-snippet:-1, max-image-preview:large, max-video-preview:-1\" \/>\n<link rel=\"canonical\" href=\"https:\/\/lynnhan.com\/az\/code-of-conduct\/\" \/>\n<meta property=\"og:locale\" content=\"az_AZ\" \/>\n<meta property=\"og:type\" content=\"article\" \/>\n<meta property=\"og:title\" content=\"Code of Conduct-Lynnhan smart display factory\" \/>\n<meta property=\"og:description\" content=\"Lynnhan smart display factory&#039;s commits to ethics and integrity. Our code of conduct ensures a respectful and inclusive culture for all.\" \/>\n<meta property=\"og:url\" content=\"https:\/\/lynnhan.com\/az\/code-of-conduct\/\" \/>\n<meta property=\"og:site_name\" content=\"Lynnhan - Trusted Supplier | LED\/OLED\/LCD\/E-paper digital signages\" \/>\n<meta property=\"article:modified_time\" content=\"2024-12-18T10:32:06+00:00\" \/>\n<meta property=\"og:image\" content=\"https:\/\/pub-78925c7bf9ca4c6d820df8293a5c116c.r2.dev\/2024\/12\/Code-Of-Conduct.webp\" \/>\n<meta name=\"twitter:card\" content=\"summary_large_image\" \/>\n<meta name=\"twitter:label1\" content=\"Est. reading time\" \/>\n\t<meta name=\"twitter:data1\" content=\"3 minutes\" \/>\n<script type=\"application\/ld+json\" class=\"yoast-schema-graph\">{\"@context\":\"https:\/\/schema.org\",\"@graph\":[{\"@type\":\"WebPage\",\"@id\":\"https:\/\/lynnhan.com\/ja\/%e8%a1%8c%e5%8b%95%e8%a6%8f%e7%af%84\/\",\"url\":\"https:\/\/lynnhan.com\/ja\/%e8%a1%8c%e5%8b%95%e8%a6%8f%e7%af%84\/\",\"name\":\"Code of Conduct-Lynnhan smart display factory\",\"isPartOf\":{\"@id\":\"https:\/\/lynnhan.com\/km\/#website\"},\"primaryImageOfPage\":{\"@id\":\"https:\/\/lynnhan.com\/ja\/%e8%a1%8c%e5%8b%95%e8%a6%8f%e7%af%84\/#primaryimage\"},\"image\":{\"@id\":\"https:\/\/lynnhan.com\/ja\/%e8%a1%8c%e5%8b%95%e8%a6%8f%e7%af%84\/#primaryimage\"},\"thumbnailUrl\":\"https:\/\/pub-78925c7bf9ca4c6d820df8293a5c116c.r2.dev\/2024\/12\/Code-Of-Conduct.webp\",\"datePublished\":\"2024-02-28T03:19:26+00:00\",\"dateModified\":\"2024-12-18T10:32:06+00:00\",\"description\":\"Lynnhan smart display factory's commits to ethics and integrity. Our code of conduct ensures a respectful and inclusive culture for all.\",\"breadcrumb\":{\"@id\":\"https:\/\/lynnhan.com\/ja\/%e8%a1%8c%e5%8b%95%e8%a6%8f%e7%af%84\/#breadcrumb\"},\"inLanguage\":\"az\",\"potentialAction\":[{\"@type\":\"ReadAction\",\"target\":[\"https:\/\/lynnhan.com\/ja\/%e8%a1%8c%e5%8b%95%e8%a6%8f%e7%af%84\/\"]}]},{\"@type\":\"ImageObject\",\"inLanguage\":\"az\",\"@id\":\"https:\/\/lynnhan.com\/ja\/%e8%a1%8c%e5%8b%95%e8%a6%8f%e7%af%84\/#primaryimage\",\"url\":\"https:\/\/pub-78925c7bf9ca4c6d820df8293a5c116c.r2.dev\/2024\/12\/Code-Of-Conduct.webp\",\"contentUrl\":\"https:\/\/pub-78925c7bf9ca4c6d820df8293a5c116c.r2.dev\/2024\/12\/Code-Of-Conduct.webp\"},{\"@type\":\"BreadcrumbList\",\"@id\":\"https:\/\/lynnhan.com\/ja\/%e8%a1%8c%e5%8b%95%e8%a6%8f%e7%af%84\/#breadcrumb\",\"itemListElement\":[{\"@type\":\"ListItem\",\"position\":1,\"name\":\"Home\",\"item\":\"https:\/\/lynnhan.com\/\"},{\"@type\":\"ListItem\",\"position\":2,\"name\":\"Code Of Conduct\"}]},{\"@type\":\"WebSite\",\"@id\":\"https:\/\/lynnhan.com\/km\/#website\",\"url\":\"https:\/\/lynnhan.com\/km\/\",\"name\":\"Lynnhan - Trusted Supplier | LED\/OLED\/LCD\/E-paper digital signages\",\"description\":\"Lynnhan - Trusted Supplier |  LED\/OLED\/LCD\/E-paper digital signages\",\"publisher\":{\"@id\":\"https:\/\/lynnhan.com\/km\/#organization\"},\"potentialAction\":[{\"@type\":\"SearchAction\",\"target\":{\"@type\":\"EntryPoint\",\"urlTemplate\":\"https:\/\/lynnhan.com\/km\/?s={search_term_string}\"},\"query-input\":{\"@type\":\"PropertyValueSpecification\",\"valueRequired\":true,\"valueName\":\"search_term_string\"}}],\"inLanguage\":\"az\"},{\"@type\":\"Organization\",\"@id\":\"https:\/\/lynnhan.com\/km\/#organization\",\"name\":\"Lynnhan - Trusted Supplier | LED\/OLED\/LCD\/E-paper digital signages\",\"url\":\"https:\/\/lynnhan.com\/km\/\",\"logo\":{\"@type\":\"ImageObject\",\"inLanguage\":\"az\",\"@id\":\"https:\/\/lynnhan.com\/km\/#\/schema\/logo\/image\/\",\"url\":\"https:\/\/pub-78925c7bf9ca4c6d820df8293a5c116c.r2.dev\/2024\/07\/LynnHan-logo3.png\",\"contentUrl\":\"https:\/\/pub-78925c7bf9ca4c6d820df8293a5c116c.r2.dev\/2024\/07\/LynnHan-logo3.png\",\"width\":390,\"height\":130,\"caption\":\"Lynnhan - Trusted Supplier | LED\/OLED\/LCD\/E-paper digital signages\"},\"image\":{\"@id\":\"https:\/\/lynnhan.com\/km\/#\/schema\/logo\/image\/\"}}]}<\/script>\n<!-- \/ Yoast SEO plugin. -->","yoast_head_json":{"title":"Code of Conduct-Lynnhan smart display factory","description":"Lynnhan smart display factory-nin etik v\u0259 b\u0259rab\u0259rliy\u0259 olan ba\u011flay\u0131\u015fat\u0131. Qaydalar\u0131m\u0131z m\u0259tni h\u0259r k\u0259sin r\u0259\u011fb\u0259tli v\u0259 t\u0259minatl\u0131 m\u0259d\u0259niyy\u0259tini t\u0259min edir.","robots":{"index":"index","follow":"follow","max-snippet":"max-snippet:-1","max-image-preview":"max-image-preview:large","max-video-preview":"max-video-preview:-1"},"canonical":"https:\/\/lynnhan.com\/az\/code-of-conduct\/","og_locale":"az_AZ","og_type":"article","og_title":"Code of Conduct-Lynnhan smart display factory","og_description":"Lynnhan smart display factory's commits to ethics and integrity. Our code of conduct ensures a respectful and inclusive culture for all.","og_url":"https:\/\/lynnhan.com\/az\/code-of-conduct\/","og_site_name":"Lynnhan - Trusted Supplier | LED\/OLED\/LCD\/E-paper digital signages","article_modified_time":"2024-12-18T10:32:06+00:00","og_image":[{"url":"https:\/\/pub-78925c7bf9ca4c6d820df8293a5c116c.r2.dev\/2024\/12\/Code-Of-Conduct.webp","type":"","width":"","height":""}],"twitter_card":"summary_large_image","twitter_misc":{"Est. reading time":"3 minutes"},"schema":{"@context":"https:\/\/schema.org","@graph":[{"@type":"WebPage","@id":"https:\/\/lynnhan.com\/ja\/%e8%a1%8c%e5%8b%95%e8%a6%8f%e7%af%84\/","url":"https:\/\/lynnhan.com\/ja\/%e8%a1%8c%e5%8b%95%e8%a6%8f%e7%af%84\/","name":"Code of Conduct-Lynnhan smart display factory","isPartOf":{"@id":"https:\/\/lynnhan.com\/km\/#website"},"primaryImageOfPage":{"@id":"https:\/\/lynnhan.com\/ja\/%e8%a1%8c%e5%8b%95%e8%a6%8f%e7%af%84\/#primaryimage"},"image":{"@id":"https:\/\/lynnhan.com\/ja\/%e8%a1%8c%e5%8b%95%e8%a6%8f%e7%af%84\/#primaryimage"},"thumbnailUrl":"https:\/\/pub-78925c7bf9ca4c6d820df8293a5c116c.r2.dev\/2024\/12\/Code-Of-Conduct.webp","datePublished":"2024-02-28T03:19:26+00:00","dateModified":"2024-12-18T10:32:06+00:00","description":"Lynnhan smart display factory-nin etik v\u0259 b\u0259rab\u0259rliy\u0259 olan ba\u011flay\u0131\u015fat\u0131. Qaydalar\u0131m\u0131z m\u0259tni h\u0259r k\u0259sin r\u0259\u011fb\u0259tli v\u0259 t\u0259minatl\u0131 m\u0259d\u0259niyy\u0259tini t\u0259min edir.","breadcrumb":{"@id":"https:\/\/lynnhan.com\/ja\/%e8%a1%8c%e5%8b%95%e8%a6%8f%e7%af%84\/#breadcrumb"},"inLanguage":"az","potentialAction":[{"@type":"ReadAction","target":["https:\/\/lynnhan.com\/ja\/%e8%a1%8c%e5%8b%95%e8%a6%8f%e7%af%84\/"]}]},{"@type":"ImageObject","inLanguage":"az","@id":"https:\/\/lynnhan.com\/ja\/%e8%a1%8c%e5%8b%95%e8%a6%8f%e7%af%84\/#primaryimage","url":"https:\/\/pub-78925c7bf9ca4c6d820df8293a5c116c.r2.dev\/2024\/12\/Code-Of-Conduct.webp","contentUrl":"https:\/\/pub-78925c7bf9ca4c6d820df8293a5c116c.r2.dev\/2024\/12\/Code-Of-Conduct.webp"},{"@type":"BreadcrumbList","@id":"https:\/\/lynnhan.com\/ja\/%e8%a1%8c%e5%8b%95%e8%a6%8f%e7%af%84\/#breadcrumb","itemListElement":[{"@type":"ListItem","position":1,"name":"Home","item":"https:\/\/lynnhan.com\/"},{"@type":"ListItem","position":2,"name":"Code Of Conduct"}]},{"@type":"WebSite","@id":"https:\/\/lynnhan.com\/km\/#website","url":"https:\/\/lynnhan.com\/km\/","name":"Lynnhan - T\u0259hl\u00fck\u0259siz T\u0259chizat\u00e7\u0131 | LED\/OLED\/LCD\/E-paper digital l\u00f6vh\u0259l\u0259r","description":"Lynnhan - T\u0259sdiql\u0259nmi\u015f T\u0259chizat\u00e7\u0131 |  LED\/OLED\/LCD\/E-paper digital l\u00f6vh\u0259l\u0259r","publisher":{"@id":"https:\/\/lynnhan.com\/km\/#organization"},"potentialAction":[{"@type":"SearchAction","target":{"@type":"EntryPoint","urlTemplate":"https:\/\/lynnhan.com\/km\/?s={search_term_string}"},"query-input":{"@type":"PropertyValueSpecification","valueRequired":true,"valueName":"search_term_string"}}],"inLanguage":"az"},{"@type":"Organization","@id":"https:\/\/lynnhan.com\/km\/#organization","name":"Lynnhan - T\u0259hl\u00fck\u0259siz T\u0259chizat\u00e7\u0131 | LED\/OLED\/LCD\/E-paper digital l\u00f6vh\u0259l\u0259r","url":"https:\/\/lynnhan.com\/km\/","logo":{"@type":"ImageObject","inLanguage":"az","@id":"https:\/\/lynnhan.com\/km\/#\/schema\/logo\/image\/","url":"https:\/\/pub-78925c7bf9ca4c6d820df8293a5c116c.r2.dev\/2024\/07\/LynnHan-logo3.png","contentUrl":"https:\/\/pub-78925c7bf9ca4c6d820df8293a5c116c.r2.dev\/2024\/07\/LynnHan-logo3.png","width":390,"height":130,"caption":"Lynnhan - Trusted Supplier | LED\/OLED\/LCD\/E-paper digital signages"},"image":{"@id":"https:\/\/lynnhan.com\/km\/#\/schema\/logo\/image\/"}}]}},"jetpack_sharing_enabled":true,"_links":{"self":[{"href":"https:\/\/lynnhan.com\/az\/wp-json\/wp\/v2\/pages\/601","targetHints":{"allow":["GET"]}}],"collection":[{"href":"https:\/\/lynnhan.com\/az\/wp-json\/wp\/v2\/pages"}],"about":[{"href":"https:\/\/lynnhan.com\/az\/wp-json\/wp\/v2\/types\/page"}],"author":[{"embeddable":true,"href":"https:\/\/lynnhan.com\/az\/wp-json\/wp\/v2\/users\/1"}],"replies":[{"embeddable":true,"href":"https:\/\/lynnhan.com\/az\/wp-json\/wp\/v2\/comments?post=601"}],"version-history":[{"count":0,"href":"https:\/\/lynnhan.com\/az\/wp-json\/wp\/v2\/pages\/601\/revisions"}],"wp:attachment":[{"href":"https:\/\/lynnhan.com\/az\/wp-json\/wp\/v2\/media?parent=601"}],"curies":[{"name":"wp","href":"https:\/\/api.w.org\/{rel}","templated":true}]}}