{"id":540,"date":"2024-02-27T08:44:39","date_gmt":"2024-02-27T08:44:39","guid":{"rendered":"https:\/\/lynnhan.com\/?page_id=540"},"modified":"2024-12-18T09:42:17","modified_gmt":"2024-12-18T09:42:17","slug":"yukl%c9%99nm%c9%99","status":"publish","type":"page","link":"https:\/\/lynnhan.com\/az\/yukl%c9%99nm%c9%99\/","title":{"rendered":"Y\u00fckl\u0259m\u0259"},"content":{"rendered":"<div data-elementor-type=\"wp-page\" data-elementor-id=\"540\" class=\"elementor elementor-540\" data-elementor-post-type=\"page\">\n\t\t\t\t<div class=\"elementor-element elementor-element-26335f7 e-flex e-con-boxed e-con e-parent\" data-id=\"26335f7\" data-element_type=\"container\">\n\t\t\t\t\t<div class=\"e-con-inner\">\n\t\t\t\t<div class=\"elementor-element elementor-element-68c9c7e elementor-widget elementor-widget-image\" data-id=\"68c9c7e\" data-element_type=\"widget\" data-widget_type=\"image.default\">\n\t\t\t\t<div class=\"elementor-widget-container\">\n\t\t\t\t\t\t\t\t\t\t\t\t\t\t\t<img fetchpriority=\"high\" decoding=\"async\" width=\"1165\" height=\"653\" src=\"https:\/\/pub-78925c7bf9ca4c6d820df8293a5c116c.r2.dev\/2024\/12\/shipment.webp\" class=\"attachment-full size-full wp-image-3297\" alt=\"All in one LED shipment\" srcset=\"https:\/\/pub-78925c7bf9ca4c6d820df8293a5c116c.r2.dev\/2024\/12\/shipment.webp 1165w, https:\/\/pub-78925c7bf9ca4c6d820df8293a5c116c.r2.dev\/2024\/12\/shipment-700x392.webp 700w, https:\/\/pub-78925c7bf9ca4c6d820df8293a5c116c.r2.dev\/2024\/12\/shipment-1024x574.webp 1024w, https:\/\/pub-78925c7bf9ca4c6d820df8293a5c116c.r2.dev\/2024\/12\/shipment-768x430.webp 768w, https:\/\/pub-78925c7bf9ca4c6d820df8293a5c116c.r2.dev\/2024\/12\/shipment-18x10.webp 18w, https:\/\/pub-78925c7bf9ca4c6d820df8293a5c116c.r2.dev\/2024\/12\/shipment-1140x639.webp 1140w, https:\/\/pub-78925c7bf9ca4c6d820df8293a5c116c.r2.dev\/2024\/12\/shipment-920x516.webp 920w, https:\/\/pub-78925c7bf9ca4c6d820df8293a5c116c.r2.dev\/2024\/12\/shipment-575x322.webp 575w, https:\/\/pub-78925c7bf9ca4c6d820df8293a5c116c.r2.dev\/2024\/12\/shipment-380x213.webp 380w, https:\/\/pub-78925c7bf9ca4c6d820df8293a5c116c.r2.dev\/2024\/12\/shipment-800x448.webp 800w\" sizes=\"(max-width: 1165px) 100vw, 1165px\" \/>\t\t\t\t\t\t\t\t\t\t\t\t\t\t\t<\/div>\n\t\t\t\t<\/div>\n\t\t\t\t\t<\/div>\n\t\t\t\t<\/div>\n\t\t<div class=\"elementor-element elementor-element-8f6152b e-flex e-con-boxed e-con e-parent\" data-id=\"8f6152b\" data-element_type=\"container\">\n\t\t\t\t\t<div class=\"e-con-inner\">\n\t\t\t\t<div class=\"elementor-element elementor-element-2a13164 elementor-widget elementor-widget-text-editor\" data-id=\"2a13164\" data-element_type=\"widget\" data-widget_type=\"text-editor.default\">\n\t\t\t\t<div class=\"elementor-widget-container\">\n\t\t\t\t\t\t\t\t\t<h3>1. Y\u00fckl\u0259m\u0259 \u00c7\u00f6zm\u0259l\u0259ri at Lynnhan: Y\u00fcksek Verimli v\u0259 G\u00fcv\u0259nli Y\u00fckl\u0259m\u0259<\/h3><p><strong>2. \u0130\u015f \u0130\u00e7in T\u0259yin edilmi\u015f Y\u00fckl\u0259m\u0259<\/strong><\/p><p>3. Lynnhan-da biz, inam\u0259tli v\u0259 effektiv y\u00fckl\u0259m\u0259nin i\u015f operasiyalar\u0131n\u0131z \u00fc\u00e7\u00fcn \u0259h\u0259miyy\u0259tli oldu\u011funu bilirik. Tam v\u0259ziyy\u0259tli y\u00fckl\u0259m\u0259 \u00e7\u00f6zm\u0259l\u0259rimiz, bizim B2B m\u00fc\u015ft\u0259ril\u0259rimizin \u00e7oxlu t\u0259l\u0259batlar\u0131n\u0131 \u00f6d\u0259m\u0259k \u00fc\u00e7\u00fcn t\u0259\u0445ir edilmi\u015fdir, s\u0259n\u0259dl\u0259rinizin vaxt\u0131nda v\u0259 m\u00fck\u0259mm\u0259l \u015f\u0259kild\u0259 \u00e7atd\u0131r\u0131lmas\u0131 t\u0259min olunur.<\/p><p><strong>4. D\u00fcnya \u00c7ap\u0131, Yerli T\u0259qdimat<\/strong><\/p><p>5. Geni\u015f y\u00fckl\u0259m\u0259 ortaklar\u0131m\u0131z\u0131n \u015f\u0259b\u0259k\u0259si, s\u0259n\u0259dl\u0259rinizi d\u00fcnyan\u0131n h\u0259r yerin\u0259 \u00e7atd\u0131rmaq \u00fc\u00e7\u00fcn imkan verir. Siz yerli bir i\u015f yeri olas\u0131n\u0131z v\u0259 ya d\u00fcnya s\u0259viyy\u0259li bir \u015firk\u0259t olas\u0131n\u0131z, Lynnhan t\u0259yin edilmi\u015f y\u00fckl\u0259m\u0259 se\u00e7iml\u0259ri t\u0259klif edir, s\u0259n\u0259dinizin t\u0259hl\u00fck\u0259siz v\u0259 effektiv olaraq m\u0259qs\u0259d yeriy\u0259 \u00e7atd\u0131r\u0131lmas\u0131n\u0131 t\u0259min edir. Qrupumuz t\u0259hlik\u0259siz \u00e7atd\u0131rma t\u0259cr\u00fcb\u0259si t\u0259min etm\u0259k \u00fc\u00e7\u00fcn m\u0259\u015fhur da\u015f\u0131nma \u015firk\u0259tl\u0259ri il\u0259 yax\u0131n \u0259m\u0259kda\u015fl\u0131q edir, qap\u0131dan qap\u0131ya \u00e7atd\u0131rmaq \u00fc\u00e7\u00fcn.<\/p><p><strong>6. F\u0259rdi Y\u00fckl\u0259m\u0259 Se\u00e7iml\u0259ri<\/strong><\/p><ul><li><strong>7. Standart Y\u00fckl\u0259m\u0259:<\/strong> 8. \u00c7ox vaxt acil olmayan s\u0259n\u0259dl\u0259r \u00fc\u00e7\u00fcn \u0259n yax\u015f\u0131 se\u00e7im olan standart y\u00fckl\u0259m\u0259, h\u0259y\u0259tli v\u0259 t\u0259hl\u00fck\u0259siz da\u015f\u0131nma vaxtlar\u0131n\u0131 t\u0259klif edir.<\/li><li><strong>9. C\u0259ld Y\u00fckl\u0259m\u0259:<\/strong> 10. Vaxt \u0259h\u0259miyy\u0259tli oldu\u011funda, c\u0259ld y\u00fckl\u0259m\u0259 se\u00e7imimiz\u0259 q\u0259rar verin, daha tez \u00e7atd\u0131rma. Y\u00fckl\u0259nizi t\u0259hl\u00fck\u0259siz etm\u0259k \u00fc\u00e7\u00fcn y\u00fckl\u0259nizi prioritetl\u0259\u015fdiririk.<\/li><li><strong>11. Y\u00fck Da\u015f\u0131nmas\u0131:<\/strong> 12. B\u00f6y\u00fck s\u0259n\u0259dl\u0259r v\u0259 ya x\u00fcsusi t\u0259l\u0259batlar \u00fc\u00e7\u00fcn, y\u00fckl\u0259m\u0259 xidm\u0259tl\u0259rimiz x\u00fcsusi \u00e7\u00f6zm\u0259l\u0259r t\u0259klif edir, daxili, hava v\u0259 yer y\u00fckl\u0259m\u0259 se\u00e7iml\u0259ri daxildir.<\/li><\/ul><p><strong>13. Real-Time Yadda\u015f v\u0259 D\u0259st\u0259k<\/strong><\/p><p>14. Y\u00fckl\u0259nm\u0259d\u0259n \u00e7atd\u0131rma\u011fa q\u0259d\u0259r m\u0259lumatl\u0131 qalmaqla bizim real-time yadda\u015f xidm\u0259timizd\u0259n istifad\u0259 edin. Y\u00fckl\u0259nm\u0259 zaman\u0131, s\u0259n\u0259dinizin h\u0259r\u0259k\u0259tini izl\u0259m\u0259k \u00fc\u00e7\u00fcn bir izl\u0259m\u0259 n\u00f6mr\u0259si alacaqs\u0131n\u0131z. Xidm\u0259t qrupumuz h\u0259r zaman m\u0259lumat ver\u0259r\u0259k v\u0259 y\u00fckl\u0259m\u0259 m\u0259s\u0259l\u0259l\u0259rin\u0259 k\u00f6m\u0259k ed\u0259r\u0259k d\u0259st\u0259k t\u0259klif edir.<\/p><p><strong>15. Q\u0259zas\u0131 T\u0259mizl\u0259m\u0259 v\u0259 \u0130nzibat<\/strong><\/p><p>16. Lynnhan-in beyn\u0259lxalq y\u00fckl\u0259m\u0259d\u0259ki m\u0259lumat\u0131, q\u0259zas\u0131 t\u0259mizl\u0259m\u0259 prosesini s\u00fcr\u0259tl\u0259ndirm\u0259y\u0259 imkan verir. G\u0259r\u00e7\u0259k s\u0259n\u0259dl\u0259r v\u0259 t\u0259nziml\u0259m\u0259 t\u0259l\u0259batlar\u0131n\u0131 h\u0259ll edirik, gecikm\u0259l\u0259ri azalt\u0131r v\u0259 y\u00fckl\u0259<\/p><p><strong>Eco-Friendly Packaging and Shipping<\/strong><\/p><p>We\u2019re committed to sustainability. Lynnhan uses eco-friendly packaging materials and optimizes shipping routes to reduce our environmental impact. Our green shipping options are part of our dedication to protecting the planet while serving your business needs.<\/p><p><strong>Shipping Rates and Policies<\/strong><\/p><p>Our competitive shipping rates are calculated based on order size, weight, and destination. For detailed information on shipping costs and policies, please visit our website or contact our customer service team. We strive to offer transparent pricing with no hidden fees.<\/p><p><strong>How to Arrange Shipping<\/strong><\/p><p>Placing an order with Lynnhan is easy. During the checkout process, you\u2019ll be prompted to select your preferred shipping method. Our team will then prepare your order for shipment, ensuring it\u2019s packed securely and dispatched promptly. For special shipping requests or bulk orders, please contact our sales team directly.<\/p><p>At Lynnhan, we\u2019re dedicated to providing you with efficient, reliable, and tailored shipping solutions. Our goal is to support your business by ensuring your products are delivered on time and in perfect condition, no matter where in the world you\u2019re located.<\/p>\t\t\t\t\t\t\t\t<\/div>\n\t\t\t\t<\/div>\n\t\t\t\t\t<\/div>\n\t\t\t\t<\/div>\n\t\t\t\t<\/div>","protected":false},"excerpt":{"rendered":"<p>Shipping Solutions at Lynnhan: Efficient and Reliable Delivery Tailored Shipping for Your Business At Lynnhan, we understand that reliable and efficient shipping is crucial for your business operations. Our comprehensive [\u2026]<\/p>","protected":false},"author":1,"featured_media":0,"parent":0,"menu_order":0,"comment_status":"closed","ping_status":"closed","template":"","meta":{"footnotes":""},"class_list":["post-540","page","type-page","status-publish","hentry"],"yoast_head":"<!-- This site is optimized with the Yoast SEO plugin v26.6 - https:\/\/yoast.com\/wordpress\/plugins\/seo\/ -->\n<title>LynnHan Standbyme TV supplier Shipping<\/title>\n<meta name=\"description\" content=\"Hassle-free shipping starts at LynnHan Standbyme TV supplier. Our comprehensive guide ensures your packages arrive safely and on time.\" \/>\n<meta name=\"robots\" content=\"index, follow, max-snippet:-1, max-image-preview:large, max-video-preview:-1\" \/>\n<link rel=\"canonical\" href=\"https:\/\/lynnhan.com\/az\/yukl\u0259nm\u0259\/\" \/>\n<meta property=\"og:locale\" content=\"az_AZ\" \/>\n<meta property=\"og:type\" content=\"article\" \/>\n<meta property=\"og:title\" content=\"LynnHan Standbyme TV supplier Shipping\" \/>\n<meta property=\"og:description\" content=\"Hassle-free shipping starts at LynnHan Standbyme TV supplier. Our comprehensive guide ensures your packages arrive safely and on time.\" \/>\n<meta property=\"og:url\" content=\"https:\/\/lynnhan.com\/az\/yukl\u0259nm\u0259\/\" \/>\n<meta property=\"og:site_name\" content=\"Lynnhan - Trusted Supplier | LED\/OLED\/LCD\/E-paper digital signages\" \/>\n<meta property=\"article:modified_time\" content=\"2024-12-18T09:42:17+00:00\" \/>\n<meta property=\"og:image\" content=\"https:\/\/pub-78925c7bf9ca4c6d820df8293a5c116c.r2.dev\/2024\/12\/shipment.webp\" \/>\n<meta name=\"twitter:card\" content=\"summary_large_image\" \/>\n<meta name=\"twitter:label1\" content=\"Est. reading time\" \/>\n\t<meta name=\"twitter:data1\" content=\"3 minutes\" \/>\n<script type=\"application\/ld+json\" class=\"yoast-schema-graph\">{\"@context\":\"https:\/\/schema.org\",\"@graph\":[{\"@type\":\"WebPage\",\"@id\":\"https:\/\/lynnhan.com\/be\/shipping\/\",\"url\":\"https:\/\/lynnhan.com\/be\/shipping\/\",\"name\":\"LynnHan Standbyme TV supplier Shipping\",\"isPartOf\":{\"@id\":\"https:\/\/lynnhan.com\/km\/#website\"},\"primaryImageOfPage\":{\"@id\":\"https:\/\/lynnhan.com\/be\/shipping\/#primaryimage\"},\"image\":{\"@id\":\"https:\/\/lynnhan.com\/be\/shipping\/#primaryimage\"},\"thumbnailUrl\":\"https:\/\/pub-78925c7bf9ca4c6d820df8293a5c116c.r2.dev\/2024\/12\/shipment.webp\",\"datePublished\":\"2024-02-27T08:44:39+00:00\",\"dateModified\":\"2024-12-18T09:42:17+00:00\",\"description\":\"Hassle-free shipping starts at LynnHan Standbyme TV supplier. Our comprehensive guide ensures your packages arrive safely and on time.\",\"breadcrumb\":{\"@id\":\"https:\/\/lynnhan.com\/be\/shipping\/#breadcrumb\"},\"inLanguage\":\"az\",\"potentialAction\":[{\"@type\":\"ReadAction\",\"target\":[\"https:\/\/lynnhan.com\/be\/shipping\/\"]}]},{\"@type\":\"ImageObject\",\"inLanguage\":\"az\",\"@id\":\"https:\/\/lynnhan.com\/be\/shipping\/#primaryimage\",\"url\":\"https:\/\/pub-78925c7bf9ca4c6d820df8293a5c116c.r2.dev\/2024\/12\/shipment.webp\",\"contentUrl\":\"https:\/\/pub-78925c7bf9ca4c6d820df8293a5c116c.r2.dev\/2024\/12\/shipment.webp\"},{\"@type\":\"BreadcrumbList\",\"@id\":\"https:\/\/lynnhan.com\/be\/shipping\/#breadcrumb\",\"itemListElement\":[{\"@type\":\"ListItem\",\"position\":1,\"name\":\"Home\",\"item\":\"https:\/\/lynnhan.com\/\"},{\"@type\":\"ListItem\",\"position\":2,\"name\":\"Shipping\"}]},{\"@type\":\"WebSite\",\"@id\":\"https:\/\/lynnhan.com\/km\/#website\",\"url\":\"https:\/\/lynnhan.com\/km\/\",\"name\":\"Lynnhan - Trusted Supplier | LED\/OLED\/LCD\/E-paper digital signages\",\"description\":\"Lynnhan - Trusted Supplier |  LED\/OLED\/LCD\/E-paper digital signages\",\"publisher\":{\"@id\":\"https:\/\/lynnhan.com\/km\/#organization\"},\"potentialAction\":[{\"@type\":\"SearchAction\",\"target\":{\"@type\":\"EntryPoint\",\"urlTemplate\":\"https:\/\/lynnhan.com\/km\/?s={search_term_string}\"},\"query-input\":{\"@type\":\"PropertyValueSpecification\",\"valueRequired\":true,\"valueName\":\"search_term_string\"}}],\"inLanguage\":\"az\"},{\"@type\":\"Organization\",\"@id\":\"https:\/\/lynnhan.com\/km\/#organization\",\"name\":\"Lynnhan - Trusted Supplier | LED\/OLED\/LCD\/E-paper digital signages\",\"url\":\"https:\/\/lynnhan.com\/km\/\",\"logo\":{\"@type\":\"ImageObject\",\"inLanguage\":\"az\",\"@id\":\"https:\/\/lynnhan.com\/km\/#\/schema\/logo\/image\/\",\"url\":\"https:\/\/pub-78925c7bf9ca4c6d820df8293a5c116c.r2.dev\/2024\/07\/LynnHan-logo3.png\",\"contentUrl\":\"https:\/\/pub-78925c7bf9ca4c6d820df8293a5c116c.r2.dev\/2024\/07\/LynnHan-logo3.png\",\"width\":390,\"height\":130,\"caption\":\"Lynnhan - Trusted Supplier | LED\/OLED\/LCD\/E-paper digital signages\"},\"image\":{\"@id\":\"https:\/\/lynnhan.com\/km\/#\/schema\/logo\/image\/\"}}]}<\/script>\n<!-- \/ Yoast SEO plugin. -->","yoast_head_json":{"title":"LynnHan Standbyme TV t\u0259chizat\u00e7\u0131s\u0131 Y\u00fckl\u0259nm\u0259","description":"Hassle-free shipping starts at LynnHan Standbyme TV supplier.","robots":{"index":"index","follow":"follow","max-snippet":"max-snippet:-1","max-image-preview":"max-image-preview:large","max-video-preview":"max-video-preview:-1"},"canonical":"https:\/\/lynnhan.com\/az\/yukl\u0259nm\u0259\/","og_locale":"az_AZ","og_type":"article","og_title":"LynnHan Standbyme TV supplier Shipping","og_description":"Hassle-free shipping starts at LynnHan Standbyme TV supplier. Our comprehensive guide ensures your packages arrive safely and on time.","og_url":"https:\/\/lynnhan.com\/az\/yukl\u0259nm\u0259\/","og_site_name":"Lynnhan - Trusted Supplier | LED\/OLED\/LCD\/E-paper digital signages","article_modified_time":"2024-12-18T09:42:17+00:00","og_image":[{"url":"https:\/\/pub-78925c7bf9ca4c6d820df8293a5c116c.r2.dev\/2024\/12\/shipment.webp","type":"","width":"","height":""}],"twitter_card":"summary_large_image","twitter_misc":{"Est. reading time":"3 minutes"},"schema":{"@context":"https:\/\/schema.org","@graph":[{"@type":"WebPage","@id":"https:\/\/lynnhan.com\/be\/shipping\/","url":"https:\/\/lynnhan.com\/be\/shipping\/","name":"LynnHan Standbyme TV t\u0259chizat\u00e7\u0131s\u0131 Y\u00fckl\u0259nm\u0259","isPartOf":{"@id":"https:\/\/lynnhan.com\/km\/#website"},"primaryImageOfPage":{"@id":"https:\/\/lynnhan.com\/be\/shipping\/#primaryimage"},"image":{"@id":"https:\/\/lynnhan.com\/be\/shipping\/#primaryimage"},"thumbnailUrl":"https:\/\/pub-78925c7bf9ca4c6d820df8293a5c116c.r2.dev\/2024\/12\/shipment.webp","datePublished":"2024-02-27T08:44:39+00:00","dateModified":"2024-12-18T09:42:17+00:00","description":"Hassle-free shipping starts at LynnHan Standbyme TV supplier.","breadcrumb":{"@id":"https:\/\/lynnhan.com\/be\/shipping\/#breadcrumb"},"inLanguage":"az","potentialAction":[{"@type":"ReadAction","target":["https:\/\/lynnhan.com\/be\/shipping\/"]}]},{"@type":"ImageObject","inLanguage":"az","@id":"https:\/\/lynnhan.com\/be\/shipping\/#primaryimage","url":"https:\/\/pub-78925c7bf9ca4c6d820df8293a5c116c.r2.dev\/2024\/12\/shipment.webp","contentUrl":"https:\/\/pub-78925c7bf9ca4c6d820df8293a5c116c.r2.dev\/2024\/12\/shipment.webp"},{"@type":"BreadcrumbList","@id":"https:\/\/lynnhan.com\/be\/shipping\/#breadcrumb","itemListElement":[{"@type":"ListItem","position":1,"name":"Home","item":"https:\/\/lynnhan.com\/"},{"@type":"ListItem","position":2,"name":"Shipping"}]},{"@type":"WebSite","@id":"https:\/\/lynnhan.com\/km\/#website","url":"https:\/\/lynnhan.com\/km\/","name":"Lynnhan - T\u0259hl\u00fck\u0259siz T\u0259chizat\u00e7\u0131 | LED\/OLED\/LCD\/E-paper digital l\u00f6vh\u0259l\u0259r","description":"Lynnhan - T\u0259sdiql\u0259nmi\u015f T\u0259chizat\u00e7\u0131 |  LED\/OLED\/LCD\/E-paper digital l\u00f6vh\u0259l\u0259r","publisher":{"@id":"https:\/\/lynnhan.com\/km\/#organization"},"potentialAction":[{"@type":"SearchAction","target":{"@type":"EntryPoint","urlTemplate":"https:\/\/lynnhan.com\/km\/?s={search_term_string}"},"query-input":{"@type":"PropertyValueSpecification","valueRequired":true,"valueName":"search_term_string"}}],"inLanguage":"az"},{"@type":"Organization","@id":"https:\/\/lynnhan.com\/km\/#organization","name":"Lynnhan - T\u0259hl\u00fck\u0259siz T\u0259chizat\u00e7\u0131 | LED\/OLED\/LCD\/E-paper digital l\u00f6vh\u0259l\u0259r","url":"https:\/\/lynnhan.com\/km\/","logo":{"@type":"ImageObject","inLanguage":"az","@id":"https:\/\/lynnhan.com\/km\/#\/schema\/logo\/image\/","url":"https:\/\/pub-78925c7bf9ca4c6d820df8293a5c116c.r2.dev\/2024\/07\/LynnHan-logo3.png","contentUrl":"https:\/\/pub-78925c7bf9ca4c6d820df8293a5c116c.r2.dev\/2024\/07\/LynnHan-logo3.png","width":390,"height":130,"caption":"Lynnhan - Trusted Supplier | LED\/OLED\/LCD\/E-paper digital signages"},"image":{"@id":"https:\/\/lynnhan.com\/km\/#\/schema\/logo\/image\/"}}]}},"jetpack_sharing_enabled":true,"_links":{"self":[{"href":"https:\/\/lynnhan.com\/az\/wp-json\/wp\/v2\/pages\/540","targetHints":{"allow":["GET"]}}],"collection":[{"href":"https:\/\/lynnhan.com\/az\/wp-json\/wp\/v2\/pages"}],"about":[{"href":"https:\/\/lynnhan.com\/az\/wp-json\/wp\/v2\/types\/page"}],"author":[{"embeddable":true,"href":"https:\/\/lynnhan.com\/az\/wp-json\/wp\/v2\/users\/1"}],"replies":[{"embeddable":true,"href":"https:\/\/lynnhan.com\/az\/wp-json\/wp\/v2\/comments?post=540"}],"version-history":[{"count":0,"href":"https:\/\/lynnhan.com\/az\/wp-json\/wp\/v2\/pages\/540\/revisions"}],"wp:attachment":[{"href":"https:\/\/lynnhan.com\/az\/wp-json\/wp\/v2\/media?parent=540"}],"curies":[{"name":"wp","href":"https:\/\/api.w.org\/{rel}","templated":true}]}}