{"id":535,"date":"2024-02-27T08:28:56","date_gmt":"2024-02-27T08:28:56","guid":{"rendered":"https:\/\/lynnhan.com\/?page_id=535"},"modified":"2024-12-18T10:25:48","modified_gmt":"2024-12-18T10:25:48","slug":"payments","status":"publish","type":"page","link":"https:\/\/lynnhan.com\/az\/payments\/","title":{"rendered":"\u00d6d\u0259ml\u0259r"},"content":{"rendered":"<div data-elementor-type=\"wp-page\" data-elementor-id=\"535\" class=\"elementor elementor-535\" data-elementor-post-type=\"page\">\n\t\t\t\t<div class=\"elementor-element elementor-element-142d8d4 e-flex e-con-boxed e-con e-parent\" data-id=\"142d8d4\" data-element_type=\"container\">\n\t\t\t\t\t<div class=\"e-con-inner\">\n\t\t\t\t<div class=\"elementor-element elementor-element-6619f7f elementor-widget elementor-widget-image\" data-id=\"6619f7f\" data-element_type=\"widget\" data-widget_type=\"image.default\">\n\t\t\t\t<div class=\"elementor-widget-container\">\n\t\t\t\t\t\t\t\t\t\t\t\t\t\t\t<img fetchpriority=\"high\" decoding=\"async\" width=\"1920\" height=\"1076\" src=\"https:\/\/pub-78925c7bf9ca4c6d820df8293a5c116c.r2.dev\/2024\/12\/payments-2.webp\" class=\"attachment-full size-full wp-image-3303\" alt=\"All in One LED manufacturer Payments\" srcset=\"https:\/\/pub-78925c7bf9ca4c6d820df8293a5c116c.r2.dev\/2024\/12\/payments-2.webp 1920w, https:\/\/pub-78925c7bf9ca4c6d820df8293a5c116c.r2.dev\/2024\/12\/payments-2-700x392.webp 700w, https:\/\/pub-78925c7bf9ca4c6d820df8293a5c116c.r2.dev\/2024\/12\/payments-2-1024x574.webp 1024w, https:\/\/pub-78925c7bf9ca4c6d820df8293a5c116c.r2.dev\/2024\/12\/payments-2-768x430.webp 768w, https:\/\/pub-78925c7bf9ca4c6d820df8293a5c116c.r2.dev\/2024\/12\/payments-2-1536x861.webp 1536w, https:\/\/pub-78925c7bf9ca4c6d820df8293a5c116c.r2.dev\/2024\/12\/payments-2-18x10.webp 18w, https:\/\/pub-78925c7bf9ca4c6d820df8293a5c116c.r2.dev\/2024\/12\/payments-2-1140x639.webp 1140w, https:\/\/pub-78925c7bf9ca4c6d820df8293a5c116c.r2.dev\/2024\/12\/payments-2-920x516.webp 920w, https:\/\/pub-78925c7bf9ca4c6d820df8293a5c116c.r2.dev\/2024\/12\/payments-2-575x322.webp 575w, https:\/\/pub-78925c7bf9ca4c6d820df8293a5c116c.r2.dev\/2024\/12\/payments-2-380x213.webp 380w, https:\/\/pub-78925c7bf9ca4c6d820df8293a5c116c.r2.dev\/2024\/12\/payments-2-1320x740.webp 1320w, https:\/\/pub-78925c7bf9ca4c6d820df8293a5c116c.r2.dev\/2024\/12\/payments-2-800x448.webp 800w\" sizes=\"(max-width: 1920px) 100vw, 1920px\" \/>\t\t\t\t\t\t\t\t\t\t\t\t\t\t\t<\/div>\n\t\t\t\t<\/div>\n\t\t\t\t\t<\/div>\n\t\t\t\t<\/div>\n\t\t<div class=\"elementor-element elementor-element-d66f236 e-flex e-con-boxed e-con e-parent\" data-id=\"d66f236\" data-element_type=\"container\">\n\t\t\t\t\t<div class=\"e-con-inner\">\n\t\t\t\t<div class=\"elementor-element elementor-element-c3f9628 elementor-widget elementor-widget-text-editor\" data-id=\"c3f9628\" data-element_type=\"widget\" data-widget_type=\"text-editor.default\">\n\t\t\t\t<div class=\"elementor-widget-container\">\n\t\t\t\t\t\t\t\t\t<h3>1. \u00d6d\u0259ni\u015f H\u0259ll\u0259ri at Lynnhan: T\u0259nziml\u0259nmi\u015f v\u0259 T\u0259hl\u00fck\u0259siz Tranzaksiyalar<\/h3><p><strong>2. \u0130\u015f\u0259 Xidm\u0259t Ed\u0259n \u00d6d\u0259ni\u015f Se\u00e7iml\u0259ri<\/strong><\/p><p>3. Lynnhan-d\u0259, biz biznesl\u0259r \u00fc\u00e7\u00fcn t\u0259nziml\u0259nmi\u015f v\u0259 t\u0259hl\u00fck\u0259siz \u00f6d\u0259ni\u015f h\u0259ll\u0259rin \u0259h\u0259miyy\u0259tini ba\u015fa d\u00fc\u015f\u00fcr\u00fck. M\u0259qs\u0259dimiz, sizin al\u0131\u015f-veri\u015f prosesinizi m\u00fcmk\u00fcn ol\u011funca s\u0259rtic\u0259li v\u0259 \u00e7\u0259tinlikl\u0259r\u0259 yol vermir\u0259k etm\u0259kdir. Bu s\u0259b\u0259bl\u0259, biz \u00f6z B2B m\u00fc\u015ft\u0259ril\u0259rimizin m\u00fcxt\u0259lif t\u0259l\u0259batlar\u0131n\u0131 \u00f6rt\u0259 bil\u0259c\u0259k \u00e7oxluq \u00f6d\u0259ni\u015f se\u00e7iml\u0259ri t\u0259klif edirik.<\/p><p><strong>4. T\u0259hl\u00fck\u0259siz Online \u00d6d\u0259ni\u015fl\u0259r<\/strong><\/p><p>5. Qulayl\u0131q v\u0259 s\u0259m\u0259rlik \u00fc\u00e7\u00fcn, Lynnhan t\u0259hl\u00fck\u0259siz online \u00f6d\u0259ni\u015fl\u0259ri d\u0259st\u0259kl\u0259yir. Platformumuz \u0259n b\u00f6y\u00fck kredit kartlar\u0131n\u0131, o c\u00fcml\u0259d\u0259n Visa, MasterCard v\u0259 American Express, h\u0259m\u00e7inin PayPal-ni q\u0259bul edir ki, bu da q\u0131saya v\u0259 asan tranzaksiyalar \u00fc\u00e7\u00fcn t\u0259klif edilir. T\u0259hl\u00fck\u0259siz \u00f6d\u0259ni\u015f qap\u0131s\u0131, t\u0259kmill\u0259k il\u0259 \u015fifr\u0259l\u0259nm\u0259 v\u0259 t\u0259hl\u00fck\u0259sizlik protokollar\u0131 istifad\u0259 ed\u0259r\u0259k sizin maliyy\u0259 m\u0259lumat\u0131n\u0131z\u0131n ham\u0131 vaxt qorunmas\u0131n\u0131 t\u0259min edir.<\/p><p><strong>6. Bank Transferl\u0259r (T\/T v\u0259 Western Union)<br \/><\/strong><\/p><p>7. Daha b\u00f6y\u00fck sifari\u015fl\u0259r v\u0259 ya t\u0259zlikli h\u0259lll\u0259r \u00fc\u00e7\u00fcn, biz do\u011frudan bank transferl\u0259ri il\u0259 qar\u015f\u0131lay\u0131r\u0131q. Bu se\u00e7im, maliyy\u0259l\u0259rini idar\u0259 etm\u0259k \u00fc\u00e7\u00fcn \u0259lav\u0259 t\u0259nziml\u0259nm\u0259 imkan\u0131 verir v\u0259 klassik \u00f6d\u0259ni\u015f \u00fcsullar\u0131n\u0131 t\u0259qviml\u0259y\u0259n biznesl\u0259r \u00fc\u00e7\u00fcn \u0259n yax\u015f\u0131d\u0131r. M\u00fc\u015ft\u0259ri xidm\u0259t qrupumuz sizi s\u0259rtic\u0259li bank transferi t\u0259min etm\u0259k \u00fc\u00e7\u00fcn ham\u0131 laz\u0131m olan m\u0259lumatlar\u0131 t\u0259chiz ed\u0259c\u0259kdir.<\/p><p><strong>8. T\u0259zlikli \u00d6d\u0259ni\u015f Planlar\u0131<\/strong><\/p><p>9. H\u0259r bir biznesin unikal t\u0259l\u0259batlar\u0131 oldu\u011funu ba\u015fa d\u00fc\u015f\u0259r\u0259k, Lynnhan t\u0259zlikli \u00f6d\u0259ni\u015f planlar\u0131 m\u00fczakir\u0259sin\u0259 a\u00e7\u0131qd\u0131r. Qar\u015f\u0131dan qar\u015f\u0131ya \u00f6d\u0259ni\u015f rejimi v\u0259 ya t\u0259zlikli kredit h\u0259llind\u0259n ba\u015fqa, qrupumuz sizin biznes t\u0259l\u0259batlar\u0131n\u0131 \u00f6rt\u0259 bil\u0259c\u0259k \u00f6d\u0259ni\u015f qurulu\u015funu tapmaq \u00fc\u00e7\u00fcn sizl\u0259 i\u015fl\u0259y\u0259c\u0259kdir.<\/p><p><strong>10. T\u0259hl\u00fck\u0259siz Tranzaksiya Prosesi<\/strong><\/p><p>11. \u00d6d\u0259nil\u0259nl\u0259r\u0259 g\u0259linc\u0259, t\u0259hl\u00fck\u0259sizlik bizim \u0259n y\u00fcks\u0259k prioritetimizdir. Lynnhan son t\u0259hl\u00fck\u0259sizlik t\u0259dbirl\u0259ri il\u0259 sizi tranzaksiyalar\u0131n\u0131z v\u0259 \u015f\u0259xsi m\u0259lumatlar\u0131n\u0131z\u0131 qorur. PCI DSS standartlar\u0131na riay\u0259t ed\u0259r\u0259k, \u00f6d\u0259nil\u0259nizin \u0259n t\u0259hl\u00fck\u0259siz \u015f\u0259raitd\u0259 i\u015fl\u0259n\u0259c\u0259yi t\u0259min edilir.<\/p><p><strong>12. Xidm\u0259t Qrupu<\/strong><\/p><p>13. M\u00fc\u015ft\u0259ri xidm\u0259t qrupumuz \u00f6d\u0259ni\u015fl\u0259 ba\u011fl\u0131 ist\u0259nil\u0259n sor\u011fular\u0131n\u0131z v\u0259 ya m\u0259s\u0259l\u0259l\u0259rl\u0259rd\u0259n k\u00f6m\u0259k ed\u0259c\u0259kdir. H\u0259m\u00e7inin, t\u0259hl\u00fck\u0259siz \u00f6d\u0259ni\u015f se\u00e7iminizi se\u00e7m<\/p><p><strong>How to Make a Payment<\/strong><\/p><p>Making a payment with Lynnhan is simple. Once you\u2019ve placed your order, you\u2019ll receive an invoice with detailed payment instructions. Choose your preferred payment method and follow the steps provided to complete your transaction. Our customer support team is always available to guide you through the process, should you need assistance.<\/p><p>At Lynnhan, we\u2019re committed to providing our B2B clients with secure, flexible, and convenient payment solutions. Our range of payment options is designed to accommodate your business\u2019s specific needs, ensuring a smooth and efficient purchasing experience.<\/p>\t\t\t\t\t\t\t\t<\/div>\n\t\t\t\t<\/div>\n\t\t\t\t\t<\/div>\n\t\t\t\t<\/div>\n\t\t\t\t<\/div>","protected":false},"excerpt":{"rendered":"<p>Payment Solutions at Lynnhan: Streamlined and Secure Transactions Flexible Payment Options for Your Business Needs At Lynnhan, we understand the importance of flexible and secure payment solutions for businesses. Our [\u2026]<\/p>","protected":false},"author":1,"featured_media":0,"parent":0,"menu_order":0,"comment_status":"closed","ping_status":"closed","template":"","meta":{"footnotes":""},"class_list":["post-535","page","type-page","status-publish","hentry"],"yoast_head":"<!-- This site is optimized with the Yoast SEO plugin v26.6 - https:\/\/yoast.com\/wordpress\/plugins\/seo\/ -->\n<title>Payments: Lynnhan portable TV supplier<\/title>\n<meta name=\"description\" content=\"Discover how Lynnhan portable TV supplier Payments transforms your online purchases into smooth, effortless experiences.\" \/>\n<meta name=\"robots\" content=\"index, follow, max-snippet:-1, max-image-preview:large, max-video-preview:-1\" \/>\n<link rel=\"canonical\" href=\"https:\/\/lynnhan.com\/az\/payments\/\" \/>\n<meta property=\"og:locale\" content=\"az_AZ\" \/>\n<meta property=\"og:type\" content=\"article\" \/>\n<meta property=\"og:title\" content=\"Payments: Lynnhan portable TV supplier\" \/>\n<meta property=\"og:description\" content=\"Discover how Lynnhan portable TV supplier Payments transforms your online purchases into smooth, effortless experiences.\" \/>\n<meta property=\"og:url\" content=\"https:\/\/lynnhan.com\/az\/payments\/\" \/>\n<meta property=\"og:site_name\" content=\"Lynnhan - Trusted Supplier | LED\/OLED\/LCD\/E-paper digital signages\" \/>\n<meta property=\"article:modified_time\" content=\"2024-12-18T10:25:48+00:00\" \/>\n<meta property=\"og:image\" content=\"https:\/\/pub-78925c7bf9ca4c6d820df8293a5c116c.r2.dev\/2024\/12\/payments-2.webp\" \/>\n<meta name=\"twitter:card\" content=\"summary_large_image\" \/>\n<meta name=\"twitter:label1\" content=\"Est. reading time\" \/>\n\t<meta name=\"twitter:data1\" content=\"2 minutes\" \/>\n<script type=\"application\/ld+json\" class=\"yoast-schema-graph\">{\"@context\":\"https:\/\/schema.org\",\"@graph\":[{\"@type\":\"WebPage\",\"@id\":\"https:\/\/lynnhan.com\/payments\/\",\"url\":\"https:\/\/lynnhan.com\/payments\/\",\"name\":\"Payments: Lynnhan portable TV supplier\",\"isPartOf\":{\"@id\":\"https:\/\/lynnhan.com\/km\/#website\"},\"primaryImageOfPage\":{\"@id\":\"https:\/\/lynnhan.com\/payments\/#primaryimage\"},\"image\":{\"@id\":\"https:\/\/lynnhan.com\/payments\/#primaryimage\"},\"thumbnailUrl\":\"https:\/\/pub-78925c7bf9ca4c6d820df8293a5c116c.r2.dev\/2024\/12\/payments-2.webp\",\"datePublished\":\"2024-02-27T08:28:56+00:00\",\"dateModified\":\"2024-12-18T10:25:48+00:00\",\"description\":\"Discover how Lynnhan portable TV supplier Payments transforms your online purchases into smooth, effortless experiences.\",\"breadcrumb\":{\"@id\":\"https:\/\/lynnhan.com\/payments\/#breadcrumb\"},\"inLanguage\":\"az\",\"potentialAction\":[{\"@type\":\"ReadAction\",\"target\":[\"https:\/\/lynnhan.com\/payments\/\"]}]},{\"@type\":\"ImageObject\",\"inLanguage\":\"az\",\"@id\":\"https:\/\/lynnhan.com\/payments\/#primaryimage\",\"url\":\"https:\/\/pub-78925c7bf9ca4c6d820df8293a5c116c.r2.dev\/2024\/12\/payments-2.webp\",\"contentUrl\":\"https:\/\/pub-78925c7bf9ca4c6d820df8293a5c116c.r2.dev\/2024\/12\/payments-2.webp\"},{\"@type\":\"BreadcrumbList\",\"@id\":\"https:\/\/lynnhan.com\/payments\/#breadcrumb\",\"itemListElement\":[{\"@type\":\"ListItem\",\"position\":1,\"name\":\"Home\",\"item\":\"https:\/\/lynnhan.com\/\"},{\"@type\":\"ListItem\",\"position\":2,\"name\":\"Payments\"}]},{\"@type\":\"WebSite\",\"@id\":\"https:\/\/lynnhan.com\/km\/#website\",\"url\":\"https:\/\/lynnhan.com\/km\/\",\"name\":\"Lynnhan - Trusted Supplier | LED\/OLED\/LCD\/E-paper digital signages\",\"description\":\"Lynnhan - Trusted Supplier |  LED\/OLED\/LCD\/E-paper digital signages\",\"publisher\":{\"@id\":\"https:\/\/lynnhan.com\/km\/#organization\"},\"potentialAction\":[{\"@type\":\"SearchAction\",\"target\":{\"@type\":\"EntryPoint\",\"urlTemplate\":\"https:\/\/lynnhan.com\/km\/?s={search_term_string}\"},\"query-input\":{\"@type\":\"PropertyValueSpecification\",\"valueRequired\":true,\"valueName\":\"search_term_string\"}}],\"inLanguage\":\"az\"},{\"@type\":\"Organization\",\"@id\":\"https:\/\/lynnhan.com\/km\/#organization\",\"name\":\"Lynnhan - Trusted Supplier | LED\/OLED\/LCD\/E-paper digital signages\",\"url\":\"https:\/\/lynnhan.com\/km\/\",\"logo\":{\"@type\":\"ImageObject\",\"inLanguage\":\"az\",\"@id\":\"https:\/\/lynnhan.com\/km\/#\/schema\/logo\/image\/\",\"url\":\"https:\/\/pub-78925c7bf9ca4c6d820df8293a5c116c.r2.dev\/2024\/07\/LynnHan-logo3.png\",\"contentUrl\":\"https:\/\/pub-78925c7bf9ca4c6d820df8293a5c116c.r2.dev\/2024\/07\/LynnHan-logo3.png\",\"width\":390,\"height\":130,\"caption\":\"Lynnhan - Trusted Supplier | LED\/OLED\/LCD\/E-paper digital signages\"},\"image\":{\"@id\":\"https:\/\/lynnhan.com\/km\/#\/schema\/logo\/image\/\"}}]}<\/script>\n<!-- \/ Yoast SEO plugin. -->","yoast_head_json":{"title":"Payments: Lynnhan portable TV supplier","description":"Discover how Lynnhan portable TV supplier Payments transforms your online purchases into smooth, effortless experiences.","robots":{"index":"index","follow":"follow","max-snippet":"max-snippet:-1","max-image-preview":"max-image-preview:large","max-video-preview":"max-video-preview:-1"},"canonical":"https:\/\/lynnhan.com\/az\/payments\/","og_locale":"az_AZ","og_type":"article","og_title":"Payments: Lynnhan portable TV supplier","og_description":"Discover how Lynnhan portable TV supplier Payments transforms your online purchases into smooth, effortless experiences.","og_url":"https:\/\/lynnhan.com\/az\/payments\/","og_site_name":"Lynnhan - Trusted Supplier | LED\/OLED\/LCD\/E-paper digital signages","article_modified_time":"2024-12-18T10:25:48+00:00","og_image":[{"url":"https:\/\/pub-78925c7bf9ca4c6d820df8293a5c116c.r2.dev\/2024\/12\/payments-2.webp","type":"","width":"","height":""}],"twitter_card":"summary_large_image","twitter_misc":{"Est. reading time":"2 minutes"},"schema":{"@context":"https:\/\/schema.org","@graph":[{"@type":"WebPage","@id":"https:\/\/lynnhan.com\/payments\/","url":"https:\/\/lynnhan.com\/payments\/","name":"Payments: Lynnhan portable TV supplier","isPartOf":{"@id":"https:\/\/lynnhan.com\/km\/#website"},"primaryImageOfPage":{"@id":"https:\/\/lynnhan.com\/payments\/#primaryimage"},"image":{"@id":"https:\/\/lynnhan.com\/payments\/#primaryimage"},"thumbnailUrl":"https:\/\/pub-78925c7bf9ca4c6d820df8293a5c116c.r2.dev\/2024\/12\/payments-2.webp","datePublished":"2024-02-27T08:28:56+00:00","dateModified":"2024-12-18T10:25:48+00:00","description":"Discover how Lynnhan portable TV supplier Payments transforms your online purchases into smooth, effortless experiences.","breadcrumb":{"@id":"https:\/\/lynnhan.com\/payments\/#breadcrumb"},"inLanguage":"az","potentialAction":[{"@type":"ReadAction","target":["https:\/\/lynnhan.com\/payments\/"]}]},{"@type":"ImageObject","inLanguage":"az","@id":"https:\/\/lynnhan.com\/payments\/#primaryimage","url":"https:\/\/pub-78925c7bf9ca4c6d820df8293a5c116c.r2.dev\/2024\/12\/payments-2.webp","contentUrl":"https:\/\/pub-78925c7bf9ca4c6d820df8293a5c116c.r2.dev\/2024\/12\/payments-2.webp"},{"@type":"BreadcrumbList","@id":"https:\/\/lynnhan.com\/payments\/#breadcrumb","itemListElement":[{"@type":"ListItem","position":1,"name":"Home","item":"https:\/\/lynnhan.com\/"},{"@type":"ListItem","position":2,"name":"Payments"}]},{"@type":"WebSite","@id":"https:\/\/lynnhan.com\/km\/#website","url":"https:\/\/lynnhan.com\/km\/","name":"Lynnhan - T\u0259hl\u00fck\u0259siz T\u0259chizat\u00e7\u0131 | LED\/OLED\/LCD\/E-paper digital l\u00f6vh\u0259l\u0259r","description":"Lynnhan - T\u0259sdiql\u0259nmi\u015f T\u0259chizat\u00e7\u0131 |  LED\/OLED\/LCD\/E-paper digital l\u00f6vh\u0259l\u0259r","publisher":{"@id":"https:\/\/lynnhan.com\/km\/#organization"},"potentialAction":[{"@type":"SearchAction","target":{"@type":"EntryPoint","urlTemplate":"https:\/\/lynnhan.com\/km\/?s={search_term_string}"},"query-input":{"@type":"PropertyValueSpecification","valueRequired":true,"valueName":"search_term_string"}}],"inLanguage":"az"},{"@type":"Organization","@id":"https:\/\/lynnhan.com\/km\/#organization","name":"Lynnhan - T\u0259hl\u00fck\u0259siz T\u0259chizat\u00e7\u0131 | LED\/OLED\/LCD\/E-paper digital l\u00f6vh\u0259l\u0259r","url":"https:\/\/lynnhan.com\/km\/","logo":{"@type":"ImageObject","inLanguage":"az","@id":"https:\/\/lynnhan.com\/km\/#\/schema\/logo\/image\/","url":"https:\/\/pub-78925c7bf9ca4c6d820df8293a5c116c.r2.dev\/2024\/07\/LynnHan-logo3.png","contentUrl":"https:\/\/pub-78925c7bf9ca4c6d820df8293a5c116c.r2.dev\/2024\/07\/LynnHan-logo3.png","width":390,"height":130,"caption":"Lynnhan - Trusted Supplier | LED\/OLED\/LCD\/E-paper digital signages"},"image":{"@id":"https:\/\/lynnhan.com\/km\/#\/schema\/logo\/image\/"}}]}},"jetpack_sharing_enabled":true,"_links":{"self":[{"href":"https:\/\/lynnhan.com\/az\/wp-json\/wp\/v2\/pages\/535","targetHints":{"allow":["GET"]}}],"collection":[{"href":"https:\/\/lynnhan.com\/az\/wp-json\/wp\/v2\/pages"}],"about":[{"href":"https:\/\/lynnhan.com\/az\/wp-json\/wp\/v2\/types\/page"}],"author":[{"embeddable":true,"href":"https:\/\/lynnhan.com\/az\/wp-json\/wp\/v2\/users\/1"}],"replies":[{"embeddable":true,"href":"https:\/\/lynnhan.com\/az\/wp-json\/wp\/v2\/comments?post=535"}],"version-history":[{"count":0,"href":"https:\/\/lynnhan.com\/az\/wp-json\/wp\/v2\/pages\/535\/revisions"}],"wp:attachment":[{"href":"https:\/\/lynnhan.com\/az\/wp-json\/wp\/v2\/media?parent=535"}],"curies":[{"name":"wp","href":"https:\/\/api.w.org\/{rel}","templated":true}]}}