{"id":3,"date":"2024-02-24T07:46:55","date_gmt":"2024-02-24T07:46:55","guid":{"rendered":"https:\/\/lynnhan.com\/?page_id=3"},"modified":"2024-12-18T10:36:41","modified_gmt":"2024-12-18T10:36:41","slug":"gizlilik-siyas%c9%99ti","status":"publish","type":"page","link":"https:\/\/lynnhan.com\/az\/gizlilik-siyas%c9%99ti\/","title":{"rendered":"Gizlilik Qaydas\u0131"},"content":{"rendered":"<div data-elementor-type=\"wp-page\" data-elementor-id=\"3\" class=\"elementor elementor-3\" data-elementor-post-type=\"page\">\n\t\t\t\t<div class=\"elementor-element elementor-element-e9b38ac e-flex e-con-boxed e-con e-parent\" data-id=\"e9b38ac\" data-element_type=\"container\">\n\t\t\t\t\t<div class=\"e-con-inner\">\n\t\t\t\t<div class=\"elementor-element elementor-element-83498b3 elementor-widget elementor-widget-image\" data-id=\"83498b3\" data-element_type=\"widget\" data-widget_type=\"image.default\">\n\t\t\t\t<div class=\"elementor-widget-container\">\n\t\t\t\t\t\t\t\t\t\t\t\t\t\t\t<img fetchpriority=\"high\" decoding=\"async\" width=\"1456\" height=\"816\" src=\"https:\/\/pub-78925c7bf9ca4c6d820df8293a5c116c.r2.dev\/2024\/12\/Privacy-Policy.webp\" class=\"attachment-full size-full wp-image-3315\" alt=\"B\u00fct\u00fcn Bir LED t\u0259chizat\u00e7\u0131 Gizlilik Siyas\u0259ti\" srcset=\"https:\/\/pub-78925c7bf9ca4c6d820df8293a5c116c.r2.dev\/2024\/12\/Privacy-Policy.webp 1456w, https:\/\/pub-78925c7bf9ca4c6d820df8293a5c116c.r2.dev\/2024\/12\/Privacy-Policy-700x392.webp 700w, https:\/\/pub-78925c7bf9ca4c6d820df8293a5c116c.r2.dev\/2024\/12\/Privacy-Policy-1024x574.webp 1024w, https:\/\/pub-78925c7bf9ca4c6d820df8293a5c116c.r2.dev\/2024\/12\/Privacy-Policy-768x430.webp 768w, https:\/\/pub-78925c7bf9ca4c6d820df8293a5c116c.r2.dev\/2024\/12\/Privacy-Policy-18x10.webp 18w, https:\/\/pub-78925c7bf9ca4c6d820df8293a5c116c.r2.dev\/2024\/12\/Privacy-Policy-1140x639.webp 1140w, https:\/\/pub-78925c7bf9ca4c6d820df8293a5c116c.r2.dev\/2024\/12\/Privacy-Policy-920x516.webp 920w, https:\/\/pub-78925c7bf9ca4c6d820df8293a5c116c.r2.dev\/2024\/12\/Privacy-Policy-575x322.webp 575w, https:\/\/pub-78925c7bf9ca4c6d820df8293a5c116c.r2.dev\/2024\/12\/Privacy-Policy-380x213.webp 380w, https:\/\/pub-78925c7bf9ca4c6d820df8293a5c116c.r2.dev\/2024\/12\/Privacy-Policy-1320x740.webp 1320w, https:\/\/pub-78925c7bf9ca4c6d820df8293a5c116c.r2.dev\/2024\/12\/Privacy-Policy-800x448.webp 800w\" sizes=\"(max-width: 1456px) 100vw, 1456px\" \/>\t\t\t\t\t\t\t\t\t\t\t\t\t\t\t<\/div>\n\t\t\t\t<\/div>\n\t\t\t\t\t<\/div>\n\t\t\t\t<\/div>\n\t\t<div class=\"elementor-element elementor-element-f7a3023 e-flex e-con-boxed e-con e-parent\" data-id=\"f7a3023\" data-element_type=\"container\">\n\t\t\t\t\t<div class=\"e-con-inner\">\n\t\t\t\t<div class=\"elementor-element elementor-element-77782203 elementor-widget elementor-widget-text-editor\" data-id=\"77782203\" data-element_type=\"widget\" data-widget_type=\"text-editor.default\">\n\t\t\t\t<div class=\"elementor-widget-container\">\n\t\t\t\t\t\t\t\t\t<h3>1. Gizlilik Qaydas\u0131: Lynnhan<\/h3>\n<p><strong>2. M\u0259qbul Tarix: 02\/28\/2024<br \/><\/strong><\/p>\n<p>3. Lynnhan-d\u0259, s\u0259n\u0259nliyy\u0259tinizi qoruma\u011fa etiqad edirik. Bu Gizlilik Qaydas\u0131, bizim t\u0259r\u0259find\u0259n toplanan \u015f\u0259xsi m\u0259lumatlar\u0131n n\u00f6vl\u0259rini, onlar\u0131n istifad\u0259 edilm\u0259si \u00fcsulunu v\u0259 s\u0259n\u0259nliyy\u0259tinizi qorumaq \u00fc\u00e7\u00fcn al\u0131nan t\u0259dbirl\u0259ri t\u0259svir edir. Xidm\u0259tl\u0259rimiz v\u0259 m\u0259hsullar\u0131m\u0131z\u0131 istifad\u0259 etm\u0259kl\u0259, s\u0259n\u0259nliyy\u0259tinin bu qaydada toplanmas\u0131 v\u0259 istifad\u0259 edilm\u0259sin\u0259 etiqad edirsiniz.<\/p>\n<p><strong>4. M\u0259lumatlar\u0131n toplanmas\u0131 v\u0259 istifad\u0259si<\/strong><\/p>\n<ul>\n<li><strong>5. \u015e\u0259xsi M\u0259lumatlar<\/strong>6. : S\u0259hif\u0259mizd\u0259 qeydiyyatdan ke\u00e7dikd\u0259n, sifari\u015f verdikd\u0259n, x\u0259b\u0259rl\u0259r\u00e7\u0259viri abun\u0259 olundu\u011funda v\u0259 d\u0259st\u0259k \u00fc\u00e7\u00fcn biziml\u0259 \u0259laq\u0259 qurdu\u011funuzda, ad\u0131n\u0131z, email \u00fcnvan\u0131n\u0131z, telefon n\u00f6mr\u0259niz v\u0259 \u015f\u0259rhli \u00fcnvan\u0131n\u0131z kimi \u015f\u0259xsi m\u0259lumatlar\u0131 toplay\u0131r\u0131q. Bu m\u0259lumatlar tranzaksiyalar\u0131 tamamlamaq, m\u0259hsullar v\u0259 xidm\u0259tl\u0259ri t\u0259chiz etm\u0259k v\u0259 s\u0259n\u0259nliyy\u0259 il\u0259 \u0259laq\u0259 qurmaq \u00fc\u00e7\u00fcn istifad\u0259 edilir.<\/li>\n<li><strong>7. \u0130stifad\u0259 M\u0259lumatlar\u0131<\/strong>8. : Xidm\u0259tinin n\u0259tic\u0259sinin istifad\u0259 edilm\u0259si haqq\u0131nda m\u0259lumatlar\u0131 da toplaya bil\u0259rik (\u201c\u0130stifad\u0259 M\u0259lumatlar\u0131\u201d).\"Bu \u0130stifad\u0259 M\u0259lumatlar\u0131\" komp\u00fcterinizin \u0130nternet Protokol \u00dcnvan\u0131 (m\u0259s\u0259l\u0259n, IP \u00fcnvan\u0131), brauzer n\u00f6v\u00fc, brauzer versiyas\u0131, xidm\u0259timizin s\u0259hif\u0259l\u0259rind\u0259n n\u0259 q\u0259d\u0259r ziyar\u0259t etdiyiniz, ziyar\u0259tin tarixi v\u0259 vaxt\u0131, bu s\u0259hif\u0259l\u0259rd\u0259 ke\u00e7irdiyiniz vaxt v\u0259 dig\u0259r diaqnostik m\u0259lumatlar\u0131 daxil ola bil\u0259r.<\/li>\n<\/ul>\n<p><strong>9. Kukil\u0259r v\u0259 \u0130zl\u0259m\u0259 M\u0259lumatlar\u0131<\/strong><\/p>\n<p>10. Xidm\u0259timizin aktivliyini izl\u0259m\u0259k v\u0259 m\u00fc\u0259yy\u0259n m\u0259lumatlar\u0131 saxlamaq \u00fc\u00e7\u00fcn kukil\u0259r v\u0259 buna b\u0259nz\u0259r izl\u0259m\u0259 texnologiyalar\u0131n\u0131 istifad\u0259 edirik. Kukil\u0259r ki\u00e7ik miqdarda m\u0259lumat olan fayllard\u0131r ki, onlar q\u0259zet bir unikal tan\u0131nmaz identifikatora sahib ola bil\u0259rl. Brauzerinizi qeyd\u0259 alaraq b\u00fct\u00fcn\u00fc il\u0259 kukil\u0259ri r\u0259dd ed\u0259 bil\u0259rsiniz v\u0259 ya kukinin g\u00f6nd\u0259rilm\u0259sind\u0259n x\u0259b\u0259rdar ed\u0259 bil\u0259rsiniz. Lakin, kukil\u0259ri q\u0259bul etm\u0259y\u0259c\u0259ksinizs\u0259, xidm\u0259timizin bir hiss\u0259sind\u0259n istifad\u0259 etm\u0259y\u0259 q\u0259bul ed\u0259 bilm\u0259zsiniz.<\/p>\n<p><strong>11. M\u0259lumatlar\u0131n \u0130stifad\u0259si<\/strong><\/p>\n<p>12. Lynnhan toplanan m\u0259lumatlar\u0131 m\u00fcxt\u0259lif m\u0259qs\u0259dl\u0259r \u00fc\u00e7\u00fcn istifad\u0259 edir:<\/p>\n<ul>\n<li>13. Xidm\u0259timizi t\u0259min etm\u0259k v\u0259 saxlamaq<\/li>\n<li>14. Xidm\u0259timizin d\u0259yi\u015fiklikl\u0259rind\u0259n x\u0259b\u0259rdar etm\u0259k<\/li>\n<li>15. Xidm\u0259timizin interaktiv xidm\u0259tl\u0259rind\u0259n istifad\u0259 etm\u0259k \u00fc\u00e7\u00fcn sizin se\u00e7im\u0259niz\u0259 tabe olaraq<\/li>\n<li>16. M\u00fc\u015ft\u0259<\/li>\n<li>To gather analysis or valuable information so that we can improve our Service<\/li>\n<li>To monitor the usage of our Service<\/li>\n<li>To detect, prevent, and address technical issues<\/li>\n<\/ul>\n<p><strong>Data Sharing and Disclosure<\/strong><\/p>\n<p>Lynnhan will not share or disclose your information to anyone except as described in this Privacy Policy. We may share your information with third-party service providers to perform Service-related services or to assist us in analyzing how our Service is used. These third parties have access to your Personal Information only to perform these tasks on our behalf and are obligated not to disclose or use it for any other purpose.<\/p>\n<p><strong>Data Security<\/strong><\/p>\n<p>The security of your data is important to us, but remember that no method of transmission over the Internet or method of electronic storage is 100% secure. While we strive to use commercially acceptable means to protect your Personal Information, we cannot guarantee its absolute security.<\/p>\n<p><strong>Your Rights<\/strong><\/p>\n<p>You have the right to access, update, or delete the information we have on you. Whenever made possible, you can access, update or request deletion of your Personal Information directly within your account settings section. If you are unable to perform these actions yourself, please contact us to assist you.<\/p>\n<p><strong>Changes to This Privacy Policy<\/strong><\/p>\n<p>We may update our Privacy Policy from time to time. We will notify you of any changes by posting the new Privacy Policy on this page. You are advised to review this Privacy Policy periodically for any changes.<\/p>\n<p><strong>Contact Us<\/strong><\/p>\n<p>If you have any questions about this Privacy Policy, please contact us:<\/p>\n<ul>\n<li>By email: contact@xinxiangt.sg-host.com<\/li>\n<\/ul>\n<p>M\u0259n\u0259fiyy\u0259tiniz Lynnhan \u00fc\u00e7\u00fcn \u0259n vacibsidir, v\u0259 sizi biz\u0259 etdiyiniz \u015f\u0259xsi m\u0259lumatlar\u0131 qorumaq m\u0259qs\u0259dil\u0259 ba\u011f\u0131\u015flay\u0131r\u0131q.<\/p>\n\t\t\t\t\t\t\t\t<\/div>\n\t\t\t\t<\/div>\n\t\t\t\t\t<\/div>\n\t\t\t\t<\/div>\n\t\t\t\t<\/div>","protected":false},"excerpt":{"rendered":"<p>Privacy Policy for Lynnhan Effective Date: 02\/28\/2024 At Lynnhan, we are committed to protecting your privacy. This Privacy Policy outlines the types of personal information we collect, how we use [\u2026]<\/p>","protected":false},"author":1,"featured_media":0,"parent":0,"menu_order":0,"comment_status":"closed","ping_status":"open","template":"","meta":{"footnotes":""},"class_list":["post-3","page","type-page","status-publish","hentry"],"yoast_head":"<!-- This site is optimized with the Yoast SEO plugin v26.6 - https:\/\/yoast.com\/wordpress\/plugins\/seo\/ -->\n<title>Safeguard your privacy | Lynnhan Smart Display Manufacturer<\/title>\n<meta name=\"description\" content=\"Safeguard your privacy with LynnHan smart display manufacturer&#039;s policy. We&#039;re committed to protecting your information with care.\" \/>\n<meta name=\"robots\" content=\"index, follow, max-snippet:-1, max-image-preview:large, max-video-preview:-1\" \/>\n<link rel=\"canonical\" href=\"https:\/\/lynnhan.com\/az\/gizlilik-siyas\u0259ti\/\" \/>\n<meta property=\"og:locale\" content=\"az_AZ\" \/>\n<meta property=\"og:type\" content=\"article\" \/>\n<meta property=\"og:title\" content=\"Safeguard your privacy | Lynnhan Smart Display Manufacturer\" \/>\n<meta property=\"og:description\" content=\"Safeguard your privacy with LynnHan smart display manufacturer&#039;s policy. We&#039;re committed to protecting your information with care.\" \/>\n<meta property=\"og:url\" content=\"https:\/\/lynnhan.com\/az\/gizlilik-siyas\u0259ti\/\" \/>\n<meta property=\"og:site_name\" content=\"Lynnhan - Trusted Supplier | LED\/OLED\/LCD\/E-paper digital signages\" \/>\n<meta property=\"article:modified_time\" content=\"2024-12-18T10:36:41+00:00\" \/>\n<meta property=\"og:image\" content=\"https:\/\/pub-78925c7bf9ca4c6d820df8293a5c116c.r2.dev\/2024\/12\/Privacy-Policy.webp\" \/>\n<meta name=\"twitter:card\" content=\"summary_large_image\" \/>\n<meta name=\"twitter:label1\" content=\"Est. reading time\" \/>\n\t<meta name=\"twitter:data1\" content=\"3 minutes\" \/>\n<script type=\"application\/ld+json\" class=\"yoast-schema-graph\">{\"@context\":\"https:\/\/schema.org\",\"@graph\":[{\"@type\":\"WebPage\",\"@id\":\"https:\/\/lynnhan.com\/en\/privacy-policy\/\",\"url\":\"https:\/\/lynnhan.com\/en\/privacy-policy\/\",\"name\":\"Safeguard your privacy | Lynnhan Smart Display Manufacturer\",\"isPartOf\":{\"@id\":\"https:\/\/lynnhan.com\/km\/#website\"},\"primaryImageOfPage\":{\"@id\":\"https:\/\/lynnhan.com\/en\/privacy-policy\/#primaryimage\"},\"image\":{\"@id\":\"https:\/\/lynnhan.com\/en\/privacy-policy\/#primaryimage\"},\"thumbnailUrl\":\"https:\/\/pub-78925c7bf9ca4c6d820df8293a5c116c.r2.dev\/2024\/12\/Privacy-Policy.webp\",\"datePublished\":\"2024-02-24T07:46:55+00:00\",\"dateModified\":\"2024-12-18T10:36:41+00:00\",\"description\":\"Safeguard your privacy with LynnHan smart display manufacturer's policy. We're committed to protecting your information with care.\",\"breadcrumb\":{\"@id\":\"https:\/\/lynnhan.com\/en\/privacy-policy\/#breadcrumb\"},\"inLanguage\":\"az\",\"potentialAction\":[{\"@type\":\"ReadAction\",\"target\":[\"https:\/\/lynnhan.com\/en\/privacy-policy\/\"]}]},{\"@type\":\"ImageObject\",\"inLanguage\":\"az\",\"@id\":\"https:\/\/lynnhan.com\/en\/privacy-policy\/#primaryimage\",\"url\":\"https:\/\/pub-78925c7bf9ca4c6d820df8293a5c116c.r2.dev\/2024\/12\/Privacy-Policy.webp\",\"contentUrl\":\"https:\/\/pub-78925c7bf9ca4c6d820df8293a5c116c.r2.dev\/2024\/12\/Privacy-Policy.webp\"},{\"@type\":\"BreadcrumbList\",\"@id\":\"https:\/\/lynnhan.com\/en\/privacy-policy\/#breadcrumb\",\"itemListElement\":[{\"@type\":\"ListItem\",\"position\":1,\"name\":\"Home\",\"item\":\"https:\/\/lynnhan.com\/\"},{\"@type\":\"ListItem\",\"position\":2,\"name\":\"Privacy Policy\"}]},{\"@type\":\"WebSite\",\"@id\":\"https:\/\/lynnhan.com\/km\/#website\",\"url\":\"https:\/\/lynnhan.com\/km\/\",\"name\":\"Lynnhan - Trusted Supplier | LED\/OLED\/LCD\/E-paper digital signages\",\"description\":\"Lynnhan - Trusted Supplier |  LED\/OLED\/LCD\/E-paper digital signages\",\"publisher\":{\"@id\":\"https:\/\/lynnhan.com\/km\/#organization\"},\"potentialAction\":[{\"@type\":\"SearchAction\",\"target\":{\"@type\":\"EntryPoint\",\"urlTemplate\":\"https:\/\/lynnhan.com\/km\/?s={search_term_string}\"},\"query-input\":{\"@type\":\"PropertyValueSpecification\",\"valueRequired\":true,\"valueName\":\"search_term_string\"}}],\"inLanguage\":\"az\"},{\"@type\":\"Organization\",\"@id\":\"https:\/\/lynnhan.com\/km\/#organization\",\"name\":\"Lynnhan - Trusted Supplier | LED\/OLED\/LCD\/E-paper digital signages\",\"url\":\"https:\/\/lynnhan.com\/km\/\",\"logo\":{\"@type\":\"ImageObject\",\"inLanguage\":\"az\",\"@id\":\"https:\/\/lynnhan.com\/km\/#\/schema\/logo\/image\/\",\"url\":\"https:\/\/pub-78925c7bf9ca4c6d820df8293a5c116c.r2.dev\/2024\/07\/LynnHan-logo3.png\",\"contentUrl\":\"https:\/\/pub-78925c7bf9ca4c6d820df8293a5c116c.r2.dev\/2024\/07\/LynnHan-logo3.png\",\"width\":390,\"height\":130,\"caption\":\"Lynnhan - Trusted Supplier | LED\/OLED\/LCD\/E-paper digital signages\"},\"image\":{\"@id\":\"https:\/\/lynnhan.com\/km\/#\/schema\/logo\/image\/\"}}]}<\/script>\n<!-- \/ Yoast SEO plugin. -->","yoast_head_json":{"title":"T\u0259hl\u00fck\u0259sizliyinizni qoruyun | Lynnhan Smart Display \u0130stehsal\u00e7\u0131s\u0131","description":"LinnHan \u00e7apav display istehsal\u00e7\u0131s\u0131n\u0131n siyas\u0259ti il\u0259 \u015f\u0259xsiyy\u0259tinizi qoruyun. Biz sizi olan m\u0259lumatlar\u0131 qorumaq \u00fc\u00e7\u00fcn q\u0259dim\u0259tliy\u0259 sahibik.","robots":{"index":"index","follow":"follow","max-snippet":"max-snippet:-1","max-image-preview":"max-image-preview:large","max-video-preview":"max-video-preview:-1"},"canonical":"https:\/\/lynnhan.com\/az\/gizlilik-siyas\u0259ti\/","og_locale":"az_AZ","og_type":"article","og_title":"Safeguard your privacy | Lynnhan Smart Display Manufacturer","og_description":"Safeguard your privacy with LynnHan smart display manufacturer's policy. We're committed to protecting your information with care.","og_url":"https:\/\/lynnhan.com\/az\/gizlilik-siyas\u0259ti\/","og_site_name":"Lynnhan - Trusted Supplier | LED\/OLED\/LCD\/E-paper digital signages","article_modified_time":"2024-12-18T10:36:41+00:00","og_image":[{"url":"https:\/\/pub-78925c7bf9ca4c6d820df8293a5c116c.r2.dev\/2024\/12\/Privacy-Policy.webp","type":"","width":"","height":""}],"twitter_card":"summary_large_image","twitter_misc":{"Est. reading time":"3 minutes"},"schema":{"@context":"https:\/\/schema.org","@graph":[{"@type":"WebPage","@id":"https:\/\/lynnhan.com\/en\/privacy-policy\/","url":"https:\/\/lynnhan.com\/en\/privacy-policy\/","name":"T\u0259hl\u00fck\u0259sizliyinizni qoruyun | Lynnhan Smart Display \u0130stehsal\u00e7\u0131s\u0131","isPartOf":{"@id":"https:\/\/lynnhan.com\/km\/#website"},"primaryImageOfPage":{"@id":"https:\/\/lynnhan.com\/en\/privacy-policy\/#primaryimage"},"image":{"@id":"https:\/\/lynnhan.com\/en\/privacy-policy\/#primaryimage"},"thumbnailUrl":"https:\/\/pub-78925c7bf9ca4c6d820df8293a5c116c.r2.dev\/2024\/12\/Privacy-Policy.webp","datePublished":"2024-02-24T07:46:55+00:00","dateModified":"2024-12-18T10:36:41+00:00","description":"LinnHan \u00e7apav display istehsal\u00e7\u0131s\u0131n\u0131n siyas\u0259ti il\u0259 \u015f\u0259xsiyy\u0259tinizi qoruyun. Biz sizi olan m\u0259lumatlar\u0131 qorumaq \u00fc\u00e7\u00fcn q\u0259dim\u0259tliy\u0259 sahibik.","breadcrumb":{"@id":"https:\/\/lynnhan.com\/en\/privacy-policy\/#breadcrumb"},"inLanguage":"az","potentialAction":[{"@type":"ReadAction","target":["https:\/\/lynnhan.com\/en\/privacy-policy\/"]}]},{"@type":"ImageObject","inLanguage":"az","@id":"https:\/\/lynnhan.com\/en\/privacy-policy\/#primaryimage","url":"https:\/\/pub-78925c7bf9ca4c6d820df8293a5c116c.r2.dev\/2024\/12\/Privacy-Policy.webp","contentUrl":"https:\/\/pub-78925c7bf9ca4c6d820df8293a5c116c.r2.dev\/2024\/12\/Privacy-Policy.webp"},{"@type":"BreadcrumbList","@id":"https:\/\/lynnhan.com\/en\/privacy-policy\/#breadcrumb","itemListElement":[{"@type":"ListItem","position":1,"name":"Home","item":"https:\/\/lynnhan.com\/"},{"@type":"ListItem","position":2,"name":"Privacy Policy"}]},{"@type":"WebSite","@id":"https:\/\/lynnhan.com\/km\/#website","url":"https:\/\/lynnhan.com\/km\/","name":"Lynnhan - T\u0259hl\u00fck\u0259siz T\u0259chizat\u00e7\u0131 | LED\/OLED\/LCD\/E-paper digital l\u00f6vh\u0259l\u0259r","description":"Lynnhan - T\u0259sdiql\u0259nmi\u015f T\u0259chizat\u00e7\u0131 |  LED\/OLED\/LCD\/E-paper digital l\u00f6vh\u0259l\u0259r","publisher":{"@id":"https:\/\/lynnhan.com\/km\/#organization"},"potentialAction":[{"@type":"SearchAction","target":{"@type":"EntryPoint","urlTemplate":"https:\/\/lynnhan.com\/km\/?s={search_term_string}"},"query-input":{"@type":"PropertyValueSpecification","valueRequired":true,"valueName":"search_term_string"}}],"inLanguage":"az"},{"@type":"Organization","@id":"https:\/\/lynnhan.com\/km\/#organization","name":"Lynnhan - T\u0259hl\u00fck\u0259siz T\u0259chizat\u00e7\u0131 | LED\/OLED\/LCD\/E-paper digital l\u00f6vh\u0259l\u0259r","url":"https:\/\/lynnhan.com\/km\/","logo":{"@type":"ImageObject","inLanguage":"az","@id":"https:\/\/lynnhan.com\/km\/#\/schema\/logo\/image\/","url":"https:\/\/pub-78925c7bf9ca4c6d820df8293a5c116c.r2.dev\/2024\/07\/LynnHan-logo3.png","contentUrl":"https:\/\/pub-78925c7bf9ca4c6d820df8293a5c116c.r2.dev\/2024\/07\/LynnHan-logo3.png","width":390,"height":130,"caption":"Lynnhan - Trusted Supplier | LED\/OLED\/LCD\/E-paper digital signages"},"image":{"@id":"https:\/\/lynnhan.com\/km\/#\/schema\/logo\/image\/"}}]}},"jetpack_sharing_enabled":true,"_links":{"self":[{"href":"https:\/\/lynnhan.com\/az\/wp-json\/wp\/v2\/pages\/3","targetHints":{"allow":["GET"]}}],"collection":[{"href":"https:\/\/lynnhan.com\/az\/wp-json\/wp\/v2\/pages"}],"about":[{"href":"https:\/\/lynnhan.com\/az\/wp-json\/wp\/v2\/types\/page"}],"author":[{"embeddable":true,"href":"https:\/\/lynnhan.com\/az\/wp-json\/wp\/v2\/users\/1"}],"replies":[{"embeddable":true,"href":"https:\/\/lynnhan.com\/az\/wp-json\/wp\/v2\/comments?post=3"}],"version-history":[{"count":0,"href":"https:\/\/lynnhan.com\/az\/wp-json\/wp\/v2\/pages\/3\/revisions"}],"wp:attachment":[{"href":"https:\/\/lynnhan.com\/az\/wp-json\/wp\/v2\/media?parent=3"}],"curies":[{"name":"wp","href":"https:\/\/api.w.org\/{rel}","templated":true}]}}